{"id":11181,"date":"2024-04-11T19:47:34","date_gmt":"2024-04-11T18:47:34","guid":{"rendered":"https:\/\/canaryvip.com\/?post_type=product&#038;p=11181"},"modified":"2026-03-06T15:02:30","modified_gmt":"2026-03-06T15:02:30","slug":"la-gomera-jeep-safari-from-tenerife","status":"publish","type":"product","link":"https:\/\/canaryvip.com\/et\/shop\/la-gomera-jeep-safari-from-tenerife\/","title":{"rendered":"La Gomera d\u017eiibisafari Tenerifelt"},"content":{"rendered":"<h2>Alustage <strong>La Gomera d\u017eiibisafari Tenerifelt<\/strong><\/h2>\n<p>Liitu meiega p\u00f5neval <strong>D\u017eiibisafari La Gomera saarele,<\/strong> ainulaadne p\u00e4rl Kanaari saarte seas. Kogege meie v\u00e4ikeste r\u00fchmade ekskursioonide intiimset keskkonda, mis on ideaalsed peredele v\u00f5i s\u00f5pradele ja mahutavad kuni 8 reisijat \u00fche d\u017eiibi kohta.<\/p>\n<p>Sukeldu lummavasse maailma, kui reisid \u00fcle Atlandi ookeani Tenerifelt San Sebasti\u00e1n de La Gomera kaldale. Meie mugavad parvlaevad transpordivad teid sujuvalt, valmistades teid ette seikluseks, mis \u00fchendab endas looduse ilu ja kultuurip\u00e4randi.<\/p>\n<p><strong>\u26a0\ufe0f <span style=\"text-decoration: underline;\">OLULINE TEADE:<\/span><\/strong> Palume meeles pidada, et ekskursioonip\u00e4eval on kaasas kehtiv pass. Ilma kehtiva passita ei lubata teid La Gomera praamile ja raha ei ole v\u00f5imalik tagasi saada. Veenduge, et teie pass on valmis, et nautida meeldej\u00e4\u00e4vat reisi, mis on t\u00e4is La Gomera looduse ilu.<\/p>\n<h3><strong>La Gomera tuuri tipphetked:<\/strong><\/h3>\n<ul>\n<li>\ud83c\udf3f <strong>Garajonay rahvuspark:<\/strong> Avastage selle UNESCO maailmap\u00e4randi nimekirja kuuluva ala iidseid loorberimetsasid ja lopsakat rohelust. See on looduses\u00f5prade pelgupaik ja bioloogilise mitmekesisuse vaatem\u00e4ng.<\/li>\n<li>\ud83c\udfde\ufe0f <strong>Hermigua:<\/strong> Tuntud oma roheliste palmimetsade ja Kanaari saarte guarapo-mahla tootmise poolest. Avastage, miks Hermigua on kuulus oma k\u00f5rge elukvaliteedi ja maalilise ilu poolest.<\/li>\n<li>\ud83c\udf74 <strong>Autentne kohalik k\u00f6\u00f6k:<\/strong> Nautige traditsioonilisi Kanaari saarte roogasid kohalikus restoranis, kus saate nautida maitseid, mis teevad La Gomera k\u00f6\u00f6gi unustamatuks.<\/li>\n<li>\ud83c\udf0a <strong>San Sebasti\u00e1n de La Gomera:<\/strong> Jalutage saare pealinna v\u00e4rvilistel t\u00e4navatel, imetlege selle arhitektuurilist ilu ja nautige vaba aega omaette avastamiseks.<\/li>\n<li>\ud83c\udf04 <strong>Agulo:<\/strong> S\u00f5itke l\u00e4bi selle v\u00f5luva k\u00fcla, mis on tuntud oma kitsaste munakivisillutisega t\u00e4navate ja hingematvate vaadete poolest Atlandi ookeanile.<\/li>\n<li>\ud83c\udfd6\ufe0f <strong>Laguna Grande:<\/strong> M\u00e4rkimisv\u00e4\u00e4rne ja rahulik koht, mis sobib ideaalselt m\u00f5tiskluseks Garajonays. Selle ainulaadne keskkond muudab selle meie ekskursiooni oluliseks peatuspaigaks.<\/li>\n<\/ul>\n<h3><strong>Mida meie La Gomera d\u017eiibisafari sisaldab:<\/strong><\/h3>\n<ul>\n<li>\ud83d\ude90 <strong>Edasi-tagasi transport:<\/strong> Pakume mugavat pealev\u00f5tmis- ja mahapanekuteenust teie majutusasutusest v\u00f5i l\u00e4hedalasuvast asukohast kas Puerto de la Cruz'is v\u00f5i Playa de las Am\u00e9ricas'is.<\/li>\n<li>\u26f4\ufe0f <strong>Praamitransfeerid:<\/strong> Nautige sujuvat praamis\u00f5itu La Gomera saarele ja sealt tagasi, tagades mugava reisi \u00fcle Atlandi ookeani.<\/li>\n<li>\ud83c\udf7d\ufe0f <strong>L\u00f5unas\u00f6\u00f6k ja kohalikud degusteerimised:<\/strong> Kaasa on v\u00f5etud suurep\u00e4rane s\u00f6\u00f6k, mis annab teile aimu kohalikest kulinaarsetest v\u00f5tetest.<\/li>\n<li>\ud83d\udde3\ufe0f <strong>Mitme keele tugi:<\/strong> Meie ekskursioonid on saadaval mitmes keeles, sealhulgas hispaania, inglise, saksa, prantsuse, itaalia, hollandi ja poola keeles, et rahuldada meie erinevaid k\u00fclalisi.<\/li>\n<\/ul>\n<h3><b>Broneerimispoliitika ja paindlikkus<\/b><\/h3>\n<p><span style=\"font-weight: 400;\">\ud83d\udd01 <\/span><b>Tasuta t\u00fchistamine kuni 48 tundi:<\/b><span style=\"font-weight: 400;\"> Plaanid v\u00f5ivad muutuda. Te v\u00f5ite t\u00fchistada v\u00f5i muuta oma broneeringut kuni <\/span><b>48 tundi enne tegevust<\/b><span style=\"font-weight: 400;\"> ja saate t\u00e4ieliku tagasimakse.<\/span><\/p>\n<p><span style=\"font-weight: 400;\">\ud83d\udeab <\/span><b>Mitteilmumise poliitika:<\/b><span style=\"font-weight: 400;\"> Kui te ei osale \u00fcritusel v\u00f5i saabute liiga hilja, loetakse broneeringut kui <\/span><b>ei ilmu ja seda ei tagastata.<\/b><span style=\"font-weight: 400;\">.<\/span><\/p>\n<p><span style=\"font-weight: 400;\">\ud83c\udf0a <\/span><b>Ilmaolud:<\/b><span style=\"font-weight: 400;\"> Kui ekskursioon ei saa toimuda ebaturvaliste ilmastikuolude t\u00f5ttu, on teil v\u00f5imalik <\/span><b>muuta ajakava m\u00f5neks teiseks p\u00e4evaks v\u00f5i saada t\u00e4ielik h\u00fcvitis.<\/b><span style=\"font-weight: 400;\">.<\/span><\/p>\n<h4><strong>Broneerige oma d\u017eiibisafari seiklus La Gomeral juba t\u00e4na!<\/strong><\/h4>\n<p>\u00c4rge j\u00e4tke kasutamata seda eksklusiivset v\u00f5imalust tutvuda uimastavate maastike ja kultuurilise rikkusega <a href=\"https:\/\/www.google.com\/maps\/place\/La+Gomera\/@28.1188754,-17.3060924,12z\/data=!3m1!4b1!4m6!3m5!1s0xc6ae33697cbc54d:0x59c58fe23f47d04e!8m2!3d28.1033035!4d-17.2193578!16zL20vMDFnNG1q?entry=ttu\" target=\"_blank\" rel=\"noopener\">La Gomera<\/a> koos <a href=\"https:\/\/canaryvip.com\/et\/\">CanaryVIP.<\/a><\/p>\n<p>Garajonay maagilistest metsadest kuni Agulo omap\u00e4raste t\u00e4navateni ja kaugemale, alustage avastuste ja seiklustega t\u00e4idetud teekonda. Broneerige oma koht kohe ja kogege La Gomera parimaid k\u00fclgi!<\/p>","protected":false},"excerpt":{"rendered":"<p>\ud83d\udd0d <strong>Tuuri tipphetked:<\/strong><br \/>\n\u2705 Turvaline makse.<br \/>\n\ud83c\uddee\ud83c\udde8 Tutvu La Gomera saarega.<br \/>\n\ud83c\udf33 K\u00fclastage Garajonay parki.<br \/>\n\ud83d\udde3\ufe0f Otse\u00fclekanne vilistades.<br \/>\n\ud83c\udf7d\ufe0f Kanaari l\u00f5unas\u00f6\u00f6k hinna sees.<br \/>\n\ud83d\udcc5 Esmasp\u00e4evast laup\u00e4evani.<br \/>\n\u23f0 Kestus Umbes 9h.<br \/>\n\ud83d\ude8c Hotelli pealev\u00f5tmine ja mahapanek.<br \/>\n\ud83d\udd04 48hr tasuta t\u00fchistamine.<br \/>\n\ud83c\udf0d Juhend teie keeles.<br \/>\n\ud83e\udd11 Parim hind garanteeritud.<br \/>\n\ud83c\udf1f Broneeri kohe ja s\u00e4\u00e4sta!<\/p>","protected":false},"featured_media":11183,"comment_status":"open","ping_status":"closed","template":"","meta":{"_acf_changed":false},"product_brand":[],"product_cat":[67],"product_tag":[],"class_list":{"0":"post-11181","1":"product","2":"type-product","3":"status-publish","4":"has-post-thumbnail","6":"product_cat-jeep-tours","7":"wcpa_has_options","9":"first","10":"instock","11":"virtual","12":"purchasable","13":"product-type-simple"},"acf":[],"wcpa_form_fields":{"wcpaData":{"product":{"product_price":145,"price_html":"From&nbsp;<span class=\"woocommerce-Price-amount amount\"><bdi>145,00&nbsp;<span class=\"woocommerce-Price-currencySymbol\">&euro;<\/span><\/bdi><\/span>","original_product_price":145,"price_including_tax":145,"price_excluding_tax":145,"product_id":{"parent":11181,"variation":false},"is_variable":false,"stock_status":"instock","stock_quantity":null,"parent_sku":"CV11181","product_attributes":[],"custom_fields":[],"is_taxable":false,"product_name":"La Gomera Jeep Safari from Tenerife","hasImage":false},"fields":{"sec_36619078bba64e":{"extra":{"key":"sec_36619078bba64e","section_id":"sec_36619078bba64e","name":"Tickets","status":1,"cl_rule":"show","enableCl":false,"relations":[{"operator":false,"rules":[{"operator":"AND","rules":{"cl_field":"radio-group_665df45fcbc30b","cl_relation":"is","cl_val":"Siam Park Regular Tickets"}}]}],"toggle":true,"title_tag":"h4","show_title":false,"showPrice":"default","form_id":11188,"form_rules":{"exclude_from_discount":true,"fee_label":"Fee","disp_hide_options_price":true,"disp_show_section_price":false,"disp_show_field_price":true,"layout_option":"standard","pric_use_as_fee":false,"process_fee_as":"woo_fee"},"layout_option":"standard"},"fields":[[{"active":true,"col":6,"relations":false,"cl_rule":"show","enableCl":false,"price":"","enablePrice":false,"className":"","label_position":"default","desc_position":"default","type":"select","required":true,"elementId":"select_06619078bba6b6","label":"\ud83c\udf0e Language","name":"select_06619078bba6b6","values":[{"label":"English","value":"English","selected":false,"tempId":"aco_1213","gt_translate_keys":["label"]},{"label":"Dutch","value":"Dutch","selected":false,"tempId":"aco_693","gt_translate_keys":["label"]},{"label":"German","value":"German","selected":false,"tempId":"aco_1567","gt_translate_keys":["label"]},{"label":"French","value":"French","selected":false,"tempId":"aco_1215","gt_translate_keys":["label"]},{"label":"Polish","value":"Polish","selected":false,"tempId":"aco_1212","gt_translate_keys":["label"]},{"label":"Italian","value":"Italian","selected":false,"tempId":"aco_611","gt_translate_keys":["label"]},{"label":"Spanish","value":"Spanish","selected":false,"tempId":"aco_1214","gt_translate_keys":["label"]}],"dropdown_type":"basic","error":false,"placeholder":"None","gt_translate_keys":["label","placeholder"],"price_dependency":false,"cl_dependency":["date_86619078bba66f","date_86619078bba66f","date_86619078bba66f","date-8573541398","date-8573541398","date-0948401647","date-1264231762"],"value":""}],[{"label":"\ud83d\udcc5 Date","active":true,"required":true,"elementId":"date_86619078bba66f","picker_type":"custom","picker_mode":"single","placeholder":"","description":"","tooltip":"","name":"date_86619078bba66f","label_position":"default","desc_position":"default","enablePrice":false,"className":"","enableCl":true,"relations":[{"operator":"and","rules":[{"operator":"or","rules":{"cl_field":"select_06619078bba6b6","cl_relation":"is","cl_val":"Dutch"}},{"operator":"or","rules":{"cl_field":"select_06619078bba6b6","cl_relation":"is","cl_val":"German"}},{"operator":"AND","rules":{"cl_field":"select_06619078bba6b6","cl_relation":"is","cl_val":"French"}}]}],"date_pic_inline":true,"date_pic_inline_hide":true,"min_date":{"type":"days","val":"3"},"max_date":{"type":"days","val":"365"},"date_pic_conf":{"disabledWeeks":[0,6]},"price":"","cl_rule":"show","col":6,"type":"date","error":false,"enableDesign":false,"LabelColor":"","isWeightTemplate":false,"isTemplate":false,"min_quantity":"1","quantity_decimal":false,"quantity_step":"1","quantity_label":"Quantity","repeater_field_label":"{field_label}","repeater_bind":"","gt_translate_keys":["label","placeholder","description","tooltip","repeater_field_label","quantity_label"],"price_dependency":false,"cl_dependency":false,"value":""}],[{"label":"\ud83d\udcc5 Date","active":true,"required":true,"elementId":"date-8573541398","picker_type":"custom","picker_mode":"single","placeholder":"","description":"","tooltip":"","name":"date-8573541398","label_position":"default","desc_position":"default","enablePrice":false,"className":"","enableCl":true,"relations":[{"operator":"and","rules":[{"operator":"or","rules":{"cl_field":"select_06619078bba6b6","cl_relation":"is","cl_val":"English"}},{"operator":false,"rules":{"cl_field":"select_06619078bba6b6","cl_relation":"is","cl_val":"Spanish"}}]}],"enableDesign":false,"LabelColor":"","date_pic_inline":true,"date_pic_inline_hide":true,"min_date":{"type":"days","val":"3"},"max_date":{"type":"days","val":"365"},"date_pic_conf":{"disabledWeeks":[0,2,3,6,4]},"price":"","cl_rule":"show","col":6,"type":"date","error":false,"isWeightTemplate":false,"isTemplate":false,"min_quantity":"1","quantity_decimal":false,"quantity_step":"1","quantity_label":"Quantity","repeater_field_label":"{field_label}","repeater_bind":"","gt_translate_keys":["label","placeholder","description","tooltip","repeater_field_label","quantity_label"],"price_dependency":false,"cl_dependency":false,"value":""}],[{"label":"\ud83d\udcc5 Date","active":true,"required":true,"elementId":"date-0948401647","picker_type":"custom","picker_mode":"single","placeholder":"","description":"","tooltip":"","name":"date-0948401647","label_position":"default","desc_position":"default","enablePrice":false,"className":"","enableCl":true,"relations":[{"operator":"and","rules":[{"operator":false,"rules":{"cl_field":"select_06619078bba6b6","cl_relation":"is","cl_val":"Polish"}}]}],"enableDesign":false,"LabelColor":"","date_pic_inline":true,"date_pic_inline_hide":true,"min_date":{"type":"days","val":"3"},"max_date":{"type":"days","val":"365"},"date_pic_conf":{"disabledWeeks":[0,2,4,5]},"price":"","cl_rule":"show","col":6,"type":"date","error":false,"isWeightTemplate":false,"isTemplate":false,"min_quantity":"1","quantity_decimal":false,"quantity_step":"1","quantity_label":"Quantity","repeater_field_label":"{field_label}","repeater_bind":"","gt_translate_keys":["label","placeholder","description","tooltip","repeater_field_label","quantity_label"],"price_dependency":false,"cl_dependency":false,"value":""}],[{"label":"\ud83d\udcc5 Date","active":true,"required":true,"elementId":"date-1264231762","picker_type":"custom","picker_mode":"single","placeholder":"","description":"","tooltip":"","name":"date-1264231762","label_position":"default","desc_position":"default","enablePrice":false,"className":"","enableCl":true,"relations":[{"operator":"and","rules":[{"operator":false,"rules":{"cl_field":"select_06619078bba6b6","cl_relation":"is","cl_val":"Italian"}}]}],"enableDesign":false,"LabelColor":"","date_pic_inline":true,"date_pic_inline_hide":true,"min_date":{"type":"days","val":"3"},"max_date":{"type":"days","val":"365"},"date_pic_conf":{"disabledWeeks":[0,1,2,3,5,6]},"price":"","cl_rule":"show","col":6,"type":"date","error":false,"isWeightTemplate":false,"isTemplate":false,"min_quantity":"1","quantity_decimal":false,"quantity_step":"1","quantity_label":"Quantity","repeater_field_label":"{field_label}","repeater_bind":"","gt_translate_keys":["label","placeholder","description","tooltip","repeater_field_label","quantity_label"],"price_dependency":false,"cl_dependency":false,"value":""}],[{"elementId":"separator_76619078bba67e","separatorType":"blank","className":"","height":"10","enableCl":false,"relations":false,"cl_rule":"show","col":6,"type":"separator","gt_translate_keys":[],"price_dependency":false,"cl_dependency":false,"value":""}],[{"active":true,"col":6,"relations":false,"cl_rule":"show","enableCl":false,"price":"","enablePrice":false,"className":"","label_position":"default","desc_position":"default","type":"content","required":false,"elementId":"content_106619078bba68a","label":"People","name":"content_106619078bba68a","contentType":"plain","value":"","error":false,"show_in_checkout":true,"inline":false,"gt_translate_keys":["label","value"],"price_dependency":false,"cl_dependency":false}],[{"active":true,"col":6,"relations":[{"operator":false,"rules":[{"operator":"AND","rules":{"cl_field":"","cl_relation":"","cl_val":""}}]}],"cl_rule":"show","enableCl":true,"price":"145","enablePrice":true,"className":"","label_position":"default","desc_position":"default","type":"radio-group","required":false,"elementId":"radio-group_96619078bba696","label":"","name":"radio-group_96619078bba696","values":[{"label":"\ud83d\udc64 Adult (145\u20ac)","value":"Adult","selected":true,"tempId":"aco_32","tooltip":"+12 Years","description":"","gt_translate_keys":["label","tooltip","description"]}],"layOut":"","error":false,"checkUi":"button","priceOptions":"fixed_for_all","pricingType":"fixed","enable_quantity":true,"quantity_label":"","min_quantity":"0","options_tooltip":true,"options_description":true,"gt_translate_keys":["label","quantity_label"],"price_dependency":false,"cl_dependency":false,"value":""}],[{"label":"","active":true,"required":false,"elementId":"radio-group_56619078bba6a2","name":"radio-group_56619078bba6a2","label_position":"default","desc_position":"default","enablePrice":true,"className":"","enableCl":false,"relations":false,"enable_quantity":true,"quantity_label":"","min_quantity":"0","checkUi":"button","layOut":"","values":[{"label":"\ud83d\udc66 Child (118\u20ac)","value":"Child","selected":true,"tempId":"aco_32","tooltip":"3-11 Years","description":"","gt_translate_keys":["label","tooltip","description"]}],"priceOptions":"fixed_for_all","pricingType":"fixed","price":"118","cl_rule":"show","col":6,"type":"radio-group","error":false,"options_tooltip":true,"options_description":true,"gt_translate_keys":["label","quantity_label"],"price_dependency":false,"cl_dependency":false,"value":""}],[{"label":"","active":true,"required":false,"elementId":"radio-group_96619078bba6ad","name":"radio-group_96619078bba6ad","label_position":"default","desc_position":"default","enablePrice":true,"className":"","enableCl":false,"relations":false,"enable_quantity":true,"quantity_label":"","min_quantity":"0","checkUi":"button","layOut":"","options_tooltip":true,"options_description":true,"values":[{"label":"\ud83d\udc76 Toddler (6,25\u20ac)","value":"Toddler","selected":true,"tempId":"aco_32","tooltip":"0-2 Years","description":"","gt_translate_keys":["label","tooltip","description"]}],"priceOptions":"fixed_for_all","pricingType":"fixed","price":"6,25","cl_rule":"show","col":6,"type":"radio-group","error":false,"gt_translate_keys":["label","quantity_label"],"price_dependency":false,"cl_dependency":false,"value":""}],[{"active":true,"col":6,"relations":false,"cl_rule":"show","enableCl":false,"price":"","enablePrice":false,"className":"","label_position":"default","desc_position":"default","type":"separator","required":false,"elementId":"separator_86619078bba6c1","label":"Separator Field","height":"7","separatorType":"blank","error":false,"gt_translate_keys":["label"],"price_dependency":false,"cl_dependency":false,"value":""}],[{"active":true,"col":6,"relations":false,"cl_rule":"show","enableCl":false,"price":"","enablePrice":false,"className":"","label_position":"default","desc_position":"default","type":"text","subtype":"text","required":true,"elementId":"text_76619078bba6ca","label":"\ud83d\ude8c Pickup Location","name":"text_76619078bba6ca","value":"","description":"Free pick-up service in Tenerife South. Simply provide your address or hotel name.","error":false,"isWeightTemplate":false,"isTemplate":false,"min_quantity":"1","quantity_decimal":false,"quantity_step":"1","quantity_label":"Quantity","repeater_field_label":"{field_label}","repeater_bind":"","gt_translate_keys":["label","description","value","repeater_field_label","quantity_label"],"price_dependency":false,"cl_dependency":false}]]}},"config":{"price_override":"always","enable_recaptcha":false,"bind_quantity":false,"quantity_bind_formula":false,"disp_summ_show_option_price":true,"disp_summ_show_product_price":false,"disp_summ_show_total_price":true,"disp_summ_show_fee":true,"disp_summ_show_discount":true,"summary_title":"","options_total_label":"Options Price","total_label":"Total Amount","options_product_label":"Product Price","fee_label":"Fee","discount_label":"Discount","has_price":true,"has_quantity_formula":false},"mc_unit":1,"tax_rate":1,"tax_rate_real":1,"discount":{"percentage":0,"fixed":0},"design":{"conf":{"LabelPosition":"above","DescPosition":"above","UploadField":"custom_1","QuantityFieldStyle":"custom_1"},"css":{"LeftLabelWidth":"120px"}},"formulas":[],"lookuptables":[],"clones":false,"cartKey":false}},"_links":{"self":[{"href":"https:\/\/canaryvip.com\/et\/wp-json\/wp\/v2\/product\/11181","targetHints":{"allow":["GET"]}}],"collection":[{"href":"https:\/\/canaryvip.com\/et\/wp-json\/wp\/v2\/product"}],"about":[{"href":"https:\/\/canaryvip.com\/et\/wp-json\/wp\/v2\/types\/product"}],"replies":[{"embeddable":true,"href":"https:\/\/canaryvip.com\/et\/wp-json\/wp\/v2\/comments?post=11181"}],"wp:featuredmedia":[{"embeddable":true,"href":"https:\/\/canaryvip.com\/et\/wp-json\/wp\/v2\/media\/11183"}],"wp:attachment":[{"href":"https:\/\/canaryvip.com\/et\/wp-json\/wp\/v2\/media?parent=11181"}],"wp:term":[{"taxonomy":"product_brand","embeddable":true,"href":"https:\/\/canaryvip.com\/et\/wp-json\/wp\/v2\/product_brand?post=11181"},{"taxonomy":"product_cat","embeddable":true,"href":"https:\/\/canaryvip.com\/et\/wp-json\/wp\/v2\/product_cat?post=11181"},{"taxonomy":"product_tag","embeddable":true,"href":"https:\/\/canaryvip.com\/et\/wp-json\/wp\/v2\/product_tag?post=11181"}],"curies":[{"name":"wp","href":"https:\/\/api.w.org\/{rel}","templated":true}]}}