{"id":11043,"date":"2024-04-11T00:15:30","date_gmt":"2024-04-10T23:15:30","guid":{"rendered":"https:\/\/canaryvip.com\/?post_type=product&#038;p=11043"},"modified":"2025-08-09T12:45:04","modified_gmt":"2025-08-09T11:45:04","slug":"jeep-teide-masca-guided-tour","status":"publish","type":"product","link":"https:\/\/canaryvip.com\/et\/shop\/jeep-teide-masca-guided-tour\/","title":{"rendered":"Teide &amp; Masca Jeep Safari Tenerifel"},"content":{"rendered":"<h2>\ud83c\udf1f Avasta <strong>Teide ja Masca koos meie Jeepi giidiga ekskursiooniga<\/strong> \ud83d\ude99<\/h2>\n<p>Alustage koos CanaryVIP-ga paeluvale reisile, sest meie Teide ja Masca Jeepi giidiga eksklusiivne ekskursioon viib teid Tenerife k\u00f5ige suurep\u00e4rasemate maastike ja omap\u00e4rasemate k\u00fclade avastamisele. See seiklus sobib ideaalselt peredele, \u00fcksikisikutele v\u00f5i v\u00e4ikestele r\u00fchmadele, sest see tagab intiimse ja unustamatu elamuse kuni 8 inimesele \u00fche d\u017eiibi kohta.<\/p>\n<p>Sukelduge s\u00fcgavamale Tenerife s\u00fcdamesse, kogedes selle uimastavat looduslikku ilu ja rikkalikku kultuurip\u00e4randit meie tugevate, k\u00f5ikjal kasutatavate 4\u00d74 d\u017eiipide mugavusest, mida juhivad meie kogenud ja mitmekeelsed juhid.<\/p>\n<h3><strong>Laiendatud seikluste tipphetked: Teide &amp; Masca<\/strong><\/h3>\n<ul>\n<li>\ud83c\udf0b <strong>Pico Viejo<\/strong>: Kogemused Pico Viejo aukartust\u00e4ratavast ilust. See ikooniline vulkaan on tuntud oma silmatorkava, 800 meetri l\u00e4bim\u00f5\u00f5duga mitmev\u00e4rvilise kraatri poolest, mis pakub v\u00f5rratuid vaateid ja elavat looduse kunstnikut\u00f6\u00f6 v\u00e4ljapanekut.<\/li>\n<li>\ud83c\udfdc\ufe0f <strong>Roques de Garc\u00eda<\/strong>: Imetlege Roques de Garc\u00eda't, mis on k\u00f5rgeid kaljujooniseid, mis paistavad Teide rahvuspargi kohal taevasse. Need eri materjalikihtidest moodustatud omap\u00e4rased struktuurid kuuluvad ekskursiooni k\u00f5ige ainulaadsemate vaatamisv\u00e4\u00e4rsuste hulka.<\/li>\n<li>\ud83c\udf04 <strong>Aripe ja Chirche<\/strong>: Jalutage l\u00e4bi Aripe ja Chirche, 18. ja 19. sajandist p\u00e4rineva algup\u00e4rase arhitektuuriga maaliliste k\u00fclade v\u00f5luvate t\u00e4navate kaudu. Kogege ehedat Tenerife maaelu, mida \u00fcmbritseb loodus ja rahu.<\/li>\n<li>\ud83c\udfde\ufe0f <strong>Teide rahvuspark<\/strong>: Avastage UNESCO maailmap\u00e4randi nimekirja kantud Teide rahvusparki, mis on looduse imedemaa, kus domineerib majesteetlik Teide m\u00e4gi. Selle mitmekesised v\u00e4rvid, metsloomad ja s\u00fcrreaalsed maastikud muudavad pargi meie ekskursiooni keskpunktiks.<\/li>\n<li>\ud83c\udf32 <strong>Vilaflor<\/strong>: K\u00fclastage Vilaflori, mis asub vulkaani tipu l\u00e4hedal m\u00e4ndide vahel. Avastage sellisel k\u00f5rgusel elamise rahulikkus, nautides puhast \u00f5hku ja uimastavaid vaateid rahvuspargile.<\/li>\n<li>\ud83c\udfde\ufe0f <strong>Masca<\/strong>: Olge lummatud Mascas, mis on \u00fcks Tenerife maalilisemaid k\u00fclasid, mis kehastab Kanaari looduslikku arhitektuuri. Meie ekskursioon annab teile vahetu kogemuse sellest v\u00f5luvast paigast.<\/li>\n<\/ul>\n<h3><strong>T\u00e4iustatud tuuri \u00fcksikasjad:<\/strong><\/h3>\n<ul>\n<li>\ud83d\ude99 <strong>S\u00f5idukid ja transport:<\/strong> L\u00e4bige meie neljarattaveoga d\u017eiipidega karmid maastikud, tagades mugava ja p\u00f5neva seikluse. Saarte vahelist reisimist h\u00f5lmavate ekskursioonide puhul on komptransfeerid hinna sees, mis pakuvad sujuvat kogemust.<\/li>\n<li>\ud83d\udc65 <strong>V\u00e4ikegrupi garantii:<\/strong> Nautige personaalsemat seiklust v\u00e4ikestes gruppides, kus \u00fche d\u017eiibi kohta on maksimaalselt 8 s\u00f5itjat, sealhulgas juht, ja mis on osa konvoist.<\/li>\n<li>\ud83d\udd12 <strong>Saadaval on erav\u00f5imalus:<\/strong> Eksklusiivse elamuse saamiseks valige meie VIP- v\u00f5i privaatne ekskursioon, mis v\u00f5imaldab teil valida oma reisikaaslased.<\/li>\n<li>\ud83d\udd01 <strong>Kaasav transport:<\/strong> Pakume mugavat pealev\u00f5tmis- ja mahapanekuteenust teie majutusasutusest v\u00f5i l\u00e4hedalasuvast punktist, muutes teie kogemuse algusest l\u00f5puni muretuteks.<\/li>\n<\/ul>\n<h3><strong>P\u00f5hjalik teave ekskursioonide kohta:<\/strong><\/h3>\n<ul>\n<li>\ud83d\udd58 <strong>Kestus ja ajad:<\/strong> Ekskursioon kestab umbes 7 tundi ja kestab 09:00 kuni 04:00, mis v\u00f5imaldab teil t\u00e4ielikult sisse elada Tenerife ilusse.<\/li>\n<li>\ud83d\uddd3\ufe0f <strong>Vabad p\u00e4evad:<\/strong> Alustage seda seiklust esmasp\u00e4evast laup\u00e4evani, pakkudes paindlikke v\u00f5imalusi, mis sobivad teie ajakavaga.<\/li>\n<li>\ud83c\udf0d <strong>Pakutavad keeled:<\/strong> Meie ekskursioonid toimuvad mitmes keeles, sealhulgas hispaania, inglise, saksa, prantsuse, itaalia, hollandi ja poola keeles, mis on suunatud \u00fclemaailmsele publikule.<\/li>\n<\/ul>\n<h3><strong>Ajakohastatud broneerimis- ja t\u00fchistamispoliitika:<\/strong><\/h3>\n<ul>\n<li>\ud83d\udd04 <strong>Paindlik t\u00fchistamine:<\/strong> Me m\u00f5istame, et plaanid v\u00f5ivad muutuda, mist\u00f5ttu pakume v\u00f5imalust oma ekskursiooni t\u00fchistada v\u00f5i \u00fcmber planeerida kuni 24 tundi ette, et tagada maksimaalne meelerahu.<\/li>\n<li>\u26c5 <strong>Ilmaga seotud garantii:<\/strong> Kui ebasoodsad ilmastikuolud tingivad ekskursiooni t\u00fchistamise, on teil v\u00f5imalus reis \u00fcmber planeerida v\u00f5i saada raha tagasi, mis tagab muretu broneerimiskogemuse.<\/li>\n<li>\ud83d\udce9 <strong>Lihtne kontakt:<\/strong> Mis tahes p\u00e4ringute v\u00f5i kohanduste puhul, lihtsalt <a href=\"https:\/\/canaryvip.com\/et\/contact\/\">v\u00f5tke meiega \u00fchendust<\/a>ja me tagame, et teie vajadused oleksid t\u00e4idetud.<\/li>\n<\/ul>\n<h4><strong>Broneeri oma Tenerife Jeep seiklus n\u00fc\u00fcd!<\/strong><\/h4>\n<p>\u00c4rge j\u00e4tke kasutamata seda v\u00f5rratut v\u00f5imalust uurida Tenerife hiilgust koos CanaryVIP-ga. Alates vulkaanilisest majesteetlikkusest <a href=\"https:\/\/canaryvip.com\/et\/discover-the-teide-the-ultimate-guide-iconic-volcano\/\">Teide rahvuspark<\/a> Masca ajaloolistesse v\u00f5lusidesse ja kaugemale, alustage teekonda, mis on t\u00e4is ilu, seiklusi ja lugusid, mis ootavad avastamist.<\/p>","protected":false},"excerpt":{"rendered":"<p><strong>\ud83d\udd0d Tuuri tipphetked:<\/strong><br \/>\n\u2705 Turvaline makse.<br \/>\n\ud83d\uddfb K\u00fclastage Teide rahvusparki.<br \/>\n\ud83d\udee4\ufe0f K\u00fclastage Masca k\u00fcla.<br \/>\n\u23f0 Kestus Umbes 7h.<br \/>\n\ud83d\udcc5 Esmasp\u00e4evast laup\u00e4evani.<br \/>\n\ud83d\ude8c Hotelli pealev\u00f5tmine ja mahapanek.<br \/>\n\ud83d\udd04 24h tasuta t\u00fchistamine.<br \/>\n\ud83e\udd11 Parim hind garanteeritud.<br \/>\n\ud83c\udf81 Saadaval on grupisoodustused.<br \/>\n\ud83c\udf0d Toetus mitmes keeles.<br \/>\n\ud83c\udf1f Broneeri kohe ja s\u00e4\u00e4sta!<\/p>","protected":false},"featured_media":11145,"comment_status":"open","ping_status":"closed","template":"","meta":{"_acf_changed":false},"product_brand":[],"product_cat":[67],"product_tag":[],"class_list":{"0":"post-11043","1":"product","2":"type-product","3":"status-publish","4":"has-post-thumbnail","6":"product_cat-jeep-tours","7":"wcpa_has_options","9":"first","10":"instock","11":"virtual","12":"purchasable","13":"product-type-simple"},"acf":[],"wcpa_form_fields":{"wcpaData":{"product":{"product_price":66,"price_html":"From&nbsp;<span class=\"woocommerce-Price-amount amount\"><bdi>66,00&nbsp;<span class=\"woocommerce-Price-currencySymbol\">&euro;<\/span><\/bdi><\/span>","original_product_price":66,"price_including_tax":66,"price_excluding_tax":66,"product_id":{"parent":11043,"variation":false},"is_variable":false,"stock_status":"instock","stock_quantity":null,"parent_sku":"CV11043","product_attributes":[],"custom_fields":[],"is_taxable":false,"product_name":"Teide & Masca Jeep Safari Tenerife","hasImage":false},"fields":{"sec_2661916538e0c2":{"extra":{"key":"sec_2661916538e0c2","section_id":"sec_2661916538e0c2","name":"Tickets","status":1,"cl_rule":"show","enableCl":false,"relations":[{"operator":false,"rules":[{"operator":"AND","rules":{"cl_field":"radio-group_665df45fcbc30b","cl_relation":"is","cl_val":"Siam Park Regular Tickets"}}]}],"toggle":true,"title_tag":"h4","show_title":false,"showPrice":"default","form_id":11191,"form_rules":{"exclude_from_discount":true,"fee_label":"Fee","disp_hide_options_price":true,"disp_show_section_price":false,"disp_show_field_price":true,"layout_option":"standard","pric_use_as_fee":false,"process_fee_as":"woo_fee"},"layout_option":"standard"},"fields":[[{"active":true,"col":6,"relations":false,"cl_rule":"show","enableCl":false,"price":"","enablePrice":false,"className":"","label_position":"default","desc_position":"default","type":"select","required":true,"elementId":"select_9661916538e0e4","label":"\ud83c\udf0e Language","name":"select_9661916538e0e4","values":[{"label":"English","value":"English","selected":false,"tempId":"aco_1213","gt_translate_keys":["label"]},{"label":"Dutch","value":"Dutch","selected":false,"tempId":"aco_693","gt_translate_keys":["label"]},{"label":"German","value":"German","selected":false,"tempId":"aco_1567","gt_translate_keys":["label"]},{"label":"French","value":"French","selected":false,"tempId":"aco_1215","gt_translate_keys":["label"]},{"label":"Polish","value":"Polish","selected":false,"tempId":"aco_1212","gt_translate_keys":["label"]},{"label":"Italian","value":"Italian","selected":false,"tempId":"aco_611","gt_translate_keys":["label"]},{"label":"Spanish","value":"Spanish","selected":false,"tempId":"aco_1214","gt_translate_keys":["label"]}],"dropdown_type":"basic","error":false,"placeholder":"Select Language","gt_translate_keys":["label","placeholder"],"price_dependency":false,"cl_dependency":["date_8661916538e0f2","date_8661916538e0f2","date_8661916538e0f2","date_8661916538e0f2","date_6661916538e0fc","date_1661916538e106","date_8661916538e10f","radio-group_10661916538e130","radio-group-3329476112","radio-group_2661916538e13c","radio-group-3332331927","radio-group_6661916538e147"],"value":""}],[{"label":"\ud83d\udcc5 Date","active":true,"required":true,"elementId":"date_8661916538e0f2","picker_type":"custom","picker_mode":"single","placeholder":"","description":"","tooltip":"","name":"date_8661916538e0f2","label_position":"default","desc_position":"default","enablePrice":false,"className":"","enableCl":true,"relations":[{"operator":"and","rules":[{"operator":"or","rules":{"cl_field":"select_9661916538e0e4","cl_relation":"is","cl_val":"Dutch"}},{"operator":"or","rules":{"cl_field":"select_9661916538e0e4","cl_relation":"is","cl_val":"German"}},{"operator":"or","rules":{"cl_field":"select_9661916538e0e4","cl_relation":"is","cl_val":"French"}},{"operator":"AND","rules":{"cl_field":"select_9661916538e0e4","cl_relation":"is","cl_val":"English"}}]}],"date_pic_inline":true,"date_pic_inline_hide":true,"min_date":{"type":"days","val":"4"},"max_date":{"type":"days","val":"80"},"date_pic_conf":{"disabledWeeks":[0],"disabledDates":["2025-04-11"]},"price":"","cl_rule":"show","col":6,"type":"date","error":false,"enableDesign":false,"LabelColor":"","isWeightTemplate":false,"isTemplate":false,"min_quantity":"1","quantity_decimal":false,"quantity_step":"1","quantity_label":"Quantity","repeater_field_label":"{field_label}","repeater_bind":"","gt_translate_keys":["label","placeholder","description","tooltip","repeater_field_label","quantity_label"],"price_dependency":false,"cl_dependency":false,"value":""}],[{"label":"\ud83d\udcc5 Date","active":true,"required":true,"elementId":"date_6661916538e0fc","picker_type":"custom","picker_mode":"single","placeholder":"","description":"","tooltip":"","name":"date_6661916538e0fc","label_position":"default","desc_position":"default","enablePrice":false,"className":"","enableCl":true,"relations":[{"operator":"and","rules":[{"operator":false,"rules":{"cl_field":"select_9661916538e0e4","cl_relation":"is","cl_val":"Spanish"}}]}],"enableDesign":false,"LabelColor":"","date_pic_inline":true,"date_pic_inline_hide":true,"min_date":{"type":"days","val":"4"},"max_date":{"type":"days","val":"365"},"date_pic_conf":{"disabledWeeks":[0,1,3,5,6]},"price":"","cl_rule":"show","col":6,"type":"date","error":false,"isWeightTemplate":false,"isTemplate":false,"min_quantity":"1","quantity_decimal":false,"quantity_step":"1","quantity_label":"Quantity","repeater_field_label":"{field_label}","repeater_bind":"","gt_translate_keys":["label","placeholder","description","tooltip","repeater_field_label","quantity_label"],"price_dependency":false,"cl_dependency":false,"value":""}],[{"label":"\ud83d\udcc5 Date","active":true,"required":true,"elementId":"date_1661916538e106","picker_type":"custom","picker_mode":"single","placeholder":"","description":"","tooltip":"","name":"date_1661916538e106","label_position":"default","desc_position":"default","enablePrice":false,"className":"","enableCl":true,"relations":[{"operator":"and","rules":[{"operator":false,"rules":{"cl_field":"select_9661916538e0e4","cl_relation":"is","cl_val":"Polish"}}]}],"enableDesign":false,"LabelColor":"","date_pic_inline":true,"date_pic_inline_hide":true,"min_date":{"type":"days","val":"4"},"max_date":{"type":"days","val":"365"},"date_pic_conf":{"disabledWeeks":[0,1,3,4,5,6]},"price":"","cl_rule":"show","col":6,"type":"date","error":false,"isWeightTemplate":false,"isTemplate":false,"min_quantity":"1","quantity_decimal":false,"quantity_step":"1","quantity_label":"Quantity","repeater_field_label":"{field_label}","repeater_bind":"","gt_translate_keys":["label","placeholder","description","tooltip","repeater_field_label","quantity_label"],"price_dependency":false,"cl_dependency":false,"value":""}],[{"label":"\ud83d\udcc5 Date","active":true,"required":true,"elementId":"date_8661916538e10f","picker_type":"custom","picker_mode":"single","placeholder":"","description":"","tooltip":"","name":"date_8661916538e10f","label_position":"default","desc_position":"default","enablePrice":false,"className":"","enableCl":true,"relations":[{"operator":"and","rules":[{"operator":false,"rules":{"cl_field":"select_9661916538e0e4","cl_relation":"is","cl_val":"Italian"}}]}],"enableDesign":false,"LabelColor":"","date_pic_inline":true,"date_pic_inline_hide":true,"min_date":{"type":"days","val":"4"},"max_date":{"type":"days","val":"365"},"date_pic_conf":{"disabledWeeks":[0,1,2,5,4]},"price":"","cl_rule":"show","col":6,"type":"date","error":false,"isWeightTemplate":false,"isTemplate":false,"min_quantity":"1","quantity_decimal":false,"quantity_step":"1","quantity_label":"Quantity","repeater_field_label":"{field_label}","repeater_bind":"","gt_translate_keys":["label","placeholder","description","tooltip","repeater_field_label","quantity_label"],"price_dependency":false,"cl_dependency":false,"value":""}],[{"elementId":"separator_7661916538e11a","separatorType":"blank","className":"","height":"10","enableCl":false,"relations":false,"cl_rule":"show","col":6,"type":"separator","gt_translate_keys":[],"price_dependency":false,"cl_dependency":false,"value":""}],[{"active":true,"col":6,"relations":[{"operator":false,"rules":[{"operator":"AND","rules":{"cl_field":"select_9661916538e0e4","cl_relation":"is_not","cl_val":"Polish"}}]}],"cl_rule":"show","enableCl":true,"price":"66","enablePrice":true,"className":"","label_position":"default","desc_position":"default","type":"radio-group","required":false,"elementId":"radio-group_10661916538e130","label":"","name":"radio-group_10661916538e130","values":[{"label":"\ud83d\udc64 Adult (66\u20ac)","value":"Adult","selected":true,"tempId":"aco_32","tooltip":"+12 Years","description":"","gt_translate_keys":["label","tooltip","description"]}],"layOut":"","error":false,"checkUi":"button","priceOptions":"fixed_for_all","pricingType":"fixed","enable_quantity":true,"quantity_label":"","min_quantity":"0","options_tooltip":true,"options_description":true,"gt_translate_keys":["label","quantity_label"],"price_dependency":false,"cl_dependency":false,"value":""}],[{"label":"","active":true,"required":false,"elementId":"radio-group-3329476112","name":"radio-group-3329476112","label_position":"default","desc_position":"default","enablePrice":true,"className":"","enableCl":true,"relations":[{"operator":false,"rules":[{"operator":"AND","rules":{"cl_field":"select_9661916538e0e4","cl_relation":"is","cl_val":"Polish"}}]}],"enable_quantity":true,"quantity_label":"","min_quantity":"0","checkUi":"button","layOut":"","options_tooltip":true,"options_description":true,"values":[{"label":"\ud83d\udc64 Adult (70\u20ac)","value":"Adult","selected":true,"tempId":"aco_32","tooltip":"+12 Years","description":"","gt_translate_keys":["label","tooltip","description"]}],"priceOptions":"fixed_for_all","pricingType":"fixed","price":"70","cl_rule":"show","col":6,"type":"radio-group","error":false,"gt_translate_keys":["label","quantity_label"],"price_dependency":false,"cl_dependency":false,"value":""}],[{"label":"","active":true,"required":false,"elementId":"radio-group_2661916538e13c","name":"radio-group_2661916538e13c","label_position":"default","desc_position":"default","enablePrice":true,"className":"","enableCl":true,"relations":[{"operator":false,"rules":[{"operator":"AND","rules":{"cl_field":"select_9661916538e0e4","cl_relation":"is_not","cl_val":"Polish"}}]}],"enable_quantity":true,"quantity_label":"","min_quantity":"0","checkUi":"button","layOut":"","values":[{"label":"\ud83d\udc66 Child (52\u20ac)","value":"Child","selected":true,"tempId":"aco_32","tooltip":"3-11 Years","description":"","gt_translate_keys":["label","tooltip","description"]}],"priceOptions":"fixed_for_all","pricingType":"fixed","price":"52","cl_rule":"show","col":6,"type":"radio-group","error":false,"options_tooltip":true,"options_description":true,"gt_translate_keys":["label","quantity_label"],"price_dependency":false,"cl_dependency":false,"value":""}],[{"label":"","active":true,"required":false,"elementId":"radio-group-3332331927","name":"radio-group-3332331927","label_position":"default","desc_position":"default","enablePrice":true,"className":"","enableCl":true,"relations":[{"operator":false,"rules":[{"operator":"AND","rules":{"cl_field":"select_9661916538e0e4","cl_relation":"is","cl_val":"Polish"}}]}],"enable_quantity":true,"quantity_label":"","min_quantity":"0","checkUi":"button","layOut":"","options_tooltip":true,"options_description":true,"values":[{"label":"\ud83d\udc66 Child (55\u20ac)","value":"Child","selected":true,"tempId":"aco_32","tooltip":"3-11 Years","description":"","gt_translate_keys":["label","tooltip","description"]}],"priceOptions":"fixed_for_all","pricingType":"fixed","price":"55","cl_rule":"show","col":6,"type":"radio-group","error":false,"gt_translate_keys":["label","quantity_label"],"price_dependency":false,"cl_dependency":false,"value":""}],[{"label":"","active":true,"required":false,"elementId":"radio-group_6661916538e147","name":"radio-group_6661916538e147","label_position":"default","desc_position":"default","enablePrice":true,"className":"","enableCl":true,"relations":[{"operator":false,"rules":[{"operator":"AND","rules":{"cl_field":"select_9661916538e0e4","cl_relation":"is_not_empty","cl_val":""}}]}],"enable_quantity":true,"quantity_label":"","min_quantity":"0","checkUi":"button","layOut":"","options_tooltip":true,"options_description":true,"values":[{"label":"\ud83d\udc76 Toddler (Free)","value":"Toddler","selected":true,"tempId":"aco_32","tooltip":"0-2 Years","description":"","gt_translate_keys":["label","tooltip","description"]}],"priceOptions":"fixed_for_all","pricingType":"fixed","price":"0","cl_rule":"show","col":6,"type":"radio-group","error":false,"gt_translate_keys":["label","quantity_label"],"price_dependency":false,"cl_dependency":false,"value":""}],[{"active":true,"col":6,"relations":false,"cl_rule":"show","enableCl":false,"price":"","enablePrice":false,"className":"","label_position":"default","desc_position":"default","type":"separator","required":false,"elementId":"separator_6661916538e151","label":"Separator Field","height":"7","separatorType":"blank","error":false,"gt_translate_keys":["label"],"price_dependency":false,"cl_dependency":false,"value":""}],[{"active":true,"col":6,"relations":false,"cl_rule":"show","enableCl":false,"price":"","enablePrice":false,"className":"","label_position":"default","desc_position":"default","type":"text","subtype":"text","required":false,"elementId":"text_4661916538e15b","label":"\ud83d\ude8c Pickup Location","name":"text_4661916538e15b","value":"","description":"Free pick-up service in Tenerife South. Simply provide your address or hotel name.","error":false,"gt_translate_keys":["label","description","value"],"price_dependency":false,"cl_dependency":false}]]}},"config":{"price_override":"always","enable_recaptcha":false,"bind_quantity":false,"quantity_bind_formula":false,"disp_summ_show_option_price":true,"disp_summ_show_product_price":false,"disp_summ_show_total_price":true,"disp_summ_show_fee":true,"disp_summ_show_discount":true,"summary_title":"","options_total_label":"Options Price","total_label":"Total Amount","options_product_label":"Product Price","fee_label":"Fee","discount_label":"Discount","has_price":true,"has_quantity_formula":false},"mc_unit":1,"tax_rate":1,"tax_rate_real":1,"discount":{"percentage":0,"fixed":0},"design":{"conf":{"LabelPosition":"above","DescPosition":"above","UploadField":"custom_1","QuantityFieldStyle":"custom_1"},"css":{"LeftLabelWidth":"120px"}},"formulas":[],"lookuptables":[],"clones":false,"cartKey":false}},"_links":{"self":[{"href":"https:\/\/canaryvip.com\/et\/wp-json\/wp\/v2\/product\/11043","targetHints":{"allow":["GET"]}}],"collection":[{"href":"https:\/\/canaryvip.com\/et\/wp-json\/wp\/v2\/product"}],"about":[{"href":"https:\/\/canaryvip.com\/et\/wp-json\/wp\/v2\/types\/product"}],"replies":[{"embeddable":true,"href":"https:\/\/canaryvip.com\/et\/wp-json\/wp\/v2\/comments?post=11043"}],"wp:featuredmedia":[{"embeddable":true,"href":"https:\/\/canaryvip.com\/et\/wp-json\/wp\/v2\/media\/11145"}],"wp:attachment":[{"href":"https:\/\/canaryvip.com\/et\/wp-json\/wp\/v2\/media?parent=11043"}],"wp:term":[{"taxonomy":"product_brand","embeddable":true,"href":"https:\/\/canaryvip.com\/et\/wp-json\/wp\/v2\/product_brand?post=11043"},{"taxonomy":"product_cat","embeddable":true,"href":"https:\/\/canaryvip.com\/et\/wp-json\/wp\/v2\/product_cat?post=11043"},{"taxonomy":"product_tag","embeddable":true,"href":"https:\/\/canaryvip.com\/et\/wp-json\/wp\/v2\/product_tag?post=11043"}],"curies":[{"name":"wp","href":"https:\/\/api.w.org\/{rel}","templated":true}]}}