{"id":10904,"date":"2024-04-08T11:19:03","date_gmt":"2024-04-08T10:19:03","guid":{"rendered":"https:\/\/canaryvip.com\/?post_type=product&#038;p=10904"},"modified":"2025-06-28T21:05:29","modified_gmt":"2025-06-28T20:05:29","slug":"rent-boat-saxdor-200-with-license","status":"publish","type":"product","link":"https:\/\/canaryvip.com\/et\/shop\/rent-boat-saxdor-200-with-license\/","title":{"rendered":"Rentida paat Saxdor 200 koos litsentsiga Tenerife"},"content":{"rendered":"<h2>\ud83d\udea4 Rentige Saxdor 200 koos litsentsiga aadressil CanaryVIP<\/h2>\n<p><strong>V\u00f5tke rooli oma mereseiklusel koos CanaryVIP-ga:<\/strong> Saxdor 200 on silmapaistev avatud paat, mis \u00fchendab kaasaegse disaini ja p\u00e4evase purjetamisv\u00f5ime.<\/p>\n<p>See 2023. aastal s\u00fcndinud ja 6 meetri pikkune laev sobib ideaalselt neile, kes soovivad Tenerife vetes stiilselt ja mugavalt navigeerida.<br \/>\nPurjetamine alates maalilisest <a href=\"https:\/\/maps.app.goo.gl\/F7XZ1rpbWXBTYFND9\" target=\"_blank\" rel=\"noopener\">Los Gigantes,<\/a> . <strong>Saxdor 200 koos litsentsiga<\/strong>\u00a0pakub eksklusiivset v\u00f5imalust avastada varjatud lahtesid, nautida p\u00e4ikest tekil v\u00f5i nautida l\u00f5unas\u00f6\u00f6ki pardal keset Atlandi ookeani sinist embust.<\/p>\n<p><strong>Elegantsuse ja j\u00f5udluse laev:<\/strong>\u00a0Saxdor 200 on projekteeritud tipptasemel, 115-hobuj\u00f5ulise mootoriga, mis libiseb vees t\u00e4pselt. See paat mahutab 6 reisijat ja k\u00fctusepaak on valmis seiklusteks ning see on teie v\u00e4rav Tenerife l\u00f5unaosa aarete juurde.<\/p>\n<h3>\ud83d\udea4 Saxdor 200 Tenerife: Tenerife: Teie p\u00e4ev, teie viis<\/h3>\n<ul>\n<li><strong>L\u00e4bim\u00f5eldud disain:<\/strong> Nautige luksust, mida pakub 2023 Saxdor 200, mis on tuntud oma stiilse v\u00e4limuse ja mugavate istmete poolest.<\/li>\n<li><strong>Unustamatud vaated:<\/strong> Navigeerige Masca ja Los Gigantese kuulsate kaljude suunas, kus mereelustik \u00f5itseb oma loomulikus elupaigas.<\/li>\n<li><strong>Eraldiseisvad ujumised:<\/strong> Ankruteerige rahulikes lahtedes, mis sobivad suurep\u00e4raselt ujumiseks, snorgeldamiseks v\u00f5i lihtsalt p\u00e4ikese k\u00e4es p\u00e4evitamiseks.<\/li>\n<li><strong>Pardal olevad naudingud:<\/strong> Teie rendilepinguga kaasneb vabadus nautida s\u00f6\u00f6ki vee peal, mis t\u00e4iendab seda kogemust kulinaarsete naudingutega.<\/li>\n<li><strong>\u00d5mblusteta purjetamine:<\/strong> Saxdor 200 tagab oma v\u00f5imsa mootori ja kasutajas\u00f5braliku juhitavusega sujuva reisi \u00fcle lainete.<\/li>\n<\/ul>\n<h3>\u2728 Teie Saxdor 200 rendi \u00fcksikasjad<\/h3>\n<p><strong>Teie jaoks kohandatud kogemus:<\/strong> Meie Saxdor 200, mis mahutab kuni 6 k\u00fclalist, on varustatud igaks juhuks, olgu selleks siis intiimne p\u00e4evareis kahele v\u00f5i elamuslik ekskursioon s\u00f5pradega. Iga renditud laevaga on kaasas p\u00f5hjalikud juhised, mis tagavad, et teie aeg merel on nii turvaline kui ka nauditav.<\/p>\n<p><strong>Rent, mis sobib k\u00f5igile:<\/strong> Saxdor 200 koos litsentsiga sobib ideaalselt peredele, gruppidele v\u00f5i \u00fcksikutele seiklejatele, sest see lubab v\u00f5rratut segu luksusest ja seiklusest, mida t\u00e4iendab Tenerife ranniku vapustav taust.<\/p>\n<h3>\ud83d\udea4 Saxdor 200 reisiks ettevalmistamine<\/h3>\n<p>Varustage end vee peal veedetud p\u00e4evaks selliste h\u00e4davajalike asjadega nagu ujumisriided ja p\u00e4ikesekaitsekreem. Pakume k\u00f5iki vajalikke navigatsioonivahendeid, nii et saate keskenduda purjetamise avastamisele ja r\u00f5\u00f5mule.<\/p>\n<p>Veenduge, et teie kaamera on k\u00e4ep\u00e4rast, et j\u00e4\u00e4dvustada Tenerife ranniku ilu ja lainete all tantsivat mereelu. CanaryVIP abil on iga hetk Saxdor 200 pardal loodud nii, et see j\u00e4\u00e4ks meelde.<\/p>\n<h3>\ud83d\ude99 Laevale mineku koht ja parkimine<\/h3>\n<p><strong>Set Off from <a href=\"https:\/\/maps.app.goo.gl\/F7XZ1rpbWXBTYFND9\" target=\"_blank\" rel=\"noopener\">Los Gigantes<\/a>:<\/strong> Teie mereseiklus algab aadressil <strong>Puerto de Los Gigantes.<\/strong> Mugav parkimine sadamas v\u00f5imaldab teie ekskursiooni stressivaba algust. Soovitame saabuda veidi varem, et tagada sujuv v\u00e4ljumine.<\/p>\n<h3>\ud83d\udea4 Samuti saadaval: Compass 160e rentimine ilma litsentsita<\/h3>\n<p>Neile, kes eelistavad vabamalt purjetamise kogemust, pakume ka<strong> <a href=\"https:\/\/canaryvip.com\/et\/shop\/rent-boat-compass-160e-without-license\/\">Kompass 160e,<\/a><\/strong> saadaval rentida paat ilma litsentsita. See v\u00f5imalus sobib ideaalselt seiklejatele, kes soovivad ise oma kurssi Tenerife kaunites vetes juhtida.<\/p>\n<p>Lahkuge Puerto de Los Gigantes'i samast mugavast asukohast ja avastage merevabadus ilma paadiluba omamata. Kui soovite uurida \u00fcksikuid lahedaid lahtesid v\u00f5i lihtsalt nautida avamerd omas tempos, siis Compass 160e on usaldusv\u00e4\u00e4rne ja stiilne valik.<\/p>\n<h3>\ud83c\udf1f CanaryVIP p\u00fchendumine teile<\/h3>\n<p>CanaryVIP-s on teie rahulolu meie suurim mure. Nautige paindlikke t\u00fchistamisp\u00f5him\u00f5tteid, mis tagavad meelerahu Saxdor 200 rendi broneerimisel. Oleme p\u00fchendunud erakordse kogemuse pakkumisele, mida r\u00f5hutab hoolikas t\u00e4helepanu ohutusele ja kirg Tenerife merede hiilguse jagamise vastu.<\/p>\n<p>Alustage avastusretkele koos <strong>Saxdor 200 koos litsentsiga,<\/strong>\u00a0, navigeerides l\u00e4bi Tenerife majesteetlike vete ja avastades peidetud p\u00e4rleid piki rannikut. <strong>Los Gigantes.<\/strong><\/p>\n<p>Broneerige n\u00fc\u00fcd eksklusiivne meres\u00f5idu seiklus, mis \u00fchendab endas vabaduse, luksuse ja Kanaari saarte looduse ilu.<\/p>","protected":false},"excerpt":{"rendered":"<p><strong>\ud83d\udd0d No Worries harta:<\/strong><br \/>\n\u2705 Turvaline makse.<br \/>\n\ud83e\udeaa Vajalik paadiluba.<br \/>\n\ud83d\udee5\ufe0f 6m pikk paat.<br \/>\n\u23f3 P\u00e4evane rentimine 3-8h.<br \/>\n\ud83d\udd59 Kohandatavad v\u00e4ljumisajad.<br \/>\n\ud83d\udc65 Kuni 6 k\u00fclalist.<br \/>\n\ud83e\udd3f Snorkelivarustus on ette n\u00e4htud.<br \/>\n\ud83e\udd11 Parim hind garanteeritud.<br \/>\n\ud83d\udc6a Allahindlused aktiveeritud.<br \/>\n\ud83d\udd01 Kuni 4 p\u00e4eva t\u00fchistamine.<br \/>\n\ud83c\udf0d Mitmekeelne meeskond.<br \/>\n\ud83c\udf1f Broneeri varakult ja s\u00e4\u00e4sta!<br \/>\n\ud83d\udccd Lahkumine\u00a0<a href=\"https:\/\/maps.app.goo.gl\/F7XZ1rpbWXBTYFND9\">Los Gigantes<\/a>.<\/p>","protected":false},"featured_media":11029,"comment_status":"open","ping_status":"closed","template":"","meta":{"_acf_changed":false},"product_brand":[],"product_cat":[130],"product_tag":[],"class_list":{"0":"post-10904","1":"product","2":"type-product","3":"status-publish","4":"has-post-thumbnail","6":"product_cat-self-drive-boat-hire","7":"wcpa_has_options","9":"first","10":"instock","11":"virtual","12":"purchasable","13":"product-type-simple"},"acf":[],"wcpa_form_fields":{"wcpaData":{"product":{"product_price":300,"price_html":"From&nbsp;<span class=\"woocommerce-Price-amount amount\"><bdi>300,00&nbsp;<span class=\"woocommerce-Price-currencySymbol\">&euro;<\/span><\/bdi><\/span>","original_product_price":300,"price_including_tax":300,"price_excluding_tax":300,"product_id":{"parent":10904,"variation":false},"is_variable":false,"stock_status":"instock","stock_quantity":null,"parent_sku":"CV10904","product_attributes":[],"custom_fields":[],"is_taxable":false,"product_name":"Rent Boat Saxdor 200 with License Tenerife","hasImage":false},"fields":{"sec_4668282996d361":{"extra":{"key":"sec_4668282996d361","section_id":"sec_4668282996d361","name":"Contact us","status":1,"cl_rule":"show","enableCl":false,"relations":[],"toggle":true,"title_tag":"h3","show_title":false,"showPrice":"default","form_id":12153,"form_rules":{"exclude_from_discount":true,"fee_label":"Fee","disp_hide_options_price":true,"disp_show_section_price":false,"disp_show_field_price":true,"layout_option":"standard","pric_use_as_fee":false,"process_fee_as":"woo_fee"},"layout_option":"standard"},"fields":[[{"active":true,"col":6,"relations":false,"cl_rule":"show","enableCl":false,"price":"","enablePrice":false,"className":"","label_position":"default","desc_position":"default","type":"content","required":false,"elementId":"content_8291538701","label":"","name":"content_8291538701","contentType":"rich","value":"<p><a href=\"https:\/\/api.whatsapp.com\/send\/?phone=34629670312&amp;text&amp;type=phone_number&amp;app_absent=0\" target=\"_blank\"><strong>Contact us on WhatsApp<\/strong><\/a><strong> to get a personalized price for this activity\/excursion\/rental.<\/strong><\/p>","error":false,"subtype":"div","gt_translate_keys":["label","value"],"price_dependency":false,"cl_dependency":false}]]}},"config":{"price_override":"","enable_recaptcha":false,"bind_quantity":false,"quantity_bind_formula":false,"disp_summ_show_option_price":true,"disp_summ_show_product_price":true,"disp_summ_show_total_price":true,"disp_summ_show_fee":true,"disp_summ_show_discount":true,"summary_title":"","options_total_label":"Options Price","total_label":"Total","options_product_label":"Product Price","fee_label":"Fee","discount_label":"Discount","has_price":true,"has_quantity_formula":false},"mc_unit":1,"tax_rate":1,"tax_rate_real":1,"discount":{"percentage":0,"fixed":0},"design":{"conf":{"LabelPosition":"above","DescPosition":"above","UploadField":"custom_1","QuantityFieldStyle":"custom_1"},"css":{"LeftLabelWidth":"120px"}},"formulas":[],"lookuptables":[],"clones":false,"cartKey":false}},"_links":{"self":[{"href":"https:\/\/canaryvip.com\/et\/wp-json\/wp\/v2\/product\/10904","targetHints":{"allow":["GET"]}}],"collection":[{"href":"https:\/\/canaryvip.com\/et\/wp-json\/wp\/v2\/product"}],"about":[{"href":"https:\/\/canaryvip.com\/et\/wp-json\/wp\/v2\/types\/product"}],"replies":[{"embeddable":true,"href":"https:\/\/canaryvip.com\/et\/wp-json\/wp\/v2\/comments?post=10904"}],"wp:featuredmedia":[{"embeddable":true,"href":"https:\/\/canaryvip.com\/et\/wp-json\/wp\/v2\/media\/11029"}],"wp:attachment":[{"href":"https:\/\/canaryvip.com\/et\/wp-json\/wp\/v2\/media?parent=10904"}],"wp:term":[{"taxonomy":"product_brand","embeddable":true,"href":"https:\/\/canaryvip.com\/et\/wp-json\/wp\/v2\/product_brand?post=10904"},{"taxonomy":"product_cat","embeddable":true,"href":"https:\/\/canaryvip.com\/et\/wp-json\/wp\/v2\/product_cat?post=10904"},{"taxonomy":"product_tag","embeddable":true,"href":"https:\/\/canaryvip.com\/et\/wp-json\/wp\/v2\/product_tag?post=10904"}],"curies":[{"name":"wp","href":"https:\/\/api.w.org\/{rel}","templated":true}]}}