{"id":10467,"date":"2024-03-22T01:33:12","date_gmt":"2024-03-22T01:33:12","guid":{"rendered":"https:\/\/canaryvip.com\/?post_type=product&#038;p=10467"},"modified":"2026-03-06T18:09:54","modified_gmt":"2026-03-06T18:09:54","slug":"viking-boat-tour-tenerife","status":"publish","type":"product","link":"https:\/\/canaryvip.com\/et\/shop\/viking-boat-tour-tenerife\/","title":{"rendered":"Viking paadituur Tenerifel"},"content":{"rendered":"<h2>\u2693 Viking Boat Tour Tenerife: Ragnarok<\/h2>\n<p>On ainult \u00fcks <strong>Viikingilaev<\/strong> purjetades Tenerife vetes, ja tema nimi on <strong>Ragnarok<\/strong>. See t\u00e4ielikult teemastatud Norra laev v\u00e4ljub iga p\u00e4ev Los Cristianosest ja muudab klassikalise <strong>laevareis Los Cristianos<\/strong> millekski hoopis teistsuguseks: <strong>Vaalade vaatamine Tenerifel<\/strong> seiklus, mis on pakitud viikingite ajalooga, elava meelelahutuse ja Atlandi ookeani vaatega.<\/p>\n<p>Kui olete juba vaadanud selliseid v\u00f5imalusi nagu Peter Pan v\u00f5i Shogun <strong>laevareisid,<\/strong> Ragnarok paistab silma. Meeskond kannab autentset viikingite riietust, pardal valitsev atmosf\u00e4\u00e4r viib teid tagasi p\u00f5hjamaiste meremeeste ajastusse ja marsruut on \u00fcles ehitatud parimatele <strong>delfiinide vaatlemine Tenerifel<\/strong> ja <strong>vaalade vaatamine<\/strong> kohad edelarannikul.<\/p>\n<h3>\ud83d\udc0b Vaalade ja delfiinide vaatamine viikingilaevalt \ud83d\udc0b Vaalade ja delfiinide vaatamine viikingilaevalt<\/h3>\n<p>The <strong>Viking paadituur Tenerifel<\/strong> t\u00f6\u00f6tab kui <strong>2 v\u00f5i 3-tunnine reis<\/strong> Los Cristianose sadamast, j\u00e4rgides vaalaliste elupaiku, kus aastaringselt v\u00f5ib t\u00e4heldada lootsidelfiine ja pudelidelfiine. See ei ole lihtsalt \u00fcks j\u00e4rjekordne <strong>paadituur Tenerife<\/strong> ekskursioon: Ragnaroki marsruut on spetsiaalselt kavandatud nii, et teil oleks v\u00f5imalikult palju v\u00f5imalusi mereelustikuga l\u00e4hedalt kokku puutuda, samal ajal kui te naudite tekil t\u00e4ielikku viikingite elamust.<\/p>\n<p>Sobib igale vanusele. Olenemata sellest, kas reisite perekonnana, paarina v\u00f5i s\u00f5pruskonnaga, on see <strong>paadiekskursioon Tenerife<\/strong> pakub segu elusloodusest, ajaloost ja meelelahutusest, mis hoiab k\u00f5iki huvilisi h\u00f5ivatud alates lahkumisest kuni tagasip\u00f6\u00f6rdumiseni.<\/p>\n<h3>\ud83d\udee1\ufe0f Ragnaroki pardal: Mis teid ootab?<\/h3>\n<p>Ragnarok on palju enamat kui vaateplatvorm. Pardal on t\u00e4ielik baar ja restoraniteenus, kus on kogu reisi jooksul saadaval joogid, suupisted ja maiuspalad. Mugavad istumisv\u00f5imalused on \u00fcle kogu laeva laiali, nii et saate leida endale sobivaima koha. Puhtad tualettruumid ja ligip\u00e4\u00e4setavad alad on alati saadaval. Mitmekeelne laevapere aitab teid reisi ajal k\u00f5igega, mida vajate.<\/p>\n<p>Lisaks p\u00f5hit\u00f5dedele saab siin viikingite vaim elavaks. Oodata on teemakohaseid etendusi, interaktiivseid m\u00e4nge ja v\u00f5imalust k\u00e4tt proovida autentsete viikingivarustusega. See on selline <strong>paadituur Tenerifel<\/strong> kus te ei vaata lihtsalt ookeani, vaid elate elamust.<\/p>\n<p>Turvalisus on prioriteediks igal v\u00e4ljas\u00f5idul, k\u00f5ik seadmed ja protokollid on paigas, nii et saate keskenduda s\u00f5idu nautimisele.<\/p>\n<h3>\ud83d\udccd Kohtumispaik: Puerto de Los Cristianos<\/h3>\n<p>Teie <strong>laevareis Los Cristianos<\/strong> algab aadressil <strong>ZONA EXCURSIONES A<\/strong> aastal <a href=\"https:\/\/maps.app.goo.gl\/23UxnivzFPMsN4zi6\" target=\"_blank\" rel=\"noopener\">Puerto de Los Cristianos<\/a>.<\/p>\n<p>Palun tulge kohale <strong>10-20 minutit enne v\u00e4ljumist<\/strong> sujuvaks lennule registreerimiseks ja pardale minekuks.<\/p>\n<p>Tasuline avalik parkimine on v\u00f5imalik otse sadamas.<\/p>\n<h3>\ud83d\udcb0 Raamat koos CanaryVIP-ga<\/h3>\n<p>CanaryVIP on \u00fcks k\u00f5ige usaldusv\u00e4\u00e4rsemaid reisikorraldajaid Kanaari saartel ja me toetame seda mainet t\u00f5elise v\u00e4\u00e4rtusega iga reisi puhul. <strong>paadituur Tenerife<\/strong> broneerimine:<\/p>\n<ul>\n<li><strong>Parima hinna garantii:<\/strong> Pakume k\u00f5ige konkurentsiv\u00f5imelisemat hinda selle Tenerife Viking Boat Touri kogemuse jaoks.<\/li>\n<li><strong>Tasuta t\u00fchistamine kuni 24h enne:<\/strong> T\u00fchistage reis v\u00e4hemalt 24 tundi enne kavandatud v\u00e4ljumist, et saada t\u00e4ielik h\u00fcvitis. Kohale mitteilmumise v\u00f5i 24 tunni jooksul tehtud t\u00fchistamised ei kuulu tagasimaksmisele.<\/li>\n<li><strong>Ilmastikukindlus:<\/strong> Kui tingimused ei ole \u00f5iged, on meil varuplaanid, et kaitsta teie kogemusi.<\/li>\n<\/ul>\n<p>Juhtiva operaatorina on <strong><a href=\"https:\/\/canaryvip.com\/et\/tenerife\/boat-excursions\/\">paadiekskursioonid Tenerifel<\/a>,<\/strong> CanaryVIP on koht, kus reisijad broneerivad, kui nad soovivad ausat hinnakujundust, usaldusv\u00e4\u00e4rset teenindust ja unustamatuid elamusi vee peal.<\/p>\n<h3>\ud83c\udf0a Kas oled valmis pardale minema?<\/h3>\n<p>Ragnarok ootab Los Cristianose sadamas. Kas see on <strong>Vaalade vaatamine Tenerifel<\/strong> kogemus, et <strong>delfiinide vaatlemine<\/strong> kohtumisi v\u00f5i p\u00f5nevust Tenerife ainsa autentse viikingilaevaga s\u00f5itmisest, on see \u00fcks <strong>laevareis Los Cristianos<\/strong> mida te ei unusta.<\/p>\n<p>Broneerige kohe ja alustage seiklust, mis \u00fchendab endas Tenerife Atlandi ookeani looduse imed ja p\u00f5hjamaiste maadeavastajate legendaarse vaimu.<\/p>","protected":false},"excerpt":{"rendered":"<p><strong>\ud83d\udd0d Viikingite paadituur:<\/strong><br \/>\n\u2705 Turvaline makse.<br \/>\n\ud83d\udc0b Vaalade ja delfiinide vaatamine.<br \/>\n\ud83d\ude80 2h ja 3h reisid.<br \/>\n\u2694\ufe0f Viking Crew.<br \/>\n\ud83d\udee1\ufe0f Proovi Viking Gear.<br \/>\n\ud83d\udcc5 T, N, P, R, L ja S.<br \/>\n\u23f0 V\u00e4ljumised kell 11:00 ja 13:30.<br \/>\n\ud83e\udd11 Parim hind garanteeritud.<br \/>\n\ud83d\udd01 Kuni 48h t\u00fchistamine.<br \/>\n\ud83c\udf0d Mitmekeelne meeskond.<br \/>\n\ud83c\udf1f Broneeri kohe ja s\u00e4\u00e4sta!<br \/>\n\ud83d\udccd Lahkumine <a href=\"https:\/\/maps.app.goo.gl\/23UxnivzFPMsN4zi6\" target=\"_blank\" rel=\"noopener\">Los Cristianos<\/a>.<\/p>","protected":false},"featured_media":10714,"comment_status":"open","ping_status":"closed","template":"","meta":{"_acf_changed":false},"product_brand":[],"product_cat":[46],"product_tag":[],"class_list":{"0":"post-10467","1":"product","2":"type-product","3":"status-publish","4":"has-post-thumbnail","6":"product_cat-boat-excursions","7":"wcpa_has_options","9":"first","10":"instock","11":"sale","12":"virtual","13":"purchasable","14":"product-type-simple"},"acf":[],"wcpa_form_fields":{"wcpaData":{"product":{"product_price":25,"price_html":"From&nbsp;<del aria-hidden=\"true\"><span class=\"woocommerce-Price-amount amount\"><bdi>30,00&nbsp;<span class=\"woocommerce-Price-currencySymbol\">&euro;<\/span><\/bdi><\/span><\/del> <span class=\"screen-reader-text\">Esialgne hind oli: 30,00&nbsp;&euro;.<\/span><ins aria-hidden=\"true\"><span class=\"woocommerce-Price-amount amount\"><bdi>25,00&nbsp;<span class=\"woocommerce-Price-currencySymbol\">&euro;<\/span><\/bdi><\/span><\/ins><span class=\"screen-reader-text\">Praegune hind on: 25,00&nbsp;&euro;.<\/span>","original_product_price":30,"price_including_tax":25,"price_excluding_tax":25,"product_id":{"parent":10467,"variation":false},"is_variable":false,"stock_status":"instock","stock_quantity":null,"parent_sku":"CV10467","product_attributes":[],"custom_fields":[],"is_taxable":false,"product_name":"Viking Boat Tour Tenerife","hasImage":false},"fields":{"sec_86634d72f6ab5d":{"extra":{"key":"sec_86634d72f6ab5d","section_id":"sec_86634d72f6ab5d","name":"Default","status":1,"cl_rule":"show","enableCl":false,"relations":[],"toggle":true,"title_tag":"h3","show_title":false,"showPrice":"default","form_id":11373,"form_rules":{"exclude_from_discount":true,"fee_label":"Fee","disp_hide_options_price":true,"disp_show_section_price":false,"disp_show_field_price":true,"layout_option":"standard","pric_use_as_fee":false,"process_fee_as":"woo_fee"},"layout_option":"standard"},"fields":[[{"active":true,"col":6,"relations":[{"operator":false,"rules":[{"operator":"AND","rules":{"cl_field":"","cl_relation":"","cl_val":""}}]}],"cl_rule":"show","enableCl":false,"price":"","enablePrice":false,"className":"","label_position":"default","desc_position":"default","type":"radio-group","required":true,"elementId":"radio-group_86634d72f6ab7f","label":"\u231b\ufe0f Trip Duration","name":"radio-group_86634d72f6ab7f","values":[{"label":"2 Hour Trip (25\u20ac)","value":"2 Hour Trip","selected":false,"tempId":"aco_32","description":"Viking cruise with entertainment, games, and whale\/dolphin sightings.","tooltip":"","gt_translate_keys":["label","tooltip","description"]},{"label":"3 Hour Trip (38\u20ac)","value":"3 Hour Trip","selected":false,"tempId":"aco_33","description":"Extended Viking cruise with a viking live show and snorkeling. Whale\/dolphin sightings.","tooltip":"","gt_translate_keys":["label","tooltip","description"]}],"layOut":"","error":false,"checkUi":"toggle","enableDesign":false,"scrollBar":false,"description":"","other":false,"options_description":true,"show_selected_option":false,"options_tooltip":true,"gt_translate_keys":["label","description"],"price_dependency":false,"cl_dependency":[false,false],"value":""}]]},"sec_06634d72f6ab80":{"extra":{"key":"sec_06634d72f6ab80","section_id":"sec_06634d72f6ab80","name":"2H Trip","status":1,"cl_rule":"show","enableCl":true,"relations":[{"operator":false,"rules":[{"operator":"AND","rules":{"cl_field":"radio-group_86634d72f6ab7f","cl_relation":"is","cl_val":"2 Hour Trip"}}]}],"toggle":true,"title_tag":"h4","show_title":false,"showPrice":"default","form_id":11373,"form_rules":{"exclude_from_discount":true,"fee_label":"Fee","disp_hide_options_price":true,"disp_show_section_price":false,"disp_show_field_price":true,"layout_option":"standard","pric_use_as_fee":false,"process_fee_as":"woo_fee"},"layout_option":"standard"},"fields":[[{"label":"\ud83d\udcc5 Date","active":true,"required":true,"elementId":"date_106634d72f6ab8d","picker_type":"custom","picker_mode":"single","placeholder":"","description":"","tooltip":"","name":"date_106634d72f6ab8d","label_position":"default","desc_position":"default","enablePrice":false,"className":"","enableCl":false,"relations":[{"operator":"and","rules":[{"operator":"AND","rules":{"cl_field":"radio-group_86634d72f6ab7f","cl_relation":"is","cl_val":"4.5 Hour Trip from North Tenerife"}}]}],"date_pic_inline":true,"date_pic_inline_hide":true,"min_date":{"type":"days","val":"1"},"max_date":{"type":"days","val":"130"},"date_pic_conf":{"disabledWeeks":[],"disabledDates":["2026-02-22 to 2026-03-01"]},"price":"","cl_rule":"show","col":6,"type":"date","error":false,"isWeightTemplate":false,"isTemplate":false,"min_quantity":"1","quantity_decimal":false,"quantity_step":"1","quantity_label":"Quantity","repeater_field_label":"{field_label}","repeater_bind":"","gt_translate_keys":["label","placeholder","description","tooltip","repeater_field_label","quantity_label"],"price_dependency":false,"cl_dependency":["select_36634d72f6ab98","select-0607912373","select-3976579874","select-2509731365"],"value":""}],[{"label":"\u23f0 Departure","active":true,"required":true,"elementId":"select_36634d72f6ab98","dropdown_type":"basic","name":"select_36634d72f6ab98","label_position":"default","desc_position":"default","enablePrice":false,"className":"","enableCl":true,"relations":[{"operator":false,"rules":[{"operator":"AND","rules":{"cl_field":"date_106634d72f6ab8d","cl_relation":"week_day_is","cl_val":[1,0]}}]}],"values":[{"label":"10:30","value":"10:30","selected":false,"tempId":"aco_1097","gt_translate_keys":["label"]},{"label":"12:30","value":"12:30","selected":false,"tempId":"aco_1098","gt_translate_keys":["label"]},{"label":"14:30","value":"14:30","selected":false,"tempId":"aco_1099","gt_translate_keys":["label"]}],"price":"","cl_rule":"show","col":6,"type":"select","error":false,"placeholder":"Select Departure Time","isWeightTemplate":false,"isTemplate":false,"min_quantity":"1","quantity_decimal":false,"quantity_step":"1","quantity_label":"Quantity","repeater_field_label":"{field_label}","repeater_bind":"","gt_translate_keys":["label","placeholder","repeater_field_label","quantity_label"],"price_dependency":false,"cl_dependency":false,"value":""}],[{"label":"\u23f0 Departure","active":true,"required":true,"elementId":"select-0607912373","dropdown_type":"basic","placeholder":"Select Departure Time","name":"select-0607912373","label_position":"default","desc_position":"default","enablePrice":false,"className":"","enableCl":true,"relations":[{"operator":false,"rules":[{"operator":"AND","rules":{"cl_field":"date_106634d72f6ab8d","cl_relation":"week_day_is","cl_val":[2,4]}}]}],"values":[{"label":"11:00","value":"11:00","selected":false,"tempId":"aco_1097","gt_translate_keys":["label"]},{"label":"16:00","value":"16:00","selected":false,"tempId":"aco_401","gt_translate_keys":["label"]}],"price":"","cl_rule":"show","col":6,"type":"select","error":false,"isWeightTemplate":false,"isTemplate":false,"min_quantity":"1","quantity_decimal":false,"quantity_step":"1","quantity_label":"Quantity","repeater_field_label":"{field_label}","repeater_bind":"","gt_translate_keys":["label","placeholder","repeater_field_label","quantity_label"],"price_dependency":false,"cl_dependency":false,"value":""}],[{"label":"\u23f0 Departure","active":true,"required":true,"elementId":"select-3976579874","dropdown_type":"basic","placeholder":"Select Departure Time","name":"select-3976579874","label_position":"default","desc_position":"default","enablePrice":false,"className":"","enableCl":true,"relations":[{"operator":false,"rules":[{"operator":"AND","rules":{"cl_field":"date_106634d72f6ab8d","cl_relation":"week_day_is","cl_val":[3,5]}}]}],"values":[{"label":"11:00","value":"11:00","selected":false,"tempId":"aco_1097","gt_translate_keys":["label"]},{"label":"13:00","value":"13:00","selected":false,"tempId":"aco_655","gt_translate_keys":["label"]},{"label":"15:00","value":"15:00","selected":false,"tempId":"aco_719","gt_translate_keys":["label"]}],"price":"","cl_rule":"show","col":6,"type":"select","error":false,"isWeightTemplate":false,"isTemplate":false,"min_quantity":"1","quantity_decimal":false,"quantity_step":"1","quantity_label":"Quantity","repeater_field_label":"{field_label}","repeater_bind":"","gt_translate_keys":["label","placeholder","repeater_field_label","quantity_label"],"price_dependency":false,"cl_dependency":false,"value":""}],[{"label":"\u23f0 Departure","active":true,"required":true,"elementId":"select-2509731365","dropdown_type":"basic","placeholder":"Select Departure Time","name":"select-2509731365","label_position":"default","desc_position":"default","enablePrice":false,"className":"","enableCl":true,"relations":[{"operator":false,"rules":[{"operator":"AND","rules":{"cl_field":"date_106634d72f6ab8d","cl_relation":"week_day_is","cl_val":[6]}}]}],"values":[{"label":"11:00","value":"11:00","selected":true,"tempId":"aco_1097","gt_translate_keys":["label"]}],"price":"","cl_rule":"show","col":6,"type":"select","error":false,"isWeightTemplate":false,"isTemplate":false,"min_quantity":"1","quantity_decimal":false,"quantity_step":"1","quantity_label":"Quantity","repeater_field_label":"{field_label}","repeater_bind":"","gt_translate_keys":["label","placeholder","repeater_field_label","quantity_label"],"price_dependency":false,"cl_dependency":false,"value":""}],[{"elementId":"separator_86634d72f6aba3","separatorType":"blank","className":"","height":"10","enableCl":false,"relations":false,"cl_rule":"show","col":6,"type":"separator","gt_translate_keys":[],"price_dependency":false,"cl_dependency":false,"value":""}],[{"contentType":"plain","active":true,"label":"People","elementId":"content_106634d72f6abb5","value":"","inline":false,"show_in_checkout":true,"name":"content_106634d72f6abb5","enablePrice":false,"className":"","enableCl":false,"relations":false,"price":"","cl_rule":"show","col":6,"type":"content","gt_translate_keys":["label","value"],"price_dependency":false,"cl_dependency":false}],[{"label":"","active":true,"required":false,"elementId":"radio-group_76634d72f6abc0","name":"radio-group_76634d72f6abc0","label_position":"default","desc_position":"default","enablePrice":true,"className":"","enableCl":true,"relations":[{"operator":false,"rules":[{"operator":"AND","rules":{"cl_field":"","cl_relation":"","cl_val":""}}]}],"enable_quantity":true,"quantity_label":"","min_quantity":"0","checkUi":"button","layOut":"","options_tooltip":true,"values":[{"label":"\ud83d\udc64 Adult (25\u20ac)","value":"Adult 2H","selected":true,"tempId":"aco_32","tooltip":"+12 Years","gt_translate_keys":["label","tooltip"]}],"priceOptions":"fixed_for_all","pricingType":"fixed","price":"25","cl_rule":"show","col":6,"type":"radio-group","error":false,"gt_translate_keys":["label","quantity_label"],"price_dependency":false,"cl_dependency":false,"value":""}],[{"label":"","active":true,"required":false,"elementId":"radio-group_06634d72f6abca","name":"radio-group_06634d72f6abca","label_position":"default","desc_position":"default","enablePrice":true,"className":"","enableCl":false,"relations":false,"enable_quantity":true,"quantity_label":"","min_quantity":"0","checkUi":"button","layOut":"","options_tooltip":true,"values":[{"label":"\ud83d\udc66 Child (20\u20ac)","value":"Child 2H","selected":true,"tempId":"aco_32","tooltip":"4-11 Years","gt_translate_keys":["label","tooltip"]}],"priceOptions":"fixed_for_all","pricingType":"fixed","price":"20","cl_rule":"show","col":6,"type":"radio-group","error":false,"gt_translate_keys":["label","quantity_label"],"price_dependency":false,"cl_dependency":false,"value":""}],[{"label":"","active":true,"required":false,"elementId":"radio-group_16634d72f6abd4","name":"radio-group_16634d72f6abd4","label_position":"default","desc_position":"default","enablePrice":true,"className":"","enableCl":false,"relations":false,"enable_quantity":true,"quantity_label":"","min_quantity":"0","checkUi":"button","layOut":"","options_tooltip":true,"values":[{"label":"\ud83d\udc76 Infant (5\u20ac)","value":"Infant","selected":true,"tempId":"aco_32","tooltip":"0-3 Years","gt_translate_keys":["label","tooltip"]}],"priceOptions":"fixed_for_all","pricingType":"fixed","price":"5","cl_rule":"show","col":6,"type":"radio-group","error":false,"gt_translate_keys":["label","quantity_label"],"price_dependency":false,"cl_dependency":false,"value":""}]]},"sec_he22042k0":{"extra":{"key":"sec_he22042k0","section_id":"sec_he22042k0","name":"3H Trip","status":1,"cl_rule":"show","enableCl":true,"relations":[{"operator":false,"rules":[{"operator":"AND","rules":{"cl_field":"radio-group_86634d72f6ab7f","cl_relation":"is","cl_val":"3 Hour Trip"}}]}],"toggle":true,"title_tag":"h4","show_title":false,"showPrice":"default","form_id":11373,"form_rules":{"exclude_from_discount":true,"fee_label":"Fee","disp_hide_options_price":true,"disp_show_section_price":false,"disp_show_field_price":true,"layout_option":"standard","pric_use_as_fee":false,"process_fee_as":"woo_fee"},"layout_option":"standard"},"fields":[[{"label":"\ud83d\udcc5 Date","active":true,"required":true,"elementId":"date-0004920609","picker_type":"custom","picker_mode":"single","placeholder":"","description":"","tooltip":"","name":"date-0004920609","label_position":"default","desc_position":"default","enablePrice":false,"className":"","enableCl":false,"relations":[{"operator":"and","rules":[{"operator":"AND","rules":{"cl_field":"radio-group_86634d72f6ab7f","cl_relation":"is","cl_val":"4.5 Hour Trip from North Tenerife"}}]}],"date_pic_inline":true,"date_pic_inline_hide":true,"min_date":{"type":"days","val":"1"},"max_date":{"type":"days","val":"130"},"date_pic_conf":{"disabledWeeks":[0,1,3,5],"disabledDates":["2026-02-24 to 2026-03-01"]},"price":"","cl_rule":"show","col":6,"type":"date","error":false,"isWeightTemplate":false,"isTemplate":false,"min_quantity":"1","quantity_decimal":false,"quantity_step":"1","quantity_label":"Quantity","repeater_field_label":"{field_label}","repeater_bind":"","gt_translate_keys":["label","placeholder","description","tooltip","repeater_field_label","quantity_label"],"price_dependency":false,"cl_dependency":false,"value":""}],[{"label":"\u23f0 Departure","active":true,"required":true,"elementId":"select-0004920610","dropdown_type":"basic","placeholder":"Select Departure Time","name":"select-0004920610","label_position":"default","desc_position":"default","enablePrice":false,"className":"","enableCl":false,"relations":[{"operator":false,"rules":[{"operator":"AND","rules":{"cl_field":"date_106634d72f6ab8d","cl_relation":"week_day_is","cl_val":[2,3,4,5,6]}}]}],"values":[{"label":"13:00","value":"13:00","selected":true,"tempId":"aco_1097","gt_translate_keys":["label"]}],"price":"","cl_rule":"show","col":6,"type":"select","error":false,"isWeightTemplate":false,"isTemplate":false,"min_quantity":"1","quantity_decimal":false,"quantity_step":"1","quantity_label":"Quantity","repeater_field_label":"{field_label}","repeater_bind":"","gt_translate_keys":["label","placeholder","repeater_field_label","quantity_label"],"price_dependency":false,"cl_dependency":false,"value":""}],[{"elementId":"separator-0004921614","separatorType":"blank","className":"","height":"10","enableCl":false,"relations":false,"cl_rule":"show","col":6,"type":"separator","gt_translate_keys":[],"price_dependency":false,"cl_dependency":false,"value":""}],[{"contentType":"plain","active":true,"label":"People","elementId":"content-0004921615","value":"","inline":false,"show_in_checkout":true,"name":"content-0004921615","enablePrice":false,"className":"","enableCl":false,"relations":false,"price":"","cl_rule":"show","col":6,"type":"content","gt_translate_keys":["label","value"],"price_dependency":false,"cl_dependency":false}],[{"label":"","active":true,"required":false,"elementId":"radio-group-0004921616","name":"radio-group-0004921616","label_position":"default","desc_position":"default","enablePrice":true,"className":"","enableCl":false,"relations":[{"operator":false,"rules":[{"operator":"AND","rules":{"cl_field":"","cl_relation":"","cl_val":""}}]}],"enable_quantity":true,"quantity_label":"","min_quantity":"0","checkUi":"button","layOut":"","options_tooltip":true,"values":[{"label":"\ud83d\udc64 Adult (38\u20ac)","value":"Adult 3H","selected":true,"tempId":"aco_32","tooltip":"+12 Years","gt_translate_keys":["label","tooltip"]}],"priceOptions":"fixed_for_all","pricingType":"fixed","price":"38","cl_rule":"show","col":6,"type":"radio-group","error":false,"gt_translate_keys":["label","quantity_label"],"price_dependency":false,"cl_dependency":false,"value":""}],[{"label":"","active":true,"required":false,"elementId":"radio-group-0004921617","name":"radio-group-0004921617","label_position":"default","desc_position":"default","enablePrice":true,"className":"","enableCl":false,"relations":false,"enable_quantity":true,"quantity_label":"","min_quantity":"0","checkUi":"button","layOut":"","options_tooltip":true,"values":[{"label":"\ud83d\udc66 Child (25\u20ac)","value":"Child 3H","selected":true,"tempId":"aco_32","tooltip":"4-11 Years","gt_translate_keys":["label","tooltip"]}],"priceOptions":"fixed_for_all","pricingType":"fixed","price":"25","cl_rule":"show","col":6,"type":"radio-group","error":false,"gt_translate_keys":["label","quantity_label"],"price_dependency":false,"cl_dependency":false,"value":""}],[{"label":"","active":true,"required":false,"elementId":"radio-group-0004921618","name":"radio-group-0004921618","label_position":"default","desc_position":"default","enablePrice":true,"className":"","enableCl":false,"relations":false,"enable_quantity":true,"quantity_label":"","min_quantity":"0","checkUi":"button","layOut":"","options_tooltip":true,"values":[{"label":"\ud83d\udc76 Infant (5\u20ac)","value":"Infant","selected":true,"tempId":"aco_32","tooltip":"0-3 Years","gt_translate_keys":["label","tooltip"]}],"priceOptions":"fixed_for_all","pricingType":"fixed","price":"5","cl_rule":"show","col":6,"type":"radio-group","error":false,"gt_translate_keys":["label","quantity_label"],"price_dependency":false,"cl_dependency":false,"value":""}]]}},"config":{"price_override":"always","enable_recaptcha":false,"bind_quantity":false,"quantity_bind_formula":false,"disp_summ_show_option_price":true,"disp_summ_show_product_price":false,"disp_summ_show_total_price":true,"disp_summ_show_fee":true,"disp_summ_show_discount":true,"summary_title":"","options_total_label":"Options Price","total_label":"Total Amount","options_product_label":"Product Price","fee_label":"Fee","discount_label":"Discount","has_price":true,"has_quantity_formula":false},"mc_unit":1,"tax_rate":1,"tax_rate_real":1,"discount":{"percentage":0,"fixed":0},"design":{"conf":{"LabelPosition":"above","DescPosition":"above","UploadField":"custom_1","QuantityFieldStyle":"custom_1"},"css":{"LeftLabelWidth":"120px"}},"formulas":[],"lookuptables":[],"clones":false,"cartKey":false}},"_links":{"self":[{"href":"https:\/\/canaryvip.com\/et\/wp-json\/wp\/v2\/product\/10467","targetHints":{"allow":["GET"]}}],"collection":[{"href":"https:\/\/canaryvip.com\/et\/wp-json\/wp\/v2\/product"}],"about":[{"href":"https:\/\/canaryvip.com\/et\/wp-json\/wp\/v2\/types\/product"}],"replies":[{"embeddable":true,"href":"https:\/\/canaryvip.com\/et\/wp-json\/wp\/v2\/comments?post=10467"}],"wp:featuredmedia":[{"embeddable":true,"href":"https:\/\/canaryvip.com\/et\/wp-json\/wp\/v2\/media\/10714"}],"wp:attachment":[{"href":"https:\/\/canaryvip.com\/et\/wp-json\/wp\/v2\/media?parent=10467"}],"wp:term":[{"taxonomy":"product_brand","embeddable":true,"href":"https:\/\/canaryvip.com\/et\/wp-json\/wp\/v2\/product_brand?post=10467"},{"taxonomy":"product_cat","embeddable":true,"href":"https:\/\/canaryvip.com\/et\/wp-json\/wp\/v2\/product_cat?post=10467"},{"taxonomy":"product_tag","embeddable":true,"href":"https:\/\/canaryvip.com\/et\/wp-json\/wp\/v2\/product_tag?post=10467"}],"curies":[{"name":"wp","href":"https:\/\/api.w.org\/{rel}","templated":true}]}}