{"id":10465,"date":"2024-03-22T00:31:19","date_gmt":"2024-03-22T00:31:19","guid":{"rendered":"https:\/\/canaryvip.com\/?post_type=product&#038;p=10465"},"modified":"2025-08-09T12:48:53","modified_gmt":"2025-08-09T11:48:53","slug":"kayaking-tenerife","status":"publish","type":"product","link":"https:\/\/canaryvip.com\/et\/shop\/kayaking-tenerife\/","title":{"rendered":"Kajakis\u00f5it koos kilpkonnadega Tenerifel"},"content":{"rendered":"<h2><strong>\ud83d\udea3 Kajakis\u00f5it Tenerifel - s\u00f5ida l\u00e4bi paradiisi<\/strong><\/h2>\n<p>Avastage Tenerife rahulikke vete ilu meie v\u00f5rratu <strong>Kajakiga seiklused.<\/strong>\u00a0. Tunne r\u00f5\u00f5mu merel\u00f5ikamisest, kus aktiivse spordi p\u00f5nevus seguneb looduse rahustava embusega. Meie <strong>Kajakis\u00f5it Tenerifel<\/strong> ekskursioonid, tunnistaja <a href=\"https:\/\/canaryvip.com\/et\/tenerife\/boat-excursions\/\"><strong>delfiinide n\u00e4gemine<\/strong><\/a> ja <strong>snorgeldamine koos kilpkonnadega<\/strong> lugupidavalt, mitte pealet\u00fckkivalt, pakkudes loodushuvilistele ideaalset puhkekohta.<\/p>\n<h3><strong>\u23f1\ufe0f Ookeani avastamine koos kajakis\u00f5iduga Tenerifel<\/strong><\/h3>\n<ul>\n<li><strong>Seiklus:<\/strong> K\u00e4ivitage oma <strong>Kajakis\u00f5it Tenerifel<\/strong> reis Los Cristianose kaldalt, alustades veespordi ja avamere ahvatluste segu. Meie ekskursioonid lubavad j\u00f5ulist s\u00f5udmist ja isiklikke kohtumisi Tenerife elava mereelustikuga.<\/li>\n<li><strong>Omadused:<\/strong> Kuigi eluslooduse vaatlused v\u00f5ivad varieeruda, on meie p\u00fchendumus pakkuda erakordset <strong>Kajakis\u00f5it Tenerifel<\/strong> kogemus j\u00e4\u00e4b p\u00fcsivaks.<\/li>\n<li><strong>Lisatud soodustused:<\/strong> Lisaks kajakis\u00f5idu p\u00f5nevusele saate kasutada v\u00f5imalust snorgeldada Palm Mar'i kristallselistes vetes, mis on merikilpkonnade ja paljude mereliikide pelgupaik. See rikastab teie seiklust, h\u00f5lbustades l\u00e4hedast kohtumist ookeani imedega.<\/li>\n<\/ul>\n<h3><strong>\ud83c\udf0a Mereelu kohtumine Tenerifel kajakis\u00f5idu ajal<\/strong><\/h3>\n<ul>\n<li><strong>Kogemused:<\/strong> Padeldage l\u00e4bi Tenerife rahulikes vetes meie <strong>Kajakimatkad<\/strong> v\u00f5imalus j\u00e4lgida delfiine nende loomulikus keskkonnas. Kuigi me ei luba delfiinidega ujumist, kasvatame meie ekskursioonidel austust ja aukartust nende imeliste olendite vastu.<\/li>\n<li><strong>T\u00e4hts\u00fcndmused:<\/strong> Snorkeldamise osa pakub teile sukeldumist veealusesse maailma, kus on suur t\u00f5en\u00e4osus ujuda kilpkonnade ja raide k\u00f5rval, tutvustades Tenerife mereelu suursugusust ja mitmekesisust.<\/li>\n<li><strong>Mugavus:<\/strong> Valige v\u00e4ikese lisatasu eest meie stressivaba pealev\u00f5tmise teenus, mis tagab teile sujuva alguse. <strong>Kajakis\u00f5it Tenerifel<\/strong> seiklus. Me seame teie mugavuse prioriteediks, tagades, et teie reisi iga osa on sujuv.<\/li>\n<\/ul>\n<h3>\ud83c\udf1f Oluline teave teie Tenerife kajakis\u00f5idu kogemuse jaoks<\/h3>\n<ul>\n<li><strong>Ohutuse tagamine<\/strong>: Iga <strong>Kajakis\u00f5it Tenerifel<\/strong> tuuri toetab meie p\u00fchendumus ohutusele. Enne igat reisi korraldame \u00fcksikasjaliku ohutusalase briifingu ja varustame k\u00f5ik osalejad vajaliku varustusega, sealhulgas p\u00e4\u00e4stevestide ja snorgeldamiskomplektidega, et tagada turvaline ja nauditav seiklus.<\/li>\n<li><strong>Mitmekeelsed juhendid<\/strong>: Meie kvalifitseeritud giidid oskavad inglise ja hispaania keelt, andes isiklikke ja informatiivseid kommentaare kogu teie reisi v\u00e4ltel. <strong>Kajakis\u00f5it Tenerifel<\/strong> ekskursioon. See tagab rahvusvahelistele seiklejatele k\u00fclalislahke \u00f5hkkonna, mis muudab teie ekskursiooni iga hetke nii p\u00f5nevaks kui ka harivaks.<\/li>\n<li><strong>Ekspertide juhendamine<\/strong>: Enne teie <strong>Kajakis\u00f5it Tenerifel<\/strong> kogemus, meie meeskond annab ekspertide n\u00f5uandeid kajakis\u00f5idu tehnikate ja ohutusmeetodite kohta. Olenemata sellest, kas olete algaja v\u00f5i on teil juba kogemusi, meie juhendamise eesm\u00e4rk on suurendada teie enesekindlust ja naudingut vee peal.<\/li>\n<\/ul>\n<h3>\ud83d\udcc5 <strong>Kindlustage oma Kajakiseiklus Tenerifel ja broneerige kohe<\/strong><\/h3>\n<p>Meie <strong>Kajakimatkad Tenerifel<\/strong> on l\u00e4bim\u00f5eldult koostatud, et sukelduda saare looduse imedesse, pakkudes erilisi kogemusi, mis seovad teid tihedalt merega.<br \/>\nKuna kohad t\u00e4ituvad kiiresti, soovitame varakult broneerida. Vali <strong>CanaryVIP<\/strong> sujuva broneerimisprotsessi jaoks, tagades teie koha selles veeparadiisis.<\/p>\n<h3>\u2705 <strong>Mida sisaldab teie Tenerife Kajakimatk?<\/strong><\/h3>\n<ul>\n<li>Valikuline pealev\u00f5tmis- ja mahapanekuteenus s\u00fcmboolse tasu eest, mis suurendab teie seikluse mugavust.<\/li>\n<li>Kogenud instruktorite juhitud ekskursioon, mis \u00fchendab kajakimatkad ja snorgeldamise ekskursioonid.<\/li>\n<li>Umbes 1,5 tundi kajakis\u00f5itu, mida t\u00e4iendab 30-minutiline snorgeldamine, et uurida veealust maailma.<\/li>\n<li>Kapid, kus saate oma asju turvaliselt hoiustada, samal ajal kui naudite vee-elamusi.<\/li>\n<li>Mitmekeelne juhend, mis tagab selge suhtluse ja rikkaliku kogemuse.<\/li>\n<\/ul>\n<h3><strong>\u2696\ufe0f Kajakimatkade broneerimis- ja t\u00fchistamisp\u00f5him\u00f5tted Tenerifel:<\/strong><\/h3>\n<ul>\n<li><strong>Planeeri ette:<\/strong> Broneerige varakult, et tagada oma koht ja nautida erisoodustust CanaryVIP kaudu. Pidage meeles, et kajakik\u00f5nni seiklused, eriti need, mis pakuvad kohtumisi metsloomadega, on v\u00e4ga n\u00f5utud.<\/li>\n<li><strong>Paindlik t\u00fchistamine:<\/strong> Elu v\u00f5ib olla ettearvamatu. T\u00fchistage kuni 24 tundi enne ekskursiooni, et saada kogu raha tagasi. Stressivaba kogemuse saamiseks m\u00f5istame vajadust paindlikkuse j\u00e4rele.<\/li>\n<li><strong>Osalejate n\u00f5uded:<\/strong> Sobib inimestele, kes on piisavalt heas vormis ja tunnevad end vees mugavalt. Eelnev kogemus kajakis\u00f5iduga ei ole vajalik, kuid osalejad peaksid oskama ujuda snorgeldamise ajal.<\/li>\n<\/ul>\n<h3><strong>\ud83c\udf92 Kajakiga seikluseks valmistumine:<\/strong><\/h3>\n<ul>\n<li><strong>Mida kaasa v\u00f5tta:<\/strong> Mugavus on teie seikluse jaoks \u00fclioluline. Jahedamatel p\u00e4evadel riietuge ujumisriietuse alla. Flip-flopid ei ole soovitavad, kuid reisil on vaja kindlaid jalan\u00f5usid. \u00c4rge unustage p\u00e4ikesekaitsekreemi, m\u00fctsi p\u00e4evasteks ekskursioonideks ja r\u00e4tikut sukeldumise j\u00e4rgseks ajaks.<\/li>\n<li><strong>Fotom\u00e4lestused:<\/strong> Kuigi me ei paku fototeenust, olete oodatud oma kaamera v\u00f5i telefoni kaasa v\u00f5tma, et j\u00e4\u00e4dvustada hingematvaid vaateid. Palun arvestage, et nende esemete kaasav\u00f5tmine toimub teie enda vastutusel.<\/li>\n<li><strong>Tervis ja ohutus:<\/strong> Et tagada k\u00f5igi osalejate ohutus ja rahulolu, ei soovitata seda tegevust j\u00e4tkata rasedatele, kes on \u00fcle 5 kuu vanad. On v\u00e4ga oluline, et k\u00f5ikidel kajakis\u00f5itjatel oleks elementaarne ujumisoskus, eriti matka snorgeldamise osa jaoks.<\/li>\n<\/ul>\n<h3>\u2753 <strong>KKK: Teie Kajakis\u00f5idu k\u00fcsimused Vastatud<\/strong><\/h3>\n<ul>\n<li><strong>Kas ma vajan eelnevat kogemust kajakis\u00f5idu alal?<\/strong> Mitte mingil juhul, meie giidid annavad teile vajalikud p\u00f5hilised s\u00f5udmistehnikad. Lihtsalt olge vees mugavalt ja olge valmis p\u00f5nevaks p\u00e4evaks.<\/li>\n<li><strong>Mida ma peaksin kandma?<\/strong> Lisaks ujumisriietele ja p\u00e4ikesekaitsekreemile on jahedamatel p\u00e4evadel soovitav kanda ujumisriiet. Pakume k\u00f5iki vajalikke ohutus- ja snorgeldamisvahendeid.<\/li>\n<li><strong>Kas on vanusepiirangud?<\/strong> Kajakis\u00f5itjad peavad olema 6-aastased v\u00f5i vanemad. Lapsed vanuses 6-11 aastat peavad olema t\u00e4iskasvanu saatel.<\/li>\n<li><strong>Kas ma v\u00f5in kajakit vahetada?<\/strong> Kindlasti v\u00f5ite valida, kas s\u00f5ita kajakiga \u00fcksi, koos partneriga v\u00f5i kolmeliikmelises grupis, ilma et see m\u00f5jutaks hinda.<\/li>\n<\/ul>\n<h4><strong>\ud83c\udf1e Kas oled valmis merd omaks v\u00f5tma?<\/strong><\/h4>\n<p>Sukelduge Tenerife ranniku l\u00e4hedal unustamatusse kajakis\u00f5idukogemusse. Kas te navigeerite Los Cristianose vetes, imetledes <strong>delfiinid,<\/strong>\u00a0v\u00f5i <strong>snorgeldamine koos kilpkonnadega,<\/strong>\u00a0teie seiklus koos <strong>CanaryVIP<\/strong> t\u00f5otab olla segu ilust, elevusest ja p\u00fcsivatest m\u00e4lestustest.<br \/>\nBroneerige oma koht juba t\u00e4na ja olge valmis imestama ookeani imede \u00fcle! \ud83d\udea3\u200d\u2640\ufe0f\ud83d\udc2c\ud83d\udc22<\/p>\n<p>V\u00f5rratu seiklus Tenerife puutumatutes vetes, tagage oma kajakimatkade broneerimine meiega juba t\u00e4na!<\/p>","protected":false},"excerpt":{"rendered":"<p><strong>\ud83d\udd0d Kajakis\u00f5it Tenerifel:<\/strong><br \/>\n\u2705 Turvaline makse.<br \/>\n\ud83d\udc0b Delfiinide ja kilpkonnade n\u00e4gemine.<br \/>\n\ud83d\ude80 2h seiklused.<br \/>\n\ud83e\udd3f Snorkel varustus.<br \/>\n\ud83d\udd59 Mitu v\u00e4ljumisaega.<br \/>\n\ud83d\udcc5 Saadaval iga p\u00e4ev.<br \/>\n\ud83e\udd11 Parim hind garanteeritud.<br \/>\n\ud83d\ude8d Valikuline transporditeenus.<br \/>\n\ud83d\udc6a Pere- ja grupisoodustused.<br \/>\n\ud83d\udd01 24h t\u00fchistamispoliitika.<br \/>\n\ud83c\udf0d Inglise ja hispaania keele juhendid.<br \/>\n\ud83c\udf1f Broneeri varakult ja s\u00e4\u00e4sta.<br \/>\n\ud83d\udccd Lahkumine <a href=\"https:\/\/maps.app.goo.gl\/g9c9rZaJv7igjr3t8\">Los Cristianos<\/a>.<\/p>","protected":false},"featured_media":10794,"comment_status":"open","ping_status":"closed","template":"","meta":{"_acf_changed":false},"product_brand":[],"product_cat":[53],"product_tag":[],"class_list":{"0":"post-10465","1":"product","2":"type-product","3":"status-publish","4":"has-post-thumbnail","6":"product_cat-water-sports","7":"wcpa_has_options","9":"first","10":"instock","11":"sale","12":"virtual","13":"purchasable","14":"product-type-simple"},"acf":[],"wcpa_form_fields":{"wcpaData":{"product":{"product_price":35,"price_html":"From&nbsp;<del aria-hidden=\"true\"><span class=\"woocommerce-Price-amount amount\"><bdi>45,00&nbsp;<span class=\"woocommerce-Price-currencySymbol\">&euro;<\/span><\/bdi><\/span><\/del> <span class=\"screen-reader-text\">Esialgne hind oli: 45,00&nbsp;&euro;.<\/span><ins aria-hidden=\"true\"><span class=\"woocommerce-Price-amount amount\"><bdi>35,00&nbsp;<span class=\"woocommerce-Price-currencySymbol\">&euro;<\/span><\/bdi><\/span><\/ins><span class=\"screen-reader-text\">Praegune hind on: 35,00&nbsp;&euro;.<\/span>","original_product_price":45,"price_including_tax":35,"price_excluding_tax":35,"product_id":{"parent":10465,"variation":false},"is_variable":false,"stock_status":"instock","stock_quantity":null,"parent_sku":"CV10465","product_attributes":[],"custom_fields":[],"is_taxable":false,"product_name":"Kayaking with Turtles Tenerife","hasImage":false},"fields":{"sec_1066337d57eb5e3":{"extra":{"key":"sec_1066337d57eb5e3","section_id":"sec_1066337d57eb5e3","name":"Default","status":1,"cl_rule":"show","enableCl":false,"relations":[],"toggle":true,"title_tag":"h3","show_title":false,"showPrice":"default","form_id":11372,"form_rules":{"exclude_from_discount":true,"fee_label":"Fee","disp_hide_options_price":true,"disp_show_section_price":false,"disp_show_field_price":true,"layout_option":"standard","pric_use_as_fee":false,"process_fee_as":"woo_fee"},"layout_option":"standard"},"fields":[[{"label":"\ud83d\udcc5 Date","active":true,"required":true,"elementId":"date_666337d57eb607","picker_type":"custom","picker_mode":"single","placeholder":"","description":"","tooltip":"","name":"date_666337d57eb607","label_position":"default","desc_position":"default","enablePrice":false,"className":"","enableCl":false,"relations":[{"operator":"and","rules":[{"operator":"AND","rules":{"cl_field":"radio-group_5661bc90f5e8f5","cl_relation":"is_not_empty","cl_val":"3 Hour Trip"}}]}],"date_pic_inline":true,"date_pic_inline_hide":true,"min_date":{"type":"days","val":"0"},"max_date":{"type":"days","val":"365"},"date_pic_conf":{"disabledWeeks":[]},"price":"","cl_rule":"show","col":6,"type":"date","error":false,"enableDesign":false,"LabelColor":"","gt_translate_keys":["label","placeholder","description","tooltip"],"price_dependency":false,"cl_dependency":false,"value":""}],[{"active":true,"col":6,"relations":false,"cl_rule":"show","enableCl":false,"price":"","enablePrice":false,"className":"","label_position":"default","desc_position":"default","type":"select","required":true,"elementId":"select_566337d57eb62f","label":"\u23f0 Departure Time","name":"select_566337d57eb62f","values":[{"label":"Whichever Time is Best","value":"Whichever Time is Best","selected":false,"tempId":"aco_312","gt_translate_keys":["label"]},{"label":"10:00","value":"10:00","selected":false,"tempId":"aco_313","gt_translate_keys":["label"]},{"label":"12:30 (12:30 PM)","value":"12:30","selected":false,"tempId":"aco_314","gt_translate_keys":["label"]},{"label":"14:00 (2:00 PM)","value":"14:00","selected":false,"tempId":"aco_711","gt_translate_keys":["label"]}],"dropdown_type":"basic","error":false,"multiple":false,"placeholder":"None","gt_translate_keys":["label","placeholder"],"price_dependency":false,"cl_dependency":false,"value":""}],[{"active":true,"col":6,"relations":false,"cl_rule":"show","enableCl":false,"price":"","enablePrice":false,"className":"","label_position":"default","desc_position":"default","type":"content","required":false,"elementId":"content_1042762875","label":"","name":"content_1042762875","contentType":"rich","value":"<p>\ud83c\udf9f\ufe0f <strong>Reservation<\/strong>: Pay only a deposit now to reserve; the rest is due on the day of the activity upon arrival.<\/p>","show_in_checkout":true,"error":false,"gt_translate_keys":["label","value"],"price_dependency":false,"cl_dependency":false}],[{"active":true,"col":6,"relations":[{"operator":false,"rules":[{"operator":"AND","rules":{"cl_field":"","cl_relation":"","cl_val":""}}]}],"cl_rule":"show","enableCl":true,"price":"35","enablePrice":true,"className":"","label_position":"default","desc_position":"default","type":"radio-group","required":false,"elementId":"radio-group_166337d57eb617","label":"","name":"radio-group_166337d57eb617","values":[{"label":"\ud83d\udc64 Adult (35\u20ac)","value":"Adult","selected":true,"tempId":"aco_32","tooltip":"+11 Years","description":"","gt_translate_keys":["label","tooltip","description"]}],"layOut":"","error":false,"checkUi":"button","priceOptions":"fixed_for_all","pricingType":"fixed","enable_quantity":true,"quantity_label":"","min_quantity":"0","options_tooltip":true,"options_description":true,"is_show_price":true,"gt_translate_keys":["label","quantity_label"],"price_dependency":false,"cl_dependency":false,"value":""}],[{"label":"","active":true,"required":false,"elementId":"radio-group_166337d57eb624","name":"radio-group_166337d57eb624","label_position":"default","desc_position":"default","enablePrice":true,"className":"","enableCl":true,"relations":[{"operator":false,"rules":[{"operator":"AND","rules":{"cl_field":"","cl_relation":"","cl_val":""}}]}],"enable_quantity":true,"quantity_label":"","min_quantity":"0","checkUi":"button","layOut":"","options_tooltip":true,"options_description":true,"values":[{"label":"\ud83d\udc66 Child (20\u20ac)","value":"Child","selected":true,"tempId":"aco_32","tooltip":"6-10 Years","description":"","gt_translate_keys":["label","tooltip","description"]}],"priceOptions":"fixed_for_all","pricingType":"fixed","price":"20","cl_rule":"show","col":6,"type":"radio-group","error":false,"is_show_price":true,"gt_translate_keys":["label","quantity_label"],"price_dependency":false,"cl_dependency":false,"value":""}],[{"active":true,"col":6,"relations":false,"cl_rule":"show","enableCl":false,"price":"","enablePrice":false,"className":"","label_position":"default","desc_position":"default","type":"separator","required":false,"elementId":"separator_9019492152","label":"Separator Field","height":"6","separatorType":"fill","error":false,"separatorColor":"#66a6b6","gt_translate_keys":["label"],"price_dependency":false,"cl_dependency":false,"value":""}],[{"active":true,"col":6,"relations":false,"cl_rule":"show","enableCl":false,"price":"({field.radio-group_166337d57eb617.quantity}*10)+({field.radio-group_166337d57eb624.quantity}*7.50)","enablePrice":true,"className":"","label_position":"default","desc_position":"default","type":"content","required":false,"elementId":"content_8712621725","label":"Deposit Now","name":"content_8712621725","contentType":"plain","value":"","error":false,"pricingType":"custom","isTemplate":false,"is_show_price":false,"show_in_checkout":true,"enableDesign":true,"LabelSize":"14px","inline":true,"gt_translate_keys":["label","value"],"price_dependency":["content-8850121983"],"cl_dependency":false}],[{"contentType":"plain","active":true,"label":"Payment at Arrival","elementId":"content-8797651822","value":"","name":"content-8797651822","enablePrice":true,"className":"","enableCl":false,"relations":false,"price":"({field.radio-group_166337d57eb617.quantity}*25)+({field.radio-group_166337d57eb624.quantity}*12.50)","cl_rule":"show","col":6,"type":"content","error":false,"is_show_price":true,"pricingType":"custom","isTemplate":false,"show_in_checkout":true,"enableDesign":true,"LabelSize":"14px","inline":true,"gt_translate_keys":["label","value"],"price_dependency":["content-8850121983"],"cl_dependency":false}],[{"contentType":"plain","active":true,"label":"Total Amount","elementId":"content-8850121983","value":"","name":"content-8850121983","enablePrice":true,"className":"","enableCl":false,"relations":false,"price":"{field.content_8712621725.price}+{field.content-8797651822.price}","cl_rule":"show","col":6,"type":"content","error":false,"is_show_price":true,"pricingType":"custom","isTemplate":false,"show_in_checkout":true,"enableDesign":true,"LabelSize":"14px","inline":true,"gt_translate_keys":["label","value"],"price_dependency":false,"cl_dependency":false}]]},"sec_he1t7j115":{"extra":{"key":"sec_he1t7j115","section_id":"sec_he1t7j115","name":"Pickup","status":1,"cl_rule":"show","enableCl":false,"relations":[],"toggle":true,"title_tag":"h4","show_title":false,"showPrice":"default","form_id":11372,"form_rules":{"exclude_from_discount":true,"fee_label":"Fee","disp_hide_options_price":true,"disp_show_section_price":false,"disp_show_field_price":true,"layout_option":"standard","pric_use_as_fee":false,"process_fee_as":"woo_fee"},"layout_option":"standard"},"fields":[[{"active":true,"col":6,"relations":false,"cl_rule":"show","enableCl":false,"price":"","enablePrice":false,"className":"","label_position":"default","desc_position":"default","type":"text","subtype":"text","required":false,"elementId":"text_0736264724","label":"\ud83d\ude8c Pickup Location","name":"text_0736264724","value":"","error":false,"description":"Pick-up service in Tenerife South available for an extra 2\u20ac per person, to be paid on arrival. Please provide your address or hotel name to book the shuttle service; if not needed, leave it blank. | For Callao Salvaje and Palm-Mar, the extra cost is 4\u20ac per person | El M\u00e9dano: 15\u20ac per car | Golf del Sur: 10\u20ac per car.","gt_translate_keys":["label","description","value"],"price_dependency":false,"cl_dependency":false}]]}},"config":{"price_override":"always","enable_recaptcha":false,"bind_quantity":false,"quantity_bind_formula":false,"disp_summ_show_option_price":true,"disp_summ_show_product_price":false,"disp_summ_show_total_price":false,"disp_summ_show_fee":true,"disp_summ_show_discount":true,"summary_title":"","options_total_label":"Options Price","total_label":"Total Amount","options_product_label":"Product Price","fee_label":"Fee","discount_label":"Discount","has_price":true,"has_quantity_formula":false},"mc_unit":1,"tax_rate":1,"tax_rate_real":1,"discount":{"percentage":0,"fixed":0},"design":{"conf":{"LabelPosition":"above","DescPosition":"above","UploadField":"custom_1","QuantityFieldStyle":"custom_1"},"css":{"LeftLabelWidth":"120px"}},"formulas":[],"lookuptables":[],"clones":false,"cartKey":false}},"_links":{"self":[{"href":"https:\/\/canaryvip.com\/et\/wp-json\/wp\/v2\/product\/10465","targetHints":{"allow":["GET"]}}],"collection":[{"href":"https:\/\/canaryvip.com\/et\/wp-json\/wp\/v2\/product"}],"about":[{"href":"https:\/\/canaryvip.com\/et\/wp-json\/wp\/v2\/types\/product"}],"replies":[{"embeddable":true,"href":"https:\/\/canaryvip.com\/et\/wp-json\/wp\/v2\/comments?post=10465"}],"wp:featuredmedia":[{"embeddable":true,"href":"https:\/\/canaryvip.com\/et\/wp-json\/wp\/v2\/media\/10794"}],"wp:attachment":[{"href":"https:\/\/canaryvip.com\/et\/wp-json\/wp\/v2\/media?parent=10465"}],"wp:term":[{"taxonomy":"product_brand","embeddable":true,"href":"https:\/\/canaryvip.com\/et\/wp-json\/wp\/v2\/product_brand?post=10465"},{"taxonomy":"product_cat","embeddable":true,"href":"https:\/\/canaryvip.com\/et\/wp-json\/wp\/v2\/product_cat?post=10465"},{"taxonomy":"product_tag","embeddable":true,"href":"https:\/\/canaryvip.com\/et\/wp-json\/wp\/v2\/product_tag?post=10465"}],"curies":[{"name":"wp","href":"https:\/\/api.w.org\/{rel}","templated":true}]}}