{"id":10186,"date":"2024-03-28T05:27:33","date_gmt":"2024-03-28T05:27:33","guid":{"rendered":"https:\/\/canaryvip.com\/?post_type=product&#038;p=10186"},"modified":"2025-06-28T23:11:45","modified_gmt":"2025-06-28T22:11:45","slug":"rent-a-car-tenerife","status":"publish","type":"product","link":"https:\/\/canaryvip.com\/et\/shop\/rent-a-car-tenerife\/","title":{"rendered":"Rendiauto Tenerife"},"content":{"rendered":"<h2>\ud83d\ude99 Avastage Tenerife meie Premier autorendi teenusega<\/h2>\n<p>Kogege \u00fclimat vabadust, et uurida Tenerife hingematvaid maastikke oma tempos. Meie <strong>Rendiauto Tenerife<\/strong> teenuse kohta <strong>CanaryVIP<\/strong> pakub v\u00f5rratut mugavust ja paindlikkust teie saarereisil. Alates p\u00e4ikese nautimisest puutumatutel randadel kuni matkamiseni l\u00e4bi majesteetliku <a href=\"https:\/\/canaryvip.com\/et\/discover-the-teide-the-ultimate-guide-iconic-volcano\/\">Teide rahvuspark,<\/a>\u00a0ja saare varjatud p\u00e4rlite avastamist, on meie mitmekesine laevastik teie pilet unustamatule seiklusele.<\/p>\n<h3>\u2b50\ufe0f Miks valida Rent a Car Tenerife?<\/h3>\n<p>Valides <strong>rentida auto Tenerifel<\/strong> CanaryVIP-ga t\u00e4hendab, et annad endale vabaduse kingituse. Teid ei seo enam \u00fchistranspordi piirangud ega organiseeritud ekskursioonide j\u00e4ik ajakava, vaid teil on vabadus uurida seda imelist saart oma tempo ja oma huvide j\u00e4rgi.<\/p>\n<ul>\n<li><strong>Paindlikkus:<\/strong> Meie <strong>autolaenutus Tenerifel<\/strong> annab teile kontrolli oma reisiplaani kujundamise \u00fcle. P\u00e4ikeset\u00f5usust p\u00e4ikeseloojanguni otsustate teie, mida ja millal n\u00e4ha.<\/li>\n<li><strong>Mitmekesisus:<\/strong> Meie autopark on mitmekesine, rahuldades k\u00f5iki eelistusi ja vajadusi. Kas otsite kompaktautot linnaekskursioonideks v\u00f5i ruumikat maasturit karmi maastiku seiklusteks linnas <strong>Tenerife L\u00f5una,<\/strong>\u00a0me oleme teid katnud.<\/li>\n<li><strong>Konkurentsiv\u00f5imeline hinnakujundus:<\/strong> Meie eesm\u00e4rk on taskukohasus ilma kvaliteedi arvelt j\u00e4releandmisi tegemata. Meie <strong>autorent<\/strong> Tenerife valikud on hinnastatud nii, et need pakuvad teile parimat hinna ja kvaliteedi suhet, tagades eelarve-s\u00f5braliku saare uurimise.<\/li>\n<li><strong>Mugavus:<\/strong> V\u00f5tke oma rendiauto k\u00e4tte sellistest v\u00f5tmekohtadest nagu <strong><a href=\"https:\/\/maps.app.goo.gl\/YAWX2KPn75tN8YMUA\" target=\"_blank\" rel=\"noopener\">Tenerife l\u00f5unaosa lennujaam<\/a>.<\/strong>\u00a0Alates maandumisest algab teie seiklus Tenerifel viivitamatult.<\/li>\n<\/ul>\n<h4>\ud83c\udf0d Avasta Tenerife nagu kunagi varem \ud83c\udf0d Avasta Tenerife nagu kunagi varem<\/h4>\n<p>Tenerife v\u00f5lu ei peitu mitte ainult selle kuulsates randades ja turismiobjektides, vaid ka v\u00e4hemtuntud paikades. Koos <strong>autorent Tenerife,<\/strong>\u00a0olete varustatud, et uurida saare rikkalikku ajalugu, elavat kultuuri ja h\u00e4mmastavat looduslikku ilu. S\u00f5itke l\u00e4bi maaliliste k\u00fclade, k\u00fclastage kohalikke turge ja leidke oma t\u00fckike paradiisi \u00fcksildastes randades.<\/p>\n<h4>\ud83d\udd0d Avasta rohkem autode rentimisega Tenerifel<\/h4>\n<p>Tenerifel on iga kord uus avastus, ja koos <strong>CanaryVIP auto rentimine Tenerifel,<\/strong>\u00a0olete vaba jahtima iga p\u00e4ikeseloojangut, ronima igale m\u00e4ele ja nautima iga vaadet. Mine kaugemale reisijuhtidest ja tee oma reisist isiklike kogemuste ja unustamatute m\u00e4lestuste antoloogia.<\/p>\n<h4>\u2705 Broneerimine lihtsaks tehtud<\/h4>\n<p>Meie broneerimisprotsess on lihtne ja kasutajas\u00f5bralik. Valige oma soovitud s\u00f5iduk, valige rendiperiood ja lisage k\u00f5ik vajalikud lisad, ja seda k\u00f5ike vaid paari klikiga. Meie eesm\u00e4rk on teha teie <strong>autorent Tenerife<\/strong> kogemus v\u00f5imalikult sujuv ja muretut.<\/p>\n<h4>\ud83d\udee1\ufe0f Turvalisus ja mugavus<\/h4>\n<p>Teie ohutus ja mugavus on esmat\u00e4htis. Iga meie autopargi s\u00f5idukit hooldatakse hoolikalt, et see vastaks k\u00f5rgeimatele ohutus- ja toimimisstandarditele. Kui valite <strong>autorent Tenerife L\u00f5una,<\/strong>\u00a0v\u00f5ite olla kindel, et teie mugavuse ja heaolu eest hoolitsetakse.<\/p>\n<h4>\ud83c\udf31 J\u00e4tkusuutlik reisimine<\/h4>\n<p>Oleme p\u00fchendunud keskkonnas\u00f5bralikele reisimisalgatustele. Meie s\u00f5idukite valikusse kuuluvad keskkonnas\u00f5bralikud valikud, mis v\u00f5imaldavad teil uurida Tenerife looduslikku ilu, v\u00e4hendades samal ajal oma s\u00fcsinikujalaj\u00e4lge.<\/p>\n<h4>\ud83d\udd11 Avage Tenerife parimad k\u00fcljed<\/h4>\n<p>Tenerife on l\u00f5putute seikluste ja ilu saar, alates p\u00e4ikesepaistelisest rannikust kuni Teide m\u00fcstiliste k\u00f5rgusteni. Meie <strong>autode renditeenused,<\/strong>\u00a0selle v\u00f5luva saare iga nurgake on teie k\u00e4eulatuses. <strong>Rendiauto Tenerife<\/strong> ja asuda avastuste ja imede teekonnale.<\/p>\n<h3>\ud83d\udcd6 Kuidas broneerida auto rentimine<\/h3>\n<p>Kuidas saada oma <strong>rentida auto Tenerifel<\/strong> on vaid m\u00f5ne kliki kaugusel. Meie intuitiivne veebip\u00f5hine broneerimiss\u00fcsteem on loodud teie mugavuse huvides, v\u00f5imaldades teil valida auto, m\u00e4\u00e4rata rendiperioodi ja hallata oma broneeringut h\u00f5lpsasti. Kinnitus on kiire, tagades, et olete valmis avastama kohe p\u00e4rast saabumist.<\/p>\n<h4>\ud83d\ude80 Sinu seiklus ootab sind ees<\/h4>\n<p>Seiklus Tenerifel ei seisne ainult sihtkohtades, vaid ka reisides nende vahel. Iga marsruut, mille te oma <strong>rendiauto Tenerifel<\/strong> avab midagi uut - peidetud lahe, hingematva vaatepunkti v\u00f5i kohaliku s\u00f6\u00f6gikoha, mis pakub maitseid, mida te pole kunagi varem maitsnud. CanaryVIP abil muutuvad saare k\u00f5ige paremini hoitud saladused k\u00e4ttesaadavaks, muutes teie reisi elamuste aardejahiks.<\/p>\n<h4>\u23f3 Tee iga hetk oluliseks<\/h4>\n<p>Kui te <strong>rentida auto Tenerifel,<\/strong>\u00a0sa ei s\u00e4\u00e4sta mitte ainult aega - sa muudad iga puhkuse hetke oluliseks. S\u00f5itke Los Gigantese uimastavate kaljude juurde, et vaadata p\u00e4ikeseloojangut, v\u00f5i leidke lohutust Anaga Rural Parki rahulikel radadel. Teie aeg Tenerifel on teie p\u00e4ralt, mida te soovite veeta, vabana plaaniliste ekskursioonide ja \u00fchistranspordi piirangutest.<\/p>\n<h4>\ud83e\uddf3 Teie vajadustele kohandatud<\/h4>\n<p>M\u00f5istes, et igal reisijal on unikaalsed vajadused, on meie <strong>autorent Tenerife<\/strong> teenused pakuvad laia valikut v\u00f5imalusi, mis sobivad igale eelistusele ja n\u00f5udmisele. Alates luksuslikest kabriolettidest, mis lasevad teil tunda ookeanituult, kuni peres\u00f5bralike, mugavaks varustatud v\u00e4ikebussideni, <strong>CanaryVIP<\/strong> tagab, et teie s\u00f5iduk vastab teie ette kujutatud reisile.<\/p>\n<h3>\ud83c\udf1f P\u00fchendumine tipptasemele<\/h3>\n<p>Veebilehel <strong>CanaryVIP<\/strong>, tipptase on meie tegevuse keskmes. Alates meie s\u00f5idukite kvaliteedist kuni klienditeeninduseni p\u00fc\u00fcame \u00fcletada teie ootusi. Meie meeskond on alati valmis pakkuma soovitusi, abistama marsruutide osas v\u00f5i pakkuma mis tahes tuge, mida vajate teie reisi ajal. <strong>autorent Tenerife<\/strong> kogemus. Me ei ole lihtsalt teenus; me oleme teie reisipartner Tenerifel.<\/p>\n<h4>\ud83d\udddd\ufe0f Kasuta v\u00f5imalust<\/h4>\n<p>Tenerife ilu ei oota kedagi ja CanaryVIP abil ei ole kunagi varem olnud lihtsam kasutada v\u00f5imalust selle paradiisisaare avastamiseks. \u00c4rge laske omaenda seikluse loomise v\u00f5imalust k\u00e4est libiseda. <strong>Rendiauto Tenerife<\/strong> t\u00e4na ja v\u00f5tke oma puhkus kontrolli alla, koostades reisi, mis on sama ainulaadne kui teie ise.<\/p>\n<h4>\u2764\ufe0f Broneeri oma unistuste s\u00f5it juba t\u00e4na<\/h4>\n<p>Kas olete valmis avastama Tenerifet oma tingimustel?<\/p>\n<p>K\u00fclasta <strong>CanaryVIP<\/strong> n\u00fc\u00fcd, et broneerida oma ideaalne autorent. Vaid paari klikiga olete teel unustamatule reisile, mis on t\u00e4is avastamisi, vabadust ja puhast avastamisr\u00f5\u00f5mu.<\/p>\n<p>Teie seiklus ootab teid koos CanaryVIP Tenerife autorendi teenusega - broneerige kohe ja avage Tenerife v\u00f5lu.<\/p>","protected":false},"excerpt":{"rendered":"<p><strong>\ud83d\udd0d Rent a Car Tenerife:<\/strong><br \/>\n\u2705 Turvaline makse.<br \/>\n\ud83d\ude99 Mitme auto valikud.<br \/>\n\ud83d\ude80 1 kuni 30 p\u00e4eva.<br \/>\n\u2705 Kindlustus sisaldub.<br \/>\n\ud83c\udfc1 Piiramata kilomeetrid.<br \/>\n\ud83d\udc64 +25 aastat saab s\u00f5ita.<br \/>\n\ud83e\udd11 Parim hind garanteeritud.<br \/>\n\ud83d\ude8d Tasuta kohaletoimetamine teie hotelli.<br \/>\n\u2708\ufe0f Lennujaama kohaletoimetamine ja pealev\u00f5tmine.<br \/>\n\ud83d\udc6a Allahindlused aktiveeritud.<br \/>\n\ud83c\udf1f Broneeri kohe ja s\u00e4\u00e4sta!<\/p>","protected":false},"featured_media":10916,"comment_status":"open","ping_status":"closed","template":"","meta":{"_acf_changed":false},"product_brand":[],"product_cat":[83],"product_tag":[],"class_list":{"0":"post-10186","1":"product","2":"type-product","3":"status-publish","4":"has-post-thumbnail","6":"product_cat-rentals","7":"wcpa_has_options","9":"first","10":"instock","11":"virtual","12":"purchasable","13":"product-type-simple"},"acf":[],"wcpa_form_fields":{"wcpaData":{"product":{"product_price":50,"price_html":"From&nbsp;<span class=\"woocommerce-Price-amount amount\"><bdi>50,00&nbsp;<span class=\"woocommerce-Price-currencySymbol\">&euro;<\/span><\/bdi><\/span>","original_product_price":50,"price_including_tax":50,"price_excluding_tax":50,"product_id":{"parent":10186,"variation":false},"is_variable":false,"stock_status":"instock","stock_quantity":null,"parent_sku":"CV10186","product_attributes":[],"custom_fields":[],"is_taxable":false,"product_name":"Rent a Car Tenerife","hasImage":false},"fields":{"sec_4668282996d361":{"extra":{"key":"sec_4668282996d361","section_id":"sec_4668282996d361","name":"Contact us","status":1,"cl_rule":"show","enableCl":false,"relations":[],"toggle":true,"title_tag":"h3","show_title":false,"showPrice":"default","form_id":12153,"form_rules":{"exclude_from_discount":true,"fee_label":"Fee","disp_hide_options_price":true,"disp_show_section_price":false,"disp_show_field_price":true,"layout_option":"standard","pric_use_as_fee":false,"process_fee_as":"woo_fee"},"layout_option":"standard"},"fields":[[{"active":true,"col":6,"relations":false,"cl_rule":"show","enableCl":false,"price":"","enablePrice":false,"className":"","label_position":"default","desc_position":"default","type":"content","required":false,"elementId":"content_8291538701","label":"","name":"content_8291538701","contentType":"rich","value":"<p><a href=\"https:\/\/api.whatsapp.com\/send\/?phone=34629670312&amp;text&amp;type=phone_number&amp;app_absent=0\" target=\"_blank\"><strong>Contact us on WhatsApp<\/strong><\/a><strong> to get a personalized price for this activity\/excursion\/rental.<\/strong><\/p>","error":false,"subtype":"div","gt_translate_keys":["label","value"],"price_dependency":false,"cl_dependency":false}]]},"sec_16644ac1d03e64":{"extra":{"key":"sec_16644ac1d03e64","section_id":"sec_16644ac1d03e64","name":"Default","status":1,"cl_rule":"show","enableCl":false,"relations":[],"toggle":true,"title_tag":"h3","show_title":false,"showPrice":"default","form_id":11506,"form_rules":{"exclude_from_discount":true,"fee_label":"Fee","disp_hide_options_price":true,"disp_show_section_price":false,"disp_show_field_price":true,"layout_option":"standard","pric_use_as_fee":false,"process_fee_as":"woo_fee"},"layout_option":"standard"},"fields":[]}},"config":{"price_override":"","enable_recaptcha":false,"bind_quantity":false,"quantity_bind_formula":false,"disp_summ_show_option_price":true,"disp_summ_show_product_price":true,"disp_summ_show_total_price":true,"disp_summ_show_fee":true,"disp_summ_show_discount":true,"summary_title":"","options_total_label":"Options Price","total_label":"Total","options_product_label":"Product Price","fee_label":"Fee","discount_label":"Discount","has_price":true,"has_quantity_formula":false},"mc_unit":1,"tax_rate":1,"tax_rate_real":1,"discount":{"percentage":0,"fixed":0},"design":{"conf":{"LabelPosition":"above","DescPosition":"above","UploadField":"custom_1","QuantityFieldStyle":"custom_1"},"css":{"LeftLabelWidth":"120px"}},"formulas":[],"lookuptables":[],"clones":false,"cartKey":false}},"_links":{"self":[{"href":"https:\/\/canaryvip.com\/et\/wp-json\/wp\/v2\/product\/10186","targetHints":{"allow":["GET"]}}],"collection":[{"href":"https:\/\/canaryvip.com\/et\/wp-json\/wp\/v2\/product"}],"about":[{"href":"https:\/\/canaryvip.com\/et\/wp-json\/wp\/v2\/types\/product"}],"replies":[{"embeddable":true,"href":"https:\/\/canaryvip.com\/et\/wp-json\/wp\/v2\/comments?post=10186"}],"wp:featuredmedia":[{"embeddable":true,"href":"https:\/\/canaryvip.com\/et\/wp-json\/wp\/v2\/media\/10916"}],"wp:attachment":[{"href":"https:\/\/canaryvip.com\/et\/wp-json\/wp\/v2\/media?parent=10186"}],"wp:term":[{"taxonomy":"product_brand","embeddable":true,"href":"https:\/\/canaryvip.com\/et\/wp-json\/wp\/v2\/product_brand?post=10186"},{"taxonomy":"product_cat","embeddable":true,"href":"https:\/\/canaryvip.com\/et\/wp-json\/wp\/v2\/product_cat?post=10186"},{"taxonomy":"product_tag","embeddable":true,"href":"https:\/\/canaryvip.com\/et\/wp-json\/wp\/v2\/product_tag?post=10186"}],"curies":[{"name":"wp","href":"https:\/\/api.w.org\/{rel}","templated":true}]}}