{"id":10109,"date":"2024-02-25T19:09:18","date_gmt":"2024-02-25T19:09:18","guid":{"rendered":"https:\/\/canaryvip.com\/?post_type=product&#038;p=10109"},"modified":"2025-11-25T16:28:10","modified_gmt":"2025-11-25T16:28:10","slug":"gulliver-private-yacht-charter-tenerife","status":"publish","type":"product","link":"https:\/\/canaryvip.com\/et\/shop\/gulliver-private-yacht-charter-tenerife\/","title":{"rendered":"Gulliver: Gulliver: Yacht Hire Tenerife"},"content":{"rendered":"<h2><strong>\ud83d\udee5\ufe0f Gulliveri jaht = Unustamatud hetked<\/strong><\/h2>\n<p>Astuge mereliku naudingu maailma koos Gulliveri jahiga, Tenerife esmaklassilise peres\u00f5braliku jahi, mis on loodud pakkuma p\u00f5nevust, vaba aega ja meeldej\u00e4\u00e4vaid elamusi. See 20-meetrine p\u00e4rl seab lavale v\u00f5rratu mereseiklus, mis sobib ideaalselt peredele ja gruppidele, kes otsivad eksklusiivset t\u00fckikest ookeaniparadiisi.<\/p>\n<h3>\u2b50\ufe0f <strong>Piirideta r\u00f5\u00f5m ja mugavus pardal<\/strong><\/h3>\n<p><span style=\"text-decoration: underline;\"><strong>Avastage Gulliveri erakordsed omadused:<\/strong><\/span><\/p>\n<ul>\n<li>Ruumikas terrass, mis on m\u00f5eldud \u00fclimaks pere nautimiseks.<\/li>\n<li>Kutsuvad p\u00e4ikesepadjad p\u00e4ikesepaiste nautimiseks mugavalt.<\/li>\n<li>V\u00e4rskendavad veem\u00e4nguasjad, sealhulgas t\u00e4ispuhutav lium\u00e4gi, aerulaud ja veealused rollerid igas vanuses.<\/li>\n<li>K\u00fclluslikud s\u00f6\u00f6gikohad, mis vastavad erinevatele toitumisvajadustele, sealhulgas gluteenivabad valikud.<\/li>\n<li>Piiramatu hulk karastusjooke: karastusjoogid, vein, \u00f5lu, sangria ja cava, et teie merereisi oleks p\u00f5nevam.<\/li>\n<\/ul>\n<h4>\ud83d\udea4 <strong>Avastusretk<\/strong><\/h4>\n<p>Teie seiklus algab aadressil <a href=\"https:\/\/www.google.com\/maps\/place\/Puerto+Col%C3%B3n\/@28.078002,-16.7394902,17z\/data=!3m2!4b1!5s0xc6a97433884bdf9:0x76d293b7b99db23a!4m6!3m5!1s0xc6a9743509c9ebf:0xd62345524f768247!8m2!3d28.078002!4d-16.7369153!16s%2Fg%2F11c6cqryw_?entry=ttu\" target=\"_blank\" rel=\"noopener\">Puerto Col\u00f3n<\/a>Costa Adeje elava mereelu s\u00fcdames, kus Gulliver ootab teid intiimsele reisile, mis on piiratud 12 k\u00fclalisega. See tagab isikliku ja eksklusiivse kogemuse, olenemata sellest, kas purjetate paar tundi v\u00f5i alustate suurejoonelist avastusretke.<\/p>\n<h4>\ud83c\udf0a <strong>Osalege v\u00f5rratu meres\u00f5idu tegevuses<\/strong><\/h4>\n<p>Niipea, kui astute Gulliveri pardale, kutsuvad seiklused. Tenerife lummavad veed muutuvad teie m\u00e4nguv\u00e4ljakuks, pakkudes piiramatuid v\u00f5imalusi l\u00f5butsemiseks ja avastamiseks. Sukelduge mere v\u00e4rskendavasse embusse, s\u00f5itke lainetel aerulaual v\u00f5i uurige veealust maailma meie tipptasemel snorgeldamisvarustuse abil. Iga tegevus on loodud selleks, et muuta teie mereseiklus t\u00f5eliselt unustamatuks, kutsudes teid \u00fcles looma m\u00e4lestusi, mis kestavad kogu elu.<\/p>\n<h4>\ud83d\udc2c <strong>K\u00f5rgetasemeline Elegantsus erakordse v\u00e4\u00e4rtusega<\/strong><\/h4>\n<p>CanaryVIP t\u00f5stab <a href=\"https:\/\/canaryvip.com\/et\/tenerife\/boat-hire-tenerife\/?swcfpc=1\">Jahi prahtimine<\/a> kogemus Gulliveriga, mis \u00fchendab k\u00fcllusliku luksuse \u00fcletamatu v\u00e4\u00e4rtusega. Avastage seiklus, kus taskukohasus ja keerukus kohtuvad, koos konkurentsiv\u00f5imeliste hindadega, mis h\u00f5lmavad k\u00f5iki mugavusi ja teenuseid, mis on vajalikud m\u00e4rkimisv\u00e4\u00e4rseks merereisiks.<\/p>\n<h3>\ud83d\udd52 <strong>Vali oma seiklus: Pikaajalise majutuseni<\/strong><\/h3>\n<ul>\n<li><b>3,5-tunnine harta: <\/b>Otsid l\u00f5busat ja lihtsat viisi ookeani nautimiseks? See 3,5-tunnine era\u00f5iguslik prahtimine sobib ideaalselt peredele v\u00f5i r\u00fchmadele, kes soovivad l\u00f5dvestunud sissejuhatust Tenerife uimastava rannikuga. Ujuge, snorgeldage ja nautige meretuult, kasutades samal ajal meie pardal asuvat vesiliugu - see on nii laste kui ka t\u00e4iskasvanute lemmik!<\/li>\n<li><b>5-tunnine harta: <\/b><span style=\"font-weight: 400;\">Kas vajate rohkem aega uurimiseks? 5-tunnine tellimuslend annab teile t\u00e4iusliku tasakaalu seikluste ja l\u00f5\u00f5gastumise vahel. S\u00f5idate m\u00f6\u00f6da rannikut, ankruteerite peidetud lahtedes ning naudite ujumist, snorgeldamist ja p\u00e4evitamist. Loomulikult on vees lium\u00e4gi alati valmis, et vees veel rohkem l\u00f5butseda. Ideaalne neile, kes soovivad v\u00f5tta asju oma tempos.<\/span><\/li>\n<li><b>7-tunnine harta - reis Los Gigantes'ile: <\/b><span style=\"font-weight: 400;\">T\u00f5eliselt unustamatu p\u00e4ev merel - meie 7-tunnine prahtimine viib teid Los Gigantese dramaatiliste kaljude juurde, mis on \u00fcks Tenerife ikoonilisemaid loodusimedeid. Teel on teil palju aega ujumiseks, snorgeldamiseks ja selle hingematva reisi iga nurga nautimiseks. Pardal olev vesiliug lisab sellele m\u00e4ngulist v\u00fcrtsi, mist\u00f5ttu on see hitt gruppidele, peredele v\u00f5i paaridele, kes soovivad kogeda Tenerifet t\u00e4iesti uuest vaatenurgast.<\/span><\/li>\n<\/ul>\n<h3>\u2705 <strong>K\u00f5ik, mida vajate t\u00e4iuslikuks p\u00e4evaks merel<\/strong><\/h3>\n<ul>\n<li>Tasuta gurmee-h\u00f5rgutised ja piiramatu hulk jooke k\u00f5igile vanusegruppidele.<\/li>\n<li>Kogenud, mitmekeelne meeskond, kes on valmis rahuldama k\u00f5iki teie vajadusi, sealhulgas p\u00fchendunud ettekandja ja kapten.<\/li>\n<li>T\u00e4ielik snorgeldamisvarustus veealusteks seiklusteks.<\/li>\n<li>VIP-kohtlemine mugavate istekohtade ja rohkelt ruumi igale k\u00fclalisele.<\/li>\n<\/ul>\n<h3>\ud83d\udccd <strong>Laevale minek Puerto Col\u00f3nist: Col\u00f3n: Teie v\u00e4rav seiklusesse<\/strong><\/h3>\n<p>Puerto Col\u00f3n asub v\u00e4rava 3 juures Costa Adeje s\u00fcdames, mis on ideaalne l\u00e4htepunkt teie Gulliveri jahtide kogemusele. Saabuge vaid 15 minutit enne teie plaanitud v\u00e4ljumist, et tagada sujuv algus teie seiklusele, ning sadamas on mugav parkimine, mis tagab h\u00f5lpsa ligip\u00e4\u00e4su.<\/p>\n<h4>\ud83d\udcdc <strong>Mugav broneerimine ja selged reeglid meelerahu tagamiseks<\/strong><\/h4>\n<p>Gulliveri jahtide seiklusele minek on kavandatud nii, et see oleks v\u00f5imalikult sujuv, alates broneeringu tegemisest kuni pardale astumiseni. CanaryVIP seab prioriteediks teie mugavuse ja turvalisuse, tagades, et teie reisi iga aspekt on kaetud selgelt ja hoolikalt.<\/p>\n<ul>\n<li><strong>Ilmaga seotud garantii<\/strong>: Me j\u00e4lgime merd, et purjetamine oleks sujuv. Ebasoodsate tingimuste korral saate valida kas \u00fcmberplaneerimise v\u00f5i t\u00e4ieliku raha tagasimaksmise vahel, tagades eelk\u00f5ige teie ohutuse ja rahulolu.<\/li>\n<li><strong>Paindlik t\u00fchistamine<\/strong>: Plaanid muutuvad ja me m\u00f5istame seda. T\u00fchista kuni 5 p\u00e4eva enne reisi ja saad kogu raha tagasi. V\u00e4hem kui 5 p\u00e4eva ette teatades v\u00f5i mitteilmumise korral ei saa kahjuks raha tagasi maksta. Pange t\u00e4hele, et maksete t\u00f6\u00f6tlemise tasu, mis on v\u00f5rdne 3% kogu maksest, ei kuulu igal juhul tagastamisele.<\/li>\n<li><strong>Lihtne juurdep\u00e4\u00e4s piletitele<\/strong>: Hoidke oma pardakaart telefoni v\u00f5i v\u00e4ljatr\u00fckituna k\u00e4ep\u00e4rast. Meie digitaalsed piletid tagavad, et olete valmis ilma probleemideta purjetama.<\/li>\n<li><strong>P\u00f5hjalik hooldus<\/strong>: Kui te tunnete end halvasti v\u00f5i otsustate oma reisi ennet\u00e4htaegselt l\u00f5petada, on meie meeskond valmis teid aitama, kuigi sellistel juhtudel ei ole v\u00f5imalik raha tagasi maksta.<\/li>\n<li><strong>Maksete paindlikkus<\/strong>: Valige teile sobiv makseviis.<\/li>\n<\/ul>\n<p><strong>\ud83c\udf0a\ud83c\udf1f\ud83d\udee5\ufe0f Broneerige oma Gulliveri jaht CanaryVIP-ga juba t\u00e4na ja avage uks unustamatutele hetkedele merel.<\/strong><\/p>","protected":false},"excerpt":{"rendered":"<p><strong>\ud83d\udd0d Gulliveri harta:<\/strong><br \/>\n\u2705 Turvaline makse.<br \/>\n\ud83d\udd10 Saadaval on eraviisilised ekskursioonid.<br \/>\n<span>\ud83d\udc65 Jagatud ekskursioonid saadaval.<\/span><br \/>\n\ud83d\udee5\ufe0f 20m Yacht Comfort.<br \/>\n\u23f3 Igap\u00e4evased ekskursioonid 3-9h.<br \/>\n\ud83d\udd59 Kohandatavad v\u00e4ljumisajad.<br \/>\n\ud83c\udf74 S\u00f6\u00f6gid ja joogid kaasa arvatud.<br \/>\n\ud83d\udc65 Kuni 12 k\u00fclalist.<br \/>\n\ud83e\udd29 L\u00f5busad t\u00e4ispuhutavad tooted.<br \/>\n\ud83d\udef6 Kaasa arvatud kajakid.<br \/>\n\ud83d\udeb2 Mereveerattad.<br \/>\n\ud83d\udedd Ultimate Water Slide.<br \/>\n\ud83c\udfc4\u200d\u2640\ufe0f Paddle Boards Included.<br \/>\n\ud83e\udd3f Snorkelivarustus on ette n\u00e4htud.<br \/>\n\ud83d\udd0a M\u00e4ngi oma muusikat.<br \/>\n\ud83e\udd11 Parim hind garanteeritud.<br \/>\n\ud83d\udc6a Allahindlused aktiveeritud.<br \/>\n\ud83d\udd01 Kuni 5 p\u00e4eva t\u00fchistamine.<br \/>\n\ud83c\udf0d Mitmekeelne meeskond.<br \/>\n\ud83c\udf1f Broneeri varakult ja s\u00e4\u00e4sta!<br \/>\n\ud83d\udccd Lahkumine\u00a0<a href=\"https:\/\/maps.app.goo.gl\/ocJuu7A8R1JWjPbS9\">Puerto Colon<\/a>.<\/p>","protected":false},"featured_media":10114,"comment_status":"open","ping_status":"closed","template":"","meta":{"_acf_changed":false},"product_brand":[],"product_cat":[47],"product_tag":[],"class_list":{"0":"post-10109","1":"product","2":"type-product","3":"status-publish","4":"has-post-thumbnail","6":"product_cat-boat-hire-tenerife","7":"wcpa_has_options","9":"first","10":"instock","11":"sale","12":"virtual","13":"purchasable","14":"product-type-simple"},"acf":[],"wcpa_form_fields":{"wcpaData":{"product":{"product_price":895,"price_html":"From&nbsp;<del aria-hidden=\"true\"><span class=\"woocommerce-Price-amount amount\"><bdi>950,00&nbsp;<span class=\"woocommerce-Price-currencySymbol\">&euro;<\/span><\/bdi><\/span><\/del> <span class=\"screen-reader-text\">Esialgne hind oli: 950,00&nbsp;&euro;.<\/span><ins aria-hidden=\"true\"><span class=\"woocommerce-Price-amount amount\"><bdi>895,00&nbsp;<span class=\"woocommerce-Price-currencySymbol\">&euro;<\/span><\/bdi><\/span><\/ins><span class=\"screen-reader-text\">Praegune hind on: 895,00&nbsp;&euro;.<\/span>","original_product_price":950,"price_including_tax":895,"price_excluding_tax":895,"product_id":{"parent":10109,"variation":false},"is_variable":false,"stock_status":"instock","stock_quantity":null,"parent_sku":"CV10109","product_attributes":[],"custom_fields":[],"is_taxable":false,"product_name":"Gulliver: Yacht Hire Tenerife","hasImage":false},"fields":{"sec_96638f078b8951":{"extra":{"key":"sec_96638f078b8951","section_id":"sec_96638f078b8951","name":"Default","status":1,"cl_rule":"show","enableCl":false,"relations":[],"toggle":true,"title_tag":"h3","show_title":false,"showPrice":"default","form_id":11398,"form_rules":{"exclude_from_discount":true,"fee_label":"Fee","disp_hide_options_price":true,"disp_show_section_price":false,"disp_show_field_price":true,"layout_option":"standard","pric_use_as_fee":false,"process_fee_as":"woo_fee"},"layout_option":"standard"},"fields":[[{"label":"\ud83d\udcc5 Date","active":true,"required":true,"elementId":"date_106638f078b8973","picker_type":"custom","picker_mode":"single","placeholder":"","description":"","tooltip":"","name":"date_106638f078b8973","label_position":"default","desc_position":"default","enablePrice":false,"className":"","enableCl":false,"relations":[{"operator":"and","rules":[{"operator":"AND","rules":{"cl_field":"radio-group_565c78ffa81208","cl_relation":"is","cl_val":"3 Hour Trip"}}]}],"date_pic_inline":true,"date_pic_inline_hide":true,"min_date":{"type":"days","val":"1"},"max_date":{"type":"days","val":"365"},"date_pic_conf":{"disabledWeeks":[],"disabledDates":["2024-06-30","2024-07-25","2024-11-28 to 2024-12-04","2025-03-29"]},"price":"","cl_rule":"show","col":6,"type":"date","error":false,"enableDesign":false,"LabelColor":"","gt_translate_keys":["label","placeholder","description","tooltip"],"price_dependency":false,"cl_dependency":false,"value":""}],[{"elementId":"separator_66638f078b898d","separatorType":"blank","className":"","height":"3","enableCl":false,"relations":false,"cl_rule":"show","col":6,"type":"separator","error":false,"gt_translate_keys":[],"price_dependency":false,"cl_dependency":false,"value":""}],[{"active":true,"col":6,"relations":false,"cl_rule":"show","enableCl":false,"price":"","enablePrice":true,"className":"","label_position":"default","desc_position":"default","type":"select","required":true,"elementId":"select_96638f078b8998","label":"\u23f3 Trip Duration","name":"select_96638f078b8998","values":[{"label":"3.5 Hours (895\u20ac)","value":"3","selected":false,"tempId":"aco_556","price":"895","gt_translate_keys":["label"]},{"label":"5 Hours (1.200\u20ac)","value":"5","selected":false,"tempId":"aco_141","price":"1200","gt_translate_keys":["label"]},{"label":"7 Hours (1.750\u20ac)","value":"7","selected":false,"tempId":"aco_151","price":"1750","gt_translate_keys":["label"]}],"dropdown_type":"basic","error":false,"placeholder":"Select Trip Duration","priceOptions":"different_for_all","pricingType":"fixed","is_show_price":false,"gt_translate_keys":["label","placeholder"],"price_dependency":false,"cl_dependency":false,"value":""}],[{"active":true,"col":6,"relations":false,"cl_rule":"show","enableCl":false,"price":"","enablePrice":true,"className":"","label_position":"default","desc_position":"default","type":"select","required":false,"elementId":"select_0041641856","label":"\ud83d\udca6 Add jet-skis?","name":"select_0041641856","values":[{"label":"2 JetSkis for 1 Hour (500\u20ac)","value":"2 x JetSki for 1 Hour","selected":false,"tempId":"aco_2502","price":"500","gt_translate_keys":["label"]},{"label":"1 JetSki for 2 Hours (500\u20ac)","value":"1 x JetSki for 2 Hours","selected":false,"tempId":"aco_2503","price":"500","gt_translate_keys":["label"]},{"label":"2 JetSkis for 2 Hours (800\u20ac)","value":"2 x JetSki for 2 Hours","selected":false,"tempId":"aco_2927","price":"800","gt_translate_keys":["label"]}],"dropdown_type":"basic","error":false,"description":"Private JetSki tour from the boat with a JetSki instructor.","placeholder":"None","priceOptions":"different_for_all","pricingType":"fixed","is_show_price":false,"isWeightTemplate":false,"isTemplate":false,"min_quantity":"1","quantity_decimal":false,"quantity_step":"1","quantity_label":"Quantity","repeater_field_label":"{field_label}","repeater_bind":"","gt_translate_keys":["label","placeholder","description","repeater_field_label","quantity_label"],"price_dependency":false,"cl_dependency":false,"value":""}],[{"elementId":"separator_16638f078b89f1","separatorType":"blank","className":"","height":"1","enableCl":false,"relations":false,"cl_rule":"show","col":6,"type":"separator","error":false,"gt_translate_keys":[],"price_dependency":false,"cl_dependency":false,"value":""}],[{"active":true,"col":6,"relations":[{"operator":false,"rules":[{"operator":"AND","rules":{"cl_field":"radio-group_565c78ffa81208","cl_relation":"is","cl_val":"3 Hour Trip"}}]}],"cl_rule":"show","enableCl":false,"price":"","enablePrice":false,"className":"","label_position":"default","desc_position":"default","type":"select","required":false,"elementId":"select_76638f078b89d4","label":"\u23f0 Departure Time","name":"select_76638f078b89d4","values":[{"label":"10:00","value":"10:00","selected":false,"tempId":"aco_1472","gt_translate_keys":["label"]},{"label":"14:00 (2:00 PM)","value":"14:00","selected":false,"tempId":"aco_1728","gt_translate_keys":["label"]},{"label":"17:30 (5:30 PM)","value":"17:30","selected":false,"tempId":"aco_28","gt_translate_keys":["label"]}],"dropdown_type":"basic","error":false,"placeholder":"Whichever Time is Best","gt_translate_keys":["label","placeholder"],"price_dependency":false,"cl_dependency":false,"value":""}],[{"elementId":"separator-2954713577","separatorType":"blank","className":"","height":"1","enableCl":false,"relations":false,"cl_rule":"show","col":6,"type":"separator","gt_translate_keys":[],"price_dependency":false,"cl_dependency":false,"value":""}],[{"label":"\u2705 Number of People","active":true,"required":true,"elementId":"select_76638f078b89e7","dropdown_type":"basic","placeholder":"Select Number of People","name":"select_76638f078b89e7","label_position":"default","desc_position":"default","enablePrice":true,"className":"","enableCl":false,"relations":[{"operator":false,"rules":[{"operator":"AND","rules":{"cl_field":"radio-group_565c78ffa81208","cl_relation":"is","cl_val":"3 Hour Trip"}}]}],"values":[{"label":"1 person","value":"1","selected":false,"tempId":"aco_1471","gt_translate_keys":["label"]},{"label":"2 people","value":"2","selected":false,"tempId":"aco_1472","gt_translate_keys":["label"]},{"label":"3 people (+10\u20ac)","value":"3","selected":false,"tempId":"aco_1500","price":"10","gt_translate_keys":["label"]},{"label":"4 people (+20\u20ac)","value":"4","selected":false,"tempId":"aco_1510","price":"20","gt_translate_keys":["label"]},{"label":"5 people (+30\u20ac)","value":"5","selected":false,"tempId":"aco_1520","price":"30","gt_translate_keys":["label"]},{"label":"6 people (+40\u20ac)","value":"6","selected":false,"tempId":"aco_1728","price":"40","gt_translate_keys":["label"]},{"label":"7 people (+50\u20ac)","value":"7","selected":false,"tempId":"aco_1738","price":"50","gt_translate_keys":["label"]},{"label":"8 people (+60\u20ac)","value":"8","selected":false,"tempId":"aco_1748","price":"60","gt_translate_keys":["label"]},{"label":"9 people (+70\u20ac)","value":"9","selected":false,"tempId":"aco_1912","price":"70","gt_translate_keys":["label"]},{"label":"10 people (+80\u20ac)","value":"10","selected":false,"tempId":"aco_1922","price":"80","gt_translate_keys":["label"]},{"label":"11 People (+90\u20ac)","value":"11","selected":false,"tempId":"aco_19","price":"90","gt_translate_keys":["label"]},{"label":"12 People (+100\u20ac)","value":"12","selected":false,"tempId":"aco_29","price":"100","gt_translate_keys":["label"]}],"price":"","cl_rule":"show","col":6,"type":"select","error":false,"priceOptions":"different_for_all","pricingType":"fixed","gt_translate_keys":["label","placeholder"],"price_dependency":false,"cl_dependency":false,"value":""}],[{"elementId":"separator_26638f078b89de","separatorType":"blank","className":"","height":"1","enableCl":false,"relations":false,"cl_rule":"show","col":6,"type":"separator","gt_translate_keys":[],"price_dependency":false,"cl_dependency":false,"value":""}]]}},"config":{"price_override":"always","enable_recaptcha":false,"bind_quantity":false,"quantity_bind_formula":false,"disp_summ_show_option_price":true,"disp_summ_show_product_price":false,"disp_summ_show_total_price":true,"disp_summ_show_fee":true,"disp_summ_show_discount":true,"summary_title":"","options_total_label":"Options Price","total_label":"Total Amount","options_product_label":"Product Price","fee_label":"Fee","discount_label":"Discount","has_price":true,"has_quantity_formula":false},"mc_unit":1,"tax_rate":1,"tax_rate_real":1,"discount":{"percentage":0,"fixed":0},"design":{"conf":{"LabelPosition":"above","DescPosition":"above","UploadField":"custom_1","QuantityFieldStyle":"custom_1"},"css":{"LeftLabelWidth":"120px"}},"formulas":{"fmla_1708360988969136756":"(({field.select_56638eb5b235ae.value}>=3)?(1200):(({field.select_56638eb5b235ae.value}>=2)?(850):(({field.select_56638eb5b235ae.value}>=1)?(540):(0))))","fmla_1708364241278155361":"(({field.select_5841412719.value}>=8)?({field.select_5841412719.price}):(({field.select_5841412719.value}>=5)?({field.select_5841412719.price}):(({field.select_5841412719.value}>=3)?({field.select_5841412719.price}):(0))))"},"lookuptables":[],"clones":false,"cartKey":false}},"_links":{"self":[{"href":"https:\/\/canaryvip.com\/et\/wp-json\/wp\/v2\/product\/10109","targetHints":{"allow":["GET"]}}],"collection":[{"href":"https:\/\/canaryvip.com\/et\/wp-json\/wp\/v2\/product"}],"about":[{"href":"https:\/\/canaryvip.com\/et\/wp-json\/wp\/v2\/types\/product"}],"replies":[{"embeddable":true,"href":"https:\/\/canaryvip.com\/et\/wp-json\/wp\/v2\/comments?post=10109"}],"wp:featuredmedia":[{"embeddable":true,"href":"https:\/\/canaryvip.com\/et\/wp-json\/wp\/v2\/media\/10114"}],"wp:attachment":[{"href":"https:\/\/canaryvip.com\/et\/wp-json\/wp\/v2\/media?parent=10109"}],"wp:term":[{"taxonomy":"product_brand","embeddable":true,"href":"https:\/\/canaryvip.com\/et\/wp-json\/wp\/v2\/product_brand?post=10109"},{"taxonomy":"product_cat","embeddable":true,"href":"https:\/\/canaryvip.com\/et\/wp-json\/wp\/v2\/product_cat?post=10109"},{"taxonomy":"product_tag","embeddable":true,"href":"https:\/\/canaryvip.com\/et\/wp-json\/wp\/v2\/product_tag?post=10109"}],"curies":[{"name":"wp","href":"https:\/\/api.w.org\/{rel}","templated":true}]}}