{"id":9195,"date":"2024-01-28T19:23:23","date_gmt":"2024-01-28T19:23:23","guid":{"rendered":"https:\/\/canaryvip.com\/?page_id=9195"},"modified":"2026-03-04T18:17:48","modified_gmt":"2026-03-04T18:17:48","slug":"collaborate-with-canaryvip","status":"publish","type":"page","link":"https:\/\/canaryvip.com\/et\/collaborate-with-canaryvip\/","title":{"rendered":"Partnerlus CanaryVIP-ga: Paku oma kogemusi rahvusvahelistele reisijatele"},"content":{"rendered":"<p>Hakka CanaryVIP partneriks ja tutvusta oma tegevust reisijatele \u00fcle kogu maailma. Kuna meie platvorm kasvab j\u00e4tkuvalt Tenerifel, Gran Canarial, Fuerteventural, Lanzarotel, La Palmal ja El Hierrol, otsime aktiivselt koost\u00f6\u00f6d professionaalsete tegevuste pakkujate ja reisikorraldajatega.<\/p>\n<p>Meie eesm\u00e4rk on lihtne: \u00fchendada kvaliteetsed kohalikud elamused rahvusvaheliste k\u00fclastajatega, kes soovivad avastada Kanaari saarte parimat, mida neil pakkuda on.<\/p>\n<h2>Reiside ja tegevuste korraldajad<\/h2>\n<p>Kui korraldate Kanaari saartel ekskursioone, paadimatku, v\u00e4liseiklusi, veespordialasid, juhendatud elamusi v\u00f5i muid ainulaadseid tegevusi, aitab CanaryVIP teil j\u00f5uda laiema sihtr\u00fchmani.<\/p>\n<p>Meie platvormi kaudu saab teie tegevus n\u00e4htavaks rahvusvaheliste reisijate seas, kes otsivad aktiivselt tegevusi, mida teha Kanaari saartel viibimise ajal.<\/p>\n<p>Koost\u00f6\u00f6s CanaryVIP-ga v\u00f5ib teie tegevus saada kasu:<\/p>\n<p>- Suurem kokkupuude rahvusvaheliste k\u00fclastajatega<br \/>\n- T\u00e4iendavad broneeringud meie veebiplatvormi kaudu<br \/>\n- Edendamine meie digitaalsete turunduskanalite kaudu<br \/>\n- Lihtne ja l\u00e4bipaistev koost\u00f6\u00f6mudel<\/p>\n<p>Teeme koost\u00f6\u00f6d hoolikalt valitud partneritega, kes pakuvad k\u00fclastajatele professionaalseid, turvalisi ja meeldej\u00e4\u00e4vaid kogemusi.<\/p>\n<h2>N\u00f5uded koost\u00f6\u00f6le<\/h2>\n<p>Et tagada klientidele parim kogemus, teeme koost\u00f6\u00f6d ettev\u00f5tjatega, kes vastavad professionaalsetele ja \u00f5iguslikele standarditele. See h\u00f5lmab asjakohaste litsentside olemasolu, kindlustust ja vajaduse korral kohalike eeskirjade j\u00e4rgimist.<\/p>\n<p>Me hindame partnereid, kes on usaldusv\u00e4\u00e4rsed, suhtlevad selgelt ja hoiavad k\u00fclaliste teenindamise taset k\u00f5rgel.<\/p>\n<h2>Tegevused, mida me otsime<\/h2>\n<p>Oleme huvitatud koost\u00f6\u00f6st paljude erinevate tegevuste pakkujatega \u00fcle Kanaari saarte, sealhulgas:<\/p>\n<p>- Paadimatkad ja erajahtide prahtimine<br \/>\n- Vaalade ja delfiinide vaatlusekskursioonid<br \/>\n- Jett-suusatamine ja veespordi harrastamine<br \/>\n- Quad ja buggy seiklused<br \/>\n- Matkad ja loodusmatkad<br \/>\n- Kultuurilised ja juhendatud kogemused<br \/>\n- Sukeldumine, snorgeldamine ja ookeaniga seotud tegevused<\/p>\n<p>Kui te pakute ainulaadset kogemust, mida Kanaari saarte k\u00fclastajad naudiksid, siis oleksime r\u00f5\u00f5msad, kui saaksime teiega \u00fchendust v\u00f5tta.<\/p>\n<h2>Suurendage oma broneeringuid CanaryVIP-ga<\/h2>\n<p>Meie eesm\u00e4rk on toetada kohalikke ettev\u00f5tjaid, muutes samal ajal reisijatele Kanaari saarte autentsete elamuste avastamist ja broneerimist lihtsamaks.<\/p>\n<p>Kui soovite, et teie ekskursioone v\u00f5i teenuseid tutvustataks CanaryVIP-s, v\u00f5tke \u00fchendust meie meeskonnaga ja r\u00e4\u00e4kige meile oma tegevusest l\u00e4hemalt.<\/p>\n<p><strong>Kas olete huvitatud koost\u00f6\u00f6st? V\u00f5tke meiega juba t\u00e4na \u00fchendust ja uurime, kuidas saame koos kasvada.<\/strong><\/p>","protected":false},"excerpt":{"rendered":"<p>Become a partner of CanaryVIP and showcase your activities to travelers from around the world. As our platform continues to grow across Tenerife, Gran Canaria, Fuerteventura, Lanzarote, La Palma, and El Hierro, we are actively looking to collaborate with professional activity providers and tour operators. Our goal is simple: connect high-quality local experiences with international&#8230;<\/p>","protected":false},"author":1,"featured_media":0,"parent":0,"menu_order":0,"comment_status":"closed","ping_status":"closed","template":"","meta":{"_acf_changed":false,"footnotes":""},"class_list":["post-9195","page","type-page","status-publish","hentry"],"acf":[],"_links":{"self":[{"href":"https:\/\/canaryvip.com\/et\/wp-json\/wp\/v2\/pages\/9195","targetHints":{"allow":["GET"]}}],"collection":[{"href":"https:\/\/canaryvip.com\/et\/wp-json\/wp\/v2\/pages"}],"about":[{"href":"https:\/\/canaryvip.com\/et\/wp-json\/wp\/v2\/types\/page"}],"author":[{"embeddable":true,"href":"https:\/\/canaryvip.com\/et\/wp-json\/wp\/v2\/users\/1"}],"replies":[{"embeddable":true,"href":"https:\/\/canaryvip.com\/et\/wp-json\/wp\/v2\/comments?post=9195"}],"version-history":[{"count":8,"href":"https:\/\/canaryvip.com\/et\/wp-json\/wp\/v2\/pages\/9195\/revisions"}],"predecessor-version":[{"id":16786,"href":"https:\/\/canaryvip.com\/et\/wp-json\/wp\/v2\/pages\/9195\/revisions\/16786"}],"wp:attachment":[{"href":"https:\/\/canaryvip.com\/et\/wp-json\/wp\/v2\/media?parent=9195"}],"curies":[{"name":"wp","href":"https:\/\/api.w.org\/{rel}","templated":true}]}}