{"id":8956,"date":"2024-01-16T17:06:23","date_gmt":"2024-01-16T17:06:23","guid":{"rendered":"https:\/\/canaryvip.com\/?page_id=8956"},"modified":"2026-03-07T10:37:58","modified_gmt":"2026-03-07T10:37:58","slug":"best-guaranteed-price-policy","status":"publish","type":"page","link":"https:\/\/canaryvip.com\/et\/best-guaranteed-price-policy\/","title":{"rendered":"Parima garanteeritud hinna poliitika"},"content":{"rendered":"<section class=\"l-section wpb_row us_custom_4af741be height_auto\"><div class=\"l-section-h i-cf\"><div class=\"g-cols vc_row via_flex valign_top type_default stacking_default\"><div class=\"vc_col-sm-12 wpb_column vc_column_container\"><div class=\"vc_column-inner\"><div class=\"wpb_wrapper\"><div class=\"wpb_text_column\"><div class=\"wpb_wrapper\"><p>Veebilehel <strong>CanaryVIP<\/strong>, me tahame, et sa kogeksid Tenerife parimaid k\u00fclalisi, ilma et sa kunagi \u00fcle maksaksid. Meie hinnav\u00f5rdlusgarantii peegeldab meie p\u00fchendumust pakkuda k\u00f5ige konkurentsiv\u00f5imelisemaid hindu turul.<\/p>\n<h2>1. Kuidas see toimib<\/h2>\n<p>Kui leiate sama ekskursiooni v\u00f5i tegevuse, mis on m\u00f5nel teisel veebisaidil madalama hinnaga, pakume teile sama hinda. See protsess on lihtne ja kehtib nii enne kui ka p\u00e4rast broneeringu tegemist.<\/p>\n<h3>1.1 Mis vastab n\u00f5uetele<\/h3>\n<p>Selleks, et konkureeriv pakkumine vastaks hinnav\u00f5rdlusele, peavad k\u00f5ik j\u00e4rgmised tingimused olema t\u00e4idetud:<\/p>\n<ul>\n<li>Pakkumine peab viitama t\u00e4pselt samale tootele v\u00f5i teenusele, mis on saadaval CanaryVIP-s.<\/li>\n<li>Broneeringu kuup\u00e4evad peavad olema identsed.<\/li>\n<li>M\u00f5lema pakkumise t\u00fchistamispoliitika ja \u00fcldtingimused peavad vastama.<\/li>\n<\/ul>\n<h3>1.2 Mis ei kvalifitseeru<\/h3>\n<p>On konkreetseid olukordi, kus hinnav\u00f5rdlust ei saa kohaldada:<\/p>\n<ul>\n<li><strong>Varjatud v\u00f5i tingimuslikud \u00fcksikasjad:<\/strong> Kui konkureeriv pakkumine varjab p\u00f5hiteavet toote v\u00f5i teenuse kohta alles p\u00e4rast seda, kui klient on v\u00f5tnud kohustuse broneerida.<\/li>\n<li><strong>Lojaalsus, preemiad v\u00f5i viitehindade m\u00e4\u00e4ramine:<\/strong> Kui madalam hind tuleneb liikmeks saamise programmist, soovitusskeemist, sisselogimise p\u00f5hinevast allahindlusest v\u00f5i mis tahes mehhanismist, mis muudab avalikult kuvatavat hinda kasutajaspetsiifiliste tegevuste kaudu.<\/li>\n<\/ul>\n<h2>2. Hinnav\u00f5rdluse taotlemine enne broneerimist<\/h2>\n<ol>\n<li><strong>Jagage konkureerivat pakkumist.<\/strong> Enne broneeringu tegemist saatke meile madalama hinnaga pakkumise \u00fcksikasjad. Lisage otselink ja veenduge, et pakkumine j\u00e4\u00e4b internetis avalikult k\u00e4ttesaadavaks, et me saaksime seda kontrollida.<\/li>\n<li><strong>Oodake kinnitust.<\/strong> Meie meeskond vaatab konkureeriva pakkumise l\u00e4bi ja kinnitab, kas see vastab n\u00f5uetele. Kui hinnav\u00f5rdlus on heaks kiidetud, teavitame teid sellest.<\/li>\n<li><strong>T\u00e4itke oma broneering.<\/strong> P\u00e4rast meie kinnituse saamist broneerige tegevus CanaryVIP sobiva hinnaga.<\/li>\n<\/ol>\n<h2>3. Hinnav\u00f5rdluse taotlemine p\u00e4rast broneerimist<\/h2>\n<ol>\n<li><strong>M\u00e4rkige madalamat hinda.<\/strong> Kui leiate sama toote v\u00f5i teenuse odavama hinna p\u00e4rast seda, kui olete juba meie juures broneerinud, siis koguge selle pakkumise \u00fcksikasjad.<\/li>\n<li><strong>V\u00f5tke \u00fchendust.<\/strong> V\u00f5tke \u00fchendust meie tugimeeskonnaga mis tahes olemasoleva kanali kaudu ja jagage teavet.<\/li>\n<li><strong>Esitage, mida meil on vaja kontrollida.<\/strong> Broneerimisj\u00e4rgse hinnav\u00f5rdluse t\u00f6\u00f6tlemiseks on meil vaja:\n<ul>\n<li>Otselink konkureerivale pakkumisele.<\/li>\n<li>Kinnitus, et pakkumine on endiselt elus ja meie jaoks avalikult k\u00e4ttesaadav.<\/li>\n<\/ul>\n<\/li>\n<\/ol>\n<p>&nbsp;<\/p>\n<p>Teie rahulolu on esikohal. Hinnav\u00f5rdlusgarantii on olemas selleks, et iga klient saaks broneerida t\u00e4ie kindlusega, teades, et ta saab valitud kogemuse eest parima v\u00f5imaliku hinna.<\/p>\n<p><strong>Broneerige CanaryVIP-ga ja nautige VIP-kogemust, tegemata j\u00e4releandmisi taskukohasuse osas.<\/strong><\/p>\n<\/div><\/div><\/div><\/div><\/div><\/div><\/div><\/section>","protected":false},"excerpt":{"rendered":"At CanaryVIP, we want you to experience the best of Tenerife without ever overpaying. Our Price Match Guarantee reflects our commitment to offering the most competitive prices on the market. 1. How It Works If you find the same excursion or activity listed at a lower price on another website, we will match it. The...","protected":false},"author":1,"featured_media":0,"parent":0,"menu_order":0,"comment_status":"closed","ping_status":"closed","template":"","meta":{"_acf_changed":false,"footnotes":""},"class_list":["post-8956","page","type-page","status-publish","hentry"],"acf":[],"_links":{"self":[{"href":"https:\/\/canaryvip.com\/et\/wp-json\/wp\/v2\/pages\/8956","targetHints":{"allow":["GET"]}}],"collection":[{"href":"https:\/\/canaryvip.com\/et\/wp-json\/wp\/v2\/pages"}],"about":[{"href":"https:\/\/canaryvip.com\/et\/wp-json\/wp\/v2\/types\/page"}],"author":[{"embeddable":true,"href":"https:\/\/canaryvip.com\/et\/wp-json\/wp\/v2\/users\/1"}],"replies":[{"embeddable":true,"href":"https:\/\/canaryvip.com\/et\/wp-json\/wp\/v2\/comments?post=8956"}],"version-history":[{"count":8,"href":"https:\/\/canaryvip.com\/et\/wp-json\/wp\/v2\/pages\/8956\/revisions"}],"predecessor-version":[{"id":16862,"href":"https:\/\/canaryvip.com\/et\/wp-json\/wp\/v2\/pages\/8956\/revisions\/16862"}],"wp:attachment":[{"href":"https:\/\/canaryvip.com\/et\/wp-json\/wp\/v2\/media?parent=8956"}],"curies":[{"name":"wp","href":"https:\/\/api.w.org\/{rel}","templated":true}]}}