{"id":14018,"date":"2025-03-20T01:29:58","date_gmt":"2025-03-20T01:29:58","guid":{"rendered":"https:\/\/canaryvip.com\/?page_id=14018"},"modified":"2026-03-07T10:04:29","modified_gmt":"2026-03-07T10:04:29","slug":"cookie-policy","status":"publish","type":"page","link":"https:\/\/canaryvip.com\/et\/cookie-policy\/","title":{"rendered":"K\u00fcpsiste poliitika"},"content":{"rendered":"<section class=\"l-section wpb_row us_custom_5cd26a65 height_auto\"><div class=\"l-section-h i-cf\"><div class=\"g-cols vc_row via_flex valign_top type_default stacking_default\"><div class=\"vc_col-sm-12 wpb_column vc_column_container\"><div class=\"vc_column-inner\"><div class=\"wpb_wrapper\"><div class=\"wpb_text_column\"><div class=\"wpb_wrapper\"><h2>1. Mida k\u00e4esolev poliitika h\u00f5lmab<\/h2>\n<p>See k\u00fcpsiste poliitika selgitab, kuidas CanaryVIP.com kasutab k\u00fcpsiseid ja sarnaseid j\u00e4lgimistehnoloogiaid, kui k\u00fclastate meie veebisaiti. J\u00e4tkates meie saidi sirvimist, n\u00f5ustute k\u00fcpsiste kasutamisega k\u00e4esolevas dokumendis kirjeldatud viisil.<\/p>\n<p>K\u00fcpsised on v\u00e4ikesed tekstifailid, mis paigutatakse teie seadmesse, kui k\u00fclastate veebisaiti. Need t\u00e4idavad erinevaid eesm\u00e4rke: parandavad teie sirvimiskogemust, anal\u00fc\u00fcsivad, kuidas saiti kasutatakse, ja v\u00f5imaldavad meil pakkuda asjakohasemat sisu. M\u00f5ned k\u00fcpsised on h\u00e4davajalikud, et veebisait \u00fcldse toimiks.<\/p>\n<hr \/>\n<h2>2. Meie poolt kasutatavate k\u00fcpsiste t\u00fc\u00fcbid<\/h2>\n<h3>2.1 Olulised k\u00fcpsised (rangelt vajalikud)<\/h3>\n<p>Need k\u00fcpsised on meie veebisaidi p\u00f5hifunktsioonide jaoks h\u00e4davajalikud. Need v\u00f5imaldavad selliseid p\u00f5hifunktsioone nagu lehel navigeerimine, juurdep\u00e4\u00e4s turvalistele aladele ja maksete t\u00f6\u00f6tlemine. Veebisait ei saa ilma nendeta korrektselt toimida ja neid ei saa keelata.<\/p>\n<h3>2.2 Anal\u00fc\u00fctikak\u00fcpsised<\/h3>\n<p>Anal\u00fc\u00fctikak\u00fcpsised v\u00f5imaldavad meil m\u00f5ista, kuidas k\u00fclastajad meie veebisaidiga suhtlevad. Need aitavad meil m\u00f5\u00f5ta sisu tulemuslikkust, tuvastada kasutusmustreid ja parandada \u00fcldist kasutajakogemust. Me kasutame <strong>Google Analytics<\/strong> selleks otstarbeks (<a href=\"https:\/\/policies.google.com\/privacy\" target=\"_blank\" rel=\"noopener\">Google'i privaatsuspoliitika<\/a>).<\/p>\n<h3>2.3 Reklaami- ja turundusk\u00fcpsised<\/h3>\n<p>Need k\u00fcpsised on paigutatud selleks, et edastada teie huvidele vastavaid reklaame, mis p\u00f5hinevad teie sirvimisaktiivsusel. T\u00f6\u00f6tame koos kolmandate osapoolte reklaamiplatvormidega, sealhulgas <strong>Google'i reklaamid<\/strong>, <strong>Meta (Facebook ja Instagram)<\/strong>ja <strong>TikTok reklaamid<\/strong> isikup\u00e4rastatud reklaami edastamiseks. Meta andmet\u00f6\u00f6tluspraktikatega saate tutvuda nende veebilehel <a href=\"https:\/\/www.facebook.com\/privacy\/policy\" target=\"_blank\" rel=\"noopener\">Privaatsuspoliitika<\/a>.<\/p>\n<h3>2.4 Eelistuste k\u00fcpsised<\/h3>\n<p>Eelistuste k\u00fcpsised m\u00e4letavad meie veebisaidil tehtud valikuid, n\u00e4iteks teie keel, valuuta, asukoha seaded, eelistatud makseviis v\u00f5i aktiivne sisselogimise seanss. Need v\u00f5imaldavad meil pakkuda personaalsemat kasutuskogemust j\u00e4rgmistel k\u00fclastustel.<\/p>\n<hr \/>\n<h2>3. Kuidas me saame teie n\u00f5usoleku<\/h2>\n<p>Kui k\u00fclastate esimest korda meie veebisaiti, kuvatakse k\u00fcpsiste b\u00e4nner, mis annab teile j\u00e4rgmised v\u00f5imalused:<\/p>\n<ul>\n<li><strong>Aktsepteeri k\u00f5ik k\u00fcpsised<\/strong> et v\u00f5imaldada t\u00e4ielikku funktsionaalsust ja isikup\u00e4rastamist.<\/li>\n<li><strong>L\u00fckake tagasi mittevajalikud k\u00fcpsised<\/strong> piirata j\u00e4lgimist ainult h\u00e4davajalikuga.<\/li>\n<li><strong>Kohandage oma eelistusi<\/strong> valida t\u00e4pselt, milliseid k\u00fcpsiste kategooriaid te lubate.<\/li>\n<\/ul>\n<p>Saate oma k\u00fcpsiste eelistusi igal ajal muuta, kl\u00f5psates klahvi <strong>\u201cK\u00fcpsise seaded\u201d<\/strong> link, mis asub meie veebisaidi jaluses.<\/p>\n<hr \/>\n<h2>4. K\u00fcpsiste haldamine ja kustutamine<\/h2>\n<p>Enamik brausereid v\u00f5imaldab k\u00fcpsiste kontrollimist v\u00f5i blokeerimist oma seadete kaudu. Allpool on otselinkid k\u00fcpsiste haldamise juhistele k\u00f5ige levinumate brauserite jaoks:<\/p>\n<ul>\n<li><strong>Google Chrome:<\/strong> <a href=\"https:\/\/support.google.com\/accounts\/answer\/32050\" target=\"_blank\" rel=\"noopener\">K\u00fcpsiste haldamine<\/a><\/li>\n<li><strong>Mozilla Firefox:<\/strong> <a href=\"https:\/\/support.mozilla.org\/en-US\/kb\/enable-and-disable-cookies-website-preferences\" target=\"_blank\" rel=\"noopener\">K\u00fcpsiste haldamine<\/a><\/li>\n<li><strong>Safari:<\/strong> <a href=\"https:\/\/support.apple.com\/en-us\/HT201265\" target=\"_blank\" rel=\"noopener\">K\u00fcpsiste haldamine<\/a><\/li>\n<li><strong>Microsoft Edge:<\/strong> <a href=\"https:\/\/support.microsoft.com\/en-us\/help\/4027947\/microsoft-edge-delete-cookies\" target=\"_blank\" rel=\"noopener\">K\u00fcpsiste haldamine<\/a><\/li>\n<\/ul>\n<p>Kui soovite Google Analyticsi j\u00e4lgimisest konkreetselt loobuda, saate seda teha siin: <a href=\"https:\/\/tools.google.com\/dlpage\/gaoptout\" target=\"_blank\" rel=\"noopener\">Google Analytics Opt-Out brauseri lisandmoodul<\/a>.<\/p>\n<hr \/>\n<h2>5. Kolmanda osapoole k\u00fcpsised<\/h2>\n<p>Teatavad meie veebisaidile integreeritud kolmanda osapoole teenused v\u00f5ivad teie seadmesse paigutada oma k\u00fcpsiseid. Nende teenuste hulka kuuluvad:<\/p>\n<ul>\n<li><strong>Google Analytics<\/strong> (<a href=\"https:\/\/policies.google.com\/privacy\" target=\"_blank\" rel=\"noopener\">Privaatsuspoliitika<\/a>)<\/li>\n<li><strong>Meta (Facebooki ja Instagrami reklaamid)<\/strong> (<a href=\"https:\/\/www.facebook.com\/privacy\/policy\" target=\"_blank\" rel=\"noopener\">Privaatsuspoliitika<\/a>)<\/li>\n<li><strong>TikTok reklaamid<\/strong> (<a href=\"https:\/\/www.tiktok.com\/legal\/privacy-policy\" target=\"_blank\" rel=\"noopener\">Privaatsuspoliitika<\/a>)<\/li>\n<\/ul>\n<p>K\u00f5ik need ettev\u00f5tted t\u00f6\u00f6tlevad andmeid oma privaatsuspoliitikate alusel. CanaryVIP ei kontrolli, kuidas need kolmandad osapooled oma k\u00fcpsiste kaudu kogutud andmeid k\u00e4itlevad.<\/p>\n<hr \/>\n<h2>6. K\u00e4esoleva poliitika uuendused<\/h2>\n<p>CanaryVIP v\u00f5ib aeg-ajalt k\u00e4esolevat k\u00fcpsiste poliitikat muuta. K\u00f5ik uuendused avaldatakse sellel lehek\u00fcljel. Soovitame seda poliitikat regulaarselt kontrollida, et olla kursis sellega, kuidas me k\u00fcpsiseid kasutame.<\/p>\n<hr \/>\n<h2>7. Kontakt<\/h2>\n<p>Kui teil on k\u00fcsimusi selle k\u00fcpsiste poliitika kohta v\u00f5i selle kohta, kuidas k\u00fcpsiseid meie veebisaidil kasutatakse, v\u00f5ite meiega \u00fchendust v\u00f5tta aadressil:<\/p>\n<p>\ud83d\udce7 <strong>E-post:<\/strong> <a href=\"mailto:info@canaryvip.com\">info@canaryvip.com<\/a><\/p>\n<\/div><\/div><\/div><\/div><\/div><\/div><\/div><\/section>","protected":false},"excerpt":{"rendered":"1. What This Policy Covers This Cookie Policy explains how CanaryVIP.com uses cookies and similar tracking technologies when you visit our website. By continuing to browse our site, you agree to the use of cookies as described in this document. Cookies are small text files that are placed on your device when you visit a...","protected":false},"author":1,"featured_media":0,"parent":0,"menu_order":0,"comment_status":"closed","ping_status":"closed","template":"","meta":{"_acf_changed":false,"footnotes":""},"class_list":["post-14018","page","type-page","status-publish","hentry"],"acf":[],"_links":{"self":[{"href":"https:\/\/canaryvip.com\/et\/wp-json\/wp\/v2\/pages\/14018","targetHints":{"allow":["GET"]}}],"collection":[{"href":"https:\/\/canaryvip.com\/et\/wp-json\/wp\/v2\/pages"}],"about":[{"href":"https:\/\/canaryvip.com\/et\/wp-json\/wp\/v2\/types\/page"}],"author":[{"embeddable":true,"href":"https:\/\/canaryvip.com\/et\/wp-json\/wp\/v2\/users\/1"}],"replies":[{"embeddable":true,"href":"https:\/\/canaryvip.com\/et\/wp-json\/wp\/v2\/comments?post=14018"}],"version-history":[{"count":4,"href":"https:\/\/canaryvip.com\/et\/wp-json\/wp\/v2\/pages\/14018\/revisions"}],"predecessor-version":[{"id":16858,"href":"https:\/\/canaryvip.com\/et\/wp-json\/wp\/v2\/pages\/14018\/revisions\/16858"}],"wp:attachment":[{"href":"https:\/\/canaryvip.com\/et\/wp-json\/wp\/v2\/media?parent=14018"}],"curies":[{"name":"wp","href":"https:\/\/api.w.org\/{rel}","templated":true}]}}