{"id":14002,"date":"2025-03-19T21:07:11","date_gmt":"2025-03-19T21:07:11","guid":{"rendered":"https:\/\/canaryvip.com\/?page_id=14002"},"modified":"2025-07-29T17:08:42","modified_gmt":"2025-07-29T16:08:42","slug":"legal-notice","status":"publish","type":"page","link":"https:\/\/canaryvip.com\/et\/legal-notice\/","title":{"rendered":"\u00d5igusteave"},"content":{"rendered":"<h2>1. TEENUSEOSUTAJA IDENTIFITSEERIMINE<\/h2>\n<p>Vastavalt 11. juuli 2002. aasta seadusele 34\/2002 info\u00fchiskonna teenuste ja elektroonilise kaubanduse kohta (LSSI-CE) esitatakse j\u00e4rgmine teave:<\/p>\n<h2><img decoding=\"async\" class=\"alignnone wp-image-15255\" src=\"https:\/\/canaryvip.com\/wp-content\/uploads\/2025\/07\/canaryvipcompany.png\" alt=\"CanaryVIP\" width=\"400\" height=\"145\" title=\"\" srcset=\"https:\/\/canaryvip.com\/wp-content\/uploads\/2025\/07\/canaryvipcompany.png 772w, https:\/\/canaryvip.com\/wp-content\/uploads\/2025\/07\/canaryvipcompany-300x109.png 300w, https:\/\/canaryvip.com\/wp-content\/uploads\/2025\/07\/canaryvipcompany-18x7.png 18w, https:\/\/canaryvip.com\/wp-content\/uploads\/2025\/07\/canaryvipcompany-600x218.png 600w\" sizes=\"(max-width: 400px) 100vw, 400px\" \/><\/h2>\n<h2>2. SELLE VEEBISAIDI EESM\u00c4RK<\/h2>\n<p>CanaryVIP.com on veebiplatvorm, mis pakub ekskursioone, ekskursioone ja kogemusi Kanaari saartel. Kasutajad saavad veebilehe kaudu tegevusi sirvida, broneerida ja osta.<\/p>\n<h2>3. KASUTAMISE TINGIMUSED<\/h2>\n<h3>3.1. Kasutaja vastutus<\/h3>\n<p>Kasutaja kohustub kasutama veebilehte ja selle sisu asjakohaselt. Keelatud on ebaseaduslik tegevus v\u00f5i tegevus, mis v\u00f5ib kahjustada CanaryVIP.com-i v\u00f5i kolmandaid isikuid.<\/p>\n<h3>3.2. Teabe t\u00e4psus<\/h3>\n<p>Kuigi me p\u00fc\u00fcame tagada, et kogu teave meie veebisaidil oleks t\u00e4pne ja ajakohane, ei garanteeri CanaryVIP.com, et k\u00f5ik kirjeldused, hinnad ja teenuste k\u00e4ttesaadavus on vigadeta. Me j\u00e4tame endale \u00f5iguse parandada ebat\u00e4psusi v\u00f5i ajakohastada sisu ilma eelneva etteteatamiseta.<\/p>\n<h3>3.3. V\u00e4lislingid<\/h3>\n<p>See veebisait v\u00f5ib sisaldada linke kolmandate isikute veebisaitidele. CanaryVIP.com ei kontrolli neid v\u00e4liseid veebisaite ja ei vastuta nende sisu v\u00f5i privaatsuspoliitikate eest. Linkide lisamine ei t\u00e4henda, et CanaryVIP.com neid heaks kiidaks.<\/p>\n<h2>4. INTELLEKTUAALNE OMAND<\/h2>\n<p>Kogu CanaryVIP.com-i sisu, sealhulgas, kuid mitte ainult, tekst, pildid, videod, graafika, logod ja tarkvara, on CanaryVIP.com-i v\u00f5i selle sisuteenuse pakkujate omand ja on kaitstud intellektuaalomandi seadustega. Mis tahes sisu loata kasutamine, reprodutseerimine v\u00f5i levitamine on rangelt keelatud ilma CanaryVIP.com-i eelneva kirjaliku loata.<\/p>\n<h2>5. VASTUTUSE PIIRAMINE<\/h2>\n<p>CanaryVIP.com ei vastuta:<\/p>\n<ul>\n<li>Mis tahes katkestused v\u00f5i tehnilised t\u00f5rked, mis m\u00f5jutavad veebilehe juurdep\u00e4\u00e4su v\u00e4listest p\u00f5hjustest tulenevalt.<\/li>\n<li>Ekskursioone ja tegevusi pakkuvate kolmandate isikute poolt esitatud teabes esinevad vead.<\/li>\n<li>Kasutajate suutmatus j\u00e4rgida broneerimis- ja t\u00fchistamisp\u00f5him\u00f5tteid, mis on esitatud kasutustingimustes.<\/li>\n<li>mis tahes kahju, mis on p\u00f5hjustatud veebilehe eba\u00f5igest kasutamisest kasutajate poolt.<\/li>\n<\/ul>\n<h2>6. ANDMEKAITSE<\/h2>\n<p class=\"translation-block\">Isikuandmete kogumine ja t\u00f6\u00f6tlemine on koosk\u00f5las <strong>Andmekaitse \u00fcldm\u00e4\u00e4ruse (GDPR)<\/strong> ja <strong>Isamaa isikuandmete kaitse ja digitaalsete \u00f5iguste tagamise orgaanilise seaduse 3\/2018 (LOPDGDD)<\/strong>ga. Lisateavet leiate meie <a href=\"https:\/\/canaryvip.com\/et\/privacy-policy\/\" target=\"_self\">Privaatsuspoliitikast<\/a>.<\/p>\n<h2>7. MUUDATUSED K\u00c4ESOLEVAS \u00d5IGUSLIKUS TEATISES<\/h2>\n<p>CanaryVIP.com j\u00e4tab endale \u00f5iguse muuta k\u00e4esolevat \u00f5iguslikku teatist igal ajal, et kajastada seadusemuudatusi v\u00f5i \u00e4ritavasid. Kasutajad peaksid seda lehek\u00fclge regulaarselt l\u00e4bi vaatama, et olla kursis uuendustega.<\/p>\n<h2>8. KOHALDATAV \u00d5IGUS JA JURISDIKTSIOON<\/h2>\n<p class=\"translation-block\">K\u00e4esolevat \u00f5iguslikku teatist reguleerib Hispaania \u00f5igus. K\u00f5ik k\u00e4esoleva veebisaidi kasutamisest tulenevad vaidlused kuuluvad Santa Cruz de Tenerife, Hispaania <strong>kohtute jurisdiktsiooni alla, kui kohaldatavate tarbijakaitsealaste eeskirjadega ei ole s\u00e4testatud teisiti.<\/p>\n<p>Kui teil on k\u00fcsimusi k\u00e4esoleva \u00f5igusliku teatise kohta, v\u00f5tke meiega \u00fchendust aadressil <strong>info@canaryvip.com<\/strong>.<\/p>","protected":false},"excerpt":{"rendered":"<p>1. TEENUSTE OSUTUSTAJA TUNNISTUS Vastavalt 11. juuli 2002. aasta seadusele 34\/2002 info\u00fchiskonna teenuste ja elektroonilise kaubanduse kohta (LSSI-CE) esitatakse j\u00e4rgmine teave: 2. SELLEHTE EESM\u00c4RK CanaryVIP.com on veebiplatvorm, mis on p\u00fchendatud Kanaari saarte ekskursioonide, ekskursioonide ja elamuste pakkumisele. Kasutajad saavad sirvida, broneerida ja osta tegevusi...<\/p>","protected":false},"author":1,"featured_media":0,"parent":0,"menu_order":0,"comment_status":"closed","ping_status":"closed","template":"","meta":{"_acf_changed":false,"footnotes":""},"class_list":["post-14002","page","type-page","status-publish","hentry"],"acf":[],"_links":{"self":[{"href":"https:\/\/canaryvip.com\/et\/wp-json\/wp\/v2\/pages\/14002","targetHints":{"allow":["GET"]}}],"collection":[{"href":"https:\/\/canaryvip.com\/et\/wp-json\/wp\/v2\/pages"}],"about":[{"href":"https:\/\/canaryvip.com\/et\/wp-json\/wp\/v2\/types\/page"}],"author":[{"embeddable":true,"href":"https:\/\/canaryvip.com\/et\/wp-json\/wp\/v2\/users\/1"}],"replies":[{"embeddable":true,"href":"https:\/\/canaryvip.com\/et\/wp-json\/wp\/v2\/comments?post=14002"}],"version-history":[{"count":8,"href":"https:\/\/canaryvip.com\/et\/wp-json\/wp\/v2\/pages\/14002\/revisions"}],"predecessor-version":[{"id":15258,"href":"https:\/\/canaryvip.com\/et\/wp-json\/wp\/v2\/pages\/14002\/revisions\/15258"}],"wp:attachment":[{"href":"https:\/\/canaryvip.com\/et\/wp-json\/wp\/v2\/media?parent=14002"}],"curies":[{"name":"wp","href":"https:\/\/api.w.org\/{rel}","templated":true}]}}