{"id":13824,"date":"2025-02-24T13:59:27","date_gmt":"2025-02-24T13:59:27","guid":{"rendered":"https:\/\/canaryvip.com\/?page_id=13824"},"modified":"2025-02-24T15:06:00","modified_gmt":"2025-02-24T15:06:00","slug":"about-us","status":"publish","type":"page","link":"https:\/\/canaryvip.com\/et\/about-us\/","title":{"rendered":"Meie kohta"},"content":{"rendered":"<section class=\"l-section wpb_row height_medium width_custom\" style=\"--site-content-width:700px;\"><div class=\"l-section-h i-cf\"><div class=\"g-cols vc_row via_flex valign_top type_default stacking_default\"><div class=\"vc_col-sm-12 wpb_column vc_column_container\"><div class=\"vc_column-inner\"><div class=\"wpb_wrapper\"><h1 class=\"w-text\"><span class=\"w-text-h\"><span class=\"w-text-value\">Meist - CanaryVIP<\/span><\/span><\/h1><h2 class=\"w-text us_custom_fe162ea1\"><span class=\"w-text-h\"><span class=\"w-text-value\">Kes me oleme<\/span><\/span><\/h2><div class=\"wpb_text_column\"><div class=\"wpb_wrapper\"><p>CanaryVIP on peamine veebiplatvorm, mis on p\u00fchendatud parimate tegevuste ja ekskursioonide pakkumisele kogu Kanaari saartel. Osana Tu Nido Tenerife-st, mis on \u00fcks Tenerife parimaid kinnisvarab\u00fcroosid, millel on \u00fcle 20 aasta kogemust kinnisvara ja kinnisvaraehituse alal, oleme alates 2010. aastast pakkunud unustamatuid elamusi Kanaari saartel.<\/p>\n<\/div><\/div><\/div><\/div><\/div><div class=\"vc_col-sm-12 wpb_column vc_column_container\"><div class=\"vc_column-inner\"><div class=\"wpb_wrapper\"><h2 class=\"w-text us_custom_9d8033b1\"><span class=\"w-text-h\"><span class=\"w-text-value\">Meie teekond<\/span><\/span><\/h2><div class=\"wpb_text_column\"><div class=\"wpb_wrapper\"><p data-pm-slice=\"1 1 &#091;&#093;\"><span>Meie ettev\u00f5te on tegelenud ehitusega Tenerifel alates 2003. aastast, luues tugeva vundamendi kinnisvarasektoris. 2010. aastal laiendasime oma teenuseid nime all Tu Nido Tenerife, tegutsedes Playa Fa\u00f1ab\u00e9s asuvast kontorist. Kuna meie \u00e4ri kasvas, kolisime \u00fcmber Plaza Fa\u00f1ab\u00e9'sse ja hiljem laiendasime oma tegevust teise kontoriga Vista Suris. T\u00e4na asub meie uus peakorter Madro\u00f1al de Fa\u00f1ab\u00e9s, kus tegutsevad nii Tu Nido Tenerife kui ka CanaryVIP, j\u00e4tkates oma klientidele tipptasemel teenuste pakkumist.<\/span><\/p>\n<\/div><\/div><\/div><\/div><\/div><div class=\"vc_col-sm-12 wpb_column vc_column_container\"><div class=\"vc_column-inner\"><div class=\"wpb_wrapper\"><div class=\"w-image us_custom_af6a9b6a align_none\"><div class=\"w-image-h\"><img decoding=\"async\" width=\"1024\" height=\"683\" src=\"https:\/\/canaryvip.com\/wp-content\/uploads\/2025\/02\/TuNido-Office_Web-1.webp\" class=\"attachment-large size-large\" alt=\"Kontor\" loading=\"lazy\" srcset=\"https:\/\/canaryvip.com\/wp-content\/uploads\/2025\/02\/TuNido-Office_Web-1.webp 1024w, https:\/\/canaryvip.com\/wp-content\/uploads\/2025\/02\/TuNido-Office_Web-1-300x200.webp 300w, https:\/\/canaryvip.com\/wp-content\/uploads\/2025\/02\/TuNido-Office_Web-1-18x12.webp 18w, https:\/\/canaryvip.com\/wp-content\/uploads\/2025\/02\/TuNido-Office_Web-1-600x400.webp 600w\" sizes=\"auto, (max-width: 1024px) 100vw, 1024px\" title=\"\"><\/div><\/div><h2 class=\"w-text us_custom_9d8033b1\"><span class=\"w-text-h\"><span class=\"w-text-value\">CanaryVIP s\u00fcndi<\/span><\/span><\/h2><div class=\"wpb_text_column\"><div class=\"wpb_wrapper\"><p data-pm-slice=\"1 1 &#091;&#093;\"><span>2024. aastal tegime strateegilise otsuse eraldada oma tegevus- ja ekskursioonitegevused Tu Nido Tenerife-st, andes sellega alguse CanaryVIP-le kui eraldiseisvale kaubam\u00e4rgile, mis on p\u00fchendatud \u00fcksnes Kanaari saarte turismielamustele. Kuigi Tu Nido Tenerife on j\u00e4tkuvalt tuntud nimi <a href=\"https:\/\/www.tunidotenerife.com\/en\/inmobiliaria-tenerife\/\" target=\"_blank\" rel=\"noopener\">kinnisvara Tenerife<\/a> sektor, <strong>CanaryVIP<\/strong> on kiiresti kasvanud juhtivaks veebibr\u00e4ndiks, mis teeb k\u00fclastajatele uskumatute tegevuste, ekskursioonide ja seikluste broneerimise \u00fcle saarte lihtsamaks kui kunagi varem.<\/span><\/p>\n<\/div><\/div><div class=\"w-html us_custom_af6a9b6a\"><iframe src=\"https:\/\/www.google.com\/maps\/embed?pb=!1m18!1m12!1m3!1d5215.387122659485!2d-16.72642792321668!3d28.09472697596261!2m3!1f0!2f0!3f0!3m2!1i1024!2i768!4f13.1!3m3!1m2!1s0xc6a996288a2335b%3A0x6e5358268b00a79!2sCanaryVIP%20-%20Tours%20and%20Excursions!5e1!3m2!1sen!2ses!4v1740406697434!5m2!1sen!2ses\" width=\"700\" height=\"300\" style=\"border:0;\" allowfullscreen=\"\" loading=\"lazy\" referrerpolicy=\"no-referrer-when-downgrade\"><\/iframe><\/div><\/div><\/div><\/div><div class=\"vc_col-sm-12 wpb_column vc_column_container\"><div class=\"vc_column-inner\"><div class=\"wpb_wrapper\"><h2 class=\"w-text us_custom_9d8033b1\"><span class=\"w-text-h\"><span class=\"w-text-value\">Meie missioon<\/span><\/span><\/h2><div class=\"wpb_text_column\"><div class=\"wpb_wrapper\"><p data-pm-slice=\"1 1 &#091;&#093;\"><span>CanaryVIP pakub kirglikult ainulaadseid ja kvaliteetseid kogemusi, mis tutvustavad Kanaari saarte parimaid k\u00fclgi. Otsite siis paadimatku, veespordialasid, matkaseiklusi v\u00f5i eksklusiivseid eramatku, me tagame teile unustamatu reisi, mis on kohandatud just teie vajadustele.<\/span><\/p>\n<\/div><\/div><div class=\"w-separator size_medium\"><\/div><\/div><\/div><\/div><\/div><\/div><\/section>","protected":false},"excerpt":{"rendered":"Meist - CanaryVIPKes me olemeCanaryVIP on peamine veebiplatvorm, mis on p\u00fchendatud parimate tegevuste ja ekskursioonide pakkumisele kogu Kanaari saartel. Osana Tu Nido Tenerife-st, mis on \u00fcks parimaid kinnisvarab\u00fcroosid Tenerifel, millel on \u00fcle 20 aasta kogemust kinnisvara ja kinnisvaraehituse alal, oleme pakkunud unustamatuid...","protected":false},"author":1,"featured_media":0,"parent":0,"menu_order":0,"comment_status":"closed","ping_status":"closed","template":"","meta":{"_acf_changed":false,"footnotes":""},"class_list":["post-13824","page","type-page","status-publish","hentry"],"acf":[],"_links":{"self":[{"href":"https:\/\/canaryvip.com\/et\/wp-json\/wp\/v2\/pages\/13824","targetHints":{"allow":["GET"]}}],"collection":[{"href":"https:\/\/canaryvip.com\/et\/wp-json\/wp\/v2\/pages"}],"about":[{"href":"https:\/\/canaryvip.com\/et\/wp-json\/wp\/v2\/types\/page"}],"author":[{"embeddable":true,"href":"https:\/\/canaryvip.com\/et\/wp-json\/wp\/v2\/users\/1"}],"replies":[{"embeddable":true,"href":"https:\/\/canaryvip.com\/et\/wp-json\/wp\/v2\/comments?post=13824"}],"version-history":[{"count":5,"href":"https:\/\/canaryvip.com\/et\/wp-json\/wp\/v2\/pages\/13824\/revisions"}],"predecessor-version":[{"id":13832,"href":"https:\/\/canaryvip.com\/et\/wp-json\/wp\/v2\/pages\/13824\/revisions\/13832"}],"wp:attachment":[{"href":"https:\/\/canaryvip.com\/et\/wp-json\/wp\/v2\/media?parent=13824"}],"curies":[{"name":"wp","href":"https:\/\/api.w.org\/{rel}","templated":true}]}}