{"id":9654,"date":"2024-02-11T16:27:15","date_gmt":"2024-02-11T16:27:15","guid":{"rendered":"https:\/\/canaryvip.com\/?post_type=product&#038;p=9654"},"modified":"2026-03-26T13:04:23","modified_gmt":"2026-03-26T13:04:23","slug":"book-scandal-dinner-show","status":"publish","type":"product","link":"https:\/\/canaryvip.com\/es\/shop\/book-scandal-dinner-show\/","title":{"rendered":"Scandal Cena Espect\u00e1culo Tenerife"},"content":{"rendered":"<h2><strong>\ud83c\udfad Scandal Burlesque Dinner Show<\/strong><\/h2>\n<p>Una velada de lujo, humor y cautivadoras actuaciones se ofrece en el <strong>Scandal Cena espect\u00e1culo Burlesque.<\/strong> Este evento, pensado para quienes buscan una noche de diversi\u00f3n, combina el encanto del burlesque con atractivas actuaciones c\u00f3micas, m\u00e1gicas y musicales. <strong>CanaryVIP<\/strong> invita a vivir una experiencia memorable tanto a locales como a visitantes.<\/p>\n<h3><strong>\ud83c\udf7d\ufe0f Cena de lujo en el GF Victoria 5*.<\/strong><\/h3>\n<ul>\n<li><strong>Ubicaci\u00f3n:<\/strong> El prestigioso <a href=\"https:\/\/www.google.com\/maps\/place\/GF+Victoria\/@28.0917871,-16.7412967,17z\/data=!3m1!4b1!4m9!3m8!1s0xc6a974d01c4268f:0x3c0e40669a61bb47!5m2!4m1!1i2!8m2!3d28.0917871!4d-16.7387218!16s%2Fg%2F11bvv59vv2?entry=tts&amp;g_ep=EgoyMDI0MDUwOC4wKgBIAVAD\" target=\"_blank\" rel=\"noopener\">GF Victoria<\/a> Un hotel de 5* en Costa Adeje sirve como lugar de celebraci\u00f3n, proporcionando una mezcla perfecta de comodidad y grandeza para una velada inolvidable.<\/li>\n<li><strong>Cocina:<\/strong> Los hu\u00e9spedes pueden disfrutar de una lujosa comida de 5 platos, meticulosamente preparada con los mejores ingredientes y servida con elegancia profesional. Cada plato promete deleitar las papilas gustativas con delicias culinarias.<\/li>\n<\/ul>\n<h3><strong>\ud83d\udd70\ufe0f Itinerario nocturno<\/strong><\/h3>\n<ul>\n<li><strong>Horario:<\/strong> La velada comienza a las 20.00 horas, con actuaciones a partir de las 20.30 horas y una duraci\u00f3n aproximada de 3 horas. Tras el espect\u00e1culo, los hu\u00e9spedes est\u00e1n invitados al Skybar del hotel para disfrutar de una larga noche de relajaci\u00f3n y c\u00f3cteles con un impresionante tel\u00f3n de fondo.<\/li>\n<li><strong>Vestimenta:<\/strong> Se anima a los invitados a disfrutar de la noche con elegantes trajes de noche, que reflejen el sofisticado ambiente del evento. Esta reuni\u00f3n est\u00e1 dirigida a mayores de 16 a\u00f1os, lo que garantiza una experiencia madura y elegante.<\/li>\n<\/ul>\n<h3><strong>\ud83c\udf9f\ufe0f Elija su velada perfecta<\/strong><\/h3>\n<ul>\n<li><strong>Pase Dorado:<\/strong> Sum\u00e9rjase en el espect\u00e1culo con un men\u00fa de degustaci\u00f3n gourmet, acompa\u00f1ado de una selecci\u00f3n de bebidas ilimitadas para disfrutar de una noche realmente placentera.<\/li>\n<li><strong>Experiencia Platinum:<\/strong> Para un nivel extra de lujo, la Experiencia Platino incluye todas las ventajas del Pase Dorado m\u00e1s la privacidad de su propia mesa, elevando el car\u00e1cter especial de la velada.<\/li>\n<\/ul>\n<h3><strong>\ud83d\udccd Tu asiento para el espect\u00e1culo<\/strong><\/h3>\n<ul>\n<li>La disposici\u00f3n del recinto est\u00e1 pensada para que todos los invitados disfruten de una vista despejada del escenario, lo que permite disfrutar \u00edntimamente de cada actuaci\u00f3n desde cualquier \u00e1ngulo.<\/li>\n<\/ul>\n<h3><strong>\ud83c\udf89 Celebraciones a medida<\/strong><\/h3>\n<ul>\n<li>Se pueden se\u00f1alar ocasiones especiales, desde cumplea\u00f1os a reuniones de empresa, con capacidad para grupos de 30 a 150 personas. El equipo de eventos est\u00e1 preparado para adaptar las veladas a la perfecci\u00f3n.<\/li>\n<\/ul>\n<h3><strong>\ud83c\udf1f La esencia del espect\u00e1culo burlesco:<\/strong><\/h3>\n<ul>\n<li><strong>Entretenimiento interactivo:<\/strong> Los artistas se relacionan directamente con el p\u00fablico, creando un ambiente \u00edntimo y animado que cautiva y deleita.<\/li>\n<li><strong>Una rica variedad de actos:<\/strong> El espect\u00e1culo ofrece una experiencia diversa y emocionante con cada acto, desde el burlesque cl\u00e1sico hasta interpretaciones contempor\u00e1neas.<\/li>\n<\/ul>\n<h3><strong>\ud83c\udf72 Un men\u00fa para todos los paladares:<\/strong><\/h3>\n<p>Se explora una variada selecci\u00f3n de men\u00fas, dise\u00f1ada para satisfacer todos los gustos, incluidas opciones vegetarianas y veganas bajo petici\u00f3n. La exquisita oferta incluye:<\/p>\n<ul>\n<li>Delicias crujientes acompa\u00f1adas de raita, crema de ma\u00edz ahumado con un toque de cilantro y suculenta papada de cerdo ib\u00e9rico.<\/li>\n<li>Pasta paccheri delicadamente preparada con un rico rag\u00fa de setas, realzado con toques de encurtido.<\/li>\n<li>Cochinillo negro tiernamente cocinado con salsa satay, junto a un falso risotto presentado de forma creativa.<\/li>\n<li>Un postre final de macarons de frutos rojos y chocolate blanco.<\/li>\n<\/ul>\n<h3><strong>\u2696\ufe0f Pol\u00edtica de reservas y cancelaciones:<\/strong><\/h3>\n<ul>\n<li><strong>Reserve con antelaci\u00f3n para obtener beneficios:<\/strong> Reservar con antelaci\u00f3n garantiza las mejores tarifas disponibles y simplifica el proceso de planificaci\u00f3n.<\/li>\n<li><strong>Cancelaciones flexibles:<\/strong> Se ofrecen cancelaciones gratuitas hasta 48 horas antes de la hora prevista del espect\u00e1culo, lo que permite flexibilidad en los planes.<\/li>\n<li><strong>Reservas de grupos simplificadas:<\/strong> Para fiestas de m\u00e1s de 6 personas, se disfruta de una pol\u00edtica de cancelaci\u00f3n directa hasta 4 d\u00edas antes del evento. Las cancelaciones realizadas entre 2 y 4 d\u00edas antes del evento tienen derecho a un reembolso 50%.<\/li>\n<\/ul>\n<h3><strong>\ud83c\udf92 Prepar\u00e1ndose para la noche:<\/strong><\/h3>\n<ul>\n<li><strong>C\u00f3digo de vestimenta:<\/strong> Se aconseja a los invitados que lleven su mejor atuendo de noche para que coincida con el elegante entorno del evento. Aunque los vaqueros y una camiseta bonita son aceptables, se desaconseja el uso de ropa deportiva y pantalones cortos para mantener el ambiente elegante.<\/li>\n<li><strong>Informaci\u00f3n sobre el aparcamiento:<\/strong> Hay un c\u00f3modo aparcamiento cerca del centro comercial Plaza del Duque, a un breve paseo del recinto, lo que garantiza un f\u00e1cil acceso para todos los hu\u00e9spedes.<\/li>\n<\/ul>\n<h4><strong>\ud83c\udf1f Te espera una velada inolvidable<\/strong><\/h4>\n<p>El Scandal Burlesque <a href=\"https:\/\/canaryvip.com\/es\/tenerife\/evening-shows\/\">Cena espect\u00e1culo<\/a> promete ser el punto culminante de su visita a Tenerife con <strong>CanaryVIP.<\/strong>\u00a0Asegura ya tus entradas para disfrutar de una mezcla inigualable de entretenimiento, gastronom\u00eda y vistas panor\u00e1micas. \ud83c\udf0c\ud83c\udf78<\/p>","protected":false},"excerpt":{"rendered":"<p><strong>\ud83d\udd0d Scandal Show Highlights:<\/strong><br \/>\n\u2705 Pago seguro.<br \/>\n\ud83d\udc83 Espect\u00e1culo de Burlesque-Style.<br \/>\n\ud83d\udd59 Todos los s\u00e1bados a las 20:30.<br \/>\n\ud83c\udf5b Cena incluida.<br \/>\n\ud83c\udf77 Vino y refrescos incluidos.<br \/>\n\ud83c\udf0d Ingl\u00e9s y espa\u00f1ol Anfitri\u00f3n.<br \/>\n\u2705 +16 S\u00f3lo Adultos.<br \/>\n\ud83d\ude80 \u00a1Muy popular!<br \/>\n\ud83e\udd11 Mejor precio garantizado.<br \/>\n\ud83d\udc6a Descuentos para reservas de grupos.<br \/>\n\ud83d\udd01 Cancelaci\u00f3n gratuita hasta 48h.<br \/>\n\ud83c\udf1f \u00a1Reserva pronto, se llena r\u00e1pido!<br \/>\n\ud83d\udccd Lugar de celebraci\u00f3n en <a href=\"https:\/\/maps.app.goo.gl\/boB3JcWYHb8AiGY58\">Hotel GF Victoria<\/a>.<\/p>","protected":false},"featured_media":9659,"comment_status":"open","ping_status":"closed","template":"","meta":{"_acf_changed":false},"product_brand":[],"product_cat":[59],"product_tag":[],"class_list":{"0":"post-9654","1":"product","2":"type-product","3":"status-publish","4":"has-post-thumbnail","6":"product_cat-evening-shows","7":"wcpa_has_options","9":"first","10":"instock","11":"virtual","12":"purchasable","13":"product-type-simple"},"acf":[],"wcpa_form_fields":{"wcpaData":{"product":{"product_price":94,"price_html":"From&nbsp;<span class=\"woocommerce-Price-amount amount\"><bdi>94,00&nbsp;<span class=\"woocommerce-Price-currencySymbol\">&euro;<\/span><\/bdi><\/span>","original_product_price":94,"price_including_tax":94,"price_excluding_tax":94,"product_id":{"parent":9654,"variation":false},"is_variable":false,"stock_status":"instock","stock_quantity":null,"parent_sku":"CV9654","product_attributes":[],"custom_fields":[],"is_taxable":false,"product_name":"Scandal Dinner Show Tenerife","hasImage":false},"fields":{"sec_165e506ca90d2c":{"extra":{"key":"sec_165e506ca90d2c","section_id":"sec_165e506ca90d2c","name":"Default","status":1,"cl_rule":"show","enableCl":false,"relations":[],"toggle":true,"title_tag":"h3","show_title":false,"showPrice":"default","form_id":10217,"form_rules":{"exclude_from_discount":true,"fee_label":"Fee","disp_hide_options_price":true,"disp_show_section_price":false,"disp_show_field_price":true,"layout_option":"standard","pric_use_as_fee":false,"process_fee_as":"woo_fee"},"layout_option":"standard"},"fields":[[{"label":"\ud83d\udcc5 Date","active":true,"required":true,"elementId":"date_265e506ca90d6a","picker_type":"custom","picker_mode":"single","placeholder":"","description":"","tooltip":"","name":"date_265e506ca90d6a","label_position":"default","desc_position":"default","enablePrice":false,"className":"","enableCl":false,"relations":[{"operator":"and","rules":[{"operator":"AND","rules":{"cl_field":"radio-group_765e506ca90d4e","cl_relation":"is_not_empty","cl_val":"3 Hour Trip"}}]}],"date_pic_inline":true,"date_pic_inline_hide":true,"min_date":{"type":"days","val":"1"},"max_date":{"type":"days","val":"180"},"date_pic_conf":{"disabledWeeks":[0,1,2,3,4,5],"disabledDates":["2024-05-25","2024-08-10","2024-11-02","2024-12-14","2024-12-27 to 2024-12-28"]},"price":"","cl_rule":"show","col":6,"type":"date","error":false,"enableDesign":false,"LabelColor":"","date_conf_custom":{"minDate":"let d = new Date();\nif (d.getHours() >= 18) {\n  d.setDate(d.getDate() + 3);\n} else if (d.getHours() >= 12) {\n  d.setDate(d.getDate() + 1);\n} else {\nd.setDate(d.getDate());\n}\nreturn d;"},"isWeightTemplate":false,"isTemplate":false,"min_quantity":"1","quantity_decimal":false,"quantity_step":"1","quantity_label":"Quantity","repeater_field_label":"{field_label}","repeater_bind":"","gt_translate_keys":["label","placeholder","description","tooltip","repeater_field_label","quantity_label"],"price_dependency":false,"cl_dependency":["radio-group_765e506ca90d4e","radio-group_765e506ca90d4e"],"value":""}],[{"active":true,"col":6,"relations":[{"operator":false,"rules":[{"operator":"AND","rules":{"cl_field":"","cl_relation":"","cl_val":""}}]}],"cl_rule":"show","enableCl":false,"price":"","enablePrice":false,"className":"","label_position":"default","desc_position":"default","type":"radio-group","required":true,"elementId":"radio-group_765e506ca90d4e","label":"\ud83c\udf1f Type of Ticket","name":"radio-group_765e506ca90d4e","values":[{"label":"Gold Entrance (94\u20ac)","value":"Gold Entrance","selected":false,"tempId":"aco_28","description":"Enjoy the live show, tasting menu, and unlimited drinks.","gt_translate_keys":["label","description"]},{"label":"Platinum Entrance (114\u20ac)","value":"Platinum Entrance","selected":false,"tempId":"aco_29","description":"Enjoy the live show, tasting menu, unlimited drinks, and a private table.","options_cl":true,"relations":[{"operator":false,"rules":[{"operator":"or","rules":{"cl_field":"date_265e506ca90d6a","cl_relation":"is","cl_val":"2026-04-02"}},{"operator":false,"rules":{"cl_field":"date_265e506ca90d6a","cl_relation":"is","cl_val":"2026-03-26"}}]}],"cl_rule":"hide","gt_translate_keys":["label","description"]}],"layOut":"","error":false,"checkUi":"toggle","enableDesign":false,"scrollBar":false,"description":"","other":false,"options_description":true,"show_selected_option":false,"isWeightTemplate":false,"isTemplate":false,"min_quantity":"1","quantity_decimal":false,"quantity_step":"1","quantity_label":"Quantity","repeater_field_label":"{field_label}","repeater_bind":"","gt_translate_keys":["label","description","repeater_field_label","quantity_label"],"price_dependency":false,"cl_dependency":[false,false],"value":""}]]},"sec_965e506ca90d50":{"extra":{"key":"sec_965e506ca90d50","section_id":"sec_965e506ca90d50","name":"Gold","status":1,"cl_rule":"show","enableCl":true,"relations":[{"operator":false,"rules":[{"operator":"AND","rules":{"cl_field":"radio-group_765e506ca90d4e","cl_relation":"is","cl_val":"Gold Entrance"}}]}],"toggle":true,"title_tag":"h4","show_title":false,"showPrice":"default","form_id":10217,"form_rules":{"exclude_from_discount":true,"fee_label":"Fee","disp_hide_options_price":true,"disp_show_section_price":false,"disp_show_field_price":true,"layout_option":"standard","pric_use_as_fee":false,"process_fee_as":"woo_fee"},"layout_option":"standard"},"fields":[[{"elementId":"separator_765e506ca90d74","separatorType":"blank","className":"","height":"10","enableCl":false,"relations":false,"cl_rule":"show","col":6,"type":"separator","gt_translate_keys":[],"price_dependency":false,"cl_dependency":false,"value":""}],[{"active":true,"col":6,"relations":false,"cl_rule":"show","enableCl":false,"price":"","enablePrice":false,"className":"","label_position":"default","desc_position":"default","type":"content","required":false,"elementId":"content_365e506ca90d7f","label":"People","name":"content_365e506ca90d7f","contentType":"plain","value":"","error":false,"show_in_checkout":true,"inline":false,"gt_translate_keys":["label","value"],"price_dependency":false,"cl_dependency":false}],[{"active":true,"col":6,"relations":[{"operator":false,"rules":[{"operator":"AND","rules":{"cl_field":"","cl_relation":"","cl_val":""}}]}],"cl_rule":"show","enableCl":true,"price":"94","enablePrice":true,"className":"","label_position":"default","desc_position":"default","type":"radio-group","required":false,"elementId":"radio-group_265e506ca90d8a","label":"","name":"radio-group_265e506ca90d8a","values":[{"label":"\ud83d\udc64 Adult (94\u20ac)","value":"Adult","selected":true,"tempId":"aco_32","tooltip":"+16 Years","description":"","gt_translate_keys":["label","tooltip","description"]}],"layOut":"","error":false,"checkUi":"button","priceOptions":"fixed_for_all","pricingType":"fixed","enable_quantity":true,"quantity_label":"","min_quantity":"0","options_tooltip":true,"options_description":true,"gt_translate_keys":["label","quantity_label"],"price_dependency":false,"cl_dependency":false,"value":""}]]},"sec_365e506ca90da0":{"extra":{"key":"sec_365e506ca90da0","section_id":"sec_365e506ca90da0","name":"Platinum","status":1,"cl_rule":"show","enableCl":true,"relations":[{"operator":false,"rules":[{"operator":"AND","rules":{"cl_field":"radio-group_765e506ca90d4e","cl_relation":"is","cl_val":"Platinum Entrance"}}]}],"toggle":true,"title_tag":"h4","show_title":false,"showPrice":"default","form_id":10217,"form_rules":{"exclude_from_discount":true,"fee_label":"Fee","disp_hide_options_price":true,"disp_show_section_price":false,"disp_show_field_price":true,"layout_option":"standard","pric_use_as_fee":false,"process_fee_as":"woo_fee"},"layout_option":"standard"},"fields":[[{"elementId":"separator_565e506ca90daa","separatorType":"blank","className":"","height":"8","enableCl":false,"relations":false,"cl_rule":"show","col":6,"type":"separator","error":false,"gt_translate_keys":[],"price_dependency":false,"cl_dependency":false,"value":""}],[{"contentType":"plain","active":true,"label":"People","elementId":"content_365e506ca90dc6","value":"","inline":false,"show_in_checkout":true,"name":"content_365e506ca90dc6","enablePrice":false,"className":"","enableCl":false,"relations":false,"price":"","cl_rule":"show","col":6,"type":"content","gt_translate_keys":["label","value"],"price_dependency":false,"cl_dependency":false}],[{"label":"","active":true,"required":false,"elementId":"radio-group_365e506ca90dd1","name":"radio-group_365e506ca90dd1","label_position":"default","desc_position":"default","enablePrice":true,"className":"","enableCl":false,"relations":[{"operator":false,"rules":[{"operator":"AND","rules":{"cl_field":"","cl_relation":"","cl_val":""}}]}],"enable_quantity":true,"quantity_label":"","min_quantity":"0","checkUi":"button","layOut":"","options_tooltip":true,"values":[{"label":"\ud83d\udc64 Adult (114\u20ac)","value":"Adult","selected":true,"tempId":"aco_32","tooltip":"+16 Years","gt_translate_keys":["label","tooltip"]}],"priceOptions":"fixed_for_all","pricingType":"fixed","price":"114","cl_rule":"show","col":6,"type":"radio-group","error":false,"isWeightTemplate":false,"isTemplate":false,"quantity_decimal":false,"quantity_step":"1","repeater_field_label":"{field_label}","repeater_bind":"","gt_translate_keys":["label","repeater_field_label","quantity_label"],"price_dependency":false,"cl_dependency":false,"value":""}]]}},"config":{"price_override":"always","enable_recaptcha":false,"bind_quantity":false,"quantity_bind_formula":false,"disp_summ_show_option_price":true,"disp_summ_show_product_price":false,"disp_summ_show_total_price":true,"disp_summ_show_fee":true,"disp_summ_show_discount":true,"summary_title":"","options_total_label":"Options Price","total_label":"Total Amount","options_product_label":"Product Price","fee_label":"Fee","discount_label":"Discount","has_price":true,"has_quantity_formula":false},"mc_unit":1,"tax_rate":1,"tax_rate_real":1,"discount":{"percentage":0,"fixed":0},"design":{"conf":{"LabelPosition":"above","DescPosition":"above","UploadField":"custom_1","QuantityFieldStyle":"custom_1"},"css":{"LeftLabelWidth":"120px"}},"formulas":[],"lookuptables":[],"clones":false,"cartKey":false}},"_links":{"self":[{"href":"https:\/\/canaryvip.com\/es\/wp-json\/wp\/v2\/product\/9654","targetHints":{"allow":["GET"]}}],"collection":[{"href":"https:\/\/canaryvip.com\/es\/wp-json\/wp\/v2\/product"}],"about":[{"href":"https:\/\/canaryvip.com\/es\/wp-json\/wp\/v2\/types\/product"}],"replies":[{"embeddable":true,"href":"https:\/\/canaryvip.com\/es\/wp-json\/wp\/v2\/comments?post=9654"}],"wp:featuredmedia":[{"embeddable":true,"href":"https:\/\/canaryvip.com\/es\/wp-json\/wp\/v2\/media\/9659"}],"wp:attachment":[{"href":"https:\/\/canaryvip.com\/es\/wp-json\/wp\/v2\/media?parent=9654"}],"wp:term":[{"taxonomy":"product_brand","embeddable":true,"href":"https:\/\/canaryvip.com\/es\/wp-json\/wp\/v2\/product_brand?post=9654"},{"taxonomy":"product_cat","embeddable":true,"href":"https:\/\/canaryvip.com\/es\/wp-json\/wp\/v2\/product_cat?post=9654"},{"taxonomy":"product_tag","embeddable":true,"href":"https:\/\/canaryvip.com\/es\/wp-json\/wp\/v2\/product_tag?post=9654"}],"curies":[{"name":"wp","href":"https:\/\/api.w.org\/{rel}","templated":true}]}}