{"id":9623,"date":"2024-02-11T01:34:38","date_gmt":"2024-02-11T01:34:38","guid":{"rendered":"https:\/\/canaryvip.com\/?post_type=product&#038;p=9623"},"modified":"2025-08-09T12:57:36","modified_gmt":"2025-08-09T11:57:36","slug":"tenerife-island-guided-bus-tour","status":"publish","type":"product","link":"https:\/\/canaryvip.com\/es\/shop\/tenerife-island-guided-bus-tour\/","title":{"rendered":"Vuelta a la isla de Tenerife: Excursi\u00f3n guiada en autob\u00fas"},"content":{"rendered":"<h2>\ud83d\ude8c <strong>Excursi\u00f3n guiada en autob\u00fas por la isla de Tenerife<\/strong><\/h2>\n<p>Descubra el coraz\u00f3n de Tenerife con <strong>CanaryVIP<\/strong> en una inmersiva excursi\u00f3n guiada en autob\u00fas de d\u00eda completo que abarca toda la isla. Desde el impresionante <a href=\"https:\/\/www.google.com\/maps\/place\/Acantilados+de+Los+Gigantes,+Santa+Cruz+de+Tenerife\/@28.244027,-16.8456497,15z\/data=!3m1!4b1!4m6!3m5!1s0xc6a8c153fdc6811:0xa0340f674cf6610!8m2!3d28.2408828!4d-16.8377834!16s%2Fm%2F026dqlb?entry=ttu\" target=\"_blank\" rel=\"noopener\">Acantilados de Los Gigantes<\/a> a las hist\u00f3ricas calles de <a href=\"https:\/\/www.google.com\/maps\/place\/La+Orotava,+Santa+Cruz+de+Tenerife\/@28.3929248,-16.5287568,15z\/data=!3m1!4b1!4m6!3m5!1s0xc402aae32ddf575:0x27206a076b427988!8m2!3d28.3892926!4d-16.525264!16zL20vMDdrcmx5?entry=ttu\" target=\"_blank\" rel=\"noopener\">La Orotava<\/a>Este viaje promete un rico tapiz de los diversos paisajes y tesoros culturales de Tenerife.<\/p>\n<h3><strong>Lo m\u00e1s destacado: Una exploraci\u00f3n por toda la isla<\/strong><\/h3>\n<ul>\n<li>\ud83c\udf04 <strong>Acantilados de Los Gigantes<\/strong>: Comience su aventura con una visita a los impresionantes acantilados de Los Gigantes, donde la grandeza de la naturaleza est\u00e1 en plena exhibici\u00f3n.<\/li>\n<li>\ud83d\udc40 <strong>Mirador de Garachico<\/strong>: Contin\u00fae hasta el Mirador de Garachico, que ofrece unas vistas impresionantes que encapsulan la belleza de la costa norte de Tenerife.<\/li>\n<li>\ud83c\udf33 <strong>Icod de los Vinos<\/strong>: Explore Icod de los Vinos y admire el drago milenario, un monumento natural cargado de historia.<\/li>\n<li>\ud83c\udfd8\ufe0f <strong>La Orotava<\/strong>: Ad\u00e9ntrate en los encantos de La Orotava, visitando la famosa Casa de los Balcones, s\u00edmbolo de la arquitectura y tradici\u00f3n canaria.<\/li>\n<li>\ud83d\udecd\ufe0f <strong>Puerto de la Cruz<\/strong>: Disfrute de tiempo libre en Puerto de la Cruz para ir de compras, hacer turismo y almorzar (comida no incluida en la excursi\u00f3n).<\/li>\n<li>\ud83d\ude4f <strong>Candelaria<\/strong>: Haga una \u00faltima parada en Candelaria para rendir homenaje a la Patrona de las Islas Canarias, como colof\u00f3n a un d\u00eda de exploraci\u00f3n y descubrimiento.<\/li>\n<\/ul>\n<h3><strong>Su viaje con CanaryVIP incluye:<\/strong><\/h3>\n<ul>\n<li>\ud83d\ude8c A <strong>viaje c\u00f3modo y panor\u00e1mico en autob\u00fas<\/strong> por todo Tenerife, garantizando un viaje tan placentero como los propios destinos.<\/li>\n<li>\ud83c\udfe8 <strong>C\u00f3modo servicio de recogida y entrega<\/strong> en su hotel, para una experiencia de viaje sin estr\u00e9s de principio a fin.<\/li>\n<li>\ud83d\udde3\ufe0f <strong>Gu\u00edas tur\u00edsticos multiling\u00fces<\/strong>enriqueciendo su experiencia con datos fascinantes sobre cada lugar.<\/li>\n<li>\ud83d\udd52 An <strong>recorrido aproximado de 8 horas<\/strong>Dise\u00f1ado para maximizar su exploraci\u00f3n de los impresionantes paisajes de Tenerife y su patrimonio cultural.<\/li>\n<li>\ud83d\udcf8 Incontables <strong>oportunidades fotogr\u00e1ficas<\/strong> a trav\u00e9s de terrenos variados, garantizando recuerdos que durar\u00e1n toda la vida.<\/li>\n<li>\ud83d\udcb0 La promesa CanaryVIP del <strong>mejor precio<\/strong>complementado con una pol\u00edtica de cancelaci\u00f3n flexible para su comodidad.<\/li>\n<\/ul>\n<h3><strong>Detalles esenciales de la visita:<\/strong><\/h3>\n<ul>\n<li>\ud83c\udf9f\ufe0f Conserve su billete CanaryVIP en formato digital o impreso para disfrutar de una experiencia tur\u00edstica sin interrupciones.<\/li>\n<li>\ud83e\udde5 V\u00edstete c\u00f3modamente y ponte varias capas de ropa, ya que encontrar\u00e1s distintos climas en toda la isla.<\/li>\n<li>\ud83c\udf7d\ufe0f T\u00f3mese un descanso para almorzar en Puerto de la Cruz, con una gran variedad de opciones gastron\u00f3micas para elegir. (Almuerzo no incluido en el precio)<\/li>\n<li>Los horarios y lugares de recogida se confirmar\u00e1n tras la reserva. Aseg\u00farate de que los datos de tu alojamiento son correctos para organizar el viaje sin problemas.<\/li>\n<\/ul>\n<h3><strong>Pol\u00edtica de cancelaci\u00f3n:<\/strong><\/h3>\n<ul>\n<li>\ud83d\udd04 <strong>Cancelaci\u00f3n adaptable para particulares:<\/strong> Nuestra pol\u00edtica se adapta a la imprevisibilidad de la vida, permitiendo cancelaciones hasta 24 horas antes de su viaje programado para un reembolso completo. Esta flexibilidad le permite modificar su itinerario cuando lo necesite sin ning\u00fan problema.<\/li>\n<li>\ud83d\udd52 <strong>Opciones de cancelaci\u00f3n de grupos:<\/strong> Para quienes viajan en grupo, ofrecemos condiciones de cancelaci\u00f3n a medida. Los grupos peque\u00f1os de 5 a 7 personas pueden cancelar sin gastos hasta 48 horas antes del viaje. Los grupos medianos, de 8 a 14 personas, tienen un plazo de cancelaci\u00f3n de hasta 4 d\u00edas antes del viaje para obtener un reembolso completo, mientras que los grupos grandes, de 15 o m\u00e1s personas, deben cancelar con al menos 6 d\u00edas de antelaci\u00f3n para evitar los gastos de cancelaci\u00f3n. Estas directrices se han establecido para facilitar la planificaci\u00f3n a grupos de todos los tama\u00f1os.<\/li>\n<li>\ud83d\udca1 <strong>Procedimiento de cancelaci\u00f3n sin esfuerzo:<\/strong> Cancelar su viaje, ya sea en solitario o en grupo, es muy sencillo. S\u00f3lo tiene que ponerse en contacto con nosotros a trav\u00e9s de nuestra p\u00e1gina web, por correo electr\u00f3nico o por tel\u00e9fono. Garantizamos un r\u00e1pido proceso de reembolso para que la cancelaci\u00f3n se realice sin problemas ni preocupaciones.<\/li>\n<li>\ud83d\udd0d <strong>Verificaci\u00f3n de reservas:<\/strong> Es aconsejable volver a comprobar los detalles de la reserva mucho antes de la fecha del viaje. De este modo, podr\u00e1 realizar los ajustes o cancelaciones necesarios dentro de los plazos especificados y evitar posibles gastos.<\/li>\n<\/ul>\n<h4><strong>Asistencia y responsabilidad en gira:<\/strong><\/h4>\n<ul>\n<li>\u2714\ufe0f CanaryVIP se dedica a garantizar una experiencia memorable y fluida del viaje, desde la reserva hasta la exploraci\u00f3n.<\/li>\n<li>\ud83d\udde3\ufe0f <strong>Comunicaci\u00f3n directa:<\/strong> Nuestros gu\u00edas est\u00e1n a su disposici\u00f3n para ayudarle con cualquier duda o necesidad durante su visita.<\/li>\n<li>\ud83d\udcb0 <strong>Pol\u00edtica de devoluciones transparente:<\/strong> Nos comprometemos a dar prioridad al cliente y a resolver cualquier problema de forma r\u00e1pida y justa.<\/li>\n<\/ul>\n<h4><strong>\ud83d\ude8c\ud83c\udf04\ud83c\udfdb\ufe0f \u00a1Reserva ya tu aventura por toda la isla!<\/strong><\/h4>\n<p>Aproveche esta oportunidad \u00fanica de explorar la inmensa belleza y la rica cultura de Tenerife con CanaryVIP. Reserve su plaza en la isla de Tenerife <a href=\"https:\/\/canaryvip.com\/es\/tenerife\/guided-tours\/bus-tours\/\">Visita guiada en autob\u00fas<\/a> y emb\u00e1rquese en un viaje inolvidable por los lugares m\u00e1s emblem\u00e1ticos y las joyas ocultas de la isla.<\/p>\n<p>\u00a1Su aventura le espera!<\/p>","protected":false},"excerpt":{"rendered":"<p><strong>\ud83d\udd0d Vuelta a la isla de Tenerife:<\/strong><br \/>\n\u2705 Pago seguro.<br \/>\n\u26f0\ufe0f Visita al acantilado de Los Gigantes.<br \/>\n\ud83d\udc09 Explora el \u00c1rbol de Dragones de Icod.<br \/>\n\ud83d\udca6 Descubre Garachico.<br \/>\n\ud83d\udee4\ufe0f Visita La Orotava.<br \/>\n\ud83d\udecd\ufe0f Disfrute de Puerto de la Cruz.<br \/>\n\u26ea\ufe0f Visita Candelaria.<br \/>\nMartes y s\u00e1bados.<br \/>\n\u23f0 Duraci\u00f3n Alrededor de 8h.<br \/>\n\ud83d\ude8c Recogida y devoluci\u00f3n en el hotel.<br \/>\n\ud83d\udd04 Cancelaci\u00f3n gratuita en 24 horas.<br \/>\n\ud83e\udd11 Mejor precio garantizado.<br \/>\n\ud83c\udf81 Descuentos para grupos disponibles.<br \/>\n\ud83c\udf0d Gu\u00eda en tu idioma.<br \/>\n\ud83c\udf1f \u00a1Reserva ahora y ahorra!<\/p>","protected":false},"featured_media":9624,"comment_status":"open","ping_status":"closed","template":"","meta":{"_acf_changed":false},"product_brand":[],"product_cat":[68,52],"product_tag":[],"class_list":{"0":"post-9623","1":"product","2":"type-product","3":"status-publish","4":"has-post-thumbnail","6":"product_cat-guided-tours","7":"product_cat-bus-tours","8":"wcpa_has_options","10":"first","11":"instock","12":"virtual","13":"purchasable","14":"product-type-simple"},"acf":[],"wcpa_form_fields":{"wcpaData":{"product":{"product_price":48,"price_html":"From&nbsp;<span class=\"woocommerce-Price-amount amount\"><bdi>48,00&nbsp;<span class=\"woocommerce-Price-currencySymbol\">&euro;<\/span><\/bdi><\/span>","original_product_price":48,"price_including_tax":48,"price_excluding_tax":48,"product_id":{"parent":9623,"variation":false},"is_variable":false,"stock_status":"instock","stock_quantity":null,"parent_sku":"CV9623","product_attributes":[],"custom_fields":[],"is_taxable":false,"product_name":"Tenerife Island Tour: Guided Bus Trip","hasImage":false},"fields":{"sec_265e50550df885":{"extra":{"key":"sec_265e50550df885","section_id":"sec_265e50550df885","name":"South Tenerife","status":1,"cl_rule":"show","enableCl":false,"relations":[{"operator":false,"rules":[{"operator":"AND","rules":{"cl_field":"radio-group_665df45fcbc30b","cl_relation":"is","cl_val":"Siam Park Regular Tickets"}}]}],"toggle":true,"title_tag":"h4","show_title":false,"showPrice":"default","form_id":10216,"form_rules":{"exclude_from_discount":true,"fee_label":"Fee","disp_hide_options_price":true,"disp_show_section_price":false,"disp_show_field_price":true,"layout_option":"standard","pric_use_as_fee":false,"process_fee_as":"woo_fee"},"layout_option":"standard"},"fields":[[{"label":"\ud83d\udcc5 Date","active":true,"required":true,"elementId":"date_365e50550df8bb","picker_type":"custom","picker_mode":"single","placeholder":"","description":"","tooltip":"","name":"date_365e50550df8bb","label_position":"default","desc_position":"default","enablePrice":false,"className":"","enableCl":false,"relations":[{"operator":"and","rules":[{"operator":"AND","rules":{"cl_field":"radio-group_665df45fcbc30b","cl_relation":"is","cl_val":"3 Hour Trip"}}]}],"date_pic_inline":true,"date_pic_inline_hide":true,"min_date":{"type":"days","val":"1"},"max_date":{"type":"days","val":"365"},"date_pic_conf":{"disabledWeeks":[0,1,3,4,5,6]},"price":"","cl_rule":"show","col":6,"type":"date","error":false,"enableDesign":false,"LabelColor":"","gt_translate_keys":["label","placeholder","description","tooltip"],"price_dependency":false,"cl_dependency":false,"value":""}],[{"elementId":"separator_665e50550df8cb","separatorType":"blank","className":"","height":"10","enableCl":false,"relations":false,"cl_rule":"show","col":6,"type":"separator","gt_translate_keys":[],"price_dependency":false,"cl_dependency":false,"value":""}],[{"active":true,"col":6,"relations":false,"cl_rule":"show","enableCl":false,"price":"","enablePrice":false,"className":"","label_position":"default","desc_position":"default","type":"content","required":false,"elementId":"content_565e50550df8e4","label":"People","name":"content_565e50550df8e4","contentType":"plain","value":"","error":false,"show_in_checkout":true,"inline":false,"gt_translate_keys":["label","value"],"price_dependency":false,"cl_dependency":false}],[{"active":true,"col":6,"relations":[{"operator":false,"rules":[{"operator":"AND","rules":{"cl_field":"","cl_relation":"","cl_val":""}}]}],"cl_rule":"show","enableCl":true,"price":"50","enablePrice":true,"className":"","label_position":"default","desc_position":"default","type":"radio-group","required":false,"elementId":"radio-group_665e50550df8f0","label":"","name":"radio-group_665e50550df8f0","values":[{"label":"\ud83d\udc64 Adult (50\u20ac)","value":"Adult","selected":true,"tempId":"aco_32","tooltip":"+12 Years","description":"","gt_translate_keys":["label","tooltip","description"]}],"layOut":"","error":false,"checkUi":"button","priceOptions":"fixed_for_all","pricingType":"fixed","enable_quantity":true,"quantity_label":"","min_quantity":"0","options_tooltip":true,"options_description":true,"gt_translate_keys":["label","quantity_label"],"price_dependency":false,"cl_dependency":false,"value":""}],[{"label":"","active":true,"required":false,"elementId":"radio-group_665e50550df8fb","name":"radio-group_665e50550df8fb","label_position":"default","desc_position":"default","enablePrice":true,"className":"","enableCl":false,"relations":false,"enable_quantity":true,"quantity_label":"","min_quantity":"0","checkUi":"button","layOut":"","values":[{"label":"\ud83d\udc66 Child (31\u20ac)","value":"Child","selected":true,"tempId":"aco_32","tooltip":"2-11 Years","description":"","gt_translate_keys":["label","tooltip","description"]}],"priceOptions":"fixed_for_all","pricingType":"fixed","price":"31","cl_rule":"show","col":6,"type":"radio-group","error":false,"options_tooltip":true,"options_description":true,"gt_translate_keys":["label","quantity_label"],"price_dependency":false,"cl_dependency":false,"value":""}],[{"active":true,"col":6,"relations":false,"cl_rule":"show","enableCl":false,"price":"","enablePrice":false,"className":"","label_position":"default","desc_position":"default","type":"select","required":false,"elementId":"select_265e50550df905","label":"\ud83c\udf0e Language","name":"select_265e50550df905","values":[{"label":"English","value":"English","selected":false,"tempId":"aco_310","gt_translate_keys":["label"]},{"label":"Spanish","value":"Spanish","selected":false,"tempId":"aco_311","gt_translate_keys":["label"]},{"label":"French","value":"French","selected":false,"tempId":"aco_312","gt_translate_keys":["label"]}],"dropdown_type":"basic","error":false,"gt_translate_keys":["label"],"price_dependency":false,"cl_dependency":false,"value":""}],[{"active":true,"col":6,"relations":false,"cl_rule":"show","enableCl":false,"price":"","enablePrice":false,"className":"","label_position":"default","desc_position":"default","type":"separator","required":false,"elementId":"separator_665e50550df90f","label":"Separator Field","height":"7","separatorType":"blank","error":false,"gt_translate_keys":["label"],"price_dependency":false,"cl_dependency":false,"value":""}],[{"active":true,"col":6,"relations":false,"cl_rule":"show","enableCl":false,"price":"","enablePrice":false,"className":"","label_position":"default","desc_position":"default","type":"text","subtype":"text","required":false,"elementId":"text_565e50550df918","label":"\ud83d\ude8c Pickup Location","name":"text_565e50550df918","value":"","description":"Pick-up service in South Tenerife. Simply provide your address or hotel name.","error":false,"gt_translate_keys":["label","description","value"],"price_dependency":false,"cl_dependency":false}]]}},"config":{"price_override":"always","enable_recaptcha":false,"bind_quantity":false,"quantity_bind_formula":false,"disp_summ_show_option_price":true,"disp_summ_show_product_price":false,"disp_summ_show_total_price":true,"disp_summ_show_fee":true,"disp_summ_show_discount":true,"summary_title":"","options_total_label":"Options Price","total_label":"Total Amount","options_product_label":"Product Price","fee_label":"Fee","discount_label":"Discount","has_price":true,"has_quantity_formula":false},"mc_unit":1,"tax_rate":1,"tax_rate_real":1,"discount":{"percentage":0,"fixed":0},"design":{"conf":{"LabelPosition":"above","DescPosition":"above","UploadField":"custom_1","QuantityFieldStyle":"custom_1"},"css":{"LeftLabelWidth":"120px"}},"formulas":[],"lookuptables":[],"clones":false,"cartKey":false}},"_links":{"self":[{"href":"https:\/\/canaryvip.com\/es\/wp-json\/wp\/v2\/product\/9623","targetHints":{"allow":["GET"]}}],"collection":[{"href":"https:\/\/canaryvip.com\/es\/wp-json\/wp\/v2\/product"}],"about":[{"href":"https:\/\/canaryvip.com\/es\/wp-json\/wp\/v2\/types\/product"}],"replies":[{"embeddable":true,"href":"https:\/\/canaryvip.com\/es\/wp-json\/wp\/v2\/comments?post=9623"}],"wp:featuredmedia":[{"embeddable":true,"href":"https:\/\/canaryvip.com\/es\/wp-json\/wp\/v2\/media\/9624"}],"wp:attachment":[{"href":"https:\/\/canaryvip.com\/es\/wp-json\/wp\/v2\/media?parent=9623"}],"wp:term":[{"taxonomy":"product_brand","embeddable":true,"href":"https:\/\/canaryvip.com\/es\/wp-json\/wp\/v2\/product_brand?post=9623"},{"taxonomy":"product_cat","embeddable":true,"href":"https:\/\/canaryvip.com\/es\/wp-json\/wp\/v2\/product_cat?post=9623"},{"taxonomy":"product_tag","embeddable":true,"href":"https:\/\/canaryvip.com\/es\/wp-json\/wp\/v2\/product_tag?post=9623"}],"curies":[{"name":"wp","href":"https:\/\/api.w.org\/{rel}","templated":true}]}}