{"id":9493,"date":"2024-02-05T22:56:26","date_gmt":"2024-02-05T22:56:26","guid":{"rendered":"https:\/\/canaryvip.com\/?post_type=product&#038;p=9493"},"modified":"2025-08-09T12:59:18","modified_gmt":"2025-08-09T11:59:18","slug":"jungle-park-tickets","status":"publish","type":"product","link":"https:\/\/canaryvip.com\/es\/shop\/jungle-park-tickets\/","title":{"rendered":"Comprar entradas Jungle Park"},"content":{"rendered":"<h2>\ud83e\udd85 <strong>Jungle Park Tenerife: Una aventura de safari y un refugio de vida salvaje<\/strong><\/h2>\n<p><strong>\u23f0 Explora cada d\u00eda:<\/strong> La aventura le espera de 10.00 a 17.30 horas, ofreci\u00e9ndole un d\u00eda completo de exploraci\u00f3n y descubrimiento.<\/p>\n<p>\ud83d\udccd <strong>Su safari le espera:<\/strong> Descubra el lado salvaje de Tenerife en el Jungle Park de Chayofa, una experiencia envolvente que mezcla un zoo y un jard\u00edn bot\u00e1nico en un vasto paisaje selv\u00e1tico. Planifique su visita <a href=\"https:\/\/maps.app.goo.gl\/K7g47iUPFiKyfYdU9\" target=\"_blank\" rel=\"noopener\">encontrar el parque en Google Maps<\/a>.<\/p>\n<p>\ud83c\udf92 <strong>Esenciales para la aventura:<\/strong> Prepare su equipaje para un d\u00eda en la selva con crema solar, calzado c\u00f3modo para caminar y no olvide su c\u00e1mara para las numerosas oportunidades fotogr\u00e1ficas entre animales ex\u00f3ticos y exuberantes paisajes.<\/p>\n<p>\ud83d\udca7 <strong>Refrescarse y repostar:<\/strong> Dentro del parque, encontrar\u00e1 varias opciones para hidratarse y disfrutar de una comida, lo que garantiza un d\u00eda c\u00f3modo y agradable para todos.<\/p>\n<p>\ud83c\udfab <strong>Acceso r\u00e1pido:<\/strong> Evite las esperas con las entradas CanaryVIP compradas con antelaci\u00f3n, que ofrecen una entrada m\u00e1s r\u00e1pida a quienes vienen preparados, en comparaci\u00f3n con los visitantes que compran las entradas a su llegada.<\/p>\n<p>\ud83d\ude8c <strong>Lanzadera a la Jungla:<\/strong> Benef\u00edciese del servicio de transporte gratuito que hace rondas desde Tenerife Sur, garantizando una ruta directa y c\u00f3moda a Jungle Park.<\/p>\n<p>\ud83c\udf1f <strong>Exclusivas CanaryVIP:<\/strong> Reservar con CanaryVIP no s\u00f3lo le asegura la entrada, sino que tambi\u00e9n le da acceso a descuentos especiales, entrada prioritaria y mucho m\u00e1s, mejorando su visita a Jungle Park.<\/p>\n<ul>\n<li><strong>Ahorro instant\u00e1neo:<\/strong> Obtenga descuentos exclusivos inmediatamente despu\u00e9s de reservar con nosotros.<\/li>\n<li><strong>M\u00e1s por menos:<\/strong> Consulte nuestras ofertas de entradas combinadas para ahorrar a\u00fan m\u00e1s y disfrutar el doble.<\/li>\n<li><strong>Planificaci\u00f3n sin preocupaciones:<\/strong> Disfrute de la tranquilidad de poder anular su visita hasta 72 horas antes de la misma.<\/li>\n<\/ul>\n<p>\ud83d\udc3e <strong>Conozca a nuestras estrellas animales:<\/strong> Jungle Park alberga una gran variedad de animales salvajes, desde las juguetonas travesuras de orangutanes, gibones y capuchinos en nuestro refugio de primates hasta los majestuosos leopardos y jaguares de nuestro santuario de grandes felinos. No se pierda los ping\u00fcinos, leones marinos, suricatas, mapaches y nuestra impresionante colecci\u00f3n de reptiles con serpientes, tortugas, cocodrilos y caimanes.<\/p>\n<p>\ud83e\udd9c <strong>Lo m\u00e1s destacado:<\/strong> Nuestro espect\u00e1culo diario de leones marinos, a las 13:30 horas, es un derroche de diversi\u00f3n, mientras que el espect\u00e1culo de aves rapaces, a las 12:30 horas, muestra la incre\u00edble agilidad de nuestros amigos emplumados, incluida la magn\u00edfica \u00e1guila calva. Estos espect\u00e1culos no s\u00f3lo son entretenidos, sino tambi\u00e9n educativos, ya que ofrecen informaci\u00f3n sobre la vida de estas incre\u00edbles criaturas.<\/p>\n<p>\ud83d\udc68\u200d\ud83d\udc69\u200d\ud83d\udc67\u200d\ud83d\udc66 <strong>Una aventura familiar:<\/strong> Jungle Park ofrece emocionantes safaris, serenos paseos por la naturaleza y encuentros interactivos con animales, perfectos para visitantes de todas las edades. Participe en recorridos especiales dentro del parque o, si quiere un toque extra de emoci\u00f3n, pruebe nuestro recorrido en trineo serpenteando por la selva.<\/p>\n<h3>\ud83d\ude8c Servicio de recogida gratuito<\/h3>\n<p><strong>Conexi\u00f3n de lanzadera sin fisuras:<\/strong> Utilice nuestro servicio de transporte gratuito para viajar sin estr\u00e9s desde Tenerife Sur a Jungle Park. Aseg\u00farese de que su aventura comienza y concluye sin problemas.<\/p>\n<p><strong>Horario de lanzaderas y retornos:<\/strong> Disfrute de c\u00f3modas recogidas desde Costa Adeje, Playa de Las Am\u00e9ricas y Los Cristianos, facilitando su visita a Jungle Park con facilidad. Nuestro Servicio de Autob\u00fas Diario Gratuito le conecta sin esfuerzo:<\/p>\n<ul>\n<li><a href=\"https:\/\/canaryvip.com\/es\/shop\/aqualand-tickets\/\">Aqualand<\/a> Costa Adeje: 9:30 | 10:45<\/li>\n<li>H. Labranda Suites Costa Adeje: 9:35 | 10:50<\/li>\n<li>Centro comercial The Duke Shops: 9:35 | 10:55<\/li>\n<li>Hotel Sunwing Fa\u00f1ab\u00e9: 9:40 | 11:00<\/li>\n<li>Hotel Allsun Hibiscos: 9:45 | 11:05<\/li>\n<li>Calle Llanos De Troya: 9:50 | 11:35<\/li>\n<li>Bar Leonardo's: 9:55 | 11:40<\/li>\n<li>Hotel Best Tenerife: 10:00 | 11:45<\/li>\n<li>Centro Comercial Pasarela \"La Pepa\": 10:10 | 11:50<\/li>\n<li>Hotel Sol Arona Tenerife: 10:15 | 11:55<\/li>\n<\/ul>\n<p><strong>Tiempos de retorno<\/strong>: 16:30 | 17:30.<\/p>\n<p>Tenga en cuenta que las plazas del servicio de transporte son limitadas y est\u00e1n disponibles por orden de llegada, sin reserva previa.<\/p>\n<h3>\ud83d\udd25 <strong>Reserve ahora para disfrutar de ofertas exclusivas de Jungle Park<\/strong><\/h3>\n<p>Sum\u00e9rjase en la belleza salvaje del Jungle Park de Tenerife con CanaryVIP. Aseg\u00farate las mejores ofertas, disfruta de un acceso sin complicaciones y crea recuerdos inolvidables en el exuberante entorno de Chayofa.<\/p>\n<p>Sum\u00e9rjase en un mundo donde la vida salvaje y la aventura convergen en el Jungle Park de Tenerife, donde cada camino lleva al descubrimiento y cada encuentro es una historia que espera ser contada. Reserve hoy mismo su viaje y d\u00e9 rienda suelta al explorador que lleva dentro.<\/p>","protected":false},"excerpt":{"rendered":"<p><strong>\ud83d\udd0d Jungle Park Highligts:<\/strong><br \/>\n\u2705 Pago seguro.<br \/>\n\ud83d\ude80 Entrada r\u00e1pida para titulares de pases.<br \/>\n\ud83e\udd85 Admisi\u00f3n a todos los espect\u00e1culos.<br \/>\n\ud83d\udd59 Abierto de 10:00 a 17:30.<br \/>\n\ud83e\udd11 Mejor precio garantizado.<br \/>\n\ud83d\ude8d Autob\u00fas de enlace gratuito.<br \/>\n\ud83d\udc6a Descuentos para reservas de grupos.<br \/>\n\ud83d\udd01 Hasta 72h Cancelaci\u00f3n.<br \/>\n\ud83c\udf0d Soporte en varios idiomas.<br \/>\n\ud83c\udf1f \u00a1Reserva ahora y ahorra!<br \/>\n\ud83d\udccd Buscar <a href=\"https:\/\/maps.app.goo.gl\/K7g47iUPFiKyfYdU9\">Jungle Park en Mapas<\/a>.<\/p>","protected":false},"featured_media":9501,"comment_status":"open","ping_status":"closed","template":"","meta":{"_acf_changed":false},"product_brand":[],"product_cat":[54],"product_tag":[],"class_list":{"0":"post-9493","1":"product","2":"type-product","3":"status-publish","4":"has-post-thumbnail","6":"product_cat-theme-parks","7":"wcpa_has_options","9":"first","10":"instock","11":"virtual","12":"purchasable","13":"product-type-simple"},"acf":[],"wcpa_form_fields":{"wcpaData":{"product":{"product_price":35,"price_html":"From&nbsp;<span class=\"woocommerce-Price-amount amount\"><bdi>35,00&nbsp;<span class=\"woocommerce-Price-currencySymbol\">&euro;<\/span><\/bdi><\/span>","original_product_price":35,"price_including_tax":35,"price_excluding_tax":35,"product_id":{"parent":9493,"variation":false},"is_variable":false,"stock_status":"instock","stock_quantity":null,"parent_sku":"CV9493","product_attributes":[],"custom_fields":[],"is_taxable":false,"product_name":"Buy Jungle Park Tickets","hasImage":false},"fields":{"sec_065df48f68f816":{"extra":{"key":"sec_065df48f68f816","section_id":"sec_065df48f68f816","name":"Jungle Park Tickets","status":1,"cl_rule":"show","enableCl":false,"relations":[{"operator":false,"rules":[{"operator":"AND","rules":{"cl_field":"radio-group_665df45fcbc30b","cl_relation":"is","cl_val":"Siam Park Regular Tickets"}}]}],"toggle":true,"title_tag":"h4","show_title":false,"showPrice":"default","form_id":10144,"form_rules":{"exclude_from_discount":true,"fee_label":"Fee","disp_hide_options_price":true,"disp_show_section_price":false,"disp_show_field_price":true,"layout_option":"standard","pric_use_as_fee":false,"process_fee_as":"woo_fee"},"layout_option":"standard"},"fields":[[{"label":"\ud83d\udcc5 Date","active":true,"required":true,"elementId":"date_365df48f68f836","picker_type":"custom","picker_mode":"single","placeholder":"","description":"","tooltip":"","name":"date_365df48f68f836","label_position":"default","desc_position":"default","enablePrice":false,"className":"","enableCl":false,"relations":[{"operator":"and","rules":[{"operator":"AND","rules":{"cl_field":"radio-group_665df45fcbc30b","cl_relation":"is","cl_val":"3 Hour Trip"}}]}],"date_pic_inline":true,"date_pic_inline_hide":true,"min_date":{"type":"days","val":"0"},"max_date":{"type":"days","val":"365"},"date_pic_conf":{"disabledWeeks":[]},"price":"","cl_rule":"show","col":6,"type":"date","error":false,"enableDesign":false,"LabelColor":"","gt_translate_keys":["label","placeholder","description","tooltip"],"price_dependency":false,"cl_dependency":false,"value":""}],[{"elementId":"separator_765df48f68f845","separatorType":"blank","className":"","height":"10","enableCl":false,"relations":false,"cl_rule":"show","col":6,"type":"separator","gt_translate_keys":[],"price_dependency":false,"cl_dependency":false,"value":""}],[{"active":true,"col":6,"relations":false,"cl_rule":"show","enableCl":false,"price":"","enablePrice":false,"className":"","label_position":"default","desc_position":"default","type":"content","required":false,"elementId":"content_265df48f68f851","label":"People","name":"content_265df48f68f851","contentType":"plain","value":"","error":false,"show_in_checkout":true,"inline":false,"gt_translate_keys":["label","value"],"price_dependency":false,"cl_dependency":false}],[{"active":true,"col":6,"relations":[{"operator":false,"rules":[{"operator":"AND","rules":{"cl_field":"","cl_relation":"","cl_val":""}}]}],"cl_rule":"show","enableCl":true,"price":"35","enablePrice":true,"className":"","label_position":"default","desc_position":"default","type":"radio-group","required":false,"elementId":"radio-group_165df48f68f85d","label":"","name":"radio-group_165df48f68f85d","values":[{"label":"\ud83d\udc64 Adult (35\u20ac)","value":"Adult","selected":true,"tempId":"aco_32","tooltip":"+11 Years","description":"","gt_translate_keys":["label","tooltip","description"]}],"layOut":"","error":false,"checkUi":"button","priceOptions":"fixed_for_all","pricingType":"fixed","enable_quantity":true,"quantity_label":"","min_quantity":"0","options_tooltip":true,"options_description":true,"gt_translate_keys":["label","quantity_label"],"price_dependency":false,"cl_dependency":false,"value":""}],[{"label":"","active":true,"required":false,"elementId":"radio-group_265df48f68f868","name":"radio-group_265df48f68f868","label_position":"default","desc_position":"default","enablePrice":true,"className":"","enableCl":false,"relations":false,"enable_quantity":true,"quantity_label":"","min_quantity":"0","checkUi":"button","layOut":"","values":[{"label":"\ud83d\udc66 Child (29\u20ac)","value":"Child","selected":true,"tempId":"aco_32","tooltip":"5-10 Years","description":"","gt_translate_keys":["label","tooltip","description"]}],"priceOptions":"fixed_for_all","pricingType":"fixed","price":"29","cl_rule":"show","col":6,"type":"radio-group","error":false,"options_tooltip":true,"options_description":true,"gt_translate_keys":["label","quantity_label"],"price_dependency":false,"cl_dependency":false,"value":""}],[{"label":"","active":true,"required":false,"elementId":"radio-group_1065df48f68f873","name":"radio-group_1065df48f68f873","label_position":"default","desc_position":"default","enablePrice":true,"className":"","enableCl":false,"relations":false,"enable_quantity":true,"quantity_label":"","min_quantity":"0","checkUi":"button","layOut":"","values":[{"label":"\ud83d\udc76 Toddler (16\u20ac)","value":"Toddler","selected":true,"tempId":"aco_32","tooltip":"3-4 Years","gt_translate_keys":["label","tooltip"]}],"priceOptions":"fixed_for_all","pricingType":"fixed","price":"16","cl_rule":"show","col":6,"type":"radio-group","error":false,"options_tooltip":true,"gt_translate_keys":["label","quantity_label"],"price_dependency":false,"cl_dependency":false,"value":""}]]}},"config":{"price_override":"always","enable_recaptcha":false,"bind_quantity":false,"quantity_bind_formula":false,"disp_summ_show_option_price":true,"disp_summ_show_product_price":false,"disp_summ_show_total_price":true,"disp_summ_show_fee":true,"disp_summ_show_discount":true,"summary_title":"","options_total_label":"Options Price","total_label":"Total Amount","options_product_label":"Product Price","fee_label":"Fee","discount_label":"Discount","has_price":true,"has_quantity_formula":false},"mc_unit":1,"tax_rate":1,"tax_rate_real":1,"discount":{"percentage":0,"fixed":0},"design":{"conf":{"LabelPosition":"above","DescPosition":"above","UploadField":"custom_1","QuantityFieldStyle":"custom_1"},"css":{"LeftLabelWidth":"120px"}},"formulas":[],"lookuptables":[],"clones":false,"cartKey":false}},"_links":{"self":[{"href":"https:\/\/canaryvip.com\/es\/wp-json\/wp\/v2\/product\/9493","targetHints":{"allow":["GET"]}}],"collection":[{"href":"https:\/\/canaryvip.com\/es\/wp-json\/wp\/v2\/product"}],"about":[{"href":"https:\/\/canaryvip.com\/es\/wp-json\/wp\/v2\/types\/product"}],"replies":[{"embeddable":true,"href":"https:\/\/canaryvip.com\/es\/wp-json\/wp\/v2\/comments?post=9493"}],"wp:featuredmedia":[{"embeddable":true,"href":"https:\/\/canaryvip.com\/es\/wp-json\/wp\/v2\/media\/9501"}],"wp:attachment":[{"href":"https:\/\/canaryvip.com\/es\/wp-json\/wp\/v2\/media?parent=9493"}],"wp:term":[{"taxonomy":"product_brand","embeddable":true,"href":"https:\/\/canaryvip.com\/es\/wp-json\/wp\/v2\/product_brand?post=9493"},{"taxonomy":"product_cat","embeddable":true,"href":"https:\/\/canaryvip.com\/es\/wp-json\/wp\/v2\/product_cat?post=9493"},{"taxonomy":"product_tag","embeddable":true,"href":"https:\/\/canaryvip.com\/es\/wp-json\/wp\/v2\/product_tag?post=9493"}],"curies":[{"name":"wp","href":"https:\/\/api.w.org\/{rel}","templated":true}]}}