{"id":9488,"date":"2024-02-05T21:54:37","date_gmt":"2024-02-05T21:54:37","guid":{"rendered":"https:\/\/canaryvip.com\/?post_type=product&#038;p=9488"},"modified":"2025-08-09T13:00:03","modified_gmt":"2025-08-09T12:00:03","slug":"aqualand-tickets","status":"publish","type":"product","link":"https:\/\/canaryvip.com\/es\/shop\/aqualand-tickets\/","title":{"rendered":"Comprar Entradas Aqualand"},"content":{"rendered":"<h2>\ud83c\udf0a <strong>Aqualand Costa Adeje: \u00a1Sum\u00e9rgete en la diversi\u00f3n y la aventura!<\/strong><\/h2>\n<ul>\n<li><strong>Abierto todos los d\u00edas:<\/strong> Chapotee y juegue desde las 10 de la ma\u00f1ana hasta las 5 de la tarde, asegur\u00e1ndose un d\u00eda lleno de diversi\u00f3n y emoci\u00f3n.<\/li>\n<li><strong>Convenientemente situado:<\/strong> Situado en la vibrante zona de Costa Adeje, Aqualand promete un d\u00eda de excursi\u00f3n de f\u00e1cil acceso para todos.<\/li>\n<li><strong>Flexibilidad de entradas:<\/strong> Su aventura le espera con entradas v\u00e1lidas durante 90 d\u00edas a partir de la fecha de compra, lo que le da libertad para elegir el d\u00eda perfecto para su visita.<\/li>\n<\/ul>\n<p>\ud83d\udccd <strong>El mejor sitio:<\/strong> Aqualand est\u00e1 situado en la animada zona tur\u00edstica de Costa Adeje, un destino clave para los amantes de los parques acu\u00e1ticos.<br \/>\nPara las direcciones, sin esfuerzo <a href=\"https:\/\/maps.app.goo.gl\/A5TcFcUtHUGD1ykJ7\" target=\"_blank\" rel=\"noopener\">Encuentra Aqualand en Google Maps<\/a> y planifique su d\u00eda de chapuzones con antelaci\u00f3n.<\/p>\n<p>\ud83c\udf92 <strong>Prep\u00e1rate para la aventura:<\/strong> No olvide la crema solar, el ba\u00f1ador y la toalla para pasar un d\u00eda de diversi\u00f3n bajo el sol. Alquiler de taquillas para guardar tus pertenencias.<\/p>\n<p>\ud83d\udca7 <strong>Estaci\u00f3n de hidrataci\u00f3n:<\/strong> Lleve agua para hidratarse bajo el sol, y podr\u00e1 comer y beber c\u00f3modamente dentro del parque.<\/p>\n<p>\ud83c\udfab <strong>Entrada sin fisuras:<\/strong> Con las entradas CanaryVIP, evite las colas para la compra de entradas in situ y disfrute de un acceso m\u00e1s r\u00e1pido. Con las entradas compradas podr\u00e1 comenzar su aventura en Aqualand con facilidad.<\/p>\n<p>\ud83d\ude8c <strong>Transporte Aqualand gratuito:<\/strong> Aproveche el exclusivo servicio de transporte gratuito de Aqualand para transportarse f\u00e1cilmente desde varios puntos de Tenerife Sur.<\/p>\n<p>\ud83c\udf1f <strong>Ventajas exclusivas de CanaryVIP:<\/strong> Disfrute de descuentos y ventajas especiales al reservar sus entradas para Aqualand con nosotros. Adultos y ni\u00f1os por igual pueden esperar un d\u00eda de diversi\u00f3n sin igual a precios competitivos.<\/p>\n<ul>\n<li><strong>Descuentos instant\u00e1neos:<\/strong> Asegure sus entradas a trav\u00e9s de CanaryVIP y disfrute de un ahorro inmediato.<\/li>\n<li><strong>Acceso prioritario:<\/strong> Evite las colas y sum\u00e9rjase directamente en la acci\u00f3n.<\/li>\n<li><strong>Ofertas de valor:<\/strong> Est\u00e9 atento a nuestras ofertas combinadas con <a href=\"https:\/\/canaryvip.com\/es\/shop\/aqualand-jungle-park-2park\/\">Aqualand y Jungle Park<\/a>maximizando su diversi\u00f3n al tiempo que ahorra dinero.<\/li>\n<li><strong>Cancelaci\u00f3n flexible:<\/strong> \u00bfCambio de planes? Cancele hasta 72 horas antes de su visita para obtener un reembolso completo.<\/li>\n<\/ul>\n<p>\ud83d\udc2c <strong>Espect\u00e1culo de delfines imprescindible:<\/strong> No se pierda las fascinantes actuaciones de delfines a las 15.30 horas todos los d\u00edas, que se incluyen gratuitamente con la entrada al parque.<\/p>\n<p>\ud83d\udc6a <strong>Diversi\u00f3n para toda la familia:<\/strong> Aqualand ofrece una mezcla perfecta de emocionantes toboganes para los amantes de la adrenalina y suaves zonas de juego para los m\u00e1s peque\u00f1os, lo que garantiza un d\u00eda memorable para toda la familia.<\/p>\n<h2>\ud83d\ude8c Servicio exclusivo de transporte Aqualand<\/h2>\n<p><strong>Experiencia de transbordo sin fisuras:<\/strong> Eleve su visita a Aqualand con nuestro servicio de transporte gratuito, que ofrece un viaje sin estr\u00e9s al parque. Disfrute de la facilidad de nuestro servicio de autob\u00fas gratuito, que une Los Cristianos, Playa de las Am\u00e9ricas y Costa Adeje para pasar un d\u00eda agradable sin esfuerzo.<\/p>\n<p><span style=\"text-decoration: underline;\"><strong>Horario del transporte gratuito:<\/strong><\/span><\/p>\n<ul>\n<li><strong>Rutas:<\/strong> Los Cristianos - Playa De las Am\u00e9ricas - Costa Adeje<\/li>\n<li><strong>Paradas de autob\u00fas y horarios:<\/strong>\n<ul>\n<li>Centro Comercial Pasarela: 9:30 | 10:30 | 11:30<\/li>\n<li>Hotel Sol Arona Tenerife: 9:35 | 10:35 | 11:35<\/li>\n<li>Hotel Best Tenerife: 9:40 | 10:40 | 11:40<\/li>\n<li>Bar Leonardo's: 9:45 | 10:45 | 11:45<\/li>\n<li>Calle Llanos de Troya: 9:50 | 10:50 | 11:50<\/li>\n<li>H. Labranda Suites Costa Adeje: 10:05 | 11:05 | 12:05<\/li>\n<li>Centro comercial The Duke Shops: 10:05 | 11:05 | 12:05<\/li>\n<li>Hotel Sunwing Fa\u00f1ab\u00e9: 10:10 | 11:10 | 12:10<\/li>\n<\/ul>\n<\/li>\n<\/ul>\n<p><strong>Horario de vuelta:<\/strong> 16.30 y 17.15 h.<\/p>\n<p>Tenga en cuenta que las plazas de cada lanzadera son limitadas y se llenan por orden de llegada sin reserva previa. Aseg\u00farese de que su aventura en Aqualand comience y termine sin problemas llegando con antelaci\u00f3n al punto de recogida designado.<\/p>\n<h3>\ud83d\udd25 <strong>No te lo pierdas: Ofertas exclusivas en CanaryVIP.com<\/strong><\/h3>\n<p>\u00bfListo para un d\u00eda de emoci\u00f3n en Aqualand Costa Adeje?<\/p>\n<p>Libro con <strong>CanaryVIP<\/strong> para disfrutar de los mejores precios y de una experiencia sin complicaciones, con ofertas especiales y una pol\u00edtica de cancelaci\u00f3n respetuosa. Date un chapuz\u00f3n y crea recuerdos inolvidables.<\/p>","protected":false},"excerpt":{"rendered":"<p><strong>\ud83d\udd0d Pases de entrada a Aqualand:<\/strong><br \/>\n\u2705 Pago seguro.<br \/>\n\ud83d\ude80 Entrada r\u00e1pida para titulares de pases.<br \/>\n\ud83c\udf0a Acceso a todas las atracciones.<br \/>\n\ud83d\udc2c Espect\u00e1culo de delfines incluido.<br \/>\n\ud83d\udd59 Abierto de 10:00 a 17:00.<br \/>\n\ud83e\udd11 Mejor precio garantizado.<br \/>\n\ud83d\ude8d Autob\u00fas de enlace gratuito.<br \/>\n\ud83d\udc6a Descuentos para reservas de grupos.<br \/>\n\ud83d\udd01 Hasta 72h Cancelaci\u00f3n.<br \/>\n\ud83c\udf0d Soporte en varios idiomas.<br \/>\n\ud83c\udf1f \u00a1Reserva ahora y ahorra!<br \/>\n\ud83d\udccd Buscar <a href=\"https:\/\/maps.app.goo.gl\/A5TcFcUtHUGD1ykJ7\">Aqualand en Mapas<\/a>.<\/p>","protected":false},"featured_media":9492,"comment_status":"open","ping_status":"closed","template":"","meta":{"_acf_changed":false},"product_brand":[],"product_cat":[54],"product_tag":[],"class_list":{"0":"post-9488","1":"product","2":"type-product","3":"status-publish","4":"has-post-thumbnail","6":"product_cat-theme-parks","7":"wcpa_has_options","9":"first","10":"instock","11":"virtual","12":"purchasable","13":"product-type-simple"},"acf":[],"wcpa_form_fields":{"wcpaData":{"product":{"product_price":36,"price_html":"From&nbsp;<span class=\"woocommerce-Price-amount amount\"><bdi>36,00&nbsp;<span class=\"woocommerce-Price-currencySymbol\">&euro;<\/span><\/bdi><\/span>","original_product_price":36,"price_including_tax":36,"price_excluding_tax":36,"product_id":{"parent":9488,"variation":false},"is_variable":false,"stock_status":"instock","stock_quantity":null,"parent_sku":"CV9488","product_attributes":[],"custom_fields":[],"is_taxable":false,"product_name":"Buy Aqualand Tickets","hasImage":false},"fields":{"sec_665df45fcbc30e":{"extra":{"key":"sec_665df45fcbc30e","section_id":"sec_665df45fcbc30e","name":"Aqualand Tickets","status":1,"cl_rule":"show","enableCl":false,"relations":[{"operator":false,"rules":[{"operator":"AND","rules":{"cl_field":"radio-group_665df45fcbc30b","cl_relation":"is","cl_val":"Siam Park Regular Tickets"}}]}],"toggle":true,"title_tag":"h4","show_title":false,"showPrice":"default","form_id":10143,"form_rules":{"exclude_from_discount":true,"fee_label":"Fee","disp_hide_options_price":true,"disp_show_section_price":false,"disp_show_field_price":true,"layout_option":"standard","pric_use_as_fee":false,"process_fee_as":"woo_fee"},"layout_option":"standard"},"fields":[[{"label":"\ud83d\udcc5 Date","active":true,"required":true,"elementId":"date_365df45fcbc347","picker_type":"custom","picker_mode":"single","placeholder":"","description":"","tooltip":"","name":"date_365df45fcbc347","label_position":"default","desc_position":"default","enablePrice":false,"className":"","enableCl":false,"relations":[{"operator":"and","rules":[{"operator":"AND","rules":{"cl_field":"radio-group_665df45fcbc30b","cl_relation":"is","cl_val":"3 Hour Trip"}}]}],"date_pic_inline":true,"date_pic_inline_hide":true,"min_date":{"type":"days","val":"0"},"max_date":{"type":"days","val":"365"},"date_pic_conf":{"disabledWeeks":[]},"price":"","cl_rule":"show","col":6,"type":"date","error":false,"enableDesign":false,"LabelColor":"","gt_translate_keys":["label","placeholder","description","tooltip"],"price_dependency":false,"cl_dependency":false,"value":""}],[{"elementId":"separator_865df45fcbc360","separatorType":"blank","className":"","height":"10","enableCl":false,"relations":false,"cl_rule":"show","col":6,"type":"separator","gt_translate_keys":[],"price_dependency":false,"cl_dependency":false,"value":""}],[{"active":true,"col":6,"relations":false,"cl_rule":"show","enableCl":false,"price":"","enablePrice":false,"className":"","label_position":"default","desc_position":"default","type":"content","required":false,"elementId":"content_265df45fcbc377","label":"People","name":"content_265df45fcbc377","contentType":"plain","value":"","error":false,"show_in_checkout":true,"inline":false,"gt_translate_keys":["label","value"],"price_dependency":false,"cl_dependency":false}],[{"active":true,"col":6,"relations":[{"operator":false,"rules":[{"operator":"AND","rules":{"cl_field":"","cl_relation":"","cl_val":""}}]}],"cl_rule":"show","enableCl":true,"price":"36","enablePrice":true,"className":"","label_position":"default","desc_position":"default","type":"radio-group","required":false,"elementId":"radio-group_365df45fcbc390","label":"","name":"radio-group_365df45fcbc390","values":[{"label":"\ud83d\udc64 Adult (36\u20ac)","value":"Adult","selected":true,"tempId":"aco_32","tooltip":"+11 Years","description":"","gt_translate_keys":["label","tooltip","description"]}],"layOut":"","error":false,"checkUi":"button","priceOptions":"fixed_for_all","pricingType":"fixed","enable_quantity":true,"quantity_label":"","min_quantity":"0","options_tooltip":true,"options_description":true,"gt_translate_keys":["label","quantity_label"],"price_dependency":false,"cl_dependency":false,"value":""}],[{"label":"","active":true,"required":false,"elementId":"radio-group_565df45fcbc3a8","name":"radio-group_565df45fcbc3a8","label_position":"default","desc_position":"default","enablePrice":true,"className":"","enableCl":false,"relations":false,"enable_quantity":true,"quantity_label":"","min_quantity":"0","checkUi":"button","layOut":"","values":[{"label":"\ud83d\udc66 Child (29\u20ac)","value":"Child","selected":true,"tempId":"aco_32","tooltip":"5-10 Years","description":"","gt_translate_keys":["label","tooltip","description"]}],"priceOptions":"fixed_for_all","pricingType":"fixed","price":"29","cl_rule":"show","col":6,"type":"radio-group","error":false,"options_tooltip":true,"options_description":true,"gt_translate_keys":["label","quantity_label"],"price_dependency":false,"cl_dependency":false,"value":""}],[{"label":"","active":true,"required":false,"elementId":"radio-group_865df45fcbc3bf","name":"radio-group_865df45fcbc3bf","label_position":"default","desc_position":"default","enablePrice":true,"className":"","enableCl":false,"relations":false,"enable_quantity":true,"quantity_label":"","min_quantity":"0","checkUi":"button","layOut":"","values":[{"label":"\ud83d\udc76 Toddler (16\u20ac)","value":"Toddler","selected":true,"tempId":"aco_32","tooltip":"3-4 Years","gt_translate_keys":["label","tooltip"]}],"priceOptions":"fixed_for_all","pricingType":"fixed","price":"16","cl_rule":"show","col":6,"type":"radio-group","error":false,"options_tooltip":true,"gt_translate_keys":["label","quantity_label"],"price_dependency":false,"cl_dependency":false,"value":""}]]}},"config":{"price_override":"always","enable_recaptcha":false,"bind_quantity":false,"quantity_bind_formula":false,"disp_summ_show_option_price":true,"disp_summ_show_product_price":false,"disp_summ_show_total_price":true,"disp_summ_show_fee":true,"disp_summ_show_discount":true,"summary_title":"","options_total_label":"Options Price","total_label":"Total Amount","options_product_label":"Product Price","fee_label":"Fee","discount_label":"Discount","has_price":true,"has_quantity_formula":false},"mc_unit":1,"tax_rate":1,"tax_rate_real":1,"discount":{"percentage":0,"fixed":0},"design":{"conf":{"LabelPosition":"above","DescPosition":"above","UploadField":"custom_1","QuantityFieldStyle":"custom_1"},"css":{"LeftLabelWidth":"120px"}},"formulas":[],"lookuptables":[],"clones":false,"cartKey":false}},"_links":{"self":[{"href":"https:\/\/canaryvip.com\/es\/wp-json\/wp\/v2\/product\/9488","targetHints":{"allow":["GET"]}}],"collection":[{"href":"https:\/\/canaryvip.com\/es\/wp-json\/wp\/v2\/product"}],"about":[{"href":"https:\/\/canaryvip.com\/es\/wp-json\/wp\/v2\/types\/product"}],"replies":[{"embeddable":true,"href":"https:\/\/canaryvip.com\/es\/wp-json\/wp\/v2\/comments?post=9488"}],"wp:featuredmedia":[{"embeddable":true,"href":"https:\/\/canaryvip.com\/es\/wp-json\/wp\/v2\/media\/9492"}],"wp:attachment":[{"href":"https:\/\/canaryvip.com\/es\/wp-json\/wp\/v2\/media?parent=9488"}],"wp:term":[{"taxonomy":"product_brand","embeddable":true,"href":"https:\/\/canaryvip.com\/es\/wp-json\/wp\/v2\/product_brand?post=9488"},{"taxonomy":"product_cat","embeddable":true,"href":"https:\/\/canaryvip.com\/es\/wp-json\/wp\/v2\/product_cat?post=9488"},{"taxonomy":"product_tag","embeddable":true,"href":"https:\/\/canaryvip.com\/es\/wp-json\/wp\/v2\/product_tag?post=9488"}],"curies":[{"name":"wp","href":"https:\/\/api.w.org\/{rel}","templated":true}]}}