{"id":9324,"date":"2024-01-31T15:11:45","date_gmt":"2024-01-31T15:11:45","guid":{"rendered":"https:\/\/canaryvip.com\/?post_type=product&#038;p=9324"},"modified":"2025-08-09T13:07:49","modified_gmt":"2025-08-09T12:07:49","slug":"tigresa-luxury-yacht-tenerife","status":"publish","type":"product","link":"https:\/\/canaryvip.com\/es\/shop\/tigresa-luxury-yacht-tenerife\/","title":{"rendered":"Alquile el yate #1 m\u00e1s lujoso de Tenerife: Tigresa Boat"},"content":{"rendered":"<h2><strong>\ud83d\udee5\ufe0f Tigresa Tenerife Yacht: Lo \u00faltimo en lujo<\/strong><\/h2>\n<p>Bienvenido a bordo del Tigresa, el cenit de las experiencias en yate en Tenerife. Este <strong>Azimut 60 Flybridge,<\/strong>\u00a0una impresionante maravilla de 19,5 metros de eslora, ofrece algo m\u00e1s que una embarcaci\u00f3n: es su billete exclusivo a los secretos del mar.<\/p>\n<p>Propulsado por potentes motores de 800 CV, promete una velocidad trepidante y una navegaci\u00f3n suave a medida que se embarca en su viaje \u00fanico. <strong>paseo en barco por Tenerife.<\/strong><\/p>\n<p>Descubra lo que significa disfrutar de un <strong>excursi\u00f3n en barco privado<\/strong> con Tigresa en las aguas cristalinas de Tenerife.<\/p>\n<h3>\u2b50\ufe0f <strong>Opulencia a bordo sin igual<\/strong><\/h3>\n<p><span style=\"text-decoration: underline;\"><strong>Del\u00e9itese con las suntuosas comodidades de la Tigresa:<\/strong><\/span><\/p>\n<ul>\n<li>Dos lujosas habitaciones dobles y una acogedora habitaci\u00f3n doble, perfectas para vivir una experiencia \u00edntima en un yate de alquiler en Tenerife.<\/li>\n<li>Dos elegantes cuartos de ba\u00f1o y un pr\u00e1ctico WC a\u00f1aden un toque de exclusividad a tus aventuras.<\/li>\n<li>Un suntuoso sal\u00f3n, dise\u00f1ado para relajarse al m\u00e1ximo mientras navega.<\/li>\n<li>Una cocina totalmente equipada, preparada para mejorar sus experiencias culinarias mientras alquila un barco en Tenerife.<\/li>\n<li>Televisores de plasma de 50 pulgadas, que combinan el entretenimiento con el lujo en su viaje en barco personal Tenerife.<\/li>\n<li>Dos cubiertas ba\u00f1adas por el sol, ideales para tomar el sol durante su viaje en yate.<\/li>\n<li>Una plataforma de nataci\u00f3n hidr\u00e1ulica de \u00faltima generaci\u00f3n, que eleva sus sesiones de nataci\u00f3n.<\/li>\n<\/ul>\n<h3>\ud83d\udea4 <strong>El ep\u00edtome del trato VIP con una tripulaci\u00f3n multiling\u00fce<\/strong><\/h3>\n<p>Experimente el servicio personalizado de nuestra experta tripulaci\u00f3n de dos personas, conocedora de los esplendores de las Islas Canarias, asegur\u00e1ndole un viaje culturalmente rico durante su alquiler de yates de lujo en Tenerife.<\/p>\n<p>La experiencia de nuestra tripulaci\u00f3n no s\u00f3lo aumenta su comodidad, sino que tambi\u00e9n enriquece su comprensi\u00f3n de la cultura y la historia locales, haciendo que cada viaje sea inolvidable. <strong>paseo en barco Tenerife<\/strong> una exploraci\u00f3n memorable.<\/p>\n<p>Mientras se desliza por la impresionante costa, nuestra tripulaci\u00f3n le se\u00f1alar\u00e1 lugares hist\u00f3ricos, le explicar\u00e1 la ecolog\u00eda marina local y le ayudar\u00e1 a experimentar lo mejor de una isla. <strong>paseo en barco por Tenerife<\/strong> ofrece.<\/p>\n<p>Esta atenci\u00f3n al detalle garantiza que su tiempo a bordo trascienda lo ordinario, convirtiendo un simple alquiler de yate en un profundo viaje cultural por las serenas aguas de Tenerife.<\/p>\n<h3>\ud83c\udf0a <strong>Navegaci\u00f3n suave con tecnolog\u00eda avanzada<\/strong><\/h3>\n<p>Disfrute de la tranquilidad del oc\u00e9ano a bordo del Tigresa, donde nuestro Estabilizador Girosc\u00f3pico Seakeeper garantiza cada momento de su <a href=\"https:\/\/canaryvip.com\/es\/tenerife\/boat-excursions\/\"><strong>paseo en barco Tenerife<\/strong><\/a> es a la vez memorable y serena.<\/p>\n<p>Sienta la paz mientras esta tecnolog\u00eda de vanguardia suaviza las olas, permiti\u00e9ndole relajarse por completo y disfrutar de las impresionantes vistas al mar sin preocuparse de nada.<\/p>\n<p>Ya sea tomando el sol en cubierta o cenando con vistas, Tigresa ofrece una experiencia tranquila y estable que hace que su tiempo en el mar sea realmente inolvidable.<\/p>\n<h3>\ud83d\udd52 <strong>Elija su aventura exclusiva<\/strong><\/h3>\n<ul>\n<li><strong>Viaje de 3 horas:<\/strong>\u00a0Descubra la hermosa costa suroeste de Tenerife, perfecta para una experiencia de alquiler de barcos r\u00e1pida pero impresionante.<\/li>\n<li><strong>Viaje de 5 horas:<\/strong>\u00a0Explore la majestuosa zona de Los Gigantes y la encantadora bah\u00eda de Masca, ideales para una completa experiencia en yates de lujo en Tenerife.<\/li>\n<li><strong>Experiencia definitiva de 8 horas:<\/strong>\u00a0Emb\u00e1rcate en la aventura definitiva, visitando lugares exclusivos bajo el majestuoso <a href=\"https:\/\/canaryvip.com\/es\/discover-the-teide-the-ultimate-guide-iconic-volcano\/\">Teide<\/a>S\u00f3lo se puede llegar en yate privado.<\/li>\n<\/ul>\n<h3>\ud83d\udc2c <strong>Avistamiento de ballenas \u00e9tico y lujoso<\/strong><\/h3>\n<p>\u00danase a nosotros en el Tigresa, equipado con todos los permisos necesarios, para un encuentro respetuoso y lujoso con los gigantes del oc\u00e9ano, mejorando su experiencia de alquiler de yates en Tenerife.<\/p>\n<h3>\u2705 <strong>Lujo, redefinido: Qu\u00e9 incluye<\/strong><\/h3>\n<ul>\n<li>Servicios de primer nivel, incluyendo una plataforma de ba\u00f1o y lujosas comodidades, estableciendo un nuevo est\u00e1ndar para su alquiler de yates en Tenerife.<\/li>\n<li>Delicias gastron\u00f3micas con champ\u00e1n, vinos finos y comidas exquisitas, ep\u00edtome de los viajes en barco de lujo.<\/li>\n<li>Transporte VIP desde su hotel en Tenerife Sur, a\u00f1adiendo una capa extra de lujo a su viaje en barco.<\/li>\n<\/ul>\n<h3>\ud83d\udd53 <strong>Punto de encuentro y acceso exclusivo<\/strong><\/h3>\n<ul>\n<li><strong>Ubicaci\u00f3n:<\/strong>\u00a0Costa Adeje, Puerto Col\u00f3n. El comienzo de su incomparable experiencia en yate en Tenerife.<\/li>\n<li><strong>Aparcamiento:<\/strong>\u00a0Mucho espacio disponible a precios competitivos, lo que facilita el inicio de su viaje de lujo.<\/li>\n<\/ul>\n<h3>\ud83d\udccd <strong>Salida desde Puerto Col\u00f3n en Costa Adeje<\/strong><\/h3>\n<p>Comience su aventura de lujo en Puerto Col\u00f3n, el animado centro de la escena n\u00e1utica de Costa Adeje. Conocido por su elegancia y moderna sofisticaci\u00f3n, este prestigioso puerto deportivo es el tel\u00f3n de fondo perfecto para su excursi\u00f3n en barco privado.<\/p>\n<p>Sienta la vibrante energ\u00eda de la zona al subir a bordo. Aqu\u00ed, en <a href=\"https:\/\/maps.app.goo.gl\/ocJuu7A8R1JWjPbS9\" target=\"_blank\" rel=\"noopener\">Puerto Col\u00f3n<\/a>cada salida es una emocionante promesa de experiencias inolvidables y vistas impresionantes a lo largo de las serenas aguas de Tenerife.<\/p>\n<h4>\ud83d\udcdc <strong>Pol\u00edtica clara y concisa<\/strong><\/h4>\n<ul>\n<li><strong>Seguridad meteorol\u00f3gica:<\/strong>\u00a0Elija una fecha alternativa u obtenga un reembolso completo si el tiempo no coopera, asegur\u00e1ndose de que su experiencia en el yate sea impecable.<\/li>\n<li><strong>Flexibilidad de cancelaci\u00f3n:<\/strong>\u00a0Cancelaci\u00f3n o reprogramaci\u00f3n gratuita hasta con 6 d\u00edas de antelaci\u00f3n, para adaptarse a sus necesidades de programaci\u00f3n.<\/li>\n<\/ul>\n<p>Sum\u00e9rjase en el reino del lujo exclusivo con Tigresa.<br \/>\nReserva ahora y desbloquea una experiencia donde la grandeza se encuentra con el mar. \ud83c\udf0a\ud83c\udf1f\ud83d\udee5\ufe0f<\/p>","protected":false},"excerpt":{"rendered":"<p><strong>\ud83d\udd0d Los M\u00e1s Destacado de Tigresa:<\/strong><br \/>\n\u2705 Pago seguro.<br \/>\n\ud83d\udee5\ufe0f Yate de lujo de 18 metros.<br \/>\n\ud83d\udc0b Avistamiento de ballenas y delfines.<br \/>\n\u23f3 Excursiones diarias de 3-8h.<br \/>\n\ud83d\udd59 Horarios de salida personalizables.<br \/>\n\ud83c\udf7e Refrescos y champ\u00e1n.<br \/>\n\ud83c\udf74 Comidas y bebidas gourmet.<br \/>\n\ud83d\udc65 Hasta 12 invitados.<br \/>\n\ud83e\udd3f Se proporciona equipo de snorkel.<br \/>\n\ud83d\ude97 Servicio de transporte incluido.<br \/>\n\ud83e\udd11 Mejor precio garantizado.<br \/>\n\ud83d\udc6a Descuentos activados.<br \/>\n\ud83d\udd01 Cancelaci\u00f3n hasta 8 d\u00edas.<br \/>\n\ud83c\udf0d Tripulaci\u00f3n multiling\u00fce.<br \/>\n\ud83c\udf1f \u00a1Reserva ahora y ahorra!<br \/>\n\ud83d\udccd Salida de <a href=\"https:\/\/maps.app.goo.gl\/ocJuu7A8R1JWjPbS9\">Puerto Col\u00f3n<\/a>.<\/p>","protected":false},"featured_media":9328,"comment_status":"open","ping_status":"closed","template":"","meta":{"_acf_changed":false},"product_brand":[],"product_cat":[47],"product_tag":[],"class_list":{"0":"post-9324","1":"product","2":"type-product","3":"status-publish","4":"has-post-thumbnail","6":"product_cat-boat-hire-tenerife","7":"wcpa_has_options","9":"first","10":"instock","11":"virtual","12":"purchasable","13":"product-type-simple"},"acf":[],"wcpa_form_fields":{"wcpaData":{"product":{"product_price":2000,"price_html":"From&nbsp;<span class=\"woocommerce-Price-amount amount\"><bdi>2.000,00&nbsp;<span class=\"woocommerce-Price-currencySymbol\">&euro;<\/span><\/bdi><\/span>","original_product_price":2000,"price_including_tax":2000,"price_excluding_tax":2000,"product_id":{"parent":9324,"variation":false},"is_variable":false,"stock_status":"instock","stock_quantity":null,"parent_sku":"CV9324","product_attributes":[],"custom_fields":[],"is_taxable":false,"product_name":"Rent the #1 Luxurious Yacht in Tenerife: Tigresa Boat","hasImage":false},"fields":{"sec_365c78ffa811e8":{"extra":{"key":"sec_365c78ffa811e8","section_id":"sec_365c78ffa811e8","name":"Default","status":1,"cl_rule":"show","enableCl":false,"relations":[],"toggle":true,"title_tag":"h3","show_title":false,"showPrice":"default","form_id":9607,"form_rules":{"exclude_from_discount":true,"fee_label":"Fee","disp_hide_options_price":true,"disp_show_section_price":false,"disp_show_field_price":true,"layout_option":"standard","pric_use_as_fee":false,"process_fee_as":"woo_fee"},"layout_option":"standard"},"fields":[[{"label":"\ud83d\udcc5 Date","active":true,"required":true,"elementId":"date_465c78ffa81217","picker_type":"custom","picker_mode":"single","placeholder":"","description":"","tooltip":"","name":"date_465c78ffa81217","label_position":"default","desc_position":"default","enablePrice":false,"className":"","enableCl":false,"relations":[{"operator":"and","rules":[{"operator":"AND","rules":{"cl_field":"radio-group_565c78ffa81208","cl_relation":"is","cl_val":"3 Hour Trip"}}]}],"date_pic_inline":true,"date_pic_inline_hide":true,"min_date":{"type":"days","val":"2"},"max_date":{"type":"days","val":"365"},"date_pic_conf":{"disabledWeeks":[]},"price":"","cl_rule":"show","col":6,"type":"date","error":false,"enableDesign":false,"LabelColor":"","gt_translate_keys":["label","placeholder","description","tooltip"],"price_dependency":false,"cl_dependency":false,"value":""}],[{"contentType":"rich","active":true,"label":"","elementId":"content_765c78ffa81286","value":"<p>\ud83c\udf9f\ufe0f <strong>Reservation<\/strong>: Pay only a deposit now to reserve; the rest is due on the day of the activity upon arrival.<\/p>","inline":false,"name":"content_765c78ffa81286","enablePrice":false,"className":"","subtype":"p","enableCl":false,"relations":false,"price":"","cl_rule":"show","col":6,"type":"content","error":false,"pricingType":"custom","isTemplate":false,"is_show_price":true,"show_in_checkout":true,"gt_translate_keys":["label","value"],"price_dependency":false,"cl_dependency":false}],[{"elementId":"separator-2189502245","separatorType":"blank","className":"","height":"3","enableCl":false,"relations":false,"cl_rule":"show","col":6,"type":"separator","error":false,"gt_translate_keys":[],"price_dependency":false,"cl_dependency":false,"value":""}],[{"active":true,"col":6,"relations":false,"cl_rule":"show","enableCl":false,"price":"","enablePrice":true,"className":"","label_position":"default","desc_position":"default","type":"select","required":true,"elementId":"select_5841412719","label":"\u23f3 Trip Duration","name":"select_5841412719","values":[{"label":"3 Hours (2.000\u20ac)","value":"3","selected":false,"tempId":"aco_556","price":"300","gt_translate_keys":["label"]},{"label":"4 Hours (2.500\u20ac)","value":"4","selected":false,"tempId":"aco_557","price":"375","gt_translate_keys":["label"]},{"label":"5 Hours (3.000\u20ac)","value":"5","selected":false,"tempId":"aco_558","price":"450","gt_translate_keys":["label"]},{"label":"6 Hours (3.500\u20ac)","value":"6","selected":false,"tempId":"aco_640","price":"525","gt_translate_keys":["label"]},{"label":"7 Hours (4.000\u20ac)","value":"7","selected":false,"tempId":"aco_650","price":"600","gt_translate_keys":["label"]},{"label":"8 Hours (4.500\u20ac)","value":"8","selected":false,"tempId":"aco_660","price":"675","gt_translate_keys":["label"]}],"dropdown_type":"basic","error":false,"placeholder":"Select Trip Duration","priceOptions":"different_for_all","pricingType":"fixed","gt_translate_keys":["label","placeholder"],"price_dependency":false,"cl_dependency":false,"value":""}],[{"elementId":"separator_665c78ffa8127b","separatorType":"fill","className":"","height":"6","enableCl":false,"relations":false,"cl_rule":"show","col":6,"type":"separator","error":false,"separatorColor":"#66a6b6","gt_translate_keys":[],"price_dependency":false,"cl_dependency":false,"value":""}],[{"active":true,"col":6,"relations":false,"cl_rule":"show","enableCl":false,"price":"({field.select_5841412719.","enablePrice":true,"className":"","label_position":"default","desc_position":"default","type":"content","required":false,"elementId":"content_865c78ffa812c0","label":"Deposit Payment","name":"content_865c78ffa812c0","contentType":"plain","value":"","error":false,"pricingType":"custom","isTemplate":true,"is_show_price":true,"enableDesign":true,"scrollBar":false,"use_as_fee":false,"fee_label":"Payment Now","inline":true,"show_in_checkout":true,"subtype":"div","formulaId":"fmla_1708364241278155361","LabelSize":"14px","gt_translate_keys":["label","value"],"price_dependency":["content-0022143174"],"cl_dependency":false}],[{"contentType":"plain","active":true,"label":"Payment at Arrival","elementId":"content_465c78ffa812c9","value":"","inline":true,"show_in_checkout":true,"name":"content_465c78ffa812c9","enablePrice":true,"className":"","fee_label":"Payment at Arrival","subtype":"div","enableCl":false,"relations":false,"scrollBar":false,"enableDesign":true,"pricingType":"custom","isTemplate":true,"price":"({field.radio-group_965c78ffa8129a.quantity}*22) + ({field.radio-group_865c78ffa812a3.quantity}*11)","use_as_fee":false,"is_show_price":true,"cl_rule":"show","col":6,"type":"content","error":false,"formulaId":"fmla_1708360988969136756","LabelSize":"14px","gt_translate_keys":["label","value"],"price_dependency":["content-0022143174"],"cl_dependency":false}],[{"contentType":"plain","active":true,"label":"Total Price","elementId":"content-0022143174","value":"","inline":true,"show_in_checkout":true,"name":"content-0022143174","enablePrice":true,"className":"","fee_label":"Payment at Arrival","subtype":"div","enableCl":false,"relations":false,"scrollBar":false,"enableDesign":true,"LabelSize":"14px","pricingType":"custom","isTemplate":false,"price":"({field.content_865c78ffa812c0.price}) + ({field.content_465c78ffa812c9.price})","formulaId":"fmla_1708360988969136756","use_as_fee":false,"is_show_price":true,"cl_rule":"show","col":6,"type":"content","error":false,"gt_translate_keys":["label","value"],"price_dependency":false,"cl_dependency":false}]]},"sec_165c78ffa81315":{"extra":{"key":"sec_165c78ffa81315","section_id":"sec_165c78ffa81315","name":"Pickup Location","status":1,"cl_rule":"show","enableCl":false,"relations":[],"toggle":true,"title_tag":"h4","show_title":false,"showPrice":"default","form_id":9607,"form_rules":{"exclude_from_discount":true,"fee_label":"Fee","disp_hide_options_price":true,"disp_show_section_price":false,"disp_show_field_price":true,"layout_option":"standard","pric_use_as_fee":false,"process_fee_as":"woo_fee"},"layout_option":"standard"},"fields":[[{"elementId":"separator_965c78ffa8131e","separatorType":"blank","className":"","height":"3","enableCl":false,"relations":false,"cl_rule":"show","col":6,"type":"separator","error":false,"gt_translate_keys":[],"price_dependency":false,"cl_dependency":false,"value":""}],[{"active":true,"col":6,"relations":[{"operator":false,"rules":[{"operator":"AND","rules":{"cl_field":"radio-group_565c78ffa81208","cl_relation":"is","cl_val":"3 Hour Trip"}}]}],"cl_rule":"show","enableCl":false,"price":"","enablePrice":false,"className":"","label_position":"default","desc_position":"default","type":"select","required":false,"elementId":"select_165c78ffa81221","label":"\u23f0 Departure","name":"select_165c78ffa81221","values":[{"label":"09:00","value":"09:00","selected":false,"tempId":"aco_1471","gt_translate_keys":["label"]},{"label":"10:00","value":"10:00","selected":false,"tempId":"aco_1472","gt_translate_keys":["label"]},{"label":"11:00","value":"11:00","selected":false,"tempId":"aco_1500","gt_translate_keys":["label"]},{"label":"12:00","value":"12:00","selected":false,"tempId":"aco_1510","gt_translate_keys":["label"]},{"label":"13:00 (1:00 PM)","value":"13:00","selected":false,"tempId":"aco_1520","gt_translate_keys":["label"]},{"label":"14:00 (2:00 PM)","value":"14:00","selected":false,"tempId":"aco_1728","gt_translate_keys":["label"]},{"label":"15:00 (3:00 PM)","value":"15:00","selected":false,"tempId":"aco_1738","gt_translate_keys":["label"]},{"label":"16:00 (4:00 PM)","value":"16:00","selected":false,"tempId":"aco_1748","gt_translate_keys":["label"]},{"label":"17:00 (5:00 PM)","value":"17:00","selected":false,"tempId":"aco_1912","gt_translate_keys":["label"]},{"label":"18:00 (6:00 PM)","value":"18:00","selected":false,"tempId":"aco_1922","gt_translate_keys":["label"]}],"dropdown_type":"basic","error":false,"placeholder":"Whichever Time is Best","gt_translate_keys":["label","placeholder"],"price_dependency":false,"cl_dependency":false,"value":""}],[{"elementId":"separator-6457332782","separatorType":"blank","className":"","height":"3","enableCl":false,"relations":false,"cl_rule":"show","col":6,"type":"separator","error":false,"gt_translate_keys":[],"price_dependency":false,"cl_dependency":false,"value":""}],[{"active":true,"col":6,"relations":[{"operator":false,"rules":[{"operator":false,"rules":{"cl_field":"radio-group_565c78ffa81208","cl_relation":"is_not","cl_val":"4.5 Hour Trip from North Tenerife"}}]}],"cl_rule":"show","enableCl":false,"price":"","enablePrice":false,"className":"","label_position":"default","desc_position":"default","type":"text","subtype":"text","required":false,"elementId":"text_565c78ffa81326","label":"\ud83d\ude8c Pickup Location","name":"text_565c78ffa81326","value":"","error":false,"description":"Free pick-up service in Tenerife South. Simply provide your address or hotel name.","repeater":false,"repeater_field_label":"{field_label}","repeater_bind":"","gt_translate_keys":["label","description","value","repeater_field_label"],"price_dependency":false,"cl_dependency":false}]]}},"config":{"price_override":"always","enable_recaptcha":false,"bind_quantity":false,"quantity_bind_formula":false,"disp_summ_show_option_price":true,"disp_summ_show_product_price":false,"disp_summ_show_total_price":false,"disp_summ_show_fee":true,"disp_summ_show_discount":true,"summary_title":"","options_total_label":"Options Price","total_label":"Deposit Amount","options_product_label":"Product Price","fee_label":"Fee","discount_label":"Discount","has_price":true,"has_quantity_formula":false},"mc_unit":1,"tax_rate":1,"tax_rate_real":1,"discount":{"percentage":0,"fixed":0},"design":{"conf":{"LabelPosition":"above","DescPosition":"above","UploadField":"custom_1","QuantityFieldStyle":"custom_1"},"css":{"LeftLabelWidth":"120px"}},"formulas":{"fmla_1708360988969136756":"(({field.select_5841412719.value}>=8)?(3825):(({field.select_5841412719.value}>=7)?(3400):(({field.select_5841412719.value}>=6)?(2975):(({field.select_5841412719.value}>=5)?(2550):(({field.select_5841412719.value}>=4)?(2125):(({field.select_5841412719.value}>=3)?(1700):(0)))))))","fmla_1708364241278155361":"(({field.select_5841412719.value}>=8)?({field.select_5841412719.price}):(({field.select_5841412719.value}>=7)?({field.select_5841412719.price}):(({field.select_5841412719.value}>=6)?({field.select_5841412719.price}):(({field.select_5841412719.value}>=5)?({field.select_5841412719.price}):(({field.select_5841412719.value}>=4)?({field.select_5841412719.price}):(({field.select_5841412719.value}>=3)?({field.select_5841412719.price}):(0)))))))"},"lookuptables":[],"clones":false,"cartKey":false}},"_links":{"self":[{"href":"https:\/\/canaryvip.com\/es\/wp-json\/wp\/v2\/product\/9324","targetHints":{"allow":["GET"]}}],"collection":[{"href":"https:\/\/canaryvip.com\/es\/wp-json\/wp\/v2\/product"}],"about":[{"href":"https:\/\/canaryvip.com\/es\/wp-json\/wp\/v2\/types\/product"}],"replies":[{"embeddable":true,"href":"https:\/\/canaryvip.com\/es\/wp-json\/wp\/v2\/comments?post=9324"}],"wp:featuredmedia":[{"embeddable":true,"href":"https:\/\/canaryvip.com\/es\/wp-json\/wp\/v2\/media\/9328"}],"wp:attachment":[{"href":"https:\/\/canaryvip.com\/es\/wp-json\/wp\/v2\/media?parent=9324"}],"wp:term":[{"taxonomy":"product_brand","embeddable":true,"href":"https:\/\/canaryvip.com\/es\/wp-json\/wp\/v2\/product_brand?post=9324"},{"taxonomy":"product_cat","embeddable":true,"href":"https:\/\/canaryvip.com\/es\/wp-json\/wp\/v2\/product_cat?post=9324"},{"taxonomy":"product_tag","embeddable":true,"href":"https:\/\/canaryvip.com\/es\/wp-json\/wp\/v2\/product_tag?post=9324"}],"curies":[{"name":"wp","href":"https:\/\/api.w.org\/{rel}","templated":true}]}}