{"id":8824,"date":"2024-01-15T13:42:01","date_gmt":"2024-01-15T13:42:01","guid":{"rendered":"https:\/\/canaryvip.com\/?post_type=product&#038;p=8824"},"modified":"2025-09-19T12:00:53","modified_gmt":"2025-09-19T11:00:53","slug":"siam-park-vip-villa","status":"publish","type":"product","link":"https:\/\/canaryvip.com\/es\/shop\/siam-park-vip-villa\/","title":{"rendered":"Siam Park Villa VIP"},"content":{"rendered":"<section class=\"l-section wpb_row height_medium\"><div class=\"l-section-h i-cf\"><div class=\"g-cols vc_row via_flex valign_top type_default stacking_default\"><div class=\"vc_col-sm-12 wpb_column vc_column_container\"><div class=\"vc_column-inner\"><div class=\"wpb_wrapper\"><div class=\"wpb_text_column\"><div class=\"wpb_wrapper\"><h2>\ud83c\udf34 <strong>Siam Park VIP Villa Experience con CanaryVIP<\/strong><\/h2>\n<p>Bienvenido a la cima del lujo en Siam Park, Tenerife. Como un oasis para los amantes del agua, <strong>Parque Siam<\/strong> es famosa por sus emocionantes atracciones y sus pintorescos paisajes. Desde la adrenalina <strong>Torre de energ\u00eda<\/strong> al sereno <strong>R\u00edo Mai Thai,<\/strong>\u00a0atendemos a todo tipo de aventureros. Eleve su visita con esta exclusiva experiencia de Villa VIP, donde convergen la sofisticaci\u00f3n y la emoci\u00f3n.<\/p>\n<h3><strong>\ud83c\udf1f Lujosas comodidades de las villas VIP<\/strong><\/h3>\n<ul>\n<li><strong>Elegancia inspirada en Tailandia:<\/strong> La Villa VIP, adornada con elegancia tailandesa, ofrece un refugio tranquilo y lujoso.<\/li>\n<li><strong>Confort supremo:<\/strong> Rel\u00e1jese en la extravagancia con sof\u00e1s de felpa, duchas privadas en la terraza y tumbonas.<\/li>\n<li><strong>Toallas y ducha privada:<\/strong> Se proporcionan toallas limpias, junto con una ducha privada para su comodidad.<\/li>\n<li><strong>Climatizaci\u00f3n:<\/strong> Ventiladores de \u00faltima generaci\u00f3n para mantener un ambiente confortable.<\/li>\n<li><strong>Almacenamiento seguro de objetos de valor:<\/strong> Hay una caja fuerte a su disposici\u00f3n para la seguridad de sus pertenencias.<\/li>\n<li><strong>Terraza privada con tumbonas:<\/strong> Disfrute tomando el sol o relaj\u00e1ndose a la sombra en su exclusiva terraza.<\/li>\n<li><strong>Jacuzzi personal:<\/strong> Sum\u00e9rjase en la relajaci\u00f3n con su propio jacuzzi privado, s\u00edmbolo del m\u00e1ximo lujo.<\/li>\n<\/ul>\n<h3><strong>\ud83c\udfa5 Villa Entretenimiento y Confort<\/strong><\/h3>\n<ul>\n<li><strong>TV y zona de estar:<\/strong> Un c\u00f3modo sal\u00f3n con TV para disfrutar de tus programas favoritos.<\/li>\n<li><strong>Minibar bien surtido:<\/strong> El minibar dispone de una gran variedad de bebidas para satisfacer cualquier sed.<\/li>\n<li><strong>Cena con todo incluido:<\/strong> Del\u00e9itese con una variada selecci\u00f3n de delicias culinarias en nuestros restaurantes de primera categor\u00eda.<\/li>\n<li><strong>Bebidas y helados:<\/strong> Acceso ilimitado a refrescos, cervezas, agua y helados.<\/li>\n<\/ul>\n<h3><strong>\ud83c\udfa2 Acceso prioritario a las atracciones con pase r\u00e1pido VIP:<\/strong><\/h3>\n<ul>\n<li><strong>Pase r\u00e1pido para todo el d\u00eda:<\/strong> Evite las colas para acceder al instante a todas las atracciones y disfrutar al m\u00e1ximo.<\/li>\n<\/ul>\n<h3><strong>\ud83c\udf74 Cena con todo incluido y opciones ilimitadas de bebidas:<\/strong><\/h3>\n<ul>\n<li><strong>Selecciones culinarias ilimitadas:<\/strong> Disfrute de una experiencia gastron\u00f3mica con todo incluido gracias a la gran variedad de opciones disponibles en todo el parque.<\/li>\n<li><strong>Bebidas ilimitadas:<\/strong> Disfrute de acceso ilimitado a una amplia gama de bebidas gratuitas, que le permitir\u00e1n mantenerse fresco durante toda su visita.<\/li>\n<\/ul>\n<h3><strong>\ud83d\udcb0 Precios y valor excepcionales<\/strong><\/h3>\n<ul>\n<li><strong>Tarifa inclusiva:<\/strong> La Villa VIP est\u00e1 disponible por 1215\u20ac, con capacidad para 8 hu\u00e9spedes, garantizando privacidad y exclusividad tanto para grupos peque\u00f1os como grandes.<\/li>\n<li><strong>Alojamiento adicional para hu\u00e9spedes:<\/strong> La villa puede alojar hasta 12 hu\u00e9spedes, con un cargo extra de 151\u20ac por persona m\u00e1s all\u00e1 de los ocho iniciales.<\/li>\n<\/ul>\n<h3><strong>\ud83d\ude8c Transporte c\u00f3modo y gratuito<\/strong><\/h3>\n<ul>\n<li><strong>Viajar sin estr\u00e9s:<\/strong> Utilice el servicio gratuito de autobuses Siam Park para desplazarse de forma f\u00e1cil y c\u00f3moda.<\/li>\n<li><strong>Amplios puntos de recogida:<\/strong> M\u00faltiples puntos de recogida en Tenerife para un acceso sin esfuerzo.<\/li>\n<\/ul>\n<h3><strong>\u23f0 Planifique su visita definitiva<\/strong><\/h3>\n<ul>\n<li><strong>Disponibilidad todo el a\u00f1o:<\/strong> Abierto en verano (de 10.00 a 18.00) y en invierno (de 10.00 a 17.00).<\/li>\n<li><strong>Ubicaci\u00f3n privilegiada:<\/strong> Situado en la vibrante Costa Adeje, ofrece impresionantes vistas y f\u00e1cil acceso.<\/li>\n<\/ul>\n<h3><b>\u274c Condiciones de cancelaci\u00f3n<\/b><\/h3>\n<ul>\n<li style=\"font-weight: 400;\" aria-level=\"1\"><span style=\"font-weight: 400;\">Hu\u00e9spedes que cancelan <\/span><b>al menos un mes antes del servicio programado<\/b><span style=\"font-weight: 400;\"> recibir\u00e1 un <\/span><b>reembolso completo<\/b><span style=\"font-weight: 400;\">.<\/span>&nbsp;<\/li>\n<li style=\"font-weight: 400;\" aria-level=\"1\"><span style=\"font-weight: 400;\">Anulaciones presentadas <\/span><b>desde un mes hasta 7 d\u00edas antes<\/b><span style=\"font-weight: 400;\"> al servicio est\u00e1n sujetas a una <\/span><b>60% gastos de anulaci\u00f3n<\/b><span style=\"font-weight: 400;\">.<\/span>&nbsp;<\/li>\n<li style=\"font-weight: 400;\" aria-level=\"1\"><span style=\"font-weight: 400;\">Anulaciones efectuadas <\/span><b>en un plazo de 7 d\u00edas a partir de la fecha prevista<\/b><span style=\"font-weight: 400;\"> son <\/span><b>no reembolsable<\/b><span style=\"font-weight: 400;\">.<\/span><\/li>\n<\/ul>\n<h3><strong>\ud83d\udd14 Tu experiencia CanaryVIP de lujo<\/strong><\/h3>\n<ul>\n<li><strong>Entre en el lujo:<\/strong> Mejore su visita a Siam Park con una estancia en la Villa VIP.<\/li>\n<li><strong>Cree momentos memorables:<\/strong> Reserve ahora una experiencia llena de grandeza, emoci\u00f3n y recuerdos inolvidables.<\/li>\n<\/ul>\n<p>Tanto si se trata de celebrar un hito importante como de organizar un acontecimiento especial, el <strong>Villa VIP en Siam Park Tenerife<\/strong> ofrece una mezcla inigualable de lujo y exclusividad. Perfecto para grupos grandes, combina emocionantes atracciones con serena relajaci\u00f3n.<\/p>\n<p>Reserve ahora con CanaryVIP para vivir una aventura lujosa e inolvidable en la Villa VIP Siam Park.<\/p>\n<\/div><\/div><\/div><\/div><\/div><\/div><\/div><\/section>","protected":false},"excerpt":{"rendered":"<p><strong>\ud83d\udd0d Villa Siam Park:<\/strong><br \/>\n\u2705 Pago seguro.<br \/>\n\ud83d\ude80 Pase r\u00e1pido VIP para todo el d\u00eda.<br \/>\n\ud83d\udc68\u200d\ud83d\udc69\u200d\ud83d\udc66 Precio para 8 invitados.<br \/>\n\ud83d\udc65 Capacidad para 12 personas.<br \/>\n\ud83d\udca6 Jacuzzi en la terraza.<br \/>\n\ud83d\udd10 Taquilla y toallas incluidas.<br \/>\n\ud83c\udf54 Comida ilimitada.<br \/>\n\ud83c\udf7a Refrescos y cerveza ilimitados.<br \/>\n\ud83e\udd11 Mejor precio garantizado.<br \/>\n\ud83d\ude8d Autob\u00fas de enlace gratuito.<br \/>\n\ud83c\udf0d Soporte en varios idiomas.<br \/>\n\ud83c\udf1f \u00a1Reserva ahora y ahorra!<br \/>\n\ud83d\udc32 Descubre <a href=\"https:\/\/canaryvip.com\/es\/product-category\/tenerife\/theme-parks-tenerife\/siam-park-tickets\/\">aqu\u00ed todas las entradas de Siam Park<\/a>!<br \/>\n\ud83d\udccd Buscar <a href=\"https:\/\/maps.app.goo.gl\/UfftQG3CrqW5R81r9\">Siam Park en Google Maps<\/a>!<\/p>","protected":false},"featured_media":8825,"comment_status":"open","ping_status":"closed","template":"","meta":{"_acf_changed":false},"product_brand":[],"product_cat":[54,55],"product_tag":[],"class_list":{"0":"post-8824","1":"product","2":"type-product","3":"status-publish","4":"has-post-thumbnail","6":"product_cat-theme-parks","7":"product_cat-siam-park-tickets","8":"wcpa_has_options","10":"first","11":"instock","12":"virtual","13":"purchasable","14":"product-type-simple"},"acf":[],"wcpa_form_fields":{"wcpaData":{"product":{"product_price":1320,"price_html":"From&nbsp;<span class=\"woocommerce-Price-amount amount\"><bdi>1.320,00&nbsp;<span class=\"woocommerce-Price-currencySymbol\">&euro;<\/span><\/bdi><\/span>","original_product_price":1320,"price_including_tax":1320,"price_excluding_tax":1320,"product_id":{"parent":8824,"variation":false},"is_variable":false,"stock_status":"instock","stock_quantity":null,"parent_sku":"CV8824","product_attributes":[],"custom_fields":[],"is_taxable":false,"product_name":"Siam Park VIP Villa","hasImage":false},"fields":{"sec_165dcc0a3c8397":{"extra":{"key":"sec_165dcc0a3c8397","section_id":"sec_165dcc0a3c8397","name":"Default","status":1,"cl_rule":"show","enableCl":false,"relations":[],"toggle":true,"title_tag":"h3","show_title":false,"showPrice":"default","form_id":10124,"form_rules":{"exclude_from_discount":true,"fee_label":"Fee","disp_hide_options_price":true,"disp_show_section_price":false,"disp_show_field_price":true,"layout_option":"standard","pric_use_as_fee":false,"process_fee_as":"woo_fee"},"layout_option":"standard"},"fields":[[{"active":true,"col":6,"relations":false,"cl_rule":"show","enableCl":false,"price":"","enablePrice":false,"className":"","label_position":"default","desc_position":"default","type":"date","required":false,"elementId":"date_1065dcc0a3c83b7","name":"date_1065dcc0a3c83b7","label":"\ud83d\udcc5 Date","picker_type":"custom","picker_mode":"single","error":false,"date_pic_inline":true,"date_pic_inline_hide":true,"min_date":{"type":"days","val":"3"},"max_date":{"type":"days_from_min","val":"500"},"date_pic_conf":{"disabledDates":["2025-05-26 to 2025-05-27","2025-06-01 to 2025-06-04","2025-06-12 to 2025-06-17","2025-06-18 to 2025-06-19","2025-06-20","2025-06-21","2025-06-22","2025-06-23","2025-06-24","2025-06-25","2025-06-26 to 2025-06-27","2025-06-28 to 2025-06-29","2025-07-01 to 2025-07-02","2025-07-03","2025-07-04","2025-07-05","2025-07-06","2025-07-07","2025-07-08","2025-07-09","2025-07-10","2025-07-11","2025-07-12","2025-07-13","2025-07-14","2025-07-15","2025-07-16","2025-07-17","2025-07-18 to 2025-07-25","2025-07-26","2025-07-27","2025-07-28","2025-07-29","2025-07-30","2025-07-31","2025-08-01","2025-08-02","2025-08-03","2025-08-04","2025-08-05 to 2025-08-07","2025-08-08","2025-08-09 to 2025-08-10","2025-08-11 to 2025-08-14","2025-08-15 to 2025-08-16","2025-08-17","2025-08-18","2025-08-21","2025-08-22","2025-08-23","2025-08-24 to 2025-08-26","2025-08-27","2025-08-28 to 2025-08-30","2025-08-31","2025-08-19 to 2025-08-20"]},"isWeightTemplate":false,"isTemplate":false,"min_quantity":"1","quantity_decimal":false,"quantity_step":"1","quantity_label":"Quantity","repeater_field_label":"{field_label}","repeater_bind":"","gt_translate_keys":["label","repeater_field_label","quantity_label"],"price_dependency":false,"cl_dependency":false,"value":""}],[{"active":true,"col":6,"relations":false,"cl_rule":"show","enableCl":false,"price":"","enablePrice":true,"className":"","label_position":"default","desc_position":"default","type":"select","required":false,"elementId":"select_1065dcc0a3c83c4","label":"\ud83d\udc64 Group Size","name":"select_1065dcc0a3c83c4","values":[{"label":"1 Person (1.320\u20ac)","value":"1 Person","selected":false,"tempId":"aco_670","price":"1320","gt_translate_keys":["label"]},{"label":"2 People (1.320\u20ac)","value":"2 People","selected":false,"tempId":"aco_671","price":"1320","gt_translate_keys":["label"]},{"label":"3 People (1.320\u20ac)","value":"3 People","selected":false,"tempId":"aco_672","price":"1320","gt_translate_keys":["label"]},{"label":"4 People (1.320\u20ac)","value":"4 People","selected":false,"tempId":"aco_898","price":"1320","gt_translate_keys":["label"]},{"label":"5 People (1.320\u20ac)","value":"5 People","selected":false,"tempId":"aco_908","price":"1320","gt_translate_keys":["label"]},{"label":"6 People (1.320\u20ac)","value":"6 People","selected":false,"tempId":"aco_1062","price":"1320","gt_translate_keys":["label"]},{"label":"7 People (1.320\u20ac)","value":"7 People","selected":false,"tempId":"aco_2967","price":"1320","gt_translate_keys":["label"]},{"label":"8 People (1.320\u20ac)","value":"8 People","selected":false,"tempId":"aco_3049","price":"1320","gt_translate_keys":["label"]},{"label":"\u2500 Beyond 8 people, each extra person costs \u20ac165 \u2500","value":"\u2500 Beyond 8 people, each extra person costs \u20ac165 \u2500","selected":false,"tempId":"aco_1784","price":"1320","gt_translate_keys":["label"]},{"label":"9 People (1.485\u20ac)","value":"9 People","selected":false,"tempId":"aco_3131","price":"1485","gt_translate_keys":["label"]},{"label":"10 People (1.650\u20ac)","value":"10 People","selected":false,"tempId":"aco_3213","price":"1650","gt_translate_keys":["label"]},{"label":"11 People (1.815\u20ac)","value":"11 People","selected":false,"tempId":"aco_3722","price":"1815","gt_translate_keys":["label"]},{"label":"12 People (1.980\u20ac)","value":"12 People","selected":false,"tempId":"aco_3732","price":"1980","gt_translate_keys":["label"]}],"dropdown_type":"basic","error":false,"placeholder":"None","priceOptions":"different_for_all","pricingType":"fixed","gt_translate_keys":["label","placeholder"],"price_dependency":false,"cl_dependency":false,"value":""}]]}},"config":{"price_override":"always","enable_recaptcha":false,"bind_quantity":false,"quantity_bind_formula":false,"disp_summ_show_option_price":false,"disp_summ_show_product_price":false,"disp_summ_show_total_price":true,"disp_summ_show_fee":false,"disp_summ_show_discount":false,"summary_title":"","options_total_label":"Options Price","total_label":"Total","options_product_label":"Product Price","fee_label":"Fee","discount_label":"Discount","has_price":true,"has_quantity_formula":false},"mc_unit":1,"tax_rate":1,"tax_rate_real":1,"discount":{"percentage":0,"fixed":0},"design":{"conf":{"LabelPosition":"above","DescPosition":"above","UploadField":"custom_1","QuantityFieldStyle":"custom_1"},"css":{"LeftLabelWidth":"120px"}},"formulas":[],"lookuptables":[],"clones":false,"cartKey":false}},"_links":{"self":[{"href":"https:\/\/canaryvip.com\/es\/wp-json\/wp\/v2\/product\/8824","targetHints":{"allow":["GET"]}}],"collection":[{"href":"https:\/\/canaryvip.com\/es\/wp-json\/wp\/v2\/product"}],"about":[{"href":"https:\/\/canaryvip.com\/es\/wp-json\/wp\/v2\/types\/product"}],"replies":[{"embeddable":true,"href":"https:\/\/canaryvip.com\/es\/wp-json\/wp\/v2\/comments?post=8824"}],"wp:featuredmedia":[{"embeddable":true,"href":"https:\/\/canaryvip.com\/es\/wp-json\/wp\/v2\/media\/8825"}],"wp:attachment":[{"href":"https:\/\/canaryvip.com\/es\/wp-json\/wp\/v2\/media?parent=8824"}],"wp:term":[{"taxonomy":"product_brand","embeddable":true,"href":"https:\/\/canaryvip.com\/es\/wp-json\/wp\/v2\/product_brand?post=8824"},{"taxonomy":"product_cat","embeddable":true,"href":"https:\/\/canaryvip.com\/es\/wp-json\/wp\/v2\/product_cat?post=8824"},{"taxonomy":"product_tag","embeddable":true,"href":"https:\/\/canaryvip.com\/es\/wp-json\/wp\/v2\/product_tag?post=8824"}],"curies":[{"name":"wp","href":"https:\/\/api.w.org\/{rel}","templated":true}]}}