{"id":8821,"date":"2024-01-15T13:32:07","date_gmt":"2024-01-15T13:32:07","guid":{"rendered":"https:\/\/canaryvip.com\/?post_type=product&#038;p=8821"},"modified":"2025-09-19T12:00:06","modified_gmt":"2025-09-19T11:00:06","slug":"siam-park-vip-house","status":"publish","type":"product","link":"https:\/\/canaryvip.com\/es\/shop\/siam-park-vip-house\/","title":{"rendered":"Siam Park Casa VIP"},"content":{"rendered":"<section class=\"l-section wpb_row height_medium\"><div class=\"l-section-h i-cf\"><div class=\"g-cols vc_row via_flex valign_top type_default stacking_default\"><div class=\"vc_col-sm-12 wpb_column vc_column_container\"><div class=\"vc_column-inner\"><div class=\"wpb_wrapper\"><div class=\"wpb_text_column\"><div class=\"wpb_wrapper\"><p>\ud83c\udfdd\ufe0f <strong>Siam Park VIP House Experience con CanaryVIP<\/strong><\/p>\n<div class=\"min-h-&#091;20px&#093; text-message flex flex-col items-start gap-3 whitespace-pre-wrap break-words &#091;.text-message+&amp;&#093;:mt-5 overflow-x-auto\" data-message-author-role=\"assistant\" data-message-id=\"8a8a1897-a3c1-4569-9988-c0ed1c1bc6da\">\n<div class=\"markdown prose w-full break-words dark:prose-invert light\">\n<p>Bienvenido a Siam Park, un para\u00edso para los amantes del agua en Tenerife. Conocido por sus emocionantes atracciones y pintorescos paisajes, el parque ofrece una aventura sin igual. Desde las emocionantes <strong>Torre de energ\u00eda<\/strong> a la tranquilidad <strong>R\u00edo Mai Thai,<\/strong>\u00a0Hay una experiencia para cada tipo de amante de las emociones fuertes. Ahora, eleve su visita con <strong>La experiencia exclusiva de la Casa VIP de CanaryVIP,<\/strong>\u00a0donde el lujo se une a la aventura.<\/p>\n<h3>\ud83c\udf1f <strong>Servicios de la Casa VIP Premium<\/strong><\/h3>\n<ul>\n<li><strong>Elegancia tailandesa<\/strong>: Inspirada en la est\u00e9tica tailandesa, la Casa VIP ofrece un oasis de calma y lujo.<\/li>\n<li><strong>Confort superior<\/strong>: Rel\u00e1jese con estilo con sof\u00e1s de felpa, duchas privadas en la terraza y tumbonas.<\/li>\n<li><strong>Toallas y ducha<\/strong>: Le esperan toallas limpias, y cada casa cuenta con su propia ducha privada para mayor comodidad.<\/li>\n<li><strong>Climatizaci\u00f3n<\/strong>: Mant\u00e9ngase fresco con nuestros ventiladores de \u00faltima generaci\u00f3n.<\/li>\n<li><strong>Seguridad de los objetos de valor<\/strong>: Guarde sus pertenencias en nuestra caja fuerte.<\/li>\n<li><strong>Terraza con tumbonas<\/strong>: Disfrute del sol o de la sombra en su terraza privada, equipada con c\u00f3modas tumbonas.<\/li>\n<li><strong>Jacuzzi privado en la terraza<\/strong>: Disfrute de la m\u00e1xima relajaci\u00f3n en su exclusivo jacuzzi, la joya de la corona del confort.<\/li>\n<\/ul>\n<h3>\ud83c\udfa5 <strong>Entretenimiento y relajaci\u00f3n en casa<\/strong><\/h3>\n<ul>\n<li><strong>TV y sala de estar<\/strong>: Rel\u00e1jate con tus programas favoritos en nuestra televisi\u00f3n y descansa en el c\u00f3modo sof\u00e1.<\/li>\n<li><strong>Minibar<\/strong>: Un minibar surtido con una variedad de bebidas para saciar cualquier sed.<\/li>\n<li><strong>Servicio todo incluido<\/strong>: Saboree una amplia gama de delicias culinarias en nuestros restaurantes.<\/li>\n<li><strong>Bebidas y helados<\/strong>: Disfrute de refrescos, cervezas, agua y helados ilimitados.<\/li>\n<\/ul>\n<h3>\ud83c\udfa2 <strong>Acceso exclusivo con pase r\u00e1pido VIP<\/strong><\/h3>\n<ul>\n<li><strong>Pase r\u00e1pido para todo el d\u00eda<\/strong>: Disfrute de acceso inmediato a todas las atracciones sin esperar colas, lo que aumenta su diversi\u00f3n.<\/li>\n<\/ul>\n<h3>\ud83c\udf74 <strong>Comidas y bebidas todo incluido<\/strong><\/h3>\n<ul>\n<li><strong>Amplias opciones culinarias<\/strong>: En el parque hay una gran variedad de restaurantes para todos los gustos.<\/li>\n<li><strong>Bebidas ilimitadas<\/strong>: Refr\u00e9squese con una selecci\u00f3n de bebidas gratuitas.<\/li>\n<\/ul>\n<h3>\ud83d\udcb0 <strong>Precios y valor excepcionales<\/strong><\/h3>\n<\/div>\n<\/div>\n<div class=\"min-h-&#091;20px&#093; text-message flex flex-col items-start gap-3 whitespace-pre-wrap break-words &#091;.text-message+&amp;&#093;:mt-5 overflow-x-auto\" data-message-author-role=\"assistant\" data-message-id=\"cc56ef15-39ff-4986-80a9-f3d468fc7369\">\n<div class=\"markdown prose w-full break-words dark:prose-invert light\">\n<ul>\n<li><strong>Tarifa inclusiva<\/strong>: La Casa VIP tiene un precio de 910 \u20ac y puede alojar hasta 6 personas. El precio garantiza la exclusividad y la privacidad tanto para grupos peque\u00f1os como grandes.<\/li>\n<li><strong>Mayor flexibilidad para los hu\u00e9spedes<\/strong>: La casa puede alojar hasta 10 personas. Se cobrar\u00e1 un suplemento de 151 \u20ac por persona por cada hu\u00e9sped que supere los seis iniciales.<\/li>\n<\/ul>\n<h3>\ud83d\ude8c <strong>Transporte c\u00f3modo y gratuito<\/strong><\/h3>\n<ul>\n<li><strong>Tr\u00e1nsito sin estr\u00e9s<\/strong>: Aproveche el servicio gratuito de autob\u00fas Siam Park para desplazarse f\u00e1cilmente.<\/li>\n<li><strong>Amplia cobertura<\/strong>: M\u00faltiples puntos de recogida en todo Tenerife para un c\u00f3modo acceso.<\/li>\n<\/ul>\n<h3>\u23f0 <strong>Planifique su experiencia definitiva<\/strong><\/h3>\n<ul>\n<li><strong>Disponibilidad todo el a\u00f1o<\/strong>: Abierto en verano (de 10.00 a 18.00) y en invierno (de 10.00 a 17.00).<\/li>\n<li><strong>Ubicaci\u00f3n privilegiada<\/strong>: Situado en la vibrante Costa Adeje, ofrece impresionantes vistas y f\u00e1cil acceso.<\/li>\n<\/ul>\n<h3><b>\u274c Pol\u00edtica de cancelaci\u00f3n<\/b><\/h3>\n<ul>\n<li style=\"font-weight: 400;\" aria-level=\"1\"><span style=\"font-weight: 400;\">Anulaciones efectuadas <\/span><b>30 d\u00edas o m\u00e1s antes de la fecha de la actividad<\/b><span style=\"font-weight: 400;\"> no incurrir\u00e1 en ninguna penalizaci\u00f3n.<\/span>&nbsp;<\/li>\n<li style=\"font-weight: 400;\" aria-level=\"1\"><span style=\"font-weight: 400;\">Anulaciones efectuadas <\/span><b>entre 30 d\u00edas y 7 d\u00edas antes de la fecha prevista<\/b><span style=\"font-weight: 400;\"> dar\u00e1 lugar a un <\/span><b>Carga 60%<\/b><span style=\"font-weight: 400;\"> del importe de la reserva.<\/span>&nbsp;<\/li>\n<li style=\"font-weight: 400;\" aria-level=\"1\"><span style=\"font-weight: 400;\">Anulaciones efectuadas <\/span><b>menos de 7 d\u00edas antes de la actividad<\/b><span style=\"font-weight: 400;\"> dar\u00e1 lugar a un <\/span><b>Carga 100%<\/b><span style=\"font-weight: 400;\"> del importe de la reserva.<\/span><\/li>\n<\/ul>\n<h4>\ud83d\udd14 <strong>Su aventura de lujo con CanaryVIP<\/strong><\/h4>\n<ul>\n<li><strong>Entre en la opulencia<\/strong>: Mejore su visita a Siam Park con una estancia en la Casa VIP.<\/li>\n<li><strong>Crear recuerdos duraderos<\/strong>: Reserve ahora un viaje lleno de lujo, emoci\u00f3n y momentos inolvidables.<\/li>\n<\/ul>\n<\/div>\n<\/div>\n<\/div><\/div><\/div><\/div><\/div><\/div><\/div><\/section>","protected":false},"excerpt":{"rendered":"<p><strong>\ud83d\udd0d Siam Park House:<\/strong><br \/>\n\u2705 Pago seguro.<br \/>\n\ud83d\ude80 Pase r\u00e1pido VIP para todo el d\u00eda.<br \/>\n\ud83d\udc68\u200d\ud83d\udc69\u200d\ud83d\udc66 Precio para 6 hu\u00e9spedes.<br \/>\n\ud83d\udc65 Tiene capacidad para 10 personas.<br \/>\n\ud83d\udca6 Jacuzzi privado en la terraza.<br \/>\n\ud83d\udd10 Taquilla y toallas incluidas.<br \/>\n\ud83c\udf54 Comida ilimitada.<br \/>\n\ud83c\udf7a Refrescos y cerveza ilimitados.<br \/>\n\ud83c\udfe0 \u00bfM\u00e1s espacio? <a href=\"https:\/\/canaryvip.com\/es\/shop\/siam-park-vip-villa\/\">Echa un vistazo a la Villa Siam Park<\/a>.<br \/>\n\ud83e\udd11 Mejor precio garantizado.<br \/>\n\ud83d\ude8d Autob\u00fas de enlace gratuito.<br \/>\n\ud83c\udf0d Soporte en varios idiomas.<br \/>\n\ud83c\udf1f \u00a1Reserva ahora y ahorra!<br \/>\n\ud83d\udc32 Descubre <a href=\"https:\/\/canaryvip.com\/es\/product-category\/tenerife\/theme-parks-tenerife\/siam-park-tickets\/\">aqu\u00ed todas las entradas de Siam Park<\/a>!<br \/>\n\ud83d\udccd Buscar <a href=\"https:\/\/maps.app.goo.gl\/UfftQG3CrqW5R81r9\">Siam Park en Google Maps<\/a>!<\/p>","protected":false},"featured_media":8827,"comment_status":"open","ping_status":"closed","template":"","meta":{"_acf_changed":false},"product_brand":[],"product_cat":[55,54],"product_tag":[],"class_list":{"0":"post-8821","1":"product","2":"type-product","3":"status-publish","4":"has-post-thumbnail","6":"product_cat-siam-park-tickets","7":"product_cat-theme-parks","8":"wcpa_has_options","10":"first","11":"instock","12":"virtual","13":"purchasable","14":"product-type-simple"},"acf":[],"wcpa_form_fields":{"wcpaData":{"product":{"product_price":990,"price_html":"From&nbsp;<span class=\"woocommerce-Price-amount amount\"><bdi>990,00&nbsp;<span class=\"woocommerce-Price-currencySymbol\">&euro;<\/span><\/bdi><\/span>","original_product_price":990,"price_including_tax":990,"price_excluding_tax":990,"product_id":{"parent":8821,"variation":false},"is_variable":false,"stock_status":"instock","stock_quantity":null,"parent_sku":"CV8821","product_attributes":[],"custom_fields":[],"is_taxable":false,"product_name":"Siam Park VIP House","hasImage":false},"fields":{"sec_865dcbfa9364bf":{"extra":{"key":"sec_865dcbfa9364bf","section_id":"sec_865dcbfa9364bf","name":"Default","status":1,"cl_rule":"show","enableCl":false,"relations":[],"toggle":true,"title_tag":"h3","show_title":false,"showPrice":"default","form_id":10123,"form_rules":{"exclude_from_discount":true,"fee_label":"Fee","disp_hide_options_price":true,"disp_show_section_price":false,"disp_show_field_price":true,"layout_option":"standard","pric_use_as_fee":false,"process_fee_as":"woo_fee"},"layout_option":"standard"},"fields":[[{"active":true,"col":6,"relations":false,"cl_rule":"show","enableCl":false,"price":"","enablePrice":false,"className":"","label_position":"default","desc_position":"default","type":"date","required":false,"elementId":"date_565dcbfa9364dd","name":"date_565dcbfa9364dd","label":"\ud83d\udcc5 Date","picker_type":"custom","picker_mode":"single","error":false,"date_pic_inline":true,"date_pic_inline_hide":true,"min_date":{"type":"days","val":"3"},"max_date":{"type":"days_from_min","val":"500"},"date_pic_conf":{"disabledDates":["2024-06-18 to 2024-06-30","2024-07-01 to 2024-08-15","2024-08-16 to 2024-08-20","2024-08-21","2024-08-22 to 2024-08-23","2024-08-24","2024-08-25 to 2024-08-29","2024-08-30","2025-05-26 to 2025-05-29","2025-06-02","2025-06-20","2025-06-21 to 2025-06-24","2025-06-25","2025-06-26 to 2025-06-27","2025-06-30","2025-07-01","2025-07-03","2025-07-04","2025-07-06","2025-07-07 to 2025-07-08","2025-07-09","2025-07-10 to 2025-07-13","2025-07-14 to 2025-07-15","2025-07-16 to 2025-07-17","2025-07-18","2025-07-19","2025-07-20","2025-07-21","2025-07-22","2025-07-23","2025-07-24","2025-07-25","2025-07-26","2025-07-27","2025-07-28 to 2025-07-31","2025-08-01","2025-08-02","2025-08-03","2025-08-04","2025-08-05","2025-08-06","2025-08-07","2025-08-08 to 2025-08-09","2025-08-10","2025-08-11 to 2025-08-12","2025-08-13","2025-08-14","2025-08-15","2025-08-16 to 2025-08-18","2025-08-19","2025-08-20","2025-08-21","2025-08-22","2025-08-23","2025-08-24","2025-08-25","2025-08-26","2025-08-27","2025-08-28 to 2025-08-31","2026-03-31 to 2026-04-11"]},"isWeightTemplate":false,"isTemplate":false,"min_quantity":"1","quantity_decimal":false,"quantity_step":"1","quantity_label":"Quantity","repeater_field_label":"{field_label}","repeater_bind":"","gt_translate_keys":["label","repeater_field_label","quantity_label"],"price_dependency":false,"cl_dependency":false,"value":""}],[{"active":true,"col":6,"relations":false,"cl_rule":"show","enableCl":false,"price":"","enablePrice":true,"className":"","label_position":"default","desc_position":"default","type":"select","required":false,"elementId":"select_965dcbfa9364eb","label":"\ud83d\udc64 Group Size","name":"select_965dcbfa9364eb","values":[{"label":"1 Person (990\u20ac)","value":"1 Person","selected":false,"tempId":"aco_670","price":"990","gt_translate_keys":["label"]},{"label":"2 People (990\u20ac)","value":"2 People","selected":false,"tempId":"aco_671","price":"990","gt_translate_keys":["label"]},{"label":"3 People (990\u20ac)","value":"3 People","selected":false,"tempId":"aco_672","price":"990","gt_translate_keys":["label"]},{"label":"4 People (990\u20ac)","value":"4 People","selected":false,"tempId":"aco_898","price":"990","gt_translate_keys":["label"]},{"label":"5 People (990\u20ac)","value":"5 People","selected":false,"tempId":"aco_908","price":"990","gt_translate_keys":["label"]},{"label":"6 People (990\u20ac)","value":"6 People","selected":false,"tempId":"aco_1062","price":"990","gt_translate_keys":["label"]},{"label":"\u2500 Beyond 6 people, each extra person costs \u20ac165 \u2500","value":"\u2500 Beyond 6 people, each extra person costs \u20ac165 \u2500","selected":false,"tempId":"aco_1784","price":"990","gt_translate_keys":["label"]},{"label":"7 People (1.155\u20ac)","value":"7 People","selected":false,"tempId":"aco_2967","price":"1155","gt_translate_keys":["label"]},{"label":"8 People (1.320\u20ac)","value":"8 People","selected":false,"tempId":"aco_3049","price":"1320","gt_translate_keys":["label"]},{"label":"9 People (1.485\u20ac)","value":"9 People","selected":false,"tempId":"aco_3131","price":"1485","gt_translate_keys":["label"]},{"label":"10 People (1.650\u20ac)","value":"10 People","selected":false,"tempId":"aco_3213","price":"1650","gt_translate_keys":["label"]}],"dropdown_type":"basic","error":false,"placeholder":"None","priceOptions":"different_for_all","pricingType":"fixed","gt_translate_keys":["label","placeholder"],"price_dependency":false,"cl_dependency":false,"value":""}]]}},"config":{"price_override":"always","enable_recaptcha":false,"bind_quantity":false,"quantity_bind_formula":false,"disp_summ_show_option_price":false,"disp_summ_show_product_price":false,"disp_summ_show_total_price":true,"disp_summ_show_fee":false,"disp_summ_show_discount":false,"summary_title":"","options_total_label":"Options Price","total_label":"Total","options_product_label":"Product Price","fee_label":"Fee","discount_label":"Discount","has_price":true,"has_quantity_formula":false},"mc_unit":1,"tax_rate":1,"tax_rate_real":1,"discount":{"percentage":0,"fixed":0},"design":{"conf":{"LabelPosition":"above","DescPosition":"above","UploadField":"custom_1","QuantityFieldStyle":"custom_1"},"css":{"LeftLabelWidth":"120px"}},"formulas":[],"lookuptables":[],"clones":false,"cartKey":false}},"_links":{"self":[{"href":"https:\/\/canaryvip.com\/es\/wp-json\/wp\/v2\/product\/8821","targetHints":{"allow":["GET"]}}],"collection":[{"href":"https:\/\/canaryvip.com\/es\/wp-json\/wp\/v2\/product"}],"about":[{"href":"https:\/\/canaryvip.com\/es\/wp-json\/wp\/v2\/types\/product"}],"replies":[{"embeddable":true,"href":"https:\/\/canaryvip.com\/es\/wp-json\/wp\/v2\/comments?post=8821"}],"wp:featuredmedia":[{"embeddable":true,"href":"https:\/\/canaryvip.com\/es\/wp-json\/wp\/v2\/media\/8827"}],"wp:attachment":[{"href":"https:\/\/canaryvip.com\/es\/wp-json\/wp\/v2\/media?parent=8821"}],"wp:term":[{"taxonomy":"product_brand","embeddable":true,"href":"https:\/\/canaryvip.com\/es\/wp-json\/wp\/v2\/product_brand?post=8821"},{"taxonomy":"product_cat","embeddable":true,"href":"https:\/\/canaryvip.com\/es\/wp-json\/wp\/v2\/product_cat?post=8821"},{"taxonomy":"product_tag","embeddable":true,"href":"https:\/\/canaryvip.com\/es\/wp-json\/wp\/v2\/product_tag?post=8821"}],"curies":[{"name":"wp","href":"https:\/\/api.w.org\/{rel}","templated":true}]}}