{"id":8817,"date":"2024-01-15T12:16:37","date_gmt":"2024-01-15T12:16:37","guid":{"rendered":"https:\/\/canaryvip.com\/?post_type=product&#038;p=8817"},"modified":"2025-09-19T12:01:26","modified_gmt":"2025-09-19T11:01:26","slug":"siam-park-vip-cabin","status":"publish","type":"product","link":"https:\/\/canaryvip.com\/es\/shop\/siam-park-vip-cabin\/","title":{"rendered":"Caba\u00f1a VIP Siam Park"},"content":{"rendered":"<section class=\"l-section wpb_row height_medium\"><div class=\"l-section-h i-cf\"><div class=\"g-cols vc_row via_flex valign_top type_default stacking_default\"><div class=\"vc_col-sm-12 wpb_column vc_column_container\"><div class=\"vc_column-inner\"><div class=\"wpb_wrapper\"><div class=\"wpb_text_column\"><div class=\"wpb_wrapper\"><h2><strong>\ud83c\udfdd\ufe0f Siam Park VIP Cabana Experience con CanaryVIP<\/strong><\/h2>\n<p>Bienvenido a Siam Park, el principal reino acu\u00e1tico de Tenerife, famoso por sus emocionantes atracciones, impresionantes paisajes y lo \u00faltimo en aventuras acu\u00e1ticas. Desde la adrenalina <strong>Torre de energ\u00eda<\/strong> al relajante <strong>R\u00edo Mai Thai,<\/strong>\u00a0hay algo para todos los gustos. Sum\u00e9rjase en un mundo donde la emoci\u00f3n se une a la relajaci\u00f3n, y haga que su visita sea realmente inolvidable con el <strong>Experiencia VIP en la caba\u00f1a. <\/strong><\/p>\n<p>Descubra por qu\u00e9 Siam Park es el destino definitivo para la diversi\u00f3n familiar, la relajaci\u00f3n y la aventura en un para\u00edso tropical. Experimente lo mejor del entretenimiento acu\u00e1tico y cree recuerdos que durar\u00e1n toda la vida.<\/p>\n<h3><strong>\ud83c\udf1f Selecci\u00f3n exclusiva de caba\u00f1as<\/strong><\/h3>\n<ul>\n<li><strong>Temas inspirados en Tailandia<\/strong>: Elija entre Cabana Phuket, Chiang Mai o Rataburi, cada una de ellas un sereno santuario de inspiraci\u00f3n tailandesa.<\/li>\n<li><strong>Confort inigualable<\/strong>: Disfrute de sof\u00e1s de felpa, duchas privadas en la terraza y tumbonas para disfrutar de lo \u00faltimo en relajaci\u00f3n y lujo.<\/li>\n<li><strong>Toallas incluidas<\/strong>: No hay necesidad de preocuparse por empacar toallas; se proporcionan para su conveniencia.<\/li>\n<li><strong>Ventilador para mayor comodidad<\/strong>: Mantente fresco con el ventilador incluido.<\/li>\n<li><strong>Asegure sus pertenencias<\/strong>: Utilice la caja de seguridad para su tranquilidad.<\/li>\n<\/ul>\n<h3><strong>\ud83c\udfa5 Entretenimiento y confort en cabina<\/strong><\/h3>\n<ul>\n<li><strong>TV y reproductor de DVD<\/strong>: Cada caba\u00f1a est\u00e1 equipada con TV y reproductor de DVD para sus necesidades de entretenimiento.<\/li>\n<li><strong>Refrescos a mano<\/strong>: Un minibar surtido con una variedad de bebidas para satisfacer sus preferencias.<\/li>\n<\/ul>\n<h3><strong>\ud83c\udfa2 Acceso prioritario con pase r\u00e1pido VIP<\/strong><\/h3>\n<ul>\n<li><strong>Entrada de atracci\u00f3n instant\u00e1nea<\/strong>: Con las pulseras especiales para invitados VIP, disfrute de acceso inmediato a todas las atracciones, evitando las colas y maximizando su tiempo de diversi\u00f3n.<\/li>\n<\/ul>\n<h3>\ud83c\udf74 <strong>Comidas y bebidas todo incluido<\/strong><\/h3>\n<ul>\n<li><strong>Opciones gastron\u00f3micas variadas<\/strong>: Disfrute de una gran variedad de opciones culinarias en el parque, para todos los gustos.<\/li>\n<li><strong>Bebidas ilimitadas<\/strong>: Disfrute de refrescos, cervezas, agua y helados gratuitos, garantizando su hidrataci\u00f3n y satisfacci\u00f3n.<\/li>\n<\/ul>\n<h3><strong>\ud83d\udcb0 Precios y valor excepcionales<\/strong><\/h3>\n<ul>\n<li><strong>Tasa global<\/strong>: La caba\u00f1a VIP tiene un precio de 610 \u20ac y puede alojar de 1 a 4 personas. Tanto si se trata de una aventura en solitario como de un grupo de cuatro, el precio es el mismo, lo que garantiza la exclusividad y la privacidad.<\/li>\n<li><strong>Mayor flexibilidad para los hu\u00e9spedes<\/strong>: Si su grupo tiene m\u00e1s de cuatro personas, tiene la opci\u00f3n de a\u00f1adir hasta 2 invitados adicionales por 151\u20ac cada uno, lo que lo hace vers\u00e1til para diferentes tama\u00f1os de grupo.<\/li>\n<li><strong>Tarifas especiales de verano:<\/strong> Disfrute de estas tarifas incluso durante los meses de julio y agosto.<\/li>\n<li><strong>Ventaja de reserva anticipada:<\/strong> Evite las subidas de precios reservando ahora: \u00a1aseg\u00farese la tarifa de hoy para su futura visita!<\/li>\n<\/ul>\n<h3><strong>\ud83d\ude8c Transporte c\u00f3modo y gratuito<\/strong><\/h3>\n<ul>\n<li><strong>Viajar sin estr\u00e9s<\/strong>: Benef\u00edciese del servicio gratuito de autob\u00fas Siam Park, que ofrece transporte regular y c\u00f3modo.<\/li>\n<li><strong>Amplia cobertura<\/strong>: M\u00faltiples puntos de recogida en Tenerife para facilitar el acceso al parque.<\/li>\n<\/ul>\n<h3><strong>\u23f0 Planifique su experiencia definitiva<\/strong><\/h3>\n<ul>\n<li><strong>Abierto todo el a\u00f1o<\/strong>: Verano (10 h - 18 h), invierno (10 h - 17 h).<\/li>\n<li><strong>Accesible y panor\u00e1mico<\/strong>: Situado en la vibrante Costa Adeje, combina hermosas vistas con una f\u00e1cil accesibilidad.<\/li>\n<\/ul>\n<h3><strong>\ud83d\udd14 Tu aventura de lujo te espera con CanaryVIP<\/strong><\/h3>\n<ul>\n<li><strong>Entre en el lujo<\/strong>: Mejore su visita a Siam Park aloj\u00e1ndose en una caba\u00f1a VIP.<\/li>\n<li><strong>Cree recuerdos inolvidables<\/strong>: Reserve hoy mismo y emb\u00e1rquese en un viaje de lujo, emoci\u00f3n y momentos inolvidables.<\/li>\n<\/ul>\n<h3><b>\u274c Condiciones de cancelaci\u00f3n<\/b><\/h3>\n<ul>\n<li style=\"font-weight: 400;\" aria-level=\"1\"><span style=\"font-weight: 400;\">Reservas anuladas <\/span><b>un mes o m\u00e1s antes de la fecha de la actividad<\/b><span style=\"font-weight: 400;\"> no se cobrar\u00e1.<\/span>&nbsp;<\/li>\n<li style=\"font-weight: 400;\" aria-level=\"1\"><span style=\"font-weight: 400;\">Reservas anuladas <\/span><b>entre un mes y 7 d\u00edas antes<\/b><span style=\"font-weight: 400;\"> se cobrar\u00e1 <\/span><b>60% del importe total<\/b><span style=\"font-weight: 400;\">.<\/span>&nbsp;<\/li>\n<li style=\"font-weight: 400;\" aria-level=\"1\"><span style=\"font-weight: 400;\">Reservas anuladas <\/span><b>con menos de 7 d\u00edas de antelaci\u00f3n<\/b><span style=\"font-weight: 400;\"> se cobrar\u00e1 <\/span><b>el importe total (100%)<\/b><span style=\"font-weight: 400;\">.<\/span><\/li>\n<\/ul>\n<h3>\ud83c\udf1f Eleva tu aventura con CanaryVIP<\/h3>\n<p>Reserve hoy mismo su experiencia VIP Cabana con CanaryVIP y aseg\u00farese de que su visita a Siam Park sea una experiencia de lujo y momentos inolvidables. Disfrute de ventajas exclusivas, acceso prioritario y un confort excepcional, haciendo que cada momento de su aventura sea realmente especial.<\/p>\n<p>No pierda esta oportunidad de crear recuerdos duraderos en el principal reino acu\u00e1tico de Tenerife. Aseg\u00farese su caba\u00f1a VIP ahora y emb\u00e1rquese en el viaje definitivo de relajaci\u00f3n, emoci\u00f3n y lujo.<\/p>\n<\/div><\/div><\/div><\/div><\/div><\/div><\/div><\/section>","protected":false},"excerpt":{"rendered":"<p><strong>\ud83d\udd0d Siam Park Cabana:<\/strong><br \/>\n\u2705 Pago seguro.<br \/>\n\ud83d\ude80 Pase r\u00e1pido VIP para todo el d\u00eda.<br \/>\n\ud83d\udc68\u200d\ud83d\udc69\u200d\ud83d\udc66 Precio para 4 hu\u00e9spedes.<br \/>\n\ud83d\udc65 Tiene capacidad para 6 personas.<br \/>\n\ud83d\udd10 Taquilla y toallas incluidas.<br \/>\n\ud83c\udf54 Comida ilimitada.<br \/>\n\ud83c\udf7a Refrescos y cerveza ilimitados.<br \/>\n\ud83c\udfe0 \u00bfM\u00e1s espacio? Echa un vistazo al <a href=\"https:\/\/canaryvip.com\/es\/shop\/siam-park-vip-house\/\">Casa Siam Park<\/a>.<br \/>\n\ud83e\udd11 Mejor precio garantizado.<br \/>\n\ud83d\ude8d Autob\u00fas de enlace gratuito.<br \/>\n\ud83c\udf0d Soporte en varios idiomas.<br \/>\n\ud83c\udf1f \u00a1Reserva ahora y ahorra!<br \/>\n\ud83d\udc32 Descubre <a href=\"https:\/\/canaryvip.com\/es\/product-category\/tenerife\/theme-parks-tenerife\/siam-park-tickets\/\">aqu\u00ed todas las entradas de Siam Park<\/a>!<br \/>\n\ud83d\udccd Buscar <a href=\"https:\/\/maps.app.goo.gl\/UfftQG3CrqW5R81r9\">Siam Park en Google Maps<\/a>!<\/p>","protected":false},"featured_media":8819,"comment_status":"open","ping_status":"closed","template":"","meta":{"_acf_changed":false},"product_brand":[],"product_cat":[54,55],"product_tag":[],"class_list":{"0":"post-8817","1":"product","2":"type-product","3":"status-publish","4":"has-post-thumbnail","6":"product_cat-theme-parks","7":"product_cat-siam-park-tickets","8":"wcpa_has_options","10":"first","11":"instock","12":"virtual","13":"purchasable","14":"product-type-simple"},"acf":[],"wcpa_form_fields":{"wcpaData":{"product":{"product_price":660,"price_html":"From&nbsp;<span class=\"woocommerce-Price-amount amount\"><bdi>660,00&nbsp;<span class=\"woocommerce-Price-currencySymbol\">&euro;<\/span><\/bdi><\/span>","original_product_price":660,"price_including_tax":660,"price_excluding_tax":660,"product_id":{"parent":8817,"variation":false},"is_variable":false,"stock_status":"instock","stock_quantity":null,"parent_sku":"CV8817","product_attributes":[],"custom_fields":[],"is_taxable":false,"product_name":"Siam Park VIP Cabin","hasImage":false},"fields":{"sec_765dcbaa6daedc":{"extra":{"key":"sec_765dcbaa6daedc","section_id":"sec_765dcbaa6daedc","name":"Default","status":1,"cl_rule":"show","enableCl":false,"relations":[],"toggle":true,"title_tag":"h3","show_title":false,"showPrice":"default","form_id":10122,"form_rules":{"exclude_from_discount":true,"fee_label":"Fee","disp_hide_options_price":true,"disp_show_section_price":false,"disp_show_field_price":true,"layout_option":"standard","pric_use_as_fee":false,"process_fee_as":"woo_fee"},"layout_option":"standard"},"fields":[[{"active":true,"col":6,"relations":false,"cl_rule":"show","enableCl":false,"price":"","enablePrice":false,"className":"","label_position":"default","desc_position":"default","type":"date","required":false,"elementId":"date_9651671511","name":"date_9651671511","label":"\ud83d\udcc5 Date","picker_type":"custom","picker_mode":"single","error":false,"date_pic_inline":true,"date_pic_inline_hide":true,"min_date":{"type":"days","val":"3"},"max_date":{"type":"days_from_min","val":"700"},"date_pic_conf":{"disabledDates":["2025-07-01 to 2025-08-31","2025-10-01 to 2025-11-01","2026-04-01","2026-04-02 to 2026-04-07","2026-04-08"],"enabledDates":[]},"isWeightTemplate":false,"isTemplate":false,"min_quantity":"1","quantity_decimal":false,"quantity_step":"1","quantity_label":"Quantity","repeater_field_label":"{field_label}","repeater_bind":"","gt_translate_keys":["label","repeater_field_label","quantity_label"],"price_dependency":false,"cl_dependency":false,"value":""}],[{"active":true,"col":6,"relations":false,"cl_rule":"show","enableCl":false,"price":"","enablePrice":true,"className":"","label_position":"default","desc_position":"default","type":"select","required":false,"elementId":"select_5229375457","label":"\ud83d\udc64 Group Size","name":"select_5229375457","values":[{"label":"1 Person (660\u20ac)","value":"1 Person","selected":false,"tempId":"aco_670","price":"660","gt_translate_keys":["label"]},{"label":"2 People (660\u20ac)","value":"2 People","selected":false,"tempId":"aco_671","price":"660","gt_translate_keys":["label"]},{"label":"3 People (660\u20ac)","value":"3 People","selected":false,"tempId":"aco_672","price":"660","gt_translate_keys":["label"]},{"label":"4 People (660\u20ac)","value":"4 People","selected":false,"tempId":"aco_898","price":"660","gt_translate_keys":["label"]},{"label":"\u2500 Beyond 4 people, each extra person costs \u20ac165 \u2500","value":"\u2500 Beyond 4 people, each extra person costs \u20ac165 \u2500","selected":false,"tempId":"aco_1784","price":"660","gt_translate_keys":["label"]},{"label":"5 People (825\u20ac)","value":"5 People","selected":false,"tempId":"aco_908","price":"825","gt_translate_keys":["label"]},{"label":"6 People (990\u20ac)","value":"6 People","selected":false,"tempId":"aco_1062","price":"990","gt_translate_keys":["label"]}],"dropdown_type":"basic","error":false,"placeholder":"None","priceOptions":"different_for_all","pricingType":"fixed","gt_translate_keys":["label","placeholder"],"price_dependency":false,"cl_dependency":false,"value":""}]]}},"config":{"price_override":"always","enable_recaptcha":false,"bind_quantity":false,"quantity_bind_formula":false,"disp_summ_show_option_price":false,"disp_summ_show_product_price":false,"disp_summ_show_total_price":true,"disp_summ_show_fee":false,"disp_summ_show_discount":false,"summary_title":"","options_total_label":"Options Price","total_label":"Total","options_product_label":"Product Price","fee_label":"Fee","discount_label":"Discount","has_price":true,"has_quantity_formula":false},"mc_unit":1,"tax_rate":1,"tax_rate_real":1,"discount":{"percentage":0,"fixed":0},"design":{"conf":{"LabelPosition":"above","DescPosition":"above","UploadField":"custom_1","QuantityFieldStyle":"custom_1"},"css":{"LeftLabelWidth":"120px"}},"formulas":[],"lookuptables":[],"clones":false,"cartKey":false}},"_links":{"self":[{"href":"https:\/\/canaryvip.com\/es\/wp-json\/wp\/v2\/product\/8817","targetHints":{"allow":["GET"]}}],"collection":[{"href":"https:\/\/canaryvip.com\/es\/wp-json\/wp\/v2\/product"}],"about":[{"href":"https:\/\/canaryvip.com\/es\/wp-json\/wp\/v2\/types\/product"}],"replies":[{"embeddable":true,"href":"https:\/\/canaryvip.com\/es\/wp-json\/wp\/v2\/comments?post=8817"}],"wp:featuredmedia":[{"embeddable":true,"href":"https:\/\/canaryvip.com\/es\/wp-json\/wp\/v2\/media\/8819"}],"wp:attachment":[{"href":"https:\/\/canaryvip.com\/es\/wp-json\/wp\/v2\/media?parent=8817"}],"wp:term":[{"taxonomy":"product_brand","embeddable":true,"href":"https:\/\/canaryvip.com\/es\/wp-json\/wp\/v2\/product_brand?post=8817"},{"taxonomy":"product_cat","embeddable":true,"href":"https:\/\/canaryvip.com\/es\/wp-json\/wp\/v2\/product_cat?post=8817"},{"taxonomy":"product_tag","embeddable":true,"href":"https:\/\/canaryvip.com\/es\/wp-json\/wp\/v2\/product_tag?post=8817"}],"curies":[{"name":"wp","href":"https:\/\/api.w.org\/{rel}","templated":true}]}}