{"id":15386,"date":"2025-08-07T14:09:56","date_gmt":"2025-08-07T13:09:56","guid":{"rendered":"https:\/\/canaryvip.com\/?post_type=product&#038;p=15386"},"modified":"2025-08-09T13:45:20","modified_gmt":"2025-08-09T12:45:20","slug":"crazy-ufo-twister-tenerife","status":"publish","type":"product","link":"https:\/\/canaryvip.com\/es\/shop\/crazy-ufo-twister-tenerife\/","title":{"rendered":"Crazy UFO &amp; Twister Tenerife"},"content":{"rendered":"<h2><strong>\ud83d\ude80 Crazy UFO Tenerife - Diversi\u00f3n a gran velocidad en el agua.<\/strong><\/h2>\n<p>\u00bfBusca un viaje salvaje? S\u00fabete al <strong>OVNI loco Tenerife<\/strong> y prep\u00e1rate para una intensa mezcla de velocidad, salpicaduras y pura adrenalina. Este es uno de los m\u00e1s emocionantes <strong>deportes acu\u00e1ticos en Tenerife<\/strong>perfecto para familias, parejas o grupos de amigos que buscan algo inolvidable que hacer en Costa Adeje.<\/p>\n<h3><strong>\ud83c\udf0a Salida desde Puerto Col\u00f3n<\/strong><\/h3>\n<ul>\n<li><strong>F\u00e1cil acceso:<\/strong> Su aventura comienza en <a href=\"https:\/\/maps.app.goo.gl\/bkqEhAxsobcjz9wG9\" target=\"_blank\" rel=\"noopener\">Puerto Col\u00f3n<\/a>Uno de los puertos m\u00e1s populares del sur de Tenerife. Es de f\u00e1cil acceso y est\u00e1 rodeado de un gran ambiente playero.<\/li>\n<li><strong>Informaci\u00f3n r\u00e1pida:<\/strong> Antes del paseo, recibir\u00e1 una sesi\u00f3n informativa de seguridad por parte de la experimentada tripulaci\u00f3n para asegurarse de que todo est\u00e1 listo para una experiencia segura y divertida.<\/li>\n<\/ul>\n<h3><strong>\u2728 \u00bfPor qu\u00e9 elegir el loco paseo en ovni en Tenerife?<\/strong><\/h3>\n<ul>\n<li><strong>Adrenalina intensa:<\/strong> No es una atracci\u00f3n hinchable cualquiera. El Crazy UFO gira, se desliza y salta sobre las olas de una manera que te har\u00e1 re\u00edr y gritar a la vez.<\/li>\n<li><strong>Perfecto para todos:<\/strong> No hace falta ser un profesional. Tanto si es su primera actividad acu\u00e1tica como si es la d\u00e9cima, esta atracci\u00f3n es segura y divertida para todos los niveles, desde principiantes hasta amantes de las emociones fuertes.<\/li>\n<li><strong>Vistas impresionantes:<\/strong> Mientras sobrevuela el oc\u00e9ano, t\u00f3mese un segundo para admirar la hermosa costa de Playa de las Am\u00e9ricas y las centelleantes aguas del Atl\u00e1ntico.<\/li>\n<\/ul>\n<h3><strong>\ud83d\udcb6 Gran valor para un viaje corto pero intenso.<\/strong><\/h3>\n<ul>\n<li><strong>Duraci\u00f3n:<\/strong> Un emocionante viaje de 15 minutos repleto de acci\u00f3n.<\/li>\n<li><strong>Precio asequible:<\/strong> Una opci\u00f3n divertida y asequible para quienes quieran probar emocionantes <strong>actividades acu\u00e1ticas en Tenerife<\/strong> sin gastar una fortuna.<\/li>\n<li><strong>Fotos disponibles:<\/strong> No se olvide de ver las fotos de su viaje disponibles para la compra: \u00a1querr\u00e1 una prueba de esas caras salvajes!<\/li>\n<\/ul>\n<h3><strong>\u2696\ufe0f Reservas y cancelaciones flexibles<\/strong><\/h3>\n<ul>\n<li><strong>F\u00e1cil de reservar:<\/strong> En CanaryVIP, hacemos que la reserva de su paseo Crazy UFO sea f\u00e1cil y r\u00e1pida. Solo tienes que elegir la fecha y asegurar tu plaza.<\/li>\n<li><strong>Cancelaci\u00f3n gratuita:<\/strong> \u00bfCambio de planes? No hay problema. Puede cancelar su reserva hasta 24 horas antes de la actividad para obtener un reembolso completo. Sin estr\u00e9s ni preocupaciones.<\/li>\n<\/ul>\n<h3><strong>\u2705 \u00bfQu\u00e9 incluye el paseo loco OVNI Tenerife?<\/strong><\/h3>\n<ul>\n<li>Chalecos salvavidas y equipo de seguridad para todos los participantes.<\/li>\n<li>15 minutos de acci\u00f3n a toda velocidad en el hinchable Crazy UFO.<\/li>\n<li>Personal profesional y amable para garantizar un rato seguro y divertido.<\/li>\n<li>Fotos opcionales de su viaje para mantener vivos los recuerdos.<\/li>\n<\/ul>\n<h3><strong>\ud83c\udfaf \u00bfPor qu\u00e9 reservar con CanaryVIP?<\/strong><\/h3>\n<ul>\n<li>Trabajamos con las mejores empresas de deportes acu\u00e1ticos de Tenerife para ofrecer s\u00f3lo las mejores y m\u00e1s seguras experiencias.<\/li>\n<li>Estamos ubicados en Tenerife y disponibles para ayudarle con consejos locales, antes y despu\u00e9s de su reserva.<\/li>\n<li>Puede combinarlo con otros <strong>actividades acu\u00e1ticas en Tenerife<\/strong> como <a href=\"https:\/\/canaryvip.com\/es\/shop\/jetski-tenerife\/\">paseos en moto acu\u00e1tica<\/a>, <a href=\"https:\/\/canaryvip.com\/es\/shop\/parasailing-tenerife\/\">parasailing<\/a> o <a href=\"https:\/\/canaryvip.com\/es\/tenerife\/boat-excursions\/\">excursiones en barco<\/a>-todo en la misma zona.<\/li>\n<\/ul>\n<h3><strong>Qu\u00e9 llevar<\/strong><\/h3>\n<ul>\n<li><strong>Traje de ba\u00f1o:<\/strong> \u00a1Te mojar\u00e1s! Ven vestido para el agua y listo para divertirte.<\/li>\n<li><strong>Protecci\u00f3n solar:<\/strong> Lleve protecci\u00f3n solar, sobre todo en los d\u00edas soleados.<\/li>\n<li><strong>Deje atr\u00e1s los objetos de valor:<\/strong> En el puerto hay zonas de almacenamiento seguras donde puede dejar sus cosas mientras viaja.<\/li>\n<\/ul>\n<h3>\u2753 <strong>Preguntas frecuentes<\/strong><\/h3>\n<ul>\n<li><strong>\u00bfEs seguro el OVNI Loco?<\/strong> Absolutamente. La seguridad es una prioridad absoluta. La atracci\u00f3n est\u00e1 supervisada por profesionales cualificados y todos los participantes llevan chalecos salvavidas.<\/li>\n<li><strong>\u00bfNecesito saber nadar?<\/strong> No es necesario tener experiencia en nataci\u00f3n. Llevar\u00e1s un chaleco salvavidas en todo momento.<\/li>\n<li><strong>\u00bfCu\u00e1l es la edad m\u00ednima?<\/strong> Los ni\u00f1os a partir de 10 a\u00f1os suelen poder montar, pero siempre es mejor que nos preguntes antes de reservar si no est\u00e1s seguro.<\/li>\n<\/ul>\n<h4><strong>\ud83c\udf1e \u00a1Prep\u00e1rate para gritar, re\u00edr y chapotear!<\/strong><\/h4>\n<p>No te pierdas uno de los <strong>deportes acu\u00e1ticos en Tenerife<\/strong>. Reserve su <strong>OVNI loco Tenerife<\/strong> monte hoy con CanaryVIP y experimente la emoci\u00f3n de volar sobre las olas en una de las actividades acu\u00e1ticas m\u00e1s emocionantes que ofrece la isla.<\/p>","protected":false},"excerpt":{"rendered":"<p>\ud83d\udd0d<strong> Crazy UFO &amp; Twister Tenerife:<br \/>\n<\/strong>\u2705 Pago seguro.<br \/>\n\ud83d\udc65 Hasta 8 pasajeros por viaje.<br \/>\n\ud83d\ude80 Los paseos duran 15 minutos.<br \/>\n\ud83c\udfde\ufe0f Viajes de alta velocidad.<br \/>\n\ud83d\udd59 A lo largo del d\u00eda.<br \/>\n\ud83d\udcc5 Disponible todos los d\u00edas.<br \/>\n\ud83e\udd11 Mejor precio garantizado.<br \/>\n\ud83d\udc6a Descuentos para grupos.<br \/>\n\ud83d\udd01 Pol\u00edtica de cancelaci\u00f3n de 24h.<br \/>\n\ud83c\udf0d Compatible con varios idiomas.<br \/>\n\ud83c\udf1f Reserva con antelaci\u00f3n para ahorrar.<br \/>\n\ud83d\udccd Salida de <a href=\"https:\/\/maps.app.goo.gl\/bkqEhAxsobcjz9wG9\">Puerto Col\u00f3n<\/a>.<\/p>","protected":false},"featured_media":15388,"comment_status":"open","ping_status":"closed","template":"","meta":{"_acf_changed":false},"product_brand":[],"product_cat":[53],"product_tag":[],"class_list":{"0":"post-15386","1":"product","2":"type-product","3":"status-publish","4":"has-post-thumbnail","6":"product_cat-water-sports","7":"wcpa_has_options","9":"first","10":"instock","11":"virtual","12":"purchasable","13":"product-type-simple"},"acf":[],"wcpa_form_fields":{"wcpaData":{"product":{"product_price":18,"price_html":"From&nbsp;<span class=\"woocommerce-Price-amount amount\"><bdi>18,00&nbsp;<span class=\"woocommerce-Price-currencySymbol\">&euro;<\/span><\/bdi><\/span>","original_product_price":18,"price_including_tax":18,"price_excluding_tax":18,"product_id":{"parent":15386,"variation":false},"is_variable":false,"stock_status":"instock","stock_quantity":null,"parent_sku":"CV15386","product_attributes":[],"custom_fields":[],"is_taxable":false,"product_name":"Crazy UFO & Twister Tenerife","hasImage":false},"fields":{"sec_16894ab7dd6246":{"extra":{"key":"sec_16894ab7dd6246","section_id":"sec_16894ab7dd6246","name":"Default","status":1,"cl_rule":"show","enableCl":false,"relations":[],"toggle":true,"title_tag":"h3","show_title":false,"showPrice":"default","form_id":15391,"form_rules":{"exclude_from_discount":true,"fee_label":"Fee","disp_hide_options_price":true,"disp_show_section_price":false,"disp_show_field_price":true,"layout_option":"standard","pric_use_as_fee":false,"process_fee_as":"woo_fee"},"layout_option":"standard"},"fields":[[{"label":"\ud83d\udcc5 Date","active":true,"required":true,"elementId":"date_26894ab7dd6265","picker_type":"custom","picker_mode":"single","placeholder":"","description":"","tooltip":"","name":"date_26894ab7dd6265","label_position":"default","desc_position":"default","enablePrice":false,"className":"","enableCl":false,"relations":[{"operator":"and","rules":[{"operator":"AND","rules":{"cl_field":"radio-group_5661bc90f5e8f5","cl_relation":"is_not_empty","cl_val":"3 Hour Trip"}}]}],"date_pic_inline":true,"date_pic_inline_hide":true,"min_date":{"type":"days","val":"1"},"max_date":{"type":"days","val":"365"},"date_pic_conf":{"disabledWeeks":[]},"price":"","cl_rule":"show","col":6,"type":"date","error":false,"enableDesign":false,"LabelColor":"","isWeightTemplate":false,"isTemplate":false,"min_quantity":"1","quantity_decimal":false,"quantity_step":"1","quantity_label":"Quantity","repeater_field_label":"{field_label}","repeater_bind":"","gt_translate_keys":["label","placeholder","description","tooltip","repeater_field_label","quantity_label"],"price_dependency":false,"cl_dependency":false,"value":""}],[{"active":true,"col":6,"relations":false,"cl_rule":"show","enableCl":false,"price":"","enablePrice":false,"className":"","label_position":"default","desc_position":"default","type":"select","required":true,"elementId":"select_66894ab7dd6273","label":"\u23f0 Departure Time","name":"select_66894ab7dd6273","values":[{"label":"Whichever Time is Best","value":"Whichever Time is Best","selected":false,"tempId":"aco_312","gt_translate_keys":["label"]},{"label":"10:00","value":"10:00","selected":false,"tempId":"aco_313","gt_translate_keys":["label"]},{"label":"11:00","value":"11:00","selected":false,"tempId":"aco_314","gt_translate_keys":["label"]},{"label":"12:00","value":"12:00","selected":false,"tempId":"aco_711","gt_translate_keys":["label"]},{"label":"13:00","value":"13:00","selected":false,"tempId":"aco_721","gt_translate_keys":["label"]},{"label":"14:00","value":"14:00","selected":false,"tempId":"aco_983","gt_translate_keys":["label"]},{"label":"15:00","value":"15:00","selected":false,"tempId":"aco_993","gt_translate_keys":["label"]},{"label":"16:00","value":"16:00","selected":false,"tempId":"aco_1183","gt_translate_keys":["label"]}],"dropdown_type":"basic","error":false,"multiple":false,"placeholder":"None","isWeightTemplate":false,"isTemplate":false,"min_quantity":"1","quantity_decimal":false,"quantity_step":"1","quantity_label":"Quantity","repeater_field_label":"{field_label}","repeater_bind":"","gt_translate_keys":["label","placeholder","repeater_field_label","quantity_label"],"price_dependency":false,"cl_dependency":false,"value":""}],[{"active":true,"col":6,"relations":[{"operator":false,"rules":[{"operator":"AND","rules":{"cl_field":"","cl_relation":"","cl_val":""}}]}],"cl_rule":"show","enableCl":true,"price":"18","enablePrice":true,"className":"","label_position":"default","desc_position":"default","type":"radio-group","required":false,"elementId":"radio-group_76894ab7dd6281","label":"","name":"radio-group_76894ab7dd6281","values":[{"label":"\ud83d\udc64 People (18\u20ac)","value":"People","selected":true,"tempId":"aco_32","tooltip":"","description":"","gt_translate_keys":["label","tooltip","description"]}],"layOut":"","error":false,"checkUi":"button","priceOptions":"fixed_for_all","pricingType":"fixed","enable_quantity":true,"quantity_label":"","min_quantity":"0","options_tooltip":true,"options_description":true,"is_show_price":true,"isWeightTemplate":false,"isTemplate":false,"quantity_decimal":false,"quantity_step":"1","repeater_field_label":"{field_label}","repeater_bind":"","gt_translate_keys":["label","repeater_field_label","quantity_label"],"price_dependency":false,"cl_dependency":false,"value":""}],[{"active":true,"col":6,"relations":false,"cl_rule":"show","enableCl":false,"price":"","enablePrice":false,"className":"","label_position":"default","desc_position":"default","type":"separator","required":false,"elementId":"separator_16894ab7dd628d","label":"Separator Field","height":"6","separatorType":"fill","error":false,"separatorColor":"#66a5b6","gt_translate_keys":["label"],"price_dependency":false,"cl_dependency":false,"value":""}],[{"active":true,"col":6,"relations":false,"cl_rule":"show","enableCl":false,"price":"{field.radio-group_76894ab7dd6281.quantity}*6","enablePrice":true,"className":"","label_position":"default","desc_position":"default","type":"content","required":false,"elementId":"content_66894ab7dd6297","label":"Deposit Now","name":"content_66894ab7dd6297","contentType":"plain","value":"","error":false,"subtype":"div","inline":true,"show_in_checkout":true,"pricingType":"custom","isTemplate":false,"gt_translate_keys":["label","value"],"price_dependency":false,"cl_dependency":false}],[{"contentType":"plain","active":true,"label":"Payment at Arrival","elementId":"content_96894ab7dd62a1","value":"","inline":true,"show_in_checkout":true,"name":"content_96894ab7dd62a1","enablePrice":true,"className":"","subtype":"div","enableCl":false,"relations":false,"pricingType":"custom","isTemplate":false,"price":"{field.radio-group_76894ab7dd6281.quantity}*12","is_show_price":true,"cl_rule":"show","col":6,"type":"content","error":false,"gt_translate_keys":["label","value"],"price_dependency":false,"cl_dependency":false}],[{"contentType":"plain","active":true,"label":"Total Price","elementId":"content_76894ab7dd62ab","value":"","inline":true,"show_in_checkout":true,"name":"content_76894ab7dd62ab","enablePrice":true,"className":"","subtype":"div","enableCl":false,"relations":false,"pricingType":"custom","isTemplate":false,"price":"{field.radio-group_76894ab7dd6281.quantity}*18","is_show_price":true,"cl_rule":"show","col":6,"type":"content","error":false,"gt_translate_keys":["label","value"],"price_dependency":false,"cl_dependency":false}]]}},"config":{"price_override":"always","enable_recaptcha":false,"bind_quantity":false,"quantity_bind_formula":false,"disp_summ_show_option_price":true,"disp_summ_show_product_price":false,"disp_summ_show_total_price":true,"disp_summ_show_fee":true,"disp_summ_show_discount":true,"summary_title":"","options_total_label":"Options Price","total_label":"Total Amount","options_product_label":"Product Price","fee_label":"Fee","discount_label":"Discount","has_price":true,"has_quantity_formula":false},"mc_unit":1,"tax_rate":1,"tax_rate_real":1,"discount":{"percentage":0,"fixed":0},"design":{"conf":{"LabelPosition":"above","DescPosition":"above","UploadField":"custom_1","QuantityFieldStyle":"custom_1"},"css":{"LeftLabelWidth":"120px"}},"formulas":[],"lookuptables":[],"clones":false,"cartKey":false}},"_links":{"self":[{"href":"https:\/\/canaryvip.com\/es\/wp-json\/wp\/v2\/product\/15386","targetHints":{"allow":["GET"]}}],"collection":[{"href":"https:\/\/canaryvip.com\/es\/wp-json\/wp\/v2\/product"}],"about":[{"href":"https:\/\/canaryvip.com\/es\/wp-json\/wp\/v2\/types\/product"}],"replies":[{"embeddable":true,"href":"https:\/\/canaryvip.com\/es\/wp-json\/wp\/v2\/comments?post=15386"}],"wp:featuredmedia":[{"embeddable":true,"href":"https:\/\/canaryvip.com\/es\/wp-json\/wp\/v2\/media\/15388"}],"wp:attachment":[{"href":"https:\/\/canaryvip.com\/es\/wp-json\/wp\/v2\/media?parent=15386"}],"wp:term":[{"taxonomy":"product_brand","embeddable":true,"href":"https:\/\/canaryvip.com\/es\/wp-json\/wp\/v2\/product_brand?post=15386"},{"taxonomy":"product_cat","embeddable":true,"href":"https:\/\/canaryvip.com\/es\/wp-json\/wp\/v2\/product_cat?post=15386"},{"taxonomy":"product_tag","embeddable":true,"href":"https:\/\/canaryvip.com\/es\/wp-json\/wp\/v2\/product_tag?post=15386"}],"curies":[{"name":"wp","href":"https:\/\/api.w.org\/{rel}","templated":true}]}}