{"id":15373,"date":"2025-08-07T12:36:55","date_gmt":"2025-08-07T11:36:55","guid":{"rendered":"https:\/\/canaryvip.com\/?post_type=product&#038;p=15373"},"modified":"2025-10-23T10:52:49","modified_gmt":"2025-10-23T09:52:49","slug":"bellini-luxury-yacht-tenerife","status":"publish","type":"product","link":"https:\/\/canaryvip.com\/es\/shop\/bellini-luxury-yacht-tenerife\/","title":{"rendered":"Bellini Yate de Lujo Tenerife"},"content":{"rendered":"<h2><strong>\ud83d\udee5\ufe0f Bellini Alquiler de Yates de Lujo en Tenerife<\/strong><\/h2>\n<p class=\"translation-block\">Viva una de las aventuras m\u00e1s exclusivas de alquiler de barcos en la isla con el <strong>Bellini Luxury Yacht Tenerife<\/strong>. Saliendo desde el pintoresco puerto deportivo de <a href=\"https:\/\/maps.app.goo.gl\/Xq4LkTRqPjHQzRBE8\" target=\"_blank\" rel=\"noopener\">Puerto de Los Gigantes<\/a>, este charter privado ofrece acceso directo a algunos de los paisajes m\u00e1s impresionantes de Tenerife, incluyendo los imponentes acantilados de Los Gigantes y la costa virgen de Masca.<\/p>\n<p class=\"translation-block\">Si est\u00e1 celebrando una ocasi\u00f3n especial o simplemente buscando <strong>alquilar un yate en Tenerife<\/strong> para una escapada de lujo, Bellini es la elecci\u00f3n perfecta para la elegancia, el confort y unas vistas inolvidables.<\/p>\n<h3>\u2b50\ufe0f <strong>Por qu\u00e9 Bellini es uno de los mejores yates de lujo de Tenerife<\/strong><\/h3>\n<p><span style=\"text-decoration: underline;\"><strong>Lo que distingue a Bellini:<\/strong><\/span><\/p>\n<p><strong>Bienvenida exclusiva:<\/strong> Cada ch\u00e1rter comienza con una c\u00e1lida bienvenida que incluye una selecci\u00f3n de frutas tropicales reci\u00e9n servidas y jam\u00f3n ib\u00e9rico 5J de primera calidad, marcando el tono de una experiencia de navegaci\u00f3n de alta gama.<\/p>\n<p><strong>Barra libre:<\/strong> Disfrute de bebidas ilimitadas, incluyendo vino, cerveza, agua, zumos, refrescos y cava.<\/p>\n<p><strong>Acceso privado a playas escondidas:<\/strong> Gracias a su servicio de embarcaci\u00f3n auxiliar, Bellini permite a los hu\u00e9spedes llegar a calas y playas escondidas para disfrutar de una parada realmente exclusiva en la costa.<\/p>\n<h4>\ud83c\udf0a <strong>Actividades incluidas a bordo<\/strong><\/h4>\n<p class=\"translation-block\">Este <strong>yate de lujo en Tenerife<\/strong> es algo m\u00e1s que navegar, es crear recuerdos:<\/p>\n<ul>\n<li><strong>\ud83c\udfc4 Paddle Surf:<\/strong> Divi\u00e9rtase en el agua con tablas de stand-up paddle, f\u00e1ciles para principiantes y relajantes para todos.<\/li>\n<li><strong>\ud83e\udd3f Equipo de snorkel:<\/strong> Sum\u00e9rjase y descubra el mundo submarino de Tenerife, lleno de vida marina y aguas cristalinas.<\/li>\n<li><strong>\ud83d\udcf8 GoPro y Polaroid:<\/strong> Utilice nuestras c\u00e1maras a bordo para capturar cada momento destacado de su experiencia, tanto por encima como por debajo del agua.<\/li>\n<\/ul>\n<h4>\ud83c\udf7d\ufe0f <strong>Paella Gourmet de la 5\u00aa Hora<\/strong><\/h4>\n<p>En los charters de cinco horas o m\u00e1s, se incluye una paella reci\u00e9n preparada. Elija entre carne, pollo, vegetariana o marisco, elaborada a su gusto y servida fresca a bordo.<\/p>\n<h3>\ud83d\udc8e <strong>Extras Premium opcionales para personalizar su experiencia<\/strong><\/h3>\n<p class=\"translation-block\">Lleve su <strong>alquiler de yates en Tenerife<\/strong> a otro nivel con estos extras exclusivos (disponibles bajo petici\u00f3n y sujetos a disponibilidad):<\/p>\n<ul>\n<li><strong>Chef privado:<\/strong> Un chef profesional cocina en directo a bordo, adaptando el men\u00fa a sus preferencias.<\/li>\n<li><strong>Experiencia como chef japon\u00e9s:<\/strong> Disfrute de sushi y otros platos japoneses reci\u00e9n preparados con ingredientes de primera calidad y una t\u00e9cnica experta.<\/li>\n<li><strong>Chef estrella Michelin:<\/strong> Del\u00e9itese con la alta cocina de un chef asociado a la Gu\u00eda Michelin, servida directamente a bordo.<\/li>\n<li><strong>Cata de champ\u00e1n y caviar:<\/strong> Champ\u00e1n de primera calidad perfectamente maridado con una cuidada selecci\u00f3n de caviar de alta gama.<\/li>\n<li><strong>Maridaje de vinos y conservas gourmet:<\/strong> Elegante degustaci\u00f3n de vinos maridados con conservas de primer nivel como mejillones, berberechos o ventresca de at\u00fan.<\/li>\n<li><strong>Alquiler de motos acu\u00e1ticas:<\/strong> Disponible durante el fondeo cerca de La Caleta, Masca o Arme\u00f1ime.<\/li>\n<li><strong>Experiencia Flyboard:<\/strong> Vuele sobre el oc\u00e9ano con total seguridad y supervisi\u00f3n.<\/li>\n<li><strong>Juguetes acu\u00e1ticos hinchables:<\/strong> Diversi\u00f3n en grupo con banana boats y mucho m\u00e1s, remolcados por el barco de apoyo.<\/li>\n<li><strong>Buceo:<\/strong> Inmersi\u00f3n de descubrimiento con instructor (no se necesita experiencia) o inmersi\u00f3n certificada con gu\u00eda local.<\/li>\n<li><strong>Pesca deportiva:<\/strong> Todo el equipo necesario para la pesca de altura con asistencia a bordo.<\/li>\n<\/ul>\n<h3>\ud83d\udea4 <strong>Elija la duraci\u00f3n que m\u00e1s le convenga<\/strong><\/h3>\n<p>Bellini le ofrece m\u00faltiples opciones para que pueda dise\u00f1ar el perfecto <strong>alquiler de barcos en Tenerife<\/strong>:<\/p>\n<ul>\n<li><strong>Carta de 3 horas:<\/strong> Una breve escapada de lujo con vistas espectaculares, bebidas y aperitivos a bordo.<\/li>\n<li><strong>Carta de 5 horas:<\/strong> Incluye todo lo esencial m\u00e1s paella y tiempo extra para disfrutar del agua y la costa.<\/li>\n<li><strong>Carta de 8 horas:<\/strong> Un d\u00eda completo en el mar para explorar Los Gigantes, Masca y mucho m\u00e1s. Ideal para aquellos que quieren la experiencia Bellini completa.<\/li>\n<\/ul>\n<h3>\u2705 <strong>Qu\u00e9 incluye su ch\u00e1rter<\/strong><\/h3>\n<ul>\n<li>Plato de bienvenida de fruta fresca<\/li>\n<li>Jam\u00f3n ib\u00e9rico 5J y embutidos premium<\/li>\n<li>Barra libre: cava, vino, cerveza, agua, zumos y refrescos<\/li>\n<li>Brindis de bienvenida con Chandon Spritz.<\/li>\n<li>Paddle surf, snorkel, uso de GoPro y Polaroid<\/li>\n<li>Paella gourmet (incluida a partir de la 5\u00aa hora)<\/li>\n<li>Acceso en lancha neum\u00e1tica a la playa<\/li>\n<li>Zonas de sol y sombra a bordo<\/li>\n<li>Tripulaci\u00f3n experimentada y multiling\u00fce<\/li>\n<\/ul>\n<h3>\ud83d\udccd <strong>Salida desde Puerto de Los Gigantes<\/strong><\/h3>\n<p class=\"translation-block\">Bellini sale desde la costa oeste de Tenerife, concretamente desde <a href=\"https:\/\/maps.app.goo.gl\/Xq4LkTRqPjHQzRBE8\" target=\"_blank\" rel=\"noopener\">Puerto de Los Gigantes<\/a>. Esta ubicaci\u00f3n ofrece acceso en primera fila a los majestuosos acantilados de Los Gigantes y a la impresionante costa de Masca, algunas de las zonas m\u00e1s emblem\u00e1ticas y remotas de la isla. Es f\u00e1cil llegar al puerto en coche, y recomendamos llegar 15 minutos antes de la salida.<\/p>\n<h4>\ud83d\udcdc <strong>Reserva sencilla y pol\u00edtica de cancelaci\u00f3n flexible<\/strong><\/h4>\n<p>En CanaryVIP queremos que su experiencia sea agradable desde el principio. Nuestras condiciones de cancelaci\u00f3n son claras y justas:<\/p>\n<ul>\n<li><strong>Garant\u00eda meteorol\u00f3gica:<\/strong> Si las condiciones del mar no son seguras, puede cambiar la fecha o solicitar el reembolso \u00edntegro.<\/li>\n<li><strong>Cancelaciones gratuitas:<\/strong> Cancele o cambie de fecha sin cargo alguno hasta 4 d\u00edas antes del viaje. Los dep\u00f3sitos no son reembolsables para cancelaciones realizadas dentro de los 4 d\u00edas anteriores a la salida.<\/li>\n<\/ul>\n<h3>\ud83d\udd52 <strong>Opciones de pernoctaci\u00f3n y de varios d\u00edas<\/strong><\/h3>\n<p>Bellini no es s\u00f3lo para charters de un d\u00eda: haga que su escapada sea a\u00fan m\u00e1s especial:<\/p>\n<ul>\n<li>Pase la noche a bordo y despi\u00e9rtese con el sonido del oc\u00e9ano.<\/li>\n<li>Cree su itinerario personalizado para escapadas rom\u00e1nticas, celebraciones o aventuras n\u00e1uticas de varios d\u00edas.<\/li>\n<\/ul>\n<h3>\ud83d\udc68\u200d\u2708\ufe0f <strong>Antes de embarcar - Consejos r\u00e1pidos<\/strong><\/h3>\n<p>Para aprovechar al m\u00e1ximo su viaje:<\/p>\n<ul>\n<li>Tenga lista su confirmaci\u00f3n CanaryVIP (impresa o digital).<\/li>\n<li>Traiga ba\u00f1ador, toalla y crema solar.<\/li>\n<li>Coma algo ligero y evite el alcohol de antemano para prevenir el mareo.<\/li>\n<li>Elija su lugar favorito -sol o sombra- y prep\u00e1rese para relajarse.<\/li>\n<\/ul>\n<h3>\ud83d\udcac <strong>Reserve ahora con CanaryVIP<\/strong><\/h3>\n<p>En CanaryVIP, ponemos en contacto a viajeros con las mejores experiencias en Tenerife. Si est\u00e1s buscando <strong>alquilar un yate de lujo en Tenerife<\/strong> y descubrir Los Gigantes o Masca a lo grande, Bellini es una de las mejores opciones disponibles.<br \/>\n\ud83d\udc49 <a href=\"https:\/\/canaryvip.com\/es\/tenerife\/boat-hire-tenerife\/\">Compruebe la disponibilidad y reserve su alquiler de yate ahora<\/a> - su aventura de lujo est\u00e1 a s\u00f3lo unos clics.<\/p>","protected":false},"excerpt":{"rendered":"<p><strong>\ud83d\udd0d Alquiler de yates Bellini:<\/strong><br \/>\n\u2705 Pago seguro.<br \/>\n\ud83d\udee5\ufe0f 14m Yate Confort.<br \/>\n\u23f3 Excursiones diarias de 3-8h.<br \/>\n\ud83d\udd59 Horarios de salida personalizables.<br \/>\n\ud83c\udf74 Comidas y bebidas incluidas.<br \/>\n\ud83d\udc65 Hasta 10 invitados.<br \/>\n\ud83c\udfc4\u200d\u2640\ufe0f Tablas de p\u00e1del incluidas.<br \/>\n\ud83e\udd3f Se proporciona equipo de snorkel.<br \/>\n\ud83e\udd11 Mejor precio garantizado.<br \/>\n\ud83d\udc6a Descuentos activados.<br \/>\n\ud83d\udd01 Hasta 4 d\u00edas de cancelaci\u00f3n.<br \/>\n\ud83c\udf0d Tripulaci\u00f3n multiling\u00fce.<br \/>\n\ud83c\udf1f \u00a1Reserva pronto y ahorra!<br \/>\n\ud83d\udccd Salida de <a href=\"https:\/\/maps.app.goo.gl\/Xq4LkTRqPjHQzRBE8\">Los Gigantes<\/a>.<\/p>","protected":false},"featured_media":15376,"comment_status":"open","ping_status":"closed","template":"","meta":{"_acf_changed":false},"product_brand":[],"product_cat":[47],"product_tag":[],"class_list":{"0":"post-15373","1":"product","2":"type-product","3":"status-publish","4":"has-post-thumbnail","6":"product_cat-boat-hire-tenerife","7":"wcpa_has_options","9":"first","10":"instock","11":"virtual","12":"purchasable","13":"product-type-simple"},"acf":[],"wcpa_form_fields":{"wcpaData":{"product":{"product_price":1060,"price_html":"From&nbsp;<span class=\"woocommerce-Price-amount amount\"><bdi>1.060,00&nbsp;<span class=\"woocommerce-Price-currencySymbol\">&euro;<\/span><\/bdi><\/span>","original_product_price":1060,"price_including_tax":1060,"price_excluding_tax":1060,"product_id":{"parent":15373,"variation":false},"is_variable":false,"stock_status":"instock","stock_quantity":null,"parent_sku":"CV15373","product_attributes":[],"custom_fields":[],"is_taxable":false,"product_name":"Bellini Luxury Yacht Tenerife","hasImage":false},"fields":{"sec_968949ba2884ff":{"extra":{"key":"sec_968949ba2884ff","section_id":"sec_968949ba2884ff","name":"Default","status":1,"cl_rule":"show","enableCl":false,"relations":[],"toggle":true,"title_tag":"h3","show_title":false,"showPrice":"default","form_id":15383,"form_rules":{"exclude_from_discount":true,"fee_label":"Fee","disp_hide_options_price":true,"disp_show_section_price":false,"disp_show_field_price":true,"layout_option":"standard","pric_use_as_fee":false,"process_fee_as":"woo_fee"},"layout_option":"standard"},"fields":[[{"label":"\ud83d\udcc5 Date","active":true,"required":true,"elementId":"date_868949ba288522","picker_type":"custom","picker_mode":"single","placeholder":"","description":"","tooltip":"","name":"date_868949ba288522","label_position":"default","desc_position":"default","enablePrice":false,"className":"","enableCl":false,"relations":[{"operator":"and","rules":[{"operator":"AND","rules":{"cl_field":"radio-group_565c78ffa81208","cl_relation":"is","cl_val":"3 Hour Trip"}}]}],"date_pic_inline":true,"date_pic_inline_hide":true,"min_date":{"type":"days","val":"1"},"max_date":{"type":"days","val":"365"},"date_pic_conf":{"disabledWeeks":[],"disabledDates":["2025-04-18 to 2025-04-24"]},"price":"","cl_rule":"show","col":6,"type":"date","error":false,"enableDesign":false,"LabelColor":"","isWeightTemplate":false,"isTemplate":false,"min_quantity":"1","quantity_decimal":false,"quantity_step":"1","quantity_label":"Quantity","repeater_field_label":"{field_label}","repeater_bind":"","gt_translate_keys":["label","placeholder","description","tooltip","repeater_field_label","quantity_label"],"price_dependency":false,"cl_dependency":false,"value":""}],[{"elementId":"separator_268949ba28853d","separatorType":"blank","className":"","height":"3","enableCl":false,"relations":false,"cl_rule":"show","col":6,"type":"separator","error":false,"gt_translate_keys":[],"price_dependency":false,"cl_dependency":false,"value":""}],[{"active":true,"col":6,"relations":[{"operator":false,"rules":[{"operator":"AND","rules":{"cl_field":"radio-group_565c78ffa81208","cl_relation":"is","cl_val":"3 Hour Trip"}}]}],"cl_rule":"show","enableCl":false,"price":"","enablePrice":false,"className":"","label_position":"default","desc_position":"default","type":"select","required":false,"elementId":"select_468949ba288577","label":"\u23f0 Departure Time","name":"select_468949ba288577","values":[{"label":"09:00","value":"09:00","selected":false,"tempId":"aco_1471","gt_translate_keys":["label"]},{"label":"10:00","value":"10:00","selected":false,"tempId":"aco_1472","gt_translate_keys":["label"]},{"label":"11:00","value":"11:00","selected":false,"tempId":"aco_1500","gt_translate_keys":["label"]},{"label":"12:00","value":"12:00","selected":false,"tempId":"aco_1510","gt_translate_keys":["label"]},{"label":"13:00 (1:00 PM)","value":"13:00","selected":false,"tempId":"aco_1520","gt_translate_keys":["label"]},{"label":"14:00 (2:00 PM)","value":"14:00","selected":false,"tempId":"aco_1728","gt_translate_keys":["label"]},{"label":"15:00 (3:00 PM)","value":"15:00","selected":false,"tempId":"aco_1738","gt_translate_keys":["label"]}],"dropdown_type":"basic","error":false,"placeholder":"Whichever Time is Best","isWeightTemplate":false,"isTemplate":false,"min_quantity":"1","quantity_decimal":false,"quantity_step":"1","quantity_label":"Quantity","repeater_field_label":"{field_label}","repeater_bind":"","gt_translate_keys":["label","placeholder","repeater_field_label","quantity_label"],"price_dependency":false,"cl_dependency":false,"value":""}],[{"active":true,"col":6,"relations":false,"cl_rule":"show","enableCl":false,"price":"","enablePrice":true,"className":"","label_position":"default","desc_position":"default","type":"select","required":true,"elementId":"select_1068949ba288548","label":"\u23f3 Trip Duration","name":"select_1068949ba288548","values":[{"label":"3 Hours (1.060\u20ac)","value":"3h","selected":false,"tempId":"aco_556","price":"1060","gt_translate_keys":["label"]},{"label":"4 Hours (1.275\u20ac)","value":"4H","selected":false,"tempId":"aco_181","price":"1275","gt_translate_keys":["label"]},{"label":"5 Hours (1.490\u20ac)","value":"5h","selected":false,"tempId":"aco_281","price":"1490","gt_translate_keys":["label"]},{"label":"6 Hours (1.700\u20ac)","value":"6h","selected":false,"tempId":"aco_605","price":"1700","gt_translate_keys":["label"]},{"label":"7 Hours (1.915\u20ac)","value":"7h","selected":false,"tempId":"aco_381","price":"1915","gt_translate_keys":["label"]},{"label":"8 Hours (2.130\u20ac)","value":"8h","selected":false,"tempId":"aco_724","price":"2130","gt_translate_keys":["label"]}],"dropdown_type":"basic","error":false,"placeholder":"Select Trip Duration","priceOptions":"different_for_all","pricingType":"fixed","is_show_price":false,"isWeightTemplate":false,"isTemplate":false,"min_quantity":"1","quantity_decimal":false,"quantity_step":"1","quantity_label":"Quantity","repeater_field_label":"{field_label}","repeater_bind":"","gt_translate_keys":["label","placeholder","repeater_field_label","quantity_label"],"price_dependency":false,"cl_dependency":false,"value":""}],[{"label":"\u2705 Number of People","active":true,"required":true,"elementId":"select_168949ba28858b","dropdown_type":"basic","placeholder":"Select Number of People","name":"select_168949ba28858b","label_position":"default","desc_position":"default","enablePrice":true,"className":"","enableCl":false,"relations":[{"operator":false,"rules":[{"operator":"AND","rules":{"cl_field":"radio-group_565c78ffa81208","cl_relation":"is","cl_val":"3 Hour Trip"}}]}],"values":[{"label":"1 person","value":"1","selected":false,"tempId":"aco_1471","price":"0","gt_translate_keys":["label"]},{"label":"2 people","value":"2","selected":false,"tempId":"aco_1472","price":"0","gt_translate_keys":["label"]},{"label":"3 people","value":"3","selected":false,"tempId":"aco_1500","price":"0","gt_translate_keys":["label"]},{"label":"4 people","value":"4","selected":false,"tempId":"aco_1510","price":"0","gt_translate_keys":["label"]},{"label":"5 people","value":"5","selected":false,"tempId":"aco_1520","price":"0","gt_translate_keys":["label"]},{"label":"6 people (+120\u20ac)","value":"6","selected":false,"tempId":"aco_1728","price":"120","gt_translate_keys":["label"]},{"label":"7 people (+240\u20ac)","value":"7","selected":false,"tempId":"aco_1738","price":"240","gt_translate_keys":["label"]},{"label":"8 people (+360\u20ac)","value":"8","selected":false,"tempId":"aco_1922","price":"360","gt_translate_keys":["label"]},{"label":"9 People (+480\u20ac)","value":"9","selected":false,"tempId":"aco_220","price":"480","gt_translate_keys":["label"]},{"label":"10 People (+600\u20ac)","value":"10","selected":false,"tempId":"aco_311","price":"600","gt_translate_keys":["label"]}],"price":"","cl_rule":"show","col":6,"type":"select","error":false,"isWeightTemplate":false,"isTemplate":false,"min_quantity":"1","quantity_decimal":false,"quantity_step":"1","quantity_label":"Quantity","repeater_field_label":"{field_label}","repeater_bind":"","priceOptions":"different_for_all","pricingType":"fixed","gt_translate_keys":["label","placeholder","repeater_field_label","quantity_label"],"price_dependency":false,"cl_dependency":false,"value":""}],[{"active":true,"col":6,"relations":false,"cl_rule":"show","enableCl":false,"price":"","enablePrice":true,"className":"","label_position":"default","desc_position":"default","type":"select","required":false,"elementId":"select_368949ba288551","label":"\ud83d\udca6 Add jet-skis?","name":"select_368949ba288551","values":[{"label":"1 JetSki for 1 Hour (345\u20ac)","value":"1 x Jetski for 1 Hour","selected":false,"tempId":"aco_2501","price":"345","gt_translate_keys":["label"]},{"label":"2 JetSkis for 1 Hour (690\u20ac)","value":"2 x JetSki for 1 Hour","selected":false,"tempId":"aco_2502","price":"690","gt_translate_keys":["label"]}],"dropdown_type":"basic","error":false,"description":"Private JetSki tour from the boat with a JetSki instructor.","placeholder":"None","priceOptions":"different_for_all","pricingType":"fixed","is_show_price":false,"isWeightTemplate":false,"isTemplate":false,"min_quantity":"1","quantity_decimal":false,"quantity_step":"1","quantity_label":"Quantity","repeater_field_label":"{field_label}","repeater_bind":"","gt_translate_keys":["label","placeholder","description","repeater_field_label","quantity_label"],"price_dependency":false,"cl_dependency":false,"value":""}]]}},"config":{"price_override":"always","enable_recaptcha":false,"bind_quantity":false,"quantity_bind_formula":false,"disp_summ_show_option_price":true,"disp_summ_show_product_price":false,"disp_summ_show_total_price":true,"disp_summ_show_fee":true,"disp_summ_show_discount":true,"summary_title":"","options_total_label":"Options Price","total_label":"Total Amount","options_product_label":"Product Price","fee_label":"Fee","discount_label":"Discount","has_price":true,"has_quantity_formula":false},"mc_unit":1,"tax_rate":1,"tax_rate_real":1,"discount":{"percentage":0,"fixed":0},"design":{"conf":{"LabelPosition":"above","DescPosition":"above","UploadField":"custom_1","QuantityFieldStyle":"custom_1"},"css":{"LeftLabelWidth":"120px"}},"formulas":{"fmla_1708360988969136756":"(({field.select_56638eb5b235ae.value}>=3)?(1200):(({field.select_56638eb5b235ae.value}>=2)?(850):(({field.select_56638eb5b235ae.value}>=1)?(540):(0))))","fmla_1708364241278155361":"(({field.select_5841412719.value}>=8)?({field.select_5841412719.price}):(({field.select_5841412719.value}>=5)?({field.select_5841412719.price}):(({field.select_5841412719.value}>=3)?({field.select_5841412719.price}):(0))))"},"lookuptables":[],"clones":false,"cartKey":false}},"_links":{"self":[{"href":"https:\/\/canaryvip.com\/es\/wp-json\/wp\/v2\/product\/15373","targetHints":{"allow":["GET"]}}],"collection":[{"href":"https:\/\/canaryvip.com\/es\/wp-json\/wp\/v2\/product"}],"about":[{"href":"https:\/\/canaryvip.com\/es\/wp-json\/wp\/v2\/types\/product"}],"replies":[{"embeddable":true,"href":"https:\/\/canaryvip.com\/es\/wp-json\/wp\/v2\/comments?post=15373"}],"wp:featuredmedia":[{"embeddable":true,"href":"https:\/\/canaryvip.com\/es\/wp-json\/wp\/v2\/media\/15376"}],"wp:attachment":[{"href":"https:\/\/canaryvip.com\/es\/wp-json\/wp\/v2\/media?parent=15373"}],"wp:term":[{"taxonomy":"product_brand","embeddable":true,"href":"https:\/\/canaryvip.com\/es\/wp-json\/wp\/v2\/product_brand?post=15373"},{"taxonomy":"product_cat","embeddable":true,"href":"https:\/\/canaryvip.com\/es\/wp-json\/wp\/v2\/product_cat?post=15373"},{"taxonomy":"product_tag","embeddable":true,"href":"https:\/\/canaryvip.com\/es\/wp-json\/wp\/v2\/product_tag?post=15373"}],"curies":[{"name":"wp","href":"https:\/\/api.w.org\/{rel}","templated":true}]}}