{"id":14051,"date":"2025-03-24T11:55:25","date_gmt":"2025-03-24T11:55:25","guid":{"rendered":"https:\/\/canaryvip.com\/?post_type=product&#038;p=14051"},"modified":"2025-08-09T13:55:58","modified_gmt":"2025-08-09T12:55:58","slug":"jetski-gran-canaria-tour","status":"publish","type":"product","link":"https:\/\/canaryvip.com\/es\/shop\/jetski-gran-canaria-tour\/","title":{"rendered":"JetSki Gran Canaria Tour"},"content":{"rendered":"<h2>\ud83c\udf0a JetSki Gran Canaria Safari Tour<\/h2>\n<p>Prep\u00e1rese para una aventura \u00fanica en el oc\u00e9ano con nuestro emocionante <strong>jetski Gran Canaria<\/strong> experiencia. Esta visita guiada de 1 hora sale de <a href=\"https:\/\/maps.app.goo.gl\/wvmuLbrgqyykEXRA9\" target=\"_blank\" rel=\"noopener\">Playa de Mog\u00e1n<\/a> o <a href=\"https:\/\/maps.app.goo.gl\/qQX9BVijLLwy2Ldn9\" target=\"_blank\" rel=\"noopener\">Playa de Taurito<\/a> y te lleva por algunos de los paisajes costeros m\u00e1s espectaculares del sur de la isla. No se necesita experiencia previa, s\u00f3lo trae tu energ\u00eda, \u00a1nosotros nos encargamos del resto!<\/p>\n<h3>\u23f1\ufe0f Safari en moto acu\u00e1tica de 1 hora: Velocidad, naturaleza y vistas inolvidables<\/h3>\n<ul>\n<li><strong>Ruta panor\u00e1mica:<\/strong> Conduzca su propia moto acu\u00e1tica a lo largo de imponentes acantilados volc\u00e1nicos y explore cuevas marinas naturales como las de Tasartico (si las condiciones del mar lo permiten), hasta llegar a la playa de Tasarte.<\/li>\n<li><strong>Avistamiento de vida marina:<\/strong> En esta ruta se ven con frecuencia tortugas, peces voladores e incluso delfines, lo que la convierte en algo m\u00e1s que un emocionante viaje.<\/li>\n<li><strong>Diversi\u00f3n y seguridad para todos:<\/strong> No se requiere carnet ni experiencia. Los conductores deben ser mayores de 16 a\u00f1os para conducir solos. Los conductores de 16-17 a\u00f1os necesitan una autorizaci\u00f3n paterna firmada y un documento de identidad v\u00e1lido.<\/li>\n<\/ul>\n<h3>\ud83d\udcf8 Recuerdos fotogr\u00e1ficos para siempre<\/h3>\n<p>Su gu\u00eda har\u00e1 fotos de acci\u00f3n durante el recorrido. Si lo desea, podr\u00e1 adquirirlas despu\u00e9s del recorrido, una forma perfecta de recordar su visita. <strong>jetski safari Gran Canaria<\/strong>.<\/p>\n<h3>\u2705 Qu\u00e9 incluye la experiencia Jetski Gran Canaria<\/h3>\n<ul>\n<li>1 hora <strong>jetski safari Gran Canaria<\/strong> con un gu\u00eda profesional<\/li>\n<li>Instrucciones sencillas de seguridad y manejo de la moto acu\u00e1tica<\/li>\n<li>Motos acu\u00e1ticas y chalecos salvavidas de alta calidad<\/li>\n<li>Seguro a todo riesgo incluido<\/li>\n<li>Uso gratuito de taquillas para sus efectos personales<\/li>\n<li>Servicio fotogr\u00e1fico profesional opcional (disponible para su compra despu\u00e9s de la actividad)<\/li>\n<\/ul>\n<h3>\ud83c\udf26\ufe0f Importante: Condiciones meteorol\u00f3gicas<\/h3>\n<p>La actividad est\u00e1 sujeta a las condiciones mar\u00edtimas y meteorol\u00f3gicas. En caso de mar agitado o mal tiempo, la excursi\u00f3n podr\u00e1 ser reprogramada por su seguridad.<\/p>\n<h3>\u2696\ufe0f Pol\u00edtica de cancelaci\u00f3n<\/h3>\n<p>Los planes cambian: lo entendemos. Por eso ofrecemos una pol\u00edtica de cancelaci\u00f3n justa y transparente:<\/p>\n<ul>\n<li><strong>Con m\u00e1s de 48 horas de antelaci\u00f3n:<\/strong> Reembolso \u00edntegro del pago efectuado.<\/li>\n<li><strong>Entre 24 y 48 horas antes de la actividad:<\/strong> 30% gastos de anulaci\u00f3n.<\/li>\n<li><strong>Menos de 24 horas o no presentarse:<\/strong> No se efectuar\u00e1 ning\u00fan reembolso.<\/li>\n<\/ul>\n<p>Le recomendamos reservar con antelaci\u00f3n y avisarnos lo antes posible si necesita hacer cambios en su reserva.<\/p>\n<h3>\ud83e\uddf3 Qu\u00e9 llevar y qu\u00e9 saber antes de ir<\/h3>\n<ul>\n<li><strong>Trae contigo:<\/strong> El ba\u00f1ador, la toalla y la crema solar son imprescindibles. Una c\u00e1mara resistente al agua es ideal si quieres hacer tus propias fotos.<\/li>\n<li><strong>Opciones de confort:<\/strong> Hay trajes de neopreno disponibles si desea protecci\u00f3n adicional, o si\u00e9ntase libre de montar en traje de ba\u00f1o.<\/li>\n<li><strong>Calzado:<\/strong> Guardaremos tus zapatos de forma segura mientras est\u00e1s en el agua.<\/li>\n<\/ul>\n<h3>\ud83c\udf1f \u00bfPor qu\u00e9 reservar con CanaryVIP?<\/h3>\n<p>En <strong>CanaryVIP,<\/strong>\u00a0trabajamos con los socios locales m\u00e1s fiables y experimentados de las Islas Canarias para ofrecerle experiencias seguras y de alta calidad. Este <strong>jetski Gran Canaria<\/strong> es operado por un proveedor local certificado, cuidadosamente seleccionado para garantizar que aprovecha al m\u00e1ximo su aventura.<\/p>\n<h3>\u26f5 \u00bfBusca una experiencia mar\u00edtima m\u00e1s exclusiva?<\/h3>\n<p>\u00bfQuiere llevar su d\u00eda en el oc\u00e9ano al siguiente nivel? Eche un vistazo a nuestro <a href=\"https:\/\/canaryvip.com\/es\/gran-canaria\/boat-hire-gran-canaria\/\" target=\"_blank\" rel=\"noopener\"><strong>alquiler de barcos privados Gran Canaria<\/strong><\/a> y <strong>alquiler de yates<\/strong> ideal para parejas, familias y grupos que desean algo m\u00e1s personal y lujoso.<\/p>\n<ul>\n<li><strong>Alquiler de barcos privados:<\/strong> Explore playas rec\u00f3nditas y b\u00e1\u00f1ese en aguas cristalinas con su propio barco y patr\u00f3n.<\/li>\n<li><strong>Alquiler de yates de lujo:<\/strong> Disfrute de servicios de primera a bordo, bebidas, aperitivos y relajaci\u00f3n total con estilo.<\/li>\n<li><strong>Eventos especiales:<\/strong> Celebre cumplea\u00f1os, propuestas de matrimonio o simplemente disfrute de un d\u00eda \u00fanico en el mar con las personas que quiere.<\/li>\n<\/ul>\n<p>Sea cual sea tu onda, <strong>CanaryVIP<\/strong> tiene el barco perfecto para su inolvidable d\u00eda en el Atl\u00e1ntico.<\/p>\n<h3>\ud83c\udf1e \u00bfListo para montar?<\/h3>\n<p>No pierda la oportunidad de vivir la emoci\u00f3n del <strong>jetski safari Gran Canaria<\/strong> y descubra la costa desde una perspectiva totalmente nueva. <strong>Reserve ahora con <a href=\"https:\/\/canaryvip.com\/es\/\" target=\"_blank\" rel=\"noopener\">CanaryVIP<\/a><\/strong> y haz que tu estancia en Gran Canaria sea absolutamente inolvidable. \ud83c\udf0a\ud83d\udca8<\/p>","protected":false},"excerpt":{"rendered":"<p><strong>\ud83d\udd0d JetSki Gran Canaria:<\/strong><br \/>\n\u2705 Pago seguro.<br \/>\n\ud83c\udf1f Experiencia inolvidable.<br \/>\n\ud83d\ude80 Recorridos de 1 hora.<br \/>\n\ud83d\udcc6 Excursiones diarias.<br \/>\n\ud83d\udd59 M\u00faltiples marcos temporales.<br \/>\n\ud83d\udc66 +7 A\u00f1os pueden Unirse.<br \/>\n\ud83d\udc64 +16 A\u00f1os pueden Montar.<br \/>\n\ud83e\udd11 Mejor precio garantizado.<br \/>\n\ud83d\ude8d Servicio de transporte disponible.<br \/>\n\ud83d\udc6a Descuentos activados.<br \/>\n\ud83d\udd01 Hasta 48h Cancelaci\u00f3n.<br \/>\n\ud83c\udf0d Gu\u00edas multiling\u00fces.<br \/>\n\ud83c\udf1f \u00a1Reserva ahora y ahorra!<br \/>\n\ud83d\udccd De Mog\u00e1n &amp; Taurito.<\/p>","protected":false},"featured_media":14054,"comment_status":"open","ping_status":"closed","template":"","meta":{"_acf_changed":false},"product_brand":[],"product_cat":[135],"product_tag":[],"class_list":{"0":"post-14051","1":"product","2":"type-product","3":"status-publish","4":"has-post-thumbnail","6":"product_cat-watersports","7":"wcpa_has_options","9":"first","10":"instock","11":"virtual","12":"purchasable","13":"product-type-simple"},"acf":[],"wcpa_form_fields":{"wcpaData":{"product":{"product_price":130,"price_html":"From&nbsp;<span class=\"woocommerce-Price-amount amount\"><bdi>130,00&nbsp;<span class=\"woocommerce-Price-currencySymbol\">&euro;<\/span><\/bdi><\/span>","original_product_price":130,"price_including_tax":130,"price_excluding_tax":130,"product_id":{"parent":14051,"variation":false},"is_variable":false,"stock_status":"instock","stock_quantity":null,"parent_sku":"CV14051","product_attributes":[],"custom_fields":[],"is_taxable":false,"product_name":"JetSki Gran Canaria Tour","hasImage":false},"fields":{"sec_1067e15d3bd1502":{"extra":{"key":"sec_1067e15d3bd1502","section_id":"sec_1067e15d3bd1502","name":"Default","status":1,"cl_rule":"show","enableCl":false,"relations":[],"toggle":true,"title_tag":"h3","show_title":false,"showPrice":"default","form_id":14059,"form_rules":{"exclude_from_discount":true,"fee_label":"Fee","disp_hide_options_price":true,"disp_show_section_price":false,"disp_show_field_price":true,"layout_option":"standard","pric_use_as_fee":false,"process_fee_as":"woo_fee"},"layout_option":"standard"},"fields":[[{"label":"\ud83d\udcc5 Date","active":true,"required":true,"elementId":"date_267e15d3bd1546","picker_type":"custom","picker_mode":"single","placeholder":"","description":"","tooltip":"","name":"date_267e15d3bd1546","label_position":"default","desc_position":"default","enablePrice":false,"className":"","enableCl":false,"relations":[{"operator":"and","rules":[{"operator":"AND","rules":{"cl_field":"radio-group_667e15d3bd15b0","cl_relation":"is","cl_val":"3 Hour Trip"}}]}],"date_pic_inline":true,"date_pic_inline_hide":true,"min_date":{"type":"days","val":"0"},"max_date":{"type":"days","val":"365"},"date_pic_conf":{"disabledWeeks":[]},"price":"","cl_rule":"show","col":6,"type":"date","error":false,"enableDesign":false,"LabelColor":"","gt_translate_keys":["label","placeholder","description","tooltip"],"price_dependency":false,"cl_dependency":false,"value":""}],[{"active":true,"col":6,"relations":false,"cl_rule":"show","enableCl":false,"price":"","enablePrice":false,"className":"","label_position":"default","desc_position":"default","type":"select","required":false,"elementId":"select_167e15d3bd155d","label":"\ud83d\udccd Departure Point","name":"select_167e15d3bd155d","values":[{"label":"Mog\u00e1n Beach","value":"Mogan","selected":false,"tempId":"aco_481","gt_translate_keys":["label"]},{"label":"Taurito Beach","value":"Taurito","selected":false,"tempId":"aco_482","gt_translate_keys":["label"]}],"dropdown_type":"basic","error":false,"gt_translate_keys":["label"],"price_dependency":false,"cl_dependency":false,"value":""}],[{"active":true,"col":6,"relations":[{"operator":false,"rules":[{"operator":"AND","rules":{"cl_field":"radio-group_667e15d3bd15b0","cl_relation":"is","cl_val":"3 Hour Trip"}}]}],"cl_rule":"show","enableCl":false,"price":"","enablePrice":false,"className":"","label_position":"default","desc_position":"default","type":"select","required":true,"elementId":"select_867e15d3bd1593","label":"\u23f0 Departure Time","name":"select_867e15d3bd1593","values":[{"label":"9:00","value":"9:00","selected":false,"tempId":"aco_1450","gt_translate_keys":["label"]},{"label":"10:00","value":"10:00","selected":false,"tempId":"aco_37","gt_translate_keys":["label"]},{"label":"11:00","value":"11:00","selected":false,"tempId":"aco_281","gt_translate_keys":["label"]},{"label":"12:00","value":"12:00","selected":false,"tempId":"aco_381","gt_translate_keys":["label"]},{"label":"15:00","value":"15:00","selected":false,"tempId":"aco_444","gt_translate_keys":["label"]},{"label":"16:15","value":"16:15","selected":false,"tempId":"aco_454","gt_translate_keys":["label"]}],"dropdown_type":"basic","error":false,"placeholder":"Select Departure Time","priceOptions":"different_for_all","pricingType":"custom","isTemplate":false,"is_show_price":true,"gt_translate_keys":["label","placeholder"],"price_dependency":false,"cl_dependency":false,"value":""}]]},"sec_367e15d3bd15b1":{"extra":{"key":"sec_367e15d3bd15b1","section_id":"sec_367e15d3bd15b1","name":"1H Tour Gran Canaria","status":1,"cl_rule":"show","enableCl":false,"relations":[{"operator":false,"rules":[{"operator":"AND","rules":{"cl_field":"radio-group_667e15d3bd15b0","cl_relation":"is","cl_val":"1 Hour Trip"}}]}],"toggle":true,"title_tag":"h4","show_title":false,"showPrice":"default","form_id":14059,"form_rules":{"exclude_from_discount":true,"fee_label":"Fee","disp_hide_options_price":true,"disp_show_section_price":false,"disp_show_field_price":true,"layout_option":"standard","pric_use_as_fee":false,"process_fee_as":"woo_fee"},"layout_option":"standard"},"fields":[[{"contentType":"rich","active":true,"label":"","elementId":"content_967e15d3bd15e4","value":"<p>\ud83c\udf9f\ufe0f <strong>Reservation<\/strong>: Pay only a deposit now to reserve; the rest is due on the day of the activity upon arrival.<\/p>","inline":true,"name":"content_967e15d3bd15e4","enablePrice":false,"className":"","subtype":"div","enableCl":false,"relations":false,"price":"","cl_rule":"show","col":6,"type":"content","error":false,"show_in_checkout":true,"enableDesign":true,"LabelSize":"14px","DescSize":"14px","gt_translate_keys":["label","value"],"price_dependency":false,"cl_dependency":false}],[{"active":true,"col":6,"relations":false,"cl_rule":"show","enableCl":false,"price":"","enablePrice":false,"className":"","label_position":"default","desc_position":"default","type":"content","required":false,"elementId":"content_167e15d3bd15fc","label":"Number of Jet Skis for 1 Hour","name":"content_167e15d3bd15fc","contentType":"plain","value":"","error":false,"show_in_checkout":true,"inline":false,"gt_translate_keys":["label","value"],"price_dependency":false,"cl_dependency":false}],[{"active":true,"col":6,"relations":[{"operator":false,"rules":[{"operator":"AND","rules":{"cl_field":"","cl_relation":"","cl_val":""}}]}],"cl_rule":"show","enableCl":false,"price":"130","enablePrice":true,"className":"","label_position":"default","desc_position":"default","type":"radio-group","required":false,"elementId":"radio-group_967e15d3bd1618","label":"","name":"radio-group_967e15d3bd1618","values":[{"label":"\ud83d\udc64 Single JetSki (130\u20ac)","value":"Single JetSki","selected":true,"tempId":"aco_32","tooltip":"1 Person on the JetSki.","description":"","gt_translate_keys":["label","tooltip","description"]}],"layOut":"","error":false,"checkUi":"button","priceOptions":"fixed_for_all","pricingType":"fixed","enable_quantity":true,"quantity_label":"","min_quantity":"0","options_tooltip":true,"options_description":true,"is_show_price":true,"gt_translate_keys":["label","quantity_label"],"price_dependency":["content_167e15d3bd1666","content_267e15d3bd167e","content_667e15d3bd1696"],"cl_dependency":false,"value":""}],[{"label":"","active":true,"required":false,"elementId":"radio-group_067e15d3bd1635","name":"radio-group_067e15d3bd1635","label_position":"default","desc_position":"default","enablePrice":true,"className":"","enableCl":false,"relations":false,"enable_quantity":true,"quantity_label":"","min_quantity":"0","checkUi":"button","layOut":"","values":[{"label":"\ud83d\udc65 Double JetSki (150\u20ac)","value":"Double JetSki","selected":true,"tempId":"aco_32","tooltip":"2 People on the same JetSki.","description":"","gt_translate_keys":["label","tooltip","description"]}],"priceOptions":"fixed_for_all","pricingType":"fixed","price":"150","cl_rule":"show","col":6,"type":"radio-group","error":false,"options_tooltip":true,"options_description":true,"is_show_price":true,"quantity_decimal":false,"quantity_step":"1","gt_translate_keys":["label","quantity_label"],"price_dependency":["content_167e15d3bd1666","content_267e15d3bd167e","content_667e15d3bd1696"],"cl_dependency":false,"value":""}],[{"elementId":"separator_767e15d3bd164f","separatorType":"fill","separatorColor":"#66a6b6","className":"","height":"3","enableCl":false,"relations":false,"cl_rule":"show","col":6,"type":"separator","gt_translate_keys":[],"price_dependency":false,"cl_dependency":false,"value":""}],[{"active":true,"col":6,"relations":false,"cl_rule":"show","enableCl":false,"price":"({field.radio-group_967e15d3bd1618.price}*0.30) + ({field.radio-group_067e15d3bd1635.price}*0.30)","enablePrice":true,"className":"","label_position":"default","desc_position":"default","type":"content","required":false,"elementId":"content_167e15d3bd1666","label":"Deposit Now","name":"content_167e15d3bd1666","contentType":"plain","value":"","error":false,"pricingType":"custom","isTemplate":false,"is_show_price":false,"enableDesign":true,"scrollBar":false,"use_as_fee":false,"fee_label":"","inline":true,"show_in_checkout":true,"subtype":"div","LabelSize":"14px","LabelColor":"","gt_translate_keys":["label","value"],"price_dependency":false,"cl_dependency":false}],[{"contentType":"plain","active":true,"label":"Payment at Arrival","elementId":"content_267e15d3bd167e","value":"","inline":true,"show_in_checkout":true,"name":"content_267e15d3bd167e","enablePrice":true,"className":"","fee_label":"","subtype":"div","enableCl":false,"relations":[{"operator":false,"rules":[{"operator":"AND","rules":{"cl_field":"content_167e15d3bd1666","cl_relation":"is_not_empty","cl_val":""}}]}],"scrollBar":false,"enableDesign":true,"pricingType":"custom","isTemplate":false,"price":"({field.radio-group_967e15d3bd1618.price}*0.70) + ({field.radio-group_067e15d3bd1635.price}*0.70)","use_as_fee":false,"is_show_price":true,"cl_rule":"disable","col":6,"type":"content","error":false,"LabelSize":"14px","LabelColor":"","gt_translate_keys":["label","value"],"price_dependency":false,"cl_dependency":false}],[{"contentType":"plain","active":true,"label":"Total Amount","elementId":"content_667e15d3bd1696","value":"","inline":true,"show_in_checkout":true,"name":"content_667e15d3bd1696","enablePrice":true,"className":"","fee_label":"","subtype":"div","enableCl":false,"relations":[{"operator":false,"rules":[{"operator":"AND","rules":{"cl_field":"content_167e15d3bd1666","cl_relation":"is_not_empty","cl_val":""}}]}],"scrollBar":false,"enableDesign":true,"LabelColor":"","LabelSize":"14px","pricingType":"custom","isTemplate":false,"price":"({field.radio-group_967e15d3bd1618.price}) + ({field.radio-group_067e15d3bd1635.price})","use_as_fee":false,"is_show_price":true,"cl_rule":"disable","col":6,"type":"content","error":false,"gt_translate_keys":["label","value"],"price_dependency":false,"cl_dependency":false}]]},"sec_567e15d3bd1860":{"extra":{"key":"sec_567e15d3bd1860","section_id":"sec_567e15d3bd1860","name":"Pickup Location","status":1,"cl_rule":"show","enableCl":true,"relations":[{"operator":false,"rules":[{"operator":"AND","rules":{"cl_field":"radio-group_667e15d3bd15b0","cl_relation":"is_not","cl_val":"2.5 Hour Trip"}}]}],"toggle":true,"title_tag":"h4","show_title":false,"showPrice":"default","form_id":14059,"form_rules":{"exclude_from_discount":true,"fee_label":"Fee","disp_hide_options_price":true,"disp_show_section_price":false,"disp_show_field_price":true,"layout_option":"standard","pric_use_as_fee":false,"process_fee_as":"woo_fee"},"layout_option":"standard"},"fields":[[{"active":true,"col":6,"relations":false,"cl_rule":"show","enableCl":false,"price":"","enablePrice":false,"className":"","label_position":"default","desc_position":"default","type":"separator","required":false,"elementId":"separator_267e15d3bd187a","label":"Separator Field","height":"1","separatorType":"blank","error":false,"gt_translate_keys":["label"],"price_dependency":false,"cl_dependency":false,"value":""}],[{"active":true,"col":6,"relations":[{"operator":false,"rules":[{"operator":false,"rules":{"cl_field":"radio-group_667e15d3bd15b0","cl_relation":"is_not","cl_val":"4.5 Hour Trip from North Tenerife"}}]}],"cl_rule":"show","enableCl":false,"price":"","enablePrice":false,"className":"","label_position":"default","desc_position":"default","type":"text","subtype":"text","required":false,"elementId":"text_967e15d3bd188f","label":"\ud83d\ude8c Pickup Location","name":"text_967e15d3bd188f","value":"","error":false,"description":"Pick-up service in some locations. Simply provide your address or hotel name. (+2\u20ac\/person paid at pickup to the driver)","repeater":false,"repeater_field_label":"{field_label}","repeater_bind":"","gt_translate_keys":["label","description","value","repeater_field_label"],"price_dependency":false,"cl_dependency":false}]]}},"config":{"price_override":"always","enable_recaptcha":false,"bind_quantity":false,"quantity_bind_formula":false,"disp_summ_show_option_price":true,"disp_summ_show_product_price":false,"disp_summ_show_total_price":false,"disp_summ_show_fee":true,"disp_summ_show_discount":true,"summary_title":"","options_total_label":"Options Price","total_label":"Deposit Amount","options_product_label":"Product Price","fee_label":"Fee","discount_label":"Discount","has_price":true,"has_quantity_formula":false},"mc_unit":1,"tax_rate":1,"tax_rate_real":1,"discount":{"percentage":0,"fixed":0},"design":{"conf":{"LabelPosition":"above","DescPosition":"above","UploadField":"custom_1","QuantityFieldStyle":"custom_1"},"css":{"LeftLabelWidth":"120px"}},"formulas":[],"lookuptables":[],"clones":false,"cartKey":false}},"_links":{"self":[{"href":"https:\/\/canaryvip.com\/es\/wp-json\/wp\/v2\/product\/14051","targetHints":{"allow":["GET"]}}],"collection":[{"href":"https:\/\/canaryvip.com\/es\/wp-json\/wp\/v2\/product"}],"about":[{"href":"https:\/\/canaryvip.com\/es\/wp-json\/wp\/v2\/types\/product"}],"replies":[{"embeddable":true,"href":"https:\/\/canaryvip.com\/es\/wp-json\/wp\/v2\/comments?post=14051"}],"wp:featuredmedia":[{"embeddable":true,"href":"https:\/\/canaryvip.com\/es\/wp-json\/wp\/v2\/media\/14054"}],"wp:attachment":[{"href":"https:\/\/canaryvip.com\/es\/wp-json\/wp\/v2\/media?parent=14051"}],"wp:term":[{"taxonomy":"product_brand","embeddable":true,"href":"https:\/\/canaryvip.com\/es\/wp-json\/wp\/v2\/product_brand?post=14051"},{"taxonomy":"product_cat","embeddable":true,"href":"https:\/\/canaryvip.com\/es\/wp-json\/wp\/v2\/product_cat?post=14051"},{"taxonomy":"product_tag","embeddable":true,"href":"https:\/\/canaryvip.com\/es\/wp-json\/wp\/v2\/product_tag?post=14051"}],"curies":[{"name":"wp","href":"https:\/\/api.w.org\/{rel}","templated":true}]}}