{"id":12949,"date":"2024-08-19T12:56:56","date_gmt":"2024-08-19T11:56:56","guid":{"rendered":"https:\/\/canaryvip.com\/?post_type=product&#038;p=12949"},"modified":"2025-08-09T13:58:46","modified_gmt":"2025-08-09T12:58:46","slug":"sunkiss-boat-charter-gran-canaria","status":"publish","type":"product","link":"https:\/\/canaryvip.com\/es\/shop\/sunkiss-boat-charter-gran-canaria\/","title":{"rendered":"Alquiler de barcos Sunkiss<br\/>Gran Canaria"},"content":{"rendered":"<h2>\ud83d\udee5\ufe0f Sunkiss Barco Charter Gran Canaria<\/h2>\n<p>Experimente la belleza de Gran Canaria desde la comodidad del <strong>Alquiler de barcos Sunkiss<\/strong>una forma privada y lujosa de explorar la impresionante costa sur de la isla. Con espacio para un m\u00e1ximo de 8 pasajeros, este exclusivo <strong>alquiler de barcos en Gran Canaria<\/strong> es perfecto para parejas, familias o peque\u00f1os grupos que busquen una aventura \u00fanica y relajante.<\/p>\n<p>En CanaryVIP, hacemos que reservar su <a href=\"https:\/\/canaryvip.com\/es\/gran-canaria\/\"><strong>alquilar un barco Puerto Mog\u00e1n<\/strong><\/a> experiencia f\u00e1cil y agradable, asegur\u00e1ndose de que cada detalle est\u00e1 cuidado para su d\u00eda perfecto en el agua.<\/p>\n<h3>\u2b50\ufe0f Por qu\u00e9 elegir Sunkiss Boat Charter en Gran Canaria<\/h3>\n<p>He aqu\u00ed por qu\u00e9 el <strong>Alquiler de barcos Sunkiss<\/strong> es una de las mejores opciones para pasar un d\u00eda privado e inolvidable en el mar:<\/p>\n<h4><strong>Experiencia privada e \u00edntima<\/strong><\/h4>\n<p>Disfrute de un viaje exclusivo s\u00f3lo con su grupo. Con una capacidad m\u00e1xima de 8 personas, este yate privado ofrece un entorno personal y tranquilo, ideal para ocasiones especiales o una escapada relajante.<\/p>\n<h4><strong>Confort elegante<\/strong><\/h4>\n<p>Navegue a bordo de un yate de 12 metros muy bien cuidado, con c\u00f3modos asientos, zonas de sombra y una amplia cubierta para tomar el sol. Disfrute de las impresionantes vistas panor\u00e1micas de la costa de Gran Canaria mientras se relaja con estilo.<\/p>\n<h4><strong>Aventura de snorkel<\/strong><\/h4>\n<p>Fondee en una cala aislada para nadar en aguas cristalinas y practicar snorkel con el equipo proporcionado. Descubra la vibrante vida marina de Gran Canaria, o simplemente rel\u00e1jese en cubierta y disfrute del ambiente sereno.<\/p>\n<h3>\ud83d\udea4 Opciones de viaje en barco a Sunkiss<\/h3>\n<p>Elija la duraci\u00f3n del viaje que se ajuste a sus horarios y deseos:<\/p>\n<ul>\n<li><strong>Charter privado de 3 horas:<\/strong> Una escapada corta perfecta para explorar la costa de Gran Canaria y disfrutar de un refrescante ba\u00f1o o practicar snorkel.<\/li>\n<li><strong>Charter privado de 6 horas:<\/strong> Sum\u00e9rjase en la belleza natural de la isla, con m\u00e1s tiempo para relajarse y explorar rincones ocultos.<\/li>\n<li><strong>Charter privado de 8 horas:<\/strong> Una aventura de d\u00eda completo que le permite experimentar lo \u00faltimo en relajaci\u00f3n y exploraci\u00f3n, con tiempo extra para visitar m\u00faltiples calas y disfrutar de lo mejor de Gran Canaria.<\/li>\n<\/ul>\n<h3>\ud83e\udd42 \u00bfQu\u00e9 incluye su Carta Sunkiss?<\/h3>\n<p>Su <strong>alquiler de barcos en Gran Canaria<\/strong> incluye:<\/p>\n<ul>\n<li>Aperitivos, incluidas patatas fritas y frutos secos.<\/li>\n<li>Bebidas como cerveza, refrescos y agua.<\/li>\n<li>Equipo de snorkel (m\u00e1scaras y aletas) para explorar el mundo submarino.<\/li>\n<li>Seguro para una experiencia sin preocupaciones.<\/li>\n<li>Transporte opcional de ida y vuelta a los hoteles del sur de Gran Canaria.<\/li>\n<li>Almuerzo opcional (10 \u20ac por persona, solicitar durante la reserva).<\/li>\n<\/ul>\n<h3>\ud83d\udccd Detalles de la salida<\/h3>\n<ul>\n<li><strong>Ubicaci\u00f3n:<\/strong> <a href=\"https:\/\/maps.app.goo.gl\/Xhe545W98um3rx6W8\" target=\"_new\" rel=\"noopener\"><span>Puerto<\/span><span> Mog\u00e1n<\/span><span>, Gran<\/span><span> Canaria<\/span><\/a>.<\/li>\n<li><strong>Horarios de salida:<\/strong> 09:00, 12:00 y 15:00.<\/li>\n<li><strong>Transporte:<\/strong> Servicio de recogida disponible para mayor comodidad.<\/li>\n<\/ul>\n<p>Recomendamos llegar al menos 15 minutos antes de la salida para garantizar un buen comienzo de la aventura.<\/p>\n<h3>\u2705 Pol\u00edtica de cancelaci\u00f3n transparente<\/h3>\n<p>Damos prioridad a su tranquilidad con opciones de cancelaci\u00f3n claras y flexibles:<\/p>\n<ul>\n<li><strong>Garant\u00eda meteorol\u00f3gica:<\/strong> Cambie la fecha o reciba el reembolso \u00edntegro en caso de que las condiciones meteorol\u00f3gicas no sean seguras.<\/li>\n<li><strong>Cancelaciones flexibles:<\/strong> Cancele o cambie la fecha de forma gratuita hasta 8 d\u00edas antes del viaje. Los dep\u00f3sitos no son reembolsables para cancelaciones realizadas dentro de los 8 d\u00edas anteriores a la salida programada.<\/li>\n<\/ul>\n<h3>\ud83d\udc68\u200d\u2708\ufe0f Consejos para su aventura en barco Sunkiss<\/h3>\n<p>Aproveche al m\u00e1ximo el d\u00eda con estos sencillos consejos:<\/p>\n<ul>\n<li>Traiga ba\u00f1ador, crema solar y toalla.<\/li>\n<li>Lleve ropa c\u00f3moda y adecuada a las condiciones meteorol\u00f3gicas.<\/li>\n<li>Tenga a mano su billete CanaryVIP, en su tel\u00e9fono o impreso.<\/li>\n<li>Coma algo ligero de antemano para evitar los mareos.<\/li>\n<\/ul>\n<h3>\ud83c\udf1f Por qu\u00e9 reservar con CanaryVIP<\/h3>\n<p>En CanaryVIP, nos especializamos en ofrecer los mejores <strong>alquilar un barco Puerto Mog\u00e1n<\/strong> y <strong>alquiler de yates de lujo en Gran Canaria<\/strong>. Desde charters privados como Sunkiss hasta experiencias a medida, nos aseguramos de que cada momento en el agua sea inolvidable.<\/p>\n<p>Reserve su <strong>Alquiler de barcos Sunkiss<\/strong> hoy mismo y disfrute de un viaje lleno de relax, aventura e impresionantes vistas de Gran Canaria.<\/p>\n<p>\ud83d\udc49 <a href=\"https:\/\/canaryvip.com\/es\/\" target=\"_new\" rel=\"noopener\"><span>Reserva<\/span><span> Ahora<\/span><\/a> \u00a1y cree recuerdos que durar\u00e1n toda la vida!<\/p>","protected":false},"excerpt":{"rendered":"<p><strong>\ud83d\udd0d Magic Island Gran Canaria:<\/strong><br \/>\n\u2705 Pago seguro.<br \/>\n\ud83d\udd10 Visitas privadas.<br \/>\n\ud83d\udee5\ufe0f 12m Yate Confort.<br \/>\n\u23f3 Recorridos diarios de 3H, 6H y 8H.<br \/>\n\ud83d\udd59 Diferentes horarios de salida.<br \/>\n\ud83d\udc65 Hasta 8 invitados.<br \/>\n\ud83e\udd3f Se proporciona equipo de snorkel.<br \/>\n\ud83d\ude8c Recogida y devoluci\u00f3n.<br \/>\n\ud83e\udd11 Mejor precio garantizado.<br \/>\n\ud83d\udc6a Descuentos activados.<br \/>\n\ud83d\udd01 Cancelaci\u00f3n hasta 8 d\u00edas.<br \/>\n\ud83c\udf0d Tripulaci\u00f3n multiling\u00fce.<br \/>\n\ud83c\udf1f \u00a1Reserva pronto y ahorra!<br \/>\n\ud83d\udccd Salida de <a href=\"https:\/\/maps.app.goo.gl\/4TJkgAg6UBpnsyhm9\">Puerto de Mog\u00e1n<\/a>.<\/p>","protected":false},"featured_media":12950,"comment_status":"open","ping_status":"closed","template":"","meta":{"_acf_changed":false},"product_brand":[],"product_cat":[132],"product_tag":[],"class_list":{"0":"post-12949","1":"product","2":"type-product","3":"status-publish","4":"has-post-thumbnail","6":"product_cat-boat-hire-gran-canaria","7":"wcpa_has_options","9":"first","10":"instock","11":"virtual","12":"purchasable","13":"product-type-simple"},"acf":[],"wcpa_form_fields":{"wcpaData":{"product":{"product_price":399,"price_html":"From&nbsp;<span class=\"woocommerce-Price-amount amount\"><bdi>399,00&nbsp;<span class=\"woocommerce-Price-currencySymbol\">&euro;<\/span><\/bdi><\/span>","original_product_price":399,"price_including_tax":399,"price_excluding_tax":399,"product_id":{"parent":12949,"variation":false},"is_variable":false,"stock_status":"instock","stock_quantity":null,"parent_sku":"CV12949","product_attributes":[],"custom_fields":[],"is_taxable":false,"product_name":"Sunkiss Boat Charter<br\/>Gran Canaria","hasImage":false},"fields":{"sec_667811df8760f9":{"extra":{"key":"sec_667811df8760f9","section_id":"sec_667811df8760f9","name":"Default","status":1,"cl_rule":"show","enableCl":false,"relations":[],"toggle":true,"title_tag":"h3","show_title":false,"showPrice":"default","form_id":13536,"form_rules":{"exclude_from_discount":true,"fee_label":"Fee","disp_hide_options_price":true,"disp_show_section_price":false,"disp_show_field_price":true,"layout_option":"standard","pric_use_as_fee":false,"process_fee_as":"woo_fee"},"layout_option":"standard"},"fields":[[{"label":"\ud83d\udcc5 Date","active":true,"required":true,"elementId":"date_567811df876119","picker_type":"custom","picker_mode":"single","placeholder":"","description":"","tooltip":"","name":"date_567811df876119","label_position":"default","desc_position":"default","enablePrice":false,"className":"","enableCl":false,"relations":[{"operator":"and","rules":[{"operator":"AND","rules":{"cl_field":"radio-group_565c78ffa81208","cl_relation":"is","cl_val":"3 Hour Trip"}}]}],"date_pic_inline":true,"date_pic_inline_hide":true,"min_date":{"type":"days","val":"2"},"max_date":{"type":"days","val":"365"},"date_pic_conf":{"disabledWeeks":[]},"price":"","cl_rule":"show","col":6,"type":"date","error":false,"enableDesign":false,"LabelColor":"","gt_translate_keys":["label","placeholder","description","tooltip"],"price_dependency":false,"cl_dependency":false,"value":""}],[{"elementId":"separator_267811df876128","separatorType":"blank","className":"","height":"3","enableCl":false,"relations":false,"cl_rule":"show","col":6,"type":"separator","error":false,"gt_translate_keys":[],"price_dependency":false,"cl_dependency":false,"value":""}],[{"active":true,"col":6,"relations":false,"cl_rule":"show","enableCl":false,"price":"","enablePrice":true,"className":"","label_position":"default","desc_position":"default","type":"select","required":true,"elementId":"select_267811df876133","label":"\u23f3 Trip Duration","name":"select_267811df876133","values":[{"label":"3 Hours (399\u20ac)","value":"3","selected":false,"tempId":"aco_556","price":"399","gt_translate_keys":["label"]},{"label":"6 Hours (700\u20ac)","value":"6","selected":false,"tempId":"aco_122","price":"700","gt_translate_keys":["label"]},{"label":"8 Hours (900\u20ac)","value":"8","selected":false,"tempId":"aco_41","price":"900","gt_translate_keys":["label"]}],"dropdown_type":"basic","error":false,"placeholder":"Select Trip Duration","priceOptions":"different_for_all","pricingType":"fixed","is_show_price":false,"gt_translate_keys":["label","placeholder"],"price_dependency":false,"cl_dependency":false,"value":""}],[{"label":"\u2705 Number of People","active":true,"required":true,"elementId":"select_667811df87613d","dropdown_type":"basic","placeholder":"Select Number of People","name":"select_667811df87613d","label_position":"default","desc_position":"default","enablePrice":false,"className":"","enableCl":false,"relations":[{"operator":false,"rules":[{"operator":"AND","rules":{"cl_field":"radio-group_565c78ffa81208","cl_relation":"is","cl_val":"3 Hour Trip"}}]}],"values":[{"label":"1 person","value":"1","selected":false,"tempId":"aco_1471","price":"0","gt_translate_keys":["label"]},{"label":"2 people","value":"2","selected":false,"tempId":"aco_1472","price":"0","gt_translate_keys":["label"]},{"label":"3 people","value":"3","selected":false,"tempId":"aco_1500","price":"0","gt_translate_keys":["label"]},{"label":"4 people","value":"4","selected":false,"tempId":"aco_1510","price":"0","gt_translate_keys":["label"]},{"label":"5 people","value":"5","selected":false,"tempId":"aco_1520","price":"0","gt_translate_keys":["label"]},{"label":"6 people","value":"6","selected":false,"tempId":"aco_1728","price":"0","gt_translate_keys":["label"]},{"label":"7 people","value":"7","selected":false,"tempId":"aco_1738","price":"0","gt_translate_keys":["label"]},{"label":"8 people","value":"8","selected":false,"tempId":"aco_1748","price":"0","gt_translate_keys":["label"]}],"price":"","cl_rule":"show","col":6,"type":"select","error":false,"priceOptions":"different_for_all","pricingType":"fixed","is_show_price":false,"gt_translate_keys":["label","placeholder"],"price_dependency":["select_067811df876146"],"cl_dependency":false,"value":""}],[{"active":true,"col":6,"relations":false,"cl_rule":"show","enableCl":false,"price":"","enablePrice":true,"className":"","label_position":"default","desc_position":"default","type":"select","required":false,"elementId":"select_067811df876146","label":"\ud83c\udf57 Meal (+10\u20ac\/person)","name":"select_067811df876146","values":[{"label":"No","value":"No","selected":false,"tempId":"aco_2562","price":"","gt_translate_keys":["label"]},{"label":"Yes (+10\u20ac\/person)","value":"Yes","selected":false,"tempId":"aco_2563","price":"{field.select_667811df87613d.value}*10","gt_translate_keys":["label"]}],"dropdown_type":"basic","error":false,"description":"Snacks and drinks are included. If you want an extra meal, please select this option. The meal is marinated chicken with mojo potatoes and coleslaw. Payment due at arrival the day of the tour.","priceOptions":"different_for_all","pricingType":"custom","isTemplate":false,"is_show_price":true,"gt_translate_keys":["label","description"],"price_dependency":false,"cl_dependency":false,"value":""}]]},"sec_167811df876147":{"extra":{"key":"sec_167811df876147","section_id":"sec_167811df876147","name":"Pickup Location","status":1,"cl_rule":"show","enableCl":false,"relations":[],"toggle":true,"title_tag":"h4","show_title":false,"showPrice":"default","form_id":13536,"form_rules":{"exclude_from_discount":true,"fee_label":"Fee","disp_hide_options_price":true,"disp_show_section_price":false,"disp_show_field_price":true,"layout_option":"standard","pric_use_as_fee":false,"process_fee_as":"woo_fee"},"layout_option":"standard"},"fields":[[{"elementId":"separator_1067811df876152","separatorType":"blank","className":"","height":"3","enableCl":false,"relations":false,"cl_rule":"show","col":6,"type":"separator","error":false,"gt_translate_keys":[],"price_dependency":false,"cl_dependency":false,"value":""}],[{"active":true,"col":6,"relations":[{"operator":false,"rules":[{"operator":"AND","rules":{"cl_field":"radio-group_565c78ffa81208","cl_relation":"is","cl_val":"3 Hour Trip"}}]}],"cl_rule":"show","enableCl":false,"price":"","enablePrice":false,"className":"","label_position":"default","desc_position":"default","type":"select","required":false,"elementId":"select_667811df87615b","label":"\u23f0 Departure","name":"select_667811df87615b","values":[{"label":"09:00","value":"09:00","selected":false,"tempId":"aco_1471","gt_translate_keys":["label"]},{"label":"12:00","value":"12:00","selected":false,"tempId":"aco_1510","gt_translate_keys":["label"]},{"label":"15:00","value":"15:00","selected":false,"tempId":"aco_1738","gt_translate_keys":["label"]}],"dropdown_type":"basic","error":false,"placeholder":"Whichever Time is Best","gt_translate_keys":["label","placeholder"],"price_dependency":false,"cl_dependency":false,"value":""}],[{"elementId":"separator_767811df876165","separatorType":"blank","className":"","height":"1","enableCl":false,"relations":false,"cl_rule":"show","col":6,"type":"separator","gt_translate_keys":[],"price_dependency":false,"cl_dependency":false,"value":""}],[{"elementId":"separator_967811df876170","separatorType":"blank","className":"","height":"1","enableCl":false,"relations":false,"cl_rule":"show","col":6,"type":"separator","error":false,"gt_translate_keys":[],"price_dependency":false,"cl_dependency":false,"value":""}],[{"active":true,"col":6,"relations":false,"cl_rule":"show","enableCl":false,"price":"","enablePrice":false,"className":"","label_position":"default","desc_position":"default","type":"text","subtype":"text","required":false,"elementId":"text_967811df876178","label":"\ud83d\ude8c Pickup Location","name":"text_967811df876178","value":"","error":false,"description":"Pick-up service in some locations. Simply provide your address or hotel name. (+2\u20ac\/person paid at pickup to the driver)","gt_translate_keys":["label","description","value"],"price_dependency":false,"cl_dependency":false}]]}},"config":{"price_override":"always","enable_recaptcha":false,"bind_quantity":false,"quantity_bind_formula":false,"disp_summ_show_option_price":true,"disp_summ_show_product_price":false,"disp_summ_show_total_price":true,"disp_summ_show_fee":true,"disp_summ_show_discount":true,"summary_title":"","options_total_label":"Options Price","total_label":"Total Amount","options_product_label":"Product Price","fee_label":"Fee","discount_label":"Discount","has_price":true,"has_quantity_formula":false},"mc_unit":1,"tax_rate":1,"tax_rate_real":1,"discount":{"percentage":0,"fixed":0},"design":{"conf":{"LabelPosition":"above","DescPosition":"above","UploadField":"custom_1","QuantityFieldStyle":"custom_1"},"css":{"LeftLabelWidth":"120px"}},"formulas":{"fmla_1708364241278155361":"(({field.select_3666b1eb2b11fe.value}>=8)?(1400):(({field.select_3666b1eb2b11fe.value}>=7)?(1225):(({field.select_3666b1eb2b11fe.value}>=6)?(1050):(({field.select_3666b1eb2b11fe.value}>=5)?(875):(({field.select_3666b1eb2b11fe.value}>=4)?(700):(({field.select_3666b1eb2b11fe.value}>=3)?(500):(0)))))))","fmla_1718295979528641619":"(({field.select_3666b1eb2b11fe.value}>=8)?(280):(({field.select_3666b1eb2b11fe.value}>=7)?(205):(({field.select_3666b1eb2b11fe.value}>=6)?(150):(({field.select_3666b1eb2b11fe.value}>=5)?(175):(({field.select_3666b1eb2b11fe.value}>=4)?(200):(({field.select_3666b1eb2b11fe.value}>=3)?(150):(0)))))))"},"lookuptables":[],"clones":false,"cartKey":false}},"_links":{"self":[{"href":"https:\/\/canaryvip.com\/es\/wp-json\/wp\/v2\/product\/12949","targetHints":{"allow":["GET"]}}],"collection":[{"href":"https:\/\/canaryvip.com\/es\/wp-json\/wp\/v2\/product"}],"about":[{"href":"https:\/\/canaryvip.com\/es\/wp-json\/wp\/v2\/types\/product"}],"replies":[{"embeddable":true,"href":"https:\/\/canaryvip.com\/es\/wp-json\/wp\/v2\/comments?post=12949"}],"wp:featuredmedia":[{"embeddable":true,"href":"https:\/\/canaryvip.com\/es\/wp-json\/wp\/v2\/media\/12950"}],"wp:attachment":[{"href":"https:\/\/canaryvip.com\/es\/wp-json\/wp\/v2\/media?parent=12949"}],"wp:term":[{"taxonomy":"product_brand","embeddable":true,"href":"https:\/\/canaryvip.com\/es\/wp-json\/wp\/v2\/product_brand?post=12949"},{"taxonomy":"product_cat","embeddable":true,"href":"https:\/\/canaryvip.com\/es\/wp-json\/wp\/v2\/product_cat?post=12949"},{"taxonomy":"product_tag","embeddable":true,"href":"https:\/\/canaryvip.com\/es\/wp-json\/wp\/v2\/product_tag?post=12949"}],"curies":[{"name":"wp","href":"https:\/\/api.w.org\/{rel}","templated":true}]}}