{"id":12210,"date":"2024-07-03T15:52:34","date_gmt":"2024-07-03T14:52:34","guid":{"rendered":"https:\/\/canaryvip.com\/?post_type=product&#038;p=12210"},"modified":"2025-08-09T14:02:34","modified_gmt":"2025-08-09T13:02:34","slug":"magic-island-yacht-charter-gran-canaria","status":"publish","type":"product","link":"https:\/\/canaryvip.com\/es\/shop\/magic-island-yacht-charter-gran-canaria\/","title":{"rendered":"Magic Island: Alquiler de yates<br\/> Gran Canaria"},"content":{"rendered":"<h2>\ud83d\udee5\ufe0f Magic Island Alquiler de yates Gran Canaria con CanaryVIP<\/h2>\n<p>Experimente la belleza de las Islas Canarias desde la comodidad de un <strong>yate de lujo<\/strong> con nuestro Alquiler de Yates Magic Island en Gran Canaria. Este <strong>paseo en barco privado<\/strong> a lo largo de la impresionante costa suroeste de Gran Canaria es perfecto para familias, amigos o cualquiera que busque una aventura VIP. En CanaryVIP, le garantizamos una experiencia de reserva perfecta para su d\u00eda de ensue\u00f1o en el mar.<\/p>\n<h3>\u2b50\ufe0f Por qu\u00e9 elegir el alquiler de yates Magic Island en Gran Canaria<\/h3>\n<p>Esto es lo que hace que el yate Magic Island sea una opci\u00f3n sobresaliente para su pr\u00f3ximo viaje. <strong>alquiler de barcos en Gran Canaria<\/strong>:<\/p>\n<h4><strong>Experiencia privada exclusiva<\/strong><\/h4>\n<p>Disfrute de las cristalinas aguas del Atl\u00e1ntico con total privacidad. Con espacio para hasta 12 invitados, el yate Magic Island es ideal para celebraciones, salidas familiares o incluso eventos de negocios.<\/p>\n<h4><strong>Comodidad y estilo<\/strong><\/h4>\n<p>Rel\u00e1jese en el acogedor y elegante interior, con un peque\u00f1o dormitorio, aseo, c\u00f3modos asientos y zona de comedor. Disfrute del sol canario en la terraza superior o rel\u00e1jese en las zonas de sombra mientras navega por la costa volc\u00e1nica.<\/p>\n<h4><strong>Emocionantes actividades acu\u00e1ticas<\/strong><\/h4>\n<p>Mejore su experiencia con las divertidas actividades incluidas en su reserva:<\/p>\n<ul>\n<li><strong>\ud83e\udd3f Equipo de snorkel:<\/strong> Explore el mundo submarino con el equipo proporcionado a bordo.<\/li>\n<li><strong>\ud83c\udf4c Paseo en Banana Boat:<\/strong> A\u00f1ada un poco de adrenalina a su viaje con esta emocionante actividad, incluida sin coste adicional.<\/li>\n<\/ul>\n<h3>\ud83d\udea4 Magic Island Opciones de viaje en yate<\/h3>\n<p>Elija entre dos duraciones de viaje que se adaptan a sus horarios y preferencias:<\/p>\n<ul>\n<li><strong>Recorrido de 3 horas:<\/strong> Ideal para una corta pero dulce introducci\u00f3n a la belleza costera de Gran Canaria. Nade, bucee y tome el sol.<\/li>\n<li><strong>Recorrido de 5 horas:<\/strong> Para una experiencia m\u00e1s envolvente, t\u00f3mese su tiempo para explorar la costa, disfrutar de actividades acu\u00e1ticas y relajarse a bordo con aperitivos y bebidas.<\/li>\n<\/ul>\n<h3>\ud83e\udd42 Qu\u00e9 incluye su alquiler de yate<\/h3>\n<p>Su <strong>alquiler de yates en Gran Canaria<\/strong> incluye:<\/p>\n<ul>\n<li>Aperitivos como patatas fritas y frutos secos.<\/li>\n<li>Bebidas de un bar abierto, que incluye cerveza, refrescos, agua y zumos.<\/li>\n<li>Equipo de snorkel y un divertido paseo en banana.<\/li>\n<li>Almuerzo disponible bajo petici\u00f3n (10 \u20ac por persona, mencionar durante la reserva).<\/li>\n<li>Tripulaci\u00f3n profesional que habla ingl\u00e9s y espa\u00f1ol con fluidez, garantizando su comodidad y seguridad durante todo el viaje.<\/li>\n<\/ul>\n<h3>\ud83d\udccd Detalles de la salida<\/h3>\n<ul>\n<li><strong>Ubicaci\u00f3n:<\/strong> <a href=\"https:\/\/maps.app.goo.gl\/iZBybc3i384tdR816\" target=\"_blank\" rel=\"noopener\">Puerto Base en Puerto Rico<\/a>Gran Canaria.<\/li>\n<li><strong>Tiempos:<\/strong> Elija entre salidas a las 9:00 AM o a las 2:00 PM.<\/li>\n<li><strong>Transporte:<\/strong> Servicio opcional de recogida disponible por s\u00f3lo 2 euros por persona.<\/li>\n<\/ul>\n<p>Recomendamos llegar al menos 15 minutos antes de la salida para garantizar un buen comienzo de la aventura.<\/p>\n<h3>\u2705 Pol\u00edtica de cancelaci\u00f3n transparente<\/h3>\n<p>Entendemos que los planes pueden cambiar, por lo que nuestras pol\u00edticas de cancelaci\u00f3n est\u00e1n dise\u00f1adas para su tranquilidad:<\/p>\n<ul>\n<li><strong>Garant\u00eda meteorol\u00f3gica:<\/strong> Si las condiciones meteorol\u00f3gicas no son seguras, tendr\u00e1 la opci\u00f3n de cambiar la fecha o recibir un reembolso completo.<\/li>\n<li><strong>Cancelaciones flexibles:<\/strong> Cancele o cambie la fecha de forma gratuita hasta 8 d\u00edas antes del viaje. Los dep\u00f3sitos no son reembolsables para cancelaciones realizadas dentro de los 8 d\u00edas anteriores a la salida programada.<\/li>\n<\/ul>\n<h3>\ud83d\udc68\u200d\u2708\ufe0f Consejos para su aventura Magic Island<\/h3>\n<p>Aproveche al m\u00e1ximo el d\u00eda con estos sencillos consejos:<\/p>\n<ul>\n<li>Traiga ba\u00f1ador, toalla y crema solar.<\/li>\n<li>Lleve ropa c\u00f3moda y adecuada a las condiciones meteorol\u00f3gicas.<\/li>\n<li>Tenga su billete CanaryVIP listo en su tel\u00e9fono o impreso.<\/li>\n<li>Coma algo ligero de antemano para evitar los mareos.<\/li>\n<\/ul>\n<h3>\ud83c\udf1f Por qu\u00e9 reservar con CanaryVIP<\/h3>\n<p>En CanaryVIP somos especialistas en ofrecer las mejores opciones para <a href=\"https:\/\/canaryvip.com\/es\/gran-canaria\/\"><strong>alquiler de barcos en Gran Canaria<\/strong><\/a>. Desde lujosos yates como el Magic Island hasta otras excursiones a medida, le facilitamos la creaci\u00f3n de recuerdos inolvidables en el agua.<\/p>\n<p>Reserve su <strong>Magic Island Alquiler de yates<\/strong> hoy y emb\u00e1rquese en un d\u00eda lleno de diversi\u00f3n, relajaci\u00f3n e impresionantes vistas de la impresionante costa de Gran Canaria.<\/p>\n<p>\ud83d\udc49 <span>Reserva<\/span><span> Ahora<\/span> \u00a1y eleve su experiencia vacacional!<\/p>","protected":false},"excerpt":{"rendered":"<p><strong>\ud83d\udd0d Magic Island Gran Canaria:<\/strong><br \/>\n\u2705 Pago seguro.<br \/>\n\ud83d\udd10 Visitas privadas.<br \/>\n\ud83d\udee5\ufe0f 18m Yate Confort.<br \/>\n\u23f3 Recorridos diarios de 3H y 5H.<br \/>\n\ud83d\udd59 Horarios de salida personalizables.<br \/>\n\ud83d\udc65 Hasta 12 invitados.<br \/>\n\ud83c\udfc4\u200d\u2640\ufe0f Tablas de p\u00e1del incluidas.<br \/>\n\ud83e\udd3f Se proporciona equipo de snorkel.<br \/>\n\ud83d\udd0a Reproduce tu m\u00fasica.<br \/>\n\ud83d\ude8c Recogida y devoluci\u00f3n.<br \/>\n\ud83e\udd11 Mejor precio garantizado.<br \/>\n\ud83d\udc6a Descuentos activados.<br \/>\n\ud83d\udd01 Cancelaci\u00f3n hasta 8 d\u00edas.<br \/>\n\ud83c\udf0d Tripulaci\u00f3n multiling\u00fce.<br \/>\n\ud83c\udf1f \u00a1Reserva pronto y ahorra!<br \/>\n\ud83d\udccd Salida de <a href=\"https:\/\/maps.app.goo.gl\/836RSsqAzbptb2Qy5\">Puerto Base<\/a>.<\/p>","protected":false},"featured_media":12212,"comment_status":"open","ping_status":"closed","template":"","meta":{"_acf_changed":false},"product_brand":[],"product_cat":[132],"product_tag":[],"class_list":{"0":"post-12210","1":"product","2":"type-product","3":"status-publish","4":"has-post-thumbnail","6":"product_cat-boat-hire-gran-canaria","7":"wcpa_has_options","9":"first","10":"instock","11":"virtual","12":"purchasable","13":"product-type-simple"},"acf":[],"wcpa_form_fields":{"wcpaData":{"product":{"product_price":550,"price_html":"From&nbsp;<span class=\"woocommerce-Price-amount amount\"><bdi>550,00&nbsp;<span class=\"woocommerce-Price-currencySymbol\">&euro;<\/span><\/bdi><\/span>","original_product_price":550,"price_including_tax":550,"price_excluding_tax":550,"product_id":{"parent":12210,"variation":false},"is_variable":false,"stock_status":"instock","stock_quantity":null,"parent_sku":"CV12210","product_attributes":[],"custom_fields":[],"is_taxable":false,"product_name":"Magic Island: Yacht Hire<br\/> Gran Canaria","hasImage":false},"fields":{"sec_26686cb82841ff":{"extra":{"key":"sec_26686cb82841ff","section_id":"sec_26686cb82841ff","name":"Default","status":1,"cl_rule":"show","enableCl":false,"relations":[],"toggle":true,"title_tag":"h3","show_title":false,"showPrice":"default","form_id":12242,"form_rules":{"exclude_from_discount":true,"fee_label":"Fee","disp_hide_options_price":true,"disp_show_section_price":false,"disp_show_field_price":true,"layout_option":"standard","pric_use_as_fee":false,"process_fee_as":"woo_fee"},"layout_option":"standard"},"fields":[[{"label":"\ud83d\udcc5 Date","active":true,"required":true,"elementId":"date_56686cb8284220","picker_type":"custom","picker_mode":"single","placeholder":"","description":"","tooltip":"","name":"date_56686cb8284220","label_position":"default","desc_position":"default","enablePrice":false,"className":"","enableCl":false,"relations":[{"operator":"and","rules":[{"operator":"AND","rules":{"cl_field":"radio-group_565c78ffa81208","cl_relation":"is","cl_val":"3 Hour Trip"}}]}],"date_pic_inline":true,"date_pic_inline_hide":true,"min_date":{"type":"days","val":"2"},"max_date":{"type":"days","val":"365"},"date_pic_conf":{"disabledWeeks":[]},"price":"","cl_rule":"show","col":6,"type":"date","error":false,"enableDesign":false,"LabelColor":"","gt_translate_keys":["label","placeholder","description","tooltip"],"price_dependency":false,"cl_dependency":false,"value":""}],[{"elementId":"separator_26686cb828423c","separatorType":"blank","className":"","height":"3","enableCl":false,"relations":false,"cl_rule":"show","col":6,"type":"separator","error":false,"gt_translate_keys":[],"price_dependency":false,"cl_dependency":false,"value":""}],[{"active":true,"col":6,"relations":false,"cl_rule":"show","enableCl":false,"price":"","enablePrice":true,"className":"","label_position":"default","desc_position":"default","type":"select","required":true,"elementId":"select_36686cb8284247","label":"\u23f3 Trip Duration","name":"select_36686cb8284247","values":[{"label":"3 Hours (550\u20ac)","value":"3","selected":false,"tempId":"aco_556","price":"550","gt_translate_keys":["label"]},{"label":"5 Hours (995\u20ac)","value":"5","selected":false,"tempId":"aco_122","price":"995","gt_translate_keys":["label"]}],"dropdown_type":"basic","error":false,"placeholder":"Select Trip Duration","priceOptions":"different_for_all","pricingType":"fixed","is_show_price":false,"gt_translate_keys":["label","placeholder"],"price_dependency":false,"cl_dependency":false,"value":""}],[{"label":"\u2705 Number of People","active":true,"required":true,"elementId":"select_76686cb828429b","dropdown_type":"basic","placeholder":"Select Number of People","name":"select_76686cb828429b","label_position":"default","desc_position":"default","enablePrice":true,"className":"","enableCl":false,"relations":[{"operator":false,"rules":[{"operator":"AND","rules":{"cl_field":"radio-group_565c78ffa81208","cl_relation":"is","cl_val":"3 Hour Trip"}}]}],"values":[{"label":"1 person","value":"1","selected":false,"tempId":"aco_1471","price":"0","gt_translate_keys":["label"]},{"label":"2 people","value":"2","selected":false,"tempId":"aco_1472","price":"0","gt_translate_keys":["label"]},{"label":"3 people","value":"3","selected":false,"tempId":"aco_1500","price":"0","gt_translate_keys":["label"]},{"label":"4 people","value":"4","selected":false,"tempId":"aco_1510","price":"0","gt_translate_keys":["label"]},{"label":"5 people","value":"5","selected":false,"tempId":"aco_1520","price":"0","gt_translate_keys":["label"]},{"label":"6 people","value":"6","selected":false,"tempId":"aco_1728","price":"0","gt_translate_keys":["label"]},{"label":"7 people","value":"7","selected":false,"tempId":"aco_1738","price":"0","gt_translate_keys":["label"]},{"label":"8 people","value":"8","selected":false,"tempId":"aco_1748","price":"0","gt_translate_keys":["label"]},{"label":"9 people (+50\u20ac)","value":"9","selected":false,"tempId":"aco_1912","price":"50","gt_translate_keys":["label"]},{"label":"10 people (+100\u20ac)","value":"10","selected":false,"tempId":"aco_1922","price":"100","gt_translate_keys":["label"]},{"label":"11 people (+150\u20ac)","value":"11","selected":false,"tempId":"aco_84","price":"150","gt_translate_keys":["label"]},{"label":"12 people (+200\u20ac)","value":"12","selected":false,"tempId":"aco_94","price":"200","gt_translate_keys":["label"]}],"price":"","cl_rule":"show","col":6,"type":"select","error":false,"priceOptions":"different_for_all","pricingType":"fixed","is_show_price":false,"gt_translate_keys":["label","placeholder"],"price_dependency":["select_5959492541"],"cl_dependency":false,"value":""}],[{"active":true,"col":6,"relations":false,"cl_rule":"show","enableCl":false,"price":"","enablePrice":true,"className":"","label_position":"default","desc_position":"default","type":"select","required":false,"elementId":"select_5959492541","label":"\ud83c\udf57 Meal (+10\u20ac\/person)","name":"select_5959492541","values":[{"label":"No","value":"No","selected":false,"tempId":"aco_2562","price":"","gt_translate_keys":["label"]},{"label":"Yes (+10\u20ac\/person)","value":"Yes","selected":false,"tempId":"aco_2563","price":"{field.select_76686cb828429b.value}*10","gt_translate_keys":["label"]}],"dropdown_type":"basic","error":false,"description":"Snacks and drinks are included. For an extra meal, please select marinated chicken with mojo potatoes and coleslaw. Paella is available at a different price upon request. Meals are paid for on the day of the tour on the boat.","priceOptions":"different_for_all","pricingType":"custom","isTemplate":false,"is_show_price":true,"gt_translate_keys":["label","description"],"price_dependency":false,"cl_dependency":false,"value":""}]]},"sec_36686cb8284272":{"extra":{"key":"sec_36686cb8284272","section_id":"sec_36686cb8284272","name":"Pickup Location","status":1,"cl_rule":"show","enableCl":false,"relations":[],"toggle":true,"title_tag":"h4","show_title":false,"showPrice":"default","form_id":12242,"form_rules":{"exclude_from_discount":true,"fee_label":"Fee","disp_hide_options_price":true,"disp_show_section_price":false,"disp_show_field_price":true,"layout_option":"standard","pric_use_as_fee":false,"process_fee_as":"woo_fee"},"layout_option":"standard"},"fields":[[{"elementId":"separator_16686cb828427d","separatorType":"blank","className":"","height":"3","enableCl":false,"relations":false,"cl_rule":"show","col":6,"type":"separator","error":false,"gt_translate_keys":[],"price_dependency":false,"cl_dependency":false,"value":""}],[{"active":true,"col":6,"relations":[{"operator":false,"rules":[{"operator":"AND","rules":{"cl_field":"radio-group_565c78ffa81208","cl_relation":"is","cl_val":"3 Hour Trip"}}]}],"cl_rule":"show","enableCl":false,"price":"","enablePrice":false,"className":"","label_position":"default","desc_position":"default","type":"select","required":false,"elementId":"select_86686cb8284287","label":"\u23f0 Departure","name":"select_86686cb8284287","values":[{"label":"09:00","value":"09:00","selected":false,"tempId":"aco_1471","gt_translate_keys":["label"]},{"label":"12:00","value":"12:00","selected":false,"tempId":"aco_1510","gt_translate_keys":["label"]},{"label":"15:00","value":"15:00","selected":false,"tempId":"aco_1738","gt_translate_keys":["label"]}],"dropdown_type":"basic","error":false,"placeholder":"Whichever Time is Best","gt_translate_keys":["label","placeholder"],"price_dependency":false,"cl_dependency":false,"value":""}],[{"elementId":"separator_56686cb8284291","separatorType":"blank","className":"","height":"1","enableCl":false,"relations":false,"cl_rule":"show","col":6,"type":"separator","gt_translate_keys":[],"price_dependency":false,"cl_dependency":false,"value":""}],[{"elementId":"separator_76686cb82842a6","separatorType":"blank","className":"","height":"1","enableCl":false,"relations":false,"cl_rule":"show","col":6,"type":"separator","error":false,"gt_translate_keys":[],"price_dependency":false,"cl_dependency":false,"value":""}],[{"active":true,"col":6,"relations":false,"cl_rule":"show","enableCl":false,"price":"","enablePrice":false,"className":"","label_position":"default","desc_position":"default","type":"text","subtype":"text","required":false,"elementId":"text_06686cb82842af","label":"\ud83d\ude8c Pickup Location","name":"text_06686cb82842af","value":"","error":false,"description":"Pick-up service in some locations. Simply provide your address or hotel name. (+2\u20ac\/person paid at pickup to the driver)","gt_translate_keys":["label","description","value"],"price_dependency":false,"cl_dependency":false}]]}},"config":{"price_override":"always","enable_recaptcha":false,"bind_quantity":false,"quantity_bind_formula":false,"disp_summ_show_option_price":true,"disp_summ_show_product_price":false,"disp_summ_show_total_price":true,"disp_summ_show_fee":true,"disp_summ_show_discount":true,"summary_title":"","options_total_label":"Options Price","total_label":"Total Amount","options_product_label":"Product Price","fee_label":"Fee","discount_label":"Discount","has_price":true,"has_quantity_formula":false},"mc_unit":1,"tax_rate":1,"tax_rate_real":1,"discount":{"percentage":0,"fixed":0},"design":{"conf":{"LabelPosition":"above","DescPosition":"above","UploadField":"custom_1","QuantityFieldStyle":"custom_1"},"css":{"LeftLabelWidth":"120px"}},"formulas":{"fmla_1708364241278155361":"(({field.select_3666b1eb2b11fe.value}>=8)?(1400):(({field.select_3666b1eb2b11fe.value}>=7)?(1225):(({field.select_3666b1eb2b11fe.value}>=6)?(1050):(({field.select_3666b1eb2b11fe.value}>=5)?(875):(({field.select_3666b1eb2b11fe.value}>=4)?(700):(({field.select_3666b1eb2b11fe.value}>=3)?(500):(0)))))))","fmla_1718295979528641619":"(({field.select_3666b1eb2b11fe.value}>=8)?(280):(({field.select_3666b1eb2b11fe.value}>=7)?(205):(({field.select_3666b1eb2b11fe.value}>=6)?(150):(({field.select_3666b1eb2b11fe.value}>=5)?(175):(({field.select_3666b1eb2b11fe.value}>=4)?(200):(({field.select_3666b1eb2b11fe.value}>=3)?(150):(0)))))))"},"lookuptables":[],"clones":false,"cartKey":false}},"_links":{"self":[{"href":"https:\/\/canaryvip.com\/es\/wp-json\/wp\/v2\/product\/12210","targetHints":{"allow":["GET"]}}],"collection":[{"href":"https:\/\/canaryvip.com\/es\/wp-json\/wp\/v2\/product"}],"about":[{"href":"https:\/\/canaryvip.com\/es\/wp-json\/wp\/v2\/types\/product"}],"replies":[{"embeddable":true,"href":"https:\/\/canaryvip.com\/es\/wp-json\/wp\/v2\/comments?post=12210"}],"wp:featuredmedia":[{"embeddable":true,"href":"https:\/\/canaryvip.com\/es\/wp-json\/wp\/v2\/media\/12212"}],"wp:attachment":[{"href":"https:\/\/canaryvip.com\/es\/wp-json\/wp\/v2\/media?parent=12210"}],"wp:term":[{"taxonomy":"product_brand","embeddable":true,"href":"https:\/\/canaryvip.com\/es\/wp-json\/wp\/v2\/product_brand?post=12210"},{"taxonomy":"product_cat","embeddable":true,"href":"https:\/\/canaryvip.com\/es\/wp-json\/wp\/v2\/product_cat?post=12210"},{"taxonomy":"product_tag","embeddable":true,"href":"https:\/\/canaryvip.com\/es\/wp-json\/wp\/v2\/product_tag?post=12210"}],"curies":[{"name":"wp","href":"https:\/\/api.w.org\/{rel}","templated":true}]}}