{"id":12147,"date":"2024-07-01T09:53:41","date_gmt":"2024-07-01T08:53:41","guid":{"rendered":"https:\/\/canaryvip.com\/?post_type=product&#038;p=12147"},"modified":"2025-08-09T14:07:45","modified_gmt":"2025-08-09T13:07:45","slug":"siam-night","status":"publish","type":"product","link":"https:\/\/canaryvip.com\/es\/shop\/siam-night\/","title":{"rendered":"Comprar entradas Siam Night"},"content":{"rendered":"<h2>\ud83c\udf0c <strong>Noche en Siam: Sum\u00e9rjase en la aventura acu\u00e1tica nocturna definitiva.<\/strong><\/h2>\n<ul>\n<li><strong>Noches de verano (2 de julio - 31 de agosto):<\/strong> De 20:00 a 00:00. De martes a s\u00e1bado.<\/li>\n<li><strong>Veladas inolvidables:<\/strong> Vive el Siam Park como nunca antes con emocionantes atracciones y un ambiente m\u00e1gico.<\/li>\n<\/ul>\n<p>\ud83d\udccd <strong>Ubicaci\u00f3n:<\/strong> Situado en el coraz\u00f3n de Costa Adeje, Tenerife Sur. Encu\u00e9ntrenos f\u00e1cilmente en <a href=\"https:\/\/maps.app.goo.gl\/UfftQG3CrqW5R81r9\" target=\"_blank\" rel=\"noopener\">Google Maps<\/a>.<\/p>\n<p>\ud83c\udf92 <strong>Haz las maletas para una tarde de diversi\u00f3n:<\/strong> Trae tu ba\u00f1ador, una toalla y una chaqueta ligera para los escalofr\u00edos posteriores al paseo. Puedes alquilar taquillas por solo 10 \u20ac.<\/p>\n<p>\ud83d\udca7 <strong>Mantente c\u00f3modo:<\/strong> El agua se calienta a 24\u00baC, perfecta para chapuzones nocturnos.<\/p>\n<p>\ud83c\udfab <strong>Billetes flexibles:<\/strong> Su entrada para la Siam Night es v\u00e1lida cualquier d\u00eda durante el periodo del evento. Reserve a trav\u00e9s de CanaryVIP para obtener los mejores precios y un f\u00e1cil acceso.<\/p>\n<p>\ud83c\udf1f <strong>Reserve con CanaryVIP:<\/strong> Consiga sus entradas a precios inmejorables. Adultos por 45\u20ac, ni\u00f1os (3-11 a\u00f1os) por 32\u20ac. Los beb\u00e9s entran gratis.<\/p>\n<ul>\n<li><strong>Mejor precio garantizado:<\/strong> Consiga la mejor oferta reservando a trav\u00e9s de CanaryVIP.<\/li>\n<li><strong>Ventaja por reserva anticipada:<\/strong> Evite subidas de precios reservando ahora.<\/li>\n<li><strong>Cancelaci\u00f3n flexible:<\/strong> Cancele hasta 48 horas antes de su visita para obtener un reembolso completo.<\/li>\n<\/ul>\n<p>\ud83d\udd25 <strong>No se lo pierda: \u00a1Reserve ahora para disfrutar de ofertas especiales en CanaryVIP.com!<\/strong> Prep\u00e1rese para una noche inolvidable en Siam Park con CanaryVIP. \u00a1Sum\u00e9rgete en un mundo de luces, m\u00fasica y atracciones acu\u00e1ticas!<\/p>\n<h3>\ud83d\udc6f <strong>Entrada doble especial: Loro Parque + Siam Park<\/strong><\/h3>\n<p>Combine sus aventuras con nuestro exclusivo <a href=\"https:\/\/canaryvip.com\/es\/shop\/twin-ticket-siam-park-and-loro-parque\/\">Oferta Twin Ticket<\/a>!<\/p>\n<p>Disfrute del emocionante Siam Park y del encantador Loro Parque a un precio reducido.<\/p>\n<ul>\n<li><strong>Doble diversi\u00f3n:<\/strong> Una entrada, dos parques incre\u00edbles.<\/li>\n<li><strong>Ahorra m\u00e1s:<\/strong> Disfrute de ambas atracciones a un precio combinado m\u00e1s bajo.<\/li>\n<li><strong>Experiencia sin fisuras:<\/strong> Una compra para dos experiencias inolvidables.<\/li>\n<\/ul>\n<p><a href=\"https:\/\/canaryvip.com\/es\/shop\/twin-ticket-siam-park-and-loro-parque\/\" target=\"_new\" rel=\"noopener\">Haga clic aqu\u00ed para obtener m\u00e1s informaci\u00f3n y ahorrar con nuestra oferta de entradas dobles.<\/a><\/p>\n<h3>\ud83c\udf9f\ufe0f <strong>\u00bfPor qu\u00e9 elegir CanaryVIP para comprar entradas Siam Park?<\/strong><\/h3>\n<ul>\n<li><strong>Reservas sin esfuerzo:<\/strong> Consiga billetes y transporte de una sola vez.<\/li>\n<li><strong>Ofertas exclusivas:<\/strong> Acceda a ofertas no disponibles en otros lugares.<\/li>\n<li><strong>Soporte dedicado:<\/strong> Nuestro equipo est\u00e1 a su disposici\u00f3n para cualquier consulta o cambio.<\/li>\n<\/ul>\n<p><strong>\ud83d\udd17 \u00a1Explora Siam Park con comodidad y facilidad!<\/strong><br \/>\nCanaryVIP se dedica a hacer que su visita a Siam Park sea lo m\u00e1s agradable y sin complicaciones posible. Desde c\u00f3modos traslados hasta exclusivas ofertas de entradas, tenemos todo lo que necesitas. \u00a1Prep\u00e1rese para una noche extraordinaria en Siam Park con CanaryVIP!<\/p>\n<h3>\ud83c\udf1f <strong>Experimente la noche de Siam - Preguntas frecuentes<\/strong><\/h3>\n<ul>\n<li><strong>Horario de funcionamiento:<\/strong> De 20:00 a 00:00. De martes a s\u00e1bado (del 2 de julio al 31 de agosto).<\/li>\n<li><strong>Precio de las entradas:<\/strong> 45 \u20ac para adultos, 32 \u20ac para ni\u00f1os (de 3 a 11 a\u00f1os).<\/li>\n<li><strong>Admisi\u00f3n de ni\u00f1os:<\/strong> S\u00ed, pero los menores de 16 a\u00f1os deben ir acompa\u00f1ados de un adulto.<\/li>\n<li><strong>Todas las atracciones abiertas:<\/strong> Todas las atracciones principales excepto las destinadas a los ni\u00f1os m\u00e1s peque\u00f1os.<\/li>\n<li><strong>Temperatura:<\/strong> Agua calentada a 24\u00baC, pero trae una chaqueta para despu\u00e9s de los paseos.<\/li>\n<li><strong>Ambiente:<\/strong> Vibrante con m\u00fasica de DJ en directo, perfecto para grupos de amigos.<\/li>\n<li><strong>Pol\u00edtica de cancelaci\u00f3n:<\/strong> Cancelaci\u00f3n gratuita hasta 72 horas antes de su visita.<\/li>\n<\/ul>\n<p>\u00a1Prep\u00e1rese para una emocionante noche bajo las estrellas en Siam Park con CanaryVIP!<\/p>","protected":false},"excerpt":{"rendered":"<p><strong>\ud83d\udd0d Pases de entrada al Siam Park:<\/strong><br \/>\n\u2705 Pago seguro.<br \/>\n\ud83d\udd59 Abierto de 20:00 a 00:00.<br \/>\nS\u00f3lo en verano.<br \/>\n\ud83d\udca6 Agua calentada a 24\u00baC.<br \/>\n\ud83c\udf0a Acceso a todas las atracciones.<br \/>\n\ud83d\udcaf Mejor parque acu\u00e1tico de Europa.<br \/>\n\ud83e\udd11 Mejor precio garantizado.<br \/>\n\ud83d\udc6a Descuentos para reservas de grupos.<br \/>\n\ud83d\udd01 Hasta 72h Cancelaci\u00f3n.<br \/>\n\ud83c\udf0d Soporte en varios idiomas.<br \/>\n\ud83c\udf1f \u00a1Reserva ahora y ahorra!<br \/>\n2\ufe0f\u20e3 Comprobar oferta <a href=\"https:\/\/canaryvip.com\/es\/shop\/twin-ticket-siam-park-and-loro-parque\/\">Siam + Loro Parque<\/a>.<br \/>\n\ud83d\udc32 Descubre <a href=\"https:\/\/canaryvip.com\/es\/tenerife\/theme-parks\/siam-park-tickets\/\">aqu\u00ed todas las entradas de Siam Park<\/a>!<br \/>\n\ud83d\udccd Buscar <a href=\"https:\/\/maps.app.goo.gl\/UfftQG3CrqW5R81r9\">Siam Park en Google Maps<\/a>!<\/p>","protected":false},"featured_media":12151,"comment_status":"open","ping_status":"closed","template":"","meta":{"_acf_changed":false},"product_brand":[],"product_cat":[54,55],"product_tag":[],"class_list":{"0":"post-12147","1":"product","2":"type-product","3":"status-publish","4":"has-post-thumbnail","6":"product_cat-theme-parks","7":"product_cat-siam-park-tickets","8":"wcpa_has_options","10":"first","11":"instock","12":"virtual","13":"purchasable","14":"product-type-simple"},"acf":[],"wcpa_form_fields":{"wcpaData":{"product":{"product_price":48,"price_html":"From&nbsp;<span class=\"woocommerce-Price-amount amount\"><bdi>48,00&nbsp;<span class=\"woocommerce-Price-currencySymbol\">&euro;<\/span><\/bdi><\/span>","original_product_price":48,"price_including_tax":48,"price_excluding_tax":48,"product_id":{"parent":12147,"variation":false},"is_variable":false,"stock_status":"instock","stock_quantity":null,"parent_sku":"CV12147","product_attributes":[],"custom_fields":[],"is_taxable":false,"product_name":"Buy Siam Night Tickets","hasImage":false},"fields":{"sec_1066827b72b689a":{"extra":{"key":"sec_1066827b72b689a","section_id":"sec_1066827b72b689a","name":"Default","status":1,"cl_rule":"show","enableCl":false,"relations":[],"toggle":true,"title_tag":"h3","show_title":false,"showPrice":"default","form_id":12152,"form_rules":{"exclude_from_discount":true,"fee_label":"Fee","disp_hide_options_price":true,"disp_show_section_price":false,"disp_show_field_price":true,"layout_option":"standard","pric_use_as_fee":false,"process_fee_as":"woo_fee"},"layout_option":"standard"},"fields":[[{"label":"\ud83d\udcc5 Date","active":true,"required":true,"elementId":"date_066827b72b68b9","picker_type":"custom","picker_mode":"single","placeholder":"","description":"","tooltip":"","name":"date_066827b72b68b9","label_position":"default","desc_position":"default","enablePrice":false,"className":"","enableCl":false,"relations":[{"operator":"and","rules":[{"operator":"AND","rules":{"cl_field":"radio-group_666827b72b68c8","cl_relation":"is","cl_val":"3 Hour Trip"}}]}],"date_pic_inline":true,"date_pic_inline_hide":true,"min_date":{"type":"date","val":"2025-07-01"},"max_date":{"type":"date","val":"2025-08-31"},"date_pic_conf":{"disabledWeeks":[1,0],"enabledDates":[]},"price":"","cl_rule":"show","col":6,"type":"date","error":false,"enableDesign":false,"LabelColor":"","gt_translate_keys":["label","placeholder","description","tooltip"],"price_dependency":false,"cl_dependency":false,"value":""}]]},"sec_166827b72b68c9":{"extra":{"key":"sec_166827b72b68c9","section_id":"sec_166827b72b68c9","name":"Siam Park Regular Tickets","status":1,"cl_rule":"show","enableCl":false,"relations":[{"operator":false,"rules":[{"operator":"AND","rules":{"cl_field":"radio-group_666827b72b68c8","cl_relation":"is","cl_val":"Siam Park Regular Tickets"}}]}],"toggle":true,"title_tag":"h4","show_title":false,"showPrice":"default","layout_option":"standard","form_id":12152,"form_rules":{"exclude_from_discount":true,"fee_label":"Fee","disp_hide_options_price":true,"disp_show_section_price":false,"disp_show_field_price":true,"layout_option":"standard","pric_use_as_fee":false,"process_fee_as":"woo_fee"}},"fields":[[{"elementId":"separator_266827b72b68d5","separatorType":"blank","className":"","height":"10","enableCl":false,"relations":false,"cl_rule":"show","col":6,"type":"separator","gt_translate_keys":[],"price_dependency":false,"cl_dependency":false,"value":""}],[{"active":true,"col":6,"relations":false,"cl_rule":"show","enableCl":false,"price":"","enablePrice":false,"className":"","label_position":"default","desc_position":"default","type":"content","required":false,"elementId":"content_166827b72b68e0","label":"People","name":"content_166827b72b68e0","contentType":"plain","value":"","error":false,"show_in_checkout":true,"inline":false,"gt_translate_keys":["label","value"],"price_dependency":false,"cl_dependency":false}],[{"label":"","active":true,"required":false,"elementId":"radio-group_366827b72b68f5","name":"radio-group_366827b72b68f5","label_position":"default","desc_position":"default","enablePrice":true,"className":"","enableCl":false,"relations":[{"operator":false,"rules":[{"operator":"or","rules":{"cl_field":"date_066827b72b68b9","cl_relation":"month_is","cl_val":[1,2,3,4,5,6,10,11,12,9]}},{"operator":"AND","rules":{"cl_field":"date_066827b72b68b9","cl_relation":"is_empty","cl_val":""}}]}],"enable_quantity":true,"quantity_label":"","min_quantity":"0","checkUi":"button","layOut":"","options_tooltip":true,"options_description":true,"values":[{"label":"\ud83d\udc64 Adult (48\u20ac)","value":"Adult","selected":true,"tempId":"aco_32","tooltip":"+12 Years","description":"","gt_translate_keys":["label","tooltip","description"]}],"priceOptions":"fixed_for_all","pricingType":"fixed","price":"48","cl_rule":"hide","col":6,"type":"radio-group","error":false,"gt_translate_keys":["label","quantity_label"],"price_dependency":false,"cl_dependency":false,"value":""}],[{"label":"","active":true,"required":false,"elementId":"radio-group_166827b72b690a","name":"radio-group_166827b72b690a","label_position":"default","desc_position":"default","enablePrice":true,"className":"","enableCl":false,"relations":[{"operator":false,"rules":[{"operator":"or","rules":{"cl_field":"date_066827b72b68b9","cl_relation":"month_is","cl_val":[1,2,3,4,5,6,9,10,11,12]}},{"operator":"AND","rules":{"cl_field":"date_066827b72b68b9","cl_relation":"is_empty","cl_val":""}}]}],"enable_quantity":true,"quantity_label":"","min_quantity":"0","checkUi":"button","layOut":"","options_tooltip":true,"options_description":true,"values":[{"label":"\ud83d\udc66 Child (36\u20ac)","value":"Child","selected":true,"tempId":"aco_32","tooltip":"2-11 Years","description":"","gt_translate_keys":["label","tooltip","description"]}],"priceOptions":"fixed_for_all","pricingType":"fixed","price":"36","cl_rule":"hide","col":6,"type":"radio-group","error":false,"gt_translate_keys":["label","quantity_label"],"price_dependency":false,"cl_dependency":false,"value":""}],[{"label":"","active":true,"required":false,"elementId":"radio-group_866827b72b6914","name":"radio-group_866827b72b6914","label_position":"default","desc_position":"default","enablePrice":true,"className":"","enableCl":false,"relations":false,"enable_quantity":true,"quantity_label":"","min_quantity":"0","checkUi":"button","layOut":"","values":[{"label":"\ud83d\udc76 Infant (Free)","value":"Infant (Free)","selected":true,"tempId":"aco_32","tooltip":"0-1 Years","gt_translate_keys":["label","tooltip"]}],"priceOptions":"fixed_for_all","pricingType":"fixed","price":"0","cl_rule":"show","col":6,"type":"radio-group","error":false,"options_tooltip":true,"gt_translate_keys":["label","quantity_label"],"price_dependency":false,"cl_dependency":false,"value":""}]]}},"config":{"price_override":"always","enable_recaptcha":false,"bind_quantity":false,"quantity_bind_formula":false,"disp_summ_show_option_price":true,"disp_summ_show_product_price":false,"disp_summ_show_total_price":true,"disp_summ_show_fee":true,"disp_summ_show_discount":true,"summary_title":"","options_total_label":"Options Price","total_label":"Total Amount","options_product_label":"Product Price","fee_label":"Fee","discount_label":"Discount","has_price":true,"has_quantity_formula":false},"mc_unit":1,"tax_rate":1,"tax_rate_real":1,"discount":{"percentage":0,"fixed":0},"design":{"conf":{"LabelPosition":"above","DescPosition":"above","UploadField":"custom_1","QuantityFieldStyle":"custom_1"},"css":{"LeftLabelWidth":"120px"}},"formulas":[],"lookuptables":[],"clones":false,"cartKey":false}},"_links":{"self":[{"href":"https:\/\/canaryvip.com\/es\/wp-json\/wp\/v2\/product\/12147","targetHints":{"allow":["GET"]}}],"collection":[{"href":"https:\/\/canaryvip.com\/es\/wp-json\/wp\/v2\/product"}],"about":[{"href":"https:\/\/canaryvip.com\/es\/wp-json\/wp\/v2\/types\/product"}],"replies":[{"embeddable":true,"href":"https:\/\/canaryvip.com\/es\/wp-json\/wp\/v2\/comments?post=12147"}],"wp:featuredmedia":[{"embeddable":true,"href":"https:\/\/canaryvip.com\/es\/wp-json\/wp\/v2\/media\/12151"}],"wp:attachment":[{"href":"https:\/\/canaryvip.com\/es\/wp-json\/wp\/v2\/media?parent=12147"}],"wp:term":[{"taxonomy":"product_brand","embeddable":true,"href":"https:\/\/canaryvip.com\/es\/wp-json\/wp\/v2\/product_brand?post=12147"},{"taxonomy":"product_cat","embeddable":true,"href":"https:\/\/canaryvip.com\/es\/wp-json\/wp\/v2\/product_cat?post=12147"},{"taxonomy":"product_tag","embeddable":true,"href":"https:\/\/canaryvip.com\/es\/wp-json\/wp\/v2\/product_tag?post=12147"}],"curies":[{"name":"wp","href":"https:\/\/api.w.org\/{rel}","templated":true}]}}