{"id":11971,"date":"2024-06-22T22:45:14","date_gmt":"2024-06-22T21:45:14","guid":{"rendered":"https:\/\/canaryvip.com\/?post_type=product&#038;p=11971"},"modified":"2025-08-09T14:04:29","modified_gmt":"2025-08-09T13:04:29","slug":"silvia-yacht-charter-gran-canaria","status":"publish","type":"product","link":"https:\/\/canaryvip.com\/es\/shop\/silvia-yacht-charter-gran-canaria\/","title":{"rendered":"Silvia: Alquiler de Yates<br\/>Gran Canaria"},"content":{"rendered":"<h2>\ud83d\udee5\ufe0f Silvia Alquiler de Yates Gran Canaria con CanaryVIP<\/h2>\n<p>Descubra la magia de las Islas Canarias a bordo del <strong>Silvia Alquiler de Yates<\/strong>Una forma exclusiva y lujosa de explorar la impresionante costa de Gran Canaria. Con espacio para un m\u00e1ximo de 8 hu\u00e9spedes, este elegante <strong>alquiler de barcos privados en Gran Canaria<\/strong> ofrece la escapada perfecta para peque\u00f1os grupos que buscan relax, aventura y recuerdos inolvidables.<\/p>\n<p>En CanaryVIP te lo ponemos f\u00e1cil para que disfrutes de este <strong>alquilar un yate Gran Canaria<\/strong> con un proceso de reserva fluido y un servicio excepcional.<\/p>\n<h3>\u2b50\ufe0f Por qu\u00e9 elegir Silvia Yacht Charter en Gran Canaria<\/h3>\n<p>He aqu\u00ed por qu\u00e9 el <strong>Silvia Alquiler de Yates<\/strong> es una de las mejores opciones para su pr\u00f3xima aventura:<\/p>\n<h4><strong>Experiencia privada y exclusiva<\/strong><\/h4>\n<p>Con una capacidad total para 8 personas, este yate privado es perfecto para reuniones \u00edntimas, ya sea una excursi\u00f3n familiar, una escapada rom\u00e1ntica o una celebraci\u00f3n especial.<\/p>\n<h4><strong>Comodidad y sofisticaci\u00f3n<\/strong><\/h4>\n<p>Rel\u00e1jese en este espacioso yate de 13 metros de eslora, con un interior elegante y bien cuidado. Disfrute de las vistas panor\u00e1micas desde el sal\u00f3n, rel\u00e1jese en la cubierta o tome el sol rodeado de la impresionante belleza de la costa de Gran Canaria.<\/p>\n<h4><strong>Emocionantes actividades acu\u00e1ticas<\/strong><\/h4>\n<p>Su <strong>alquiler de barcos en Gran Canaria<\/strong> viene con un mont\u00f3n de opciones para mantenerte entretenido:<\/p>\n<ul>\n<li><strong>\ud83e\udd3f Equipo de snorkel:<\/strong> Descubre el mundo submarino con la m\u00e1scara y las aletas incluidas.<\/li>\n<li><strong>\ud83c\udf4c Paseo en Banana Boat:<\/strong> A\u00f1ada emoci\u00f3n a su d\u00eda con una excursi\u00f3n gratuita en banana.<\/li>\n<li><strong>\ud83c\udfc4\u200d\u2640\ufe0f Uso de la tabla de p\u00e1del:<\/strong> Pruebe el surf de remo para disfrutar de las tranquilas aguas.<\/li>\n<li>Tambi\u00e9n se ofrecen descuentos en deportes acu\u00e1ticos adicionales para disfrutar de una aventura completa.<\/li>\n<\/ul>\n<h3>\ud83d\udea4 Opciones de viaje en yate Silvia<\/h3>\n<p>Elija entre dos duraciones de viaje que se adaptan a sus horarios y preferencias:<\/p>\n<ul>\n<li><strong>Charter privado de 3 horas:<\/strong> Una escapada corta pero lujosa con tiempo de sobra para nadar, bucear y relajarse.\n<ul>\n<li>Horarios de salida: 09:00-12:00, 12:00-15:00, o 15:00-18:00.<\/li>\n<\/ul>\n<\/li>\n<li><strong>Charter privado de 6 horas:<\/strong> Un largo viaje para sumergirse de lleno en la belleza natural de Gran Canaria.\n<ul>\n<li>Horarios de salida: 09:00-15:00, 12:00-18:00 o 15:00-21:00 (s\u00f3lo en verano).<\/li>\n<\/ul>\n<\/li>\n<\/ul>\n<h3>\ud83e\udd42 Qu\u00e9 incluye su alquiler de yate<\/h3>\n<p>Su <strong>alquilar un yate Gran Canaria<\/strong> incluye todo lo necesario para pasar un d\u00eda memorable en el mar:<\/p>\n<ul>\n<li>Aperitivos como patatas fritas y frutos secos.<\/li>\n<li>Bebidas de un bar abierto, que incluye cerveza, refrescos y agua.<\/li>\n<li>Equipo de snorkel, uso de tablas de paddle surf y un paseo en banana boat de cortes\u00eda.<\/li>\n<li>Transporte de ida y vuelta a los hoteles del sur de Gran Canaria (si se solicita).<\/li>\n<li>Un seguro para su tranquilidad.<\/li>\n<li>Almuerzo opcional (10 \u20ac por persona, solicitar durante la reserva).<\/li>\n<\/ul>\n<h3>\ud83d\udccd Detalles de la salida<\/h3>\n<ul>\n<li><strong>Ubicaci\u00f3n:<\/strong> <a href=\"https:\/\/maps.app.goo.gl\/Xhe545W98um3rx6W8\" target=\"_blank\" rel=\"noopener\">Puerto de Mog\u00e1n<\/a>Gran Canaria.<\/li>\n<li><strong>Transporte:<\/strong> Servicio opcional de recogida disponible para mayor comodidad.<\/li>\n<li><strong>Tiempos:<\/strong> M\u00faltiples salidas diarias para adaptarse a su horario.<\/li>\n<\/ul>\n<h3>\u2705 Pol\u00edtica de cancelaci\u00f3n transparente<\/h3>\n<p>Damos prioridad a su tranquilidad con pol\u00edticas de cancelaci\u00f3n claras y flexibles:<\/p>\n<ul>\n<li><strong>Garant\u00eda meteorol\u00f3gica:<\/strong> En caso de mal tiempo, puede cambiar la fecha o recibir un reembolso completo.<\/li>\n<li><strong>Cancelaciones flexibles:<\/strong> Cancele o cambie la fecha de forma gratuita hasta 8 d\u00edas antes del viaje. Los dep\u00f3sitos no son reembolsables para cancelaciones realizadas dentro de los 8 d\u00edas anteriores a la salida programada.<\/li>\n<\/ul>\n<h3>\ud83d\udc68\u200d\u2708\ufe0f Consejos para su aventura en el yate Silvia<\/h3>\n<p>Aproveche al m\u00e1ximo su d\u00eda en el mar con estos consejos:<\/p>\n<ul>\n<li>Traiga ba\u00f1ador, toalla y crema solar.<\/li>\n<li>Lleve ropa c\u00f3moda y adecuada a las condiciones meteorol\u00f3gicas.<\/li>\n<li>Tenga a mano su billete CanaryVIP, en su tel\u00e9fono o impreso.<\/li>\n<li>Coma algo ligero de antemano para evitar los mareos.<\/li>\n<\/ul>\n<h3>\ud83c\udf1f Por qu\u00e9 reservar con CanaryVIP<\/h3>\n<p>En CanaryVIP, nos apasiona crear experiencias inolvidables en el agua. Tanto si buscas una <strong>yate de lujo en Gran Canaria<\/strong> o una aventura llena de diversi\u00f3n, ofrecemos los mejores <a href=\"https:\/\/canaryvip.com\/es\/shop\/magic-island-yacht-charter-gran-canaria\/\"><strong>alquiler de barcos en Gran Canaria<\/strong><\/a> opciones, adaptadas a sus necesidades.<\/p>\n<p>Reserve su <strong>Silvia Alquiler de Yates<\/strong> hoy mismo y zarpe en un viaje de relax, aventura y vistas impresionantes.<\/p>\n<p>\ud83d\udc49 <a href=\"https:\/\/canaryvip.com\/es\/\" target=\"_new\" rel=\"noopener\"><span>Reserva<\/span><span> Ahora<\/span><\/a> \u00a1y eleve su experiencia vacacional!<\/p>","protected":false},"excerpt":{"rendered":"<p><strong>\ud83d\udd0d Magic Island Gran Canaria:<\/strong><br \/>\n\u2705 Pago seguro.<br \/>\n\ud83d\udd10 Visitas privadas.<br \/>\n\ud83d\udee5\ufe0f 13m Yate Confort.<br \/>\n\u23f3 Recorridos diarios de 3H y 6H.<br \/>\n\ud83d\udd59 Diferentes horarios de salida.<br \/>\n\ud83d\udc65 Hasta 12 invitados.<br \/>\n\ud83e\udd3f Se proporciona equipo de snorkel.<br \/>\n\ud83d\ude8c Recogida y devoluci\u00f3n.<br \/>\n\ud83e\udd11 Mejor precio garantizado.<br \/>\n\ud83d\udc6a Descuentos activados.<br \/>\n\ud83d\udd01 Cancelaci\u00f3n hasta 8 d\u00edas.<br \/>\n\ud83c\udf0d Tripulaci\u00f3n multiling\u00fce.<br \/>\n\ud83c\udf1f \u00a1Reserva pronto y ahorra!<br \/>\n\ud83d\udccd Salida de <a href=\"https:\/\/maps.app.goo.gl\/4TJkgAg6UBpnsyhm9\">Puerto de Mog\u00e1n<\/a>.<\/p>","protected":false},"featured_media":12219,"comment_status":"open","ping_status":"closed","template":"","meta":{"_acf_changed":false},"product_brand":[],"product_cat":[132],"product_tag":[],"class_list":{"0":"post-11971","1":"product","2":"type-product","3":"status-publish","4":"has-post-thumbnail","6":"product_cat-boat-hire-gran-canaria","7":"wcpa_has_options","9":"first","10":"instock","11":"virtual","12":"purchasable","13":"product-type-simple"},"acf":[],"wcpa_form_fields":{"wcpaData":{"product":{"product_price":450,"price_html":"From&nbsp;<span class=\"woocommerce-Price-amount amount\"><bdi>450,00&nbsp;<span class=\"woocommerce-Price-currencySymbol\">&euro;<\/span><\/bdi><\/span>","original_product_price":450,"price_including_tax":450,"price_excluding_tax":450,"product_id":{"parent":11971,"variation":false},"is_variable":false,"stock_status":"instock","stock_quantity":null,"parent_sku":"CV11971","product_attributes":[],"custom_fields":[],"is_taxable":false,"product_name":"Silvia: Yacht Charter<br\/>Gran Canaria","hasImage":false},"fields":{"sec_26687d4f04b1a4":{"extra":{"key":"sec_26687d4f04b1a4","section_id":"sec_26687d4f04b1a4","name":"Default","status":1,"cl_rule":"show","enableCl":false,"relations":[],"toggle":true,"title_tag":"h3","show_title":false,"showPrice":"default","form_id":12255,"form_rules":{"exclude_from_discount":true,"fee_label":"Fee","disp_hide_options_price":true,"disp_show_section_price":false,"disp_show_field_price":true,"layout_option":"standard","pric_use_as_fee":false,"process_fee_as":"woo_fee"},"layout_option":"standard"},"fields":[[{"label":"\ud83d\udcc5 Date","active":true,"required":true,"elementId":"date_106687d4f04b1c4","picker_type":"custom","picker_mode":"single","placeholder":"","description":"","tooltip":"","name":"date_106687d4f04b1c4","label_position":"default","desc_position":"default","enablePrice":false,"className":"","enableCl":false,"relations":[{"operator":"and","rules":[{"operator":"AND","rules":{"cl_field":"radio-group_565c78ffa81208","cl_relation":"is","cl_val":"3 Hour Trip"}}]}],"date_pic_inline":true,"date_pic_inline_hide":true,"min_date":{"type":"days","val":"2"},"max_date":{"type":"days","val":"365"},"date_pic_conf":{"disabledWeeks":[]},"price":"","cl_rule":"show","col":6,"type":"date","error":false,"enableDesign":false,"LabelColor":"","gt_translate_keys":["label","placeholder","description","tooltip"],"price_dependency":false,"cl_dependency":false,"value":""}],[{"elementId":"separator_76687d4f04b1e0","separatorType":"blank","className":"","height":"3","enableCl":false,"relations":false,"cl_rule":"show","col":6,"type":"separator","error":false,"gt_translate_keys":[],"price_dependency":false,"cl_dependency":false,"value":""}],[{"active":true,"col":6,"relations":false,"cl_rule":"show","enableCl":false,"price":"","enablePrice":true,"className":"","label_position":"default","desc_position":"default","type":"select","required":true,"elementId":"select_96687d4f04b1ea","label":"\u23f3 Trip Duration","name":"select_96687d4f04b1ea","values":[{"label":"3 Hours (450\u20ac)","value":"3","selected":false,"tempId":"aco_556","price":"450","gt_translate_keys":["label"]},{"label":"6 Hours (800\u20ac)","value":"6","selected":false,"tempId":"aco_122","price":"800","gt_translate_keys":["label"]}],"dropdown_type":"basic","error":false,"placeholder":"Select Trip Duration","priceOptions":"different_for_all","pricingType":"fixed","is_show_price":false,"gt_translate_keys":["label","placeholder"],"price_dependency":false,"cl_dependency":false,"value":""}],[{"label":"\u2705 Number of People","active":true,"required":true,"elementId":"select_86687d4f04b1f4","dropdown_type":"basic","placeholder":"Select Number of People","name":"select_86687d4f04b1f4","label_position":"default","desc_position":"default","enablePrice":false,"className":"","enableCl":false,"relations":[{"operator":false,"rules":[{"operator":"AND","rules":{"cl_field":"radio-group_565c78ffa81208","cl_relation":"is","cl_val":"3 Hour Trip"}}]}],"values":[{"label":"1 person","value":"1","selected":false,"tempId":"aco_1471","price":"0","gt_translate_keys":["label"]},{"label":"2 people","value":"2","selected":false,"tempId":"aco_1472","price":"0","gt_translate_keys":["label"]},{"label":"3 people","value":"3","selected":false,"tempId":"aco_1500","price":"0","gt_translate_keys":["label"]},{"label":"4 people","value":"4","selected":false,"tempId":"aco_1510","price":"0","gt_translate_keys":["label"]},{"label":"5 people","value":"5","selected":false,"tempId":"aco_1520","price":"0","gt_translate_keys":["label"]},{"label":"6 people","value":"6","selected":false,"tempId":"aco_1728","price":"0","gt_translate_keys":["label"]},{"label":"7 people","value":"7","selected":false,"tempId":"aco_1738","price":"0","gt_translate_keys":["label"]},{"label":"8 people","value":"8","selected":false,"tempId":"aco_1748","price":"0","gt_translate_keys":["label"]}],"price":"","cl_rule":"show","col":6,"type":"select","error":false,"priceOptions":"different_for_all","pricingType":"fixed","is_show_price":false,"gt_translate_keys":["label","placeholder"],"price_dependency":["select_86687d4f04b1fe"],"cl_dependency":false,"value":""}],[{"active":true,"col":6,"relations":false,"cl_rule":"show","enableCl":false,"price":"","enablePrice":true,"className":"","label_position":"default","desc_position":"default","type":"select","required":false,"elementId":"select_86687d4f04b1fe","label":"\ud83c\udf57 Meal (+10\u20ac\/person)","name":"select_86687d4f04b1fe","values":[{"label":"No","value":"No","selected":false,"tempId":"aco_2562","price":"","gt_translate_keys":["label"]},{"label":"Yes (+10\u20ac\/person)","value":"Yes","selected":false,"tempId":"aco_2563","price":"{field.select_86687d4f04b1f4.value}*10","gt_translate_keys":["label"]}],"dropdown_type":"basic","error":false,"description":"Snacks and drinks are included. If you want an extra meal, please select this option. The meal is marinated chicken with mojo potatoes and coleslaw.","priceOptions":"different_for_all","pricingType":"custom","isTemplate":false,"is_show_price":true,"gt_translate_keys":["label","description"],"price_dependency":false,"cl_dependency":false,"value":""}]]},"sec_106687d4f04b227":{"extra":{"key":"sec_106687d4f04b227","section_id":"sec_106687d4f04b227","name":"Pickup Location","status":1,"cl_rule":"show","enableCl":false,"relations":[],"toggle":true,"title_tag":"h4","show_title":false,"showPrice":"default","form_id":12255,"form_rules":{"exclude_from_discount":true,"fee_label":"Fee","disp_hide_options_price":true,"disp_show_section_price":false,"disp_show_field_price":true,"layout_option":"standard","pric_use_as_fee":false,"process_fee_as":"woo_fee"},"layout_option":"standard"},"fields":[[{"elementId":"separator_16687d4f04b232","separatorType":"blank","className":"","height":"3","enableCl":false,"relations":false,"cl_rule":"show","col":6,"type":"separator","error":false,"gt_translate_keys":[],"price_dependency":false,"cl_dependency":false,"value":""}],[{"active":true,"col":6,"relations":[{"operator":false,"rules":[{"operator":"AND","rules":{"cl_field":"radio-group_565c78ffa81208","cl_relation":"is","cl_val":"3 Hour Trip"}}]}],"cl_rule":"show","enableCl":false,"price":"","enablePrice":false,"className":"","label_position":"default","desc_position":"default","type":"select","required":false,"elementId":"select_66687d4f04b23c","label":"\u23f0 Departure","name":"select_66687d4f04b23c","values":[{"label":"09:00","value":"09:00","selected":false,"tempId":"aco_1471","gt_translate_keys":["label"]},{"label":"12:00","value":"12:00","selected":false,"tempId":"aco_1510","gt_translate_keys":["label"]},{"label":"15:00","value":"15:00","selected":false,"tempId":"aco_1738","gt_translate_keys":["label"]}],"dropdown_type":"basic","error":false,"placeholder":"Whichever Time is Best","gt_translate_keys":["label","placeholder"],"price_dependency":false,"cl_dependency":false,"value":""}],[{"elementId":"separator_86687d4f04b246","separatorType":"blank","className":"","height":"1","enableCl":false,"relations":false,"cl_rule":"show","col":6,"type":"separator","gt_translate_keys":[],"price_dependency":false,"cl_dependency":false,"value":""}],[{"elementId":"separator_86687d4f04b250","separatorType":"blank","className":"","height":"1","enableCl":false,"relations":false,"cl_rule":"show","col":6,"type":"separator","error":false,"gt_translate_keys":[],"price_dependency":false,"cl_dependency":false,"value":""}],[{"active":true,"col":6,"relations":false,"cl_rule":"show","enableCl":false,"price":"","enablePrice":false,"className":"","label_position":"default","desc_position":"default","type":"text","subtype":"text","required":false,"elementId":"text_66687d4f04b259","label":"\ud83d\ude8c Pickup Location","name":"text_66687d4f04b259","value":"","error":false,"description":"Pick-up service in some locations. Simply provide your address or hotel name. (+2\u20ac\/person paid at pickup to the driver)","gt_translate_keys":["label","description","value"],"price_dependency":false,"cl_dependency":false}]]}},"config":{"price_override":"always","enable_recaptcha":false,"bind_quantity":false,"quantity_bind_formula":false,"disp_summ_show_option_price":true,"disp_summ_show_product_price":false,"disp_summ_show_total_price":true,"disp_summ_show_fee":true,"disp_summ_show_discount":true,"summary_title":"","options_total_label":"Options Price","total_label":"Total Amount","options_product_label":"Product Price","fee_label":"Fee","discount_label":"Discount","has_price":true,"has_quantity_formula":false},"mc_unit":1,"tax_rate":1,"tax_rate_real":1,"discount":{"percentage":0,"fixed":0},"design":{"conf":{"LabelPosition":"above","DescPosition":"above","UploadField":"custom_1","QuantityFieldStyle":"custom_1"},"css":{"LeftLabelWidth":"120px"}},"formulas":{"fmla_1708364241278155361":"(({field.select_3666b1eb2b11fe.value}>=8)?(1400):(({field.select_3666b1eb2b11fe.value}>=7)?(1225):(({field.select_3666b1eb2b11fe.value}>=6)?(1050):(({field.select_3666b1eb2b11fe.value}>=5)?(875):(({field.select_3666b1eb2b11fe.value}>=4)?(700):(({field.select_3666b1eb2b11fe.value}>=3)?(500):(0)))))))","fmla_1718295979528641619":"(({field.select_3666b1eb2b11fe.value}>=8)?(280):(({field.select_3666b1eb2b11fe.value}>=7)?(205):(({field.select_3666b1eb2b11fe.value}>=6)?(150):(({field.select_3666b1eb2b11fe.value}>=5)?(175):(({field.select_3666b1eb2b11fe.value}>=4)?(200):(({field.select_3666b1eb2b11fe.value}>=3)?(150):(0)))))))"},"lookuptables":[],"clones":false,"cartKey":false}},"_links":{"self":[{"href":"https:\/\/canaryvip.com\/es\/wp-json\/wp\/v2\/product\/11971","targetHints":{"allow":["GET"]}}],"collection":[{"href":"https:\/\/canaryvip.com\/es\/wp-json\/wp\/v2\/product"}],"about":[{"href":"https:\/\/canaryvip.com\/es\/wp-json\/wp\/v2\/types\/product"}],"replies":[{"embeddable":true,"href":"https:\/\/canaryvip.com\/es\/wp-json\/wp\/v2\/comments?post=11971"}],"wp:featuredmedia":[{"embeddable":true,"href":"https:\/\/canaryvip.com\/es\/wp-json\/wp\/v2\/media\/12219"}],"wp:attachment":[{"href":"https:\/\/canaryvip.com\/es\/wp-json\/wp\/v2\/media?parent=11971"}],"wp:term":[{"taxonomy":"product_brand","embeddable":true,"href":"https:\/\/canaryvip.com\/es\/wp-json\/wp\/v2\/product_brand?post=11971"},{"taxonomy":"product_cat","embeddable":true,"href":"https:\/\/canaryvip.com\/es\/wp-json\/wp\/v2\/product_cat?post=11971"},{"taxonomy":"product_tag","embeddable":true,"href":"https:\/\/canaryvip.com\/es\/wp-json\/wp\/v2\/product_tag?post=11971"}],"curies":[{"name":"wp","href":"https:\/\/api.w.org\/{rel}","templated":true}]}}