{"id":11626,"date":"2024-06-06T11:14:41","date_gmt":"2024-06-06T10:14:41","guid":{"rendered":"https:\/\/canaryvip.com\/?post_type=product&#038;p=11626"},"modified":"2026-04-10T14:33:12","modified_gmt":"2026-04-10T13:33:12","slug":"natural-pools-masca-los-gigantes-tour","status":"publish","type":"product","link":"https:\/\/canaryvip.com\/es\/shop\/natural-pools-masca-los-gigantes-tour\/","title":{"rendered":"Pozas Naturales, Masca y Los Gigantes + Picnic"},"content":{"rendered":"<h2>\ud83c\udf0a Acerca de Masca, piscinas naturales y excursi\u00f3n a Los Gigantes.<\/h2>\n<p>Descubra uno de los <strong>Tenerife visitas guiadas<\/strong> con esta experiencia inolvidable que combina naturaleza, cultura local y vistas impresionantes. En CanaryVIP, le ofrecemos la oportunidad de explorar las joyas ocultas de la isla en esta <strong>Visita guiada a Masca<\/strong>, con espectaculares acantilados, pueblos tradicionales y el famoso <strong>piscinas naturales Tenerife<\/strong> es conocido por.<\/p>\n<p>Este tour est\u00e1 dise\u00f1ado para viajeros que quieren ver un lado diferente de Tenerife en un grupo peque\u00f1o, con un ambiente m\u00e1s personal y relajado.<\/p>\n<h3>Lo m\u00e1s destacado: Masca, Pozas Naturales y Los Gigantes<\/h3>\n<ul>\n<li>\ud83c\udf04 <strong>Mirador panor\u00e1mico:<\/strong> Disfrute de impresionantes vistas sobre el Valle de Masca, uno de los paisajes m\u00e1s impresionantes de Tenerife.<\/li>\n<li>\ud83c\udfd8\ufe0f <strong>Masca Village:<\/strong> Dedique alrededor de 1 hora a explorar este encantador pueblo de monta\u00f1a. Pasea por sus callejuelas, descubre los productos locales y disfruta de su ambiente \u00fanico.<\/li>\n<li>\ud83c\udfd4\ufe0f <strong>Acantilados de Los Gigantes:<\/strong> Visite los famosos acantilados que se elevan hasta 600 metros sobre el oc\u00e9ano, uno de los hitos naturales m\u00e1s emblem\u00e1ticos de la isla.<\/li>\n<li>\ud83c\udfca <strong>Piscinas volc\u00e1nicas naturales y picnic:<\/strong> Refr\u00e9squese en piscinas volc\u00e1nicas naturales junto al mar y disfrute de un relajante picnic en un bello entorno costero.<\/li>\n<\/ul>\n<h3>Qu\u00e9 incluye su experiencia<\/h3>\n<ul>\n<li>\ud83e\uddd1\u200d\ud83c\udfeb Gu\u00eda local experto con un profundo conocimiento de la zona.<\/li>\n<li>\ud83d\udee0\ufe0f Todo el equipo necesario para la actividad.<\/li>\n<li>\ud83d\udee1\ufe0f Seguro de actividad para su tranquilidad.<\/li>\n<li>\ud83d\ude90 Transporte desde\/hasta el punto de encuentro en una c\u00f3moda furgoneta de 9 plazas.<\/li>\n<li>\ud83d\udcf8 Fotos y v\u00eddeos de tu experiencia para llevarte a casa recuerdos inolvidables.<\/li>\n<\/ul>\n<h3>Detalles esenciales del viaje<\/h3>\n<ul>\n<li>\ud83d\udd52 <strong>Hora de inicio:<\/strong> Invierno a las 15:00 | Verano a las 16:00.<\/li>\n<li>\u23f3 <strong>Duraci\u00f3n:<\/strong> Aproximadamente 5 horas.<\/li>\n<li>\ud83d\udc65 <strong>Experiencia en grupos peque\u00f1os:<\/strong> Plazas limitadas para una visita m\u00e1s personalizada.<\/li>\n<li>\ud83d\udccd <strong>Transporte:<\/strong> Viaje en una c\u00f3moda furgoneta de 9 plazas.<\/li>\n<li>\ud83e\udde5 <strong>Qu\u00e9 llevar:<\/strong> Ropa c\u00f3moda, ba\u00f1ador y toalla para las piscinas naturales.<\/li>\n<\/ul>\n<h3>Informaci\u00f3n y pol\u00edticas importantes<\/h3>\n<ul>\n<li>\ud83d\udd04 <strong>Pol\u00edtica de cancelaci\u00f3n:<\/strong> La cancelaci\u00f3n es gratuita si se solicita con al menos 72 horas de antelaci\u00f3n para reservas de hasta 3 personas. Para reservas de m\u00e1s de 3 personas, se requiere un preaviso m\u00ednimo de 5 d\u00edas. Para grupos de m\u00e1s de 7 personas, las cancelaciones deben hacerse con un m\u00ednimo de 10 d\u00edas de antelaci\u00f3n. Debido a la disponibilidad limitada y al peque\u00f1o tama\u00f1o del grupo, las cancelaciones tard\u00edas o la no presentaci\u00f3n estar\u00e1n sujetas a cargos completos. Siempre recomendamos confirmar sus planes con antelaci\u00f3n.<\/li>\n<li>\ud83d\udd52 <strong>Puntualidad:<\/strong> Le rogamos que llegue puntual al punto de encuentro para que el grupo pueda empezar sin problemas.<\/li>\n<li>\u26a0\ufe0f <strong>Disponibilidad limitada:<\/strong> Esta experiencia funciona con grupos reducidos, por lo que las plazas son muy limitadas y suelen agotarse r\u00e1pidamente.<\/li>\n<\/ul>\n<h4>Apoyo en gira<\/h4>\n<ul>\n<li>\u2714\ufe0f En CanaryVIP, seleccionamos cuidadosamente las experiencias para garantizar la calidad y la seguridad.<\/li>\n<li>\ud83d\udde3\ufe0f Durante el recorrido, siempre puede hablar directamente con su gu\u00eda para cualquier ayuda.<\/li>\n<li>\ud83d\udcde Nuestro equipo est\u00e1 disponible antes y despu\u00e9s de tu reserva si necesitas ayuda o tienes preguntas.<\/li>\n<\/ul>\n<h3>\ud83c\udf0a\ud83c\udfd4\ufe0f Reserva hoy tu excursi\u00f3n a Masca y las piscinas naturales<\/h3>\n<p>Si busca uno de los mejores <strong>Tenerife visitas guiadas<\/strong>, Esta experiencia lo combina todo: monta\u00f1a, mar, cultura y relax. Desde el encanto \u00fanico del pueblo de Masca hasta el refrescante <strong>piscinas naturales Tenerife<\/strong> ofrece, cada momento est\u00e1 dise\u00f1ado para ser memorable.<\/p>\n<p>En CanaryVIP, hacemos que reservar sea sencillo y fiable, para que pueda centrarse en disfrutar de su viaje. Tanto si visita Tenerife por primera vez como si vuelve para explorar m\u00e1s, esta <strong>Visita guiada a Masca<\/strong> es una experiencia imprescindible.<\/p>\n<p>Asegure su plaza ahora y descubra Tenerife de una forma diferente.<\/p>","protected":false},"excerpt":{"rendered":"<p><strong>\ud83d\udd0d Detalles de la visita:<\/strong><br \/>\n\u2705 Pago seguro.<br \/>\n\ud83c\udf04 Explora el pueblo de Masca.<br \/>\n\ud83d\udca6 Descubre las piscinas naturales.<br \/>\n\ud83c\udfd4\ufe0f Visita al acantilado de Los Gigantes.<br \/>\n\ud83e\udd6a Picnic incluido.<br \/>\n\ud83d\udcc5 Todos los d\u00edas.<br \/>\n\u23f0 Duraci\u00f3n Alrededor de 5h.<br \/>\n\ud83d\ude8c Furgoneta con capacidad para 9 personas.<br \/>\n\ud83d\ude90 Recogida y devoluci\u00f3n en el hotel.<br \/>\n\ud83d\udd04 Cancelaci\u00f3n gratuita en 72 horas.<br \/>\n\ud83e\udd11 Mejor precio garantizado.<br \/>\n\ud83c\udf81 Descuentos para grupos disponibles.<br \/>\n\ud83c\udf1f \u00a1Reserva ahora y ahorra!<\/p>","protected":false},"featured_media":16977,"comment_status":"open","ping_status":"closed","template":"","meta":{"_acf_changed":false},"product_brand":[],"product_cat":[52],"product_tag":[],"class_list":{"0":"post-11626","1":"product","2":"type-product","3":"status-publish","4":"has-post-thumbnail","6":"product_cat-bus-tours","7":"wcpa_has_options","9":"first","10":"instock","11":"sale","12":"virtual","13":"purchasable","14":"product-type-simple"},"acf":[],"wcpa_form_fields":{"wcpaData":{"product":{"product_price":85,"price_html":"From&nbsp;<del aria-hidden=\"true\"><span class=\"woocommerce-Price-amount amount\"><bdi>90,00&nbsp;<span class=\"woocommerce-Price-currencySymbol\">&euro;<\/span><\/bdi><\/span><\/del> <span class=\"screen-reader-text\">El precio original era: 90,00&nbsp;&euro;.<\/span><ins aria-hidden=\"true\"><span class=\"woocommerce-Price-amount amount\"><bdi>85,00&nbsp;<span class=\"woocommerce-Price-currencySymbol\">&euro;<\/span><\/bdi><\/span><\/ins><span class=\"screen-reader-text\">El precio actual es: 85,00&nbsp;&euro;.<\/span>","original_product_price":90,"price_including_tax":85,"price_excluding_tax":85,"product_id":{"parent":11626,"variation":false},"is_variable":false,"stock_status":"instock","stock_quantity":null,"parent_sku":"CV11626","product_attributes":[],"custom_fields":[],"is_taxable":false,"product_name":"Natural Pools, Masca & Los Gigantes Tour + Picnic","hasImage":false},"fields":{"sec_169cd3c7b1d53f":{"extra":{"key":"sec_169cd3c7b1d53f","section_id":"sec_169cd3c7b1d53f","name":"South Tenerife","status":1,"cl_rule":"show","enableCl":false,"relations":[{"operator":false,"rules":[{"operator":"AND","rules":{"cl_field":"radio-group_665df45fcbc30b","cl_relation":"is","cl_val":"Siam Park Regular Tickets"}}]}],"toggle":true,"title_tag":"h4","show_title":false,"showPrice":"default","form_id":16980,"form_rules":{"exclude_from_discount":true,"fee_label":"Fee","disp_hide_options_price":true,"disp_show_section_price":false,"disp_show_field_price":true,"layout_option":"standard","pric_use_as_fee":false,"process_fee_as":"woo_fee"},"layout_option":"standard"},"fields":[[{"label":"\ud83d\udcc5 Date","active":true,"required":true,"elementId":"date_869cd3c7b1d560","picker_type":"custom","picker_mode":"single","placeholder":"","description":"","tooltip":"","name":"date_869cd3c7b1d560","label_position":"default","desc_position":"default","enablePrice":false,"className":"","enableCl":false,"relations":[{"operator":"and","rules":[{"operator":"AND","rules":{"cl_field":"radio-group_665df45fcbc30b","cl_relation":"is","cl_val":"3 Hour Trip"}}]}],"date_pic_inline":true,"date_pic_inline_hide":true,"min_date":{"type":"days","val":"2"},"max_date":{"type":"days","val":"180"},"date_pic_conf":{"disabledWeeks":[],"enabledDates":[]},"price":"","cl_rule":"show","col":6,"type":"date","error":false,"enableDesign":false,"LabelColor":"","value":"2024-07-04","isWeightTemplate":false,"isTemplate":false,"min_quantity":"1","quantity_decimal":false,"quantity_step":"1","quantity_label":"Quantity","repeater_field_label":"{field_label}","repeater_bind":"","gt_translate_keys":["label","placeholder","description","value","tooltip","repeater_field_label","quantity_label"],"price_dependency":false,"cl_dependency":false}],[{"elementId":"separator_569cd3c7b1d57a","separatorType":"blank","className":"","height":"10","enableCl":false,"relations":false,"cl_rule":"show","col":6,"type":"separator","gt_translate_keys":[],"price_dependency":false,"cl_dependency":false,"value":""}],[{"active":true,"col":6,"relations":false,"cl_rule":"show","enableCl":false,"price":"","enablePrice":false,"className":"","label_position":"default","desc_position":"default","type":"content","required":false,"elementId":"content_369cd3c7b1d585","label":"People","name":"content_369cd3c7b1d585","contentType":"plain","value":"","error":false,"show_in_checkout":true,"inline":false,"gt_translate_keys":["label","value"],"price_dependency":false,"cl_dependency":false}],[{"active":true,"col":6,"relations":[{"operator":false,"rules":[{"operator":"AND","rules":{"cl_field":"","cl_relation":"","cl_val":""}}]}],"cl_rule":"show","enableCl":true,"price":"85","enablePrice":true,"className":"","label_position":"default","desc_position":"default","type":"radio-group","required":false,"elementId":"radio-group_969cd3c7b1d590","label":"","name":"radio-group_969cd3c7b1d590","values":[{"label":"\ud83d\udc64 People (85\u20ac)","value":"Adult","selected":true,"tempId":"aco_32","tooltip":"+12 Years","description":"","gt_translate_keys":["label","tooltip","description"]}],"layOut":"","error":false,"checkUi":"button","priceOptions":"fixed_for_all","pricingType":"fixed","enable_quantity":true,"quantity_label":"","min_quantity":"0","options_tooltip":true,"options_description":true,"isWeightTemplate":false,"isTemplate":false,"quantity_decimal":false,"quantity_step":"1","repeater_field_label":"{field_label}","repeater_bind":"","gt_translate_keys":["label","repeater_field_label","quantity_label"],"price_dependency":false,"cl_dependency":false,"value":""}],[{"active":true,"col":6,"relations":false,"cl_rule":"show","enableCl":false,"price":"","enablePrice":false,"className":"","label_position":"default","desc_position":"default","type":"separator","required":false,"elementId":"separator_269cd3c7b1d5af","label":"Separator Field","height":"7","separatorType":"blank","error":false,"gt_translate_keys":["label"],"price_dependency":false,"cl_dependency":false,"value":""}],[{"active":true,"col":6,"relations":false,"cl_rule":"show","enableCl":false,"price":"","enablePrice":false,"className":"","label_position":"default","desc_position":"default","type":"text","subtype":"text","required":false,"elementId":"text_369cd3c7b1d5b8","label":"\ud83d\ude8c Pickup Location","name":"text_369cd3c7b1d5b8","value":"","description":"Pick-up service in South Tenerife. Simply provide your address or hotel name.","error":false,"isWeightTemplate":false,"isTemplate":false,"min_quantity":"1","quantity_decimal":false,"quantity_step":"1","quantity_label":"Quantity","repeater_field_label":"{field_label}","repeater_bind":"","gt_translate_keys":["label","description","value","repeater_field_label","quantity_label"],"price_dependency":false,"cl_dependency":false}]]}},"config":{"price_override":"always","enable_recaptcha":false,"bind_quantity":false,"quantity_bind_formula":false,"disp_summ_show_option_price":true,"disp_summ_show_product_price":false,"disp_summ_show_total_price":true,"disp_summ_show_fee":true,"disp_summ_show_discount":true,"summary_title":"","options_total_label":"Options Price","total_label":"Total Amount","options_product_label":"Product Price","fee_label":"Fee","discount_label":"Discount","has_price":true,"has_quantity_formula":false},"mc_unit":1,"tax_rate":1,"tax_rate_real":1,"discount":{"percentage":0,"fixed":0},"design":{"conf":{"LabelPosition":"above","DescPosition":"above","UploadField":"custom_1","QuantityFieldStyle":"custom_1"},"css":{"LeftLabelWidth":"120px"}},"formulas":[],"lookuptables":[],"clones":false,"cartKey":false}},"_links":{"self":[{"href":"https:\/\/canaryvip.com\/es\/wp-json\/wp\/v2\/product\/11626","targetHints":{"allow":["GET"]}}],"collection":[{"href":"https:\/\/canaryvip.com\/es\/wp-json\/wp\/v2\/product"}],"about":[{"href":"https:\/\/canaryvip.com\/es\/wp-json\/wp\/v2\/types\/product"}],"replies":[{"embeddable":true,"href":"https:\/\/canaryvip.com\/es\/wp-json\/wp\/v2\/comments?post=11626"}],"wp:featuredmedia":[{"embeddable":true,"href":"https:\/\/canaryvip.com\/es\/wp-json\/wp\/v2\/media\/16977"}],"wp:attachment":[{"href":"https:\/\/canaryvip.com\/es\/wp-json\/wp\/v2\/media?parent=11626"}],"wp:term":[{"taxonomy":"product_brand","embeddable":true,"href":"https:\/\/canaryvip.com\/es\/wp-json\/wp\/v2\/product_brand?post=11626"},{"taxonomy":"product_cat","embeddable":true,"href":"https:\/\/canaryvip.com\/es\/wp-json\/wp\/v2\/product_cat?post=11626"},{"taxonomy":"product_tag","embeddable":true,"href":"https:\/\/canaryvip.com\/es\/wp-json\/wp\/v2\/product_tag?post=11626"}],"curies":[{"name":"wp","href":"https:\/\/api.w.org\/{rel}","templated":true}]}}