{"id":11582,"date":"2024-06-03T16:40:35","date_gmt":"2024-06-03T15:40:35","guid":{"rendered":"https:\/\/canaryvip.com\/?post_type=product&#038;p=11582"},"modified":"2025-12-11T18:13:25","modified_gmt":"2025-12-11T18:13:25","slug":"stargazing-tenerife-teide-by-night","status":"publish","type":"product","link":"https:\/\/canaryvip.com\/es\/shop\/stargazing-tenerife-teide-by-night\/","title":{"rendered":"Star Tour Tenerife:<br\/>Teide de Noche + Cena"},"content":{"rendered":"<h2>\ud83d\ude8c Acerca de Stargazing Tenerife: El Teide de Noche<\/h2>\n<p>En <strong>Teide de noche<\/strong> La excursi\u00f3n, disponible a trav\u00e9s de CanaryVIP, es una de las formas m\u00e1s especiales de disfrutar del Teide despu\u00e9s de la puesta de sol. Un operador local organiza esta excursi\u00f3n, que combina una parada para contemplar la hermosa puesta de sol, el paisaje volc\u00e1nico y una relajada sesi\u00f3n de observaci\u00f3n de estrellas en uno de los cielos m\u00e1s despejados de Europa. El Parque Nacional del Teide est\u00e1 certificado como Destino Starlight, lo que significa que su cielo es excepcionalmente limpio y libre de contaminaci\u00f3n lum\u00ednica.<\/p>\n<h3>Lo m\u00e1s destacado: Teide de Noche<\/h3>\n<ul>\n<li>\ud83c\udf04 <strong>Parada al atardecer<\/strong>La experiencia comienza con una parada para disfrutar de la puesta de sol desde uno de los miradores del Parque Nacional. Los colores cambiantes del cielo crean un momento tranquilo y memorable, ideal para tomar fotos antes de la parte de la noche dedicada a la observaci\u00f3n de las estrellas.<\/li>\n<li>\ud83d\udd2d <strong>Experiencia Stargazing Tenerife<\/strong>: Una vez que oscurece, el gu\u00eda explica las constelaciones de forma clara y amena utilizando un puntero l\u00e1ser. Hay un telescopio a disposici\u00f3n de los visitantes para que puedan observar estrellas, planetas y objetos del cielo profundo mientras aprenden interesantes historias relacionadas con el cielo nocturno.<\/li>\n<li>\ud83c\udfd4\ufe0f <strong>Teide<\/strong>Con una altura de 3715 metros, el Teide es el pico m\u00e1s alto de Espa\u00f1a y un <a href=\"https:\/\/whc.unesco.org\/en\/list\/1258\/\" target=\"_blank\" rel=\"noopener\">Patrimonio Mundial de la UNESCO<\/a> sitio. Sus paisajes volc\u00e1nicos parecen casi de otro mundo y han sido utilizados como localizaciones para el rodaje de varias producciones internacionales.<\/li>\n<li>\ud83c\udf7d\ufe0f <strong>Cena<\/strong>: La cena est\u00e1 incluida y suele servirse en un restaurante canario como Casa Sira, aunque el restaurante exacto puede variar en funci\u00f3n de la disponibilidad. La comida es sencilla y local, adecuada antes de continuar con la parte de observaci\u00f3n de estrellas de la noche. Por lo general, hay opciones diet\u00e9ticas disponibles.<\/li>\n<\/ul>\n<h3>Su observaci\u00f3n de estrellas en Tenerife incluye<\/h3>\n<ul>\n<li>\ud83d\ude8c Recogida y traslado desde su hotel.<\/li>\n<li>\ud83d\udde3\ufe0f Gu\u00edas que hablan ingl\u00e9s y ofrecen explicaciones durante toda la experiencia.<\/li>\n<li>\ud83d\udcf8 Varias paradas para hacer fotos, especialmente durante la puesta de sol.<\/li>\n<li>\ud83d\udcdc Una velada completa explorando los paisajes y el cielo nocturno del Teide.<\/li>\n<li>\ud83d\udcb0 Garant\u00eda del mejor precio y pol\u00edtica de cancelaci\u00f3n flexible.<\/li>\n<\/ul>\n<h3>Detalles de la excursi\u00f3n Essential Stargazing Tenerife<\/h3>\n<ul>\n<li>\ud83c\udf9f\ufe0f Traiga su entrada digital CanaryVIP.<\/li>\n<li>\ud83d\udeab El autob\u00fas no dispone de aseo a bordo y no est\u00e1 adaptado para el acceso de sillas de ruedas.<\/li>\n<li>\ud83c\udf7d\ufe0f La cena est\u00e1 incluida.<\/li>\n<li>\u23f3 El recorrido dura aproximadamente 6 horas.<\/li>\n<li>\ud83e\udde5 Es imprescindible llevar ropa de abrigo, ya que las temperaturas bajan considerablemente por la noche.<\/li>\n<li>\ud83d\udccc Por favor, facilite los datos exactos del hotel para garantizar que la recogida se realice correctamente.<\/li>\n<li>\ud83c\udf25\ufe0f <strong>Aviso meteorol\u00f3gico<\/strong>: La visibilidad para observar las estrellas depende de las condiciones meteorol\u00f3gicas y no se puede garantizar al 100 %. El operador siempre har\u00e1 todo lo posible para ofrecer la experiencia.<\/li>\n<\/ul>\n<h3>Etiqueta y normas de la visita guiada<\/h3>\n<ul>\n<li>\ud83d\udd04 <strong>Cancelaci\u00f3n flexible<\/strong>: Cancelaci\u00f3n gratuita hasta 48 horas antes de la experiencia. Los grupos tienen condiciones especiales: los grupos de 5 a 7 personas pueden cancelar con hasta 72 horas de antelaci\u00f3n. Los grupos de 8 a 14 personas deben avisar con 4 d\u00edas de antelaci\u00f3n. Los grupos de 15 o m\u00e1s personas deben cancelar con al menos 6 d\u00edas de antelaci\u00f3n.<\/li>\n<li>\ud83d\udd52 <strong>Puntualidad<\/strong>: Por favor, est\u00e9 listo en el punto de recogida designado para evitar retrasos al resto del grupo.<\/li>\n<li>\ud83d\udce2 <strong>Siga el horario<\/strong>Los hu\u00e9spedes deben seguir las instrucciones del gu\u00eda para garantizar una experiencia agradable y sin contratiempos para todos.<\/li>\n<\/ul>\n<h4>Asistencia y responsabilidad durante la gira<\/h4>\n<ul>\n<li>\u2714\ufe0f <strong>Compromiso de servicio<\/strong>: CanaryVIP garantiza un proceso de reserva fluido y una comunicaci\u00f3n clara antes de la excursi\u00f3n. La actividad en s\u00ed la lleva a cabo un operador local con licencia.<\/li>\n<li>\ud83d\udde3\ufe0f <strong>Asistencia durante el recorrido<\/strong>: Cualquier pregunta o duda que surja durante la experiencia puede dirigirse directamente al gu\u00eda, que estar\u00e1 presente para ayudar.<\/li>\n<li>\ud83d\udcb0 <strong>Pol\u00edtica de reembolso por problemas con los tours<\/strong>: Si ocurre algo inesperado durante la actividad, los reembolsos se realizar\u00e1n seg\u00fan la pol\u00edtica establecida, priorizando siempre la transparencia y la satisfacci\u00f3n de los hu\u00e9spedes.<\/li>\n<\/ul>\n<h3>\ud83c\udf0b\ud83d\ude8c\ud83c\udfde\ufe0f Reserve ahora su excursi\u00f3n al Teide<\/h3>\n<p>Teide by Night es una forma tranquila y memorable de descubrir uno de los lugares m\u00e1s emblem\u00e1ticos de Tenerife. Contemplar la puesta de sol desde el Parque Nacional y luego observar el cielo nocturno hace que esta excursi\u00f3n sea una de las favoritas para parejas, familias y cualquiera que desee experimentar el Teide bajo una luz diferente.<\/p>\n<p>Si tambi\u00e9n desea explorar el parque durante el d\u00eda, puede consultar nuestra <a href=\"https:\/\/canaryvip.com\/es\/shop\/teide-guided-bus-tour\/\">Excursi\u00f3n de medio d\u00eda en autob\u00fas al Teide<\/a>. Esta opci\u00f3n diurna incluye paisajes volc\u00e1nicos, miradores, el pueblo de Vilaflor y los Roques de Garc\u00eda, con un paseo opcional en telef\u00e9rico cuando el tiempo lo permite.<\/p>\n<p>Reservar ambas excursiones a trav\u00e9s de CanaryVIP te permite disfrutar del contraste total del Teide, desde sus brillantes colores diurnos hasta sus tranquilas noches estrelladas.<\/p>\n<p>Tu aventura en el Teide est\u00e1 lista cuando t\u00fa lo est\u00e9s.<\/p>","protected":false},"excerpt":{"rendered":"<p><strong>\ud83d\udd0d Teide de Noche:<\/strong><br \/>\n\u2705 Pago seguro.<br \/>\n\ud83d\uddfb Visita el Parque Nacional del Teide.<br \/>\n\ud83d\udd2d Telescopios profesionales.<br \/>\n\ud83c\udf20 Ver Estrellas y Constelaciones.<br \/>\n\ud83c\udf7d\ufe0f Comida canaria incluida.<br \/>\n\ud83e\uddc3 Bebidas incluidas.<br \/>\n\ud83d\udcc5 Martes, mi\u00e9rcoles, jueves, viernes y domingo.<br \/>\n\u23f0 Duraci\u00f3n Alrededor de 6h.<br \/>\n\ud83d\ude8c Recogida y devoluci\u00f3n en el hotel.<br \/>\n\ud83d\udd04 Cancelaci\u00f3n gratuita antes de 48 horas.<br \/>\n\ud83e\udd11 Mejor precio garantizado.<br \/>\n\ud83c\udf81 Descuentos para grupos disponibles.<br \/>\n\ud83c\udf0d Gu\u00edas en tus idiomas.<br \/>\n\ud83c\udf1f \u00a1Reserva ahora y ahorra!<\/p>","protected":false},"featured_media":11584,"comment_status":"open","ping_status":"closed","template":"","meta":{"_acf_changed":false},"product_brand":[],"product_cat":[52],"product_tag":[],"class_list":{"0":"post-11582","1":"product","2":"type-product","3":"status-publish","4":"has-post-thumbnail","6":"product_cat-bus-tours","7":"wcpa_has_options","9":"first","10":"instock","11":"sale","12":"virtual","13":"purchasable","14":"product-type-simple"},"acf":[],"wcpa_form_fields":{"wcpaData":{"product":{"product_price":79,"price_html":"From&nbsp;<del aria-hidden=\"true\"><span class=\"woocommerce-Price-amount amount\"><bdi>89,00&nbsp;<span class=\"woocommerce-Price-currencySymbol\">&euro;<\/span><\/bdi><\/span><\/del> <span class=\"screen-reader-text\">El precio original era: 89,00&nbsp;&euro;.<\/span><ins aria-hidden=\"true\"><span class=\"woocommerce-Price-amount amount\"><bdi>79,00&nbsp;<span class=\"woocommerce-Price-currencySymbol\">&euro;<\/span><\/bdi><\/span><\/ins><span class=\"screen-reader-text\">El precio actual es: 79,00&nbsp;&euro;.<\/span>","original_product_price":89,"price_including_tax":79,"price_excluding_tax":79,"product_id":{"parent":11582,"variation":false},"is_variable":false,"stock_status":"instock","stock_quantity":null,"parent_sku":"CV11582","product_attributes":[],"custom_fields":[],"is_taxable":false,"product_name":"Star Tour Tenerife:<br\/>Teide by Night + Dinner","hasImage":false},"fields":{"sec_2665e36bde09f4":{"extra":{"key":"sec_2665e36bde09f4","section_id":"sec_2665e36bde09f4","name":"South Tenerife","status":1,"cl_rule":"show","enableCl":false,"relations":[{"operator":false,"rules":[{"operator":"AND","rules":{"cl_field":"radio-group_665df45fcbc30b","cl_relation":"is","cl_val":"Siam Park Regular Tickets"}}]}],"toggle":true,"title_tag":"h4","show_title":false,"showPrice":"default","form_id":11592,"form_rules":{"exclude_from_discount":true,"fee_label":"Fee","disp_hide_options_price":true,"disp_show_section_price":false,"disp_show_field_price":true,"layout_option":"standard","pric_use_as_fee":false,"process_fee_as":"woo_fee"},"layout_option":"standard"},"fields":[[{"label":"\ud83d\udcc5 Date","active":true,"required":true,"elementId":"date_10665e36bde0a12","picker_type":"custom","picker_mode":"single","placeholder":"","description":"","tooltip":"","name":"date_10665e36bde0a12","label_position":"default","desc_position":"default","enablePrice":false,"className":"","enableCl":false,"relations":[{"operator":"and","rules":[{"operator":"AND","rules":{"cl_field":"radio-group_665df45fcbc30b","cl_relation":"is","cl_val":"3 Hour Trip"}}]}],"date_pic_inline":true,"date_pic_inline_hide":true,"min_date":{"type":"days","val":"1"},"max_date":{"type":"days","val":"365"},"date_pic_conf":{"disabledWeeks":[1]},"price":"","cl_rule":"show","col":6,"type":"date","error":false,"enableDesign":false,"LabelColor":"","isWeightTemplate":false,"isTemplate":false,"min_quantity":"1","quantity_decimal":false,"quantity_step":"1","quantity_label":"Quantity","repeater_field_label":"{field_label}","repeater_bind":"","gt_translate_keys":["label","placeholder","description","tooltip","repeater_field_label","quantity_label"],"price_dependency":false,"cl_dependency":false,"value":""}],[{"elementId":"separator_8665e36bde0a21","separatorType":"blank","className":"","height":"10","enableCl":false,"relations":false,"cl_rule":"show","col":6,"type":"separator","gt_translate_keys":[],"price_dependency":false,"cl_dependency":false,"value":""}],[{"active":true,"col":6,"relations":false,"cl_rule":"show","enableCl":false,"price":"","enablePrice":false,"className":"","label_position":"default","desc_position":"default","type":"content","required":false,"elementId":"content_9665e36bde0a2d","label":"People","name":"content_9665e36bde0a2d","contentType":"plain","value":"","error":false,"show_in_checkout":true,"inline":false,"gt_translate_keys":["label","value"],"price_dependency":false,"cl_dependency":false}],[{"active":true,"col":6,"relations":[{"operator":false,"rules":[{"operator":"AND","rules":{"cl_field":"","cl_relation":"","cl_val":""}}]}],"cl_rule":"show","enableCl":true,"price":"79","enablePrice":true,"className":"","label_position":"default","desc_position":"default","type":"radio-group","required":false,"elementId":"radio-group_10665e36bde0a38","label":"","name":"radio-group_10665e36bde0a38","values":[{"label":"\ud83d\udc64 Adult (79\u20ac)","value":"Adult","selected":true,"tempId":"aco_32","tooltip":"+14 Years","description":"","gt_translate_keys":["label","tooltip","description"]}],"layOut":"","error":false,"checkUi":"button","priceOptions":"fixed_for_all","pricingType":"fixed","enable_quantity":true,"quantity_label":"","min_quantity":"0","options_tooltip":true,"options_description":true,"gt_translate_keys":["label","quantity_label"],"price_dependency":false,"cl_dependency":false,"value":""}],[{"label":"","active":true,"required":false,"elementId":"radio-group_10665e36bde0a43","name":"radio-group_10665e36bde0a43","label_position":"default","desc_position":"default","enablePrice":true,"className":"","enableCl":false,"relations":false,"enable_quantity":true,"quantity_label":"","min_quantity":"0","checkUi":"button","layOut":"","values":[{"label":"\ud83d\udc66 Child (49\u20ac)","value":"Child","selected":true,"tempId":"aco_32","tooltip":"4-13 Years","description":"","gt_translate_keys":["label","tooltip","description"]}],"priceOptions":"fixed_for_all","pricingType":"fixed","price":"49","cl_rule":"show","col":6,"type":"radio-group","error":false,"options_tooltip":true,"options_description":true,"gt_translate_keys":["label","quantity_label"],"price_dependency":false,"cl_dependency":false,"value":""}],[{"label":"","active":true,"required":false,"elementId":"radio-group-0497504259","name":"radio-group-0497504259","label_position":"default","desc_position":"default","enablePrice":true,"className":"","enableCl":false,"relations":false,"enable_quantity":true,"quantity_label":"","min_quantity":"0","checkUi":"button","layOut":"","options_tooltip":true,"options_description":true,"values":[{"label":"\ud83d\udc76 Infant (Free)","value":"Infant","selected":true,"tempId":"aco_32","tooltip":"0-3 Years","description":"","gt_translate_keys":["label","tooltip","description"]}],"priceOptions":"fixed_for_all","pricingType":"fixed","price":"0","cl_rule":"show","col":6,"type":"radio-group","error":false,"gt_translate_keys":["label","quantity_label"],"price_dependency":false,"cl_dependency":false,"value":""}],[{"active":true,"col":6,"relations":false,"cl_rule":"show","enableCl":false,"price":"","enablePrice":false,"className":"","label_position":"default","desc_position":"default","type":"select","required":false,"elementId":"select_5665e36bde0a4d","label":"\ud83c\udf0e Language","name":"select_5665e36bde0a4d","values":[{"label":"English","value":"English","selected":false,"tempId":"aco_389","gt_translate_keys":["label"]},{"label":"Spanish","value":"Spanish","selected":false,"tempId":"aco_390","gt_translate_keys":["label"]},{"label":"Deutsch","value":"Deutsch","selected":false,"tempId":"aco_409","gt_translate_keys":["label"]},{"label":"French","value":"French","selected":false,"tempId":"aco_581","gt_translate_keys":["label"]},{"label":"Dutch","value":"Dutch","selected":false,"tempId":"aco_672","gt_translate_keys":["label"]},{"label":"Italian","value":"Italian","selected":false,"tempId":"aco_700","gt_translate_keys":["label"]}],"dropdown_type":"basic","error":false,"isWeightTemplate":false,"isTemplate":false,"min_quantity":"1","quantity_decimal":false,"quantity_step":"1","quantity_label":"Quantity","repeater_field_label":"{field_label}","repeater_bind":"","placeholder":"Select Language","gt_translate_keys":["label","placeholder","repeater_field_label","quantity_label"],"price_dependency":false,"cl_dependency":false,"value":""}],[{"active":true,"col":6,"relations":false,"cl_rule":"show","enableCl":false,"price":"","enablePrice":false,"className":"","label_position":"default","desc_position":"default","type":"separator","required":false,"elementId":"separator_4665e36bde0a57","label":"Separator Field","height":"7","separatorType":"blank","error":false,"gt_translate_keys":["label"],"price_dependency":false,"cl_dependency":false,"value":""}],[{"active":true,"col":6,"relations":false,"cl_rule":"show","enableCl":false,"price":"","enablePrice":false,"className":"","label_position":"default","desc_position":"default","type":"text","subtype":"text","required":false,"elementId":"text_10665e36bde0a60","label":"\ud83d\ude8c Pickup Location","name":"text_10665e36bde0a60","value":"","description":"Included Pick-up service in South Tenerife. Simply provide your address or hotel name.","error":false,"gt_translate_keys":["label","description","value"],"price_dependency":false,"cl_dependency":false}]]}},"config":{"price_override":"always","enable_recaptcha":false,"bind_quantity":false,"quantity_bind_formula":false,"disp_summ_show_option_price":true,"disp_summ_show_product_price":false,"disp_summ_show_total_price":true,"disp_summ_show_fee":true,"disp_summ_show_discount":true,"summary_title":"","options_total_label":"Options Price","total_label":"Total Amount","options_product_label":"Product Price","fee_label":"Fee","discount_label":"Discount","has_price":true,"has_quantity_formula":false},"mc_unit":1,"tax_rate":1,"tax_rate_real":1,"discount":{"percentage":0,"fixed":0},"design":{"conf":{"LabelPosition":"above","DescPosition":"above","UploadField":"custom_1","QuantityFieldStyle":"custom_1"},"css":{"LeftLabelWidth":"120px"}},"formulas":[],"lookuptables":[],"clones":false,"cartKey":false}},"_links":{"self":[{"href":"https:\/\/canaryvip.com\/es\/wp-json\/wp\/v2\/product\/11582","targetHints":{"allow":["GET"]}}],"collection":[{"href":"https:\/\/canaryvip.com\/es\/wp-json\/wp\/v2\/product"}],"about":[{"href":"https:\/\/canaryvip.com\/es\/wp-json\/wp\/v2\/types\/product"}],"replies":[{"embeddable":true,"href":"https:\/\/canaryvip.com\/es\/wp-json\/wp\/v2\/comments?post=11582"}],"wp:featuredmedia":[{"embeddable":true,"href":"https:\/\/canaryvip.com\/es\/wp-json\/wp\/v2\/media\/11584"}],"wp:attachment":[{"href":"https:\/\/canaryvip.com\/es\/wp-json\/wp\/v2\/media?parent=11582"}],"wp:term":[{"taxonomy":"product_brand","embeddable":true,"href":"https:\/\/canaryvip.com\/es\/wp-json\/wp\/v2\/product_brand?post=11582"},{"taxonomy":"product_cat","embeddable":true,"href":"https:\/\/canaryvip.com\/es\/wp-json\/wp\/v2\/product_cat?post=11582"},{"taxonomy":"product_tag","embeddable":true,"href":"https:\/\/canaryvip.com\/es\/wp-json\/wp\/v2\/product_tag?post=11582"}],"curies":[{"name":"wp","href":"https:\/\/api.w.org\/{rel}","templated":true}]}}