{"id":11531,"date":"2024-05-21T11:43:07","date_gmt":"2024-05-21T10:43:07","guid":{"rendered":"https:\/\/canaryvip.com\/?post_type=product&#038;p=11531"},"modified":"2025-06-29T00:06:38","modified_gmt":"2025-06-28T23:06:38","slug":"history-music-tenerife","status":"publish","type":"product","link":"https:\/\/canaryvip.com\/es\/shop\/history-music-tenerife\/","title":{"rendered":"Historia, La evoluci\u00f3n de la m\u00fasica:<br\/>Tenerife Espect\u00e1culo Nocturno"},"content":{"rendered":"<h2>\ud83c\udfb6 Descubre la historia, la evoluci\u00f3n de la m\u00fasica en Tenerife<\/h2>\n<p>Sum\u00e9rjase en un viaje musical inolvidable en el espect\u00e1culo \"Historia: La Evoluci\u00f3n de la M\u00fasica\" en Tenerife, presentado por el Auditorio Pir\u00e1mide de Arona. Este espectacular evento, disponible a trav\u00e9s de CanaryVIP, muestra los momentos m\u00e1s ic\u00f3nicos de la historia de la m\u00fasica, con un conjunto diverso de 30 talentosos artistas de 15 pa\u00edses diferentes.<\/p>\n<p>Disfrute de una cautivadora velada de m\u00fasica en directo, danza vibrante e impresionantes coreograf\u00edas que rinden homenaje a leyendas de la m\u00fasica, desde Mozart hasta Michael Jackson. Este espect\u00e1culo de 2 horas, con un intermedio de 15 minutos, promete una noche llena de ritmos y sonidos que han dado forma a nuestro mundo.<\/p>\n<h3>\ud83c\udf1f Un viaje a trav\u00e9s de las eras musicales<\/h3>\n<p><strong>La evoluci\u00f3n de la m\u00fasica:<\/strong> Este espect\u00e1culo le llevar\u00e1 en un fascinante viaje a trav\u00e9s del tiempo, celebrando las obras de Beethoven, Caruso, Elvis, The Beatles, Queen, ABBA, Pink Floyd y muchos m\u00e1s. Desde la Edad Media hasta los \u00e9xitos de hoy, cada \u00e9poca cobra vida con impresionantes audiovisuales y deslumbrantes vestuarios.<\/p>\n<p><strong>Rendimiento din\u00e1mico:<\/strong> Combinando m\u00fasica en directo, danza, teatro y acrobacias, el espect\u00e1culo crea una experiencia din\u00e1mica y atractiva apta para todas las edades. Las impresionantes actuaciones y las interpretaciones en directo de famosas bandas sonoras y \u00e9xitos de Broadway garantizan una velada memorable para todos los asistentes.<\/p>\n<h3>\ud83d\udccd Lugar y horario<\/h3>\n<p><strong>Ubicaci\u00f3n:<\/strong> El espect\u00e1culo se celebra en el elegante <a href=\"https:\/\/www.google.com\/maps\/place\/Pir%C3%A1mide+de+Arona\/@28.05472,-16.7337319,17z\/data=!3m1!4b1!4m6!3m5!1s0xc6a977926d44d3d:0x16c097dc6a370b29!8m2!3d28.05472!4d-16.731157!16s%2Fg%2F1vyxknvw?entry=tts&amp;g_ep=EgoyMDI0MDUxOC4wKgBIAVAD\" target=\"_blank\" rel=\"noopener\">Auditorio Pir\u00e1mide de Arona<\/a>situado en Playa de las Am\u00e9ricas, Tenerife. Amplio aparcamiento subterr\u00e1neo disponible en el Centro Comercial Oasis, justo enfrente del recinto.<\/p>\n<p><strong>Horario:<\/strong> El espect\u00e1culo se representa todos los s\u00e1bados, con apertura de puertas a las 20:00 y comienzo de la representaci\u00f3n a las 21:00. Los asientos no est\u00e1n asignados, por lo que se reservan por orden de llegada.<\/p>\n<h3>\ud83c\udf9f\ufe0f Opciones y precios de las entradas<\/h3>\n<p>En CanaryVIP ofrecemos entradas para el espect\u00e1culo \"Historia: La Evoluci\u00f3n de la M\u00fasica\" con el mejor precio garantizado. Las entradas tienen un precio de 49 \u20ac por persona. Disfrute de descuentos para grupos para una experiencia m\u00e1s asequible, por lo que es perfecto para familias, amigos y ocasiones especiales. Reserve ahora su plaza para disfrutar de una velada inolvidable.<\/p>\n<h3>\ud83d\udcc5 Pol\u00edtica flexible de reservas y cancelaciones<\/h3>\n<p><strong>Cancelaciones gratuitas:<\/strong> Cancele hasta 24 horas antes del espect\u00e1culo para obtener un reembolso completo. Si no cancelas o no te presentas, no tendr\u00e1s derecho a reembolso.<\/p>\n<p><strong>Espect\u00e1culos privados:<\/strong> Tambi\u00e9n ofrecemos la posibilidad de reservar espect\u00e1culos privados para salidas de empresa y eventos especiales. <a href=\"https:\/\/canaryvip.com\/es\/contact\/\">Contactarnos<\/a> para obtener m\u00e1s informaci\u00f3n sobre la organizaci\u00f3n de un acto personalizado.<\/p>\n<h3>\ud83d\udc57 C\u00f3digo de vestimenta e informaci\u00f3n adicional<\/h3>\n<p><strong>C\u00f3digo de vestimenta:<\/strong> Se recomienda llevar un atuendo informal para complementar el elegante entorno. Los vaqueros y una camiseta bonita son aceptables, pero se desaconseja el atuendo deportivo y los pantalones cortos para mantener el ambiente sofisticado del espect\u00e1culo.<\/p>\n<p><strong>Entrada del espect\u00e1culo:<\/strong> Para acceder c\u00f3modamente al espect\u00e1culo \"Historia: The Evolution of Music Show\", utilice la entrada designada situada a la izquierda de la entrada principal del hotel. Esta entrada est\u00e1 reservada espec\u00edficamente para los asistentes al espect\u00e1culo, lo que garantiza una entrada fluida y sin complicaciones al recinto.<\/p>\n<h3>\ud83c\udfad Acomp\u00e1\u00f1anos en una velada inolvidable<\/h3>\n<p>Viva la magia de \"Historia: Espect\u00e1culo de la Evoluci\u00f3n de la M\u00fasica\" con CanaryVIP. D\u00e9jese llevar en un viaje a trav\u00e9s de la rica historia de la m\u00fasica, con actuaciones en directo que encantar\u00e1n e inspirar\u00e1n.<\/p>\n<p>Asegure ya sus entradas para una velada de elegancia, entretenimiento e inmersi\u00f3n cultural en el coraz\u00f3n de Tenerife.<\/p>\n<p>\u00a1Reserva hoy mismo tus entradas para este espect\u00e1culo nocturno imprescindible en Tenerife! \ud83c\udf1f\ud83c\udfb6<\/p>","protected":false},"excerpt":{"rendered":"<p><strong>\ud83d\udd0d Espect\u00e1culo musical \"Historia\":<\/strong><br \/>\n\u2705 Pago seguro.<br \/>\n\ud83c\udfa4 Espect\u00e1culo musical.<br \/>\n\ud83c\udfb6 +30 Artistas con talento.<br \/>\n\ud83d\udcc6 Todos los s\u00e1bados.<br \/>\n\u23f0 Apertura de puertas 20:00.<br \/>\n\ud83d\udd58 El espect\u00e1culo comienza a las 21:00.<br \/>\n\u23f3 Duraci\u00f3n \u2248 2:15h<br \/>\n\ud83c\udf0d Anfitri\u00f3n ingl\u00e9s.<br \/>\n\ud83d\ude80 \u00a1Nuevo espect\u00e1culo en Tenerife!<br \/>\n\ud83e\udd11 Mejor precio garantizado.<br \/>\n\ud83d\udc6a Descuentos para grupos.<br \/>\n\ud83d\udd01 Cancelaci\u00f3n gratuita hasta 24h.<br \/>\n\ud83d\udccd Lugar de celebraci\u00f3n en <a href=\"https:\/\/www.google.com\/maps\/place\/Pir%C3%A1mide+de+Arona\/@28.05472,-16.7337319,17z\/data=!3m1!4b1!4m6!3m5!1s0xc6a977926d44d3d:0x16c097dc6a370b29!8m2!3d28.05472!4d-16.731157!16s%2Fg%2F1vyxknvw?entry=tts&amp;g_ep=EgoyMDI0MDUxOC4wKgBIAVAD\">Pir\u00e1mide de Arona.<\/a><\/p>","protected":false},"featured_media":11532,"comment_status":"open","ping_status":"closed","template":"","meta":{"_acf_changed":false},"product_brand":[],"product_cat":[59],"product_tag":[],"class_list":{"0":"post-11531","1":"product","2":"type-product","3":"status-publish","4":"has-post-thumbnail","6":"product_cat-evening-shows","7":"wcpa_has_options","9":"first","10":"instock","11":"virtual","12":"purchasable","13":"product-type-simple"},"acf":[],"wcpa_form_fields":{"wcpaData":{"product":{"product_price":49,"price_html":"From&nbsp;<span class=\"woocommerce-Price-amount amount\"><bdi>49,00&nbsp;<span class=\"woocommerce-Price-currencySymbol\">&euro;<\/span><\/bdi><\/span>","original_product_price":49,"price_including_tax":49,"price_excluding_tax":49,"product_id":{"parent":11531,"variation":false},"is_variable":false,"stock_status":"instock","stock_quantity":null,"parent_sku":"CV11531","product_attributes":[],"custom_fields":[],"is_taxable":false,"product_name":"History, The Evolution of Music:<br\/>Tenerife Night Show","hasImage":false},"fields":{"sec_10664c7e1fdf7bf":{"extra":{"key":"sec_10664c7e1fdf7bf","section_id":"sec_10664c7e1fdf7bf","name":"Tickets","status":1,"cl_rule":"show","enableCl":false,"relations":[{"operator":false,"rules":[{"operator":"AND","rules":{"cl_field":"radio-group_5664c7e1fdf7be","cl_relation":"is","cl_val":"Gold Entrance"}}]}],"toggle":true,"title_tag":"h4","show_title":false,"showPrice":"default","form_id":11537,"form_rules":{"exclude_from_discount":true,"fee_label":"Fee","disp_hide_options_price":true,"disp_show_section_price":false,"disp_show_field_price":true,"layout_option":"standard","pric_use_as_fee":false,"process_fee_as":"woo_fee"},"layout_option":"standard"},"fields":[[{"label":"\ud83d\udcc5 Date","active":true,"required":true,"elementId":"date_7664c7e1fdf7ad","picker_type":"custom","picker_mode":"single","placeholder":"","description":"","tooltip":"","name":"date_7664c7e1fdf7ad","label_position":"default","desc_position":"default","enablePrice":false,"className":"","enableCl":false,"relations":[{"operator":"and","rules":[{"operator":"AND","rules":{"cl_field":"radio-group_5664c7e1fdf7be","cl_relation":"is_not_empty","cl_val":"3 Hour Trip"}}]}],"date_pic_inline":true,"date_pic_inline_hide":true,"min_date":{"type":"days","val":"0"},"max_date":{"type":"days","val":"365"},"date_pic_conf":{"disabledWeeks":[0,1,2,3,4,5],"disabledDates":["2025-09-20","2025-09-29","2025-10-04","2025-11-13 to 2025-12-13","2026-09-26","2026-10-10","2026-10-17"]},"price":"","cl_rule":"show","col":6,"type":"date","error":false,"enableDesign":false,"LabelColor":"","date_conf_custom":{"minDate":"let d = new Date();\nif (d.getHours() >= 21) {\n  d.setDate(d.getDate() + 1);\n} else {\n  d.setDate(d.getDate() + 0);\n}\nreturn d;"},"isWeightTemplate":false,"isTemplate":false,"min_quantity":"1","quantity_decimal":false,"quantity_step":"1","quantity_label":"Quantity","repeater_field_label":"{field_label}","repeater_bind":"","gt_translate_keys":["label","placeholder","description","tooltip","repeater_field_label","quantity_label"],"price_dependency":false,"cl_dependency":false,"value":""}],[{"active":true,"col":6,"relations":false,"cl_rule":"show","enableCl":false,"price":"","enablePrice":false,"className":"","label_position":"default","desc_position":"default","type":"separator","required":false,"elementId":"separator_7664c7e1fdf7cc","label":"Separator Field","height":"8","separatorType":"blank","error":false,"gt_translate_keys":["label"],"price_dependency":false,"cl_dependency":false,"value":""}],[{"active":true,"col":6,"relations":false,"cl_rule":"show","enableCl":false,"price":"","enablePrice":false,"className":"","label_position":"default","desc_position":"default","type":"content","required":false,"elementId":"content_1664c7e1fdf7d8","label":"People","name":"content_1664c7e1fdf7d8","contentType":"plain","value":"","error":false,"show_in_checkout":true,"inline":false,"gt_translate_keys":["label","value"],"price_dependency":false,"cl_dependency":false}],[{"active":true,"col":6,"relations":[{"operator":false,"rules":[{"operator":"AND","rules":{"cl_field":"","cl_relation":"","cl_val":""}}]}],"cl_rule":"show","enableCl":true,"price":"49","enablePrice":true,"className":"","label_position":"default","desc_position":"default","type":"radio-group","required":false,"elementId":"radio-group_9664c7e1fdf7e3","label":"","name":"radio-group_9664c7e1fdf7e3","values":[{"label":"\ud83d\udc64 Adult (49\u20ac)","value":"Adult (49\u20ac)","selected":true,"tempId":"aco_32","tooltip":"+16 Years","description":"","gt_translate_keys":["label","tooltip","description"]}],"layOut":"","error":false,"checkUi":"button","priceOptions":"fixed_for_all","pricingType":"fixed","enable_quantity":true,"quantity_label":"","min_quantity":"0","options_tooltip":true,"options_description":true,"gt_translate_keys":["label","quantity_label"],"price_dependency":false,"cl_dependency":false,"value":""}],[{"label":"","active":true,"required":false,"elementId":"radio-group_3664c7e1fdf7ef","name":"radio-group_3664c7e1fdf7ef","label_position":"default","desc_position":"default","enablePrice":true,"className":"","enableCl":true,"relations":[{"operator":false,"rules":[{"operator":"AND","rules":{"cl_field":"","cl_relation":"","cl_val":""}}]}],"enable_quantity":true,"quantity_label":"","min_quantity":"0","checkUi":"button","layOut":"","options_tooltip":true,"options_description":true,"values":[{"label":"\ud83d\udc66 Child (25\u20ac)","value":"Child","selected":true,"tempId":"aco_32","tooltip":"5-15 Years","description":"","gt_translate_keys":["label","tooltip","description"]}],"priceOptions":"fixed_for_all","pricingType":"fixed","price":"25","cl_rule":"show","col":6,"type":"radio-group","error":false,"gt_translate_keys":["label","quantity_label"],"price_dependency":false,"cl_dependency":false,"value":""}],[{"label":"","active":true,"required":false,"elementId":"radio-group-9164063374","name":"radio-group-9164063374","label_position":"default","desc_position":"default","enablePrice":true,"className":"","enableCl":true,"relations":[{"operator":false,"rules":[{"operator":"AND","rules":{"cl_field":"","cl_relation":"","cl_val":""}}]}],"enable_quantity":true,"quantity_label":"","min_quantity":"0","checkUi":"button","layOut":"","options_tooltip":true,"options_description":true,"values":[{"label":"\ud83d\udc76 Toddler (Free)","value":"Toddler","selected":true,"tempId":"aco_32","tooltip":"0-4 Years","description":"","gt_translate_keys":["label","tooltip","description"]}],"priceOptions":"fixed_for_all","pricingType":"fixed","price":"0","cl_rule":"show","col":6,"type":"radio-group","error":false,"gt_translate_keys":["label","quantity_label"],"price_dependency":false,"cl_dependency":false,"value":""}]]}},"config":{"price_override":"always","enable_recaptcha":false,"bind_quantity":false,"quantity_bind_formula":false,"disp_summ_show_option_price":true,"disp_summ_show_product_price":false,"disp_summ_show_total_price":true,"disp_summ_show_fee":true,"disp_summ_show_discount":true,"summary_title":"","options_total_label":"Options Price","total_label":"Total Amount","options_product_label":"Product Price","fee_label":"Fee","discount_label":"Discount","has_price":true,"has_quantity_formula":false},"mc_unit":1,"tax_rate":1,"tax_rate_real":1,"discount":{"percentage":0,"fixed":0},"design":{"conf":{"LabelPosition":"above","DescPosition":"above","UploadField":"custom_1","QuantityFieldStyle":"custom_1"},"css":{"LeftLabelWidth":"120px"}},"formulas":[],"lookuptables":[],"clones":false,"cartKey":false}},"_links":{"self":[{"href":"https:\/\/canaryvip.com\/es\/wp-json\/wp\/v2\/product\/11531","targetHints":{"allow":["GET"]}}],"collection":[{"href":"https:\/\/canaryvip.com\/es\/wp-json\/wp\/v2\/product"}],"about":[{"href":"https:\/\/canaryvip.com\/es\/wp-json\/wp\/v2\/types\/product"}],"replies":[{"embeddable":true,"href":"https:\/\/canaryvip.com\/es\/wp-json\/wp\/v2\/comments?post=11531"}],"wp:featuredmedia":[{"embeddable":true,"href":"https:\/\/canaryvip.com\/es\/wp-json\/wp\/v2\/media\/11532"}],"wp:attachment":[{"href":"https:\/\/canaryvip.com\/es\/wp-json\/wp\/v2\/media?parent=11531"}],"wp:term":[{"taxonomy":"product_brand","embeddable":true,"href":"https:\/\/canaryvip.com\/es\/wp-json\/wp\/v2\/product_brand?post=11531"},{"taxonomy":"product_cat","embeddable":true,"href":"https:\/\/canaryvip.com\/es\/wp-json\/wp\/v2\/product_cat?post=11531"},{"taxonomy":"product_tag","embeddable":true,"href":"https:\/\/canaryvip.com\/es\/wp-json\/wp\/v2\/product_tag?post=11531"}],"curies":[{"name":"wp","href":"https:\/\/api.w.org\/{rel}","templated":true}]}}