{"id":11493,"date":"2024-05-14T14:46:09","date_gmt":"2024-05-14T13:46:09","guid":{"rendered":"https:\/\/canaryvip.com\/?post_type=product&#038;p=11493"},"modified":"2025-08-09T14:10:34","modified_gmt":"2025-08-09T13:10:34","slug":"scuba-diving-open-water-course-tenerife","status":"publish","type":"product","link":"https:\/\/canaryvip.com\/es\/shop\/scuba-diving-open-water-course-tenerife\/","title":{"rendered":"Buceo PADI: Curso Open Water Tenerife"},"content":{"rendered":"<h2><strong>\ud83e\udd3f PADI Curso de Buceo en Aguas Abiertas Tenerife<\/strong><\/h2>\n<p>Descubre la mejor experiencia de buceo con nuestro curso PADI Scuba Diving Open Water en Tenerife. Obtenga su licencia de buceo y explore las maravillas del mundo submarino de Tenerife. Nuestros cursos est\u00e1n dise\u00f1ados para prepararte para bucear en cualquier condici\u00f3n, haciendo de Tenerife el lugar perfecto para comenzar tu viaje de buceo.<\/p>\n<h3><strong>\u23f1\ufe0f PADI Curso de Buceo en Aguas Abiertas: \u00a1No necesitas experiencia!<\/strong><\/h3>\n<ul>\n<li><strong>Certificaci\u00f3n:<\/strong> Obt\u00e9n tu certificado PADI Open Water en Tenerife, lo que te permitir\u00e1 bucear en cualquier parte del mundo, incluidos otros pa\u00edses.<\/li>\n<li><strong>Ubicaci\u00f3n:<\/strong> Nuestros cursos se imparten en una escuela de buceo profesional en Los Cristianos.<\/li>\n<li><strong>Duraci\u00f3n:<\/strong> El curso dura de 2 a 3 d\u00edas e incluye 4 inmersiones y clases te\u00f3ricas exhaustivas.<\/li>\n<\/ul>\n<h3><strong>\ud83c\udf0a Clases integrales de buceo en Tenerife<\/strong><\/h3>\n<ul>\n<li><strong>Formaci\u00f3n:<\/strong> Aprenda a bucear con un instructor PADI altamente cualificado, buceando hasta una profundidad m\u00e1xima de 18 metros. Experimenta el mundo submarino como nunca antes, comprendiendo las corrientes oce\u00e1nicas, la vida marina y las leyes subacu\u00e1ticas.<\/li>\n<li><strong>Curso para ni\u00f1os:<\/strong> Los j\u00f3venes buceadores de 10 a 14 a\u00f1os tambi\u00e9n pueden obtener su certificado Junior PADI Open Water, con inmersiones de hasta 12 metros.<\/li>\n<li>Equipamiento completo incluido.<\/li>\n<\/ul>\n<h3><strong>\ud83d\udc22 Condiciones de buceo en Tenerife<\/strong><\/h3>\n<ul>\n<li><strong>Temperatura del agua:<\/strong> Disfrute de unas agradables condiciones para bucear durante todo el a\u00f1o, con temperaturas que oscilan entre los 18 y los 25 \u00b0C.<\/li>\n<li><strong>Visibilidad:<\/strong> Disfrute de una visibilidad submarina de entre 15 y 30 metros, ideal para observar diversos tipos de vida marina, como rayas, tortugas, pulpos, etc.<\/li>\n<li><strong>Ubicaci\u00f3n conveniente:<\/strong> La escuela de buceo est\u00e1 situada en Los Cristianos, con f\u00e1cil acceso a los mejores puntos de buceo y servicio opcional de recogida en el sur de Tenerife.<\/li>\n<\/ul>\n<h3><strong>\u2705 \u00bfQu\u00e9 incluye tu curso PADI en Tenerife?<\/strong><\/h3>\n<ul>\n<li>Servicio opcional de recogida y entrega.<\/li>\n<li>Clases de buceo guiadas por instructores experimentados.<\/li>\n<li>Taquillas para efectos personales.<\/li>\n<li>20-45 minutos de inmersi\u00f3n por sesi\u00f3n.<\/li>\n<li>Gu\u00edas multiling\u00fces para una instrucci\u00f3n clara.<\/li>\n<\/ul>\n<h3><strong>\u2696\ufe0f Pol\u00edtica de reservas y cancelaciones para bucear en Tenerife<\/strong><\/h3>\n<ul>\n<li><strong>Cancelaciones flexibles:<\/strong> Cancele hasta 48 horas antes de su inmersi\u00f3n para obtener un reembolso completo. Entendemos que los planes pueden cambiar.<\/li>\n<li><strong>Depende del tiempo:<\/strong> En caso de mal tiempo, puede cambiar la fecha o recibir un reembolso completo. Le informaremos al menos con una hora de antelaci\u00f3n.<\/li>\n<li><strong>Requisitos m\u00e9dicos:<\/strong> Se debe rellenar un formulario m\u00e9dico antes de la inmersi\u00f3n para garantizar que se est\u00e1 en condiciones de bucear.<\/li>\n<\/ul>\n<h3><strong>\ud83c\udf92 C\u00f3mo preparar tu aventura de buceo<\/strong><\/h3>\n<ul>\n<li><strong>Qu\u00e9 llevar:<\/strong> Ba\u00f1ador, chanclas, toalla y tu ticket del CanaryVIP (impreso o en tu tel\u00e9fono).<\/li>\n<li><strong>Salud y seguridad:<\/strong> No se recomienda bucear a las mujeres embarazadas de m\u00e1s de 5 meses. Los participantes deben sentirse c\u00f3modos en el agua y saber nadar.<\/li>\n<li><strong>Equipamiento:<\/strong> Se proporciona todo el equipo de buceo necesario. Traer equipo personal puede aumentar su comodidad.<\/li>\n<\/ul>\n<h3>\u2753 <strong>Preguntas frecuentes: Respuestas a sus preguntas sobre buceo<\/strong><\/h3>\n<ul>\n<li><strong>\u00bfNecesito experiencia previa en buceo?<\/strong> No, nuestros cursos est\u00e1n dise\u00f1ados para principiantes. S\u00f3lo prep\u00e1rate para una emocionante aventura submarina.<\/li>\n<li><strong>\u00bfQu\u00e9 me pongo?<\/strong> Proporcionamos todo el equipo de seguridad y de buceo necesario.<\/li>\n<li><strong>\u00bfHay restricciones de edad?<\/strong> Apto para mayores de 10 a\u00f1os. Los ni\u00f1os de 10 a 14 a\u00f1os pueden inscribirse en el curso Junior Open Water.<\/li>\n<li><strong>\u00bfY si no veo tortugas ni rayas?<\/strong> Aunque los avistamientos son frecuentes, no se pueden garantizar, ya que dependen de la naturaleza.<\/li>\n<\/ul>\n<h3><strong>\ud83d\udcc5 Detalles del curso<\/strong><\/h3>\n<ul>\n<li><strong>Duraci\u00f3n:<\/strong> El curso dura 2-3 d\u00edas, con 4 inmersiones y clases te\u00f3ricas.<\/li>\n<li><strong>Edad m\u00ednima:<\/strong> 10 a\u00f1os. Los buceadores j\u00fanior (de 10 a 14 a\u00f1os) est\u00e1n certificados para bucear hasta 12 metros.<\/li>\n<li><strong>Certificaci\u00f3n:<\/strong> Al finalizar, recibir\u00e1s un certificado PADI Open Water Diver, que te permitir\u00e1 bucear hasta 18 metros en cualquier parte del mundo, siempre con un compa\u00f1ero.<\/li>\n<li><strong>Estructura del curso:<\/strong>\n<ul>\n<li><strong>Teor\u00eda:<\/strong> Obtenga informaci\u00f3n sobre el equipo, la seguridad y la navegaci\u00f3n subacu\u00e1tica, que puede completar en l\u00ednea antes de comenzar el curso.<\/li>\n<li><strong>Ejercicios pr\u00e1cticos:<\/strong> Gane confianza con su equipo mediante ejercicios subacu\u00e1ticos y en superficie.<\/li>\n<li><strong>Inmersiones:<\/strong> Completar 4 inmersiones - 2 hasta 12 metros y 2 hasta 18 metros, practicando las habilidades aprendidas en las sesiones te\u00f3ricas y pr\u00e1cticas.<\/li>\n<\/ul>\n<\/li>\n<li><strong>Equipamiento:<\/strong> Todo el equipo necesario est\u00e1 incluido en el precio del curso.<\/li>\n<li><strong>Certificaci\u00f3n para Juniors:<\/strong> Los ni\u00f1os de 10 a 14 a\u00f1os reciben una certificaci\u00f3n Junior Open Water Diver, que permite inmersiones de hasta 12 metros.<\/li>\n<\/ul>\n<h4><strong>\ud83c\udf1e \u00bfListo para sumergirte?<\/strong><\/h4>\n<p>Emb\u00e1rquese en un inolvidable curso PADI <a href=\"https:\/\/canaryvip.com\/es\/shop\/scuba-diving-tenerife\/\">Buceo<\/a> Curso Open Water en Tenerife. Ya sea buceando desde Los Cristianos, observando tortugas o explorando la vibrante vida marina, tu aventura con CanaryVIP promete emoci\u00f3n y recuerdos duraderos.<\/p>\n<p>\u00a1Reserva tu plaza hoy mismo y sum\u00e9rgete en las maravillas del oc\u00e9ano con CanaryVIP! \ud83e\udd3f\ud83d\udc22\ud83c\udf0a<\/p>","protected":false},"excerpt":{"rendered":"<p><strong>\ud83d\udd0d Curso PADI Tenerife:<\/strong><br \/>\n\u2705 Pago seguro.<br \/>\n\ud83c\udfab Obtener el certificado PADI.<br \/>\n\ud83d\udc20 Avistamientos de vida marina.<br \/>\n\ud83d\ude80 2-3 d\u00edas Duraci\u00f3n del curso.<br \/>\n\ud83e\udd3f Equipo proporcionado.<br \/>\n\ud83d\udd59 Salida por la ma\u00f1ana.<br \/>\n\ud83d\udcc5 Disponible todos los d\u00edas.<br \/>\n\ud83d\ude0e No se necesita experiencia en buceo.<br \/>\n\ud83c\udfca\ud83c\udffc Se requiere nataci\u00f3n b\u00e1sica.<br \/>\n\ud83e\udd11 Mejor precio garantizado.<br \/>\n\ud83d\ude8d Servicio de transporte opcional.<br \/>\n\ud83d\udc6a Descuentos para grupos.<br \/>\n\ud83d\udd01 48 Pol\u00edtica de cancelaci\u00f3n.<br \/>\n\ud83c\udf0d Gu\u00edas en ingl\u00e9s y espa\u00f1ol.<br \/>\n\ud83c\udf1f Reserva pronto y ahorra.<br \/>\n\ud83d\udccd Salida de\u00a0<a href=\"https:\/\/maps.app.goo.gl\/g9c9rZaJv7igjr3t8\">Los Cristianos<\/a>.<\/p>","protected":false},"featured_media":11503,"comment_status":"open","ping_status":"closed","template":"","meta":{"_acf_changed":false},"product_brand":[],"product_cat":[53],"product_tag":[],"class_list":{"0":"post-11493","1":"product","2":"type-product","3":"status-publish","4":"has-post-thumbnail","6":"product_cat-water-sports","7":"wcpa_has_options","9":"first","10":"instock","11":"virtual","12":"purchasable","13":"product-type-simple"},"acf":[],"wcpa_form_fields":{"wcpaData":{"product":{"product_price":370,"price_html":"From&nbsp;<span class=\"woocommerce-Price-amount amount\"><bdi>370,00&nbsp;<span class=\"woocommerce-Price-currencySymbol\">&euro;<\/span><\/bdi><\/span>","original_product_price":370,"price_including_tax":370,"price_excluding_tax":370,"product_id":{"parent":11493,"variation":false},"is_variable":false,"stock_status":"instock","stock_quantity":null,"parent_sku":"CV11493","product_attributes":[],"custom_fields":[],"is_taxable":false,"product_name":"PADI Scuba Diving: Open Water Course Tenerife","hasImage":false},"fields":{"sec_46644afc54864b":{"extra":{"key":"sec_46644afc54864b","section_id":"sec_46644afc54864b","name":"Default","status":1,"cl_rule":"show","enableCl":false,"relations":[],"toggle":true,"title_tag":"h3","show_title":false,"showPrice":"default","form_id":11507,"form_rules":{"exclude_from_discount":true,"fee_label":"Fee","disp_hide_options_price":true,"disp_show_section_price":false,"disp_show_field_price":true,"layout_option":"standard","pric_use_as_fee":false,"process_fee_as":"woo_fee"},"layout_option":"standard"},"fields":[[{"label":"\ud83d\udcc5 Date","active":true,"required":true,"elementId":"date_96644afc54866b","picker_type":"custom","picker_mode":"single","placeholder":"","description":"","tooltip":"","name":"date_96644afc54866b","label_position":"default","desc_position":"default","enablePrice":false,"className":"","enableCl":false,"relations":[{"operator":"and","rules":[{"operator":"AND","rules":{"cl_field":"radio-group_4664295c2b9c39","cl_relation":"is","cl_val":"3 Hour Trip"}}]}],"date_pic_inline":true,"date_pic_inline_hide":true,"min_date":{"type":"days","val":"1"},"max_date":{"type":"days","val":"365"},"date_pic_conf":{"disabledWeeks":[]},"price":"","cl_rule":"show","col":6,"type":"date","error":false,"enableDesign":false,"LabelColor":"","gt_translate_keys":["label","placeholder","description","tooltip"],"price_dependency":false,"cl_dependency":false,"value":""}],[{"active":true,"col":6,"relations":false,"cl_rule":"show","enableCl":false,"price":"","enablePrice":false,"className":"","label_position":"default","desc_position":"default","type":"separator","required":false,"elementId":"separator_76644afc54867a","label":"Separator Field","height":"2","separatorType":"blank","error":false,"gt_translate_keys":["label"],"price_dependency":false,"cl_dependency":false,"value":""}]]},"sec_06644afc54875a":{"extra":{"key":"sec_06644afc54875a","section_id":"sec_06644afc54875a","name":"Dive with a License","status":1,"cl_rule":"show","enableCl":false,"relations":[{"operator":false,"rules":[{"operator":"AND","rules":{"cl_field":"radio-group_26644afc548687","cl_relation":"is","cl_val":"Dive with a License"}}]}],"toggle":true,"title_tag":"h4","show_title":false,"showPrice":"default","form_id":11507,"form_rules":{"exclude_from_discount":true,"fee_label":"Fee","disp_hide_options_price":true,"disp_show_section_price":false,"disp_show_field_price":true,"layout_option":"standard","pric_use_as_fee":false,"process_fee_as":"woo_fee"},"layout_option":"standard"},"fields":[[{"contentType":"rich","active":true,"label":"","elementId":"content_46644afc54876d","value":"<p>\ud83c\udf9f\ufe0f <strong>Reservation<\/strong>: Pay only a deposit now to reserve; the rest is due on the day of the activity upon arrival.<\/p>","inline":true,"show_in_checkout":true,"name":"content_46644afc54876d","enablePrice":false,"className":"","subtype":"div","enableCl":false,"relations":false,"price":"","cl_rule":"show","col":6,"type":"content","gt_translate_keys":["label","value"],"price_dependency":false,"cl_dependency":false}],[{"active":true,"col":6,"relations":false,"cl_rule":"show","enableCl":false,"price":"","enablePrice":true,"className":"","label_position":"default","desc_position":"default","type":"select","required":false,"elementId":"select_96644afc548776","label":"\ud83e\udeaa PADI Open Water Course","name":"select_96644afc548776","values":[{"label":"1 Person (370\u20ac)","value":"1","selected":false,"tempId":"aco_6352","price":"370","gt_translate_keys":["label"]},{"label":"2 People (740\u20ac)","value":"2","selected":false,"tempId":"aco_6353","price":"740","gt_translate_keys":["label"]},{"label":"3 People (1.110\u20ac)","value":"3","selected":false,"tempId":"aco_6354","price":"1110","gt_translate_keys":["label"]},{"label":"4 People (1.480\u20ac)","value":"4","selected":false,"tempId":"aco_922","price":"1480","gt_translate_keys":["label"]}],"dropdown_type":"basic","error":false,"priceOptions":"different_for_all","pricingType":"fixed","placeholder":"Select Amount of People","is_show_price":true,"gt_translate_keys":["label","placeholder"],"price_dependency":["content_106644afc548789","content_46644afc548793","content_76644afc54879c"],"cl_dependency":false,"value":""}],[{"elementId":"separator_106644afc548780","separatorType":"fill","separatorColor":"#66a6b6","className":"","height":"6","enableCl":false,"relations":false,"cl_rule":"show","col":6,"type":"separator","gt_translate_keys":[],"price_dependency":false,"cl_dependency":false,"value":""}],[{"contentType":"plain","active":true,"label":"Deposit Now","elementId":"content_106644afc548789","value":"","inline":true,"show_in_checkout":true,"name":"content_106644afc548789","enablePrice":true,"className":"","fee_label":"","subtype":"div","enableCl":false,"relations":false,"scrollBar":false,"enableDesign":true,"LabelColor":"","LabelSize":"14px","pricingType":"custom","isTemplate":false,"price":"{field.select_96644afc548776.price}*0.1581081","use_as_fee":false,"is_show_price":false,"cl_rule":"show","col":6,"type":"content","error":false,"formulaId":"fmla_1715641843927697789","gt_translate_keys":["label","value"],"price_dependency":false,"cl_dependency":false}],[{"contentType":"plain","active":true,"label":"Payment at Arrival","elementId":"content_46644afc548793","value":"","inline":true,"show_in_checkout":true,"name":"content_46644afc548793","enablePrice":true,"className":"","fee_label":"","subtype":"div","enableCl":false,"relations":[{"operator":false,"rules":[{"operator":"AND","rules":{"cl_field":"content_86644afc5486bd","cl_relation":"is_not_empty","cl_val":""}}]}],"scrollBar":false,"enableDesign":true,"LabelColor":"","LabelSize":"14px","pricingType":"custom","isTemplate":false,"price":"{field.select_96644afc548776.price}*0.8418919","use_as_fee":false,"is_show_price":true,"cl_rule":"disable","col":6,"type":"content","error":false,"formulaId":"fmla_1715642020961697970","gt_translate_keys":["label","value"],"price_dependency":false,"cl_dependency":false}],[{"contentType":"plain","active":true,"label":"Total Amount","elementId":"content_76644afc54879c","value":"","inline":true,"show_in_checkout":true,"name":"content_76644afc54879c","enablePrice":true,"className":"","fee_label":"","subtype":"div","enableCl":false,"relations":[{"operator":false,"rules":[{"operator":"AND","rules":{"cl_field":"content_86644afc5486bd","cl_relation":"is_not_empty","cl_val":""}}]}],"scrollBar":false,"enableDesign":true,"LabelColor":"","LabelSize":"14px","pricingType":"custom","isTemplate":false,"price":"{field.select_96644afc548776.price}","use_as_fee":false,"is_show_price":true,"cl_rule":"disable","col":6,"type":"content","error":false,"gt_translate_keys":["label","value"],"price_dependency":false,"cl_dependency":false}]]},"sec_16644afc54879d":{"extra":{"key":"sec_16644afc54879d","section_id":"sec_16644afc54879d","name":"Pickup Location","status":1,"cl_rule":"show","enableCl":false,"relations":[],"toggle":true,"title_tag":"h4","show_title":false,"showPrice":"default","form_id":11507,"form_rules":{"exclude_from_discount":true,"fee_label":"Fee","disp_hide_options_price":true,"disp_show_section_price":false,"disp_show_field_price":true,"layout_option":"standard","pric_use_as_fee":false,"process_fee_as":"woo_fee"},"layout_option":"standard"},"fields":[[{"active":true,"col":6,"relations":[{"operator":false,"rules":[{"operator":"AND","rules":{"cl_field":"radio-group_4664295c2b9c39","cl_relation":"is","cl_val":"3 Hour Trip"}}]}],"cl_rule":"show","enableCl":false,"price":"","enablePrice":false,"className":"","label_position":"default","desc_position":"default","type":"select","required":true,"elementId":"select_106644afc5487a6","label":"\u23f0 Departure Time","name":"select_106644afc5487a6","values":[{"label":"9:00 AM","value":"9:00","selected":true,"tempId":"aco_1450","gt_translate_keys":["label"]}],"dropdown_type":"basic","error":false,"placeholder":"","gt_translate_keys":["label","placeholder"],"price_dependency":false,"cl_dependency":false,"value":""}],[{"active":true,"col":6,"relations":false,"cl_rule":"show","enableCl":false,"price":"","enablePrice":false,"className":"","label_position":"default","desc_position":"default","type":"separator","required":false,"elementId":"separator_46644afc5487b0","label":"Separator Field","height":"1","separatorType":"blank","error":false,"gt_translate_keys":["label"],"price_dependency":false,"cl_dependency":false,"value":""}],[{"active":true,"col":6,"relations":[{"operator":false,"rules":[{"operator":false,"rules":{"cl_field":"radio-group_4664295c2b9c39","cl_relation":"is_not","cl_val":"4.5 Hour Trip from North Tenerife"}}]}],"cl_rule":"show","enableCl":false,"price":"","enablePrice":false,"className":"","label_position":"default","desc_position":"default","type":"text","subtype":"text","required":false,"elementId":"text_66644afc5487b9","label":"\ud83d\ude8c Pickup Location","name":"text_66644afc5487b9","value":"","error":false,"description":"Pick-up service in Tenerife South available for an extra 2\u20ac per person, to be paid on arrival. Please provide your address or hotel name to book the shuttle service; if not needed, leave it blank. | For Callao Salvaje and Palm-Mar, the extra cost is 4\u20ac per person | El M\u00e9dano: 15\u20ac per car | Golf del Sur: 10\u20ac per car.","repeater":false,"repeater_field_label":"{field_label}","repeater_bind":"","gt_translate_keys":["label","description","value","repeater_field_label"],"price_dependency":false,"cl_dependency":false}]]}},"config":{"price_override":"always","enable_recaptcha":false,"bind_quantity":false,"quantity_bind_formula":false,"disp_summ_show_option_price":true,"disp_summ_show_product_price":false,"disp_summ_show_total_price":false,"disp_summ_show_fee":true,"disp_summ_show_discount":true,"summary_title":"","options_total_label":"Options Price","total_label":"Deposit Amount","options_product_label":"Product Price","fee_label":"Fee","discount_label":"Discount","has_price":true,"has_quantity_formula":false},"mc_unit":1,"tax_rate":1,"tax_rate_real":1,"discount":{"percentage":0,"fixed":0},"design":{"conf":{"LabelPosition":"above","DescPosition":"above","UploadField":"custom_1","QuantityFieldStyle":"custom_1"},"css":{"LeftLabelWidth":"120px"}},"formulas":{"fmla_1715641843927697789":"(({field.select_5483136313.value}>=3)?(24):(({field.select_5483136313.value}>=2)?(38):(({field.select_5483136313.value}>=1)?(52):(0))))","fmla_1715642020961697970":"(({field.select_5483136313.value}>=3)?(56):(({field.select_5483136313.value}>=2)?(112):(({field.select_5483136313.value}>=1)?(168):(0))))"},"lookuptables":[],"clones":false,"cartKey":false}},"_links":{"self":[{"href":"https:\/\/canaryvip.com\/es\/wp-json\/wp\/v2\/product\/11493","targetHints":{"allow":["GET"]}}],"collection":[{"href":"https:\/\/canaryvip.com\/es\/wp-json\/wp\/v2\/product"}],"about":[{"href":"https:\/\/canaryvip.com\/es\/wp-json\/wp\/v2\/types\/product"}],"replies":[{"embeddable":true,"href":"https:\/\/canaryvip.com\/es\/wp-json\/wp\/v2\/comments?post=11493"}],"wp:featuredmedia":[{"embeddable":true,"href":"https:\/\/canaryvip.com\/es\/wp-json\/wp\/v2\/media\/11503"}],"wp:attachment":[{"href":"https:\/\/canaryvip.com\/es\/wp-json\/wp\/v2\/media?parent=11493"}],"wp:term":[{"taxonomy":"product_brand","embeddable":true,"href":"https:\/\/canaryvip.com\/es\/wp-json\/wp\/v2\/product_brand?post=11493"},{"taxonomy":"product_cat","embeddable":true,"href":"https:\/\/canaryvip.com\/es\/wp-json\/wp\/v2\/product_cat?post=11493"},{"taxonomy":"product_tag","embeddable":true,"href":"https:\/\/canaryvip.com\/es\/wp-json\/wp\/v2\/product_tag?post=11493"}],"curies":[{"name":"wp","href":"https:\/\/api.w.org\/{rel}","templated":true}]}}