{"id":11456,"date":"2024-05-12T23:05:18","date_gmt":"2024-05-12T22:05:18","guid":{"rendered":"https:\/\/canaryvip.com\/?post_type=product&#038;p=11456"},"modified":"2026-03-05T17:06:36","modified_gmt":"2026-03-05T17:06:36","slug":"party-boat-tenerife","status":"publish","type":"product","link":"https:\/\/canaryvip.com\/es\/shop\/party-boat-tenerife\/","title":{"rendered":"Utop\u00eda Boat Party Tenerife"},"content":{"rendered":"<h2>\ud83c\udf89 Party Boat Tenerife con CanaryVIP<\/h2>\n<p><strong>Vive una diversi\u00f3n inolvidable con CanaryVIP:<\/strong> Sum\u00e9rjase en una aventura extraordinaria con nuestras entradas para Party Boat Tenerife. Con salida desde Puerto Col\u00f3n, este emocionante viaje ofrece m\u00fasica vibrante, un sol impresionante y una multitud cosmopolita.<\/p>\n<p><strong>CanaryVIP<\/strong> CanaryVIP ofrece entradas para las fiestas en barco m\u00e1s emocionantes de Tenerife, prometiendo una experiencia \u00fanica e inolvidable, mezclando una emocionante fiesta previa, un en\u00e9rgico paseo en barco y una excitante fiesta posterior.<\/p>\n<p><strong>La mejor experiencia de fiesta:<\/strong>\u00a0: \u00danase a nosotros a bordo de esta celebraci\u00f3n sin igual. Notable mezcla de House, RnB, Hip Hop, DnB, EDM y Reggaeton, todo ello con un sistema de sonido de primera categor\u00eda. DJs profesionales y MCs garantizan entretenimiento sin parar, haciendo de esta la mejor experiencia de fiesta en barco en Tenerife.<\/p>\n<h3>\ud83c\udf9f\ufe0f Opciones de entradas<\/h3>\n<p>Todas las entradas incluyen el acceso a una legendaria fiesta en barco de 3 horas de duraci\u00f3n con m\u00fasica House, RnB, Hip Hop, DnB, EDM y Reggaeton a cargo de los mejores DJ y MC residentes, un enorme sistema de sonido Utopia de 15.000 vatios y fotos profesionales gratuitas en l\u00ednea. Elija entre las siguientes opciones de entradas:<\/p>\n<ul>\n<li><strong>Billete b\u00e1sico:<\/strong> Incluye 4 bebidas de una selecci\u00f3n de licores locales (ron, whisky, ginebra, vodka, licor de coco, amaretto), cerveza Victoria M\u00e1laga, o refrescos (cola, naranja, lim\u00f3n, sprite).<\/li>\n<li><strong>Entrada est\u00e1ndar de barra libre:<\/strong> Incluye una barra libre ilimitada de 3 horas con cerveza local, licores y mezclas.<\/li>\n<li><strong>Ticket de bebidas Premium:<\/strong> Incluye bebidas espirituosas ilimitadas de marcas premium como Absolut Vodka, Bacardi, Havana, Beefeater Gin (normal y rosada), Disaronno, Malibu, Jim Beam, whisky Ballantine's, as\u00ed como Red Bull y mezcladores premium.<\/li>\n<li><strong>Entrada VIP:<\/strong> Incluye todas las ventajas Premium, adem\u00e1s de embarque prioritario y acceso exclusivo a una zona VIP privada y un bar exclusivo a bordo.<\/li>\n<\/ul>\n<h3>\u2728 Detalles de Party Boat Tenerife<\/h3>\n<p><strong>Paquete de fiesta completo:<\/strong> Su viaje comienza con una animada fiesta previa en <a href=\"https:\/\/maps.app.goo.gl\/Vt7HqjMeKHLczpy69\" target=\"_blank\" rel=\"noopener\">Barra Perla Negra,<\/a> donde podr\u00e1 disfrutar de una bebida gratuita y conocer a otros asistentes a la fiesta. El acto principal es un <strong>Crucero de 3 horas<\/strong> a bordo del <strong>Barco de fiesta Utop\u00eda,<\/strong>\u00a0con barra libre y m\u00fasica din\u00e1mica, seguida de una fiesta posterior en el bar Black Pearl con ofertas exclusivas.<\/p>\n<p><strong>Inclusi\u00f3n para todos:<\/strong> Esta actividad satisface a todos los entusiastas de las fiestas, garantizando una mezcla equilibrada de diversi\u00f3n, m\u00fasica e interacci\u00f3n social. Es la mejor opci\u00f3n para quienes buscan una fiesta vibrante y memorable. <a href=\"https:\/\/canaryvip.com\/es\/tenerife\/boat-excursions\/\">experiencia de excursi\u00f3n en barco.<\/a><\/p>\n<h3>\ud83c\udf0a Qu\u00e9 esperar en tu aventura en barco en Tenerife<\/h3>\n<ul>\n<li><strong>M\u00fasica y entretenimiento emocionantes:<\/strong>\u00a0: Baila al ritmo de House, RnB, Hip Hop, DnB, EDM y Reggaeton en este barco de fiesta en Tenerife totalmente equipado.<\/li>\n<li><strong>Barra libre:<\/strong>\u00a0: Disfrute de una barra libre de 3 horas con una selecci\u00f3n de cervezas, licores locales y mezcladores durante su viaje en party boat Tenerife.<\/li>\n<li><strong>Comodidad y servicios:<\/strong>\u00a0: Rel\u00e1jese con c\u00f3modos asientos, instalaciones limpias y un ambiente animado.<\/li>\n<li><strong>Belleza paisaj\u00edstica: <\/strong>: Capta impresionantes vistas de la costa de Tenerife mientras te diviertes sobre las olas.<\/li>\n<li><strong>La seguridad ante todo: <\/strong>: La tripulaci\u00f3n da prioridad a su seguridad con directrices claras y asistencia multiling\u00fce.<\/li>\n<\/ul>\n<h3>\ud83d\udee5\ufe0f Preparando tu aventura en Party Boat Tenerife<\/h3>\n<p>Aseg\u00farese una experiencia sin problemas trayendo su traje de ba\u00f1o, protector solar y <strong>CanaryVIP<\/strong> billete, ya sea digital o impreso. Recomendamos comer algo antes y evitar el alcohol para reducir el riesgo de mareo. Considere la posibilidad de tomar una pastilla contra el mareo antes de la salida para un viaje c\u00f3modo.<\/p>\n<h3>\ud83d\udea4 Party Boat Tenerife: Tu Celebraci\u00f3n Definitiva<\/h3>\n<p>Elija CanaryVIP para su <strong>Fiesta en Barco Tenerife<\/strong> ofreciendo una relaci\u00f3n calidad-precio inmejorable y un servicio excepcional.<br \/>\n\u00danase a nosotros para vivir la mejor experiencia de fiesta en barco:<\/p>\n<ul>\n<li><strong>Las mejores tarifas garantizadas:<\/strong> Disfrute de precios competitivos para una inolvidable fiesta en barco en Tenerife.<\/li>\n<li><strong>Descuentos para grupos:<\/strong> Ahorre m\u00e1s con nuestras tarifas especiales para grupos en nuestro party boat de Tenerife.<\/li>\n<li><strong>Reservas anticipadas:<\/strong> Aseg\u00farese su plaza pronto para no perderse esta exclusiva fiesta en barco en Tenerife.<\/li>\n<li><strong>Pol\u00edtica de cancelaci\u00f3n flexible:<\/strong> Benef\u00edciese de nuestras favorables condiciones de cancelaci\u00f3n.<\/li>\n<li><strong>Operador de confianza:<\/strong> Como proveedor l\u00edder de billetes en las Islas Canarias, <strong>CanaryVIP<\/strong> es la opci\u00f3n preferida para los amantes de las fiestas en barco en Tenerife.<\/li>\n<\/ul>\n<h3>\ud83d\ude99 Punto de encuentro y aparcamiento<\/h3>\n<p><strong>\u00danase a nosotros en Puerto Col\u00f3n:<\/strong> Encu\u00e9ntrenos en el Bar Perla Negra para su aventura en el barco de fiesta de Tenerife. Llegue al menos 15 minutos antes de la salida para asegurar un embarque sin problemas. Hay un amplio aparcamiento disponible en el puerto, por lo que es conveniente para aquellos que se unen a nuestra fiesta en barco Tenerife.<\/p>\n<h3>\ud83c\udf1f CanaryVIP's T\u00e9rminos y Condiciones<\/h3>\n<p>Disfrute de tranquilidad con nuestras completas p\u00f3lizas para su aventura. Esto es lo que necesitas saber:<\/p>\n<ul>\n<li><strong>Planes de contingencia meteorol\u00f3gica:<\/strong> En caso de condiciones meteorol\u00f3gicas adversas, se ofrecer\u00e1n opciones de reprogramaci\u00f3n o reembolso \u00edntegro.<\/li>\n<li><strong>Pol\u00edtica de cancelaci\u00f3n flexible:<\/strong>\n<ul>\n<li>Cancelaci\u00f3n o reprogramaci\u00f3n gratuita hasta 7 d\u00edas antes para reservas individuales.<\/li>\n<li>Para grupos de m\u00e1s de 10 personas, cancelaci\u00f3n gratuita hasta 12 d\u00edas antes del evento.<\/li>\n<li>Para grupos de m\u00e1s de 20 personas, cancelaci\u00f3n gratuita hasta 16 d\u00edas antes del evento.<\/li>\n<li>Necesitar\u00edas <a href=\"https:\/\/canaryvip.com\/es\/contact\/\">Contacto<\/a> para las solicitudes de anulaci\u00f3n.<\/li>\n<\/ul>\n<\/li>\n<li><strong>No presentaci\u00f3n y llegada tard\u00eda:<\/strong> No se reembolsar\u00e1 el dinero por no presentarse o por llegar tarde. Aseg\u00farese de llegar a tiempo, ya que la fiesta en barco suele estar completa.<\/li>\n<li><strong>Comportamiento a bordo:<\/strong> Se espera que los invitados mantengan un ambiente divertido y seguro. El mal comportamiento puede resultar en la eliminaci\u00f3n de la embarcaci\u00f3n sin reembolso.<\/li>\n<li><strong>Mareos y cambios de itinerario:<\/strong> Si se produce un mareo y es necesario modificar el itinerario, no se efectuar\u00e1n reembolsos.<\/li>\n<li><strong>Quejas:<\/strong> Cualquier problema deber\u00e1 tratarse con el personal del barco el d\u00eda del evento, ya que el personal de CanaryVIP no est\u00e1 presente en el barco.<\/li>\n<\/ul>\n<p>\u00a1Reserve ahora y \u00fanase a nosotros en una fiesta inolvidable sobre las olas de Tenerife!<\/p>","protected":false},"excerpt":{"rendered":"<p><strong>\ud83d\udd0d Boat Party Tenerife:<\/strong><br \/>\n\u2705 Pago seguro.<br \/>\n\ud83d\ude80 3h de Fiesta en Barco.<br \/>\n\ud83c\udf7b 3h Barra Libre Incluida.<br \/>\n\ud83d\udcc6 S\u00e1bados a las 12:30.<br \/>\n\ud83c\udfb6 DJs y M\u00fasica.<br \/>\n\ud83d\udeab SOLO +18 A\u00f1os.<br \/>\n\ud83e\udd11 Mejor precio garantizado.<br \/>\n\ud83c\udf1f \u00a1Reserva ahora y ahorra!<br \/>\n\ud83d\udccd Salida de\u00a0<a href=\"https:\/\/www.google.com\/maps\/place\/Puerto+Col%C3%B3n\/@28.0783432,-16.7368735,18.52z\/data=!4m6!3m5!1s0xc6a9743509c9ebf:0xd62345524f768247!8m2!3d28.0789928!4d-16.7359737!16s%2Fg%2F11c6cqryw_?entry=tts\">Puerto Col\u00f3n<\/a>.<\/p>","protected":false},"featured_media":11461,"comment_status":"open","ping_status":"closed","template":"","meta":{"_acf_changed":false},"product_brand":[],"product_cat":[46],"product_tag":[],"class_list":{"0":"post-11456","1":"product","2":"type-product","3":"status-publish","4":"has-post-thumbnail","6":"product_cat-boat-excursions","7":"wcpa_has_options","9":"first","10":"instock","11":"sale","12":"virtual","13":"purchasable","14":"product-type-simple"},"acf":[],"wcpa_form_fields":{"wcpaData":{"product":{"product_price":70,"price_html":"From&nbsp;<del aria-hidden=\"true\"><span class=\"woocommerce-Price-amount amount\"><bdi>75,00&nbsp;<span class=\"woocommerce-Price-currencySymbol\">&euro;<\/span><\/bdi><\/span><\/del> <span class=\"screen-reader-text\">El precio original era: 75,00&nbsp;&euro;.<\/span><ins aria-hidden=\"true\"><span class=\"woocommerce-Price-amount amount\"><bdi>70,00&nbsp;<span class=\"woocommerce-Price-currencySymbol\">&euro;<\/span><\/bdi><\/span><\/ins><span class=\"screen-reader-text\">El precio actual es: 70,00&nbsp;&euro;.<\/span>","original_product_price":75,"price_including_tax":70,"price_excluding_tax":70,"product_id":{"parent":11456,"variation":false},"is_variable":false,"stock_status":"instock","stock_quantity":null,"parent_sku":"CV11456","product_attributes":[],"custom_fields":[],"is_taxable":false,"product_name":"Utopia Boat Party Tenerife","hasImage":false},"fields":{"sec_06641441f5ff23":{"extra":{"key":"sec_06641441f5ff23","section_id":"sec_06641441f5ff23","name":"Default","status":1,"cl_rule":"show","enableCl":false,"relations":[],"toggle":true,"title_tag":"h3","show_title":false,"showPrice":"default","form_id":11462,"form_rules":{"exclude_from_discount":true,"fee_label":"Fee","disp_hide_options_price":true,"disp_show_section_price":false,"disp_show_field_price":true,"layout_option":"standard","pric_use_as_fee":false,"process_fee_as":"woo_fee"},"layout_option":"standard"},"fields":[[{"active":true,"col":6,"relations":false,"cl_rule":"show","enableCl":false,"price":"","enablePrice":false,"className":"oferta-especial","label_position":"default","desc_position":"default","type":"content","required":false,"elementId":"content_1421636141","label":"","name":"content_1421636141","contentType":"rich","value":"<p><strong>\ud83d\udd25 Utopia Boat Party Limited Time Offer!<br>\n<\/strong>Exclusive 5% discount automatically applied at checkout.<\/p>","error":false,"isTemplate":false,"gt_translate_keys":["label","value"],"price_dependency":false,"cl_dependency":false}],[{"label":"\ud83d\udcc5 Date","active":true,"required":true,"elementId":"date_66641441f5ff41","picker_type":"custom","picker_mode":"single","placeholder":"","description":"","tooltip":"","name":"date_66641441f5ff41","label_position":"default","desc_position":"default","enablePrice":false,"className":"","enableCl":false,"relations":[{"operator":"and","rules":[{"operator":"AND","rules":{"cl_field":"radio-group_56641441f5ff51","cl_relation":"is_not_empty","cl_val":"3 Hour Trip"}}]}],"date_pic_inline":true,"date_pic_inline_hide":true,"min_date":{"type":"days","val":"1"},"max_date":"","date_pic_conf":{"disabledWeeks":[1,2,3,4,5,0],"disabledDates":["2024-05-19","2024-05-26","2025-04-06","2025-04-13","2025-04-16","2025-04-20","2025-04-27","2025-09-01 to 2025-09-30"]},"price":"","cl_rule":"show","col":6,"type":"date","error":false,"enableDesign":false,"LabelColor":"","isWeightTemplate":false,"isTemplate":false,"min_quantity":"1","quantity_decimal":false,"quantity_step":"1","quantity_label":"Quantity","repeater_field_label":"{field_label}","repeater_bind":"","gt_translate_keys":["label","placeholder","description","tooltip","repeater_field_label","quantity_label"],"price_dependency":false,"cl_dependency":false,"value":""}],[{"active":true,"col":6,"relations":[{"operator":false,"rules":[{"operator":"AND","rules":{"cl_field":"","cl_relation":"","cl_val":""}}]}],"cl_rule":"show","enableCl":false,"price":"70","enablePrice":true,"className":"","label_position":"default","desc_position":"below","type":"radio-group","required":false,"elementId":"radio-group_86641441f5ff75","label":"","name":"radio-group_86641441f5ff75","values":[{"label":"\ud83d\udfe2 Basic Ticket (70\u20ac)","value":"Basic Ticket","selected":true,"tempId":"aco_32","tooltip":"","description":"","gt_translate_keys":["label","tooltip","description"]}],"layOut":"","error":false,"checkUi":"button","priceOptions":"fixed_for_all","pricingType":"fixed","enable_quantity":true,"quantity_label":"","min_quantity":"0","options_tooltip":true,"options_description":true,"description":"Ideal for budget-friendly fun. Includes a drinks package with 4 beverages at a discounted price.","enableDesign":false,"isWeightTemplate":false,"isTemplate":false,"quantity_decimal":false,"quantity_step":"1","repeater_field_label":"{field_label}","repeater_bind":"","gt_translate_keys":["label","description","repeater_field_label","quantity_label"],"price_dependency":false,"cl_dependency":false,"value":""}],[{"active":true,"col":6,"relations":false,"cl_rule":"show","enableCl":false,"price":"","enablePrice":false,"className":"","label_position":"default","desc_position":"default","type":"separator","required":false,"elementId":"separator_1097273251","label":"Separator Field","height":"3","separatorType":"fill","error":false,"separatorColor":"#4a90e2","gt_translate_keys":["label"],"price_dependency":false,"cl_dependency":false,"value":""}],[{"label":"","active":true,"required":false,"elementId":"radio-group-0169646210","description":"Open bar with unlimited beer, local spirits, and mixers. Perfect for music and drink lovers.","name":"radio-group-0169646210","label_position":"default","desc_position":"below","enablePrice":true,"className":"","enableCl":false,"relations":[{"operator":false,"rules":[{"operator":"AND","rules":{"cl_field":"","cl_relation":"","cl_val":""}}]}],"enableDesign":false,"enable_quantity":true,"quantity_label":"","min_quantity":"0","checkUi":"button","layOut":"","options_tooltip":true,"options_description":true,"values":[{"label":"\ud83c\udf9f\ufe0f Standard Ticket (90\u20ac)","value":"Standard Ticket","selected":true,"tempId":"aco_32","tooltip":"","description":"","gt_translate_keys":["label","tooltip","description"]}],"priceOptions":"fixed_for_all","pricingType":"fixed","price":"90","cl_rule":"show","col":6,"type":"radio-group","error":false,"isWeightTemplate":false,"isTemplate":false,"quantity_decimal":false,"quantity_step":"1","repeater_field_label":"{field_label}","repeater_bind":"","gt_translate_keys":["label","description","repeater_field_label","quantity_label"],"price_dependency":false,"cl_dependency":false,"value":""}],[{"elementId":"separator-0973524418","separatorType":"fill","separatorColor":"#4a90e2","className":"","height":"3","enableCl":false,"relations":false,"cl_rule":"show","col":6,"type":"separator","gt_translate_keys":[],"price_dependency":false,"cl_dependency":false,"value":""}],[{"label":"","active":true,"required":false,"elementId":"radio-group_56641441f5ffa1","name":"radio-group_56641441f5ffa1","label_position":"default","desc_position":"below","enablePrice":true,"className":"","enableCl":false,"relations":[{"operator":false,"rules":[{"operator":"AND","rules":{"cl_field":"","cl_relation":"","cl_val":""}}]}],"enable_quantity":true,"quantity_label":"","min_quantity":"0","checkUi":"button","layOut":"","options_tooltip":true,"values":[{"label":"\u2b50\ufe0f Premium Ticket (110\u20ac)","value":"Premium Ticket (95\u20ac)","selected":true,"tempId":"aco_32","tooltip":"","description":"","gt_translate_keys":["label","tooltip","description"]}],"priceOptions":"fixed_for_all","pricingType":"fixed","price":"110","cl_rule":"show","col":6,"type":"radio-group","error":false,"description":"Upgrade your experience with premium spirits like Absolut, Bacardi, Havana, and more, plus Red Bull and premium mixers.","options_description":true,"isWeightTemplate":false,"isTemplate":false,"quantity_decimal":false,"quantity_step":"1","repeater_field_label":"{field_label}","repeater_bind":"","gt_translate_keys":["label","description","repeater_field_label","quantity_label"],"price_dependency":false,"cl_dependency":false,"value":""}],[{"elementId":"separator-0973774727","separatorType":"fill","separatorColor":"#4a90e2","className":"","height":"3","enableCl":false,"relations":false,"cl_rule":"show","col":6,"type":"separator","gt_translate_keys":[],"price_dependency":false,"cl_dependency":false,"value":""}],[{"label":"","active":true,"required":false,"elementId":"radio-group-1821003227","description":"The ultimate luxury experience. Access the VIP area with open bar featuring premium spirits, Red Bull, and exclusive vibes.","name":"radio-group-1821003227","label_position":"default","desc_position":"below","enablePrice":true,"className":"","enableCl":false,"relations":[{"operator":false,"rules":[{"operator":"AND","rules":{"cl_field":"","cl_relation":"","cl_val":""}}]}],"enable_quantity":true,"quantity_label":"","min_quantity":"0","checkUi":"button","layOut":"","options_tooltip":true,"options_description":true,"values":[{"label":"\ud83d\udc8e VIP Ticket (130\u20ac)","value":"VIP Ticket","selected":true,"tempId":"aco_32","tooltip":"","description":"","gt_translate_keys":["label","tooltip","description"]}],"priceOptions":"fixed_for_all","pricingType":"fixed","price":"130","cl_rule":"show","col":6,"type":"radio-group","error":false,"isWeightTemplate":false,"isTemplate":false,"quantity_decimal":false,"quantity_step":"1","repeater_field_label":"{field_label}","repeater_bind":"","gt_translate_keys":["label","description","repeater_field_label","quantity_label"],"price_dependency":false,"cl_dependency":false,"value":""}],[{"elementId":"separator-0974175336","separatorType":"fill","separatorColor":"#4a90e2","className":"","height":"3","enableCl":false,"relations":false,"cl_rule":"show","col":6,"type":"separator","gt_translate_keys":[],"price_dependency":false,"cl_dependency":false,"value":""}]]}},"config":{"price_override":"always","enable_recaptcha":false,"bind_quantity":false,"quantity_bind_formula":false,"disp_summ_show_option_price":true,"disp_summ_show_product_price":false,"disp_summ_show_total_price":true,"disp_summ_show_fee":true,"disp_summ_show_discount":true,"summary_title":"","options_total_label":"Options Price","total_label":"Total Amount","options_product_label":"Product Price","fee_label":"Fee","discount_label":"Discount","has_price":true,"has_quantity_formula":false},"mc_unit":1,"tax_rate":1,"tax_rate_real":1,"discount":{"percentage":0,"fixed":0},"design":{"conf":{"LabelPosition":"above","DescPosition":"above","UploadField":"custom_1","QuantityFieldStyle":"custom_1"},"css":{"LeftLabelWidth":"120px"}},"formulas":[],"lookuptables":[],"clones":false,"cartKey":false}},"_links":{"self":[{"href":"https:\/\/canaryvip.com\/es\/wp-json\/wp\/v2\/product\/11456","targetHints":{"allow":["GET"]}}],"collection":[{"href":"https:\/\/canaryvip.com\/es\/wp-json\/wp\/v2\/product"}],"about":[{"href":"https:\/\/canaryvip.com\/es\/wp-json\/wp\/v2\/types\/product"}],"replies":[{"embeddable":true,"href":"https:\/\/canaryvip.com\/es\/wp-json\/wp\/v2\/comments?post=11456"}],"wp:featuredmedia":[{"embeddable":true,"href":"https:\/\/canaryvip.com\/es\/wp-json\/wp\/v2\/media\/11461"}],"wp:attachment":[{"href":"https:\/\/canaryvip.com\/es\/wp-json\/wp\/v2\/media?parent=11456"}],"wp:term":[{"taxonomy":"product_brand","embeddable":true,"href":"https:\/\/canaryvip.com\/es\/wp-json\/wp\/v2\/product_brand?post=11456"},{"taxonomy":"product_cat","embeddable":true,"href":"https:\/\/canaryvip.com\/es\/wp-json\/wp\/v2\/product_cat?post=11456"},{"taxonomy":"product_tag","embeddable":true,"href":"https:\/\/canaryvip.com\/es\/wp-json\/wp\/v2\/product_tag?post=11456"}],"curies":[{"name":"wp","href":"https:\/\/api.w.org\/{rel}","templated":true}]}}