{"id":11438,"date":"2024-05-11T22:23:40","date_gmt":"2024-05-11T21:23:40","guid":{"rendered":"https:\/\/canaryvip.com\/?post_type=product&#038;p=11438"},"modified":"2025-11-04T12:52:18","modified_gmt":"2025-11-04T12:52:18","slug":"ole-flamenco-show-tenerife","status":"publish","type":"product","link":"https:\/\/canaryvip.com\/es\/shop\/ole-flamenco-show-tenerife\/","title":{"rendered":"Espect\u00e1culo Flamenco OL\u00c9 Tenerife"},"content":{"rendered":"<h2>\ud83c\udfad Descubre el mejor espect\u00e1culo de flamenco Tenerife<\/h2>\n<p>Sum\u00e9rjase en el vibrante esp\u00edritu de Espa\u00f1a en el Espect\u00e1culo Ol\u00e9 Flamenco Tenerife, un espect\u00e1culo flamenco de primera categor\u00eda. <a href=\"https:\/\/canaryvip.com\/es\/tenerife\/evening-shows\/\">espect\u00e1culo en Tenerife.<\/a> Disfrute de una cautivadora velada de m\u00fasica apasionada, danza electrizante y rica expresi\u00f3n cultural bajo la experta direcci\u00f3n del renombrado Fran Chafino.<\/p>\n<p>Este espect\u00e1culo de 90 minutos promete una noche inolvidable, mezclando estilos flamencos tradicionales con un toque contempor\u00e1neo, todo ello con el lujoso tel\u00f3n de fondo del GF Victoria Hotel.<\/p>\n<p>Desde el r\u00edtmico zapateado hasta la conmovedora guitarra y las expresivas voces, cada elemento del espect\u00e1culo est\u00e1 dise\u00f1ado para encantar e inspirar, lo que lo convierte en una visita obligada tanto para los lugare\u00f1os como para los visitantes que buscan una aut\u00e9ntica experiencia espa\u00f1ola.<\/p>\n<h3>\ud83c\udf7d\ufe0f Sede de lujo en el Hotel GF Victoria<\/h3>\n<p><strong>Ubicaci\u00f3n:<\/strong> El elegante <a href=\"https:\/\/www.google.com\/maps\/place\/GF+Victoria\/@28.0917871,-16.7412967,17z\/data=!3m1!4b1!4m9!3m8!1s0xc6a974d01c4268f:0x3c0e40669a61bb47!5m2!4m1!1i2!8m2!3d28.0917871!4d-16.7387218!16s%2Fg%2F11bvv59vv2?entry=ttu\" target=\"_new\" rel=\"noreferrer noopener\">Hotel GF Victoria<\/a> en Costa Adeje acoge este encantador evento, proporcionando un ambiente sofisticado para un memorable espect\u00e1culo flamenco Tenerife.<\/p>\n<p><strong>Horario:<\/strong> El espect\u00e1culo comienza a las 21.00 horas y las puertas se abren a las 20.15 horas. Hay un intermedio de 15 minutos y el espect\u00e1culo finaliza a las 22:30.<\/p>\n<h3>\ud83c\udf9f\ufe0f Elija su velada perfecta<\/h3>\n<p><strong>Billetes de oro:<\/strong> Por 49 euros por persona, disfrute de la entrada al espect\u00e1culo. Este asiento ofrece una gran vista del escenario y una animada experiencia para 140 invitados.<\/p>\n<p><strong>Entradas Platinum:<\/strong> Por 59 euros por persona, esta opci\u00f3n incluye la entrada, una copa de vino y aperitivos ligeros. La zona Platinum, m\u00e1s cerca del escenario, ofrece un ambiente \u00edntimo para 80 invitados.<\/p>\n<h3>\ud83c\udf1f Vive el aut\u00e9ntico flamenco<\/h3>\n<p><strong>Te presento a Fran Chafino:<\/strong> La estrella del espect\u00e1culo, Fran Chafino, es c\u00e9lebre por su extraordinario talento y da vida al aut\u00e9ntico flamenco, garantizando que todos los invitados queden hipnotizados por la actuaci\u00f3n.<\/p>\n<p><strong>Gran variedad de actos:<\/strong> Desde buler\u00edas hasta alegr\u00edas, el espect\u00e1culo presenta una din\u00e1mica mezcla de cante, guitarra y baile, cautivando al p\u00fablico con cada actuaci\u00f3n \u00fanica.<\/p>\n<p><strong>Atm\u00f3sfera interactiva:<\/strong> Aunque no se incluye la participaci\u00f3n del p\u00fablico en el baile, el compromiso de los artistas crea una experiencia \u00edntima y en\u00e9rgica.<\/p>\n<h3><a href=\"https:\/\/canaryvip.com\/es\/contact\/?swcfpc=1\">\ud83d\udd70\ufe0f<\/a> Informaci\u00f3n esencial<\/h3>\n<p><strong>C\u00f3digo de vestimenta:<\/strong> Se recomienda llevar un atuendo informal para complementar el elegante entorno. Los vaqueros y una camiseta bonita son aceptables, pero se desaconseja el atuendo deportivo y los pantalones cortos para mantener el ambiente sofisticado del espect\u00e1culo.<\/p>\n<p><strong>Informaci\u00f3n sobre el aparcamiento:<\/strong> Hay un amplio aparcamiento en el centro comercial Plaza del Duque, a pocos pasos del recinto.<\/p>\n<p><strong>Entrada del espect\u00e1culo:<\/strong> Entre por la entrada designada a la izquierda de la entrada principal del hotel para acceder f\u00e1cilmente a la Sala de Espect\u00e1culos Las Olas.<\/p>\n<h3>\u2696\ufe0f Pol\u00edtica flexible de reservas y cancelaciones<\/h3>\n<p><strong>Ventajas de la reserva anticipada:<\/strong> Aseg\u00farese las mejores tarifas y simplifique su planificaci\u00f3n reservando con antelaci\u00f3n.<\/p>\n<p><strong>Cancelaciones gratuitas:<\/strong> Si cancela hasta 48 horas antes del espect\u00e1culo, se le reembolsar\u00e1 el importe \u00edntegro.<\/p>\n<p><strong>Reservas para grupos:<\/strong> Para grupos de m\u00e1s de seis personas, cancele hasta con cuatro d\u00edas de antelaci\u00f3n sin cargo alguno. Las cancelaciones realizadas de 2 a 4 d\u00edas antes del evento recibir\u00e1n un reembolso 50%.<\/p>\n<p><strong>Pol\u00edtica de no presentaci\u00f3n:<\/strong> No se admiten devoluciones por no presentarse o por cancelaciones en las 48 horas anteriores al evento.<\/p>\n<h3>\ud83c\udf89 Eventos privados de flamenco<\/h3>\n<p><strong>Celebraciones exclusivas:<\/strong> CanaryVIP puede organizar espect\u00e1culos privados de flamenco adaptados a cumplea\u00f1os, eventos corporativos y reuniones especiales, garantizando una ocasi\u00f3n personalizada y memorable. <a href=\"https:\/\/canaryvip.com\/es\/contact\/?swcfpc=1\">P\u00f3ngase en contacto con nosotros para obtener m\u00e1s informaci\u00f3n.<\/a><\/p>\n<h3>\ud83c\udfb6 Descubre la historia y la pasi\u00f3n del flamenco<\/h3>\n<p><strong>Un viaje a trav\u00e9s de la rica herencia del flamenco:<\/strong> El espect\u00e1culo Ol\u00e9 Flamenco Tenerife no s\u00f3lo entretiene, sino que tambi\u00e9n ofrece una inmersi\u00f3n profunda en la historia y la pasi\u00f3n del flamenco. Originario de la regi\u00f3n andaluza de Espa\u00f1a, el flamenco es un arte din\u00e1mico que combina el cante, el toque y el baile. Esta tradici\u00f3n centenaria es conocida por su intensidad emocional y su expresiva narrativa, reflejo del tapiz cultural de Espa\u00f1a.<\/p>\n<p><strong>La visi\u00f3n art\u00edstica de Fran Chafino:<\/strong> Bajo la magistral direcci\u00f3n de Fran Chafino, el espect\u00e1culo Ol\u00e9 Flamenco Tenerife da vida a esta rica herencia con un toque moderno. La coreograf\u00eda de Fran es una mezcla de t\u00e9cnicas tradicionales y elementos contempor\u00e1neos, creando un espect\u00e1culo \u00fanico que honra las ra\u00edces del flamenco a la vez que cautiva al p\u00fablico moderno.<\/p>\n<p><strong>Diversos estilos flamencos:<\/strong> El espect\u00e1culo presenta una variedad de estilos flamencos, como las r\u00e1pidas buler\u00edas y las alegres alegr\u00edas, cada uno con su propio ritmo y estado de \u00e1nimo. Esta diversidad garantiza una experiencia vibrante y atractiva, mostrando todo el espectro emocional y musical del flamenco.<\/p>\n<h3>\ud83c\udf1f Acomp\u00e1\u00f1anos en una velada inolvidable<\/h3>\n<p>Viva la magia del espect\u00e1culo flamenco en Tenerife con CanaryVIP. Sum\u00e9rjase en una fascinante mezcla de m\u00fasica apasionada, baile vibrante y rica cultura espa\u00f1ola en el lujoso Hotel GF Victoria.<\/p>\n<p>Este cautivador espect\u00e1culo, dirigido por el aclamado Fran Chafino, promete una velada inolvidable llena de aut\u00e9nticos estilos flamencos y un toque moderno. Asegure ya sus entradas para una noche de elegancia y entretenimiento, y d\u00e9jese hechizar por los ritmos r\u00edtmicos y las expresivas interpretaciones. No se pierda esta experiencia cultural \u00fanica en el coraz\u00f3n de Tenerife.<\/p>\n<p>Reserve hoy mismo sus entradas para el Espect\u00e1culo Flamenco de Tenerife. \ud83c\udf0c\ud83d\udc83<\/p>","protected":false},"excerpt":{"rendered":"<p><strong>\ud83d\udd0d Espect\u00e1culo Flamenco Tenerife:<\/strong><br \/>\n\u2705 Pago seguro.<br \/>\n\ud83d\udc83 Aut\u00e9ntico Espect\u00e1culo Flamenco.<br \/>\n\ud83d\udd59 Todos los jueves a las 20:15.<br \/>\n\u23f3 Duraci\u00f3n \u2248 2h<br \/>\n\ud83d\ude80 \u00a1Muy popular!<br \/>\n\ud83e\udd11 Mejor precio garantizado.<br \/>\n\ud83d\udc6a Descuentos para reservas de grupos.<br \/>\n\ud83d\udd01 Cancelaci\u00f3n gratuita hasta 48h.<br \/>\n\ud83c\udf1f \u00a1Reserva pronto, se llena r\u00e1pido!<br \/>\n\ud83d\udccd Lugar de celebraci\u00f3n en\u00a0<a href=\"https:\/\/maps.app.goo.gl\/boB3JcWYHb8AiGY58\">Hotel GF Victoria<\/a>.<\/p>","protected":false},"featured_media":11440,"comment_status":"open","ping_status":"closed","template":"","meta":{"_acf_changed":false},"product_brand":[],"product_cat":[59],"product_tag":[],"class_list":{"0":"post-11438","1":"product","2":"type-product","3":"status-publish","4":"has-post-thumbnail","6":"product_cat-evening-shows","7":"wcpa_has_options","9":"first","10":"instock","11":"virtual","12":"purchasable","13":"product-type-simple"},"acf":[],"wcpa_form_fields":{"wcpaData":{"product":{"product_price":51,"price_html":"From&nbsp;<span class=\"woocommerce-Price-amount amount\"><bdi>51,00&nbsp;<span class=\"woocommerce-Price-currencySymbol\">&euro;<\/span><\/bdi><\/span>","original_product_price":51,"price_including_tax":51,"price_excluding_tax":51,"product_id":{"parent":11438,"variation":false},"is_variable":false,"stock_status":"instock","stock_quantity":null,"parent_sku":"CV11438","product_attributes":[],"custom_fields":[],"is_taxable":false,"product_name":"OL\u00c9 Flamenco Show Tenerife","hasImage":false},"fields":{"sec_5663fdb09e5296":{"extra":{"key":"sec_5663fdb09e5296","section_id":"sec_5663fdb09e5296","name":"Default","status":1,"cl_rule":"show","enableCl":false,"relations":[],"toggle":true,"title_tag":"h3","show_title":false,"showPrice":"default","form_id":11439,"form_rules":{"exclude_from_discount":true,"fee_label":"Fee","disp_hide_options_price":true,"disp_show_section_price":false,"disp_show_field_price":true,"layout_option":"standard","pric_use_as_fee":false,"process_fee_as":"woo_fee"},"layout_option":"standard"},"fields":[[{"label":"\ud83d\udcc5 Date","active":true,"required":true,"elementId":"date_2663fdb09e52b5","picker_type":"custom","picker_mode":"single","placeholder":"","description":"","tooltip":"","name":"date_2663fdb09e52b5","label_position":"default","desc_position":"default","enablePrice":false,"className":"","enableCl":false,"relations":[{"operator":"and","rules":[{"operator":"AND","rules":{"cl_field":"radio-group_4663fdb09e52c5","cl_relation":"is_not_empty","cl_val":"3 Hour Trip"}}]}],"date_pic_inline":true,"date_pic_inline_hide":true,"min_date":{"type":"days","val":"1"},"max_date":{"type":"days","val":"180"},"date_pic_conf":{"disabledWeeks":[0,1,3,5,6,2],"disabledDates":["2025-02-06","2025-06-27 to 2025-07-01","2026-01-01 to 2026-01-14","2026-03-12","2026-03-19"]},"price":"","cl_rule":"show","col":6,"type":"date","error":false,"enableDesign":false,"LabelColor":"","isWeightTemplate":false,"isTemplate":false,"min_quantity":"1","quantity_decimal":false,"quantity_step":"1","quantity_label":"Quantity","repeater_field_label":"{field_label}","repeater_bind":"","gt_translate_keys":["label","placeholder","description","tooltip","repeater_field_label","quantity_label"],"price_dependency":false,"cl_dependency":["radio-group_4663fdb09e52c5"],"value":""}],[{"active":true,"col":6,"relations":[{"operator":false,"rules":[{"operator":"AND","rules":{"cl_field":"","cl_relation":"","cl_val":""}}]}],"cl_rule":"show","enableCl":false,"price":"","enablePrice":false,"className":"","label_position":"default","desc_position":"default","type":"radio-group","required":true,"elementId":"radio-group_4663fdb09e52c5","label":"\ud83c\udf1f Type of Ticket","name":"radio-group_4663fdb09e52c5","values":[{"label":"Gold Entrance (51\u20ac)","value":"Gold Entrance","selected":false,"tempId":"aco_28","description":"Enjoy the live show.","options_cl":false,"relations":[{"operator":false,"rules":[{"operator":"AND","rules":{"cl_field":"","cl_relation":"","cl_val":""}}]}],"cl_rule":"show","gt_translate_keys":["label","description"]},{"label":"Platinum Entrance (61\u20ac)","value":"Platinum Entrance","selected":false,"tempId":"aco_29","description":"Enjoy the live show, wine, snacks and better seating.","options_cl":true,"relations":[{"operator":false,"rules":[{"operator":"AND","rules":{"cl_field":"date_2663fdb09e52b5","cl_relation":"is","cl_val":"2026-04-16"}}]}],"cl_rule":"hide","gt_translate_keys":["label","description"]}],"layOut":"","error":false,"checkUi":"toggle","enableDesign":false,"scrollBar":false,"description":"","other":false,"options_description":true,"show_selected_option":false,"isWeightTemplate":false,"isTemplate":false,"min_quantity":"1","quantity_decimal":false,"quantity_step":"1","quantity_label":"Quantity","repeater_field_label":"{field_label}","repeater_bind":"","gt_translate_keys":["label","description","repeater_field_label","quantity_label"],"price_dependency":false,"cl_dependency":[false,false],"value":""}]]},"sec_1663fdb09e52c7":{"extra":{"key":"sec_1663fdb09e52c7","section_id":"sec_1663fdb09e52c7","name":"Gold","status":1,"cl_rule":"show","enableCl":true,"relations":[{"operator":false,"rules":[{"operator":"AND","rules":{"cl_field":"radio-group_4663fdb09e52c5","cl_relation":"is","cl_val":"Gold Entrance"}}]}],"toggle":true,"title_tag":"h4","show_title":false,"showPrice":"default","form_id":11439,"form_rules":{"exclude_from_discount":true,"fee_label":"Fee","disp_hide_options_price":true,"disp_show_section_price":false,"disp_show_field_price":true,"layout_option":"standard","pric_use_as_fee":false,"process_fee_as":"woo_fee"},"layout_option":"standard"},"fields":[[{"active":true,"col":6,"relations":false,"cl_rule":"show","enableCl":false,"price":"","enablePrice":false,"className":"","label_position":"default","desc_position":"default","type":"separator","required":false,"elementId":"separator_6663fdb09e52d3","label":"Separator Field","height":"8","separatorType":"blank","error":false,"gt_translate_keys":["label"],"price_dependency":false,"cl_dependency":false,"value":""}],[{"active":true,"col":6,"relations":false,"cl_rule":"show","enableCl":false,"price":"","enablePrice":false,"className":"","label_position":"default","desc_position":"default","type":"content","required":false,"elementId":"content_6663fdb09e5310","label":"People","name":"content_6663fdb09e5310","contentType":"plain","value":"","error":false,"show_in_checkout":true,"inline":false,"gt_translate_keys":["label","value"],"price_dependency":false,"cl_dependency":false}],[{"active":true,"col":6,"relations":[{"operator":false,"rules":[{"operator":"AND","rules":{"cl_field":"","cl_relation":"","cl_val":""}}]}],"cl_rule":"show","enableCl":false,"price":"51","enablePrice":true,"className":"","label_position":"default","desc_position":"default","type":"radio-group","required":false,"elementId":"radio-group_0663fdb09e531c","label":"","name":"radio-group_0663fdb09e531c","values":[{"label":"\ud83d\udc64 Adult (51\u20ac)","value":"Adult","selected":true,"tempId":"aco_32","tooltip":"+13 Years","description":"","gt_translate_keys":["label","tooltip","description"]}],"layOut":"","error":false,"checkUi":"button","priceOptions":"fixed_for_all","pricingType":"fixed","enable_quantity":true,"quantity_label":"","min_quantity":"0","options_tooltip":true,"options_description":true,"isWeightTemplate":false,"isTemplate":false,"quantity_decimal":false,"quantity_step":"1","repeater_field_label":"{field_label}","repeater_bind":"","gt_translate_keys":["label","repeater_field_label","quantity_label"],"price_dependency":false,"cl_dependency":false,"value":""}],[{"label":"","active":true,"required":false,"elementId":"radio-group-0980466659","name":"radio-group-0980466659","label_position":"default","desc_position":"default","enablePrice":true,"className":"","enableCl":false,"relations":[{"operator":false,"rules":[{"operator":"AND","rules":{"cl_field":"","cl_relation":"","cl_val":""}}]}],"enable_quantity":true,"quantity_label":"","min_quantity":"0","checkUi":"button","layOut":"","options_tooltip":true,"options_description":true,"values":[{"label":"\ud83d\udc66 Child (25,50\u20ac)","value":"Child","selected":true,"tempId":"aco_32","tooltip":"3-12 Years","description":"","gt_translate_keys":["label","tooltip","description"]}],"priceOptions":"fixed_for_all","pricingType":"fixed","price":"25,50","cl_rule":"show","col":6,"type":"radio-group","error":false,"isWeightTemplate":false,"isTemplate":false,"quantity_decimal":false,"quantity_step":"1","repeater_field_label":"{field_label}","repeater_bind":"","gt_translate_keys":["label","repeater_field_label","quantity_label"],"price_dependency":false,"cl_dependency":false,"value":""}]]},"sec_2663fdb09e531d":{"extra":{"key":"sec_2663fdb09e531d","section_id":"sec_2663fdb09e531d","name":"Platinum","status":1,"cl_rule":"show","enableCl":true,"relations":[{"operator":false,"rules":[{"operator":"AND","rules":{"cl_field":"radio-group_4663fdb09e52c5","cl_relation":"is","cl_val":"Platinum Entrance"}}]}],"toggle":true,"title_tag":"h4","show_title":false,"showPrice":"default","form_id":11439,"form_rules":{"exclude_from_discount":true,"fee_label":"Fee","disp_hide_options_price":true,"disp_show_section_price":false,"disp_show_field_price":true,"layout_option":"standard","pric_use_as_fee":false,"process_fee_as":"woo_fee"},"layout_option":"standard"},"fields":[[{"elementId":"separator_6663fdb09e5327","separatorType":"blank","className":"","height":"8","enableCl":false,"relations":false,"cl_rule":"show","col":6,"type":"separator","error":false,"gt_translate_keys":[],"price_dependency":false,"cl_dependency":false,"value":""}],[{"contentType":"plain","active":true,"label":"People","elementId":"content_0663fdb09e5331","value":"","inline":false,"show_in_checkout":true,"name":"content_0663fdb09e5331","enablePrice":false,"className":"","enableCl":false,"relations":false,"price":"","cl_rule":"show","col":6,"type":"content","gt_translate_keys":["label","value"],"price_dependency":false,"cl_dependency":false}],[{"label":"","active":true,"required":false,"elementId":"radio-group_9663fdb09e533c","name":"radio-group_9663fdb09e533c","label_position":"default","desc_position":"default","enablePrice":true,"className":"","enableCl":false,"relations":[{"operator":false,"rules":[{"operator":"AND","rules":{"cl_field":"","cl_relation":"","cl_val":""}}]}],"enable_quantity":true,"quantity_label":"","min_quantity":"0","checkUi":"button","layOut":"","options_tooltip":true,"values":[{"label":"\ud83d\udc64 Adult (61\u20ac)","value":"Adult","selected":true,"tempId":"aco_32","tooltip":"+13 Years","gt_translate_keys":["label","tooltip"]}],"priceOptions":"fixed_for_all","pricingType":"fixed","price":"61","cl_rule":"show","col":6,"type":"radio-group","error":false,"isWeightTemplate":false,"isTemplate":false,"quantity_decimal":false,"quantity_step":"1","repeater_field_label":"{field_label}","repeater_bind":"","gt_translate_keys":["label","repeater_field_label","quantity_label"],"price_dependency":false,"cl_dependency":false,"value":""}],[{"label":"","active":true,"required":false,"elementId":"radio-group-1037099900","name":"radio-group-1037099900","label_position":"default","desc_position":"default","enablePrice":true,"className":"","enableCl":false,"relations":[{"operator":false,"rules":[{"operator":"AND","rules":{"cl_field":"","cl_relation":"","cl_val":""}}]}],"enable_quantity":true,"quantity_label":"","min_quantity":"0","checkUi":"button","layOut":"","options_tooltip":true,"options_description":true,"values":[{"label":"\ud83d\udc66 Child (30,50\u20ac)","value":"Child","selected":true,"tempId":"aco_32","tooltip":"3-12 Years","description":"","gt_translate_keys":["label","tooltip","description"]}],"priceOptions":"fixed_for_all","pricingType":"fixed","price":"30,50","cl_rule":"show","col":6,"type":"radio-group","error":false,"isWeightTemplate":false,"isTemplate":false,"quantity_decimal":false,"quantity_step":"1","repeater_field_label":"{field_label}","repeater_bind":"","gt_translate_keys":["label","repeater_field_label","quantity_label"],"price_dependency":false,"cl_dependency":false,"value":""}]]}},"config":{"price_override":"always","enable_recaptcha":false,"bind_quantity":false,"quantity_bind_formula":false,"disp_summ_show_option_price":true,"disp_summ_show_product_price":false,"disp_summ_show_total_price":true,"disp_summ_show_fee":true,"disp_summ_show_discount":true,"summary_title":"","options_total_label":"Options Price","total_label":"Total Amount","options_product_label":"Product Price","fee_label":"Fee","discount_label":"Discount","has_price":true,"has_quantity_formula":false},"mc_unit":1,"tax_rate":1,"tax_rate_real":1,"discount":{"percentage":0,"fixed":0},"design":{"conf":{"LabelPosition":"above","DescPosition":"above","UploadField":"custom_1","QuantityFieldStyle":"custom_1"},"css":{"LeftLabelWidth":"120px"}},"formulas":[],"lookuptables":[],"clones":false,"cartKey":false}},"_links":{"self":[{"href":"https:\/\/canaryvip.com\/es\/wp-json\/wp\/v2\/product\/11438","targetHints":{"allow":["GET"]}}],"collection":[{"href":"https:\/\/canaryvip.com\/es\/wp-json\/wp\/v2\/product"}],"about":[{"href":"https:\/\/canaryvip.com\/es\/wp-json\/wp\/v2\/types\/product"}],"replies":[{"embeddable":true,"href":"https:\/\/canaryvip.com\/es\/wp-json\/wp\/v2\/comments?post=11438"}],"wp:featuredmedia":[{"embeddable":true,"href":"https:\/\/canaryvip.com\/es\/wp-json\/wp\/v2\/media\/11440"}],"wp:attachment":[{"href":"https:\/\/canaryvip.com\/es\/wp-json\/wp\/v2\/media?parent=11438"}],"wp:term":[{"taxonomy":"product_brand","embeddable":true,"href":"https:\/\/canaryvip.com\/es\/wp-json\/wp\/v2\/product_brand?post=11438"},{"taxonomy":"product_cat","embeddable":true,"href":"https:\/\/canaryvip.com\/es\/wp-json\/wp\/v2\/product_cat?post=11438"},{"taxonomy":"product_tag","embeddable":true,"href":"https:\/\/canaryvip.com\/es\/wp-json\/wp\/v2\/product_tag?post=11438"}],"curies":[{"name":"wp","href":"https:\/\/api.w.org\/{rel}","templated":true}]}}