{"id":11406,"date":"2024-05-07T16:37:07","date_gmt":"2024-05-07T15:37:07","guid":{"rendered":"https:\/\/canaryvip.com\/?post_type=product&#038;p=11406"},"modified":"2025-09-29T11:35:59","modified_gmt":"2025-09-29T10:35:59","slug":"seaduction-luxury-yacht-tenerife","status":"publish","type":"product","link":"https:\/\/canaryvip.com\/es\/shop\/seaduction-luxury-yacht-tenerife\/","title":{"rendered":"Seaduction Yate de Lujo Tenerife"},"content":{"rendered":"<h2><strong>\ud83d\udee5\ufe0f Experimente el lujo con Seaduction Yacht Charter en Tenerife<\/strong><\/h2>\n<p>Emb\u00e1rquese en un viaje mar\u00edtimo de primera con Seaduction Yacht Tenerife. Enclavado en el hermoso puerto deportivo de <a href=\"https:\/\/www.google.com\/maps\/place\/Puerto+Col%C3%B3n\/@28.078002,-16.7394902,17z\/data=!3m2!4b1!5s0xc6a97433884bdf9:0x76d293b7b99db23a!4m6!3m5!1s0xc6a9743509c9ebf:0xd62345524f768247!8m2!3d28.078002!4d-16.7369153!16s%2Fg%2F11c6cqryw_?entry=tts&amp;g_ep=EgoyMDI0MDUwNS4wKgBIAVAD\" target=\"_blank\" rel=\"noopener\">Puerto Col\u00f3n<\/a>, Seaduction ofrece una escapada exclusiva de las t\u00edpicas excursiones en barco. Cada viaje es un ch\u00e1rter de barco privado, lo que garantiza que su experiencia sea \u00fanica e \u00edntima.<\/p>\n<h3>\u2b50\ufe0f <strong>Por qu\u00e9 destaca Seaduction Yacht en Tenerife<\/strong><\/h3>\n<p><span style=\"text-decoration: underline;\"><strong>Razones clave para elegir Seaduction:<\/strong><\/span><\/p>\n<p><strong>Visitas privadas exclusivas:<\/strong> A diferencia de los viajes regulares, Seaduction garantiza un toque personal en cada viaje, creando una experiencia a medida que se adapta a sus preferencias y garantiza privacidad y exclusividad.<\/p>\n<p><strong>Confort de lujo:<\/strong> Rel\u00e1jese en varios rincones acogedores del yate, ya sea tomando el sol en el amplio sol\u00e1rium o disfrutando de una bebida refrescante en la confortable zona de estar a la sombra.<\/p>\n<p><strong>Actividades divertidas incluidas:<\/strong> Mejore su aventura con una serie de emocionantes actividades. La seaducci\u00f3n no es s\u00f3lo navegar; es relacionarse con el mar de forma emocionante y divertida.<\/p>\n<ul>\n<li><strong>\ud83c\udfca Scooters submarinos Seabob:<\/strong> Desl\u00edcese por las cristalinas aguas de Tenerife con los Seabobs. Ofrecen una forma \u00fanica de explorar bajo las olas, perfecta para los aventureros que buscan a\u00f1adir un poco de emoci\u00f3n a su experiencia en el mar.<\/li>\n<li><strong>\ud83c\udfc4\u200d\u2640\ufe0f Tablas de p\u00e1del:<\/strong> El surf de remo ofrece una forma divertida y relajante de disfrutar del oc\u00e9ano mientras hace un poco de ejercicio. Tanto si es un principiante como si ya tiene experiencia, le resultar\u00e1 una parte muy agradable de su alquiler de yates.<\/li>\n<li><strong>\ud83e\udd29 Hinchables divertidos:<\/strong> Nuestra selecci\u00f3n de hinchables ofrece diversi\u00f3n sin fin para todas las edades. Son un \u00e9xito durante cualquier ch\u00e1rter y son perfectos para la diversi\u00f3n familiar o simplemente para relajarse en el agua.<\/li>\n<li><strong>\ud83e\udd3f Equipo de snorkel:<\/strong> Descubra el vibrante mundo submarino de Tenerife con nuestro equipo de snorkel. Las aguas que rodean la isla est\u00e1n repletas de vida marina, ofreci\u00e9ndote una visi\u00f3n de un encantador ecosistema submarino.<\/li>\n<li><strong>\ud83c\udfa3 Ca\u00f1as de pescar:<\/strong> Pruebe a pescar con nuestras ca\u00f1as de pescar equipadas. Tanto si es un principiante como un pescador experimentado, pescar desde la cubierta del Seaduction puede ser una forma serena y gratificante de pasar el tiempo.<\/li>\n<li><strong>\ud83d\udd0a Reproduce tu m\u00fasica:<\/strong> Conecte su lista de reproducci\u00f3n a trav\u00e9s de nuestro sistema de sonido con Bluetooth y ponga la banda sonora a su aventura marinera. Ya sean melod\u00edas relajantes o un ritmo animado, tu m\u00fasica mejorar\u00e1 el ambiente mientras navegas.<\/li>\n<\/ul>\n<p>Seaduction Yacht Tenerife ofrece una experiencia de alquiler excepcional con sus lujosas instalaciones y un conjunto de atractivas actividades. Cada aspecto de su viaje est\u00e1 dise\u00f1ado para ofrecer relajaci\u00f3n y entretenimiento, asegurando una aventura memorable en las aguas de Tenerife.<\/p>\n<h4>\ud83d\udea4 <strong>Opciones de alquiler de barcos<\/strong><\/h4>\n<p>Seaduction Yacht ofrece una variedad de longitudes de alquiler, cada una dise\u00f1ada para satisfacer diferentes deseos y plazos:<\/p>\n<ul>\n<li><strong>Explorador costero de 3 horas:<\/strong> Una introducci\u00f3n perfecta a la costa sur de Tenerife. B\u00e1\u00f1ese en serenas bah\u00edas y saboree nuestra selecci\u00f3n de bebidas y aperitivos. Ideal para los que buscan una escapada mar\u00edtima r\u00e1pida pero refrescante.<\/li>\n<li><strong>Safari marino de 4 horas:<\/strong> Avent\u00farese a ver delfines y ballenas. Rel\u00e1jese o nade en hermosas bah\u00edas y del\u00e9itese con nuestra paella de marisco y pollo reci\u00e9n preparada. Este ch\u00e1rter de duraci\u00f3n media es perfecto para los amantes de la naturaleza y la fauna marina.<\/li>\n<li><strong>Grand Tour de 6 horas:<\/strong> Disfrute de los impresionantes acantilados de Los Gigantes y de la rec\u00f3ndita bah\u00eda de Masca. Refr\u00e9squese en las aguas cristalinas con vistas panor\u00e1micas de la cercana isla de La Gomera. Sum\u00e9rjase en la belleza natural de Tenerife con m\u00e1s tiempo para explorar y relajarse.<\/li>\n<li><strong>Aventura de 8 horas y d\u00eda completo:<\/strong> Sum\u00e9rjase en la mejor experiencia de navegaci\u00f3n con un d\u00eda completo a bordo de Seaduction. Este extenso ch\u00e1rter le permite explorar a fondo los diversos paisajes costeros y los ricos entornos marinos de Tenerife. Disfrute de paradas prolongadas para practicar snorkel, paddle-boarding, y tal vez incluso una celebraci\u00f3n al atardecer. Con m\u00e1s tiempo a bordo, disfrute de una amplia gama de nuestras ofertas gourmet, asegurando un d\u00eda de relajaci\u00f3n y aventura de lujo.<\/li>\n<\/ul>\n<p>Cada opci\u00f3n est\u00e1 dise\u00f1ada para proporcionar una experiencia \u00fanica y memorable, permiti\u00e9ndole elegir la duraci\u00f3n perfecta para su aventura mar\u00edtima en Tenerife. Tanto si busca una breve introducci\u00f3n a las aguas de la isla como una traves\u00eda de todo el d\u00eda, Seaduction Yacht le ofrece la flexibilidad y el lujo necesarios para que su tiempo en el mar sea inolvidable.<\/p>\n<h3>\u2705 <strong>Servicios completos para un d\u00eda perfecto en el mar<\/strong><\/h3>\n<p>La seaducci\u00f3n no es s\u00f3lo cuesti\u00f3n de lugares; es toda una experiencia de lujo:<\/p>\n<ul>\n<li>Disfrute de acceso ilimitado a una variedad de bebidas, incluidos refrescos, cervezas, vinos y cava.<\/li>\n<li>Saboree una gama de aperitivos gourmet o una comida completa en funci\u00f3n de la duraci\u00f3n de su viaje.<\/li>\n<li>Nuestro sistema de sonido de \u00faltima generaci\u00f3n est\u00e1 habilitado para Bluetooth, lo que le permite disfrutar de sus listas de reproducci\u00f3n favoritas mientras navega.<\/li>\n<li>El yate cuenta con zonas para tomar el sol en la parte delantera y c\u00f3modos asientos en el flybridge.<\/li>\n<li>Una tripulaci\u00f3n experimentada y multiling\u00fce garantiza su seguridad y comodidad durante todo el viaje.<\/li>\n<\/ul>\n<h3>\ud83d\udccd <strong>Saliendo de Puerto Col\u00f3n<\/strong><\/h3>\n<p>Comience su aventura mar\u00edtima en el coraz\u00f3n de Costa Adeje, con f\u00e1cil acceso y c\u00f3modo aparcamiento disponible en el puerto. Para asegurar un buen comienzo, le recomendamos llegar 15 minutos antes de su salida programada.<\/p>\n<h4>\ud83d\udcdc <strong>Pol\u00edticas de reserva y cancelaci\u00f3n transparentes<\/strong><\/h4>\n<p>Reservar su experiencia en Seaduction no le supondr\u00e1 ning\u00fan problema, y nuestra clara pol\u00edtica de cancelaci\u00f3n le garantizar\u00e1 su tranquilidad:<\/p>\n<ul>\n<li><strong>Garant\u00eda meteorol\u00f3gica:<\/strong> Seguimos de cerca las condiciones meteorol\u00f3gicas. En caso de cancelaci\u00f3n debido a condiciones meteorol\u00f3gicas inseguras, puede cambiar la fecha u optar por un reembolso completo, garantizando su seguridad y satisfacci\u00f3n.<\/li>\n<li><strong>Cancelaci\u00f3n flexible:<\/strong> Los planes cambian, y lo entendemos. Cancele o cambie la fecha de forma gratuita hasta 4 d\u00edas antes del viaje. Los dep\u00f3sitos no son reembolsables si la cancelaci\u00f3n se produce dentro de los 4 d\u00edas anteriores a la salida programada.<\/li>\n<\/ul>\n<p><strong>Reserve hoy mismo su plaza en el Seaduction a trav\u00e9s del CanaryVIP, y zarpe hacia un d\u00eda lleno de lujo, confort e inolvidables aventuras marinas.<\/strong><\/p>\n<h3>\ud83d\udd52 <strong>Opciones ampliadas y de pernoctaci\u00f3n disponibles<\/strong><\/h3>\n<p>Para los que buscan una aventura m\u00e1s larga o una ocasi\u00f3n especial, Seaduction est\u00e1 disponible para algo m\u00e1s que excursiones de un d\u00eda:<\/p>\n<ul>\n<li>Pase una noche o m\u00e1s a bordo, convirtiendo su ch\u00e1rter en una experiencia de lujo de varios d\u00edas.<\/li>\n<li>H\u00e1blenos de viajes personalizados y peticiones especiales: nuestro objetivo es hacer realidad sus sue\u00f1os mar\u00edtimos.<\/li>\n<\/ul>\n<h3>\ud83d\udc68\u200d\u2708\ufe0f <strong>Listo para embarcar: Lista de comprobaci\u00f3n previa al viaje<\/strong><\/h3>\n<p>Antes de embarcar, aseg\u00farate de:<\/p>\n<ul>\n<li>Tenga a mano su billete CanaryVIP, en su tel\u00e9fono o impreso.<\/li>\n<li>Traiga ba\u00f1ador, toalla y crema solar para disfrutar del sol con seguridad.<\/li>\n<li>Coma algo ligero para evitar el mareo y limite la ingesta de alcohol antes del viaje.<\/li>\n<li>Elija su lugar ideal en cubierta, tanto si desea tomar el sol como relajarse a la sombra.<\/li>\n<\/ul>\n<p>Reserve hoy mismo su aventura y convierta sus vacaciones en una experiencia inolvidable con esta <a href=\"https:\/\/canaryvip.com\/es\/tenerife\/boat-hire-tenerife\/?swcfpc=1\">alquiler exclusivo de barcos en Tenerife<\/a>.<\/p>","protected":false},"excerpt":{"rendered":"<p>\ud83d\udd0d\u00a0<strong>Detalles de la seducci\u00f3n:<\/strong><br \/>\n\u2705 Pago seguro.<br \/>\n\ud83d\udd10 Visitas privadas.<br \/>\n\ud83d\udee5\ufe0f Yate de 14 metros.<br \/>\n\u23f3 Excursiones diarias de 3-8h.<br \/>\n\ud83d\udd59 Horarios de salida personalizables.<br \/>\n\ud83c\udf74 Comidas y bebidas incluidas.<br \/>\n\ud83d\udc65 Hasta 12 invitados.<br \/>\n\ud83c\udfca Scooters submarinos.<br \/>\n\ud83c\udfc4\u200d\u2640\ufe0f Tablas de p\u00e1del incluidas.<br \/>\n\ud83e\udd29 Hinchables divertidos.<br \/>\n\ud83e\udd3f Equipo de snorkel.<br \/>\n\ud83c\udfa3 Ca\u00f1as de pescar.<br \/>\n\ud83d\udd0a Reproduce tu m\u00fasica.<br \/>\n\ud83e\udd11 Mejor precio garantizado.<br \/>\n\ud83d\udc6a Descuentos activados.<br \/>\n\ud83d\udd01 Hasta 4 d\u00edas de cancelaci\u00f3n.<br \/>\n\ud83c\udf0d Tripulaci\u00f3n multiling\u00fce.<br \/>\n\ud83c\udf1f \u00a1Reserva pronto y ahorra!<br \/>\n\ud83d\udccd Salida de\u00a0<a href=\"https:\/\/www.google.com\/maps\/place\/Puerto+Col%C3%B3n\/@28.078002,-16.7394902,17z\/data=!3m2!4b1!5s0xc6a97433884bdf9:0x76d293b7b99db23a!4m6!3m5!1s0xc6a9743509c9ebf:0xd62345524f768247!8m2!3d28.078002!4d-16.7369153!16s%2Fg%2F11c6cqryw_?entry=tts&amp;g_ep=EgoyMDI0MDUwNS4wKgBIAVAD\">Puerto Col\u00f3n<\/a>.<\/p>","protected":false},"featured_media":11413,"comment_status":"open","ping_status":"closed","template":"","meta":{"_acf_changed":false},"product_brand":[],"product_cat":[47],"product_tag":[],"class_list":{"0":"post-11406","1":"product","2":"type-product","3":"status-publish","4":"has-post-thumbnail","6":"product_cat-boat-hire-tenerife","7":"wcpa_has_options","9":"first","10":"instock","11":"sale","12":"virtual","13":"purchasable","14":"product-type-simple"},"acf":[],"wcpa_form_fields":{"wcpaData":{"product":{"product_price":855.6,"price_html":"From&nbsp;<del aria-hidden=\"true\"><span class=\"woocommerce-Price-amount amount\"><bdi>930,00&nbsp;<span class=\"woocommerce-Price-currencySymbol\">&euro;<\/span><\/bdi><\/span><\/del> <span class=\"screen-reader-text\">El precio original era: 930,00&nbsp;&euro;.<\/span><ins aria-hidden=\"true\"><span class=\"woocommerce-Price-amount amount\"><bdi>855,60&nbsp;<span class=\"woocommerce-Price-currencySymbol\">&euro;<\/span><\/bdi><\/span><\/ins><span class=\"screen-reader-text\">El precio actual es: 855,60&nbsp;&euro;.<\/span>","original_product_price":930,"price_including_tax":855.6,"price_excluding_tax":855.6,"product_id":{"parent":11406,"variation":false},"is_variable":false,"stock_status":"instock","stock_quantity":null,"parent_sku":"CV11406","product_attributes":[],"custom_fields":[],"is_taxable":false,"product_name":"Seaduction Luxury Yacht Tenerife","hasImage":false},"fields":{"sec_2663a48fe62c13":{"extra":{"key":"sec_2663a48fe62c13","section_id":"sec_2663a48fe62c13","name":"Default","status":1,"cl_rule":"show","enableCl":false,"relations":[],"toggle":true,"title_tag":"h3","show_title":false,"showPrice":"default","form_id":11407,"form_rules":{"exclude_from_discount":true,"fee_label":"Fee","disp_hide_options_price":true,"disp_show_section_price":false,"disp_show_field_price":true,"layout_option":"standard","pric_use_as_fee":false,"process_fee_as":"woo_fee"},"layout_option":"standard"},"fields":[[{"active":true,"col":6,"relations":false,"cl_rule":"show","enableCl":false,"price":"","enablePrice":false,"className":"oferta-especial","label_position":"default","desc_position":"default","type":"content","required":false,"elementId":"content_0215801483","label":"","name":"content_0215801483","contentType":"rich","value":"<p><strong>\u26a1\ufe0f Exclusive Offer Applied! Available for a limited time only! \u26a1\ufe0f<\/strong><\/p>","isTemplate":false,"error":false,"gt_translate_keys":["label","value"],"price_dependency":false,"cl_dependency":false}],[{"label":"\ud83d\udcc5 Date","active":true,"required":true,"elementId":"date_0663a48fe62c36","picker_type":"custom","picker_mode":"single","placeholder":"","description":"","tooltip":"","name":"date_0663a48fe62c36","label_position":"default","desc_position":"default","enablePrice":false,"className":"","enableCl":false,"relations":[{"operator":"and","rules":[{"operator":"AND","rules":{"cl_field":"radio-group_565c78ffa81208","cl_relation":"is","cl_val":"3 Hour Trip"}}]}],"date_pic_inline":true,"date_pic_inline_hide":true,"min_date":{"type":"days","val":"2"},"max_date":{"type":"days","val":"365"},"date_pic_conf":{"disabledWeeks":[]},"price":"","cl_rule":"show","col":6,"type":"date","error":false,"enableDesign":false,"LabelColor":"","date_conf_custom":{"minDate":"let d = new Date();\nif (d.getHours() >= 18) {\n  d.setDate(d.getDate() + 2);\n} else {\n  d.setDate(d.getDate() + 1);\n}\nreturn d;"},"isWeightTemplate":false,"isTemplate":false,"min_quantity":"1","quantity_decimal":false,"quantity_step":"1","quantity_label":"Quantity","repeater_field_label":"{field_label}","repeater_bind":"","gt_translate_keys":["label","placeholder","description","tooltip","repeater_field_label","quantity_label"],"price_dependency":false,"cl_dependency":false,"value":""}],[{"contentType":"rich","active":true,"label":"","elementId":"content_5663a48fe62c45","value":"<p>\ud83c\udf9f\ufe0f <strong>Reservation<\/strong>: Pay only a deposit now to reserve; the rest is due on the day of the activity upon arrival.<\/p>","inline":false,"name":"content_5663a48fe62c45","enablePrice":false,"className":"","subtype":"p","enableCl":false,"relations":false,"price":"","cl_rule":"show","col":6,"type":"content","error":false,"pricingType":"custom","isTemplate":false,"is_show_price":true,"show_in_checkout":true,"gt_translate_keys":["label","value"],"price_dependency":false,"cl_dependency":false}],[{"elementId":"separator_7663a48fe62c51","separatorType":"blank","className":"","height":"3","enableCl":false,"relations":false,"cl_rule":"show","col":6,"type":"separator","error":false,"gt_translate_keys":[],"price_dependency":false,"cl_dependency":false,"value":""}],[{"active":true,"col":6,"relations":false,"cl_rule":"show","enableCl":false,"price":"","enablePrice":true,"className":"","label_position":"default","desc_position":"default","type":"select","required":true,"elementId":"select_8663a48fe62c5c","label":"\u23f3 Trip Duration","name":"select_8663a48fe62c5c","values":[{"label":"3 Hours (930\u20ac | DISCOUNT NOW 855,60\u20ac)","value":"3","selected":false,"tempId":"aco_556","price":"930","gt_translate_keys":["label"]},{"label":"4 Hours (1.150\u20ac |\u00a0DISCOUNT NOW 1.058\u20ac)","value":"4","selected":false,"tempId":"aco_640","price":"1150","gt_translate_keys":["label"]},{"label":"6 Hours (1.550\u20ac | DISCOUNT NOW 1.426\u20ac)","value":"6","selected":false,"tempId":"aco_660","price":"1550","gt_translate_keys":["label"]},{"label":"8 Hours (1.850\u20ac | DISCOUNT NOW 1.702\u20ac)","value":"8","selected":false,"tempId":"aco_19","price":"1850","gt_translate_keys":["label"]}],"dropdown_type":"basic","error":false,"placeholder":"Select Trip Duration","priceOptions":"different_for_all","pricingType":"fixed","is_show_price":true,"isWeightTemplate":false,"isTemplate":false,"min_quantity":"1","quantity_decimal":false,"quantity_step":"1","quantity_label":"Quantity","repeater_field_label":"{field_label}","repeater_bind":"","gt_translate_keys":["label","placeholder","repeater_field_label","quantity_label"],"price_dependency":["content_6663a48fe62c7b","content_3663a48fe62c85"],"cl_dependency":false,"value":""}],[{"label":"\u2705 Number of People","active":true,"required":true,"elementId":"select_4663a48fe62c66","dropdown_type":"basic","placeholder":"Select Number of People","name":"select_4663a48fe62c66","label_position":"default","desc_position":"default","enablePrice":false,"className":"","enableCl":false,"relations":[{"operator":false,"rules":[{"operator":"AND","rules":{"cl_field":"radio-group_565c78ffa81208","cl_relation":"is","cl_val":"3 Hour Trip"}}]}],"values":[{"label":"1 person","value":"1","selected":false,"tempId":"aco_1471","price":"0","gt_translate_keys":["label"]},{"label":"2 people","value":"2","selected":false,"tempId":"aco_1472","price":"0","gt_translate_keys":["label"]},{"label":"3 people","value":"3","selected":false,"tempId":"aco_1500","price":"0","gt_translate_keys":["label"]},{"label":"4 people","value":"4","selected":false,"tempId":"aco_1510","price":"0","gt_translate_keys":["label"]},{"label":"5 people","value":"5","selected":false,"tempId":"aco_1520","price":"0","gt_translate_keys":["label"]},{"label":"6 people","value":"6","selected":false,"tempId":"aco_1728","price":"0","gt_translate_keys":["label"]},{"label":"7 people","value":"7","selected":false,"tempId":"aco_1738","price":"20","gt_translate_keys":["label"]},{"label":"8 people","value":"8","selected":false,"tempId":"aco_1748","price":"40","gt_translate_keys":["label"]},{"label":"9 people","value":"9","selected":false,"tempId":"aco_1912","price":"60","gt_translate_keys":["label"]},{"label":"10 people","value":"10","selected":false,"tempId":"aco_1922","price":"80","gt_translate_keys":["label"]},{"label":"11 people","value":"11","selected":false,"tempId":"aco_705","price":"100","gt_translate_keys":["label"]},{"label":"12 People","value":"12","selected":false,"tempId":"aco_85","gt_translate_keys":["label"]}],"price":"","cl_rule":"show","col":6,"type":"select","error":false,"priceOptions":"different_for_all","pricingType":"fixed","is_show_price":true,"isWeightTemplate":false,"isTemplate":false,"min_quantity":"1","quantity_decimal":false,"quantity_step":"1","quantity_label":"Quantity","repeater_field_label":"{field_label}","repeater_bind":"","gt_translate_keys":["label","placeholder","repeater_field_label","quantity_label"],"price_dependency":false,"cl_dependency":false,"value":""}],[{"elementId":"separator_7663a48fe62c71","separatorType":"fill","className":"","height":"6","enableCl":false,"relations":false,"cl_rule":"show","col":6,"type":"separator","error":false,"separatorColor":"#66a6b6","gt_translate_keys":[],"price_dependency":false,"cl_dependency":false,"value":""}],[{"active":true,"col":6,"relations":false,"cl_rule":"show","enableCl":false,"price":"({field.select_8663a48fe62c5c.price})*0.20","enablePrice":true,"className":"","label_position":"default","desc_position":"default","type":"content","required":false,"elementId":"content_6663a48fe62c7b","label":"Deposit Payment","name":"content_6663a48fe62c7b","contentType":"plain","value":"","error":false,"pricingType":"custom","isTemplate":false,"is_show_price":false,"enableDesign":true,"scrollBar":false,"use_as_fee":false,"fee_label":"Payment Now","inline":true,"show_in_checkout":true,"subtype":"div","formulaId":"fmla_1708364241278155361","LabelSize":"14px","gt_translate_keys":["label","value"],"price_dependency":["content_8663a48fe62c8f"],"cl_dependency":false}],[{"contentType":"plain","active":true,"label":"Payment at Arrival","elementId":"content_3663a48fe62c85","value":"","inline":true,"show_in_checkout":true,"name":"content_3663a48fe62c85","enablePrice":true,"className":"","fee_label":"Payment at Arrival","subtype":"div","enableCl":false,"relations":false,"scrollBar":false,"enableDesign":true,"pricingType":"custom","isTemplate":false,"price":"(({field.select_8663a48fe62c5c.price})*0.80)*0.90","use_as_fee":false,"is_show_price":true,"cl_rule":"show","col":6,"type":"content","error":false,"formulaId":"fmla_1708360988969136756","LabelSize":"14px","gt_translate_keys":["label","value"],"price_dependency":["content_8663a48fe62c8f"],"cl_dependency":false}],[{"contentType":"plain","active":true,"label":"Total Price","elementId":"content_8663a48fe62c8f","value":"","inline":true,"show_in_checkout":true,"name":"content_8663a48fe62c8f","enablePrice":true,"className":"","fee_label":"Payment at Arrival","subtype":"div","enableCl":false,"relations":false,"scrollBar":false,"enableDesign":true,"LabelSize":"14px","pricingType":"custom","isTemplate":false,"price":"({field.content_6663a48fe62c7b.price}) + ({field.content_3663a48fe62c85.price})","formulaId":"fmla_1708360988969136756","use_as_fee":false,"is_show_price":true,"cl_rule":"show","col":6,"type":"content","error":false,"gt_translate_keys":["label","value"],"price_dependency":false,"cl_dependency":false}],[{"elementId":"separator_0663a48fe62c99","separatorType":"blank","className":"","height":"3","enableCl":false,"relations":false,"cl_rule":"show","col":6,"type":"separator","error":false,"gt_translate_keys":[],"price_dependency":false,"cl_dependency":false,"value":""}],[{"active":true,"col":6,"relations":[{"operator":false,"rules":[{"operator":"AND","rules":{"cl_field":"radio-group_565c78ffa81208","cl_relation":"is","cl_val":"3 Hour Trip"}}]}],"cl_rule":"show","enableCl":false,"price":"","enablePrice":false,"className":"","label_position":"default","desc_position":"default","type":"select","required":false,"elementId":"select_8663a48fe62ca3","label":"\u23f0 Departure","name":"select_8663a48fe62ca3","values":[{"label":"09:00","value":"09:00","selected":false,"tempId":"aco_1471","gt_translate_keys":["label"]},{"label":"10:00","value":"10:00","selected":false,"tempId":"aco_1472","gt_translate_keys":["label"]},{"label":"11:00","value":"11:00","selected":false,"tempId":"aco_1500","gt_translate_keys":["label"]},{"label":"12:00","value":"12:00","selected":false,"tempId":"aco_1510","gt_translate_keys":["label"]},{"label":"13:30 (1:30 PM)","value":"13:30","selected":false,"tempId":"aco_1520","gt_translate_keys":["label"]},{"label":"14:00 (2:00 PM)","value":"14:00","selected":false,"tempId":"aco_1728","gt_translate_keys":["label"]},{"label":"15:00 (3:00 PM)","value":"15:00","selected":false,"tempId":"aco_1738","gt_translate_keys":["label"]}],"dropdown_type":"basic","error":false,"placeholder":"Whichever Time is Best","isWeightTemplate":false,"isTemplate":false,"min_quantity":"1","quantity_decimal":false,"quantity_step":"1","quantity_label":"Quantity","repeater_field_label":"{field_label}","repeater_bind":"","gt_translate_keys":["label","placeholder","repeater_field_label","quantity_label"],"price_dependency":false,"cl_dependency":false,"value":""}],[{"elementId":"separator_4663a48fe62cad","separatorType":"blank","className":"","height":"1","enableCl":false,"relations":false,"cl_rule":"show","col":6,"type":"separator","error":false,"gt_translate_keys":[],"price_dependency":false,"cl_dependency":false,"value":""}]]}},"config":{"price_override":"always","enable_recaptcha":false,"bind_quantity":false,"quantity_bind_formula":false,"disp_summ_show_option_price":true,"disp_summ_show_product_price":false,"disp_summ_show_total_price":false,"disp_summ_show_fee":true,"disp_summ_show_discount":true,"summary_title":"","options_total_label":"Options Price","total_label":"Deposit Amount","options_product_label":"Product Price","fee_label":"Fee","discount_label":"Discount","has_price":true,"has_quantity_formula":false},"mc_unit":1,"tax_rate":1,"tax_rate_real":1,"discount":{"percentage":0,"fixed":0},"design":{"conf":{"LabelPosition":"above","DescPosition":"above","UploadField":"custom_1","QuantityFieldStyle":"custom_1"},"css":{"LeftLabelWidth":"120px"}},"formulas":{"fmla_1708360988969136756":"(({field.select_2663a0ecdc488f.value}>=5)?(640):(({field.select_2663a0ecdc488f.value}>=4)?(520):(({field.select_2663a0ecdc488f.value}>=3)?(440):(0))))","fmla_1708364241278155361":"(({field.select_5841412719.value}>=8)?({field.select_5841412719.price}):(({field.select_5841412719.value}>=5)?({field.select_5841412719.price}):(({field.select_5841412719.value}>=3)?({field.select_5841412719.price}):(0))))"},"lookuptables":[],"clones":false,"cartKey":false}},"_links":{"self":[{"href":"https:\/\/canaryvip.com\/es\/wp-json\/wp\/v2\/product\/11406","targetHints":{"allow":["GET"]}}],"collection":[{"href":"https:\/\/canaryvip.com\/es\/wp-json\/wp\/v2\/product"}],"about":[{"href":"https:\/\/canaryvip.com\/es\/wp-json\/wp\/v2\/types\/product"}],"replies":[{"embeddable":true,"href":"https:\/\/canaryvip.com\/es\/wp-json\/wp\/v2\/comments?post=11406"}],"wp:featuredmedia":[{"embeddable":true,"href":"https:\/\/canaryvip.com\/es\/wp-json\/wp\/v2\/media\/11413"}],"wp:attachment":[{"href":"https:\/\/canaryvip.com\/es\/wp-json\/wp\/v2\/media?parent=11406"}],"wp:term":[{"taxonomy":"product_brand","embeddable":true,"href":"https:\/\/canaryvip.com\/es\/wp-json\/wp\/v2\/product_brand?post=11406"},{"taxonomy":"product_cat","embeddable":true,"href":"https:\/\/canaryvip.com\/es\/wp-json\/wp\/v2\/product_cat?post=11406"},{"taxonomy":"product_tag","embeddable":true,"href":"https:\/\/canaryvip.com\/es\/wp-json\/wp\/v2\/product_tag?post=11406"}],"curies":[{"name":"wp","href":"https:\/\/api.w.org\/{rel}","templated":true}]}}