{"id":11400,"date":"2024-05-07T12:18:46","date_gmt":"2024-05-07T11:18:46","guid":{"rendered":"https:\/\/canaryvip.com\/?post_type=product&#038;p=11400"},"modified":"2025-08-09T12:37:17","modified_gmt":"2025-08-09T11:37:17","slug":"white-heaven-tenerife","status":"publish","type":"product","link":"https:\/\/canaryvip.com\/es\/shop\/white-heaven-tenerife\/","title":{"rendered":"Barco White Heaven Tenerife"},"content":{"rendered":"<h2><strong>\ud83d\udee5\ufe0f White Heaven Alquilar un barco en Tenerife<\/strong><\/h2>\n<p>Experimente la elegancia y la emoci\u00f3n de las aguas de Tenerife con nuestro White Heaven Boat Charter, un destacado entre nuestros lujosos alquileres de barcos a motor disponibles desde <a href=\"https:\/\/www.google.com\/maps\/place\/Puerto+Col%C3%B3n\/@28.078002,-16.7394902,17z\/data=!3m2!4b1!5s0xc6a97433884bdf9:0x76d293b7b99db23a!4m6!3m5!1s0xc6a9743509c9ebf:0xd62345524f768247!8m2!3d28.078002!4d-16.7369153!16s%2Fg%2F11c6cqryw_?entry=tts&amp;g_ep=EgoyMDI0MDUwNS4wKgBIAVAD\" target=\"_blank\" rel=\"noopener\">Puerto Col\u00f3n<\/a>. Perfecto tanto para animadas celebraciones como para tranquilas salidas familiares, White Heaven est\u00e1 dise\u00f1ado para ofrecer una mezcla perfecta de velocidad, comodidad y momentos inolvidables en el agua, lo que lo convierte en la opci\u00f3n ideal para cualquiera que busque <a href=\"https:\/\/canaryvip.com\/es\/tenerife\/boat-hire-tenerife\/?swcfpc=1\">alquilar un barco en Tenerife<\/a>.<\/p>\n<h3>\u2b50\ufe0f <strong>Lujo y emociones a bordo de White Heaven<\/strong><\/h3>\n<p><span style=\"text-decoration: underline;\"><strong>Caracter\u00edsticas principales de White Heaven:<\/strong><\/span><\/p>\n<ul>\n<li>Propulsado por un robusto motor de 700 CV para un crucero r\u00e1pido y eficiente.<\/li>\n<li>Asientos lujosamente c\u00f3modos y una zona a la sombra para disfrutar de la brisa marina sin la luz directa del sol.<\/li>\n<li>Sabrosos tentempi\u00e9s gourmet y una selecci\u00f3n de bebidas fr\u00edas para mantenerte fresco.<\/li>\n<li>Un capit\u00e1n y una tripulaci\u00f3n experimentados garantizan una experiencia segura y agradable para todos.<\/li>\n<\/ul>\n<h4>\ud83d\udea4 <strong>Comience su aventura marinera<\/strong><\/h4>\n<p>Emprenda su viaje desde Puerto Col\u00f3n en Costa Adeje, donde le espera el elegante alquiler de barcos White Heaven en Tenerife. Dise\u00f1ado para grupos \u00edntimos, este ch\u00e1rter limita sus hu\u00e9spedes a 11, asegurando una experiencia personal y exclusiva a trav\u00e9s de las hermosas aguas de Tenerife. Esto lo convierte en la mejor opci\u00f3n para aquellos que buscan alquilar un barco en Tenerife.<\/p>\n<h4>\ud83c\udf0a <strong>Descubra la belleza de las aguas de Tenerife<\/strong><\/h4>\n<p>Una vez a bordo, descubrir\u00e1 que las encantadoras aguas azules de Tenerife ofrecen algo m\u00e1s que una simple vista: son un patio de recreo para aventureros y buscadores de relax por igual. Ya sea tomando el sol en la espaciosa cubierta o buscando la comodidad en las zonas de sombra, cada momento a bordo del White Heaven est\u00e1 dise\u00f1ado para deleitar e inspirar.<\/p>\n<h4>\ud83d\udc2c <strong>Elegancia y valor combinados<\/strong><\/h4>\n<p>En CanaryVIP, mejoramos su experiencia de alquiler de barcos en Tenerife combinando servicios de lujo con un valor excepcional. Explore las pintorescas costas de Tenerife a bordo de White Heaven, donde cada detalle, desde la seguridad hasta el entretenimiento, se gestiona meticulosamente para garantizarle una excursi\u00f3n en barco inolvidable en Tenerife.<\/p>\n<h3>\ud83d\udd52 <strong>Elija la duraci\u00f3n de su viaje<\/strong><\/h3>\n<ul>\n<li><strong>Recorrido de 3 horas por los tesoros de la costa<\/strong>: Zarpe en una excursi\u00f3n de tres horas en yate de lujo por la costa sur de Tenerife. Sum\u00e9rjase en aguas cristalinas para practicar snorkel o rel\u00e1jese y disfrute de las vistas panor\u00e1micas. Este corto ch\u00e1rter incluye aperitivos, bebidas y todo el equipo de snorkel necesario, ofreciendo un delicioso vistazo al para\u00edso, perfecto para una r\u00e1pida excursi\u00f3n en barco en Tenerife.<\/li>\n<li><strong>Excursi\u00f3n de 4 horas por la Costa Sur<\/strong>: Sum\u00e9rjase en el lujo y la aventura con nuestro viaje en yate de cuatro horas. Explore la hermosa costa sur, disfrute del snorkel en las profundidades del oc\u00e9ano y contemple las impresionantes vistas desde una perspectiva \u00fanica. Este charter incluye todas las comidas, bebidas y equipo de snorkel, perfecto para aquellos que buscan elevar su escapada.<\/li>\n<li><strong>Viaje Discovery de 5 horas<\/strong>: Emb\u00e1rquese en una aventura verdaderamente \u00e9pica con nuestra excursi\u00f3n en yate de cinco horas. Viaje a lo largo de la pintoresca costa sur de Tenerife, participe en emocionantes sesiones de snorkel y experimente el majestuoso oc\u00e9ano en todo su esplendor. Este completo ch\u00e1rter incluye comidas, bebidas y equipo de snorkel, por lo que es ideal para pasar un d\u00eda inolvidable en las aguas de Tenerife.<\/li>\n<\/ul>\n<p>Cada opci\u00f3n de excursi\u00f3n est\u00e1 dise\u00f1ada para un m\u00e1ximo de seis personas, con la posibilidad de a\u00f1adir m\u00e1s participantes por un cargo adicional de 20 \u20ac por persona, hasta un m\u00e1ximo de once personas. Esta flexibilidad garantiza que, tanto si busca una breve escapada como una larga exploraci\u00f3n, su experiencia ser\u00e1 c\u00f3moda, lujosa y memorable.<\/p>\n<h3>\u2705 <strong>Todo lo que necesita para un d\u00eda perfecto en el mar<\/strong><\/h3>\n<ul>\n<li>Disfrute de ilimitados bocados y bebidas gourmet, adaptados a todas las preferencias y necesidades diet\u00e9ticas.<\/li>\n<li>Una tripulaci\u00f3n multiling\u00fce y experimentada dispuesta a satisfacer sus necesidades, garantizando un viaje seguro y sin contratiempos.<\/li>\n<\/ul>\n<h3>\ud83d\udccd <strong>Zarpar desde Puerto Col\u00f3n<\/strong><\/h3>\n<p>Su aventura en barco por Tenerife comienza en el coraz\u00f3n de Costa Adeje, con la salida de White Heaven desde Puerto Col\u00f3n. Le recomendamos llegar 15 minutos antes de la salida para empezar el d\u00eda sin estr\u00e9s. Hay un c\u00f3modo aparcamiento disponible en el puerto, lo que facilita el acceso a su exclusivo ch\u00e1rter.<\/p>\n<h4>\ud83d\udcdc <strong>Pol\u00edticas claras de reserva y cancelaci\u00f3n<\/strong><\/h4>\n<p>Garantizar su plaza en el Cielo Blanco es sencillo, gracias a nuestro sistema de reservas de f\u00e1cil uso y a nuestras claras pol\u00edticas:<\/p>\n<ul>\n<li><strong>Garant\u00eda Meteorol\u00f3gica<\/strong>: Supervisamos las condiciones para garantizar una navegaci\u00f3n fluida. En caso de cancelaci\u00f3n debido a las inclemencias del tiempo, elija entre la reprogramaci\u00f3n o un reembolso completo, dando prioridad a su seguridad y satisfacci\u00f3n.<\/li>\n<li><strong>Cancelaci\u00f3n flexible<\/strong>: La vida es imprevisible. Cancele su reserva hasta 4 d\u00edas antes para obtener un reembolso completo. Dentro de los 4 d\u00edas, el importe total no es reembolsable.<\/li>\n<li><strong>Entradas digitales<\/strong>: Acceda f\u00e1cilmente a sus tarjetas de embarque a trav\u00e9s de su tel\u00e9fono o de una copia impresa para mayor comodidad.<\/li>\n<\/ul>\n<p><strong>Reserve hoy mismo su memorable viaje en el White Heaven con CanaryVIP y navegue hacia un d\u00eda lleno de lujo, confort e inolvidables aventuras marinas.<\/strong><\/p>","protected":false},"excerpt":{"rendered":"<p>\ud83d\udd0d <strong>Detalles de White Heaven:<\/strong><br \/>\n\u2705 Pago seguro.<br \/>\n\ud83d\udd10 Visitas privadas.<br \/>\n\ud83d\udee5\ufe0f Barco de 11 metros.<br \/>\n\u23f3 Excursiones diarias de 3-5h.<br \/>\n\ud83d\udd59 Horarios de salida personalizables.<br \/>\n\ud83c\udf74 Comidas y bebidas incluidas.<br \/>\n\ud83d\udc65 Hasta 11 invitados.<br \/>\n\ud83e\udd3f Se proporciona equipo de snorkel.<br \/>\n\ud83e\udd11 Mejor precio garantizado.<br \/>\n\ud83d\udc6a Descuentos activados.<br \/>\n\ud83d\udd01 Hasta 4 d\u00edas de cancelaci\u00f3n.<br \/>\n\ud83c\udf0d Tripulaci\u00f3n multiling\u00fce.<br \/>\n\ud83c\udf1f \u00a1Reserva pronto y ahorra!<br \/>\n\ud83d\udccd Salida de <a href=\"https:\/\/www.google.com\/maps\/place\/Puerto+Col%C3%B3n\/@28.078002,-16.7394902,17z\/data=!3m2!4b1!5s0xc6a97433884bdf9:0x76d293b7b99db23a!4m6!3m5!1s0xc6a9743509c9ebf:0xd62345524f768247!8m2!3d28.078002!4d-16.7369153!16s%2Fg%2F11c6cqryw_?entry=tts&amp;g_ep=EgoyMDI0MDUwNS4wKgBIAVAD\">Puerto Col\u00f3n<\/a>.<\/p>","protected":false},"featured_media":11401,"comment_status":"open","ping_status":"closed","template":"","meta":{"_acf_changed":false},"product_brand":[],"product_cat":[47],"product_tag":[],"class_list":{"0":"post-11400","1":"product","2":"type-product","3":"status-publish","4":"has-post-thumbnail","6":"product_cat-boat-hire-tenerife","7":"wcpa_has_options","9":"first","10":"instock","11":"virtual","12":"purchasable","13":"product-type-simple"},"acf":[],"wcpa_form_fields":{"wcpaData":{"product":{"product_price":600,"price_html":"From&nbsp;<span class=\"woocommerce-Price-amount amount\"><bdi>600,00&nbsp;<span class=\"woocommerce-Price-currencySymbol\">&euro;<\/span><\/bdi><\/span>","original_product_price":600,"price_including_tax":600,"price_excluding_tax":600,"product_id":{"parent":11400,"variation":false},"is_variable":false,"stock_status":"instock","stock_quantity":null,"parent_sku":"CV11400","product_attributes":[],"custom_fields":[],"is_taxable":false,"product_name":"White Heaven Boat Tenerife","hasImage":false},"fields":{"sec_4663a0ecdc484d":{"extra":{"key":"sec_4663a0ecdc484d","section_id":"sec_4663a0ecdc484d","name":"Default","status":1,"cl_rule":"show","enableCl":false,"relations":[],"toggle":true,"title_tag":"h3","show_title":false,"showPrice":"default","form_id":11405,"form_rules":{"exclude_from_discount":true,"fee_label":"Fee","disp_hide_options_price":true,"disp_show_section_price":false,"disp_show_field_price":true,"layout_option":"standard","pric_use_as_fee":false,"process_fee_as":"woo_fee"},"layout_option":"standard"},"fields":[[{"label":"\ud83d\udcc5 Date","active":true,"required":true,"elementId":"date_6663a0ecdc486b","picker_type":"custom","picker_mode":"single","placeholder":"","description":"","tooltip":"","name":"date_6663a0ecdc486b","label_position":"default","desc_position":"default","enablePrice":false,"className":"","enableCl":false,"relations":[{"operator":"and","rules":[{"operator":"AND","rules":{"cl_field":"radio-group_565c78ffa81208","cl_relation":"is","cl_val":"3 Hour Trip"}}]}],"date_pic_inline":true,"date_pic_inline_hide":true,"min_date":{"type":"days","val":"2"},"max_date":{"type":"days","val":"365"},"date_pic_conf":{"disabledWeeks":[]},"price":"","cl_rule":"show","col":6,"type":"date","error":false,"enableDesign":false,"LabelColor":"","gt_translate_keys":["label","placeholder","description","tooltip"],"price_dependency":false,"cl_dependency":false,"value":""}],[{"contentType":"rich","active":true,"label":"","elementId":"content_2663a0ecdc4879","value":"<p>\ud83c\udf9f\ufe0f <strong>Reservation<\/strong>: Pay only a deposit now to reserve; the rest is due on the day of the activity upon arrival.<\/p>","inline":false,"name":"content_2663a0ecdc4879","enablePrice":false,"className":"","subtype":"p","enableCl":false,"relations":false,"price":"","cl_rule":"show","col":6,"type":"content","error":false,"pricingType":"custom","isTemplate":false,"is_show_price":true,"show_in_checkout":true,"gt_translate_keys":["label","value"],"price_dependency":false,"cl_dependency":false}],[{"elementId":"separator_5663a0ecdc4885","separatorType":"blank","className":"","height":"3","enableCl":false,"relations":false,"cl_rule":"show","col":6,"type":"separator","error":false,"gt_translate_keys":[],"price_dependency":false,"cl_dependency":false,"value":""}],[{"active":true,"col":6,"relations":false,"cl_rule":"show","enableCl":false,"price":"","enablePrice":true,"className":"","label_position":"default","desc_position":"default","type":"select","required":true,"elementId":"select_2663a0ecdc488f","label":"\u23f3 Trip Duration","name":"select_2663a0ecdc488f","values":[{"label":"3 Hours (600\u20ac)","value":"3","selected":false,"tempId":"aco_556","price":"600","gt_translate_keys":["label"]},{"label":"4 Hours (800\u20ac)","value":"4","selected":false,"tempId":"aco_640","price":"800","gt_translate_keys":["label"]},{"label":"5 Hours (1000\u20ac)","value":"5","selected":false,"tempId":"aco_660","price":"1000","gt_translate_keys":["label"]}],"dropdown_type":"basic","error":false,"placeholder":"Select Trip Duration","priceOptions":"different_for_all","pricingType":"fixed","is_show_price":true,"gt_translate_keys":["label","placeholder"],"price_dependency":["content_8663a0ecdc48a2","content_9663a0ecdc48ab"],"cl_dependency":false,"value":""}],[{"label":"\u2705 Number of People","active":true,"required":true,"elementId":"select_6663a0ecdc48db","dropdown_type":"basic","placeholder":"Select Number of People","name":"select_6663a0ecdc48db","label_position":"default","desc_position":"default","enablePrice":true,"className":"","enableCl":false,"relations":[{"operator":false,"rules":[{"operator":"AND","rules":{"cl_field":"radio-group_565c78ffa81208","cl_relation":"is","cl_val":"3 Hour Trip"}}]}],"values":[{"label":"1 person","value":"1","selected":false,"tempId":"aco_1471","price":"0","gt_translate_keys":["label"]},{"label":"2 people","value":"2","selected":false,"tempId":"aco_1472","price":"0","gt_translate_keys":["label"]},{"label":"3 people","value":"3","selected":false,"tempId":"aco_1500","price":"0","gt_translate_keys":["label"]},{"label":"4 people","value":"4","selected":false,"tempId":"aco_1510","price":"0","gt_translate_keys":["label"]},{"label":"5 people","value":"5","selected":false,"tempId":"aco_1520","price":"0","gt_translate_keys":["label"]},{"label":"6 people","value":"6","selected":false,"tempId":"aco_1728","price":"0","gt_translate_keys":["label"]},{"label":"7 people (+20\u20ac)","value":"7","selected":false,"tempId":"aco_1738","price":"20","gt_translate_keys":["label"]},{"label":"8 people (+40\u20ac)","value":"8","selected":false,"tempId":"aco_1748","price":"40","gt_translate_keys":["label"]},{"label":"9 people (+60\u20ac)","value":"9","selected":false,"tempId":"aco_1912","price":"60","gt_translate_keys":["label"]},{"label":"10 people (+80\u20ac)","value":"10","selected":false,"tempId":"aco_1922","price":"80","gt_translate_keys":["label"]},{"label":"11 people (+100\u20ac)","value":"11","selected":false,"tempId":"aco_705","price":"100","gt_translate_keys":["label"]}],"price":"","cl_rule":"show","col":6,"type":"select","error":false,"priceOptions":"different_for_all","pricingType":"fixed","is_show_price":true,"gt_translate_keys":["label","placeholder"],"price_dependency":["content_8663a0ecdc48a2","content_9663a0ecdc48ab"],"cl_dependency":false,"value":""}],[{"elementId":"separator_6663a0ecdc4899","separatorType":"fill","className":"","height":"6","enableCl":false,"relations":false,"cl_rule":"show","col":6,"type":"separator","error":false,"separatorColor":"#66a6b6","gt_translate_keys":[],"price_dependency":false,"cl_dependency":false,"value":""}],[{"active":true,"col":6,"relations":false,"cl_rule":"show","enableCl":false,"price":"({field.select_2663a0ecdc488f.price} + {field.select_6663a0ecdc48db.price})*0.20","enablePrice":true,"className":"","label_position":"default","desc_position":"default","type":"content","required":false,"elementId":"content_8663a0ecdc48a2","label":"Deposit Payment","name":"content_8663a0ecdc48a2","contentType":"plain","value":"","error":false,"pricingType":"custom","isTemplate":false,"is_show_price":false,"enableDesign":true,"scrollBar":false,"use_as_fee":false,"fee_label":"Payment Now","inline":true,"show_in_checkout":true,"subtype":"div","formulaId":"fmla_1708364241278155361","LabelSize":"14px","gt_translate_keys":["label","value"],"price_dependency":["content_8663a0ecdc48b4"],"cl_dependency":false}],[{"contentType":"plain","active":true,"label":"Payment at Arrival","elementId":"content_9663a0ecdc48ab","value":"","inline":true,"show_in_checkout":true,"name":"content_9663a0ecdc48ab","enablePrice":true,"className":"","fee_label":"Payment at Arrival","subtype":"div","enableCl":false,"relations":false,"scrollBar":false,"enableDesign":true,"pricingType":"custom","isTemplate":false,"price":"({field.select_2663a0ecdc488f.price} + {field.select_6663a0ecdc48db.price})*0.80","use_as_fee":false,"is_show_price":true,"cl_rule":"show","col":6,"type":"content","error":false,"formulaId":"fmla_1708360988969136756","LabelSize":"14px","gt_translate_keys":["label","value"],"price_dependency":["content_8663a0ecdc48b4"],"cl_dependency":false}],[{"contentType":"plain","active":true,"label":"Total Price","elementId":"content_8663a0ecdc48b4","value":"","inline":true,"show_in_checkout":true,"name":"content_8663a0ecdc48b4","enablePrice":true,"className":"","fee_label":"Payment at Arrival","subtype":"div","enableCl":false,"relations":false,"scrollBar":false,"enableDesign":true,"LabelSize":"14px","pricingType":"custom","isTemplate":false,"price":"({field.content_8663a0ecdc48a2.price}) + ({field.content_9663a0ecdc48ab.price})","formulaId":"fmla_1708360988969136756","use_as_fee":false,"is_show_price":true,"cl_rule":"show","col":6,"type":"content","error":false,"gt_translate_keys":["label","value"],"price_dependency":false,"cl_dependency":false}],[{"elementId":"separator_1663a0ecdc48bf","separatorType":"blank","className":"","height":"3","enableCl":false,"relations":false,"cl_rule":"show","col":6,"type":"separator","error":false,"gt_translate_keys":[],"price_dependency":false,"cl_dependency":false,"value":""}],[{"active":true,"col":6,"relations":[{"operator":false,"rules":[{"operator":"AND","rules":{"cl_field":"radio-group_565c78ffa81208","cl_relation":"is","cl_val":"3 Hour Trip"}}]}],"cl_rule":"show","enableCl":false,"price":"","enablePrice":false,"className":"","label_position":"default","desc_position":"default","type":"select","required":false,"elementId":"select_7663a0ecdc48c8","label":"\u23f0 Departure","name":"select_7663a0ecdc48c8","values":[{"label":"09:00","value":"09:00","selected":false,"tempId":"aco_1471","gt_translate_keys":["label"]},{"label":"10:00","value":"10:00","selected":false,"tempId":"aco_1472","gt_translate_keys":["label"]},{"label":"11:00","value":"11:00","selected":false,"tempId":"aco_1500","gt_translate_keys":["label"]},{"label":"12:00","value":"12:00","selected":false,"tempId":"aco_1510","gt_translate_keys":["label"]},{"label":"13:00 (1:00 PM)","value":"13:00","selected":false,"tempId":"aco_1520","gt_translate_keys":["label"]},{"label":"14:00 (2:00 PM)","value":"14:00","selected":false,"tempId":"aco_1728","gt_translate_keys":["label"]},{"label":"15:00 (3:00 PM)","value":"15:00","selected":false,"tempId":"aco_1738","gt_translate_keys":["label"]}],"dropdown_type":"basic","error":false,"placeholder":"Whichever Time is Best","gt_translate_keys":["label","placeholder"],"price_dependency":false,"cl_dependency":false,"value":""}],[{"elementId":"separator_0663a0ecdc48d2","separatorType":"blank","className":"","height":"1","enableCl":false,"relations":false,"cl_rule":"show","col":6,"type":"separator","error":false,"gt_translate_keys":[],"price_dependency":false,"cl_dependency":false,"value":""}]]}},"config":{"price_override":"always","enable_recaptcha":false,"bind_quantity":false,"quantity_bind_formula":false,"disp_summ_show_option_price":true,"disp_summ_show_product_price":false,"disp_summ_show_total_price":false,"disp_summ_show_fee":true,"disp_summ_show_discount":true,"summary_title":"","options_total_label":"Options Price","total_label":"Deposit Amount","options_product_label":"Product Price","fee_label":"Fee","discount_label":"Discount","has_price":true,"has_quantity_formula":false},"mc_unit":1,"tax_rate":1,"tax_rate_real":1,"discount":{"percentage":0,"fixed":0},"design":{"conf":{"LabelPosition":"above","DescPosition":"above","UploadField":"custom_1","QuantityFieldStyle":"custom_1"},"css":{"LeftLabelWidth":"120px"}},"formulas":{"fmla_1708360988969136756":"(({field.select_2663a0ecdc488f.value}>=5)?(640):(({field.select_2663a0ecdc488f.value}>=4)?(520):(({field.select_2663a0ecdc488f.value}>=3)?(440):(0))))","fmla_1708364241278155361":"(({field.select_5841412719.value}>=8)?({field.select_5841412719.price}):(({field.select_5841412719.value}>=5)?({field.select_5841412719.price}):(({field.select_5841412719.value}>=3)?({field.select_5841412719.price}):(0))))"},"lookuptables":[],"clones":false,"cartKey":false}},"_links":{"self":[{"href":"https:\/\/canaryvip.com\/es\/wp-json\/wp\/v2\/product\/11400","targetHints":{"allow":["GET"]}}],"collection":[{"href":"https:\/\/canaryvip.com\/es\/wp-json\/wp\/v2\/product"}],"about":[{"href":"https:\/\/canaryvip.com\/es\/wp-json\/wp\/v2\/types\/product"}],"replies":[{"embeddable":true,"href":"https:\/\/canaryvip.com\/es\/wp-json\/wp\/v2\/comments?post=11400"}],"wp:featuredmedia":[{"embeddable":true,"href":"https:\/\/canaryvip.com\/es\/wp-json\/wp\/v2\/media\/11401"}],"wp:attachment":[{"href":"https:\/\/canaryvip.com\/es\/wp-json\/wp\/v2\/media?parent=11400"}],"wp:term":[{"taxonomy":"product_brand","embeddable":true,"href":"https:\/\/canaryvip.com\/es\/wp-json\/wp\/v2\/product_brand?post=11400"},{"taxonomy":"product_cat","embeddable":true,"href":"https:\/\/canaryvip.com\/es\/wp-json\/wp\/v2\/product_cat?post=11400"},{"taxonomy":"product_tag","embeddable":true,"href":"https:\/\/canaryvip.com\/es\/wp-json\/wp\/v2\/product_tag?post=11400"}],"curies":[{"name":"wp","href":"https:\/\/api.w.org\/{rel}","templated":true}]}}