{"id":11308,"date":"2024-04-16T23:45:59","date_gmt":"2024-04-16T22:45:59","guid":{"rendered":"https:\/\/canaryvip.com\/?post_type=product&#038;p=11308"},"modified":"2025-08-09T12:39:52","modified_gmt":"2025-08-09T11:39:52","slug":"banana-boat-tenerife","status":"publish","type":"product","link":"https:\/\/canaryvip.com\/es\/shop\/banana-boat-tenerife\/","title":{"rendered":"Banana Boat Tenerife"},"content":{"rendered":"<h2><strong>\ud83c\udf4c Banana Boat Tenerife - Olas salvajes y risas<\/strong><\/h2>\n<p>Prep\u00e1rate para un chapuz\u00f3n de diversi\u00f3n con nuestro <strong>Banana Boat Tenerife<\/strong> \u00a1paseos! Ideales para familias y grupos, estos paseos combinan velocidad, salpicaduras y risas para pasar un d\u00eda memorable en el agua. Nuestro <strong>Excursiones en Banana Boat<\/strong> son una forma intemporal de vivir la emoci\u00f3n del mar en Costa Adeje.<\/p>\n<h3><strong>\ud83c\udf0a Comienza tu aventura en Puerto Col\u00f3n<\/strong><\/h3>\n<ul>\n<li><strong>Un lanzamiento emocionante:<\/strong> Su viaje en banana boat comienza en <a href=\"https:\/\/maps.app.goo.gl\/bkqEhAxsobcjz9wG9\" target=\"_blank\" rel=\"noopener\">Puerto Col\u00f3n,<\/a> donde nuestros entusiastas gu\u00edas le dar\u00e1n la bienvenida y le ofrecer\u00e1n unas r\u00e1pidas instrucciones de seguridad antes de subir a la emblem\u00e1tica balsa amarilla.<\/li>\n<li><strong>Un viaje emocionante:<\/strong> S\u00fabete a la banana hinchable y ag\u00e1rrate fuerte mientras la lancha te arrastra por las olas. Prep\u00e1rate para zambullidas y baches mientras r\u00edes y gritas de alegr\u00eda con tus amigos y familiares.<\/li>\n<\/ul>\n<h3><strong>\u2728 \u00bfQu\u00e9 hace que nuestros paseos en Banana Boat sean especiales?<\/strong><\/h3>\n<ul>\n<li><strong>Diversi\u00f3n accesible:<\/strong> Con s\u00f3lo 15 \u20ac por persona se asegura una plaza en este popular deporte acu\u00e1tico, perfecto tambi\u00e9n para grupos. Es una excursi\u00f3n asequible y emocionante para todos.<\/li>\n<li><strong>Elogios constantes:<\/strong> Nos enorgullecemos de la alegr\u00eda y las risas que provocan nuestras atracciones, lo que se refleja en las excelentes cr\u00edticas de nuestros clientes. \u00a1Su diversi\u00f3n es nuestra prioridad!<\/li>\n<li><strong>Reservas flexibles:<\/strong> \u00bfCambio de planes? Puede anular su reserva hasta 24 horas antes y le devolveremos el importe \u00edntegro de su reserva.<\/li>\n<\/ul>\n<h3><strong>\ud83d\ude80 Sube al Banana Boat en Tenerife<\/strong><\/h3>\n<ul>\n<li><strong>Din\u00e1mica de grupo:<\/strong> Experimente la emoci\u00f3n con hasta 12 jinetes. La emoci\u00f3n colectiva y las reacciones compartidas hacen que la aventura sea inolvidable.<\/li>\n<li><strong>Sano y salvo:<\/strong> Nuestra tripulaci\u00f3n cualificada garantiza un viaje seguro de principio a fin, manejando el barco con cuidado experto para maximizar su disfrute y seguridad.<\/li>\n<\/ul>\n<h3><strong>\ud83c\udf1f Algo m\u00e1s que barcos bananeros<\/strong><\/h3>\n<ul>\n<li>Ampl\u00ede sus aventuras de deportes acu\u00e1ticos con opciones como <a href=\"https:\/\/canaryvip.com\/es\/shop\/jetski-tenerife\/\">jet ski Tenerife<\/a>, <a href=\"https:\/\/canaryvip.com\/es\/shop\/parasailing-tenerife\/\">parasailing Tenerife<\/a>e incluso <a href=\"https:\/\/canaryvip.com\/es\/tenerife\/boat-excursions\/\">avistamiento de ballenas<\/a>, todo desde la misma vibrante ubicaci\u00f3n en Puerto Col\u00f3n.<\/li>\n<\/ul>\n<h3>\ud83d\udcc5 <strong>Reserve hoy mismo su paseo en Banana Boat en Tenerife<\/strong><\/h3>\n<p>Tanto si busca emoci\u00f3n como una divertida actividad en grupo, nuestros paseos en Banana Boat ofrecen la mezcla perfecta de ambos. Asegure su asiento hoy mismo y prep\u00e1rese para una experiencia emocionante en el agua.<\/p>\n<h3>\u2705 <strong>\u00bfQu\u00e9 incluye su paseo en Banana Boat?<\/strong><\/h3>\n<ul>\n<li>Instrucciones de seguridad completas y chalecos salvavidas para todos los pilotos.<\/li>\n<li>Un emocionante viaje de 10 minutos.<\/li>\n<li>Fotograf\u00edas de su aventura disponibles para su compra, para capturar los momentos llenos de diversi\u00f3n.<\/li>\n<\/ul>\n<h3><strong>\u2696\ufe0f Reserva fiable y f\u00e1cil cancelaci\u00f3n<\/strong><\/h3>\n<ul>\n<li><strong>Reservas sin esfuerzo:<\/strong> Reserve con tranquilidad y sepa que puede anular su reserva hasta 24 horas antes, con reembolso \u00edntegro, si cambian sus planes.<\/li>\n<li><strong>Todo el mundo est\u00e1 invitado:<\/strong> Apto para amantes de las emociones fuertes de 10 a 65 a\u00f1os. Nuestras atracciones est\u00e1n dise\u00f1adas para ser inclusivas y divertidas para todos.<\/li>\n<\/ul>\n<h3><strong>\ud83c\udf92 C\u00f3mo preparar tu viaje<\/strong><\/h3>\n<ul>\n<li><strong>Lleve el equipo adecuado:<\/strong> Ven en ba\u00f1ador y prep\u00e1rate para mojarte. No olvides traer una toalla y crema solar para protegerte del sol.<\/li>\n<li><strong>Mantenga a salvo sus objetos de valor:<\/strong> Deje sus zapatos y art\u00edculos antideslizantes en nuestras cajas de almacenamiento seguro en el muelle. Traiga una c\u00e1mara resistente al agua si desea hacer fotos personales.<\/li>\n<li><strong>Salud y seguridad:<\/strong> Nuestra actividad no es apta para embarazadas, \u00a1pero es fant\u00e1stica para casi todo el mundo! Aseg\u00farate de estar preparado para un paseo f\u00edsico.<\/li>\n<\/ul>\n<h3>\u2753 <strong>Preguntas frecuentes<\/strong><\/h3>\n<ul>\n<li><strong>\u00bfPuede alguien participar en un paseo en Banana Boat?<\/strong> S\u00ed. Nuestros paseos en Banana Boat son perfectos para cualquier persona de 10 a 65 a\u00f1os. No es necesario saber nadar, ya que todos los participantes ir\u00e1n equipados con chalecos salvavidas.<\/li>\n<li><strong>\u00bfQu\u00e9 debo esperar durante el viaje?<\/strong> Espere que le roc\u00eden, le salpiquen y se r\u00edan de usted (con buen humor). Se trata de divertirse y experimentar la emoci\u00f3n del oc\u00e9ano.<\/li>\n<\/ul>\n<h4><strong>\ud83c\udf1e \u00bfListo para montar?<\/strong><\/h4>\n<p>Sum\u00e9rjase en la diversi\u00f3n con nuestros paseos en Banana Boat en <strong>CanaryVIP.<\/strong> Reserve ahora y prep\u00e1rese para hacer olas en los bellos mares de Tenerife.<\/p>","protected":false},"excerpt":{"rendered":"<p>\ud83d\udd0d <strong>Banana Boat Tenerife:<br \/>\n<\/strong>\u2705 Pago seguro.<br \/>\n\ud83d\udc65 Hasta 12 pasajeros por viaje.<br \/>\n\ud83d\ude80 Los paseos duran 10 minutos.<br \/>\n\ud83c\udfde\ufe0f Viajes de alta velocidad.<br \/>\n\ud83d\udd59 A lo largo del d\u00eda.<br \/>\n\ud83d\udcc5 Disponible todos los d\u00edas.<br \/>\n\ud83e\udd11 Mejor precio garantizado.<br \/>\n\ud83d\udc6a Descuentos para grupos.<br \/>\n\ud83d\udd01 Pol\u00edtica de cancelaci\u00f3n de 24h.<br \/>\n\ud83c\udf0d Compatible con varios idiomas.<br \/>\n\ud83c\udf1f Reserva con antelaci\u00f3n para ahorrar.<br \/>\n\ud83d\udccd Salida de <a href=\"https:\/\/maps.app.goo.gl\/bkqEhAxsobcjz9wG9\">Puerto Col\u00f3n<\/a>.<\/p>","protected":false},"featured_media":11311,"comment_status":"open","ping_status":"closed","template":"","meta":{"_acf_changed":false},"product_brand":[],"product_cat":[53],"product_tag":[],"class_list":{"0":"post-11308","1":"product","2":"type-product","3":"status-publish","4":"has-post-thumbnail","6":"product_cat-water-sports","7":"wcpa_has_options","9":"first","10":"instock","11":"virtual","12":"purchasable","13":"product-type-simple"},"acf":[],"wcpa_form_fields":{"wcpaData":{"product":{"product_price":18,"price_html":"From&nbsp;<span class=\"woocommerce-Price-amount amount\"><bdi>18,00&nbsp;<span class=\"woocommerce-Price-currencySymbol\">&euro;<\/span><\/bdi><\/span>","original_product_price":18,"price_including_tax":18,"price_excluding_tax":18,"product_id":{"parent":11308,"variation":false},"is_variable":false,"stock_status":"instock","stock_quantity":null,"parent_sku":"CV11308","product_attributes":[],"custom_fields":[],"is_taxable":false,"product_name":"Banana Boat Tenerife","hasImage":false},"fields":{"sec_7661f1665d94fb":{"extra":{"key":"sec_7661f1665d94fb","section_id":"sec_7661f1665d94fb","name":"Default","status":1,"cl_rule":"show","enableCl":false,"relations":[],"toggle":true,"title_tag":"h3","show_title":false,"showPrice":"default","form_id":11314,"form_rules":{"exclude_from_discount":true,"fee_label":"Fee","disp_hide_options_price":true,"disp_show_section_price":false,"disp_show_field_price":true,"layout_option":"standard","pric_use_as_fee":false,"process_fee_as":"woo_fee"},"layout_option":"standard"},"fields":[[{"label":"\ud83d\udcc5 Date","active":true,"required":true,"elementId":"date_3661f1665d951b","picker_type":"custom","picker_mode":"single","placeholder":"","description":"","tooltip":"","name":"date_3661f1665d951b","label_position":"default","desc_position":"default","enablePrice":false,"className":"","enableCl":false,"relations":[{"operator":"and","rules":[{"operator":"AND","rules":{"cl_field":"radio-group_5661bc90f5e8f5","cl_relation":"is_not_empty","cl_val":"3 Hour Trip"}}]}],"date_pic_inline":true,"date_pic_inline_hide":true,"min_date":{"type":"days","val":"1"},"max_date":{"type":"days","val":"365"},"date_pic_conf":{"disabledWeeks":[]},"price":"","cl_rule":"show","col":6,"type":"date","error":false,"enableDesign":false,"LabelColor":"","gt_translate_keys":["label","placeholder","description","tooltip"],"price_dependency":false,"cl_dependency":false,"value":""}],[{"active":true,"col":6,"relations":false,"cl_rule":"show","enableCl":false,"price":"","enablePrice":false,"className":"","label_position":"default","desc_position":"default","type":"select","required":true,"elementId":"select_3477053266","label":"\u23f0 Departure Time","name":"select_3477053266","values":[{"label":"Whichever Time is Best","value":"Whichever Time is Best","selected":false,"tempId":"aco_312","gt_translate_keys":["label"]},{"label":"10:30","value":"10:30","selected":false,"tempId":"aco_313","gt_translate_keys":["label"]},{"label":"11:30","value":"11:30","selected":false,"tempId":"aco_314","gt_translate_keys":["label"]},{"label":"12:30 ","value":"12:30","selected":false,"tempId":"aco_711","gt_translate_keys":["label"]},{"label":"13:30","value":"13:30","selected":false,"tempId":"aco_721","gt_translate_keys":["label"]},{"label":"14:30","value":"14:30","selected":false,"tempId":"aco_983","gt_translate_keys":["label"]},{"label":"15:30","value":"15:30","selected":false,"tempId":"aco_993","gt_translate_keys":["label"]},{"label":"16:30","value":"16:30","selected":false,"tempId":"aco_1183","gt_translate_keys":["label"]}],"dropdown_type":"basic","error":false,"multiple":false,"placeholder":"None","gt_translate_keys":["label","placeholder"],"price_dependency":false,"cl_dependency":false,"value":""}],[{"active":true,"col":6,"relations":[{"operator":false,"rules":[{"operator":"AND","rules":{"cl_field":"","cl_relation":"","cl_val":""}}]}],"cl_rule":"show","enableCl":true,"price":"18","enablePrice":true,"className":"","label_position":"default","desc_position":"default","type":"radio-group","required":false,"elementId":"radio-group_0661f1665d9537","label":"","name":"radio-group_0661f1665d9537","values":[{"label":"\ud83d\udc64 People (18\u20ac)","value":"People","selected":true,"tempId":"aco_32","tooltip":"","description":"","gt_translate_keys":["label","tooltip","description"]}],"layOut":"","error":false,"checkUi":"button","priceOptions":"fixed_for_all","pricingType":"fixed","enable_quantity":true,"quantity_label":"","min_quantity":"0","options_tooltip":true,"options_description":true,"is_show_price":true,"gt_translate_keys":["label","quantity_label"],"price_dependency":["content_2802764779","content-8155931385","content-8167489432"],"cl_dependency":false,"value":""}],[{"active":true,"col":6,"relations":false,"cl_rule":"show","enableCl":false,"price":"","enablePrice":false,"className":"","label_position":"default","desc_position":"default","type":"separator","required":false,"elementId":"separator_2804989181","label":"Separator Field","height":"6","separatorType":"fill","error":false,"separatorColor":"#66a5b6","gt_translate_keys":["label"],"price_dependency":false,"cl_dependency":false,"value":""}],[{"active":true,"col":6,"relations":false,"cl_rule":"show","enableCl":false,"price":"{field.radio-group_0661f1665d9537.price}*0.30","enablePrice":true,"className":"","label_position":"default","desc_position":"default","type":"content","required":false,"elementId":"content_2802764779","label":"Deposit Now","name":"content_2802764779","contentType":"plain","value":"","error":false,"subtype":"div","inline":true,"show_in_checkout":true,"pricingType":"custom","isTemplate":false,"gt_translate_keys":["label","value"],"price_dependency":false,"cl_dependency":false}],[{"contentType":"plain","active":true,"label":"Payment at Arrival","elementId":"content-8155931385","value":"","inline":true,"show_in_checkout":true,"name":"content-8155931385","enablePrice":true,"className":"","subtype":"div","enableCl":false,"relations":false,"pricingType":"custom","isTemplate":false,"price":"{field.radio-group_0661f1665d9537.price}*0.70","is_show_price":true,"cl_rule":"show","col":6,"type":"content","error":false,"gt_translate_keys":["label","value"],"price_dependency":false,"cl_dependency":false}],[{"contentType":"plain","active":true,"label":"Total Price","elementId":"content-8167489432","value":"","inline":true,"show_in_checkout":true,"name":"content-8167489432","enablePrice":true,"className":"","subtype":"div","enableCl":false,"relations":false,"pricingType":"custom","isTemplate":false,"price":"{field.radio-group_0661f1665d9537.price}","is_show_price":true,"cl_rule":"show","col":6,"type":"content","error":false,"gt_translate_keys":["label","value"],"price_dependency":false,"cl_dependency":false}]]}},"config":{"price_override":"always","enable_recaptcha":false,"bind_quantity":false,"quantity_bind_formula":false,"disp_summ_show_option_price":true,"disp_summ_show_product_price":false,"disp_summ_show_total_price":true,"disp_summ_show_fee":true,"disp_summ_show_discount":true,"summary_title":"","options_total_label":"Options Price","total_label":"Total Amount","options_product_label":"Product Price","fee_label":"Fee","discount_label":"Discount","has_price":true,"has_quantity_formula":false},"mc_unit":1,"tax_rate":1,"tax_rate_real":1,"discount":{"percentage":0,"fixed":0},"design":{"conf":{"LabelPosition":"above","DescPosition":"above","UploadField":"custom_1","QuantityFieldStyle":"custom_1"},"css":{"LeftLabelWidth":"120px"}},"formulas":[],"lookuptables":[],"clones":false,"cartKey":false}},"_links":{"self":[{"href":"https:\/\/canaryvip.com\/es\/wp-json\/wp\/v2\/product\/11308","targetHints":{"allow":["GET"]}}],"collection":[{"href":"https:\/\/canaryvip.com\/es\/wp-json\/wp\/v2\/product"}],"about":[{"href":"https:\/\/canaryvip.com\/es\/wp-json\/wp\/v2\/types\/product"}],"replies":[{"embeddable":true,"href":"https:\/\/canaryvip.com\/es\/wp-json\/wp\/v2\/comments?post=11308"}],"wp:featuredmedia":[{"embeddable":true,"href":"https:\/\/canaryvip.com\/es\/wp-json\/wp\/v2\/media\/11311"}],"wp:attachment":[{"href":"https:\/\/canaryvip.com\/es\/wp-json\/wp\/v2\/media?parent=11308"}],"wp:term":[{"taxonomy":"product_brand","embeddable":true,"href":"https:\/\/canaryvip.com\/es\/wp-json\/wp\/v2\/product_brand?post=11308"},{"taxonomy":"product_cat","embeddable":true,"href":"https:\/\/canaryvip.com\/es\/wp-json\/wp\/v2\/product_cat?post=11308"},{"taxonomy":"product_tag","embeddable":true,"href":"https:\/\/canaryvip.com\/es\/wp-json\/wp\/v2\/product_tag?post=11308"}],"curies":[{"name":"wp","href":"https:\/\/api.w.org\/{rel}","templated":true}]}}