{"id":11303,"date":"2024-04-16T23:11:21","date_gmt":"2024-04-16T22:11:21","guid":{"rendered":"https:\/\/canaryvip.com\/?post_type=product&#038;p=11303"},"modified":"2025-08-09T12:40:39","modified_gmt":"2025-08-09T11:40:39","slug":"flyfish-tenerife","status":"publish","type":"product","link":"https:\/\/canaryvip.com\/es\/shop\/flyfish-tenerife\/","title":{"rendered":"FlyFish Tenerife"},"content":{"rendered":"<h2><strong>\ud83c\udf0a FlyFish Tenerife - Surca las olas del oc\u00e9ano<\/strong><\/h2>\n<p>Prep\u00e1rese para una experiencia llena de adrenalina con nuestro <strong>FlyFish Tenerife<\/strong> \u00a1aventura! Siente la emoci\u00f3n de volar sobre el mar mientras te aferras a nuestra balsa hinchable especialmente dise\u00f1ada. Nuestro <strong>Excursiones FlyFish<\/strong> promete un d\u00eda inolvidable de deportes acu\u00e1ticos de alta velocidad en el bello entorno de Costa Adeje.<\/p>\n<h3><strong>\ud83d\udea4 C\u00f3mo empezar tu aventura de pesca con mosca<\/strong><\/h3>\n<ul>\n<li><strong>Comienza la aventura:<\/strong> Su viaje comienza directamente en <a href=\"https:\/\/maps.app.goo.gl\/bkqEhAxsobcjz9wG9\" target=\"_blank\" rel=\"noopener\">Puerto Col\u00f3n,<\/a>\u00a0el punto de partida oficial de su aventura FlyFish. A su llegada, se le introducir\u00e1 en el apasionante mundo del FlyFish, recibir\u00e1 un completo briefing de seguridad y se equipar\u00e1 para el emocionante viaje que le espera.<\/li>\n<li><strong>La experiencia FlyFish:<\/strong> P\u00f3ngase el cintur\u00f3n y ag\u00e1rrese fuerte mientras la lancha motora le lleva sobre las olas. Disfrute del chapoteo del agua de mar y del viento en la cara en este emocionante paseo.<\/li>\n<\/ul>\n<p>&nbsp;<\/p>\n<h3><strong>\u2728 \u00bfPor qu\u00e9 elegir CanaryVIP para su experiencia de pesca con mosca?<\/strong><\/h3>\n<ul>\n<li><strong>Precios competitivos:<\/strong> Suba a bordo por tan s\u00f3lo 45 \u20ac por persona, con fant\u00e1sticas tarifas para grupos y espectadores. Calidad y emoci\u00f3n a un precio inigualable.<\/li>\n<li><strong>Elogios de los clientes:<\/strong> Reconocidos por nuestro excepcional servicio, estamos orgullosos de las excelentes cr\u00edticas de nuestros hu\u00e9spedes. \u00a1Su gran experiencia es nuestro objetivo!<\/li>\n<li><strong>Flexibilidad en las reservas:<\/strong> \u00bfHa cambiado de planes? No se preocupe: cancele hasta 24 horas antes del viaje y le devolveremos el importe \u00edntegro gracias a nuestra flexible pol\u00edtica de cancelaci\u00f3n.<\/li>\n<\/ul>\n<h3><strong>\ud83d\ude80 Vuela alto con FlyFish Tenerife<\/strong><\/h3>\n<ul>\n<li><strong>Emocionantes paseos:<\/strong> El FlyFish le llevar\u00e1 en un paseo salvaje sobre las aguas de Playa de Las Am\u00e9ricas, elev\u00e1ndose y zambull\u00e9ndose con las olas durante unos 10 emocionantes minutos.<\/li>\n<li><strong>Orientaci\u00f3n experta:<\/strong> Nuestros cualificados instructores garantizan una experiencia segura y memorable, gui\u00e1ndole sin problemas de principio a fin.<\/li>\n<\/ul>\n<h3><strong>\ud83c\udf1f M\u00e1s que pesca con mosca<\/strong><\/h3>\n<ul>\n<li>\u00bfQuiere m\u00e1s? Le ofrecemos una amplia gama de <a href=\"https:\/\/canaryvip.com\/es\/tenerife\/water-sports\/\">actividades acu\u00e1ticas en Tenerife,<\/a>\u00a0de <a href=\"https:\/\/canaryvip.com\/es\/shop\/jetski-tenerife\/\">esqu\u00ed acu\u00e1tico<\/a> hasta parasailing, para que siempre haya algo nuevo que probar.<\/li>\n<li>Nuestras aventuras no se limitan a Tenerife: \u00a1consulte nuestras ofertas en Gran Canaria para divertirse a\u00fan m\u00e1s en el agua!<\/li>\n<\/ul>\n<h3>\ud83d\udcc5 <strong>Reserve hoy mismo su experiencia de pesca con mosca<\/strong><\/h3>\n<p>No se pierda esta aventura \u00fanica. Perfecta para los amantes de la adrenalina y las emociones fuertes. Reserve ahora su paseo en FlyFish y a\u00f1ada un toque de emoci\u00f3n a sus vacaciones en Tenerife.<\/p>\n<h3>\u2705 <strong>\u00bfQu\u00e9 incluye su paseo en FlyFish?<\/strong><\/h3>\n<ul>\n<li>Todo el equipo de seguridad y una sesi\u00f3n informativa completa antes de la salida.<\/li>\n<li>Un paseo en FlyFish de 10 minutos que promete elevar tu adrenalina.<\/li>\n<li>Supervisi\u00f3n profesional y oportunidades fotogr\u00e1ficas para capturar sus atrevidas haza\u00f1as (fotos disponibles para su compra).<\/li>\n<\/ul>\n<h3><strong>\u2696\ufe0f Opciones de reserva y cancelaci\u00f3n fiables<\/strong><\/h3>\n<ul>\n<li><strong>Reserva f\u00e1cil:<\/strong> Reserve su plaza con tranquilidad y confianza, sabiendo que puede anularla hasta 24 horas antes para obtener un reembolso completo.<\/li>\n<li><strong>Experiencia inclusiva:<\/strong> Damos la bienvenida a todo el mundo, desde viajeros en solitario en busca de emociones fuertes hasta grupos que buscan una salida emocionante. H\u00e1ganos saber sus preferencias y adaptaremos el viaje a sus necesidades.<\/li>\n<\/ul>\n<h3><strong>\ud83c\udf92 C\u00f3mo prepararte para tu aventura de pesca con mosca<\/strong><\/h3>\n<ul>\n<li><strong>Prep\u00e1rate para mojarte:<\/strong> Ponte el ba\u00f1ador, trae una toalla y ponte crema solar. \u00a1Va a ser un chapuz\u00f3n!<\/li>\n<li><strong>Aspectos esenciales de la c\u00e1mara:<\/strong> Lleve una c\u00e1mara resistente al agua o un tel\u00e9fono con funda protectora para capturar sus momentos FlyFish. \u00a1Mant\u00e9n las manos libres para saludar y agarrarte fuerte!<\/li>\n<li><strong>Accesibilidad:<\/strong> Esta actividad es ideal para personas de 10 a 65 a\u00f1os. Tenga en cuenta que no es apta para embarazadas o personas que no se sientan c\u00f3modas en el agua.<\/li>\n<\/ul>\n<h3>\u2753 <strong>Preguntas frecuentes<\/strong><\/h3>\n<ul>\n<li><strong>\u00bfQui\u00e9n puede participar en FlyFish Tenerife?<\/strong> Aventureros de 10 a 65 a\u00f1os son bienvenidos. Por razones de seguridad, es necesario saber nadar.<\/li>\n<li><strong>\u00bfEs seguro FlyFish?<\/strong> La seguridad es nuestra prioridad. Todos los participantes est\u00e1n equipados con chalecos salvavidas, y nuestro experimentado equipo est\u00e1 ah\u00ed para garantizar una experiencia segura y agradable.<\/li>\n<\/ul>\n<h4><strong>\ud83c\udf1e \u00bfListo para darte un chapuz\u00f3n?<\/strong><\/h4>\n<p>Vive la emoci\u00f3n del FlyFish en Tenerife con <strong>CanaryVIP.<\/strong> Reserve hoy mismo su aventura y prep\u00e1rese para un inolvidable viaje a alta velocidad sobre la superficie del oc\u00e9ano.<\/p>","protected":false},"excerpt":{"rendered":"<p>\ud83d\udd0d <strong>FlyFish Tenerife:<\/strong><br \/>\n\u2705 Pago seguro.<br \/>\n\ud83d\udc65 Hasta 3 Jinetes por Paseo.<br \/>\n\ud83d\ude80 Los paseos duran unos 10 minutos.<br \/>\n\ud83c\udfde\ufe0f Acci\u00f3n de agua a alta velocidad.<br \/>\n\ud83d\udd59 Disponible durante todo el d\u00eda.<br \/>\n\ud83d\udcc5 Paseos disponibles todos los d\u00edas.<br \/>\n\ud83e\udd11 Mejor precio garantizado.<br \/>\n\ud83d\udc6a Descuentos para grupos.<br \/>\n\ud83d\udd01 Pol\u00edtica de cancelaci\u00f3n de 24h.<br \/>\n\ud83c\udf0d Compatible con varios idiomas.<br \/>\n\ud83c\udf1f Reserva con antelaci\u00f3n para ahorrar.<br \/>\n\ud83d\udccd Salida de <a href=\"https:\/\/maps.app.goo.gl\/bkqEhAxsobcjz9wG9\">Puerto Col\u00f3n.<\/a><\/p>","protected":false},"featured_media":11317,"comment_status":"open","ping_status":"closed","template":"","meta":{"_acf_changed":false},"product_brand":[],"product_cat":[53],"product_tag":[],"class_list":{"0":"post-11303","1":"product","2":"type-product","3":"status-publish","4":"has-post-thumbnail","6":"product_cat-water-sports","7":"wcpa_has_options","9":"first","10":"instock","11":"virtual","12":"purchasable","13":"product-type-simple"},"acf":[],"wcpa_form_fields":{"wcpaData":{"product":{"product_price":18,"price_html":"From&nbsp;<span class=\"woocommerce-Price-amount amount\"><bdi>18,00&nbsp;<span class=\"woocommerce-Price-currencySymbol\">&euro;<\/span><\/bdi><\/span>","original_product_price":18,"price_including_tax":18,"price_excluding_tax":18,"product_id":{"parent":11303,"variation":false},"is_variable":false,"stock_status":"instock","stock_quantity":null,"parent_sku":"CV11303","product_attributes":[],"custom_fields":[],"is_taxable":false,"product_name":"FlyFish Tenerife","hasImage":false},"fields":{"sec_7661f1665d94fb":{"extra":{"key":"sec_7661f1665d94fb","section_id":"sec_7661f1665d94fb","name":"Default","status":1,"cl_rule":"show","enableCl":false,"relations":[],"toggle":true,"title_tag":"h3","show_title":false,"showPrice":"default","form_id":11314,"form_rules":{"exclude_from_discount":true,"fee_label":"Fee","disp_hide_options_price":true,"disp_show_section_price":false,"disp_show_field_price":true,"layout_option":"standard","pric_use_as_fee":false,"process_fee_as":"woo_fee"},"layout_option":"standard"},"fields":[[{"label":"\ud83d\udcc5 Date","active":true,"required":true,"elementId":"date_3661f1665d951b","picker_type":"custom","picker_mode":"single","placeholder":"","description":"","tooltip":"","name":"date_3661f1665d951b","label_position":"default","desc_position":"default","enablePrice":false,"className":"","enableCl":false,"relations":[{"operator":"and","rules":[{"operator":"AND","rules":{"cl_field":"radio-group_5661bc90f5e8f5","cl_relation":"is_not_empty","cl_val":"3 Hour Trip"}}]}],"date_pic_inline":true,"date_pic_inline_hide":true,"min_date":{"type":"days","val":"1"},"max_date":{"type":"days","val":"365"},"date_pic_conf":{"disabledWeeks":[]},"price":"","cl_rule":"show","col":6,"type":"date","error":false,"enableDesign":false,"LabelColor":"","gt_translate_keys":["label","placeholder","description","tooltip"],"price_dependency":false,"cl_dependency":false,"value":""}],[{"active":true,"col":6,"relations":false,"cl_rule":"show","enableCl":false,"price":"","enablePrice":false,"className":"","label_position":"default","desc_position":"default","type":"select","required":true,"elementId":"select_3477053266","label":"\u23f0 Departure Time","name":"select_3477053266","values":[{"label":"Whichever Time is Best","value":"Whichever Time is Best","selected":false,"tempId":"aco_312","gt_translate_keys":["label"]},{"label":"10:30","value":"10:30","selected":false,"tempId":"aco_313","gt_translate_keys":["label"]},{"label":"11:30","value":"11:30","selected":false,"tempId":"aco_314","gt_translate_keys":["label"]},{"label":"12:30 ","value":"12:30","selected":false,"tempId":"aco_711","gt_translate_keys":["label"]},{"label":"13:30","value":"13:30","selected":false,"tempId":"aco_721","gt_translate_keys":["label"]},{"label":"14:30","value":"14:30","selected":false,"tempId":"aco_983","gt_translate_keys":["label"]},{"label":"15:30","value":"15:30","selected":false,"tempId":"aco_993","gt_translate_keys":["label"]},{"label":"16:30","value":"16:30","selected":false,"tempId":"aco_1183","gt_translate_keys":["label"]}],"dropdown_type":"basic","error":false,"multiple":false,"placeholder":"None","gt_translate_keys":["label","placeholder"],"price_dependency":false,"cl_dependency":false,"value":""}],[{"active":true,"col":6,"relations":[{"operator":false,"rules":[{"operator":"AND","rules":{"cl_field":"","cl_relation":"","cl_val":""}}]}],"cl_rule":"show","enableCl":true,"price":"18","enablePrice":true,"className":"","label_position":"default","desc_position":"default","type":"radio-group","required":false,"elementId":"radio-group_0661f1665d9537","label":"","name":"radio-group_0661f1665d9537","values":[{"label":"\ud83d\udc64 People (18\u20ac)","value":"People","selected":true,"tempId":"aco_32","tooltip":"","description":"","gt_translate_keys":["label","tooltip","description"]}],"layOut":"","error":false,"checkUi":"button","priceOptions":"fixed_for_all","pricingType":"fixed","enable_quantity":true,"quantity_label":"","min_quantity":"0","options_tooltip":true,"options_description":true,"is_show_price":true,"gt_translate_keys":["label","quantity_label"],"price_dependency":["content_2802764779","content-8155931385","content-8167489432"],"cl_dependency":false,"value":""}],[{"active":true,"col":6,"relations":false,"cl_rule":"show","enableCl":false,"price":"","enablePrice":false,"className":"","label_position":"default","desc_position":"default","type":"separator","required":false,"elementId":"separator_2804989181","label":"Separator Field","height":"6","separatorType":"fill","error":false,"separatorColor":"#66a5b6","gt_translate_keys":["label"],"price_dependency":false,"cl_dependency":false,"value":""}],[{"active":true,"col":6,"relations":false,"cl_rule":"show","enableCl":false,"price":"{field.radio-group_0661f1665d9537.price}*0.30","enablePrice":true,"className":"","label_position":"default","desc_position":"default","type":"content","required":false,"elementId":"content_2802764779","label":"Deposit Now","name":"content_2802764779","contentType":"plain","value":"","error":false,"subtype":"div","inline":true,"show_in_checkout":true,"pricingType":"custom","isTemplate":false,"gt_translate_keys":["label","value"],"price_dependency":false,"cl_dependency":false}],[{"contentType":"plain","active":true,"label":"Payment at Arrival","elementId":"content-8155931385","value":"","inline":true,"show_in_checkout":true,"name":"content-8155931385","enablePrice":true,"className":"","subtype":"div","enableCl":false,"relations":false,"pricingType":"custom","isTemplate":false,"price":"{field.radio-group_0661f1665d9537.price}*0.70","is_show_price":true,"cl_rule":"show","col":6,"type":"content","error":false,"gt_translate_keys":["label","value"],"price_dependency":false,"cl_dependency":false}],[{"contentType":"plain","active":true,"label":"Total Price","elementId":"content-8167489432","value":"","inline":true,"show_in_checkout":true,"name":"content-8167489432","enablePrice":true,"className":"","subtype":"div","enableCl":false,"relations":false,"pricingType":"custom","isTemplate":false,"price":"{field.radio-group_0661f1665d9537.price}","is_show_price":true,"cl_rule":"show","col":6,"type":"content","error":false,"gt_translate_keys":["label","value"],"price_dependency":false,"cl_dependency":false}]]}},"config":{"price_override":"always","enable_recaptcha":false,"bind_quantity":false,"quantity_bind_formula":false,"disp_summ_show_option_price":true,"disp_summ_show_product_price":false,"disp_summ_show_total_price":true,"disp_summ_show_fee":true,"disp_summ_show_discount":true,"summary_title":"","options_total_label":"Options Price","total_label":"Total Amount","options_product_label":"Product Price","fee_label":"Fee","discount_label":"Discount","has_price":true,"has_quantity_formula":false},"mc_unit":1,"tax_rate":1,"tax_rate_real":1,"discount":{"percentage":0,"fixed":0},"design":{"conf":{"LabelPosition":"above","DescPosition":"above","UploadField":"custom_1","QuantityFieldStyle":"custom_1"},"css":{"LeftLabelWidth":"120px"}},"formulas":[],"lookuptables":[],"clones":false,"cartKey":false}},"_links":{"self":[{"href":"https:\/\/canaryvip.com\/es\/wp-json\/wp\/v2\/product\/11303","targetHints":{"allow":["GET"]}}],"collection":[{"href":"https:\/\/canaryvip.com\/es\/wp-json\/wp\/v2\/product"}],"about":[{"href":"https:\/\/canaryvip.com\/es\/wp-json\/wp\/v2\/types\/product"}],"replies":[{"embeddable":true,"href":"https:\/\/canaryvip.com\/es\/wp-json\/wp\/v2\/comments?post=11303"}],"wp:featuredmedia":[{"embeddable":true,"href":"https:\/\/canaryvip.com\/es\/wp-json\/wp\/v2\/media\/11317"}],"wp:attachment":[{"href":"https:\/\/canaryvip.com\/es\/wp-json\/wp\/v2\/media?parent=11303"}],"wp:term":[{"taxonomy":"product_brand","embeddable":true,"href":"https:\/\/canaryvip.com\/es\/wp-json\/wp\/v2\/product_brand?post=11303"},{"taxonomy":"product_cat","embeddable":true,"href":"https:\/\/canaryvip.com\/es\/wp-json\/wp\/v2\/product_cat?post=11303"},{"taxonomy":"product_tag","embeddable":true,"href":"https:\/\/canaryvip.com\/es\/wp-json\/wp\/v2\/product_tag?post=11303"}],"curies":[{"name":"wp","href":"https:\/\/api.w.org\/{rel}","templated":true}]}}