{"id":11288,"date":"2024-04-16T15:31:07","date_gmt":"2024-04-16T14:31:07","guid":{"rendered":"https:\/\/canaryvip.com\/?post_type=product&#038;p=11288"},"modified":"2026-04-09T12:33:18","modified_gmt":"2026-04-09T11:33:18","slug":"helicopter-tour-tenerife","status":"publish","type":"product","link":"https:\/\/canaryvip.com\/es\/shop\/helicopter-tour-tenerife\/","title":{"rendered":"Excursi\u00f3n en helic\u00f3ptero por Tenerife"},"content":{"rendered":"<h2><strong>\ud83d\ude81 Excursiones en helic\u00f3ptero por Tenerife - Sobrevuela el paisaje<\/strong><\/h2>\n<p>Emb\u00e1rquese en un espectacular viaje a\u00e9reo con nuestro <strong>Excursi\u00f3n en helic\u00f3ptero por Tenerife<\/strong>. Tanto si vuela solo, en familia o con amigos, estas excursiones ofrecen una perspectiva \u00fanica de los paisajes de la isla desde el cielo. Desde r\u00e1pidos viajes panor\u00e1micos a extensas exploraciones, cada vuelo es una aventura que no debe perderse.<\/p>\n<h3><strong>\ud83d\ude80 Comienza tu aventura a\u00e9rea en Tenerife<\/strong><\/h3>\n<ul>\n<li><strong>P\u00f3ngase en marcha:<\/strong> Nuestro punto de encuentro est\u00e1 convenientemente situado en Adeje, de f\u00e1cil acceso para todos nuestros hu\u00e9spedes. A su llegada, recibir\u00e1 una breve pero completa orientaci\u00f3n para prepararle para su vuelo. Recuerde traer un documento de identidad v\u00e1lido.<\/li>\n<li><strong>Opciones de viaje:<\/strong> CanaryVIP ofrece una gran variedad de excursiones en helic\u00f3ptero, desde s\u00f3lo 98 euros por persona. Cada vuelo est\u00e1 dise\u00f1ado para ofrecer una vista a\u00e9rea inolvidable de Tenerife sin costes ocultos.<\/li>\n<li><strong>Complementos memorables:<\/strong> Mejore su experiencia optando por el paquete fotogr\u00e1fico, a partir de 35 \u20ac, para capturar los impresionantes paisajes que encontrar\u00e1. Tambi\u00e9n estamos encantados de proporcionar medidas de confort adicionales para nuestros hu\u00e9spedes de talla grande.<\/li>\n<\/ul>\n<h3><strong>\ud83c\udf05 Explora los impresionantes paisajes de Tenerife desde las alturas<\/strong><\/h3>\n<ul>\n<li><strong>Elija su punto de vista:<\/strong> Nuestra gama de excursiones en helic\u00f3ptero incluye desde un vuelo costero de 20 kil\u00f3metros hasta una extensa aventura de 120 kil\u00f3metros alrededor del majestuoso <a href=\"https:\/\/www.google.com\/maps\/place\/Acantilados+de+Los+Gigantes,+Santa+Cruz+de+Tenerife\/@28.244027,-16.8456497,15z\/data=!3m1!4b1!4m6!3m5!1s0xc6a8c153fdc6811:0xa0340f674cf6610!8m2!3d28.2408828!4d-16.8377834!16s%2Fm%2F026dqlb?entry=ttu\" target=\"_blank\" rel=\"noopener\">Los Gigantes<\/a> y <a href=\"https:\/\/canaryvip.com\/es\/discover-the-teide-the-ultimate-guide-iconic-volcano\/\">El Teide.<\/a> Encuentre la visita perfecta que se adapte a sus intereses y horarios.<\/li>\n<li><strong>Detalles de la salida:<\/strong> Todas las excursiones salen por la ma\u00f1ana (10:00-11:00) para aprovechar las condiciones \u00f3ptimas de luz, que proporcionan la mejor visibilidad sobre el variado terreno de Tenerife.<\/li>\n<li><strong>Privado y personalizado:<\/strong> \u00bfBusca una experiencia m\u00e1s personalizada? Ofrecemos visitas privadas que pueden personalizarse para satisfacer sus deseos y necesidades espec\u00edficas.<\/li>\n<\/ul>\n<h3><strong>\ud83c\udf1f Qu\u00e9 esperar en tu excursi\u00f3n en helic\u00f3ptero<\/strong><\/h3>\n<ul>\n<li><strong>La seguridad como prioridad:<\/strong> Su seguridad es nuestra principal preocupaci\u00f3n. Seguimos estrictos protocolos de seguridad, que incluyen exhaustivas sesiones informativas previas al vuelo y meticulosas comprobaciones del equipo para garantizar una experiencia segura y agradable.<\/li>\n<li><strong>Sin barreras ling\u00fc\u00edsticas:<\/strong> Vuele con confianza mientras nuestros expertos pilotos le ofrecen comentarios tanto en ingl\u00e9s como en espa\u00f1ol, haciendo que su viaje sea a la vez informativo y atractivo.<\/li>\n<li><strong>Pilotos experimentados:<\/strong> Nuestros pilotos no s\u00f3lo est\u00e1n formados al m\u00e1s alto nivel, sino que tambi\u00e9n tienen amplios conocimientos locales para enriquecer su experiencia de vuelo.<\/li>\n<\/ul>\n<h3>\ud83d\udcc5 <strong>Reserve ya su excursi\u00f3n en helic\u00f3ptero por Tenerife<\/strong><\/h3>\n<p>No se pierda esta oportunidad \u00fanica de ver Tenerife desde los mejores asientos del cielo. Con <strong>CanaryVIP<\/strong>Le garantizamos unas vistas impresionantes y una experiencia inolvidable. Aseg\u00farese hoy mismo su plaza en una de nuestras exclusivas excursiones en helic\u00f3ptero y contemple la isla como nunca antes la hab\u00eda visto.<\/p>\n<h3>\u2705 <strong>\u00bfQu\u00e9 incluye la excursi\u00f3n en helic\u00f3ptero?<\/strong><\/h3>\n<ul>\n<li>Visitas p\u00fablicas y privadas adaptadas a sus preferencias.<\/li>\n<li>Diversas duraciones de viaje dise\u00f1adas para satisfacer diferentes gustos y disponibilidades de tiempo.<\/li>\n<li>Se proporciona todo el equipo de seguridad necesario, lo que garantiza un vuelo c\u00f3modo y seguro.<\/li>\n<\/ul>\n<h3><strong>\u2696\ufe0f Pol\u00edtica de reservas y cancelaci\u00f3n flexible<\/strong><\/h3>\n<ul>\n<li style=\"text-align: left;\"><strong>Planifique su viaje:<\/strong> Reserve con antelaci\u00f3n para asegurarse una plaza.<\/li>\n<li><strong>Cancelaciones flexibles:<\/strong> La vida es impredecible, lo entendemos. Por eso puedes cancelar tu reserva con hasta 7 d\u00edas de antelaci\u00f3n y te reembolsaremos el importe \u00edntegro.<\/li>\n<li><strong>Accesibilidad y comodidad:<\/strong> Nuestras visitas est\u00e1n dise\u00f1adas para ser accesibles a un amplio abanico de visitantes. Consulte sus necesidades espec\u00edficas o restricciones de peso al hacer la reserva.<\/li>\n<\/ul>\n<h3>\u2753 <strong>Preguntas frecuentes sobre nuestras excursiones en helic\u00f3ptero<\/strong><\/h3>\n<ul>\n<li><strong>\u00bfQu\u00e9 incluye la excursi\u00f3n en helic\u00f3ptero?<\/strong> Cada paquete de vuelo incluye el recorrido en helic\u00f3ptero, los comentarios del piloto (disponibles en ingl\u00e9s y espa\u00f1ol) y todo el equipo de seguridad necesario. Hay paquetes opcionales de fotograf\u00eda y v\u00eddeo disponibles para capturar su experiencia.<\/li>\n<li><strong>\u00bfQu\u00e9 debo llevar a mi excursi\u00f3n en helic\u00f3ptero?<\/strong> Le recomendamos que lleve ropa c\u00f3moda y adecuada al tiempo que haga el d\u00eda de su vuelo, calzado cerrado y gafas de sol. \u00a1No olvides tu c\u00e1mara o smartphone para hacer fotos de las impresionantes vistas!<\/li>\n<li><strong>\u00bfHay restricciones de edad o peso?<\/strong> Nuestras excursiones en helic\u00f3ptero son aptas para todas las edades. Por razones de seguridad, hay un l\u00edmite de peso de 110 kilos por pasajero. Si un pasajero supera este peso, es posible que tenga que reservar un asiento adicional.<\/li>\n<li><strong>\u00bfPuedo solicitar una ruta espec\u00edfica o personalizar mi visita?<\/strong> S\u00ed, ofrecemos visitas personalizadas en las que puede elegir los lugares espec\u00edficos que desea ver. P\u00f3ngase en contacto con nosotros para hablar de sus preferencias y haremos todo lo posible para satisfacer sus peticiones.<\/li>\n<li><strong>\u00bfQu\u00e9 ocurre si hace mal tiempo el d\u00eda de la excursi\u00f3n?<\/strong> La seguridad es nuestra m\u00e1xima prioridad. En caso de condiciones meteorol\u00f3gicas adversas, las visitas pueden ser reprogramadas o canceladas. Si cancelamos una excursi\u00f3n, se le ofrecer\u00e1 un reembolso completo o la opci\u00f3n de reservar en otra fecha.<\/li>\n<li><strong>\u00bfSon seguras las excursiones en helic\u00f3ptero?<\/strong> La seguridad es primordial en <strong>CanaryVIP.<\/strong> Los pilotos est\u00e1n altamente cualificados y los helic\u00f3pteros se mantienen de acuerdo con estrictas normas reglamentarias. Realizamos sesiones informativas exhaustivas sobre seguridad antes de cada vuelo.<\/li>\n<\/ul>\n<h4><strong>\ud83c\udf1e \u00bfListo para volar?<\/strong><\/h4>\n<p>Viva la aventura definitiva con <strong>CanaryVIP's<\/strong> viajes en helic\u00f3ptero. Tanto si desea capturar las costas, explorar las vistas de las monta\u00f1as o buscar una forma \u00fanica de celebrar una ocasi\u00f3n especial, tenemos el vuelo perfecto esper\u00e1ndole.<\/p>\n<p>Reserva hoy mismo tu excursi\u00f3n y surca los cielos para vivir una experiencia inolvidable en Tenerife.<\/p>","protected":false},"excerpt":{"rendered":"<p>\ud83d\udd0d <strong>Excursi\u00f3n en helic\u00f3ptero por Tenerife:<br \/>\n<\/strong>\u2705 Pago seguro.<br \/>\n\ud83d\udc65 Hasta 4 invitados por vuelo.<br \/>\n\ud83d\ude80 De 8 a 50 min Vuelos.<br \/>\n\ud83c\udfde\ufe0f Sobrevuele playas y volcanes.<br \/>\n\ud83d\udd59 Salidas a las 10-11 AM.<br \/>\n\ud83d\udcc5 Vuelos disponibles todos los d\u00edas.<br \/>\n\ud83e\udd47 Opciones de vuelo privado.<br \/>\n\ud83e\udd11 Precios competitivos.<br \/>\n\ud83d\udc6a Adecuado para familias y grupos.<br \/>\n\ud83d\udd01 Pol\u00edtica de cancelaci\u00f3n de 7 d\u00edas.<br \/>\n\ud83c\udf0d Gu\u00eda en ingl\u00e9s y espa\u00f1ol.<br \/>\n\ud83c\udf1f \u00a1Reserva pronto y ahorra!<br \/>\n\ud83d\udccd Despegue de <a href=\"https:\/\/maps.app.goo.gl\/JeZ8mY9P1jTF557e8\">Adeje<\/a>.<\/p>","protected":false},"featured_media":11296,"comment_status":"open","ping_status":"closed","template":"","meta":{"_acf_changed":false},"product_brand":[],"product_cat":[82],"product_tag":[],"class_list":{"0":"post-11288","1":"product","2":"type-product","3":"status-publish","4":"has-post-thumbnail","6":"product_cat-fun-activities","7":"wcpa_has_options","9":"first","10":"instock","11":"virtual","12":"purchasable","13":"product-type-simple"},"acf":[],"wcpa_form_fields":{"wcpaData":{"product":{"product_price":110,"price_html":"From&nbsp;<span class=\"woocommerce-Price-amount amount\"><bdi>110,00&nbsp;<span class=\"woocommerce-Price-currencySymbol\">&euro;<\/span><\/bdi><\/span>","original_product_price":110,"price_including_tax":110,"price_excluding_tax":110,"product_id":{"parent":11288,"variation":false},"is_variable":false,"stock_status":"instock","stock_quantity":null,"parent_sku":"CV11288","product_attributes":[],"custom_fields":[],"is_taxable":false,"product_name":"Helicopter Tour Tenerife","hasImage":false},"fields":{"sec_06627d7baa7f97":{"extra":{"key":"sec_06627d7baa7f97","section_id":"sec_06627d7baa7f97","name":"Default","status":1,"cl_rule":"show","enableCl":false,"relations":[],"toggle":true,"title_tag":"h3","show_title":false,"showPrice":"default","form_id":11343,"form_rules":{"exclude_from_discount":true,"fee_label":"Fee","disp_hide_options_price":true,"disp_show_section_price":false,"disp_show_field_price":true,"layout_option":"standard","pric_use_as_fee":false,"process_fee_as":"woo_fee"},"layout_option":"standard"},"fields":[[{"label":"\ud83d\udcc5 Date","active":true,"required":true,"elementId":"date_76627d7baa7fb8","picker_type":"custom","picker_mode":"single","placeholder":"","description":"","tooltip":"","name":"date_76627d7baa7fb8","label_position":"default","desc_position":"default","enablePrice":false,"className":"","enableCl":false,"relations":[{"operator":"and","rules":[{"operator":"AND","rules":{"cl_field":"radio-group_106627d7baa7fc7","cl_relation":"is","cl_val":"3 Hour Trip"}}]}],"date_pic_inline":true,"date_pic_inline_hide":true,"min_date":{"type":"days","val":"1"},"max_date":{"type":"days","val":"365"},"date_pic_conf":{"disabledWeeks":[0],"disabledDates":["2024-05-23 to 2024-06-02","2025-03-18 to 2025-03-20","2025-09-17 to 2025-09-19"]},"price":"","cl_rule":"show","col":6,"type":"date","error":false,"enableDesign":false,"LabelColor":"","date_conf_custom":{"minDate":"let d = new Date();\nd.setHours(0, 0, 0, 0);\nif (new Date().getHours() >= 17) {\n  d.setDate(d.getDate() + 2);\n} else {\n  d.setDate(d.getDate() + 1);\n}\nreturn d;"},"isWeightTemplate":false,"isTemplate":false,"min_quantity":"1","quantity_decimal":false,"quantity_step":"1","quantity_label":"Quantity","repeater_field_label":"{field_label}","repeater_bind":"","gt_translate_keys":["label","placeholder","description","tooltip","repeater_field_label","quantity_label"],"price_dependency":false,"cl_dependency":["textarea_5613841028"],"value":""}]]},"sec_h20481d279":{"extra":{"key":"sec_h20481d279","section_id":"sec_h20481d279","name":"DESDE 1 DE MAYO 2026","status":1,"cl_rule":"show","enableCl":false,"relations":[{"operator":false,"rules":[{"operator":"AND","rules":{"cl_field":"date_76627d7baa7fb8","cl_relation":"is_greater_or_equal","cl_val":"2026-05-01"}}]}],"toggle":true,"title_tag":"h3","show_title":false,"showPrice":"default","repeater_section_field_label":"{field_label}","repeater_section_label":"{section_name}","repeater_bind":"","form_id":11343,"form_rules":{"exclude_from_discount":true,"fee_label":"Fee","disp_hide_options_price":true,"disp_show_section_price":false,"disp_show_field_price":true,"layout_option":"standard","pric_use_as_fee":false,"process_fee_as":"woo_fee"},"layout_option":"standard"},"fields":[[{"label":"\u231b\ufe0f Trip Duration","active":true,"required":true,"elementId":"radio-group-0408498022","description":"","name":"radio-group-0408498022","label_position":"default","desc_position":"default","enablePrice":false,"className":"","enableCl":false,"relations":[{"operator":false,"rules":[{"operator":"AND","rules":{"cl_field":"","cl_relation":"","cl_val":""}}]}],"enableDesign":false,"checkUi":"toggle","layOut":"","options_description":true,"show_selected_option":false,"other":false,"scrollBar":false,"values":[{"label":"Souther Coasts - 20km (110\u20ac)","value":"Souther Coasts","selected":false,"tempId":"aco_32","description":"Explore top sights in just 8 minutes, including El Puertito de Arme\u00f1ime, La Caleta, Puerto Col\u00f3n, Playa de las Am\u00e9ricas, and Playa de los Cristianos. Experience vibrant marinas, serene beaches, and stunning views.","gt_translate_keys":["label","description"]},{"label":"Beaches and Ravines - 30km (159\u20ac)","value":"Beaches and Ravines","selected":false,"tempId":"aco_33","description":"Embark on a 12-minute journey to discover La Caleta, Puerto Col\u00f3n, Playa de las Am\u00e9ricas, Playa de los Cristianos, thrilling water parks, Roque del Conde, Los Dedos de Ifonche, and Barranco del Agua. Enjoy a mix of beaches, natural landmarks, and adventure spots.","gt_translate_keys":["label","description"]},{"label":"Los Gigantes - 50km (295\u20ac)","value":"Los Gigantes","selected":false,"tempId":"aco_838","description":"In 20 minutes, explore a range of attractions from Golf Costa Adeje to La Caleta, Playa San Juan, Alcal\u00e1, and Port of Santiago. Continue to Los Gigantes, Tamaimo, and enjoy spectacular views of the Teide volcano before concluding with a scenic coastal return.","gt_translate_keys":["label","description"]},{"label":"Lower Island - 85km (430\u20ac)","value":"Lower Island","selected":false,"tempId":"aco_1271","description":"Over a 30-minute helicopter tour, soar above beautiful spots such as Golf Costa Adeje, La Caleta, and Playa San Juan, continue over Alcal\u00e1 and Puerto Santiago, and admire the majestic cliffs at Los Gigantes. Fly through Santiago del Teide, Buenavista del Norte, and Garachico to view Chinyero Volcano, concluding with a scenic flight through the lush Corona Forestal.","gt_translate_keys":["label","description"]},{"label":"Teide Luxury - 120km (545\u20ac)","value":"Teide Luxury","selected":false,"tempId":"aco_1668","description":"Enjoy a 45-minute helicopter tour featuring iconic destinations like Golf Costa Adeje, La Caleta, and San Juan. Fly over Alcal\u00e1 Beach and Puerto Santiago, then on to Santiago del Teide. Take in stunning views of Teno before heading to Buenavista del Norte and Garachico. Conclude your aerial adventure with a return flight through the verdant Corona Forestal.","gt_translate_keys":["label","description"]}],"price":"","cl_rule":"show","col":6,"type":"radio-group","isWeightTemplate":false,"error":false,"isTemplate":false,"min_quantity":"1","quantity_decimal":false,"quantity_step":"1","quantity_label":"Quantity","repeater_field_label":"{field_label}","repeater_bind":"","gt_translate_keys":["label","description","repeater_field_label","quantity_label"],"price_dependency":false,"cl_dependency":["radio-group-0408498034","radio-group-0408498035","radio-group-0408498046","radio-group-0408498057","radio-group-0408498058"],"value":""}],[{"elementId":"separator-0408498023","separatorType":"blank","className":"","height":"10","enableCl":false,"relations":false,"cl_rule":"show","col":6,"type":"separator","gt_translate_keys":[],"price_dependency":false,"cl_dependency":false,"value":""}],[{"label":"","active":true,"required":true,"elementId":"radio-group-0408498034","name":"radio-group-0408498034","label_position":"default","desc_position":"default","enablePrice":true,"className":"","enableCl":true,"relations":[{"operator":false,"rules":[{"operator":"AND","rules":{"cl_field":"radio-group-0408498022","cl_relation":"is","cl_val":"Souther Coasts"}}]}],"enable_quantity":true,"quantity_label":"","min_quantity":"0","checkUi":"button","layOut":"","options_tooltip":true,"options_description":true,"values":[{"label":"\ud83d\udc64 People (110\u20ac)","value":"People (98\u20ac)","selected":true,"tempId":"aco_32","tooltip":"","description":"","gt_translate_keys":["label","tooltip","description"]}],"priceOptions":"fixed_for_all","pricingType":"fixed","price":"110","cl_rule":"show","col":6,"type":"radio-group","isWeightTemplate":false,"error":false,"isTemplate":false,"quantity_decimal":false,"quantity_step":"1","repeater_field_label":"{field_label}","repeater_bind":"","gt_translate_keys":["label","repeater_field_label","quantity_label"],"price_dependency":false,"cl_dependency":false,"value":""}],[{"label":"","active":true,"required":true,"elementId":"radio-group-0408498035","name":"radio-group-0408498035","label_position":"default","desc_position":"default","enablePrice":true,"className":"","enableCl":true,"relations":[{"operator":false,"rules":[{"operator":"AND","rules":{"cl_field":"radio-group-0408498022","cl_relation":"is","cl_val":"Beaches and Ravines"}}]}],"enable_quantity":true,"quantity_label":"","min_quantity":"0","checkUi":"button","layOut":"","options_tooltip":true,"options_description":true,"values":[{"label":"\ud83d\udc64 People (159\u20ac)","value":"People (145\u20ac)","selected":true,"tempId":"aco_32","tooltip":"","description":"","gt_translate_keys":["label","tooltip","description"]}],"priceOptions":"fixed_for_all","pricingType":"fixed","price":"159","cl_rule":"show","col":6,"type":"radio-group","isWeightTemplate":false,"error":false,"isTemplate":false,"quantity_decimal":false,"quantity_step":"1","repeater_field_label":"{field_label}","repeater_bind":"","gt_translate_keys":["label","repeater_field_label","quantity_label"],"price_dependency":false,"cl_dependency":false,"value":""}],[{"label":"","active":true,"required":true,"elementId":"radio-group-0408498046","name":"radio-group-0408498046","label_position":"default","desc_position":"default","enablePrice":true,"className":"","enableCl":true,"relations":[{"operator":false,"rules":[{"operator":"AND","rules":{"cl_field":"radio-group-0408498022","cl_relation":"is","cl_val":"Los Gigantes"}}]}],"enable_quantity":true,"quantity_label":"","min_quantity":"0","checkUi":"button","layOut":"","options_tooltip":true,"options_description":true,"values":[{"label":"\ud83d\udc64 People (295\u20ac)","value":"People (279\u20ac)","selected":true,"tempId":"aco_32","tooltip":"","description":"","gt_translate_keys":["label","tooltip","description"]}],"priceOptions":"fixed_for_all","pricingType":"fixed","price":"295","cl_rule":"show","col":6,"type":"radio-group","isWeightTemplate":false,"error":false,"isTemplate":false,"quantity_decimal":false,"quantity_step":"1","repeater_field_label":"{field_label}","repeater_bind":"","gt_translate_keys":["label","repeater_field_label","quantity_label"],"price_dependency":false,"cl_dependency":false,"value":""}],[{"label":"","active":true,"required":true,"elementId":"radio-group-0408498057","name":"radio-group-0408498057","label_position":"default","desc_position":"default","enablePrice":true,"className":"","enableCl":true,"relations":[{"operator":false,"rules":[{"operator":"AND","rules":{"cl_field":"radio-group-0408498022","cl_relation":"is","cl_val":"Lower Island"}}]}],"enable_quantity":true,"quantity_label":"","min_quantity":"0","checkUi":"button","layOut":"","options_tooltip":true,"options_description":true,"values":[{"label":"\ud83d\udc64 People (430\u20ac)","value":"People (390\u20ac)","selected":true,"tempId":"aco_32","tooltip":"","description":"","gt_translate_keys":["label","tooltip","description"]}],"priceOptions":"fixed_for_all","pricingType":"fixed","price":"430","cl_rule":"show","col":6,"type":"radio-group","isWeightTemplate":false,"error":false,"isTemplate":false,"quantity_decimal":false,"quantity_step":"1","repeater_field_label":"{field_label}","repeater_bind":"","gt_translate_keys":["label","repeater_field_label","quantity_label"],"price_dependency":false,"cl_dependency":false,"value":""}],[{"label":"","active":true,"required":true,"elementId":"radio-group-0408498058","name":"radio-group-0408498058","label_position":"default","desc_position":"default","enablePrice":true,"className":"","enableCl":true,"relations":[{"operator":false,"rules":[{"operator":"AND","rules":{"cl_field":"radio-group-0408498022","cl_relation":"is","cl_val":"Teide Luxury"}}]}],"enable_quantity":true,"quantity_label":"","min_quantity":"0","checkUi":"button","layOut":"","options_tooltip":true,"options_description":true,"values":[{"label":"\ud83d\udc64 People (545\u20ac)","value":"People (495\u20ac)","selected":true,"tempId":"aco_32","tooltip":"","description":"","gt_translate_keys":["label","tooltip","description"]}],"priceOptions":"fixed_for_all","pricingType":"fixed","price":"545","cl_rule":"show","col":6,"type":"radio-group","isWeightTemplate":false,"error":false,"isTemplate":false,"quantity_decimal":false,"quantity_step":"1","repeater_field_label":"{field_label}","repeater_bind":"","gt_translate_keys":["label","repeater_field_label","quantity_label"],"price_dependency":false,"cl_dependency":false,"value":""}]]},"sec_26627d7baa803f":{"extra":{"key":"sec_26627d7baa803f","section_id":"sec_26627d7baa803f","name":"Departure","status":1,"cl_rule":"show","enableCl":false,"relations":[],"toggle":true,"title_tag":"h4","show_title":false,"showPrice":"default","form_id":11343,"form_rules":{"exclude_from_discount":true,"fee_label":"Fee","disp_hide_options_price":true,"disp_show_section_price":false,"disp_show_field_price":true,"layout_option":"standard","pric_use_as_fee":false,"process_fee_as":"woo_fee"},"layout_option":"standard"},"fields":[[{"active":true,"col":6,"relations":false,"cl_rule":"show","enableCl":false,"price":"","enablePrice":false,"className":"","label_position":"default","desc_position":"default","type":"separator","required":false,"elementId":"separator_106627d7baa8049","label":"Separator Field","height":"5","separatorType":"blank","error":false,"gt_translate_keys":["label"],"price_dependency":false,"cl_dependency":false,"value":""}],[{"active":true,"col":6,"relations":[{"operator":false,"rules":[{"operator":"AND","rules":{"cl_field":"radio-group_106627d7baa7fc7","cl_relation":"is","cl_val":"3 Hour Trip"}}]}],"cl_rule":"show","enableCl":false,"price":"","enablePrice":false,"className":"","label_position":"default","desc_position":"default","type":"select","required":false,"elementId":"select_96627d7baa8052","label":"\u23f0 Departure Time","name":"select_96627d7baa8052","values":[{"label":"Morning","value":"Morning","selected":false,"tempId":"aco_1074","gt_translate_keys":["label"]}],"dropdown_type":"basic","error":false,"placeholder":"","gt_translate_keys":["label","placeholder"],"price_dependency":false,"cl_dependency":false,"value":""}],[{"active":true,"col":6,"relations":false,"cl_rule":"show","enableCl":false,"price":"","enablePrice":false,"className":"","label_position":"default","desc_position":"default","type":"separator","required":false,"elementId":"separator_7627431357","label":"Separator Field","height":"2","separatorType":"blank","error":false,"gt_translate_keys":["label"],"price_dependency":false,"cl_dependency":false,"value":""}],[{"active":true,"col":6,"relations":[{"operator":false,"rules":[{"operator":"AND","rules":{"cl_field":"date_76627d7baa7fb8","cl_relation":"is_not_empty","cl_val":""}}]}],"cl_rule":"show","enableCl":true,"price":"","enablePrice":false,"className":"","label_position":"default","desc_position":"default","type":"textarea","required":true,"elementId":"textarea_5613841028","label":"\ud83d\ude4b\ud83c\udffd\u200d\u2642\ufe0f Weight","name":"textarea_5613841028","value":"","rows":2,"error":false,"description":"Passenger weight is required. The maximum allowed per person is 110 kg. If a passenger weighs more than 110 kg, a surcharge equivalent to half of an additional ticket will apply.","placeholder":"For example:\n90kg\n77kg","isWeightTemplate":false,"isTemplate":false,"min_quantity":"1","quantity_decimal":false,"quantity_step":"1","quantity_label":"Quantity","repeater_field_label":"{field_label}","repeater_bind":"","gt_translate_keys":["label","placeholder","description","value","repeater_field_label","quantity_label"],"price_dependency":false,"cl_dependency":false}]]}},"config":{"price_override":"always","enable_recaptcha":false,"bind_quantity":false,"quantity_bind_formula":false,"disp_summ_show_option_price":true,"disp_summ_show_product_price":false,"disp_summ_show_total_price":true,"disp_summ_show_fee":true,"disp_summ_show_discount":true,"summary_title":"","options_total_label":"Options Price","total_label":"Total Amount","options_product_label":"Product Price","fee_label":"Fee","discount_label":"Discount","has_price":true,"has_quantity_formula":false},"mc_unit":1,"tax_rate":1,"tax_rate_real":1,"discount":{"percentage":0,"fixed":0},"design":{"conf":{"LabelPosition":"above","DescPosition":"above","UploadField":"custom_1","QuantityFieldStyle":"custom_1"},"css":{"LeftLabelWidth":"120px"}},"formulas":[],"lookuptables":[],"clones":false,"cartKey":false}},"_links":{"self":[{"href":"https:\/\/canaryvip.com\/es\/wp-json\/wp\/v2\/product\/11288","targetHints":{"allow":["GET"]}}],"collection":[{"href":"https:\/\/canaryvip.com\/es\/wp-json\/wp\/v2\/product"}],"about":[{"href":"https:\/\/canaryvip.com\/es\/wp-json\/wp\/v2\/types\/product"}],"replies":[{"embeddable":true,"href":"https:\/\/canaryvip.com\/es\/wp-json\/wp\/v2\/comments?post=11288"}],"wp:featuredmedia":[{"embeddable":true,"href":"https:\/\/canaryvip.com\/es\/wp-json\/wp\/v2\/media\/11296"}],"wp:attachment":[{"href":"https:\/\/canaryvip.com\/es\/wp-json\/wp\/v2\/media?parent=11288"}],"wp:term":[{"taxonomy":"product_brand","embeddable":true,"href":"https:\/\/canaryvip.com\/es\/wp-json\/wp\/v2\/product_brand?post=11288"},{"taxonomy":"product_cat","embeddable":true,"href":"https:\/\/canaryvip.com\/es\/wp-json\/wp\/v2\/product_cat?post=11288"},{"taxonomy":"product_tag","embeddable":true,"href":"https:\/\/canaryvip.com\/es\/wp-json\/wp\/v2\/product_tag?post=11288"}],"curies":[{"name":"wp","href":"https:\/\/api.w.org\/{rel}","templated":true}]}}