{"id":11181,"date":"2024-04-11T19:47:34","date_gmt":"2024-04-11T18:47:34","guid":{"rendered":"https:\/\/canaryvip.com\/?post_type=product&#038;p=11181"},"modified":"2026-03-06T15:02:30","modified_gmt":"2026-03-06T15:02:30","slug":"la-gomera-jeep-safari-from-tenerife","status":"publish","type":"product","link":"https:\/\/canaryvip.com\/es\/shop\/la-gomera-jeep-safari-from-tenerife\/","title":{"rendered":"La Gomera Jeep Safari desde Tenerife"},"content":{"rendered":"<h2>Emb\u00e1rcate en el <strong>La Gomera Jeep Safari Tour desde Tenerife<\/strong><\/h2>\n<p>\u00danete a nosotros en un emocionante <strong>Jeep Safari a La Gomera,<\/strong> una joya \u00fanica entre las Islas Canarias. Experimente un ambiente \u00edntimo en grupo con nuestras excursiones para grupos peque\u00f1os, ideales para familias o amigos, con capacidad para 8 pasajeros por Jeep.<\/p>\n<p>Sum\u00e9rjase en un mundo de encanto mientras cruza el Atl\u00e1ntico desde Tenerife hasta las costas de San Sebasti\u00e1n de La Gomera. Nuestros c\u00f3modos ferries te transportar\u00e1n sin contratiempos, prepar\u00e1ndote para una aventura que combina la belleza natural con el patrimonio cultural.<\/p>\n<p><strong>\u26a0\ufe0f <span style=\"text-decoration: underline;\">AVISO IMPORTANTE:<\/span><\/strong> Recuerde llevar un pasaporte v\u00e1lido el d\u00eda de la excursi\u00f3n. Sin un pasaporte v\u00e1lido, no se le permitir\u00e1 embarcar en el ferry hacia La Gomera y no ser\u00e1 posible el reembolso. Aseg\u00farese de tener su pasaporte listo para disfrutar de un viaje memorable lleno de la belleza natural de La Gomera.<\/p>\n<h3><strong>Lo m\u00e1s destacado de La Gomera:<\/strong><\/h3>\n<ul>\n<li>\ud83c\udf3f <strong>Parque Nacional de Garajonay:<\/strong> Explore los antiguos bosques de laurisilva y la exuberante vegetaci\u00f3n de este lugar declarado Patrimonio de la Humanidad por la UNESCO. Es un para\u00edso para los amantes de la naturaleza y un espect\u00e1culo de biodiversidad.<\/li>\n<li>\ud83c\udfde\ufe0f <strong>Hermigua:<\/strong> Conocida por sus verdes palmerales y la producci\u00f3n de zumo de guarapo canario. Descubra por qu\u00e9 Hermigua es famosa por su alta calidad de vida y su belleza paisaj\u00edstica.<\/li>\n<li>\ud83c\udf74 <strong>Aut\u00e9ntica cocina local:<\/strong> Del\u00e9itese con los platos tradicionales canarios en un restaurante local, donde podr\u00e1 saborear los sabores que hacen inolvidable la cocina de La Gomera.<\/li>\n<li>\ud83c\udf0a <strong>San Sebasti\u00e1n de La Gomera:<\/strong> Pasee por las coloridas calles de la capital de la isla, admire su belleza arquitect\u00f3nica y disfrute de tiempo libre para explorarla por su cuenta.<\/li>\n<li>\ud83c\udf04 <strong>Agulo:<\/strong> Recorra en jeep este encantador pueblo, conocido por sus estrechas calles empedradas y sus impresionantes vistas sobre el Atl\u00e1ntico.<\/li>\n<li>\ud83c\udfd6\ufe0f <strong>Laguna Grande:<\/strong> Un lugar extraordinario y sereno, perfecto para la contemplaci\u00f3n dentro de Garajonay. Su singular entorno medioambiental lo convierte en una parada clave de nuestro recorrido.<\/li>\n<\/ul>\n<h3><strong>Qu\u00e9 incluye nuestro tour de safari en jeep por La Gomera:<\/strong><\/h3>\n<ul>\n<li>\ud83d\ude90 <strong>Transporte de ida y vuelta:<\/strong> Ofrecemos un c\u00f3modo servicio de recogida y entrega en su alojamiento o en un lugar cercano de Puerto de la Cruz o Playa de las Am\u00e9ricas.<\/li>\n<li>\u26f4\ufe0f <strong>Traslados en ferry:<\/strong> Disfrute de un c\u00f3modo viaje en ferry desde y hacia La Gomera.<\/li>\n<li>\ud83c\udf7d\ufe0f <strong>Almuerzo y degustaciones locales:<\/strong> Se incluye una deliciosa comida, que le permitir\u00e1 degustar las delicias culinarias locales.<\/li>\n<li>\ud83d\udde3\ufe0f <strong>Soporte multiling\u00fce:<\/strong> Nuestras visitas guiadas est\u00e1n disponibles en varios idiomas, como espa\u00f1ol, ingl\u00e9s, alem\u00e1n, franc\u00e9s, italiano, neerland\u00e9s y polaco, para atender a la diversidad de nuestros visitantes.<\/li>\n<\/ul>\n<h3><b>Pol\u00edtica de reservas y flexibilidad<\/b><\/h3>\n<p><span style=\"font-weight: 400;\">\ud83d\udd01 <\/span><b>Cancelaci\u00f3n gratuita hasta 48 horas:<\/b><span style=\"font-weight: 400;\"> Los planes pueden cambiar. Puede cancelar o modificar su reserva hasta <\/span><b>48 horas antes de la actividad<\/b><span style=\"font-weight: 400;\"> y recibir\u00e1 un reembolso completo.<\/span><\/p>\n<p><span style=\"font-weight: 400;\">\ud83d\udeab <\/span><b>Pol\u00edtica de no presentaci\u00f3n:<\/b><span style=\"font-weight: 400;\"> Si no asiste a la actividad o llega demasiado tarde para participar, la reserva se considerar\u00e1 un <\/span><b>no se presenta y no es reembolsable<\/b><span style=\"font-weight: 400;\">.<\/span><\/p>\n<p><span style=\"font-weight: 400;\">\ud83c\udf0a <\/span><b>Condiciones meteorol\u00f3gicas:<\/b><span style=\"font-weight: 400;\"> Si el viaje no puede realizarse debido a condiciones meteorol\u00f3gicas inseguras, tendr\u00e1 la opci\u00f3n de <\/span><b>reprogramar para otro d\u00eda o recibir un reembolso completo<\/b><span style=\"font-weight: 400;\">.<\/span><\/p>\n<h4><strong>Reserve hoy mismo su safari en jeep por La Gomera.<\/strong><\/h4>\n<p>No se pierda esta oportunidad exclusiva de explorar los impresionantes paisajes y la riqueza cultural de <a href=\"https:\/\/www.google.com\/maps\/place\/La+Gomera\/@28.1188754,-17.3060924,12z\/data=!3m1!4b1!4m6!3m5!1s0xc6ae33697cbc54d:0x59c58fe23f47d04e!8m2!3d28.1033035!4d-17.2193578!16zL20vMDFnNG1q?entry=ttu\" target=\"_blank\" rel=\"noopener\">La Gomera<\/a> con <a href=\"https:\/\/canaryvip.com\/es\/\">CanaryVIP.<\/a><\/p>\n<p>Desde los m\u00e1gicos bosques de Garajonay hasta las pintorescas calles de Agulo y m\u00e1s all\u00e1, emb\u00e1rquese en un viaje lleno de descubrimientos y aventuras. Reserve ya su plaza y disfrute de lo mejor de La Gomera.<\/p>","protected":false},"excerpt":{"rendered":"<p>\ud83d\udd0d <strong>Lo m\u00e1s destacado:<\/strong><br \/>\n\u2705 Pago seguro.<br \/>\n\ud83c\uddee\ud83c\udde8 Explorar la isla de La Gomera.<br \/>\n\ud83c\udf33 Visita el Parque de Garajonay.<br \/>\n\ud83d\udde3\ufe0f Actuaci\u00f3n de silbidos en directo.<br \/>\n\ud83c\udf7d\ufe0f Almuerzo canario incluido.<br \/>\n\ud83d\udcc5 De lunes a s\u00e1bado.<br \/>\n\u23f0 Duraci\u00f3n Alrededor de 9h.<br \/>\n\ud83d\ude8c Recogida y devoluci\u00f3n en el hotel.<br \/>\n\ud83d\udd04 Cancelaci\u00f3n gratuita antes de 48 horas.<br \/>\n\ud83c\udf0d Gu\u00eda en tu idioma.<br \/>\n\ud83e\udd11 Mejor precio garantizado.<br \/>\n\ud83c\udf1f \u00a1Reserva ahora y ahorra!<\/p>","protected":false},"featured_media":11183,"comment_status":"open","ping_status":"closed","template":"","meta":{"_acf_changed":false},"product_brand":[],"product_cat":[67],"product_tag":[],"class_list":{"0":"post-11181","1":"product","2":"type-product","3":"status-publish","4":"has-post-thumbnail","6":"product_cat-jeep-tours","7":"wcpa_has_options","9":"first","10":"instock","11":"virtual","12":"purchasable","13":"product-type-simple"},"acf":[],"wcpa_form_fields":{"wcpaData":{"product":{"product_price":145,"price_html":"From&nbsp;<span class=\"woocommerce-Price-amount amount\"><bdi>145,00&nbsp;<span class=\"woocommerce-Price-currencySymbol\">&euro;<\/span><\/bdi><\/span>","original_product_price":145,"price_including_tax":145,"price_excluding_tax":145,"product_id":{"parent":11181,"variation":false},"is_variable":false,"stock_status":"instock","stock_quantity":null,"parent_sku":"CV11181","product_attributes":[],"custom_fields":[],"is_taxable":false,"product_name":"La Gomera Jeep Safari from Tenerife","hasImage":false},"fields":{"sec_36619078bba64e":{"extra":{"key":"sec_36619078bba64e","section_id":"sec_36619078bba64e","name":"Tickets","status":1,"cl_rule":"show","enableCl":false,"relations":[{"operator":false,"rules":[{"operator":"AND","rules":{"cl_field":"radio-group_665df45fcbc30b","cl_relation":"is","cl_val":"Siam Park Regular Tickets"}}]}],"toggle":true,"title_tag":"h4","show_title":false,"showPrice":"default","form_id":11188,"form_rules":{"exclude_from_discount":true,"fee_label":"Fee","disp_hide_options_price":true,"disp_show_section_price":false,"disp_show_field_price":true,"layout_option":"standard","pric_use_as_fee":false,"process_fee_as":"woo_fee"},"layout_option":"standard"},"fields":[[{"active":true,"col":6,"relations":false,"cl_rule":"show","enableCl":false,"price":"","enablePrice":false,"className":"","label_position":"default","desc_position":"default","type":"select","required":true,"elementId":"select_06619078bba6b6","label":"\ud83c\udf0e Language","name":"select_06619078bba6b6","values":[{"label":"English","value":"English","selected":false,"tempId":"aco_1213","gt_translate_keys":["label"]},{"label":"Dutch","value":"Dutch","selected":false,"tempId":"aco_693","gt_translate_keys":["label"]},{"label":"German","value":"German","selected":false,"tempId":"aco_1567","gt_translate_keys":["label"]},{"label":"French","value":"French","selected":false,"tempId":"aco_1215","gt_translate_keys":["label"]},{"label":"Polish","value":"Polish","selected":false,"tempId":"aco_1212","gt_translate_keys":["label"]},{"label":"Italian","value":"Italian","selected":false,"tempId":"aco_611","gt_translate_keys":["label"]},{"label":"Spanish","value":"Spanish","selected":false,"tempId":"aco_1214","gt_translate_keys":["label"]}],"dropdown_type":"basic","error":false,"placeholder":"None","gt_translate_keys":["label","placeholder"],"price_dependency":false,"cl_dependency":["date_86619078bba66f","date_86619078bba66f","date_86619078bba66f","date-8573541398","date-8573541398","date-0948401647","date-1264231762"],"value":""}],[{"label":"\ud83d\udcc5 Date","active":true,"required":true,"elementId":"date_86619078bba66f","picker_type":"custom","picker_mode":"single","placeholder":"","description":"","tooltip":"","name":"date_86619078bba66f","label_position":"default","desc_position":"default","enablePrice":false,"className":"","enableCl":true,"relations":[{"operator":"and","rules":[{"operator":"or","rules":{"cl_field":"select_06619078bba6b6","cl_relation":"is","cl_val":"Dutch"}},{"operator":"or","rules":{"cl_field":"select_06619078bba6b6","cl_relation":"is","cl_val":"German"}},{"operator":"AND","rules":{"cl_field":"select_06619078bba6b6","cl_relation":"is","cl_val":"French"}}]}],"date_pic_inline":true,"date_pic_inline_hide":true,"min_date":{"type":"days","val":"3"},"max_date":{"type":"days","val":"365"},"date_pic_conf":{"disabledWeeks":[0,6]},"price":"","cl_rule":"show","col":6,"type":"date","error":false,"enableDesign":false,"LabelColor":"","isWeightTemplate":false,"isTemplate":false,"min_quantity":"1","quantity_decimal":false,"quantity_step":"1","quantity_label":"Quantity","repeater_field_label":"{field_label}","repeater_bind":"","gt_translate_keys":["label","placeholder","description","tooltip","repeater_field_label","quantity_label"],"price_dependency":false,"cl_dependency":false,"value":""}],[{"label":"\ud83d\udcc5 Date","active":true,"required":true,"elementId":"date-8573541398","picker_type":"custom","picker_mode":"single","placeholder":"","description":"","tooltip":"","name":"date-8573541398","label_position":"default","desc_position":"default","enablePrice":false,"className":"","enableCl":true,"relations":[{"operator":"and","rules":[{"operator":"or","rules":{"cl_field":"select_06619078bba6b6","cl_relation":"is","cl_val":"English"}},{"operator":false,"rules":{"cl_field":"select_06619078bba6b6","cl_relation":"is","cl_val":"Spanish"}}]}],"enableDesign":false,"LabelColor":"","date_pic_inline":true,"date_pic_inline_hide":true,"min_date":{"type":"days","val":"3"},"max_date":{"type":"days","val":"365"},"date_pic_conf":{"disabledWeeks":[0,2,3,6,4]},"price":"","cl_rule":"show","col":6,"type":"date","error":false,"isWeightTemplate":false,"isTemplate":false,"min_quantity":"1","quantity_decimal":false,"quantity_step":"1","quantity_label":"Quantity","repeater_field_label":"{field_label}","repeater_bind":"","gt_translate_keys":["label","placeholder","description","tooltip","repeater_field_label","quantity_label"],"price_dependency":false,"cl_dependency":false,"value":""}],[{"label":"\ud83d\udcc5 Date","active":true,"required":true,"elementId":"date-0948401647","picker_type":"custom","picker_mode":"single","placeholder":"","description":"","tooltip":"","name":"date-0948401647","label_position":"default","desc_position":"default","enablePrice":false,"className":"","enableCl":true,"relations":[{"operator":"and","rules":[{"operator":false,"rules":{"cl_field":"select_06619078bba6b6","cl_relation":"is","cl_val":"Polish"}}]}],"enableDesign":false,"LabelColor":"","date_pic_inline":true,"date_pic_inline_hide":true,"min_date":{"type":"days","val":"3"},"max_date":{"type":"days","val":"365"},"date_pic_conf":{"disabledWeeks":[0,2,4,5]},"price":"","cl_rule":"show","col":6,"type":"date","error":false,"isWeightTemplate":false,"isTemplate":false,"min_quantity":"1","quantity_decimal":false,"quantity_step":"1","quantity_label":"Quantity","repeater_field_label":"{field_label}","repeater_bind":"","gt_translate_keys":["label","placeholder","description","tooltip","repeater_field_label","quantity_label"],"price_dependency":false,"cl_dependency":false,"value":""}],[{"label":"\ud83d\udcc5 Date","active":true,"required":true,"elementId":"date-1264231762","picker_type":"custom","picker_mode":"single","placeholder":"","description":"","tooltip":"","name":"date-1264231762","label_position":"default","desc_position":"default","enablePrice":false,"className":"","enableCl":true,"relations":[{"operator":"and","rules":[{"operator":false,"rules":{"cl_field":"select_06619078bba6b6","cl_relation":"is","cl_val":"Italian"}}]}],"enableDesign":false,"LabelColor":"","date_pic_inline":true,"date_pic_inline_hide":true,"min_date":{"type":"days","val":"3"},"max_date":{"type":"days","val":"365"},"date_pic_conf":{"disabledWeeks":[0,1,2,3,5,6]},"price":"","cl_rule":"show","col":6,"type":"date","error":false,"isWeightTemplate":false,"isTemplate":false,"min_quantity":"1","quantity_decimal":false,"quantity_step":"1","quantity_label":"Quantity","repeater_field_label":"{field_label}","repeater_bind":"","gt_translate_keys":["label","placeholder","description","tooltip","repeater_field_label","quantity_label"],"price_dependency":false,"cl_dependency":false,"value":""}],[{"elementId":"separator_76619078bba67e","separatorType":"blank","className":"","height":"10","enableCl":false,"relations":false,"cl_rule":"show","col":6,"type":"separator","gt_translate_keys":[],"price_dependency":false,"cl_dependency":false,"value":""}],[{"active":true,"col":6,"relations":false,"cl_rule":"show","enableCl":false,"price":"","enablePrice":false,"className":"","label_position":"default","desc_position":"default","type":"content","required":false,"elementId":"content_106619078bba68a","label":"People","name":"content_106619078bba68a","contentType":"plain","value":"","error":false,"show_in_checkout":true,"inline":false,"gt_translate_keys":["label","value"],"price_dependency":false,"cl_dependency":false}],[{"active":true,"col":6,"relations":[{"operator":false,"rules":[{"operator":"AND","rules":{"cl_field":"","cl_relation":"","cl_val":""}}]}],"cl_rule":"show","enableCl":true,"price":"145","enablePrice":true,"className":"","label_position":"default","desc_position":"default","type":"radio-group","required":false,"elementId":"radio-group_96619078bba696","label":"","name":"radio-group_96619078bba696","values":[{"label":"\ud83d\udc64 Adult (145\u20ac)","value":"Adult","selected":true,"tempId":"aco_32","tooltip":"+12 Years","description":"","gt_translate_keys":["label","tooltip","description"]}],"layOut":"","error":false,"checkUi":"button","priceOptions":"fixed_for_all","pricingType":"fixed","enable_quantity":true,"quantity_label":"","min_quantity":"0","options_tooltip":true,"options_description":true,"gt_translate_keys":["label","quantity_label"],"price_dependency":false,"cl_dependency":false,"value":""}],[{"label":"","active":true,"required":false,"elementId":"radio-group_56619078bba6a2","name":"radio-group_56619078bba6a2","label_position":"default","desc_position":"default","enablePrice":true,"className":"","enableCl":false,"relations":false,"enable_quantity":true,"quantity_label":"","min_quantity":"0","checkUi":"button","layOut":"","values":[{"label":"\ud83d\udc66 Child (118\u20ac)","value":"Child","selected":true,"tempId":"aco_32","tooltip":"3-11 Years","description":"","gt_translate_keys":["label","tooltip","description"]}],"priceOptions":"fixed_for_all","pricingType":"fixed","price":"118","cl_rule":"show","col":6,"type":"radio-group","error":false,"options_tooltip":true,"options_description":true,"gt_translate_keys":["label","quantity_label"],"price_dependency":false,"cl_dependency":false,"value":""}],[{"label":"","active":true,"required":false,"elementId":"radio-group_96619078bba6ad","name":"radio-group_96619078bba6ad","label_position":"default","desc_position":"default","enablePrice":true,"className":"","enableCl":false,"relations":false,"enable_quantity":true,"quantity_label":"","min_quantity":"0","checkUi":"button","layOut":"","options_tooltip":true,"options_description":true,"values":[{"label":"\ud83d\udc76 Toddler (6,25\u20ac)","value":"Toddler","selected":true,"tempId":"aco_32","tooltip":"0-2 Years","description":"","gt_translate_keys":["label","tooltip","description"]}],"priceOptions":"fixed_for_all","pricingType":"fixed","price":"6,25","cl_rule":"show","col":6,"type":"radio-group","error":false,"gt_translate_keys":["label","quantity_label"],"price_dependency":false,"cl_dependency":false,"value":""}],[{"active":true,"col":6,"relations":false,"cl_rule":"show","enableCl":false,"price":"","enablePrice":false,"className":"","label_position":"default","desc_position":"default","type":"separator","required":false,"elementId":"separator_86619078bba6c1","label":"Separator Field","height":"7","separatorType":"blank","error":false,"gt_translate_keys":["label"],"price_dependency":false,"cl_dependency":false,"value":""}],[{"active":true,"col":6,"relations":false,"cl_rule":"show","enableCl":false,"price":"","enablePrice":false,"className":"","label_position":"default","desc_position":"default","type":"text","subtype":"text","required":true,"elementId":"text_76619078bba6ca","label":"\ud83d\ude8c Pickup Location","name":"text_76619078bba6ca","value":"","description":"Free pick-up service in Tenerife South. Simply provide your address or hotel name.","error":false,"isWeightTemplate":false,"isTemplate":false,"min_quantity":"1","quantity_decimal":false,"quantity_step":"1","quantity_label":"Quantity","repeater_field_label":"{field_label}","repeater_bind":"","gt_translate_keys":["label","description","value","repeater_field_label","quantity_label"],"price_dependency":false,"cl_dependency":false}]]}},"config":{"price_override":"always","enable_recaptcha":false,"bind_quantity":false,"quantity_bind_formula":false,"disp_summ_show_option_price":true,"disp_summ_show_product_price":false,"disp_summ_show_total_price":true,"disp_summ_show_fee":true,"disp_summ_show_discount":true,"summary_title":"","options_total_label":"Options Price","total_label":"Total Amount","options_product_label":"Product Price","fee_label":"Fee","discount_label":"Discount","has_price":true,"has_quantity_formula":false},"mc_unit":1,"tax_rate":1,"tax_rate_real":1,"discount":{"percentage":0,"fixed":0},"design":{"conf":{"LabelPosition":"above","DescPosition":"above","UploadField":"custom_1","QuantityFieldStyle":"custom_1"},"css":{"LeftLabelWidth":"120px"}},"formulas":[],"lookuptables":[],"clones":false,"cartKey":false}},"_links":{"self":[{"href":"https:\/\/canaryvip.com\/es\/wp-json\/wp\/v2\/product\/11181","targetHints":{"allow":["GET"]}}],"collection":[{"href":"https:\/\/canaryvip.com\/es\/wp-json\/wp\/v2\/product"}],"about":[{"href":"https:\/\/canaryvip.com\/es\/wp-json\/wp\/v2\/types\/product"}],"replies":[{"embeddable":true,"href":"https:\/\/canaryvip.com\/es\/wp-json\/wp\/v2\/comments?post=11181"}],"wp:featuredmedia":[{"embeddable":true,"href":"https:\/\/canaryvip.com\/es\/wp-json\/wp\/v2\/media\/11183"}],"wp:attachment":[{"href":"https:\/\/canaryvip.com\/es\/wp-json\/wp\/v2\/media?parent=11181"}],"wp:term":[{"taxonomy":"product_brand","embeddable":true,"href":"https:\/\/canaryvip.com\/es\/wp-json\/wp\/v2\/product_brand?post=11181"},{"taxonomy":"product_cat","embeddable":true,"href":"https:\/\/canaryvip.com\/es\/wp-json\/wp\/v2\/product_cat?post=11181"},{"taxonomy":"product_tag","embeddable":true,"href":"https:\/\/canaryvip.com\/es\/wp-json\/wp\/v2\/product_tag?post=11181"}],"curies":[{"name":"wp","href":"https:\/\/api.w.org\/{rel}","templated":true}]}}