{"id":11043,"date":"2024-04-11T00:15:30","date_gmt":"2024-04-10T23:15:30","guid":{"rendered":"https:\/\/canaryvip.com\/?post_type=product&#038;p=11043"},"modified":"2025-08-09T12:45:04","modified_gmt":"2025-08-09T11:45:04","slug":"jeep-teide-masca-guided-tour","status":"publish","type":"product","link":"https:\/\/canaryvip.com\/es\/shop\/jeep-teide-masca-guided-tour\/","title":{"rendered":"Teide &amp; Masca Jeep Safari Tenerife"},"content":{"rendered":"<h2>\ud83c\udf1f Descubre <strong>Teide y Masca con Nuestro Jeep Guiado<\/strong> \ud83d\ude99<\/h2>\n<p>Emb\u00e1rquese en un viaje cautivador con CanaryVIP mientras le llevamos a explorar en exclusiva los paisajes m\u00e1s magn\u00edficos y los pueblos m\u00e1s pintorescos de Tenerife a trav\u00e9s de nuestra excursi\u00f3n guiada en jeep por el Teide y Masca. Perfecto para familias, individuos o grupos peque\u00f1os, esta aventura garantiza una experiencia \u00edntima e inolvidable para un m\u00e1ximo de 8 personas por jeep.<\/p>\n<p>Sum\u00e9rjase en el coraz\u00f3n de Tenerife, experimentando su impresionante belleza natural y su rico patrimonio cultural desde la comodidad de nuestros robustos Jeeps 4\u00d74 todo terreno, guiados por nuestros experimentados y multiling\u00fces conductores.<\/p>\n<h3><strong>Aventura Extendida: Teide y Masca<\/strong><\/h3>\n<ul>\n<li>\ud83c\udf0b <strong>Pico Viejo<\/strong>: Disfrute de la sobrecogedora belleza del Pico Viejo. Conocido por su llamativo cr\u00e1ter multicolor de 800 metros de di\u00e1metro, este emblem\u00e1tico volc\u00e1n es un espect\u00e1culo para la vista, que ofrece unas vistas incomparables y una vibrante muestra del arte de la naturaleza.<\/li>\n<li>\ud83c\udfdc\ufe0f <strong>Roques de Garc\u00eda<\/strong>: Marav\u00edllese ante los Roques de Garc\u00eda, imponentes formaciones rocosas que marcan el cielo del Parque Nacional del Teide. Estas peculiares estructuras, formadas por capas de diferentes materiales, son una de las atracciones m\u00e1s singulares del recorrido.<\/li>\n<li>\ud83c\udf04 <strong>Aripe y Chirche<\/strong>: Pasee por las encantadoras calles de Aripe y Chirche, pintorescos caser\u00edos con una arquitectura original que data de los siglos XVIII y XIX. Experimente la aut\u00e9ntica vida rural de Tenerife, rodeado de naturaleza y tranquilidad.<\/li>\n<li>\ud83c\udfde\ufe0f <strong>Parque Nacional del Teide<\/strong>: Explore el Parque Nacional del Teide, declarado Patrimonio de la Humanidad por la UNESCO, un para\u00edso natural dominado por el majestuoso Teide. Su diversidad de colores, su fauna y sus paisajes surrealistas convierten al parque en el centro de nuestra excursi\u00f3n.<\/li>\n<li>\ud83c\udf32 <strong>Vilaflor<\/strong>: Visite Vilaflor, enclavado entre pinos cerca de la cima del volc\u00e1n. Descubra la tranquilidad de vivir a esa altitud, disfrutando del aire puro y de las impresionantes vistas del parque nacional.<\/li>\n<li>\ud83c\udfde\ufe0f <strong>Masca<\/strong>: D\u00e9jese encantar por Masca, uno de los pueblos m\u00e1s pintorescos de Tenerife, ep\u00edtome de la arquitectura natural canaria. Nuestra excursi\u00f3n le permitir\u00e1 conocer de primera mano este encantador lugar.<\/li>\n<\/ul>\n<h3><strong>Detalles de la visita mejorada:<\/strong><\/h3>\n<ul>\n<li>\ud83d\ude99 <strong>Veh\u00edculos y transporte:<\/strong> Atraviese terrenos escarpados en nuestros jeeps con tracci\u00f3n a las cuatro ruedas, garantizando una aventura c\u00f3moda y emocionante. Para los viajes entre islas, los traslados en ferry est\u00e1n incluidos, lo que ofrece una experiencia perfecta.<\/li>\n<li>\ud83d\udc65 <strong>Garant\u00eda para grupos peque\u00f1os:<\/strong> Disfrute de una aventura m\u00e1s personalizada en grupos reducidos, con un m\u00e1ximo de 8 pasajeros por Jeep, incluido el conductor, formando parte de un convoy.<\/li>\n<li>\ud83d\udd12 <strong>Opci\u00f3n privada disponible:<\/strong> Para vivir una experiencia exclusiva, opte por nuestro recorrido VIP o privado, que le permitir\u00e1 seleccionar a sus acompa\u00f1antes durante el viaje.<\/li>\n<li>\ud83d\udd01 <strong>Transporte inclusivo:<\/strong> Ofrecemos c\u00f3modos servicios de recogida y entrega en su alojamiento o en un punto cercano, para que su experiencia sea sencilla de principio a fin.<\/li>\n<\/ul>\n<h3><strong>Informaci\u00f3n completa sobre el viaje:<\/strong><\/h3>\n<ul>\n<li>\ud83d\udd58 <strong>Duraci\u00f3n y horarios:<\/strong> La excursi\u00f3n dura aproximadamente 7 horas, de 09:00 a 16:00, lo que le permitir\u00e1 sumergirse de lleno en la belleza de Tenerife.<\/li>\n<li>\ud83d\uddd3\ufe0f <strong>D\u00edas disponibles:<\/strong> Emb\u00e1rquese en esta aventura de lunes a s\u00e1bado, con opciones flexibles que se adaptan a su horario.<\/li>\n<li>\ud83c\udf0d <strong>Idiomas ofrecidos:<\/strong> Nuestras visitas se realizan en varios idiomas: espa\u00f1ol, ingl\u00e9s, alem\u00e1n, franc\u00e9s, italiano, neerland\u00e9s y polaco.<\/li>\n<\/ul>\n<h3><strong>Pol\u00edtica de reservas y cancelaciones actualizada:<\/strong><\/h3>\n<ul>\n<li>\ud83d\udd04 <strong>Cancelaciones flexibles:<\/strong> Entendemos que los planes pueden cambiar, por eso ofrecemos la posibilidad de cancelar o reprogramar su excursi\u00f3n con hasta 24 horas de antelaci\u00f3n, para su m\u00e1xima tranquilidad.<\/li>\n<li>\u26c5 <strong>Garant\u00eda meteorol\u00f3gica:<\/strong> En caso de que las condiciones meteorol\u00f3gicas adversas obliguen a cancelar un viaje, tiene la opci\u00f3n de reprogramarlo o de recibir el reembolso \u00edntegro, lo que le garantiza una experiencia de reserva sin preocupaciones.<\/li>\n<li>\ud83d\udce9 <strong>Contacto f\u00e1cil:<\/strong> Para cualquier consulta o ajuste, s\u00f3lo tiene que <a href=\"https:\/\/canaryvip.com\/es\/contact\/\">contacte con nosotros<\/a>y nos aseguraremos de satisfacer sus necesidades.<\/li>\n<\/ul>\n<h4><strong>Reserve ya su aventura en jeep por Tenerife<\/strong><\/h4>\n<p>No se pierda esta oportunidad sin igual de explorar los esplendores de Tenerife con CanaryVIP. Desde la majestuosidad volc\u00e1nica de <a href=\"https:\/\/canaryvip.com\/es\/discover-the-teide-the-ultimate-guide-iconic-volcano\/\">Parque Nacional del Teide<\/a> hasta el encanto hist\u00f3rico de Masca, y m\u00e1s all\u00e1, emb\u00e1rquese en un viaje lleno de belleza, aventura e historias por descubrir.<\/p>","protected":false},"excerpt":{"rendered":"<p><strong>\ud83d\udd0d Lo m\u00e1s destacado del viaje:<\/strong><br \/>\n\u2705 Pago seguro.<br \/>\n\ud83d\uddfb Visita el Parque Nacional del Teide.<br \/>\n\ud83d\udee4\ufe0f Visite el pueblo de Masca.<br \/>\n\u23f0 Duraci\u00f3n Alrededor de 7h.<br \/>\n\ud83d\udcc5 De lunes a s\u00e1bado.<br \/>\n\ud83d\ude8c Recogida y devoluci\u00f3n en el hotel.<br \/>\n\ud83d\udd04 Cancelaci\u00f3n gratuita en 24 horas.<br \/>\n\ud83e\udd11 Mejor precio garantizado.<br \/>\n\ud83c\udf81 Descuentos para grupos disponibles.<br \/>\n\ud83c\udf0d Soporte en varios idiomas.<br \/>\n\ud83c\udf1f \u00a1Reserva ahora y ahorra!<\/p>","protected":false},"featured_media":11145,"comment_status":"open","ping_status":"closed","template":"","meta":{"_acf_changed":false},"product_brand":[],"product_cat":[67],"product_tag":[],"class_list":{"0":"post-11043","1":"product","2":"type-product","3":"status-publish","4":"has-post-thumbnail","6":"product_cat-jeep-tours","7":"wcpa_has_options","9":"first","10":"instock","11":"virtual","12":"purchasable","13":"product-type-simple"},"acf":[],"wcpa_form_fields":{"wcpaData":{"product":{"product_price":66,"price_html":"From&nbsp;<span class=\"woocommerce-Price-amount amount\"><bdi>66,00&nbsp;<span class=\"woocommerce-Price-currencySymbol\">&euro;<\/span><\/bdi><\/span>","original_product_price":66,"price_including_tax":66,"price_excluding_tax":66,"product_id":{"parent":11043,"variation":false},"is_variable":false,"stock_status":"instock","stock_quantity":null,"parent_sku":"CV11043","product_attributes":[],"custom_fields":[],"is_taxable":false,"product_name":"Teide & Masca Jeep Safari Tenerife","hasImage":false},"fields":{"sec_2661916538e0c2":{"extra":{"key":"sec_2661916538e0c2","section_id":"sec_2661916538e0c2","name":"Tickets","status":1,"cl_rule":"show","enableCl":false,"relations":[{"operator":false,"rules":[{"operator":"AND","rules":{"cl_field":"radio-group_665df45fcbc30b","cl_relation":"is","cl_val":"Siam Park Regular Tickets"}}]}],"toggle":true,"title_tag":"h4","show_title":false,"showPrice":"default","form_id":11191,"form_rules":{"exclude_from_discount":true,"fee_label":"Fee","disp_hide_options_price":true,"disp_show_section_price":false,"disp_show_field_price":true,"layout_option":"standard","pric_use_as_fee":false,"process_fee_as":"woo_fee"},"layout_option":"standard"},"fields":[[{"active":true,"col":6,"relations":false,"cl_rule":"show","enableCl":false,"price":"","enablePrice":false,"className":"","label_position":"default","desc_position":"default","type":"select","required":true,"elementId":"select_9661916538e0e4","label":"\ud83c\udf0e Language","name":"select_9661916538e0e4","values":[{"label":"English","value":"English","selected":false,"tempId":"aco_1213","gt_translate_keys":["label"]},{"label":"Dutch","value":"Dutch","selected":false,"tempId":"aco_693","gt_translate_keys":["label"]},{"label":"German","value":"German","selected":false,"tempId":"aco_1567","gt_translate_keys":["label"]},{"label":"French","value":"French","selected":false,"tempId":"aco_1215","gt_translate_keys":["label"]},{"label":"Polish","value":"Polish","selected":false,"tempId":"aco_1212","gt_translate_keys":["label"]},{"label":"Italian","value":"Italian","selected":false,"tempId":"aco_611","gt_translate_keys":["label"]},{"label":"Spanish","value":"Spanish","selected":false,"tempId":"aco_1214","gt_translate_keys":["label"]}],"dropdown_type":"basic","error":false,"placeholder":"Select Language","gt_translate_keys":["label","placeholder"],"price_dependency":false,"cl_dependency":["date_8661916538e0f2","date_8661916538e0f2","date_8661916538e0f2","date_8661916538e0f2","date_6661916538e0fc","date_1661916538e106","date_8661916538e10f","radio-group_10661916538e130","radio-group-3329476112","radio-group_2661916538e13c","radio-group-3332331927","radio-group_6661916538e147"],"value":""}],[{"label":"\ud83d\udcc5 Date","active":true,"required":true,"elementId":"date_8661916538e0f2","picker_type":"custom","picker_mode":"single","placeholder":"","description":"","tooltip":"","name":"date_8661916538e0f2","label_position":"default","desc_position":"default","enablePrice":false,"className":"","enableCl":true,"relations":[{"operator":"and","rules":[{"operator":"or","rules":{"cl_field":"select_9661916538e0e4","cl_relation":"is","cl_val":"Dutch"}},{"operator":"or","rules":{"cl_field":"select_9661916538e0e4","cl_relation":"is","cl_val":"German"}},{"operator":"or","rules":{"cl_field":"select_9661916538e0e4","cl_relation":"is","cl_val":"French"}},{"operator":"AND","rules":{"cl_field":"select_9661916538e0e4","cl_relation":"is","cl_val":"English"}}]}],"date_pic_inline":true,"date_pic_inline_hide":true,"min_date":{"type":"days","val":"4"},"max_date":{"type":"days","val":"80"},"date_pic_conf":{"disabledWeeks":[0],"disabledDates":["2025-04-11"]},"price":"","cl_rule":"show","col":6,"type":"date","error":false,"enableDesign":false,"LabelColor":"","isWeightTemplate":false,"isTemplate":false,"min_quantity":"1","quantity_decimal":false,"quantity_step":"1","quantity_label":"Quantity","repeater_field_label":"{field_label}","repeater_bind":"","gt_translate_keys":["label","placeholder","description","tooltip","repeater_field_label","quantity_label"],"price_dependency":false,"cl_dependency":false,"value":""}],[{"label":"\ud83d\udcc5 Date","active":true,"required":true,"elementId":"date_6661916538e0fc","picker_type":"custom","picker_mode":"single","placeholder":"","description":"","tooltip":"","name":"date_6661916538e0fc","label_position":"default","desc_position":"default","enablePrice":false,"className":"","enableCl":true,"relations":[{"operator":"and","rules":[{"operator":false,"rules":{"cl_field":"select_9661916538e0e4","cl_relation":"is","cl_val":"Spanish"}}]}],"enableDesign":false,"LabelColor":"","date_pic_inline":true,"date_pic_inline_hide":true,"min_date":{"type":"days","val":"4"},"max_date":{"type":"days","val":"365"},"date_pic_conf":{"disabledWeeks":[0,1,3,5,6]},"price":"","cl_rule":"show","col":6,"type":"date","error":false,"isWeightTemplate":false,"isTemplate":false,"min_quantity":"1","quantity_decimal":false,"quantity_step":"1","quantity_label":"Quantity","repeater_field_label":"{field_label}","repeater_bind":"","gt_translate_keys":["label","placeholder","description","tooltip","repeater_field_label","quantity_label"],"price_dependency":false,"cl_dependency":false,"value":""}],[{"label":"\ud83d\udcc5 Date","active":true,"required":true,"elementId":"date_1661916538e106","picker_type":"custom","picker_mode":"single","placeholder":"","description":"","tooltip":"","name":"date_1661916538e106","label_position":"default","desc_position":"default","enablePrice":false,"className":"","enableCl":true,"relations":[{"operator":"and","rules":[{"operator":false,"rules":{"cl_field":"select_9661916538e0e4","cl_relation":"is","cl_val":"Polish"}}]}],"enableDesign":false,"LabelColor":"","date_pic_inline":true,"date_pic_inline_hide":true,"min_date":{"type":"days","val":"4"},"max_date":{"type":"days","val":"365"},"date_pic_conf":{"disabledWeeks":[0,1,3,4,5,6]},"price":"","cl_rule":"show","col":6,"type":"date","error":false,"isWeightTemplate":false,"isTemplate":false,"min_quantity":"1","quantity_decimal":false,"quantity_step":"1","quantity_label":"Quantity","repeater_field_label":"{field_label}","repeater_bind":"","gt_translate_keys":["label","placeholder","description","tooltip","repeater_field_label","quantity_label"],"price_dependency":false,"cl_dependency":false,"value":""}],[{"label":"\ud83d\udcc5 Date","active":true,"required":true,"elementId":"date_8661916538e10f","picker_type":"custom","picker_mode":"single","placeholder":"","description":"","tooltip":"","name":"date_8661916538e10f","label_position":"default","desc_position":"default","enablePrice":false,"className":"","enableCl":true,"relations":[{"operator":"and","rules":[{"operator":false,"rules":{"cl_field":"select_9661916538e0e4","cl_relation":"is","cl_val":"Italian"}}]}],"enableDesign":false,"LabelColor":"","date_pic_inline":true,"date_pic_inline_hide":true,"min_date":{"type":"days","val":"4"},"max_date":{"type":"days","val":"365"},"date_pic_conf":{"disabledWeeks":[0,1,2,5,4]},"price":"","cl_rule":"show","col":6,"type":"date","error":false,"isWeightTemplate":false,"isTemplate":false,"min_quantity":"1","quantity_decimal":false,"quantity_step":"1","quantity_label":"Quantity","repeater_field_label":"{field_label}","repeater_bind":"","gt_translate_keys":["label","placeholder","description","tooltip","repeater_field_label","quantity_label"],"price_dependency":false,"cl_dependency":false,"value":""}],[{"elementId":"separator_7661916538e11a","separatorType":"blank","className":"","height":"10","enableCl":false,"relations":false,"cl_rule":"show","col":6,"type":"separator","gt_translate_keys":[],"price_dependency":false,"cl_dependency":false,"value":""}],[{"active":true,"col":6,"relations":[{"operator":false,"rules":[{"operator":"AND","rules":{"cl_field":"select_9661916538e0e4","cl_relation":"is_not","cl_val":"Polish"}}]}],"cl_rule":"show","enableCl":true,"price":"66","enablePrice":true,"className":"","label_position":"default","desc_position":"default","type":"radio-group","required":false,"elementId":"radio-group_10661916538e130","label":"","name":"radio-group_10661916538e130","values":[{"label":"\ud83d\udc64 Adult (66\u20ac)","value":"Adult","selected":true,"tempId":"aco_32","tooltip":"+12 Years","description":"","gt_translate_keys":["label","tooltip","description"]}],"layOut":"","error":false,"checkUi":"button","priceOptions":"fixed_for_all","pricingType":"fixed","enable_quantity":true,"quantity_label":"","min_quantity":"0","options_tooltip":true,"options_description":true,"gt_translate_keys":["label","quantity_label"],"price_dependency":false,"cl_dependency":false,"value":""}],[{"label":"","active":true,"required":false,"elementId":"radio-group-3329476112","name":"radio-group-3329476112","label_position":"default","desc_position":"default","enablePrice":true,"className":"","enableCl":true,"relations":[{"operator":false,"rules":[{"operator":"AND","rules":{"cl_field":"select_9661916538e0e4","cl_relation":"is","cl_val":"Polish"}}]}],"enable_quantity":true,"quantity_label":"","min_quantity":"0","checkUi":"button","layOut":"","options_tooltip":true,"options_description":true,"values":[{"label":"\ud83d\udc64 Adult (70\u20ac)","value":"Adult","selected":true,"tempId":"aco_32","tooltip":"+12 Years","description":"","gt_translate_keys":["label","tooltip","description"]}],"priceOptions":"fixed_for_all","pricingType":"fixed","price":"70","cl_rule":"show","col":6,"type":"radio-group","error":false,"gt_translate_keys":["label","quantity_label"],"price_dependency":false,"cl_dependency":false,"value":""}],[{"label":"","active":true,"required":false,"elementId":"radio-group_2661916538e13c","name":"radio-group_2661916538e13c","label_position":"default","desc_position":"default","enablePrice":true,"className":"","enableCl":true,"relations":[{"operator":false,"rules":[{"operator":"AND","rules":{"cl_field":"select_9661916538e0e4","cl_relation":"is_not","cl_val":"Polish"}}]}],"enable_quantity":true,"quantity_label":"","min_quantity":"0","checkUi":"button","layOut":"","values":[{"label":"\ud83d\udc66 Child (52\u20ac)","value":"Child","selected":true,"tempId":"aco_32","tooltip":"3-11 Years","description":"","gt_translate_keys":["label","tooltip","description"]}],"priceOptions":"fixed_for_all","pricingType":"fixed","price":"52","cl_rule":"show","col":6,"type":"radio-group","error":false,"options_tooltip":true,"options_description":true,"gt_translate_keys":["label","quantity_label"],"price_dependency":false,"cl_dependency":false,"value":""}],[{"label":"","active":true,"required":false,"elementId":"radio-group-3332331927","name":"radio-group-3332331927","label_position":"default","desc_position":"default","enablePrice":true,"className":"","enableCl":true,"relations":[{"operator":false,"rules":[{"operator":"AND","rules":{"cl_field":"select_9661916538e0e4","cl_relation":"is","cl_val":"Polish"}}]}],"enable_quantity":true,"quantity_label":"","min_quantity":"0","checkUi":"button","layOut":"","options_tooltip":true,"options_description":true,"values":[{"label":"\ud83d\udc66 Child (55\u20ac)","value":"Child","selected":true,"tempId":"aco_32","tooltip":"3-11 Years","description":"","gt_translate_keys":["label","tooltip","description"]}],"priceOptions":"fixed_for_all","pricingType":"fixed","price":"55","cl_rule":"show","col":6,"type":"radio-group","error":false,"gt_translate_keys":["label","quantity_label"],"price_dependency":false,"cl_dependency":false,"value":""}],[{"label":"","active":true,"required":false,"elementId":"radio-group_6661916538e147","name":"radio-group_6661916538e147","label_position":"default","desc_position":"default","enablePrice":true,"className":"","enableCl":true,"relations":[{"operator":false,"rules":[{"operator":"AND","rules":{"cl_field":"select_9661916538e0e4","cl_relation":"is_not_empty","cl_val":""}}]}],"enable_quantity":true,"quantity_label":"","min_quantity":"0","checkUi":"button","layOut":"","options_tooltip":true,"options_description":true,"values":[{"label":"\ud83d\udc76 Toddler (Free)","value":"Toddler","selected":true,"tempId":"aco_32","tooltip":"0-2 Years","description":"","gt_translate_keys":["label","tooltip","description"]}],"priceOptions":"fixed_for_all","pricingType":"fixed","price":"0","cl_rule":"show","col":6,"type":"radio-group","error":false,"gt_translate_keys":["label","quantity_label"],"price_dependency":false,"cl_dependency":false,"value":""}],[{"active":true,"col":6,"relations":false,"cl_rule":"show","enableCl":false,"price":"","enablePrice":false,"className":"","label_position":"default","desc_position":"default","type":"separator","required":false,"elementId":"separator_6661916538e151","label":"Separator Field","height":"7","separatorType":"blank","error":false,"gt_translate_keys":["label"],"price_dependency":false,"cl_dependency":false,"value":""}],[{"active":true,"col":6,"relations":false,"cl_rule":"show","enableCl":false,"price":"","enablePrice":false,"className":"","label_position":"default","desc_position":"default","type":"text","subtype":"text","required":false,"elementId":"text_4661916538e15b","label":"\ud83d\ude8c Pickup Location","name":"text_4661916538e15b","value":"","description":"Free pick-up service in Tenerife South. Simply provide your address or hotel name.","error":false,"gt_translate_keys":["label","description","value"],"price_dependency":false,"cl_dependency":false}]]}},"config":{"price_override":"always","enable_recaptcha":false,"bind_quantity":false,"quantity_bind_formula":false,"disp_summ_show_option_price":true,"disp_summ_show_product_price":false,"disp_summ_show_total_price":true,"disp_summ_show_fee":true,"disp_summ_show_discount":true,"summary_title":"","options_total_label":"Options Price","total_label":"Total Amount","options_product_label":"Product Price","fee_label":"Fee","discount_label":"Discount","has_price":true,"has_quantity_formula":false},"mc_unit":1,"tax_rate":1,"tax_rate_real":1,"discount":{"percentage":0,"fixed":0},"design":{"conf":{"LabelPosition":"above","DescPosition":"above","UploadField":"custom_1","QuantityFieldStyle":"custom_1"},"css":{"LeftLabelWidth":"120px"}},"formulas":[],"lookuptables":[],"clones":false,"cartKey":false}},"_links":{"self":[{"href":"https:\/\/canaryvip.com\/es\/wp-json\/wp\/v2\/product\/11043","targetHints":{"allow":["GET"]}}],"collection":[{"href":"https:\/\/canaryvip.com\/es\/wp-json\/wp\/v2\/product"}],"about":[{"href":"https:\/\/canaryvip.com\/es\/wp-json\/wp\/v2\/types\/product"}],"replies":[{"embeddable":true,"href":"https:\/\/canaryvip.com\/es\/wp-json\/wp\/v2\/comments?post=11043"}],"wp:featuredmedia":[{"embeddable":true,"href":"https:\/\/canaryvip.com\/es\/wp-json\/wp\/v2\/media\/11145"}],"wp:attachment":[{"href":"https:\/\/canaryvip.com\/es\/wp-json\/wp\/v2\/media?parent=11043"}],"wp:term":[{"taxonomy":"product_brand","embeddable":true,"href":"https:\/\/canaryvip.com\/es\/wp-json\/wp\/v2\/product_brand?post=11043"},{"taxonomy":"product_cat","embeddable":true,"href":"https:\/\/canaryvip.com\/es\/wp-json\/wp\/v2\/product_cat?post=11043"},{"taxonomy":"product_tag","embeddable":true,"href":"https:\/\/canaryvip.com\/es\/wp-json\/wp\/v2\/product_tag?post=11043"}],"curies":[{"name":"wp","href":"https:\/\/api.w.org\/{rel}","templated":true}]}}