{"id":10465,"date":"2024-03-22T00:31:19","date_gmt":"2024-03-22T00:31:19","guid":{"rendered":"https:\/\/canaryvip.com\/?post_type=product&#038;p=10465"},"modified":"2025-08-09T12:48:53","modified_gmt":"2025-08-09T11:48:53","slug":"kayaking-tenerife","status":"publish","type":"product","link":"https:\/\/canaryvip.com\/es\/shop\/kayaking-tenerife\/","title":{"rendered":"Kayak con tortugas Tenerife"},"content":{"rendered":"<h2><strong>\ud83d\udea3 Kayak Tenerife - Rema por el para\u00edso<\/strong><\/h2>\n<p>Descubra la belleza de las serenas aguas de Tenerife con nuestro inigualable <strong>Aventuras en kayak.<\/strong>\u00a0. Sienta la alegr\u00eda de surcar el mar, donde la emoci\u00f3n de los deportes activos se mezcla con el abrazo tranquilizador de la naturaleza. Con nuestros <strong>kayak Tenerife<\/strong> visitas, testigo <a href=\"https:\/\/canaryvip.com\/es\/tenerife\/boat-excursions\/\"><strong>avistamientos de delfines<\/strong><\/a> y <strong>bucear con tortugas<\/strong> de forma respetuosa y no intrusiva, ofreciendo un retiro ideal para los amantes de la naturaleza.<\/p>\n<h3><strong>\u23f1\ufe0f Exploraci\u00f3n del oc\u00e9ano con kayak en Tenerife<\/strong><\/h3>\n<ul>\n<li><strong>Aventura:<\/strong> Lanza tu <strong>kayak Tenerife<\/strong> viaje desde las costas de Los Cristianos, embarc\u00e1ndose en una mezcla de ejercicio acu\u00e1tico y el encanto del mar abierto. Nuestras excursiones prometen una remada vigorosa y encuentros personales con la vibrante vida marina de Tenerife.<\/li>\n<li><strong>Caracter\u00edsticas:<\/strong> Aunque los avistamientos de animales salvajes pueden variar, nuestra dedicaci\u00f3n a ofrecer un extraordinario <strong>kayak Tenerife<\/strong> experiencia permanece constante.<\/li>\n<li><strong>Ventajas a\u00f1adidas:<\/strong> M\u00e1s all\u00e1 de la emoci\u00f3n del kayak, aproveche la oportunidad de practicar snorkel en las cristalinas aguas de Palm Mar, santuario de tortugas marinas y de una pl\u00e9tora de especies marinas. Esto enriquece su aventura, facilitando encuentros cercanos con las maravillas del oc\u00e9ano.<\/li>\n<\/ul>\n<h3><strong>\ud83c\udf0a Encuentro con la vida marina durante un paseo en kayak por Tenerife<\/strong><\/h3>\n<ul>\n<li><strong>Experiencia:<\/strong> Rema por las tranquilas aguas de Tenerife en nuestro <strong>excursiones en kayak<\/strong> para tener la oportunidad de observar delfines en su entorno natural. Aunque no permitimos nadar con delfines, nuestras excursiones cultivan un sentido de respeto y admiraci\u00f3n por estas magn\u00edficas criaturas.<\/li>\n<li><strong>Lo m\u00e1s destacado:<\/strong> El segmento de snorkel le ofrece una inmersi\u00f3n en el mundo submarino, con una alta probabilidad de nadar junto a tortugas y rayas, mostrando el esplendor y la diversidad de la vida marina de Tenerife.<\/li>\n<li><strong>Comodidad:<\/strong> Opte por nuestro servicio de recogida sin estr\u00e9s por un peque\u00f1o cargo adicional, garantizando un comienzo sin problemas de su viaje. <strong>kayak Tenerife<\/strong> aventura. Damos prioridad a su comodidad, asegur\u00e1ndonos de que cada parte de su viaje sea perfecta.<\/li>\n<\/ul>\n<h3>\ud83c\udf1f Informaci\u00f3n esencial para tu experiencia en kayak en Tenerife<\/h3>\n<ul>\n<li><strong>Garant\u00eda de seguridad<\/strong>: Cada <strong>kayak Tenerife<\/strong> est\u00e1 respaldado por nuestro compromiso con la seguridad. Llevamos a cabo sesiones informativas de seguridad detalladas antes de cada viaje y equipamos a todos los participantes con el equipo esencial, incluidos chalecos salvavidas y conjuntos de snorkel, para una aventura segura y agradable.<\/li>\n<li><strong>Gu\u00edas multiling\u00fces<\/strong>: Nuestros expertos gu\u00edas dominan el ingl\u00e9s y el espa\u00f1ol, y le ofrecer\u00e1n comentarios personalizados e informativos a lo largo de su visita. <strong>kayak Tenerife<\/strong> excursi\u00f3n. Esto garantiza un ambiente acogedor para los aventureros internacionales, haciendo que cada momento de su viaje sea a la vez atractivo y educativo.<\/li>\n<li><strong>Instrucci\u00f3n experta<\/strong>: Antes de su <strong>kayak Tenerife<\/strong> experiencia, nuestro equipo ofrece consejos expertos sobre t\u00e9cnicas de kayak y pr\u00e1cticas de seguridad. Tanto si eres principiante como si ya tienes experiencia, nuestros consejos te ayudar\u00e1n a aumentar tu confianza y a disfrutar del agua.<\/li>\n<\/ul>\n<h3>\ud83d\udcc5 <strong>Asegure su aventura en kayak en Tenerife y reserve ahora<\/strong><\/h3>\n<p>Nuestra <strong>Excursiones en kayak en Tenerife<\/strong> est\u00e1n cuidadosamente dise\u00f1ados para sumergirle en las maravillas naturales de la isla, ofreciendo una experiencia \u00fanica que le conecta \u00edntimamente con el mar.<br \/>\nLas plazas se llenan r\u00e1pidamente, por lo que recomendamos reservar con antelaci\u00f3n. Elija <strong>CanaryVIP<\/strong> para un proceso de reserva sin complicaciones, asegurando su plaza en este para\u00edso acu\u00e1tico.<\/p>\n<h3>\u2705 <strong>\u00bfQu\u00e9 incluye su viaje en kayak por Tenerife?<\/strong><\/h3>\n<ul>\n<li>Servicio opcional de recogida y devoluci\u00f3n por un precio simb\u00f3lico, que mejora su aventura con comodidad.<\/li>\n<li>Una excursi\u00f3n guiada por monitores experimentados que combina excursiones en kayak y snorkel.<\/li>\n<li>Aproximadamente 1,5 horas de kayak, complementadas con una sesi\u00f3n de snorkel de 30 minutos para explorar el reino submarino.<\/li>\n<li>Taquillas para guardar con seguridad sus pertenencias mientras disfruta de las experiencias acu\u00e1ticas.<\/li>\n<li>Una gu\u00eda multiling\u00fce que garantiza una comunicaci\u00f3n clara y una experiencia enriquecedora.<\/li>\n<\/ul>\n<h3><strong>\u2696\ufe0f Pol\u00edtica de Reservas y Cancelaciones para Kayak en Tenerife:<\/strong><\/h3>\n<ul>\n<li><strong>Planifique con antelaci\u00f3n:<\/strong> Reserve con antelaci\u00f3n para asegurarse su plaza y disfrute de un descuento especial a trav\u00e9s de CanaryVIP. Recuerde que las aventuras en kayak, especialmente las que ofrecen encuentros con la fauna salvaje, est\u00e1n muy solicitadas.<\/li>\n<li><strong>Cancelaciones flexibles:<\/strong> La vida puede ser impredecible. Cancele hasta 24 horas antes de su excursi\u00f3n para obtener un reembolso completo. Para una experiencia sin estr\u00e9s, entendemos la necesidad de flexibilidad.<\/li>\n<li><strong>Requisitos de los participantes:<\/strong> Adecuado para personas que est\u00e9n razonablemente en forma y se sientan c\u00f3modas en el agua. No se necesita experiencia previa en kayak, pero los participantes deben saber nadar para la sesi\u00f3n de snorkel.<\/li>\n<\/ul>\n<h3><strong>\ud83c\udf92 Preparando tu aventura en kayak:<\/strong><\/h3>\n<ul>\n<li><strong>Qu\u00e9 llevar:<\/strong> La comodidad es crucial para su aventura. Lleve el ba\u00f1ador debajo del traje de neopreno en los d\u00edas m\u00e1s frescos. Aunque no se recomiendan las chanclas, el calzado resistente es esencial para el viaje. Acu\u00e9rdese de meter en la maleta crema solar, un sombrero para las excursiones diurnas y una toalla para despu\u00e9s de bucear.<\/li>\n<li><strong>Recuerdos fotogr\u00e1ficos:<\/strong> Aunque no ofrecemos servicio fotogr\u00e1fico, le invitamos a traer su c\u00e1mara o tel\u00e9fono para capturar las impresionantes vistas. Tenga en cuenta que llevar estos objetos es bajo su propia responsabilidad.<\/li>\n<li><strong>Salud y seguridad:<\/strong> Para garantizar la seguridad y satisfacci\u00f3n de todos los participantes, la actividad no se aconseja a personas embarazadas de m\u00e1s de 5 meses. Es fundamental que todos los kayakistas posean conocimientos b\u00e1sicos de nataci\u00f3n, especialmente para la parte de snorkel de la excursi\u00f3n.<\/li>\n<\/ul>\n<h3>\u2753 <strong>Preguntas frecuentes: Respuestas a sus preguntas sobre el kayak<\/strong><\/h3>\n<ul>\n<li><strong>\u00bfNecesito experiencia previa en kayak?<\/strong> En absoluto, nuestros gu\u00edas le ense\u00f1ar\u00e1n las t\u00e9cnicas b\u00e1sicas de remo necesarias. S\u00f3lo tienes que sentirte c\u00f3modo en el agua y estar preparado para pasar un d\u00eda apasionante.<\/li>\n<li><strong>\u00bfQu\u00e9 me pongo?<\/strong> Adem\u00e1s de ba\u00f1ador y crema solar, es aconsejable llevar traje de neopreno en los d\u00edas m\u00e1s fr\u00edos. Proporcionamos todo el equipo de seguridad y snorkel necesario.<\/li>\n<li><strong>\u00bfHay restricciones de edad?<\/strong> Los kayakistas deben tener 6 a\u00f1os o m\u00e1s. Los ni\u00f1os de 6 a 11 a\u00f1os deben ir acompa\u00f1ados por un adulto.<\/li>\n<li><strong>\u00bfPuedo cambiar de kayak?<\/strong> Por supuesto, puede elegir navegar en kayak solo, con un compa\u00f1ero o en un grupo de tres, sin que ello afecte al precio.<\/li>\n<\/ul>\n<h4><strong>\ud83c\udf1e \u00bfListo para abrazar el mar?<\/strong><\/h4>\n<p>Sum\u00e9rjase en una experiencia inolvidable en kayak por la costa de Tenerife. Ya sea navegando por las aguas de Los Cristianos, admirando <strong>delfines,<\/strong>\u00a0o <strong>snorkel con tortugas,<\/strong>\u00a0su aventura con <strong>CanaryVIP<\/strong> promete ser una mezcla de belleza, emoci\u00f3n y recuerdos imborrables.<br \/>\nReserva tu plaza hoy mismo y prep\u00e1rate para dejarte sorprender por las maravillas del oc\u00e9ano. \ud83d\udea3\u200d\u2640\ufe0f\ud83d\udc2c\ud83d\udc22<\/p>\n<p>Para disfrutar de una aventura sin igual en las aguas cristalinas de Tenerife, reserve hoy mismo su excursi\u00f3n en kayak con nosotros.<\/p>","protected":false},"excerpt":{"rendered":"<p><strong>\ud83d\udd0d Kayak Tenerife:<\/strong><br \/>\n\u2705 Pago seguro.<br \/>\n\ud83d\udc0b Avistamientos de delfines y tortugas.<br \/>\n\ud83d\ude80 2h Aventuras.<br \/>\n\ud83e\udd3f Equipo de snorkel proporcionado.<br \/>\n\ud83d\udd59 M\u00faltiples horarios de salida.<br \/>\n\ud83d\udcc5 Disponible todos los d\u00edas.<br \/>\n\ud83e\udd11 Mejor precio garantizado.<br \/>\n\ud83d\ude8d Servicio de transporte opcional.<br \/>\n\ud83d\udc6a Descuentos para familias y grupos.<br \/>\n\ud83d\udd01 Pol\u00edtica de cancelaci\u00f3n de 24h.<br \/>\n\ud83c\udf0d Gu\u00edas en ingl\u00e9s y espa\u00f1ol.<br \/>\n\ud83c\udf1f Reserva pronto y ahorra.<br \/>\n\ud83d\udccd Salida de <a href=\"https:\/\/maps.app.goo.gl\/g9c9rZaJv7igjr3t8\">Los Cristianos<\/a>.<\/p>","protected":false},"featured_media":10794,"comment_status":"open","ping_status":"closed","template":"","meta":{"_acf_changed":false},"product_brand":[],"product_cat":[53],"product_tag":[],"class_list":{"0":"post-10465","1":"product","2":"type-product","3":"status-publish","4":"has-post-thumbnail","6":"product_cat-water-sports","7":"wcpa_has_options","9":"first","10":"instock","11":"sale","12":"virtual","13":"purchasable","14":"product-type-simple"},"acf":[],"wcpa_form_fields":{"wcpaData":{"product":{"product_price":35,"price_html":"From&nbsp;<del aria-hidden=\"true\"><span class=\"woocommerce-Price-amount amount\"><bdi>45,00&nbsp;<span class=\"woocommerce-Price-currencySymbol\">&euro;<\/span><\/bdi><\/span><\/del> <span class=\"screen-reader-text\">El precio original era: 45,00&nbsp;&euro;.<\/span><ins aria-hidden=\"true\"><span class=\"woocommerce-Price-amount amount\"><bdi>35,00&nbsp;<span class=\"woocommerce-Price-currencySymbol\">&euro;<\/span><\/bdi><\/span><\/ins><span class=\"screen-reader-text\">El precio actual es: 35,00&nbsp;&euro;.<\/span>","original_product_price":45,"price_including_tax":35,"price_excluding_tax":35,"product_id":{"parent":10465,"variation":false},"is_variable":false,"stock_status":"instock","stock_quantity":null,"parent_sku":"CV10465","product_attributes":[],"custom_fields":[],"is_taxable":false,"product_name":"Kayaking with Turtles Tenerife","hasImage":false},"fields":{"sec_1066337d57eb5e3":{"extra":{"key":"sec_1066337d57eb5e3","section_id":"sec_1066337d57eb5e3","name":"Default","status":1,"cl_rule":"show","enableCl":false,"relations":[],"toggle":true,"title_tag":"h3","show_title":false,"showPrice":"default","form_id":11372,"form_rules":{"exclude_from_discount":true,"fee_label":"Fee","disp_hide_options_price":true,"disp_show_section_price":false,"disp_show_field_price":true,"layout_option":"standard","pric_use_as_fee":false,"process_fee_as":"woo_fee"},"layout_option":"standard"},"fields":[[{"label":"\ud83d\udcc5 Date","active":true,"required":true,"elementId":"date_666337d57eb607","picker_type":"custom","picker_mode":"single","placeholder":"","description":"","tooltip":"","name":"date_666337d57eb607","label_position":"default","desc_position":"default","enablePrice":false,"className":"","enableCl":false,"relations":[{"operator":"and","rules":[{"operator":"AND","rules":{"cl_field":"radio-group_5661bc90f5e8f5","cl_relation":"is_not_empty","cl_val":"3 Hour Trip"}}]}],"date_pic_inline":true,"date_pic_inline_hide":true,"min_date":{"type":"days","val":"0"},"max_date":{"type":"days","val":"365"},"date_pic_conf":{"disabledWeeks":[]},"price":"","cl_rule":"show","col":6,"type":"date","error":false,"enableDesign":false,"LabelColor":"","gt_translate_keys":["label","placeholder","description","tooltip"],"price_dependency":false,"cl_dependency":false,"value":""}],[{"active":true,"col":6,"relations":false,"cl_rule":"show","enableCl":false,"price":"","enablePrice":false,"className":"","label_position":"default","desc_position":"default","type":"select","required":true,"elementId":"select_566337d57eb62f","label":"\u23f0 Departure Time","name":"select_566337d57eb62f","values":[{"label":"Whichever Time is Best","value":"Whichever Time is Best","selected":false,"tempId":"aco_312","gt_translate_keys":["label"]},{"label":"10:00","value":"10:00","selected":false,"tempId":"aco_313","gt_translate_keys":["label"]},{"label":"12:30 (12:30 PM)","value":"12:30","selected":false,"tempId":"aco_314","gt_translate_keys":["label"]},{"label":"14:00 (2:00 PM)","value":"14:00","selected":false,"tempId":"aco_711","gt_translate_keys":["label"]}],"dropdown_type":"basic","error":false,"multiple":false,"placeholder":"None","gt_translate_keys":["label","placeholder"],"price_dependency":false,"cl_dependency":false,"value":""}],[{"active":true,"col":6,"relations":false,"cl_rule":"show","enableCl":false,"price":"","enablePrice":false,"className":"","label_position":"default","desc_position":"default","type":"content","required":false,"elementId":"content_1042762875","label":"","name":"content_1042762875","contentType":"rich","value":"<p>\ud83c\udf9f\ufe0f <strong>Reservation<\/strong>: Pay only a deposit now to reserve; the rest is due on the day of the activity upon arrival.<\/p>","show_in_checkout":true,"error":false,"gt_translate_keys":["label","value"],"price_dependency":false,"cl_dependency":false}],[{"active":true,"col":6,"relations":[{"operator":false,"rules":[{"operator":"AND","rules":{"cl_field":"","cl_relation":"","cl_val":""}}]}],"cl_rule":"show","enableCl":true,"price":"35","enablePrice":true,"className":"","label_position":"default","desc_position":"default","type":"radio-group","required":false,"elementId":"radio-group_166337d57eb617","label":"","name":"radio-group_166337d57eb617","values":[{"label":"\ud83d\udc64 Adult (35\u20ac)","value":"Adult","selected":true,"tempId":"aco_32","tooltip":"+11 Years","description":"","gt_translate_keys":["label","tooltip","description"]}],"layOut":"","error":false,"checkUi":"button","priceOptions":"fixed_for_all","pricingType":"fixed","enable_quantity":true,"quantity_label":"","min_quantity":"0","options_tooltip":true,"options_description":true,"is_show_price":true,"gt_translate_keys":["label","quantity_label"],"price_dependency":false,"cl_dependency":false,"value":""}],[{"label":"","active":true,"required":false,"elementId":"radio-group_166337d57eb624","name":"radio-group_166337d57eb624","label_position":"default","desc_position":"default","enablePrice":true,"className":"","enableCl":true,"relations":[{"operator":false,"rules":[{"operator":"AND","rules":{"cl_field":"","cl_relation":"","cl_val":""}}]}],"enable_quantity":true,"quantity_label":"","min_quantity":"0","checkUi":"button","layOut":"","options_tooltip":true,"options_description":true,"values":[{"label":"\ud83d\udc66 Child (20\u20ac)","value":"Child","selected":true,"tempId":"aco_32","tooltip":"6-10 Years","description":"","gt_translate_keys":["label","tooltip","description"]}],"priceOptions":"fixed_for_all","pricingType":"fixed","price":"20","cl_rule":"show","col":6,"type":"radio-group","error":false,"is_show_price":true,"gt_translate_keys":["label","quantity_label"],"price_dependency":false,"cl_dependency":false,"value":""}],[{"active":true,"col":6,"relations":false,"cl_rule":"show","enableCl":false,"price":"","enablePrice":false,"className":"","label_position":"default","desc_position":"default","type":"separator","required":false,"elementId":"separator_9019492152","label":"Separator Field","height":"6","separatorType":"fill","error":false,"separatorColor":"#66a6b6","gt_translate_keys":["label"],"price_dependency":false,"cl_dependency":false,"value":""}],[{"active":true,"col":6,"relations":false,"cl_rule":"show","enableCl":false,"price":"({field.radio-group_166337d57eb617.quantity}*10)+({field.radio-group_166337d57eb624.quantity}*7.50)","enablePrice":true,"className":"","label_position":"default","desc_position":"default","type":"content","required":false,"elementId":"content_8712621725","label":"Deposit Now","name":"content_8712621725","contentType":"plain","value":"","error":false,"pricingType":"custom","isTemplate":false,"is_show_price":false,"show_in_checkout":true,"enableDesign":true,"LabelSize":"14px","inline":true,"gt_translate_keys":["label","value"],"price_dependency":["content-8850121983"],"cl_dependency":false}],[{"contentType":"plain","active":true,"label":"Payment at Arrival","elementId":"content-8797651822","value":"","name":"content-8797651822","enablePrice":true,"className":"","enableCl":false,"relations":false,"price":"({field.radio-group_166337d57eb617.quantity}*25)+({field.radio-group_166337d57eb624.quantity}*12.50)","cl_rule":"show","col":6,"type":"content","error":false,"is_show_price":true,"pricingType":"custom","isTemplate":false,"show_in_checkout":true,"enableDesign":true,"LabelSize":"14px","inline":true,"gt_translate_keys":["label","value"],"price_dependency":["content-8850121983"],"cl_dependency":false}],[{"contentType":"plain","active":true,"label":"Total Amount","elementId":"content-8850121983","value":"","name":"content-8850121983","enablePrice":true,"className":"","enableCl":false,"relations":false,"price":"{field.content_8712621725.price}+{field.content-8797651822.price}","cl_rule":"show","col":6,"type":"content","error":false,"is_show_price":true,"pricingType":"custom","isTemplate":false,"show_in_checkout":true,"enableDesign":true,"LabelSize":"14px","inline":true,"gt_translate_keys":["label","value"],"price_dependency":false,"cl_dependency":false}]]},"sec_he1t7j115":{"extra":{"key":"sec_he1t7j115","section_id":"sec_he1t7j115","name":"Pickup","status":1,"cl_rule":"show","enableCl":false,"relations":[],"toggle":true,"title_tag":"h4","show_title":false,"showPrice":"default","form_id":11372,"form_rules":{"exclude_from_discount":true,"fee_label":"Fee","disp_hide_options_price":true,"disp_show_section_price":false,"disp_show_field_price":true,"layout_option":"standard","pric_use_as_fee":false,"process_fee_as":"woo_fee"},"layout_option":"standard"},"fields":[[{"active":true,"col":6,"relations":false,"cl_rule":"show","enableCl":false,"price":"","enablePrice":false,"className":"","label_position":"default","desc_position":"default","type":"text","subtype":"text","required":false,"elementId":"text_0736264724","label":"\ud83d\ude8c Pickup Location","name":"text_0736264724","value":"","error":false,"description":"Pick-up service in Tenerife South available for an extra 2\u20ac per person, to be paid on arrival. Please provide your address or hotel name to book the shuttle service; if not needed, leave it blank. | For Callao Salvaje and Palm-Mar, the extra cost is 4\u20ac per person | El M\u00e9dano: 15\u20ac per car | Golf del Sur: 10\u20ac per car.","gt_translate_keys":["label","description","value"],"price_dependency":false,"cl_dependency":false}]]}},"config":{"price_override":"always","enable_recaptcha":false,"bind_quantity":false,"quantity_bind_formula":false,"disp_summ_show_option_price":true,"disp_summ_show_product_price":false,"disp_summ_show_total_price":false,"disp_summ_show_fee":true,"disp_summ_show_discount":true,"summary_title":"","options_total_label":"Options Price","total_label":"Total Amount","options_product_label":"Product Price","fee_label":"Fee","discount_label":"Discount","has_price":true,"has_quantity_formula":false},"mc_unit":1,"tax_rate":1,"tax_rate_real":1,"discount":{"percentage":0,"fixed":0},"design":{"conf":{"LabelPosition":"above","DescPosition":"above","UploadField":"custom_1","QuantityFieldStyle":"custom_1"},"css":{"LeftLabelWidth":"120px"}},"formulas":[],"lookuptables":[],"clones":false,"cartKey":false}},"_links":{"self":[{"href":"https:\/\/canaryvip.com\/es\/wp-json\/wp\/v2\/product\/10465","targetHints":{"allow":["GET"]}}],"collection":[{"href":"https:\/\/canaryvip.com\/es\/wp-json\/wp\/v2\/product"}],"about":[{"href":"https:\/\/canaryvip.com\/es\/wp-json\/wp\/v2\/types\/product"}],"replies":[{"embeddable":true,"href":"https:\/\/canaryvip.com\/es\/wp-json\/wp\/v2\/comments?post=10465"}],"wp:featuredmedia":[{"embeddable":true,"href":"https:\/\/canaryvip.com\/es\/wp-json\/wp\/v2\/media\/10794"}],"wp:attachment":[{"href":"https:\/\/canaryvip.com\/es\/wp-json\/wp\/v2\/media?parent=10465"}],"wp:term":[{"taxonomy":"product_brand","embeddable":true,"href":"https:\/\/canaryvip.com\/es\/wp-json\/wp\/v2\/product_brand?post=10465"},{"taxonomy":"product_cat","embeddable":true,"href":"https:\/\/canaryvip.com\/es\/wp-json\/wp\/v2\/product_cat?post=10465"},{"taxonomy":"product_tag","embeddable":true,"href":"https:\/\/canaryvip.com\/es\/wp-json\/wp\/v2\/product_tag?post=10465"}],"curies":[{"name":"wp","href":"https:\/\/api.w.org\/{rel}","templated":true}]}}