{"id":10186,"date":"2024-03-28T05:27:33","date_gmt":"2024-03-28T05:27:33","guid":{"rendered":"https:\/\/canaryvip.com\/?post_type=product&#038;p=10186"},"modified":"2025-06-28T23:11:45","modified_gmt":"2025-06-28T22:11:45","slug":"rent-a-car-tenerife","status":"publish","type":"product","link":"https:\/\/canaryvip.com\/es\/shop\/rent-a-car-tenerife\/","title":{"rendered":"Rent a Car Tenerife"},"content":{"rendered":"<h2>\ud83d\ude99 Descubre Tenerife con nuestro servicio premier de alquiler de coches<\/h2>\n<p>Disfrute de la m\u00e1xima libertad para explorar los impresionantes paisajes de Tenerife a su ritmo. Nuestro <strong>Rent a Car Tenerife<\/strong> servicio en <strong>CanaryVIP<\/strong> ofrece una comodidad y flexibilidad inigualables para su viaje por la isla. Desde tomar el sol en playas v\u00edrgenes hasta hacer senderismo por la majestuosa <a href=\"https:\/\/canaryvip.com\/es\/discover-the-teide-the-ultimate-guide-iconic-volcano\/\">Parque Nacional del Teide,<\/a>\u00a0y descubrir las joyas ocultas de la isla, nuestra variada flota es su billete para una aventura inolvidable.<\/p>\n<h3>\u2b50\ufe0f \u00bfPor qu\u00e9 elegir Rent a Car Tenerife?<\/h3>\n<p>Optar por <strong>alquilar un coche en Tenerife<\/strong> con CanaryVIP significa regalarse la libertad. Sin las limitaciones del transporte p\u00fablico ni los r\u00edgidos plazos de los viajes organizados, tendr\u00e1 la libertad de explorar esta impresionante isla a su propio ritmo y seg\u00fan sus propios intereses.<\/p>\n<ul>\n<li><strong>Flexibilidad:<\/strong> Nuestra <strong>servicio de alquiler de coches en Tenerife<\/strong> le da el control para dise\u00f1ar su itinerario. Desde el amanecer hasta el atardecer, usted decide qu\u00e9 ver y cu\u00e1ndo.<\/li>\n<li><strong>Variedad:<\/strong> Nuestra flota es variada y se adapta a todas las preferencias y necesidades. Tanto si buscas un coche compacto para excursiones por la ciudad como un SUV espacioso para aventuras en terrenos abruptos en <strong>Tenerife Sur,<\/strong>\u00a0le tenemos cubierto.<\/li>\n<li><strong>Precios competitivos:<\/strong> Nos esforzamos por ser asequibles sin sacrificar la calidad. Nuestro <strong>alquiler de coches<\/strong> en Tenerife tienen los mejores precios, para que pueda explorar la isla sin salirse del presupuesto.<\/li>\n<li><strong>Comodidad:<\/strong> Recoja su coche de alquiler en puntos clave como <strong><a href=\"https:\/\/maps.app.goo.gl\/YAWX2KPn75tN8YMUA\" target=\"_blank\" rel=\"noopener\">Aeropuerto Tenerife Sur<\/a>.<\/strong>\u00a0Desde el momento en que aterriza, su aventura en Tenerife comienza sin demora.<\/li>\n<\/ul>\n<h4>\ud83c\udf0d Explora Tenerife como nunca<\/h4>\n<p>El encanto de Tenerife no reside s\u00f3lo en sus famosas playas y lugares tur\u00edsticos, sino tambi\u00e9n en sus rincones menos conocidos. En <strong>alquiler de coches en Tenerife,<\/strong>\u00a0estar\u00e1 preparado para explorar la rica historia de la isla, su vibrante cultura y su impresionante belleza natural. Conduzca por pueblos pintorescos, visite mercados locales y encuentre su propio trozo de para\u00edso en playas solitarias.<\/p>\n<h4>\ud83d\udd0d Descubre m\u00e1s con el alquiler de coches en Tenerife<\/h4>\n<p>Cada rinc\u00f3n de Tenerife es un nuevo descubrimiento, y con <strong>Alquiler de coches CanaryVIP en Tenerife,<\/strong>\u00a0es libre de perseguir cada puesta de sol, escalar cada monta\u00f1a y empaparse de cada paisaje. Vaya m\u00e1s all\u00e1 de las gu\u00edas y haga de su viaje una antolog\u00eda de experiencias personales y recuerdos inolvidables.<\/p>\n<h4>\u2705 Reservar es f\u00e1cil<\/h4>\n<p>Nuestro proceso de reserva es sencillo y f\u00e1cil de usar. Seleccione su veh\u00edculo preferido, elija el periodo de alquiler y a\u00f1ada los extras que pueda necesitar, todo con unos pocos clics. Nuestro objetivo es que <strong>alquiler de coches en Tenerife<\/strong> experiencia sea lo m\u00e1s f\u00e1cil y sencilla posible.<\/p>\n<h4>\ud83d\udee1\ufe0f Seguridad y comodidad<\/h4>\n<p>Su seguridad y comodidad son primordiales. Cada veh\u00edculo de nuestra flota se mantiene meticulosamente para cumplir los m\u00e1s altos est\u00e1ndares de seguridad y rendimiento. Cuando opta por <strong>alquiler de coches en Tenerife Sur,<\/strong>\u00a0puede estar seguro de que nos ocuparemos de su comodidad y bienestar.<\/p>\n<h4>\ud83c\udf31 Viajes sostenibles<\/h4>\n<p>Estamos comprometidos con las iniciativas de viajes ecol\u00f3gicos. Nuestra selecci\u00f3n de veh\u00edculos incluye opciones respetuosas con el medio ambiente, que le permitir\u00e1n explorar la belleza natural de Tenerife minimizando su huella de carbono.<\/p>\n<h4>\ud83d\udd11 Desbloquea lo mejor de Tenerife<\/h4>\n<p>Tenerife es una isla de aventuras y belleza sin fin, desde sus costas ba\u00f1adas por el sol hasta las m\u00edsticas alturas del Teide. Con nuestro <strong>servicios de alquiler de coches,<\/strong>\u00a0todos los rincones de esta encantadora isla est\u00e1n a su alcance. <strong>Alquilar un coche en Tenerife<\/strong> y emprender un viaje de descubrimiento y asombro.<\/p>\n<h3>\ud83d\udcd6 C\u00f3mo reservar tu coche de alquiler<\/h3>\n<p>Obtener su <strong>alquilar un coche en Tenerife<\/strong> est\u00e1 a s\u00f3lo unos clics de distancia. Nuestro intuitivo sistema de reservas online est\u00e1 dise\u00f1ado para su comodidad, permiti\u00e9ndole elegir su coche, establecer su periodo de alquiler y gestionar su reserva f\u00e1cilmente. La confirmaci\u00f3n es r\u00e1pida, lo que te garantiza que estar\u00e1s listo para explorar en cuanto llegues.<\/p>\n<h4>Tu aventura te espera<\/h4>\n<p>La aventura en Tenerife no son s\u00f3lo los destinos, sino tambi\u00e9n los viajes entre ellos. Cada ruta que haga con su <strong>alquiler de coches en Tenerife<\/strong> descubre algo nuevo: una cala escondida, un mirador impresionante o un restaurante local que ofrece sabores que nunca antes hab\u00eda probado. Con CanaryVIP, los secretos mejor guardados de la isla se vuelven accesibles, transformando su viaje en una b\u00fasqueda del tesoro de experiencias.<\/p>\n<h4>\u23f3 Haz que cada momento cuente<\/h4>\n<p>Cuando <strong>alquilar un coche en Tenerife,<\/strong>\u00a0no s\u00f3lo ahorrar\u00e1 tiempo, sino que har\u00e1 que cada momento de sus vacaciones cuente. Conduzca hasta los impresionantes acantilados de Los Gigantes para contemplar la puesta de sol, o encuentre consuelo en los serenos senderos del Parque Rural de Anaga. Su tiempo en Tenerife es suyo para pasarlo como desee, libre de las limitaciones de las excursiones programadas y el transporte p\u00fablico.<\/p>\n<h4>\ud83e\uddf3 A la medida de sus necesidades<\/h4>\n<p>Comprendiendo que cada viajero tiene necesidades \u00fanicas, nuestro <strong>alquiler de coches Tenerife<\/strong> ofrecen una amplia gama de opciones que se adaptan a todas las preferencias y necesidades. Desde lujosos descapotables que le permitir\u00e1n sentir la brisa del mar hasta monovol\u00famenes familiares equipados para su comodidad, <strong>CanaryVIP<\/strong> garantiza que tu veh\u00edculo se adapte al viaje que imaginas.<\/p>\n<h3>\ud83c\udf1f Un compromiso con la excelencia<\/h3>\n<p>En <strong>CanaryVIP<\/strong>La excelencia est\u00e1 en el centro de todo lo que hacemos. Desde la calidad de nuestros veh\u00edculos hasta nuestro servicio de atenci\u00f3n al cliente, nos esforzamos por superar sus expectativas. Nuestro equipo est\u00e1 siempre dispuesto a ofrecer recomendaciones, ayudar con las rutas o proporcionar cualquier apoyo que necesite durante su <strong>alquiler de coches en Tenerife<\/strong> experiencia. No somos s\u00f3lo un servicio; somos su socio de viajes en Tenerife.<\/p>\n<h4>\ud83d\udddd\ufe0f Aprovechar la oportunidad<\/h4>\n<p>La belleza de Tenerife no espera a nadie, y con CanaryVIP, aprovechar la oportunidad de explorar esta isla paradis\u00edaca nunca ha sido tan f\u00e1cil. No dejes escapar la oportunidad de crear tu propia aventura. <strong>Alquilar un coche en Tenerife<\/strong> hoy mismo y tome las riendas de sus vacaciones, dise\u00f1ando un viaje tan \u00fanico como usted.<\/p>\n<h4>\u2764\ufe0f Reserve hoy el viaje de sus sue\u00f1os<\/h4>\n<p>\u00bfListo para explorar Tenerife a su aire?<\/p>\n<p>Visite <strong>CanaryVIP<\/strong> Visite CanaryVIP ahora para reservar su coche de alquiler perfecto. Con solo unos clics, se pondr\u00e1 en camino hacia un viaje inolvidable lleno de descubrimientos, libertad y el puro placer de explorar.<\/p>\n<p>Su aventura le espera con el servicio Rent a Car Tenerife de CanaryVIP. Reserve ahora y descubra la magia de Tenerife.<\/p>","protected":false},"excerpt":{"rendered":"<p><strong>\ud83d\udd0d Rent a Car Tenerife:<\/strong><br \/>\n\u2705 Pago seguro.<br \/>\n\ud83d\ude99 M\u00faltiples opciones de coches.<br \/>\n\ud83d\ude80 De 1 a 30 d\u00edas.<br \/>\nSeguro incluido.<br \/>\n\ud83c\udfc1 Kil\u00f3metros ilimitados.<br \/>\n\ud83d\udc64 +25 a\u00f1os pueden conducir.<br \/>\n\ud83e\udd11 Mejor precio garantizado.<br \/>\n\ud83d\ude8d Entrega gratuita en su hotel.<br \/>\n\u2708\ufe0f Entrega y recogida en el aeropuerto.<br \/>\n\ud83d\udc6a Descuentos activados.<br \/>\n\ud83c\udf1f \u00a1Reserva ahora y ahorra!<\/p>","protected":false},"featured_media":10916,"comment_status":"open","ping_status":"closed","template":"","meta":{"_acf_changed":false},"product_brand":[],"product_cat":[83],"product_tag":[],"class_list":{"0":"post-10186","1":"product","2":"type-product","3":"status-publish","4":"has-post-thumbnail","6":"product_cat-rentals","7":"wcpa_has_options","9":"first","10":"instock","11":"virtual","12":"purchasable","13":"product-type-simple"},"acf":[],"wcpa_form_fields":{"wcpaData":{"product":{"product_price":50,"price_html":"From&nbsp;<span class=\"woocommerce-Price-amount amount\"><bdi>50,00&nbsp;<span class=\"woocommerce-Price-currencySymbol\">&euro;<\/span><\/bdi><\/span>","original_product_price":50,"price_including_tax":50,"price_excluding_tax":50,"product_id":{"parent":10186,"variation":false},"is_variable":false,"stock_status":"instock","stock_quantity":null,"parent_sku":"CV10186","product_attributes":[],"custom_fields":[],"is_taxable":false,"product_name":"Rent a Car Tenerife","hasImage":false},"fields":{"sec_4668282996d361":{"extra":{"key":"sec_4668282996d361","section_id":"sec_4668282996d361","name":"Contact us","status":1,"cl_rule":"show","enableCl":false,"relations":[],"toggle":true,"title_tag":"h3","show_title":false,"showPrice":"default","form_id":12153,"form_rules":{"exclude_from_discount":true,"fee_label":"Fee","disp_hide_options_price":true,"disp_show_section_price":false,"disp_show_field_price":true,"layout_option":"standard","pric_use_as_fee":false,"process_fee_as":"woo_fee"},"layout_option":"standard"},"fields":[[{"active":true,"col":6,"relations":false,"cl_rule":"show","enableCl":false,"price":"","enablePrice":false,"className":"","label_position":"default","desc_position":"default","type":"content","required":false,"elementId":"content_8291538701","label":"","name":"content_8291538701","contentType":"rich","value":"<p><a href=\"https:\/\/api.whatsapp.com\/send\/?phone=34629670312&amp;text&amp;type=phone_number&amp;app_absent=0\" target=\"_blank\"><strong>Contact us on WhatsApp<\/strong><\/a><strong> to get a personalized price for this activity\/excursion\/rental.<\/strong><\/p>","error":false,"subtype":"div","gt_translate_keys":["label","value"],"price_dependency":false,"cl_dependency":false}]]},"sec_16644ac1d03e64":{"extra":{"key":"sec_16644ac1d03e64","section_id":"sec_16644ac1d03e64","name":"Default","status":1,"cl_rule":"show","enableCl":false,"relations":[],"toggle":true,"title_tag":"h3","show_title":false,"showPrice":"default","form_id":11506,"form_rules":{"exclude_from_discount":true,"fee_label":"Fee","disp_hide_options_price":true,"disp_show_section_price":false,"disp_show_field_price":true,"layout_option":"standard","pric_use_as_fee":false,"process_fee_as":"woo_fee"},"layout_option":"standard"},"fields":[]}},"config":{"price_override":"","enable_recaptcha":false,"bind_quantity":false,"quantity_bind_formula":false,"disp_summ_show_option_price":true,"disp_summ_show_product_price":true,"disp_summ_show_total_price":true,"disp_summ_show_fee":true,"disp_summ_show_discount":true,"summary_title":"","options_total_label":"Options Price","total_label":"Total","options_product_label":"Product Price","fee_label":"Fee","discount_label":"Discount","has_price":true,"has_quantity_formula":false},"mc_unit":1,"tax_rate":1,"tax_rate_real":1,"discount":{"percentage":0,"fixed":0},"design":{"conf":{"LabelPosition":"above","DescPosition":"above","UploadField":"custom_1","QuantityFieldStyle":"custom_1"},"css":{"LeftLabelWidth":"120px"}},"formulas":[],"lookuptables":[],"clones":false,"cartKey":false}},"_links":{"self":[{"href":"https:\/\/canaryvip.com\/es\/wp-json\/wp\/v2\/product\/10186","targetHints":{"allow":["GET"]}}],"collection":[{"href":"https:\/\/canaryvip.com\/es\/wp-json\/wp\/v2\/product"}],"about":[{"href":"https:\/\/canaryvip.com\/es\/wp-json\/wp\/v2\/types\/product"}],"replies":[{"embeddable":true,"href":"https:\/\/canaryvip.com\/es\/wp-json\/wp\/v2\/comments?post=10186"}],"wp:featuredmedia":[{"embeddable":true,"href":"https:\/\/canaryvip.com\/es\/wp-json\/wp\/v2\/media\/10916"}],"wp:attachment":[{"href":"https:\/\/canaryvip.com\/es\/wp-json\/wp\/v2\/media?parent=10186"}],"wp:term":[{"taxonomy":"product_brand","embeddable":true,"href":"https:\/\/canaryvip.com\/es\/wp-json\/wp\/v2\/product_brand?post=10186"},{"taxonomy":"product_cat","embeddable":true,"href":"https:\/\/canaryvip.com\/es\/wp-json\/wp\/v2\/product_cat?post=10186"},{"taxonomy":"product_tag","embeddable":true,"href":"https:\/\/canaryvip.com\/es\/wp-json\/wp\/v2\/product_tag?post=10186"}],"curies":[{"name":"wp","href":"https:\/\/api.w.org\/{rel}","templated":true}]}}