{"id":10109,"date":"2024-02-25T19:09:18","date_gmt":"2024-02-25T19:09:18","guid":{"rendered":"https:\/\/canaryvip.com\/?post_type=product&#038;p=10109"},"modified":"2025-11-25T16:28:10","modified_gmt":"2025-11-25T16:28:10","slug":"gulliver-private-yacht-charter-tenerife","status":"publish","type":"product","link":"https:\/\/canaryvip.com\/es\/shop\/gulliver-private-yacht-charter-tenerife\/","title":{"rendered":"Gulliver: Alquiler de yates Tenerife"},"content":{"rendered":"<h2><strong>\ud83d\udee5\ufe0f Yate Gulliver = Momentos inolvidables<\/strong><\/h2>\n<p>Ad\u00e9ntrese en un mundo de delicias mar\u00edtimas con el Gulliver Yacht, el yate familiar por excelencia de Tenerife, dise\u00f1ado para ofrecer una mezcla perfecta de emoci\u00f3n, ocio y experiencias memorables. Esta joya de 20 metros prepara el escenario para una aventura mar\u00edtima sin igual, perfecta para familias y grupos que buscan un trozo exclusivo del para\u00edso oce\u00e1nico.<\/p>\n<h3>\u2b50\ufe0f <strong>Alegr\u00eda y confort sin l\u00edmites a bordo<\/strong><\/h3>\n<p><span style=\"text-decoration: underline;\"><strong>Descubra las excepcionales caracter\u00edsticas del Gulliver:<\/strong><\/span><\/p>\n<ul>\n<li>Una espaciosa cubierta dise\u00f1ada para disfrutar al m\u00e1ximo en familia.<\/li>\n<li>Acogedoras tumbonas para tomar el sol c\u00f3modamente.<\/li>\n<li>Refrescantes juguetes acu\u00e1ticos que incluyen un tobog\u00e1n hinchable, tablas de paddle y patinetes subacu\u00e1ticos para todas las edades.<\/li>\n<li>Suntuosas opciones gastron\u00f3micas que satisfacen diversas necesidades diet\u00e9ticas, incluidas opciones sin gluten.<\/li>\n<li>Refrescos ilimitados: refrescos, vino, cerveza, sangr\u00eda y cava para elevar su viaje por mar.<\/li>\n<\/ul>\n<h4>\ud83d\udea4 <strong>Emb\u00e1rcate en un viaje de descubrimiento<\/strong><\/h4>\n<p>Su aventura comienza en <a href=\"https:\/\/www.google.com\/maps\/place\/Puerto+Col%C3%B3n\/@28.078002,-16.7394902,17z\/data=!3m2!4b1!5s0xc6a97433884bdf9:0x76d293b7b99db23a!4m6!3m5!1s0xc6a9743509c9ebf:0xd62345524f768247!8m2!3d28.078002!4d-16.7369153!16s%2Fg%2F11c6cqryw_?entry=ttu\" target=\"_blank\" rel=\"noopener\">Puerto Col\u00f3n<\/a>en el coraz\u00f3n de la vibrante vida marina de Costa Adeje, donde el Gulliver le espera para llevarle en un viaje \u00edntimo limitado a 12 invitados. Esto garantiza una experiencia personal y exclusiva, tanto si navega durante unas horas como si se embarca en una gran exploraci\u00f3n.<\/p>\n<h4>\ud83c\udf0a <strong>Participe en actividades mar\u00edtimas sin parang\u00f3n<\/strong><\/h4>\n<p>En cuanto suba a bordo del Gulliver, la aventura le llamar\u00e1. Las fascinantes aguas de Tenerife se convierten en su patio de recreo, ofreci\u00e9ndole oportunidades ilimitadas de diversi\u00f3n y descubrimiento. Sum\u00e9rjase en el refrescante abrazo del mar, cabalgue las olas en una tabla de paddle surf o explore el mundo submarino con nuestro equipo de snorkel de alta gama. Cada actividad est\u00e1 dise\u00f1ada para que su aventura mar\u00edtima sea realmente inolvidable, invit\u00e1ndole a crear recuerdos que durar\u00e1n toda la vida.<\/p>\n<h4>\ud83d\udc2c <strong>Elegancia elevada a un precio excepcional<\/strong><\/h4>\n<p>CanaryVIP eleva el <a href=\"https:\/\/canaryvip.com\/es\/tenerife\/boat-hire-tenerife\/?swcfpc=1\">alquiler de yates<\/a> con el Gulliver, que combina el lujo opulento con una relaci\u00f3n calidad-precio inmejorable. Descubra una aventura en la que la asequibilidad se une a la sofisticaci\u00f3n, con tarifas competitivas que incluyen todas las comodidades y servicios necesarios para un viaje por mar extraordinario.<\/p>\n<h3>\ud83d\udd52 <strong>Elija su aventura: Desde charters de un d\u00eda hasta estancias prolongadas<\/strong><\/h3>\n<ul>\n<li><b>Carta de 3,5 horas: <\/b>\u00bfBusca una forma f\u00e1cil y divertida de disfrutar del oc\u00e9ano? Este charter privado de 3,5 horas es perfecto para familias o grupos que quieran una introducci\u00f3n relajada a la impresionante costa de Tenerife. Nade, practique snorkel y disfrute de la brisa marina mientras aprovecha al m\u00e1ximo nuestro tobog\u00e1n acu\u00e1tico a bordo, \u00a1uno de los favoritos de ni\u00f1os y adultos!<\/li>\n<li><b>Carta de 5 horas: <\/b><span style=\"font-weight: 400;\">\u00bfNecesita m\u00e1s tiempo para explorar? El ch\u00e1rter de 5 horas le ofrece el equilibrio perfecto entre aventura y relax. Navegar\u00e1 por la costa, fondear\u00e1 en bah\u00edas escondidas y disfrutar\u00e1 nadando, buceando y tomando el sol. Por supuesto, el tobog\u00e1n acu\u00e1tico est\u00e1 siempre listo para un poco de diversi\u00f3n extra en el agua. Ideal para los que quieren tomarse las cosas a su ritmo.<\/span><\/li>\n<li><b>Charter de 7 horas - Viaje a Los Gigantes: <\/b><span style=\"font-weight: 400;\">Para pasar un d\u00eda inolvidable en el mar, nuestro ch\u00e1rter de 7 horas le llevar\u00e1 hasta los espectaculares acantilados de Los Gigantes, una de las maravillas naturales m\u00e1s emblem\u00e1ticas de Tenerife. Por el camino, tendr\u00e1 tiempo de sobra para nadar, bucear y disfrutar de cada rinc\u00f3n de este impresionante viaje. El tobog\u00e1n acu\u00e1tico a bordo a\u00f1ade un toque l\u00fadico, por lo que es un \u00e9xito para grupos, familias o parejas que buscan experimentar Tenerife desde una perspectiva totalmente nueva.<\/span><\/li>\n<\/ul>\n<h3>\u2705 <strong>Todo lo que necesita para un d\u00eda perfecto en el mar<\/strong><\/h3>\n<ul>\n<li>Bocados gourmet gratuitos y bebidas ilimitadas para todas las edades.<\/li>\n<li>Una tripulaci\u00f3n experimentada y multiling\u00fce dispuesta a satisfacer todas sus necesidades, incluidos una camarera y un capit\u00e1n dedicados.<\/li>\n<li>Equipo completo de snorkel para aventuras submarinas.<\/li>\n<li>Tratamiento VIP con c\u00f3modos asientos y amplio espacio para todos los invitados.<\/li>\n<\/ul>\n<h3>\ud83d\udccd <strong>Embarcarse en Puerto Col\u00f3n: Su puerta a la aventura<\/strong><\/h3>\n<p>Situado en la puerta 3 en el bullicioso coraz\u00f3n de Costa Adeje, Puerto Col\u00f3n sirve como punto de partida perfecto para su experiencia Gulliver Yacht. Llegue solo 15 minutos antes de la salida programada para garantizar un comienzo sin problemas de su aventura, con un c\u00f3modo aparcamiento disponible en el puerto para facilitar el acceso.<\/p>\n<h4>\ud83d\udcdc <strong>Reservas sin esfuerzo y pol\u00edticas claras para su tranquilidad<\/strong><\/h4>\n<p>Embarcarse en una aventura con Gulliver Yacht est\u00e1 dise\u00f1ado para que sea lo m\u00e1s fluido posible, desde el momento en que reserva hasta que sube a bordo. CanaryVIP da prioridad a su comodidad y seguridad, asegur\u00e1ndose de que cada aspecto de su viaje est\u00e9 cubierto con claridad y cuidado.<\/p>\n<ul>\n<li><strong>Garant\u00eda Meteorol\u00f3gica<\/strong>: Vigilamos los mares para que la navegaci\u00f3n sea tranquila. En caso de condiciones desfavorables, elija entre una reprogramaci\u00f3n o un reembolso completo, garantizando ante todo su seguridad y satisfacci\u00f3n.<\/li>\n<li><strong>Cancelaci\u00f3n flexible<\/strong>: Los planes cambian, y lo entendemos. Cancele hasta 5 d\u00edas antes de su viaje para un reembolso completo. Si avisa con menos de 5 d\u00edas de antelaci\u00f3n o no se presenta, lamentablemente no se reembolsar\u00e1 el importe abonado. Tenga en cuenta que los gastos de tramitaci\u00f3n del pago, equivalentes al 3% del pago total, no son reembolsables en ning\u00fan caso.<\/li>\n<li><strong>Entradas de f\u00e1cil acceso<\/strong>: Tenga su tarjeta de embarque a mano en su tel\u00e9fono o impresa para mayor comodidad. Nuestros billetes digitales te garantizan que estar\u00e1s listo para zarpar sin complicaciones.<\/li>\n<li><strong>Atenci\u00f3n integral<\/strong>: Si no se encuentra bien o decide terminar su viaje antes de tiempo, nuestro equipo est\u00e1 a su disposici\u00f3n, aunque no se reembolsar\u00e1n los gastos en estos casos.<\/li>\n<li><strong>Flexibilidad de pago<\/strong>: Elija el m\u00e9todo de pago que m\u00e1s le convenga.<\/li>\n<\/ul>\n<p><strong>\ud83c\udf0a\ud83c\udf1f\ud83d\udee5\ufe0f Reserve hoy mismo su experiencia en el yate Gulliver con CanaryVIP y abra la puerta a momentos inolvidables en el mar.<\/strong><\/p>","protected":false},"excerpt":{"rendered":"<p><strong>\ud83d\udd0d Gulliver Charter:<\/strong><br \/>\n\u2705 Pago seguro.<br \/>\n\ud83d\udd10 Tours privados disponibles.<br \/>\n<span>\ud83d\udc65 Tours compartidos disponibles.<\/span><br \/>\n\ud83d\udee5\ufe0f 20m Yate Confort.<br \/>\n\u23f3 Visitas diarias de 3-9h.<br \/>\n\ud83d\udd59 Horarios de salida personalizables.<br \/>\n\ud83c\udf74 Comidas y bebidas incluidas.<br \/>\n\ud83d\udc65 Hasta 12 invitados.<br \/>\n\ud83e\udd29 Hinchables divertidos.<br \/>\n\ud83d\udef6 Kayaks incluidos.<br \/>\n\ud83d\udeb2 Bicicletas de agua de mar.<br \/>\n\ud83d\udedd Tobog\u00e1n acu\u00e1tico definitivo.<br \/>\n\ud83c\udfc4\u200d\u2640\ufe0f Tablas de p\u00e1del incluidas.<br \/>\n\ud83e\udd3f Se proporciona equipo de snorkel.<br \/>\n\ud83d\udd0a Reproduce tu m\u00fasica.<br \/>\n\ud83e\udd11 Mejor precio garantizado.<br \/>\n\ud83d\udc6a Descuentos activados.<br \/>\n\ud83d\udd01 Hasta 5 d\u00edas de cancelaci\u00f3n.<br \/>\n\ud83c\udf0d Tripulaci\u00f3n multiling\u00fce.<br \/>\n\ud83c\udf1f \u00a1Reserva pronto y ahorra!<br \/>\n\ud83d\udccd Salida de\u00a0<a href=\"https:\/\/maps.app.goo.gl\/ocJuu7A8R1JWjPbS9\">Puerto Col\u00f3n<\/a>.<\/p>","protected":false},"featured_media":10114,"comment_status":"open","ping_status":"closed","template":"","meta":{"_acf_changed":false},"product_brand":[],"product_cat":[47],"product_tag":[],"class_list":{"0":"post-10109","1":"product","2":"type-product","3":"status-publish","4":"has-post-thumbnail","6":"product_cat-boat-hire-tenerife","7":"wcpa_has_options","9":"first","10":"instock","11":"sale","12":"virtual","13":"purchasable","14":"product-type-simple"},"acf":[],"wcpa_form_fields":{"wcpaData":{"product":{"product_price":895,"price_html":"From&nbsp;<del aria-hidden=\"true\"><span class=\"woocommerce-Price-amount amount\"><bdi>950,00&nbsp;<span class=\"woocommerce-Price-currencySymbol\">&euro;<\/span><\/bdi><\/span><\/del> <span class=\"screen-reader-text\">El precio original era: 950,00&nbsp;&euro;.<\/span><ins aria-hidden=\"true\"><span class=\"woocommerce-Price-amount amount\"><bdi>895,00&nbsp;<span class=\"woocommerce-Price-currencySymbol\">&euro;<\/span><\/bdi><\/span><\/ins><span class=\"screen-reader-text\">El precio actual es: 895,00&nbsp;&euro;.<\/span>","original_product_price":950,"price_including_tax":895,"price_excluding_tax":895,"product_id":{"parent":10109,"variation":false},"is_variable":false,"stock_status":"instock","stock_quantity":null,"parent_sku":"CV10109","product_attributes":[],"custom_fields":[],"is_taxable":false,"product_name":"Gulliver: Yacht Hire Tenerife","hasImage":false},"fields":{"sec_96638f078b8951":{"extra":{"key":"sec_96638f078b8951","section_id":"sec_96638f078b8951","name":"Default","status":1,"cl_rule":"show","enableCl":false,"relations":[],"toggle":true,"title_tag":"h3","show_title":false,"showPrice":"default","form_id":11398,"form_rules":{"exclude_from_discount":true,"fee_label":"Fee","disp_hide_options_price":true,"disp_show_section_price":false,"disp_show_field_price":true,"layout_option":"standard","pric_use_as_fee":false,"process_fee_as":"woo_fee"},"layout_option":"standard"},"fields":[[{"label":"\ud83d\udcc5 Date","active":true,"required":true,"elementId":"date_106638f078b8973","picker_type":"custom","picker_mode":"single","placeholder":"","description":"","tooltip":"","name":"date_106638f078b8973","label_position":"default","desc_position":"default","enablePrice":false,"className":"","enableCl":false,"relations":[{"operator":"and","rules":[{"operator":"AND","rules":{"cl_field":"radio-group_565c78ffa81208","cl_relation":"is","cl_val":"3 Hour Trip"}}]}],"date_pic_inline":true,"date_pic_inline_hide":true,"min_date":{"type":"days","val":"1"},"max_date":{"type":"days","val":"365"},"date_pic_conf":{"disabledWeeks":[],"disabledDates":["2024-06-30","2024-07-25","2024-11-28 to 2024-12-04","2025-03-29"]},"price":"","cl_rule":"show","col":6,"type":"date","error":false,"enableDesign":false,"LabelColor":"","gt_translate_keys":["label","placeholder","description","tooltip"],"price_dependency":false,"cl_dependency":false,"value":""}],[{"elementId":"separator_66638f078b898d","separatorType":"blank","className":"","height":"3","enableCl":false,"relations":false,"cl_rule":"show","col":6,"type":"separator","error":false,"gt_translate_keys":[],"price_dependency":false,"cl_dependency":false,"value":""}],[{"active":true,"col":6,"relations":false,"cl_rule":"show","enableCl":false,"price":"","enablePrice":true,"className":"","label_position":"default","desc_position":"default","type":"select","required":true,"elementId":"select_96638f078b8998","label":"\u23f3 Trip Duration","name":"select_96638f078b8998","values":[{"label":"3.5 Hours (895\u20ac)","value":"3","selected":false,"tempId":"aco_556","price":"895","gt_translate_keys":["label"]},{"label":"5 Hours (1.200\u20ac)","value":"5","selected":false,"tempId":"aco_141","price":"1200","gt_translate_keys":["label"]},{"label":"7 Hours (1.750\u20ac)","value":"7","selected":false,"tempId":"aco_151","price":"1750","gt_translate_keys":["label"]}],"dropdown_type":"basic","error":false,"placeholder":"Select Trip Duration","priceOptions":"different_for_all","pricingType":"fixed","is_show_price":false,"gt_translate_keys":["label","placeholder"],"price_dependency":false,"cl_dependency":false,"value":""}],[{"active":true,"col":6,"relations":false,"cl_rule":"show","enableCl":false,"price":"","enablePrice":true,"className":"","label_position":"default","desc_position":"default","type":"select","required":false,"elementId":"select_0041641856","label":"\ud83d\udca6 Add jet-skis?","name":"select_0041641856","values":[{"label":"2 JetSkis for 1 Hour (500\u20ac)","value":"2 x JetSki for 1 Hour","selected":false,"tempId":"aco_2502","price":"500","gt_translate_keys":["label"]},{"label":"1 JetSki for 2 Hours (500\u20ac)","value":"1 x JetSki for 2 Hours","selected":false,"tempId":"aco_2503","price":"500","gt_translate_keys":["label"]},{"label":"2 JetSkis for 2 Hours (800\u20ac)","value":"2 x JetSki for 2 Hours","selected":false,"tempId":"aco_2927","price":"800","gt_translate_keys":["label"]}],"dropdown_type":"basic","error":false,"description":"Private JetSki tour from the boat with a JetSki instructor.","placeholder":"None","priceOptions":"different_for_all","pricingType":"fixed","is_show_price":false,"isWeightTemplate":false,"isTemplate":false,"min_quantity":"1","quantity_decimal":false,"quantity_step":"1","quantity_label":"Quantity","repeater_field_label":"{field_label}","repeater_bind":"","gt_translate_keys":["label","placeholder","description","repeater_field_label","quantity_label"],"price_dependency":false,"cl_dependency":false,"value":""}],[{"elementId":"separator_16638f078b89f1","separatorType":"blank","className":"","height":"1","enableCl":false,"relations":false,"cl_rule":"show","col":6,"type":"separator","error":false,"gt_translate_keys":[],"price_dependency":false,"cl_dependency":false,"value":""}],[{"active":true,"col":6,"relations":[{"operator":false,"rules":[{"operator":"AND","rules":{"cl_field":"radio-group_565c78ffa81208","cl_relation":"is","cl_val":"3 Hour Trip"}}]}],"cl_rule":"show","enableCl":false,"price":"","enablePrice":false,"className":"","label_position":"default","desc_position":"default","type":"select","required":false,"elementId":"select_76638f078b89d4","label":"\u23f0 Departure Time","name":"select_76638f078b89d4","values":[{"label":"10:00","value":"10:00","selected":false,"tempId":"aco_1472","gt_translate_keys":["label"]},{"label":"14:00 (2:00 PM)","value":"14:00","selected":false,"tempId":"aco_1728","gt_translate_keys":["label"]},{"label":"17:30 (5:30 PM)","value":"17:30","selected":false,"tempId":"aco_28","gt_translate_keys":["label"]}],"dropdown_type":"basic","error":false,"placeholder":"Whichever Time is Best","gt_translate_keys":["label","placeholder"],"price_dependency":false,"cl_dependency":false,"value":""}],[{"elementId":"separator-2954713577","separatorType":"blank","className":"","height":"1","enableCl":false,"relations":false,"cl_rule":"show","col":6,"type":"separator","gt_translate_keys":[],"price_dependency":false,"cl_dependency":false,"value":""}],[{"label":"\u2705 Number of People","active":true,"required":true,"elementId":"select_76638f078b89e7","dropdown_type":"basic","placeholder":"Select Number of People","name":"select_76638f078b89e7","label_position":"default","desc_position":"default","enablePrice":true,"className":"","enableCl":false,"relations":[{"operator":false,"rules":[{"operator":"AND","rules":{"cl_field":"radio-group_565c78ffa81208","cl_relation":"is","cl_val":"3 Hour Trip"}}]}],"values":[{"label":"1 person","value":"1","selected":false,"tempId":"aco_1471","gt_translate_keys":["label"]},{"label":"2 people","value":"2","selected":false,"tempId":"aco_1472","gt_translate_keys":["label"]},{"label":"3 people (+10\u20ac)","value":"3","selected":false,"tempId":"aco_1500","price":"10","gt_translate_keys":["label"]},{"label":"4 people (+20\u20ac)","value":"4","selected":false,"tempId":"aco_1510","price":"20","gt_translate_keys":["label"]},{"label":"5 people (+30\u20ac)","value":"5","selected":false,"tempId":"aco_1520","price":"30","gt_translate_keys":["label"]},{"label":"6 people (+40\u20ac)","value":"6","selected":false,"tempId":"aco_1728","price":"40","gt_translate_keys":["label"]},{"label":"7 people (+50\u20ac)","value":"7","selected":false,"tempId":"aco_1738","price":"50","gt_translate_keys":["label"]},{"label":"8 people (+60\u20ac)","value":"8","selected":false,"tempId":"aco_1748","price":"60","gt_translate_keys":["label"]},{"label":"9 people (+70\u20ac)","value":"9","selected":false,"tempId":"aco_1912","price":"70","gt_translate_keys":["label"]},{"label":"10 people (+80\u20ac)","value":"10","selected":false,"tempId":"aco_1922","price":"80","gt_translate_keys":["label"]},{"label":"11 People (+90\u20ac)","value":"11","selected":false,"tempId":"aco_19","price":"90","gt_translate_keys":["label"]},{"label":"12 People (+100\u20ac)","value":"12","selected":false,"tempId":"aco_29","price":"100","gt_translate_keys":["label"]}],"price":"","cl_rule":"show","col":6,"type":"select","error":false,"priceOptions":"different_for_all","pricingType":"fixed","gt_translate_keys":["label","placeholder"],"price_dependency":false,"cl_dependency":false,"value":""}],[{"elementId":"separator_26638f078b89de","separatorType":"blank","className":"","height":"1","enableCl":false,"relations":false,"cl_rule":"show","col":6,"type":"separator","gt_translate_keys":[],"price_dependency":false,"cl_dependency":false,"value":""}]]}},"config":{"price_override":"always","enable_recaptcha":false,"bind_quantity":false,"quantity_bind_formula":false,"disp_summ_show_option_price":true,"disp_summ_show_product_price":false,"disp_summ_show_total_price":true,"disp_summ_show_fee":true,"disp_summ_show_discount":true,"summary_title":"","options_total_label":"Options Price","total_label":"Total Amount","options_product_label":"Product Price","fee_label":"Fee","discount_label":"Discount","has_price":true,"has_quantity_formula":false},"mc_unit":1,"tax_rate":1,"tax_rate_real":1,"discount":{"percentage":0,"fixed":0},"design":{"conf":{"LabelPosition":"above","DescPosition":"above","UploadField":"custom_1","QuantityFieldStyle":"custom_1"},"css":{"LeftLabelWidth":"120px"}},"formulas":{"fmla_1708360988969136756":"(({field.select_56638eb5b235ae.value}>=3)?(1200):(({field.select_56638eb5b235ae.value}>=2)?(850):(({field.select_56638eb5b235ae.value}>=1)?(540):(0))))","fmla_1708364241278155361":"(({field.select_5841412719.value}>=8)?({field.select_5841412719.price}):(({field.select_5841412719.value}>=5)?({field.select_5841412719.price}):(({field.select_5841412719.value}>=3)?({field.select_5841412719.price}):(0))))"},"lookuptables":[],"clones":false,"cartKey":false}},"_links":{"self":[{"href":"https:\/\/canaryvip.com\/es\/wp-json\/wp\/v2\/product\/10109","targetHints":{"allow":["GET"]}}],"collection":[{"href":"https:\/\/canaryvip.com\/es\/wp-json\/wp\/v2\/product"}],"about":[{"href":"https:\/\/canaryvip.com\/es\/wp-json\/wp\/v2\/types\/product"}],"replies":[{"embeddable":true,"href":"https:\/\/canaryvip.com\/es\/wp-json\/wp\/v2\/comments?post=10109"}],"wp:featuredmedia":[{"embeddable":true,"href":"https:\/\/canaryvip.com\/es\/wp-json\/wp\/v2\/media\/10114"}],"wp:attachment":[{"href":"https:\/\/canaryvip.com\/es\/wp-json\/wp\/v2\/media?parent=10109"}],"wp:term":[{"taxonomy":"product_brand","embeddable":true,"href":"https:\/\/canaryvip.com\/es\/wp-json\/wp\/v2\/product_brand?post=10109"},{"taxonomy":"product_cat","embeddable":true,"href":"https:\/\/canaryvip.com\/es\/wp-json\/wp\/v2\/product_cat?post=10109"},{"taxonomy":"product_tag","embeddable":true,"href":"https:\/\/canaryvip.com\/es\/wp-json\/wp\/v2\/product_tag?post=10109"}],"curies":[{"name":"wp","href":"https:\/\/api.w.org\/{rel}","templated":true}]}}