{"id":8956,"date":"2024-01-16T17:06:23","date_gmt":"2024-01-16T17:06:23","guid":{"rendered":"https:\/\/canaryvip.com\/?page_id=8956"},"modified":"2026-03-07T10:37:58","modified_gmt":"2026-03-07T10:37:58","slug":"best-guaranteed-price-policy","status":"publish","type":"page","link":"https:\/\/canaryvip.com\/es\/best-guaranteed-price-policy\/","title":{"rendered":"La mejor pol\u00edtica de precios garantizados"},"content":{"rendered":"<section class=\"l-section wpb_row us_custom_4af741be height_auto\"><div class=\"l-section-h i-cf\"><div class=\"g-cols vc_row via_flex valign_top type_default stacking_default\"><div class=\"vc_col-sm-12 wpb_column vc_column_container\"><div class=\"vc_column-inner\"><div class=\"wpb_wrapper\"><div class=\"wpb_text_column\"><div class=\"wpb_wrapper\"><p>En <strong>CanaryVIP<\/strong>, Queremos que disfrute de lo mejor de Tenerife sin pagar de m\u00e1s. Nuestra garant\u00eda de igualaci\u00f3n de precios refleja nuestro compromiso de ofrecer los precios m\u00e1s competitivos del mercado.<\/p>\n<h2>1. C\u00f3mo funciona<\/h2>\n<p>Si encuentra la misma excursi\u00f3n o actividad a un precio inferior en otro sitio web, se lo igualaremos. El proceso es sencillo y se aplica tanto antes como despu\u00e9s de completar la reserva.<\/p>\n<h3>1.1 Requisitos<\/h3>\n<p>Para que una oferta competidora pueda optar a la igualaci\u00f3n de precios, deben cumplirse todas las condiciones siguientes:<\/p>\n<ul>\n<li>La oferta debe referirse exactamente al mismo producto o servicio disponible en CanaryVIP.<\/li>\n<li>Las fechas de la reserva deben ser id\u00e9nticas.<\/li>\n<li>La pol\u00edtica de cancelaci\u00f3n y las condiciones generales de ambas ofertas deben coincidir.<\/li>\n<\/ul>\n<h3>1.2 Lo que no cumple los requisitos<\/h3>\n<p>Hay situaciones espec\u00edficas en las que no se puede aplicar una igualaci\u00f3n de precios:<\/p>\n<ul>\n<li><strong>Detalles ocultos o condicionales:<\/strong> Si la oferta competidora retiene informaci\u00f3n clave sobre el producto o servicio hasta despu\u00e9s de que el cliente se haya comprometido a hacer una reserva.<\/li>\n<li><strong>Fidelizaci\u00f3n, recompensas o precios de referencia:<\/strong> Si el precio m\u00e1s bajo es el resultado de un programa de afiliaci\u00f3n, un sistema de recomendaci\u00f3n, un descuento basado en el inicio de sesi\u00f3n o cualquier mecanismo que modifique el precio mostrado p\u00fablicamente mediante acciones espec\u00edficas del usuario.<\/li>\n<\/ul>\n<h2>2. Solicitar una igualaci\u00f3n de precios antes de reservar<\/h2>\n<ol>\n<li><strong>Comparte la oferta competidora.<\/strong> Antes de hacer la reserva, env\u00edenos los datos de la oferta m\u00e1s barata. Incluya un enlace directo y aseg\u00farese de que la oferta permanece accesible p\u00fablicamente en l\u00ednea para que podamos verificarla.<\/li>\n<li><strong>Espere confirmaci\u00f3n.<\/strong> Nuestro equipo revisar\u00e1 la oferta competidora y confirmar\u00e1 si cumple los requisitos. Una vez aprobada la igualaci\u00f3n de precios, se lo notificaremos.<\/li>\n<li><strong>Complete su reserva.<\/strong> Tras recibir nuestra confirmaci\u00f3n, proceda a reservar la actividad en CanaryVIP al precio igualado.<\/li>\n<\/ol>\n<h2>3. Solicitar una igualaci\u00f3n de precio despu\u00e9s de reservar<\/h2>\n<ol>\n<li><strong>Busca un precio m\u00e1s bajo.<\/strong> Si encuentra un precio m\u00e1s barato por el mismo producto o servicio despu\u00e9s de haber reservado con nosotros, recoja los datos de esa oferta.<\/li>\n<li><strong>P\u00f3ngase en contacto.<\/strong> P\u00f3ngase en contacto con nuestro equipo de asistencia a trav\u00e9s de cualquiera de nuestros canales disponibles y comparta la informaci\u00f3n.<\/li>\n<li><strong>Proporcione lo que necesitamos verificar.<\/strong> Para tramitar una igualaci\u00f3n de precios posterior a la reserva, necesitaremos:\n<ul>\n<li>Un enlace directo a la oferta competidora.<\/li>\n<li>Confirmaci\u00f3n de que la oferta sigue viva y accesible al p\u00fablico para nuestra revisi\u00f3n.<\/li>\n<\/ul>\n<\/li>\n<\/ol>\n<p>&nbsp;<\/p>\n<p>Su satisfacci\u00f3n es lo primero. La garant\u00eda de igualaci\u00f3n de precios existe para que todos los clientes puedan reservar con total confianza, sabiendo que est\u00e1n obteniendo el mejor precio disponible para la experiencia elegida.<\/p>\n<p><strong>Reserve con CanaryVIP y disfrute de la experiencia VIP sin renunciar a la asequibilidad.<\/strong><\/p>\n<\/div><\/div><\/div><\/div><\/div><\/div><\/div><\/section>","protected":false},"excerpt":{"rendered":"At CanaryVIP, we want you to experience the best of Tenerife without ever overpaying. Our Price Match Guarantee reflects our commitment to offering the most competitive prices on the market. 1. How It Works If you find the same excursion or activity listed at a lower price on another website, we will match it. The...","protected":false},"author":1,"featured_media":0,"parent":0,"menu_order":0,"comment_status":"closed","ping_status":"closed","template":"","meta":{"_acf_changed":false,"footnotes":""},"class_list":["post-8956","page","type-page","status-publish","hentry"],"acf":[],"_links":{"self":[{"href":"https:\/\/canaryvip.com\/es\/wp-json\/wp\/v2\/pages\/8956","targetHints":{"allow":["GET"]}}],"collection":[{"href":"https:\/\/canaryvip.com\/es\/wp-json\/wp\/v2\/pages"}],"about":[{"href":"https:\/\/canaryvip.com\/es\/wp-json\/wp\/v2\/types\/page"}],"author":[{"embeddable":true,"href":"https:\/\/canaryvip.com\/es\/wp-json\/wp\/v2\/users\/1"}],"replies":[{"embeddable":true,"href":"https:\/\/canaryvip.com\/es\/wp-json\/wp\/v2\/comments?post=8956"}],"version-history":[{"count":8,"href":"https:\/\/canaryvip.com\/es\/wp-json\/wp\/v2\/pages\/8956\/revisions"}],"predecessor-version":[{"id":16862,"href":"https:\/\/canaryvip.com\/es\/wp-json\/wp\/v2\/pages\/8956\/revisions\/16862"}],"wp:attachment":[{"href":"https:\/\/canaryvip.com\/es\/wp-json\/wp\/v2\/media?parent=8956"}],"curies":[{"name":"wp","href":"https:\/\/api.w.org\/{rel}","templated":true}]}}