{"id":14018,"date":"2025-03-20T01:29:58","date_gmt":"2025-03-20T01:29:58","guid":{"rendered":"https:\/\/canaryvip.com\/?page_id=14018"},"modified":"2026-03-07T10:04:29","modified_gmt":"2026-03-07T10:04:29","slug":"cookie-policy","status":"publish","type":"page","link":"https:\/\/canaryvip.com\/es\/cookie-policy\/","title":{"rendered":"Pol\u00edtica de cookies"},"content":{"rendered":"<section class=\"l-section wpb_row us_custom_5cd26a65 height_auto\"><div class=\"l-section-h i-cf\"><div class=\"g-cols vc_row via_flex valign_top type_default stacking_default\"><div class=\"vc_col-sm-12 wpb_column vc_column_container\"><div class=\"vc_column-inner\"><div class=\"wpb_wrapper\"><div class=\"wpb_text_column\"><div class=\"wpb_wrapper\"><h2>1. Cobertura de la p\u00f3liza<\/h2>\n<p>Esta Pol\u00edtica de Cookies explica c\u00f3mo CanaryVIP.com utiliza las cookies y tecnolog\u00edas de seguimiento similares cuando usted visita nuestro sitio web. Al continuar navegando por nuestro sitio, usted acepta el uso de cookies tal y como se describe en este documento.<\/p>\n<p>Las cookies son peque\u00f1os archivos de texto que se colocan en su dispositivo cuando visita un sitio web. Sirven para varios fines: mejorar su experiencia de navegaci\u00f3n, analizar c\u00f3mo se utiliza el sitio y permitirnos ofrecer contenidos m\u00e1s pertinentes. Algunas cookies son estrictamente necesarias para que el sitio web funcione.<\/p>\n<hr \/>\n<h2>2. Tipos de cookies que utilizamos<\/h2>\n<h3>2.1 Cookies esenciales (estrictamente necesarias)<\/h3>\n<p>Estas cookies son indispensables para la funcionalidad b\u00e1sica de nuestro sitio web. Permiten funciones b\u00e1sicas como la navegaci\u00f3n por las p\u00e1ginas, el acceso a zonas seguras y el procesamiento de pagos. El sitio web no puede funcionar correctamente sin ellas y no es posible desactivarlas.<\/p>\n<h3>2.2 Cookies anal\u00edticas<\/h3>\n<p>Las cookies anal\u00edticas nos permiten comprender c\u00f3mo interact\u00faan los visitantes con nuestro sitio web. Nos ayudan a medir el rendimiento de los contenidos, identificar patrones de uso y mejorar la experiencia general del usuario. Utilizamos <strong>Google Analytics<\/strong> para este fin (<a href=\"https:\/\/policies.google.com\/privacy\" target=\"_blank\" rel=\"noopener\">Pol\u00edtica de privacidad de Google<\/a>).<\/p>\n<h3>2.3 Cookies de publicidad y marketing<\/h3>\n<p>Estas cookies se colocan para ofrecer anuncios que sean relevantes para sus intereses en funci\u00f3n de su actividad de navegaci\u00f3n. Trabajamos con plataformas publicitarias de terceros, entre las que se incluyen <strong>Anuncios Google<\/strong>, <strong>Meta (Facebook e Instagram)<\/strong>y <strong>Anuncios TikTok<\/strong> para ofrecer publicidad personalizada. Puede revisar las pr\u00e1cticas de datos de Meta en su <a href=\"https:\/\/www.facebook.com\/privacy\/policy\" target=\"_blank\" rel=\"noopener\">Pol\u00edtica de privacidad<\/a>.<\/p>\n<h3>2.4 Cookies de preferencias<\/h3>\n<p>Las cookies de preferencias recuerdan las elecciones que ha hecho en nuestro sitio, como su idioma, moneda, configuraci\u00f3n de ubicaci\u00f3n, m\u00e9todo de pago preferido o sesi\u00f3n de inicio de sesi\u00f3n activa. Nos permiten ofrecerle una experiencia m\u00e1s personalizada en sus pr\u00f3ximas visitas.<\/p>\n<hr \/>\n<h2>3. C\u00f3mo obtenemos su consentimiento<\/h2>\n<p>Cuando visita nuestro sitio web por primera vez, aparece un banner de cookies que le ofrece las siguientes opciones:<\/p>\n<ul>\n<li><strong>Aceptar todas las cookies<\/strong> para permitir toda la gama de funcionalidades y personalizaci\u00f3n.<\/li>\n<li><strong>Rechazar cookies no esenciales<\/strong> limitar el rastreo a lo estrictamente necesario.<\/li>\n<li><strong>Personaliza tus preferencias<\/strong> para elegir exactamente qu\u00e9 categor\u00edas de cookies permite.<\/li>\n<\/ul>\n<p>Puede cambiar sus preferencias de cookies en cualquier momento haciendo clic en el bot\u00f3n <strong>\u201cConfiguraci\u00f3n de cookies\u201d<\/strong> situado en el pie de p\u00e1gina de nuestro sitio web.<\/p>\n<hr \/>\n<h2>4. Gesti\u00f3n y eliminaci\u00f3n de cookies<\/h2>\n<p>La mayor\u00eda de los navegadores permiten controlar o bloquear las cookies a trav\u00e9s de su configuraci\u00f3n. A continuaci\u00f3n encontrar\u00e1 enlaces directos a las instrucciones de gesti\u00f3n de cookies para los navegadores m\u00e1s comunes:<\/p>\n<ul>\n<li><strong>Google Chrome:<\/strong> <a href=\"https:\/\/support.google.com\/accounts\/answer\/32050\" target=\"_blank\" rel=\"noopener\">Gestionar cookies<\/a><\/li>\n<li><strong>Mozilla Firefox:<\/strong> <a href=\"https:\/\/support.mozilla.org\/en-US\/kb\/enable-and-disable-cookies-website-preferences\" target=\"_blank\" rel=\"noopener\">Gestionar cookies<\/a><\/li>\n<li><strong>Safari:<\/strong> <a href=\"https:\/\/support.apple.com\/en-us\/HT201265\" target=\"_blank\" rel=\"noopener\">Gestionar cookies<\/a><\/li>\n<li><strong>Microsoft Edge:<\/strong> <a href=\"https:\/\/support.microsoft.com\/en-us\/help\/4027947\/microsoft-edge-delete-cookies\" target=\"_blank\" rel=\"noopener\">Gestionar cookies<\/a><\/li>\n<\/ul>\n<p>Si desea excluirse espec\u00edficamente del seguimiento de Google Analytics, puede hacerlo aqu\u00ed: <a href=\"https:\/\/tools.google.com\/dlpage\/gaoptout\" target=\"_blank\" rel=\"noopener\">Complemento de inhabilitaci\u00f3n para navegadores de Google Analytics<\/a>.<\/p>\n<hr \/>\n<h2>5. Cookies de terceros<\/h2>\n<p>Algunos servicios de terceros integrados en nuestro sitio web pueden colocar sus propias cookies en su dispositivo. Estos servicios incluyen:<\/p>\n<ul>\n<li><strong>Google Analytics<\/strong> (<a href=\"https:\/\/policies.google.com\/privacy\" target=\"_blank\" rel=\"noopener\">Pol\u00edtica de privacidad<\/a>)<\/li>\n<li><strong>Meta (anuncios en Facebook e Instagram)<\/strong> (<a href=\"https:\/\/www.facebook.com\/privacy\/policy\" target=\"_blank\" rel=\"noopener\">Pol\u00edtica de privacidad<\/a>)<\/li>\n<li><strong>Anuncios TikTok<\/strong> (<a href=\"https:\/\/www.tiktok.com\/legal\/privacy-policy\" target=\"_blank\" rel=\"noopener\">Pol\u00edtica de privacidad<\/a>)<\/li>\n<\/ul>\n<p>Cada una de estas empresas procesa los datos conforme a su propia pol\u00edtica de privacidad. CanaryVIP no controla la forma en que estos terceros tratan los datos recogidos a trav\u00e9s de sus cookies.<\/p>\n<hr \/>\n<h2>6. Actualizaciones de esta pol\u00edtica<\/h2>\n<p>CanaryVIP puede revisar esta Pol\u00edtica de Cookies de vez en cuando. Cualquier actualizaci\u00f3n se publicar\u00e1 en esta p\u00e1gina. Recomendamos revisar esta pol\u00edtica peri\u00f3dicamente para mantenerse informado sobre c\u00f3mo utilizamos las cookies.<\/p>\n<hr \/>\n<h2>7. Contacto<\/h2>\n<p>Si tiene alguna pregunta sobre esta Pol\u00edtica de Cookies o sobre c\u00f3mo se utilizan las cookies en nuestro sitio web, puede ponerse en contacto con nosotros en:<\/p>\n<p>\ud83d\udce7 <strong>Correo electr\u00f3nico:<\/strong> <a href=\"mailto:info@canaryvip.com\">info@canaryvip.com<\/a><\/p>\n<\/div><\/div><\/div><\/div><\/div><\/div><\/div><\/section>","protected":false},"excerpt":{"rendered":"1. What This Policy Covers This Cookie Policy explains how CanaryVIP.com uses cookies and similar tracking technologies when you visit our website. By continuing to browse our site, you agree to the use of cookies as described in this document. Cookies are small text files that are placed on your device when you visit a...","protected":false},"author":1,"featured_media":0,"parent":0,"menu_order":0,"comment_status":"closed","ping_status":"closed","template":"","meta":{"_acf_changed":false,"footnotes":""},"class_list":["post-14018","page","type-page","status-publish","hentry"],"acf":[],"_links":{"self":[{"href":"https:\/\/canaryvip.com\/es\/wp-json\/wp\/v2\/pages\/14018","targetHints":{"allow":["GET"]}}],"collection":[{"href":"https:\/\/canaryvip.com\/es\/wp-json\/wp\/v2\/pages"}],"about":[{"href":"https:\/\/canaryvip.com\/es\/wp-json\/wp\/v2\/types\/page"}],"author":[{"embeddable":true,"href":"https:\/\/canaryvip.com\/es\/wp-json\/wp\/v2\/users\/1"}],"replies":[{"embeddable":true,"href":"https:\/\/canaryvip.com\/es\/wp-json\/wp\/v2\/comments?post=14018"}],"version-history":[{"count":4,"href":"https:\/\/canaryvip.com\/es\/wp-json\/wp\/v2\/pages\/14018\/revisions"}],"predecessor-version":[{"id":16858,"href":"https:\/\/canaryvip.com\/es\/wp-json\/wp\/v2\/pages\/14018\/revisions\/16858"}],"wp:attachment":[{"href":"https:\/\/canaryvip.com\/es\/wp-json\/wp\/v2\/media?parent=14018"}],"curies":[{"name":"wp","href":"https:\/\/api.w.org\/{rel}","templated":true}]}}