{"id":13824,"date":"2025-02-24T13:59:27","date_gmt":"2025-02-24T13:59:27","guid":{"rendered":"https:\/\/canaryvip.com\/?page_id=13824"},"modified":"2025-02-24T15:06:00","modified_gmt":"2025-02-24T15:06:00","slug":"about-us","status":"publish","type":"page","link":"https:\/\/canaryvip.com\/es\/about-us\/","title":{"rendered":"Qui\u00e9nes somos"},"content":{"rendered":"<section class=\"l-section wpb_row height_medium width_custom\" style=\"--site-content-width:700px;\"><div class=\"l-section-h i-cf\"><div class=\"g-cols vc_row via_flex valign_top type_default stacking_default\"><div class=\"vc_col-sm-12 wpb_column vc_column_container\"><div class=\"vc_column-inner\"><div class=\"wpb_wrapper\"><h1 class=\"w-text\"><span class=\"w-text-h\"><span class=\"w-text-value\">Sobre nosotros - CanaryVIP<\/span><\/span><\/h1><h2 class=\"w-text us_custom_fe162ea1\"><span class=\"w-text-h\"><span class=\"w-text-value\">Qui\u00e9nes somos<\/span><\/span><\/h2><div class=\"wpb_text_column\"><div class=\"wpb_wrapper\"><p>CanaryVIP es una plataforma online dedicada a ofrecer las mejores actividades y excursiones en las Islas Canarias. Como parte de Tu Nido Tenerife, una de las mejores agencias inmobiliarias de Tenerife con m\u00e1s de 20 a\u00f1os de experiencia en el sector inmobiliario y la construcci\u00f3n de propiedades, llevamos ofreciendo experiencias inolvidables en las Islas Canarias desde 2010.<\/p>\n<\/div><\/div><\/div><\/div><\/div><div class=\"vc_col-sm-12 wpb_column vc_column_container\"><div class=\"vc_column-inner\"><div class=\"wpb_wrapper\"><h2 class=\"w-text us_custom_9d8033b1\"><span class=\"w-text-h\"><span class=\"w-text-value\">Nuestro viaje<\/span><\/span><\/h2><div class=\"wpb_text_column\"><div class=\"wpb_wrapper\"><p data-pm-slice=\"1 1 &#091;&#093;\"><span>Nuestra empresa se dedica a la construcci\u00f3n en Tenerife desde 2003, construyendo una s\u00f3lida base en el sector inmobiliario. En 2010, ampliamos nuestros servicios bajo el nombre de Tu Nido Tenerife, operando desde una oficina en Playa Fa\u00f1ab\u00e9. A medida que nuestro negocio crec\u00eda, nos trasladamos a Plaza Fa\u00f1ab\u00e9 y m\u00e1s tarde nos expandimos con una segunda oficina en Vista Sur. Hoy en d\u00eda, nuestra nueva sede se encuentra en Madro\u00f1al de Fa\u00f1ab\u00e9, donde operan tanto Tu Nido Tenerife como CanaryVIP, continuando con la prestaci\u00f3n de servicios de primer nivel a nuestros clientes.<\/span><\/p>\n<\/div><\/div><\/div><\/div><\/div><div class=\"vc_col-sm-12 wpb_column vc_column_container\"><div class=\"vc_column-inner\"><div class=\"wpb_wrapper\"><div class=\"w-image us_custom_af6a9b6a align_none\"><div class=\"w-image-h\"><img decoding=\"async\" width=\"1024\" height=\"683\" src=\"https:\/\/canaryvip.com\/wp-content\/uploads\/2025\/02\/TuNido-Office_Web-1.webp\" class=\"attachment-large size-large\" alt=\"Oficina\" loading=\"lazy\" srcset=\"https:\/\/canaryvip.com\/wp-content\/uploads\/2025\/02\/TuNido-Office_Web-1.webp 1024w, https:\/\/canaryvip.com\/wp-content\/uploads\/2025\/02\/TuNido-Office_Web-1-300x200.webp 300w, https:\/\/canaryvip.com\/wp-content\/uploads\/2025\/02\/TuNido-Office_Web-1-18x12.webp 18w, https:\/\/canaryvip.com\/wp-content\/uploads\/2025\/02\/TuNido-Office_Web-1-600x400.webp 600w\" sizes=\"auto, (max-width: 1024px) 100vw, 1024px\" title=\"\"><\/div><\/div><h2 class=\"w-text us_custom_9d8033b1\"><span class=\"w-text-h\"><span class=\"w-text-value\">El nacimiento de CanaryVIP<\/span><\/span><\/h2><div class=\"wpb_text_column\"><div class=\"wpb_wrapper\"><p data-pm-slice=\"1 1 &#091;&#093;\"><span>En 2024, tomamos la decisi\u00f3n estrat\u00e9gica de separar nuestro negocio de actividades y excursiones de Tu Nido Tenerife, dando origen a CanaryVIP como marca independiente dedicada exclusivamente a experiencias tur\u00edsticas en las Islas Canarias. Aunque Tu Nido Tenerife sigue siendo un nombre bien establecido en el <a href=\"https:\/\/www.tunidotenerife.com\/en\/inmobiliaria-tenerife\/\" target=\"_blank\" rel=\"noopener\">inmobiliaria Tenerife<\/a> sector, <strong>CanaryVIP<\/strong> se ha convertido r\u00e1pidamente en una marca l\u00edder en Internet, facilitando m\u00e1s que nunca a los visitantes la reserva de incre\u00edbles actividades, excursiones y aventuras por las islas.<\/span><\/p>\n<\/div><\/div><div class=\"w-html us_custom_af6a9b6a\"><iframe src=\"https:\/\/www.google.com\/maps\/embed?pb=!1m18!1m12!1m3!1d5215.387122659485!2d-16.72642792321668!3d28.09472697596261!2m3!1f0!2f0!3f0!3m2!1i1024!2i768!4f13.1!3m3!1m2!1s0xc6a996288a2335b%3A0x6e5358268b00a79!2sCanaryVIP%20-%20Tours%20and%20Excursions!5e1!3m2!1sen!2ses!4v1740406697434!5m2!1sen!2ses\" width=\"700\" height=\"300\" style=\"border:0;\" allowfullscreen=\"\" loading=\"lazy\" referrerpolicy=\"no-referrer-when-downgrade\"><\/iframe><\/div><\/div><\/div><\/div><div class=\"vc_col-sm-12 wpb_column vc_column_container\"><div class=\"vc_column-inner\"><div class=\"wpb_wrapper\"><h2 class=\"w-text us_custom_9d8033b1\"><span class=\"w-text-h\"><span class=\"w-text-value\">Nuestra misi\u00f3n<\/span><\/span><\/h2><div class=\"wpb_text_column\"><div class=\"wpb_wrapper\"><p data-pm-slice=\"1 1 &#091;&#093;\"><span>En CanaryVIP, nos apasiona ofrecer experiencias \u00fanicas y de alta calidad que muestren lo mejor de las Islas Canarias. Tanto si busca excursiones en barco, deportes acu\u00e1ticos, aventuras de senderismo o exclusivas excursiones privadas, le garantizamos un viaje inolvidable adaptado a sus necesidades.<\/span><\/p>\n<\/div><\/div><div class=\"w-separator size_medium\"><\/div><\/div><\/div><\/div><\/div><\/div><\/section>","protected":false},"excerpt":{"rendered":"Sobre nosotros - CanaryVIPQui\u00e9nes somosCanaryVIP es una plataforma online dedicada a ofrecer las mejores actividades y excursiones en las Islas Canarias. Como parte de Tu Nido Tenerife, una de las mejores agencias inmobiliarias de Tenerife con m\u00e1s de 20 a\u00f1os de experiencia en el sector inmobiliario y...","protected":false},"author":1,"featured_media":0,"parent":0,"menu_order":0,"comment_status":"closed","ping_status":"closed","template":"","meta":{"_acf_changed":false,"footnotes":""},"class_list":["post-13824","page","type-page","status-publish","hentry"],"acf":[],"_links":{"self":[{"href":"https:\/\/canaryvip.com\/es\/wp-json\/wp\/v2\/pages\/13824","targetHints":{"allow":["GET"]}}],"collection":[{"href":"https:\/\/canaryvip.com\/es\/wp-json\/wp\/v2\/pages"}],"about":[{"href":"https:\/\/canaryvip.com\/es\/wp-json\/wp\/v2\/types\/page"}],"author":[{"embeddable":true,"href":"https:\/\/canaryvip.com\/es\/wp-json\/wp\/v2\/users\/1"}],"replies":[{"embeddable":true,"href":"https:\/\/canaryvip.com\/es\/wp-json\/wp\/v2\/comments?post=13824"}],"version-history":[{"count":5,"href":"https:\/\/canaryvip.com\/es\/wp-json\/wp\/v2\/pages\/13824\/revisions"}],"predecessor-version":[{"id":13832,"href":"https:\/\/canaryvip.com\/es\/wp-json\/wp\/v2\/pages\/13824\/revisions\/13832"}],"wp:attachment":[{"href":"https:\/\/canaryvip.com\/es\/wp-json\/wp\/v2\/media?parent=13824"}],"curies":[{"name":"wp","href":"https:\/\/api.w.org\/{rel}","templated":true}]}}