{"id":9834,"date":"2024-02-15T22:11:39","date_gmt":"2024-02-15T22:11:39","guid":{"rendered":"https:\/\/canaryvip.com\/?post_type=product&#038;p=9834"},"modified":"2025-08-09T12:53:55","modified_gmt":"2025-08-09T11:53:55","slug":"forestal-park-tenerife","status":"publish","type":"product","link":"https:\/\/canaryvip.com\/de\/shop\/forestal-park-tenerife\/","title":{"rendered":"Forestal Park Teneriffa"},"content":{"rendered":"<h2><strong>\ud83c\udf32 Forestal Park Teneriffa: Tauchen Sie ein in den Spielplatz der Natur!<\/strong><\/h2>\n<p>Begeben Sie sich auf ein Abenteuer wie kein anderes bei <strong>Forestal Park Teneriffa,<\/strong> wo der Nervenkitzel der freien Natur auf die ruhige Sch\u00f6nheit der hundertj\u00e4hrigen Kiefernw\u00e4lder trifft. Erleben Sie den Nervenkitzel beim Navigieren durch den gr\u00f6\u00dften Seilbahn- und Abenteuerpark der Kanarischen Inseln. Mit \u00fcber 90 einzigartigen Herausforderungen in gro\u00dfer H\u00f6he, darunter H\u00e4ngebr\u00fccken, Netze, Lianen und atemberaubende Seilrutschen, wird Ihr Abenteuergeist in neue H\u00f6hen aufsteigen.<\/p>\n<h3><strong>\ud83c\udfa2 Warum unser Abenteuer w\u00e4hlen?<\/strong><\/h3>\n<ul>\n<li><strong>Garantierter Spa\u00df:<\/strong> Sichern Sie sich Ihren Platz, indem Sie im Voraus buchen und vermeiden Sie die Entt\u00e4uschung, dass der Park voll ist.<\/li>\n<li><strong>Exklusive Rabatte:<\/strong> Genie\u00dfen Sie exklusive Rabatte bei der Buchung Ihres n\u00e4chsten Abenteuers mit uns!<\/li>\n<li><strong>Flexible Pl\u00e4ne:<\/strong> Sie \u00e4ndern Ihre Pl\u00e4ne? Unsere nachsichtigen Stornierungsbedingungen helfen Ihnen dabei.<\/li>\n<li><strong>Insider-Tipps:<\/strong> Profitieren Sie von unseren Erfahrungen aus erster Hand und unseren Empfehlungen f\u00fcr das beste Abenteuer.<\/li>\n<\/ul>\n<h3><strong>\ud83d\udc65 Teambuilding und Gruppenerlebnisse<\/strong><\/h3>\n<p>F\u00f6rdern Sie die Kameradschaft und kn\u00fcpfen Sie dauerhafte Verbindungen in jeder Gruppe durch unsere vielf\u00e4ltigen Teambuilding-Abenteuer. <strong>Forestal Park Teneriffa<\/strong> bietet eine unverwechselbare Kulisse, die den Teamgeist zwischen <strong>Unternehmensgruppen,<\/strong>\u00a0besondere Momente zu feiern mit <strong>Freunde,<\/strong>\u00a0Markierung von Meilensteinen wie <strong>Geburtstage,<\/strong>\u00a0oder bringen <strong>gro\u00dfe Familientreffen<\/strong> n\u00e4her zusammenr\u00fccken.<\/p>\n<p>n\u00e4her zusammen. Unsere sorgf\u00e4ltig ausgearbeiteten Herausforderungen sind nicht nur unterhaltsam, sondern f\u00f6rdern auch die Teamarbeit, die Kommunikation und ein gemeinsames Gef\u00fchl des Triumphs und der Einheit \u00fcber alle Arten von Gruppen hinweg. Ganz gleich, ob Sie Firmenteams st\u00e4rken, unvergessliche Geburtstagserinnerungen schaffen, Freunde zu Abenteuern vereinen oder Gro\u00dffamilien zu einem Tag voller Spa\u00df zusammenbringen m\u00f6chten - unser Park sorgt f\u00fcr ein integratives, ansprechendes und unvergessliches Erlebnis f\u00fcr alle.<\/p>\n<h3><strong>\ud83d\udee0\ufe0f Bereiten Sie sich auf Ihr Abenteuer vor<\/strong><\/h3>\n<ul>\n<li><strong>Im Voraus buchen:<\/strong> Sichern Sie sich Ihren Eintritt durch eine fr\u00fchzeitige Buchung.<\/li>\n<li><strong>Tipps f\u00fcr die Ankunft<\/strong>: In La Esperanza gelegen, raten wir unseren G\u00e4sten, die in Teneriffa S\u00fcd wohnen, ihren Besuch im Voraus genau zu planen, da die Fahrt mit dem Auto mindestens 1 Stunde dauert. Bitte ber\u00fccksichtigen Sie m\u00f6gliche Versp\u00e4tungen aufgrund der \u00f6rtlichen Radfahrer und der Stra\u00dfenverh\u00e4ltnisse in den Bergen, um eine reibungslose und rechtzeitige Ankunft zu gew\u00e4hrleisten.<\/li>\n<li><strong>Kleid Rechts:<\/strong> Tragen Sie angemessene Kleidung f\u00fcr einen aktiven Tag im Freien.<\/li>\n<li><strong>Vorbesichtigung:<\/strong> Checken Sie 30 Minuten vor Ihrer Buchung ein, um sich mit den Einrichtungen des Parks vertraut zu machen.<\/li>\n<\/ul>\n<h3><strong>\ud83c\udf33 An jeder Ecke wartet ein Abenteuer<\/strong><\/h3>\n<ul>\n<li><strong>Vielf\u00e4ltige Herausforderungen:<\/strong> Von ruhigen Spazierg\u00e4ngen bis hin zu extremem Nervenkitzel bietet unser Park alles, was das Herz eines Abenteurers begehrt.<\/li>\n<li><strong>St\u00e4ndige Sicherheit:<\/strong> Unser professionelles Team sorgt daf\u00fcr, dass Sie jederzeit eine sichere Verbindung haben und sich keine Sorgen machen m\u00fcssen.<\/li>\n<li><strong>Mehr zu erforschen:<\/strong> Entdecken Sie die Vielzahl an Abenteuern, die Teneriffa jenseits der Baumkronen zu bieten hat.<\/li>\n<\/ul>\n<h3><strong>\ud83c\udfde\ufe0f Merkmale unseres Outdoor-Parks<\/strong><\/h3>\n<ul>\n<li><strong>Exquisite Natur:<\/strong> Tauchen Sie ein in die \u00fcppige Artenvielfalt der W\u00e4lder Teneriffas.<\/li>\n<li><strong>Aktivit\u00e4ten f\u00fcr alle:<\/strong> Genie\u00dfen Sie eine Vielzahl von Herausforderungen in den Baumwipfeln, die f\u00fcr jedes Alter und jeden Kenntnisstand geeignet sind.<\/li>\n<li><strong>Beratung durch Experten:<\/strong> Unsere qualifizierten Ausbilder sorgen f\u00fcr ein lustiges und sicheres Abenteuer f\u00fcr alle.<\/li>\n<li><strong>Umweltbewusst:<\/strong> Unser Engagement f\u00fcr Nachhaltigkeit bedeutet, die Natur zu genie\u00dfen, ohne ihr zu schaden.<\/li>\n<li><strong>Annehmlichkeiten:<\/strong> Tanken Sie in unserem Caf\u00e9 auf und nutzen Sie unsere sauberen Einrichtungen f\u00fcr einen angenehmen Tagesausflug.<\/li>\n<\/ul>\n<h3><strong>\ud83d\udcc5 Planen Sie Ihren Besuch<\/strong><\/h3>\n<ul>\n<li><strong>Stunden des Abenteuers:<\/strong> T\u00e4glich von 10:00 bis 18:00 Uhr ge\u00f6ffnet. Bitte kommen Sie bis 16:30 Uhr, um den letzten Eintritt zu erhalten.<\/li>\n<li><strong>Einfach online buchen:<\/strong> Umgehen Sie die Warteschlangen, indem Sie Ihre Tickets online buchen. Informieren Sie sich \u00fcber Sondertarife und Rabatte!<\/li>\n<\/ul>\n<h3><strong>\ud83d\udee1\ufe0f Sorgenfrei buchen<\/strong><\/h3>\n<ul>\n<li><strong>Sofortige Best\u00e4tigung:<\/strong> Sie erhalten eine Best\u00e4tigungs-E-Mail mit Ihren Buchungsdaten und einer eindeutigen Referenznummer.<\/li>\n<li><strong>Sonderangebote:<\/strong> Bei allen Buchungen erhalten Sie einen Sonderrabatt f\u00fcr Ihr n\u00e4chstes Abenteuer sowie Gruppenrabatte.<\/li>\n<li><strong>Engagement f\u00fcr die Sicherheit:<\/strong> Die Einhaltung unserer Sicherheitsrichtlinien ist f\u00fcr einen unterhaltsamen und sicheren Besuch unerl\u00e4sslich.<\/li>\n<li><strong>R\u00fccksichtsvolle Stornierung:<\/strong> Flexible Stornierungsbedingungen, die kostenlose \u00c4nderungen bis zu 48 Stunden vor der Buchung erm\u00f6glichen. Bei Stornierungen innerhalb von 48 Stunden wird eine Geb\u00fchr von 50% erhoben, und bei Nichterscheinen ist keine R\u00fcckerstattung m\u00f6glich.<\/li>\n<\/ul>\n<h4><strong>\ud83c\udf04 Bereit f\u00fcr das ultimative Outdoor-Abenteuer?<\/strong><\/h4>\n<p>Begleiten Sie uns auf eine Reise durch die Baumkronen und entdecken Sie die nat\u00fcrliche Sch\u00f6nheit Teneriffas von oben. Buchen Sie jetzt Ihr Abenteuer und tauchen Sie ein in eine Welt voller Spannung und Entdeckungen! \ud83c\udf32\ud83c\udfde\ufe0f<\/p>","protected":false},"excerpt":{"rendered":"<p>\ud83d\udd0d <strong>Forestal Park Teneriffa<\/strong>:<br \/>\n\u2705 Sichere Bezahlung.<br \/>\n\ud83c\udf32 Gr\u00f6\u00dfter Seilbahn- und Abenteuerpark.<br \/>\n\ud83d\udc64 Aktivit\u00e4ten f\u00fcr alle Altersgruppen.<br \/>\n\ud83d\udd56 Ge\u00f6ffnet von 10:00 bis 18:00 Uhr.<br \/>\n\ud83d\udcc5 Fr, Sa &amp; So.<br \/>\n\ud83d\ude97 Parkpl\u00e4tze f\u00fcr Besucher verf\u00fcgbar.<br \/>\n\ud83e\udd7e Mitgelieferte Sicherheitsausr\u00fcstung.<br \/>\n\ud83e\udd11 Bester Preis garantiert.<br \/>\n\ud83d\udc68\u200d\ud83d\udc69\u200d\ud83d\udc67\u200d\ud83d\udc66 Gruppen- und Familienerm\u00e4\u00dfigungen.<br \/>\n\ud83c\udf10 Mehrsprachiges Personal.<br \/>\n\ud83c\udf32 Voranmeldung empfohlen.<br \/>\n\ud83d\udccd Gefunden in <a href=\"https:\/\/maps.app.goo.gl\/JbRxgrnnevPucnau9\">La Esperanza, Teneriffa<\/a>.<\/p>","protected":false},"featured_media":9837,"comment_status":"open","ping_status":"closed","template":"","meta":{"_acf_changed":false},"product_brand":[],"product_cat":[82],"product_tag":[],"class_list":{"0":"post-9834","1":"product","2":"type-product","3":"status-publish","4":"has-post-thumbnail","6":"product_cat-fun-activities","7":"wcpa_has_options","9":"first","10":"instock","11":"virtual","12":"purchasable","13":"product-type-simple"},"acf":[],"wcpa_form_fields":{"wcpaData":{"product":{"product_price":26,"price_html":"From&nbsp;<span class=\"woocommerce-Price-amount amount\"><bdi>26,00&nbsp;<span class=\"woocommerce-Price-currencySymbol\">&euro;<\/span><\/bdi><\/span>","original_product_price":26,"price_including_tax":26,"price_excluding_tax":26,"product_id":{"parent":9834,"variation":false},"is_variable":false,"stock_status":"instock","stock_quantity":null,"parent_sku":"CV9834","product_attributes":[],"custom_fields":[],"is_taxable":false,"product_name":"Forestal Park Tenerife","hasImage":false},"fields":{"sec_465e50fd642ff4":{"extra":{"key":"sec_465e50fd642ff4","section_id":"sec_465e50fd642ff4","name":"Default","status":1,"cl_rule":"show","enableCl":false,"relations":[],"toggle":true,"title_tag":"h3","show_title":false,"showPrice":"default","form_id":10220,"form_rules":{"exclude_from_discount":true,"fee_label":"Fee","disp_hide_options_price":true,"disp_show_section_price":false,"disp_show_field_price":true,"layout_option":"standard","pric_use_as_fee":false,"process_fee_as":"woo_fee"},"layout_option":"standard"},"fields":[[{"label":"\ud83d\udcc5 Date","active":true,"required":true,"elementId":"date_365e50fd643030","picker_type":"custom","picker_mode":"single","placeholder":"","description":"","tooltip":"","name":"date_365e50fd643030","label_position":"default","desc_position":"default","enablePrice":false,"className":"","enableCl":false,"relations":[{"operator":"and","rules":[{"operator":"AND","rules":{"cl_field":"radio-group_365e50fd643015","cl_relation":"is","cl_val":"3 Hour Trip"}}]}],"date_pic_inline":true,"date_pic_inline_hide":true,"min_date":{"type":"days","val":"2"},"max_date":{"type":"days","val":"365"},"date_pic_conf":{"disabledWeeks":[1,2,3,4]},"price":"","cl_rule":"show","col":6,"type":"date","error":false,"enableDesign":false,"LabelColor":"","gt_translate_keys":["label","placeholder","description","tooltip"],"price_dependency":false,"cl_dependency":false,"value":""}],[{"active":true,"col":6,"relations":[{"operator":false,"rules":[{"operator":"AND","rules":{"cl_field":"","cl_relation":"","cl_val":""}}]}],"cl_rule":"show","enableCl":false,"price":"","enablePrice":false,"className":"","label_position":"default","desc_position":"default","type":"radio-group","required":true,"elementId":"radio-group_365e50fd643015","label":"\ud83c\udf1f Type of Ticket","name":"radio-group_365e50fd643015","values":[{"label":"Regular Tickets (26\u20ac)","value":"Regular Tickets","selected":false,"tempId":"aco_28","description":"Regular Admission Tickets.","gt_translate_keys":["label","description"]},{"label":"Resident Tickets (22\u20ac)","value":"Resident Tickets","selected":false,"tempId":"aco_30","description":"Regular Tickets for Canary Island Residents. You must present a valid document as proof of residency.","gt_translate_keys":["label","description"]}],"layOut":"","error":false,"checkUi":"toggle","enableDesign":false,"scrollBar":false,"description":"","other":false,"options_description":true,"show_selected_option":false,"gt_translate_keys":["label","description"],"price_dependency":false,"cl_dependency":[false,false],"value":""}]]},"sec_665e50fd643017":{"extra":{"key":"sec_665e50fd643017","section_id":"sec_665e50fd643017","name":"Regular Tickets","status":1,"cl_rule":"show","enableCl":true,"relations":[{"operator":false,"rules":[{"operator":"AND","rules":{"cl_field":"radio-group_365e50fd643015","cl_relation":"is","cl_val":"Regular Tickets"}}]}],"toggle":true,"title_tag":"h4","show_title":false,"showPrice":"default","form_id":10220,"form_rules":{"exclude_from_discount":true,"fee_label":"Fee","disp_hide_options_price":true,"disp_show_section_price":false,"disp_show_field_price":true,"layout_option":"standard","pric_use_as_fee":false,"process_fee_as":"woo_fee"},"layout_option":"standard"},"fields":[[{"elementId":"separator_1065e50fd64303b","separatorType":"blank","className":"","height":"10","enableCl":false,"relations":false,"cl_rule":"show","col":6,"type":"separator","gt_translate_keys":[],"price_dependency":false,"cl_dependency":false,"value":""}],[{"active":true,"col":6,"relations":false,"cl_rule":"show","enableCl":false,"price":"","enablePrice":false,"className":"","label_position":"default","desc_position":"default","type":"content","required":false,"elementId":"content_565e50fd643045","label":"People","name":"content_565e50fd643045","contentType":"plain","value":"","error":false,"show_in_checkout":true,"inline":false,"gt_translate_keys":["label","value"],"price_dependency":false,"cl_dependency":false}],[{"active":true,"col":6,"relations":[{"operator":false,"rules":[{"operator":"AND","rules":{"cl_field":"","cl_relation":"","cl_val":""}}]}],"cl_rule":"show","enableCl":true,"price":"26","enablePrice":true,"className":"","label_position":"default","desc_position":"default","type":"radio-group","required":false,"elementId":"radio-group_565e50fd643051","label":"","name":"radio-group_565e50fd643051","values":[{"label":"\ud83d\udc64 Adult (26\u20ac)","value":"Adult (26<\u20ac)","selected":true,"tempId":"aco_32","tooltip":"+13 Years","description":"","gt_translate_keys":["label","tooltip","description"]}],"layOut":"","error":false,"checkUi":"button","priceOptions":"fixed_for_all","pricingType":"fixed","enable_quantity":true,"quantity_label":"","min_quantity":"0","options_tooltip":true,"options_description":true,"gt_translate_keys":["label","quantity_label"],"price_dependency":false,"cl_dependency":false,"value":""}],[{"label":"","active":true,"required":false,"elementId":"radio-group_965e50fd64305c","name":"radio-group_965e50fd64305c","label_position":"default","desc_position":"default","enablePrice":true,"className":"","enableCl":false,"relations":false,"enable_quantity":true,"quantity_label":"","min_quantity":"0","checkUi":"button","layOut":"","values":[{"label":"\ud83d\udc66 Child (21\u20ac)","value":"Child (21\u20ac)","selected":true,"tempId":"aco_32","tooltip":"5-12 Years","description":"","gt_translate_keys":["label","tooltip","description"]}],"priceOptions":"fixed_for_all","pricingType":"fixed","price":"21","cl_rule":"show","col":6,"type":"radio-group","error":false,"options_tooltip":true,"options_description":true,"gt_translate_keys":["label","quantity_label"],"price_dependency":false,"cl_dependency":false,"value":""}]]},"sec_965e50fd6430a4":{"extra":{"key":"sec_965e50fd6430a4","section_id":"sec_965e50fd6430a4","name":"Resident Tickets","status":1,"cl_rule":"show","enableCl":true,"relations":[{"operator":false,"rules":[{"operator":"AND","rules":{"cl_field":"radio-group_365e50fd643015","cl_relation":"is","cl_val":"Resident Tickets"}}]}],"toggle":true,"title_tag":"h4","show_title":false,"showPrice":"default","form_id":10220,"form_rules":{"exclude_from_discount":true,"fee_label":"Fee","disp_hide_options_price":true,"disp_show_section_price":false,"disp_show_field_price":true,"layout_option":"standard","pric_use_as_fee":false,"process_fee_as":"woo_fee"},"layout_option":"standard"},"fields":[[{"elementId":"separator_465e50fd6430c1","separatorType":"blank","className":"","height":"10","enableCl":false,"relations":false,"cl_rule":"show","col":6,"type":"separator","gt_translate_keys":[],"price_dependency":false,"cl_dependency":false,"value":""}],[{"contentType":"plain","active":true,"label":"People","elementId":"content_865e50fd6430cb","value":"","inline":false,"show_in_checkout":true,"name":"content_865e50fd6430cb","enablePrice":false,"className":"","enableCl":false,"relations":false,"price":"","cl_rule":"show","col":6,"type":"content","gt_translate_keys":["label","value"],"price_dependency":false,"cl_dependency":false}],[{"label":"","active":true,"required":false,"elementId":"radio-group_665e50fd6430d6","name":"radio-group_665e50fd6430d6","label_position":"default","desc_position":"default","enablePrice":true,"className":"","enableCl":true,"relations":[{"operator":false,"rules":[{"operator":"AND","rules":{"cl_field":"","cl_relation":"","cl_val":""}}]}],"enable_quantity":true,"quantity_label":"","min_quantity":"0","checkUi":"button","layOut":"","options_tooltip":true,"values":[{"label":"\ud83d\udc64 Adult (22\u20ac)","value":"Adult (22\u20ac)","selected":true,"tempId":"aco_32","tooltip":"+13 Years","gt_translate_keys":["label","tooltip"]}],"priceOptions":"fixed_for_all","pricingType":"fixed","price":"22","cl_rule":"show","col":6,"type":"radio-group","error":false,"gt_translate_keys":["label","quantity_label"],"price_dependency":false,"cl_dependency":false,"value":""}],[{"label":"","active":true,"required":false,"elementId":"radio-group_465e50fd6430e0","name":"radio-group_465e50fd6430e0","label_position":"default","desc_position":"default","enablePrice":true,"className":"","enableCl":false,"relations":false,"enable_quantity":true,"quantity_label":"","min_quantity":"0","checkUi":"button","layOut":"","options_tooltip":true,"values":[{"label":"\ud83d\udc66 Child (15\u20ac)","value":"Children (15\u20ac)","selected":true,"tempId":"aco_32","tooltip":"5-12 Years","gt_translate_keys":["label","tooltip"]}],"priceOptions":"fixed_for_all","pricingType":"fixed","price":"15","cl_rule":"show","col":6,"type":"radio-group","error":false,"gt_translate_keys":["label","quantity_label"],"price_dependency":false,"cl_dependency":false,"value":""}]]}},"config":{"price_override":"always","enable_recaptcha":false,"bind_quantity":false,"quantity_bind_formula":false,"disp_summ_show_option_price":true,"disp_summ_show_product_price":false,"disp_summ_show_total_price":true,"disp_summ_show_fee":true,"disp_summ_show_discount":true,"summary_title":"","options_total_label":"Options Price","total_label":"Total Amount","options_product_label":"Product Price","fee_label":"Fee","discount_label":"Discount","has_price":true,"has_quantity_formula":false},"mc_unit":1,"tax_rate":1,"tax_rate_real":1,"discount":{"percentage":0,"fixed":0},"design":{"conf":{"LabelPosition":"above","DescPosition":"above","UploadField":"custom_1","QuantityFieldStyle":"custom_1"},"css":{"LeftLabelWidth":"120px"}},"formulas":[],"lookuptables":[],"clones":false,"cartKey":false}},"_links":{"self":[{"href":"https:\/\/canaryvip.com\/de\/wp-json\/wp\/v2\/product\/9834","targetHints":{"allow":["GET"]}}],"collection":[{"href":"https:\/\/canaryvip.com\/de\/wp-json\/wp\/v2\/product"}],"about":[{"href":"https:\/\/canaryvip.com\/de\/wp-json\/wp\/v2\/types\/product"}],"replies":[{"embeddable":true,"href":"https:\/\/canaryvip.com\/de\/wp-json\/wp\/v2\/comments?post=9834"}],"wp:featuredmedia":[{"embeddable":true,"href":"https:\/\/canaryvip.com\/de\/wp-json\/wp\/v2\/media\/9837"}],"wp:attachment":[{"href":"https:\/\/canaryvip.com\/de\/wp-json\/wp\/v2\/media?parent=9834"}],"wp:term":[{"taxonomy":"product_brand","embeddable":true,"href":"https:\/\/canaryvip.com\/de\/wp-json\/wp\/v2\/product_brand?post=9834"},{"taxonomy":"product_cat","embeddable":true,"href":"https:\/\/canaryvip.com\/de\/wp-json\/wp\/v2\/product_cat?post=9834"},{"taxonomy":"product_tag","embeddable":true,"href":"https:\/\/canaryvip.com\/de\/wp-json\/wp\/v2\/product_tag?post=9834"}],"curies":[{"name":"wp","href":"https:\/\/api.w.org\/{rel}","templated":true}]}}