{"id":9623,"date":"2024-02-11T01:34:38","date_gmt":"2024-02-11T01:34:38","guid":{"rendered":"https:\/\/canaryvip.com\/?post_type=product&#038;p=9623"},"modified":"2025-08-09T12:57:36","modified_gmt":"2025-08-09T11:57:36","slug":"tenerife-island-guided-bus-tour","status":"publish","type":"product","link":"https:\/\/canaryvip.com\/de\/shop\/tenerife-island-guided-bus-tour\/","title":{"rendered":"Teneriffa Inselrundfahrt: Gef\u00fchrte Busreise"},"content":{"rendered":"<h2>\ud83d\ude8c <strong>Gef\u00fchrte Bustour auf der Insel Teneriffa<\/strong><\/h2>\n<p>Entdecken Sie das Herz von Teneriffa mit <strong>CanaryVIP<\/strong> auf einer ganzt\u00e4gigen gef\u00fchrten Bustour, die die gesamte Insel umspannt. Von der ehrfurchtgebietenden <a href=\"https:\/\/www.google.com\/maps\/place\/Acantilados+de+Los+Gigantes,+Santa+Cruz+de+Tenerife\/@28.244027,-16.8456497,15z\/data=!3m1!4b1!4m6!3m5!1s0xc6a8c153fdc6811:0xa0340f674cf6610!8m2!3d28.2408828!4d-16.8377834!16s%2Fm%2F026dqlb?entry=ttu\" target=\"_blank\" rel=\"noopener\">Los Gigantes-Klippen<\/a> zu den historischen Stra\u00dfen von <a href=\"https:\/\/www.google.com\/maps\/place\/La+Orotava,+Santa+Cruz+de+Tenerife\/@28.3929248,-16.5287568,15z\/data=!3m1!4b1!4m6!3m5!1s0xc402aae32ddf575:0x27206a076b427988!8m2!3d28.3892926!4d-16.525264!16zL20vMDdrcmx5?entry=ttu\" target=\"_blank\" rel=\"noopener\">La Orotava<\/a>Diese Reise verspricht ein reichhaltiges Bild der vielf\u00e4ltigen Landschaften und kulturellen Sch\u00e4tze Teneriffas.<\/p>\n<h3><strong>H\u00f6hepunkte der Tour: Eine inselweite Erkundung<\/strong><\/h3>\n<ul>\n<li>\ud83c\udf04 <strong>Los Gigantes-Klippen<\/strong>: Beginnen Sie Ihr Abenteuer mit einem Besuch der atemberaubenden Los-Gigantes-Klippen, wo die Natur in ihrer ganzen Pracht zu sehen ist.<\/li>\n<li>\ud83d\udc40 <strong>Mirador de Garachico<\/strong>: Weiter geht es zum Mirador de Garachico, der einen atemberaubenden Ausblick auf die Sch\u00f6nheit der Nordk\u00fcste Teneriffas bietet.<\/li>\n<li>\ud83c\udf33 <strong>Icod de los Vinos<\/strong>: Erkunden Sie Icod de los Vinos und bestaunen Sie den tausendj\u00e4hrigen Drachenbaum, ein geschichtstr\u00e4chtiges Naturdenkmal.<\/li>\n<li>\ud83c\udfd8\ufe0f <strong>La Orotava<\/strong>: Tauchen Sie ein in den Charme von La Orotava und besuchen Sie die ber\u00fchmte Casa de los Balcones, ein Symbol der kanarischen Architektur und Tradition.<\/li>\n<li>\ud83d\udecd\ufe0f <strong>Puerto de la Cruz<\/strong>: Genie\u00dfen Sie die Freizeit in Puerto de la Cruz zum Einkaufen, Sightseeing und Mittagessen (Essen nicht im Ausflug enthalten).<\/li>\n<li>\ud83d\ude4f <strong>Candelaria<\/strong>: Ein letzter Halt in Candelaria zu Ehren der Schutzpatronin der Kanarischen Inseln rundet den Tag der Erkundung und Entdeckung ab.<\/li>\n<\/ul>\n<h3><strong>Ihre Reise mit CanaryVIP umfasst:<\/strong><\/h3>\n<ul>\n<li>\ud83d\ude8c A <strong>komfortable und landschaftlich reizvolle Busfahrt<\/strong> auf Teneriffa, um eine Reise zu gew\u00e4hrleisten, die so angenehm ist wie die Reiseziele selbst.<\/li>\n<li>\ud83c\udfe8 <strong>Bequemer Abhol- und Bringservice<\/strong> in Ihrem Hotel, f\u00fcr ein stressfreies Reiseerlebnis von Anfang bis Ende.<\/li>\n<li>\ud83d\udde3\ufe0f <strong>Engagierte F\u00fchrung durch mehrsprachige Reiseleiter<\/strong>und bereichern Ihr Erlebnis mit faszinierenden Einblicken in jeden Ort.<\/li>\n<li>\ud83d\udd52 An <strong>ca. 8-st\u00fcndige Tour<\/strong>die darauf ausgerichtet sind, die atemberaubenden Landschaften und das kulturelle Erbe Teneriffas optimal zu erkunden.<\/li>\n<li>\ud83d\udcf8 Unz\u00e4hlige <strong>Fototermine<\/strong> durch abwechslungsreiches Terrain und sorgen f\u00fcr Erinnerungen, die ein Leben lang halten.<\/li>\n<li>\ud83d\udcb0 Das CanaryVIP-Versprechen der <strong>bester Preis<\/strong>sowie eine flexible Stornierungspolitik f\u00fcr Ihren Komfort.<\/li>\n<\/ul>\n<h3><strong>Wesentliche Details der Tour:<\/strong><\/h3>\n<ul>\n<li>\ud83c\udf9f\ufe0f Bewahren Sie Ihr CanaryVIP-Ticket in digitaler oder gedruckter Form auf, um eine nahtlose Tour zu erm\u00f6glichen.<\/li>\n<li>\ud83e\udde5 Ziehen Sie sich bequem an und denken Sie an mehrere Schichten, da Sie auf der Insel verschiedene Klimazonen antreffen werden.<\/li>\n<li>\ud83c\udf7d\ufe0f Machen Sie eine Mittagspause in Puerto de la Cruz, wo Sie aus einer Vielzahl von Restaurants w\u00e4hlen k\u00f6nnen. (Das Mittagessen ist nicht im Preis inbegriffen)<\/li>\n<li>\ud83d\udccc Die Abholzeiten und -orte werden nach der Buchung best\u00e4tigt. Vergewissern Sie sich, dass Ihre Unterkunftsdaten korrekt sind, damit die Reiseplanung reibungslos verl\u00e4uft.<\/li>\n<\/ul>\n<h3><strong>Stornierungsbedingungen:<\/strong><\/h3>\n<ul>\n<li>\ud83d\udd04 <strong>Anpassbare Annullierung f\u00fcr Einzelpersonen:<\/strong> Unsere Richtlinien tragen den Unw\u00e4gbarkeiten des Lebens Rechnung, indem sie Stornierungen bis zu 24 Stunden vor der geplanten Tour bei vollst\u00e4ndiger R\u00fcckerstattung erm\u00f6glichen. Diese Flexibilit\u00e4t stellt sicher, dass Sie Ihre Reiseroute bei Bedarf ohne Probleme \u00e4ndern k\u00f6nnen.<\/li>\n<li>\ud83d\udd52 <strong>Optionen f\u00fcr Gruppenstornierungen:<\/strong> F\u00fcr Gruppenreisen bieten wir ma\u00dfgeschneiderte Stornierungsbedingungen. Kleine Gruppen von 5-7 Personen k\u00f6nnen bis zu 48 Stunden vor der Tour ohne Geb\u00fchren stornieren. Mittlere Gruppen von 8-14 Personen k\u00f6nnen bis zu 4 Tage vor der Tour stornieren und erhalten eine volle R\u00fcckerstattung, w\u00e4hrend gr\u00f6\u00dfere Gruppen von 15 oder mehr Personen mindestens 6 Tage im Voraus stornieren m\u00fcssen, um Stornogeb\u00fchren zu vermeiden. Diese Richtlinien sollen die Planung f\u00fcr Gruppen aller Gr\u00f6\u00dfenordnungen erleichtern.<\/li>\n<li>\ud83d\udca1 <strong>M\u00fcheloses Stornierungsverfahren:<\/strong> Die Stornierung Ihrer Reise, ob allein oder mit einer Gruppe, ist ganz einfach. Kontaktieren Sie uns einfach \u00fcber unsere Website, per E-Mail oder rufen Sie uns an. Wir sorgen f\u00fcr eine schnelle R\u00fcckerstattung und somit f\u00fcr eine reibungslose und sorgenfreie Stornierung.<\/li>\n<li>\ud83d\udd0d <strong>\u00dcberpr\u00fcfung der Buchung:<\/strong> Es ist ratsam, Ihre Buchungsdaten rechtzeitig vor dem Reisetermin zu \u00fcberpr\u00fcfen. Auf diese Weise k\u00f6nnen notwendige \u00c4nderungen oder Stornierungen innerhalb der angegebenen Fristen vorgenommen werden, um m\u00f6gliche Geb\u00fchren zu vermeiden.<\/li>\n<\/ul>\n<h4><strong>Unterst\u00fctzung und Verantwortung auf der Reise:<\/strong><\/h4>\n<ul>\n<li>\u2714\ufe0f CanaryVIP ist bestrebt, eine unvergessliche und nahtlose Reiseerfahrung zu gew\u00e4hrleisten, von der Buchung bis zur Erkundung.<\/li>\n<li>\ud83d\udde3\ufe0f <strong>Direkte Kommunikation:<\/strong> Unsere Reiseleiter stehen Ihnen w\u00e4hrend der Tour f\u00fcr alle Fragen und Bed\u00fcrfnisse zur Verf\u00fcgung.<\/li>\n<li>\ud83d\udcb0 <strong>Transparente Erstattungspolitik:<\/strong> Bei uns steht der Kunde im Mittelpunkt, und wir l\u00f6sen alle Probleme schnell und fair.<\/li>\n<\/ul>\n<h4><strong>\ud83d\ude8c\ud83c\udf04\ud83c\udfdb\ufe0f Buchen Sie jetzt Ihr inselweites Abenteuer!<\/strong><\/h4>\n<p>Nutzen Sie die einmalige Gelegenheit, mit CanaryVIP die gro\u00dfe Sch\u00f6nheit und die reiche Kultur Teneriffas zu entdecken. Reservieren Sie Ihren Platz auf der Insel Teneriffa <a href=\"https:\/\/canaryvip.com\/de\/tenerife\/guided-tours\/bus-tours\/\">Gef\u00fchrte Bustour<\/a> und begeben Sie sich auf eine unvergessliche Reise zu den ber\u00fchmtesten Sehensw\u00fcrdigkeiten und versteckten Juwelen der Insel.<\/p>\n<p>Ihr Abenteuer wartet auf Sie!<\/p>","protected":false},"excerpt":{"rendered":"<p><strong>\ud83d\udd0d Teneriffa Inselrundfahrt:<\/strong><br \/>\n\u2705 Sichere Bezahlung.<br \/>\n\u26f0\ufe0f Besuchen Sie die Klippe von Los Gigantes.<br \/>\n\ud83d\udc09 Erforsche den Drachenbaum von Icod.<br \/>\n\ud83d\udca6 Entdecken Sie Garachico.<br \/>\n\ud83d\udee4\ufe0f Besuchen Sie La Orotava.<br \/>\n\ud83d\udecd\ufe0f Genie\u00dfen Sie Puerto de la Cruz.<br \/>\n\u26ea\ufe0f Besuchen Sie Candelaria.<br \/>\n\ud83d\udcc5 Dienstags und samstags.<br \/>\n\u23f0 Dauer Etwa 8 Stunden.<br \/>\n\ud83d\ude8c Abholung und R\u00fcckgabe im Hotel.<br \/>\n\ud83d\udd04 24 Stunden kostenlose Stornierung.<br \/>\n\ud83e\udd11 Bester Preis garantiert.<br \/>\n\ud83c\udf81 Gruppenerm\u00e4\u00dfigungen verf\u00fcgbar.<br \/>\n\ud83c\udf0d Leitfaden in Ihrer Sprache.<br \/>\n\ud83c\udf1f Jetzt buchen und sparen!<\/p>","protected":false},"featured_media":9624,"comment_status":"open","ping_status":"closed","template":"","meta":{"_acf_changed":false},"product_brand":[],"product_cat":[52,68],"product_tag":[],"class_list":{"0":"post-9623","1":"product","2":"type-product","3":"status-publish","4":"has-post-thumbnail","6":"product_cat-bus-tours","7":"product_cat-guided-tours","8":"wcpa_has_options","10":"first","11":"instock","12":"virtual","13":"purchasable","14":"product-type-simple"},"acf":[],"wcpa_form_fields":{"wcpaData":{"product":{"product_price":48,"price_html":"From&nbsp;<span class=\"woocommerce-Price-amount amount\"><bdi>48,00&nbsp;<span class=\"woocommerce-Price-currencySymbol\">&euro;<\/span><\/bdi><\/span>","original_product_price":48,"price_including_tax":48,"price_excluding_tax":48,"product_id":{"parent":9623,"variation":false},"is_variable":false,"stock_status":"instock","stock_quantity":null,"parent_sku":"CV9623","product_attributes":[],"custom_fields":[],"is_taxable":false,"product_name":"Tenerife Island Tour: Guided Bus Trip","hasImage":false},"fields":{"sec_265e50550df885":{"extra":{"key":"sec_265e50550df885","section_id":"sec_265e50550df885","name":"South Tenerife","status":1,"cl_rule":"show","enableCl":false,"relations":[{"operator":false,"rules":[{"operator":"AND","rules":{"cl_field":"radio-group_665df45fcbc30b","cl_relation":"is","cl_val":"Siam Park Regular Tickets"}}]}],"toggle":true,"title_tag":"h4","show_title":false,"showPrice":"default","form_id":10216,"form_rules":{"exclude_from_discount":true,"fee_label":"Fee","disp_hide_options_price":true,"disp_show_section_price":false,"disp_show_field_price":true,"layout_option":"standard","pric_use_as_fee":false,"process_fee_as":"woo_fee"},"layout_option":"standard"},"fields":[[{"label":"\ud83d\udcc5 Date","active":true,"required":true,"elementId":"date_365e50550df8bb","picker_type":"custom","picker_mode":"single","placeholder":"","description":"","tooltip":"","name":"date_365e50550df8bb","label_position":"default","desc_position":"default","enablePrice":false,"className":"","enableCl":false,"relations":[{"operator":"and","rules":[{"operator":"AND","rules":{"cl_field":"radio-group_665df45fcbc30b","cl_relation":"is","cl_val":"3 Hour Trip"}}]}],"date_pic_inline":true,"date_pic_inline_hide":true,"min_date":{"type":"days","val":"1"},"max_date":{"type":"days","val":"365"},"date_pic_conf":{"disabledWeeks":[0,1,3,4,5,6]},"price":"","cl_rule":"show","col":6,"type":"date","error":false,"enableDesign":false,"LabelColor":"","gt_translate_keys":["label","placeholder","description","tooltip"],"price_dependency":false,"cl_dependency":false,"value":""}],[{"elementId":"separator_665e50550df8cb","separatorType":"blank","className":"","height":"10","enableCl":false,"relations":false,"cl_rule":"show","col":6,"type":"separator","gt_translate_keys":[],"price_dependency":false,"cl_dependency":false,"value":""}],[{"active":true,"col":6,"relations":false,"cl_rule":"show","enableCl":false,"price":"","enablePrice":false,"className":"","label_position":"default","desc_position":"default","type":"content","required":false,"elementId":"content_565e50550df8e4","label":"People","name":"content_565e50550df8e4","contentType":"plain","value":"","error":false,"show_in_checkout":true,"inline":false,"gt_translate_keys":["label","value"],"price_dependency":false,"cl_dependency":false}],[{"active":true,"col":6,"relations":[{"operator":false,"rules":[{"operator":"AND","rules":{"cl_field":"","cl_relation":"","cl_val":""}}]}],"cl_rule":"show","enableCl":true,"price":"50","enablePrice":true,"className":"","label_position":"default","desc_position":"default","type":"radio-group","required":false,"elementId":"radio-group_665e50550df8f0","label":"","name":"radio-group_665e50550df8f0","values":[{"label":"\ud83d\udc64 Adult (50\u20ac)","value":"Adult","selected":true,"tempId":"aco_32","tooltip":"+12 Years","description":"","gt_translate_keys":["label","tooltip","description"]}],"layOut":"","error":false,"checkUi":"button","priceOptions":"fixed_for_all","pricingType":"fixed","enable_quantity":true,"quantity_label":"","min_quantity":"0","options_tooltip":true,"options_description":true,"gt_translate_keys":["label","quantity_label"],"price_dependency":false,"cl_dependency":false,"value":""}],[{"label":"","active":true,"required":false,"elementId":"radio-group_665e50550df8fb","name":"radio-group_665e50550df8fb","label_position":"default","desc_position":"default","enablePrice":true,"className":"","enableCl":false,"relations":false,"enable_quantity":true,"quantity_label":"","min_quantity":"0","checkUi":"button","layOut":"","values":[{"label":"\ud83d\udc66 Child (31\u20ac)","value":"Child","selected":true,"tempId":"aco_32","tooltip":"2-11 Years","description":"","gt_translate_keys":["label","tooltip","description"]}],"priceOptions":"fixed_for_all","pricingType":"fixed","price":"31","cl_rule":"show","col":6,"type":"radio-group","error":false,"options_tooltip":true,"options_description":true,"gt_translate_keys":["label","quantity_label"],"price_dependency":false,"cl_dependency":false,"value":""}],[{"active":true,"col":6,"relations":false,"cl_rule":"show","enableCl":false,"price":"","enablePrice":false,"className":"","label_position":"default","desc_position":"default","type":"select","required":false,"elementId":"select_265e50550df905","label":"\ud83c\udf0e Language","name":"select_265e50550df905","values":[{"label":"English","value":"English","selected":false,"tempId":"aco_310","gt_translate_keys":["label"]},{"label":"Spanish","value":"Spanish","selected":false,"tempId":"aco_311","gt_translate_keys":["label"]},{"label":"French","value":"French","selected":false,"tempId":"aco_312","gt_translate_keys":["label"]}],"dropdown_type":"basic","error":false,"gt_translate_keys":["label"],"price_dependency":false,"cl_dependency":false,"value":""}],[{"active":true,"col":6,"relations":false,"cl_rule":"show","enableCl":false,"price":"","enablePrice":false,"className":"","label_position":"default","desc_position":"default","type":"separator","required":false,"elementId":"separator_665e50550df90f","label":"Separator Field","height":"7","separatorType":"blank","error":false,"gt_translate_keys":["label"],"price_dependency":false,"cl_dependency":false,"value":""}],[{"active":true,"col":6,"relations":false,"cl_rule":"show","enableCl":false,"price":"","enablePrice":false,"className":"","label_position":"default","desc_position":"default","type":"text","subtype":"text","required":false,"elementId":"text_565e50550df918","label":"\ud83d\ude8c Pickup Location","name":"text_565e50550df918","value":"","description":"Pick-up service in South Tenerife. Simply provide your address or hotel name.","error":false,"gt_translate_keys":["label","description","value"],"price_dependency":false,"cl_dependency":false}]]}},"config":{"price_override":"always","enable_recaptcha":false,"bind_quantity":false,"quantity_bind_formula":false,"disp_summ_show_option_price":true,"disp_summ_show_product_price":false,"disp_summ_show_total_price":true,"disp_summ_show_fee":true,"disp_summ_show_discount":true,"summary_title":"","options_total_label":"Options Price","total_label":"Total Amount","options_product_label":"Product Price","fee_label":"Fee","discount_label":"Discount","has_price":true,"has_quantity_formula":false},"mc_unit":1,"tax_rate":1,"tax_rate_real":1,"discount":{"percentage":0,"fixed":0},"design":{"conf":{"LabelPosition":"above","DescPosition":"above","UploadField":"custom_1","QuantityFieldStyle":"custom_1"},"css":{"LeftLabelWidth":"120px"}},"formulas":[],"lookuptables":[],"clones":false,"cartKey":false}},"_links":{"self":[{"href":"https:\/\/canaryvip.com\/de\/wp-json\/wp\/v2\/product\/9623","targetHints":{"allow":["GET"]}}],"collection":[{"href":"https:\/\/canaryvip.com\/de\/wp-json\/wp\/v2\/product"}],"about":[{"href":"https:\/\/canaryvip.com\/de\/wp-json\/wp\/v2\/types\/product"}],"replies":[{"embeddable":true,"href":"https:\/\/canaryvip.com\/de\/wp-json\/wp\/v2\/comments?post=9623"}],"wp:featuredmedia":[{"embeddable":true,"href":"https:\/\/canaryvip.com\/de\/wp-json\/wp\/v2\/media\/9624"}],"wp:attachment":[{"href":"https:\/\/canaryvip.com\/de\/wp-json\/wp\/v2\/media?parent=9623"}],"wp:term":[{"taxonomy":"product_brand","embeddable":true,"href":"https:\/\/canaryvip.com\/de\/wp-json\/wp\/v2\/product_brand?post=9623"},{"taxonomy":"product_cat","embeddable":true,"href":"https:\/\/canaryvip.com\/de\/wp-json\/wp\/v2\/product_cat?post=9623"},{"taxonomy":"product_tag","embeddable":true,"href":"https:\/\/canaryvip.com\/de\/wp-json\/wp\/v2\/product_tag?post=9623"}],"curies":[{"name":"wp","href":"https:\/\/api.w.org\/{rel}","templated":true}]}}