{"id":9488,"date":"2024-02-05T21:54:37","date_gmt":"2024-02-05T21:54:37","guid":{"rendered":"https:\/\/canaryvip.com\/?post_type=product&#038;p=9488"},"modified":"2025-08-09T13:00:03","modified_gmt":"2025-08-09T12:00:03","slug":"aqualand-tickets","status":"publish","type":"product","link":"https:\/\/canaryvip.com\/de\/shop\/aqualand-tickets\/","title":{"rendered":"Aqualand-Tickets kaufen"},"content":{"rendered":"<h2>\ud83c\udf0a <strong>Aqualand Costa Adeje: Tauchen Sie ein in Spa\u00df und Abenteuer!<\/strong><\/h2>\n<ul>\n<li><strong>T\u00e4glich ge\u00f6ffnet:<\/strong> Planschen und Spielen von 10 bis 17 Uhr, das garantiert einen Tag voller Spa\u00df und Spannung.<\/li>\n<li><strong>G\u00fcnstig gelegen:<\/strong> Das Aqualand liegt in der lebhaften Costa Adeje und verspricht einen leicht zug\u00e4nglichen Tagesausflug f\u00fcr jedermann.<\/li>\n<li><strong>Ticket-Flexibilit\u00e4t:<\/strong> Die Eintrittskarten sind 90 Tage ab Kaufdatum g\u00fcltig und geben Ihnen die Freiheit, den perfekten Tag f\u00fcr Ihren Besuch zu w\u00e4hlen.<\/li>\n<\/ul>\n<p>\ud83d\udccd <strong>Prime Spot:<\/strong> Das Aqualand liegt im belebten Feriengebiet von Costa Adeje, einem wichtigen Ziel f\u00fcr Wasserpark-Fans.<br \/>\nF\u00fcr Wegbeschreibungen, m\u00fchelos <a href=\"https:\/\/maps.app.goo.gl\/A5TcFcUtHUGD1ykJ7\" target=\"_blank\" rel=\"noopener\">Aqualand auf Google Maps finden<\/a> und planen Sie Ihren Plantsch-Tag im Voraus.<\/p>\n<p>\ud83c\udf92 <strong>Bereiten Sie sich auf das Abenteuer vor:<\/strong> Vergessen Sie nicht Ihren Sonnenschutz, Ihre Badekleidung und Ihr Handtuch f\u00fcr einen Tag voller Spa\u00df in der Sonne. Sie k\u00f6nnen Schlie\u00dff\u00e4cher mieten, um Ihre Sachen sicher aufzubewahren.<\/p>\n<p>\ud83d\udca7 <strong>Tr\u00e4nkestation:<\/strong> Bringen Sie Wasser mit, um sich in der Sonne zu erfrischen. Im Park k\u00f6nnen Sie auch etwas essen und trinken.<\/p>\n<p>\ud83c\udfab <strong>Nahtloser Einstieg:<\/strong> Mit CanaryVIP-Tickets umgehen Sie die Warteschlangen beim Ticketkauf vor Ort und genie\u00dfen einen schnelleren Zugang. Mit im Voraus gekauften Tickets k\u00f6nnen Sie Ihr Aqualand-Abenteuer ganz einfach beginnen.<\/p>\n<p>\ud83d\ude8c <strong>Kostenfreier Aqualand-Shuttle:<\/strong> Nutzen Sie den exklusiven und kostenlosen Shuttle-Service des Aqualand, der Sie von verschiedenen Punkten im S\u00fcden Teneriffas aus bequem zum Strand bringt.<\/p>\n<p>\ud83c\udf1f <strong>Exklusive CanaryVIP Verg\u00fcnstigungen:<\/strong> Genie\u00dfen Sie besondere Rabatte und Verg\u00fcnstigungen, wenn Sie Ihre Aqualand-Tickets bei uns buchen! Erwachsene und Kinder k\u00f6nnen sich auf einen Tag unvergleichlichen Spa\u00df zu g\u00fcnstigen Preisen freuen.<\/p>\n<ul>\n<li><strong>Sofortige Rabatte:<\/strong> Sichern Sie sich Ihre Tickets \u00fcber CanaryVIP und profitieren Sie von sofortigen Einsparungen.<\/li>\n<li><strong>Vorrangiger Zugang:<\/strong> Umgehen Sie die Warteschlangen und st\u00fcrzen Sie sich direkt in die Action.<\/li>\n<li><strong>Value Deals:<\/strong> Halten Sie Ausschau nach unseren Kombi-Angeboten mit <a href=\"https:\/\/canaryvip.com\/de\/shop\/aqualand-jungle-park-2park\/\">Aqualand und Dschungelpark<\/a>So haben Sie mehr Spa\u00df und sparen gleichzeitig Geld.<\/li>\n<li><strong>Flexible Stornierung:<\/strong> Pl\u00e4ne ge\u00e4ndert? Stornieren Sie bis zu 72 Stunden vor Ihrem Besuch und Sie erhalten eine volle R\u00fcckerstattung.<\/li>\n<\/ul>\n<p>\ud83d\udc2c <strong>Ein Muss: die Delphinshow:<\/strong> Verpassen Sie nicht die bezaubernden Delfinvorf\u00fchrungen, die t\u00e4glich um 15:30 Uhr stattfinden und in Ihrem Parkeintritt enthalten sind.<\/p>\n<p>\ud83d\udc6a <strong>Familienfreundlicher Spa\u00df:<\/strong> Das Aqualand bietet eine perfekte Mischung aus aufregenden Rutschen f\u00fcr Adrenalinjunkies und sanften Spielbereichen f\u00fcr die Kleinsten und sorgt so f\u00fcr einen unvergesslichen Tag f\u00fcr die ganze Familie.<\/p>\n<h2>\ud83d\ude8c Exklusiver Aqualand-Shuttle-Service<\/h2>\n<p><strong>Nahtlose Shuttle-Erfahrung:<\/strong> Erh\u00f6hen Sie Ihren Aqualand-Besuch mit unserem kostenlosen Shuttle-Service, der Ihnen eine stressfreie Fahrt zum Park erm\u00f6glicht. Erfreuen Sie sich an unserem kostenlosen Busservice, der Los Cristianos, Playa De las Am\u00e9ricas und Costa Adeje nahtlos miteinander verbindet und so f\u00fcr einen m\u00fchelosen und angenehmen Tagesausflug sorgt.<\/p>\n<p><span style=\"text-decoration: underline;\"><strong>Fahrplan des kostenlosen Shuttles:<\/strong><\/span><\/p>\n<ul>\n<li><strong>Routen:<\/strong> Los Cristianos - Playa De las Am\u00e9ricas - Costa Adeje<\/li>\n<li><strong>Bushaltestellen und Zeiten:<\/strong>\n<ul>\n<li>Pasarela Einkaufszentrum: 9:30 | 10:30 | 11:30<\/li>\n<li>Hotel Sol Arona Teneriffa: 9:35 | 10:35 | 11:35<\/li>\n<li>Hotel Best Tenerife: 9:40 | 10:40 | 11:40<\/li>\n<li>Bar Leonardo's: 9:45 | 10:45 | 11:45<\/li>\n<li>Stra\u00dfe Llanos de Troya: 9:50 | 10:50 | 11:50<\/li>\n<li>H. Labranda Suites Costa Adeje: 10:05 | 11:05 | 12:05<\/li>\n<li>The Duke Shops Einkaufszentrum: 10:05 | 11:05 | 12:05<\/li>\n<li>Hotel Sunwing Fa\u00f1ab\u00e9: 10:10 | 11:10 | 12:10<\/li>\n<\/ul>\n<\/li>\n<\/ul>\n<p><strong>R\u00fcckgabezeiten:<\/strong> 16:30 Uhr und 17:15 Uhr.<\/p>\n<p>Bitte beachten Sie, dass die Pl\u00e4tze in jedem Shuttle begrenzt sind und ohne vorherige Reservierung in der Reihenfolge des Eingangs vergeben werden. Sorgen Sie f\u00fcr einen reibungslosen Start und ein reibungsloses Ende Ihres Aqualand-Abenteuers, indem Sie fr\u00fchzeitig am vereinbarten Abholpunkt eintreffen.<\/p>\n<h3>\ud83d\udd25 <strong>Nicht verpassen: Exklusive Deals bei CanaryVIP.com<\/strong><\/h3>\n<p>Bereit f\u00fcr einen aufregenden Tag im Aqualand Costa Adeje?<\/p>\n<p>Buch mit <strong>CanaryVIP<\/strong> f\u00fcr die besten Preise und eine problemlose Erfahrung, mit Sonderangeboten und einer freundlichen Stornierungspolitik. Lassen Sie es krachen und schaffen Sie unvergessliche Erinnerungen!<\/p>","protected":false},"excerpt":{"rendered":"<p><strong>\ud83d\udd0d Aqualand-Eintrittskarten:<\/strong><br \/>\n\u2705 Sichere Bezahlung.<br \/>\n\ud83d\ude80 Schnelleinstieg f\u00fcr Passinhaber.<br \/>\n\ud83c\udf0a Zugang zu allen aufregenden Fahrgesch\u00e4ften.<br \/>\n\ud83d\udc2c Inklusive Delphinshow.<br \/>\n\ud83d\udd59 Ge\u00f6ffnet von 10:00 bis 17:00 Uhr.<br \/>\n\ud83e\udd11 Bester Preis garantiert.<br \/>\n\ud83d\ude8d Kostenloser Shuttle-Bus.<br \/>\n\ud83d\udc6a Erm\u00e4\u00dfigungen f\u00fcr Gruppenbuchungen.<br \/>\n\ud83d\udd01 Bis zu 72h Stornierung.<br \/>\n\ud83c\udf0d Unterst\u00fctzung in mehreren Sprachen.<br \/>\n\ud83c\udf1f Jetzt buchen und sparen!<br \/>\n\ud83d\udccd Finden <a href=\"https:\/\/maps.app.goo.gl\/A5TcFcUtHUGD1ykJ7\">Aqualand auf Karten<\/a>.<\/p>","protected":false},"featured_media":9492,"comment_status":"open","ping_status":"closed","template":"","meta":{"_acf_changed":false},"product_brand":[],"product_cat":[54],"product_tag":[],"class_list":{"0":"post-9488","1":"product","2":"type-product","3":"status-publish","4":"has-post-thumbnail","6":"product_cat-theme-parks","7":"wcpa_has_options","9":"first","10":"instock","11":"virtual","12":"purchasable","13":"product-type-simple"},"acf":[],"wcpa_form_fields":{"wcpaData":{"product":{"product_price":36,"price_html":"From&nbsp;<span class=\"woocommerce-Price-amount amount\"><bdi>36,00&nbsp;<span class=\"woocommerce-Price-currencySymbol\">&euro;<\/span><\/bdi><\/span>","original_product_price":36,"price_including_tax":36,"price_excluding_tax":36,"product_id":{"parent":9488,"variation":false},"is_variable":false,"stock_status":"instock","stock_quantity":null,"parent_sku":"CV9488","product_attributes":[],"custom_fields":[],"is_taxable":false,"product_name":"Buy Aqualand Tickets","hasImage":false},"fields":{"sec_665df45fcbc30e":{"extra":{"key":"sec_665df45fcbc30e","section_id":"sec_665df45fcbc30e","name":"Aqualand Tickets","status":1,"cl_rule":"show","enableCl":false,"relations":[{"operator":false,"rules":[{"operator":"AND","rules":{"cl_field":"radio-group_665df45fcbc30b","cl_relation":"is","cl_val":"Siam Park Regular Tickets"}}]}],"toggle":true,"title_tag":"h4","show_title":false,"showPrice":"default","form_id":10143,"form_rules":{"exclude_from_discount":true,"fee_label":"Fee","disp_hide_options_price":true,"disp_show_section_price":false,"disp_show_field_price":true,"layout_option":"standard","pric_use_as_fee":false,"process_fee_as":"woo_fee"},"layout_option":"standard"},"fields":[[{"label":"\ud83d\udcc5 Date","active":true,"required":true,"elementId":"date_365df45fcbc347","picker_type":"custom","picker_mode":"single","placeholder":"","description":"","tooltip":"","name":"date_365df45fcbc347","label_position":"default","desc_position":"default","enablePrice":false,"className":"","enableCl":false,"relations":[{"operator":"and","rules":[{"operator":"AND","rules":{"cl_field":"radio-group_665df45fcbc30b","cl_relation":"is","cl_val":"3 Hour Trip"}}]}],"date_pic_inline":true,"date_pic_inline_hide":true,"min_date":{"type":"days","val":"0"},"max_date":{"type":"days","val":"365"},"date_pic_conf":{"disabledWeeks":[]},"price":"","cl_rule":"show","col":6,"type":"date","error":false,"enableDesign":false,"LabelColor":"","gt_translate_keys":["label","placeholder","description","tooltip"],"price_dependency":false,"cl_dependency":false,"value":""}],[{"elementId":"separator_865df45fcbc360","separatorType":"blank","className":"","height":"10","enableCl":false,"relations":false,"cl_rule":"show","col":6,"type":"separator","gt_translate_keys":[],"price_dependency":false,"cl_dependency":false,"value":""}],[{"active":true,"col":6,"relations":false,"cl_rule":"show","enableCl":false,"price":"","enablePrice":false,"className":"","label_position":"default","desc_position":"default","type":"content","required":false,"elementId":"content_265df45fcbc377","label":"People","name":"content_265df45fcbc377","contentType":"plain","value":"","error":false,"show_in_checkout":true,"inline":false,"gt_translate_keys":["label","value"],"price_dependency":false,"cl_dependency":false}],[{"active":true,"col":6,"relations":[{"operator":false,"rules":[{"operator":"AND","rules":{"cl_field":"","cl_relation":"","cl_val":""}}]}],"cl_rule":"show","enableCl":false,"price":"36","enablePrice":true,"className":"","label_position":"default","desc_position":"default","type":"radio-group","required":false,"elementId":"radio-group_365df45fcbc390","label":"","name":"radio-group_365df45fcbc390","values":[{"label":"\ud83d\udc64 Adult (36\u20ac)","value":"Adult","selected":true,"tempId":"aco_32","tooltip":"+11 Years","description":"","gt_translate_keys":["label","tooltip","description"]}],"layOut":"","error":false,"checkUi":"button","priceOptions":"fixed_for_all","pricingType":"fixed","enable_quantity":true,"quantity_label":"","min_quantity":"0","options_tooltip":true,"options_description":true,"isWeightTemplate":false,"isTemplate":false,"quantity_decimal":false,"quantity_step":"1","repeater_field_label":"{field_label}","repeater_bind":"","gt_translate_keys":["label","repeater_field_label","quantity_label"],"price_dependency":false,"cl_dependency":false,"value":""}],[{"label":"","active":true,"required":false,"elementId":"radio-group_565df45fcbc3a8","name":"radio-group_565df45fcbc3a8","label_position":"default","desc_position":"default","enablePrice":true,"className":"","enableCl":false,"relations":false,"enable_quantity":true,"quantity_label":"","min_quantity":"0","checkUi":"button","layOut":"","values":[{"label":"\ud83d\udc66 Child (29\u20ac)","value":"Child","selected":true,"tempId":"aco_32","tooltip":"5-10 Years","description":"","gt_translate_keys":["label","tooltip","description"]}],"priceOptions":"fixed_for_all","pricingType":"fixed","price":"29","cl_rule":"show","col":6,"type":"radio-group","error":false,"options_tooltip":true,"options_description":true,"isWeightTemplate":false,"isTemplate":false,"quantity_decimal":false,"quantity_step":"1","repeater_field_label":"{field_label}","repeater_bind":"","gt_translate_keys":["label","repeater_field_label","quantity_label"],"price_dependency":false,"cl_dependency":false,"value":""}],[{"label":"","active":true,"required":false,"elementId":"radio-group_865df45fcbc3bf","name":"radio-group_865df45fcbc3bf","label_position":"default","desc_position":"default","enablePrice":true,"className":"","enableCl":false,"relations":false,"enable_quantity":true,"quantity_label":"","min_quantity":"0","checkUi":"button","layOut":"","values":[{"label":"\ud83d\udc76 Toddler (16\u20ac)","value":"Toddler","selected":true,"tempId":"aco_32","tooltip":"3-4 Years","gt_translate_keys":["label","tooltip"]}],"priceOptions":"fixed_for_all","pricingType":"fixed","price":"16","cl_rule":"show","col":6,"type":"radio-group","error":false,"options_tooltip":true,"isWeightTemplate":false,"isTemplate":false,"quantity_decimal":false,"quantity_step":"1","repeater_field_label":"{field_label}","repeater_bind":"","gt_translate_keys":["label","repeater_field_label","quantity_label"],"price_dependency":false,"cl_dependency":false,"value":""}]]}},"config":{"price_override":"always","enable_recaptcha":false,"bind_quantity":false,"quantity_bind_formula":false,"disp_summ_show_option_price":true,"disp_summ_show_product_price":false,"disp_summ_show_total_price":true,"disp_summ_show_fee":true,"disp_summ_show_discount":true,"summary_title":"","options_total_label":"Options Price","total_label":"Total Amount","options_product_label":"Product Price","fee_label":"Fee","discount_label":"Discount","has_price":true,"has_quantity_formula":false},"mc_unit":1,"tax_rate":1,"tax_rate_real":1,"discount":{"percentage":0,"fixed":0},"design":{"conf":{"LabelPosition":"above","DescPosition":"above","UploadField":"custom_1","QuantityFieldStyle":"custom_1"},"css":{"LeftLabelWidth":"120px"}},"formulas":[],"lookuptables":[],"clones":false,"cartKey":false}},"_links":{"self":[{"href":"https:\/\/canaryvip.com\/de\/wp-json\/wp\/v2\/product\/9488","targetHints":{"allow":["GET"]}}],"collection":[{"href":"https:\/\/canaryvip.com\/de\/wp-json\/wp\/v2\/product"}],"about":[{"href":"https:\/\/canaryvip.com\/de\/wp-json\/wp\/v2\/types\/product"}],"replies":[{"embeddable":true,"href":"https:\/\/canaryvip.com\/de\/wp-json\/wp\/v2\/comments?post=9488"}],"wp:featuredmedia":[{"embeddable":true,"href":"https:\/\/canaryvip.com\/de\/wp-json\/wp\/v2\/media\/9492"}],"wp:attachment":[{"href":"https:\/\/canaryvip.com\/de\/wp-json\/wp\/v2\/media?parent=9488"}],"wp:term":[{"taxonomy":"product_brand","embeddable":true,"href":"https:\/\/canaryvip.com\/de\/wp-json\/wp\/v2\/product_brand?post=9488"},{"taxonomy":"product_cat","embeddable":true,"href":"https:\/\/canaryvip.com\/de\/wp-json\/wp\/v2\/product_cat?post=9488"},{"taxonomy":"product_tag","embeddable":true,"href":"https:\/\/canaryvip.com\/de\/wp-json\/wp\/v2\/product_tag?post=9488"}],"curies":[{"name":"wp","href":"https:\/\/api.w.org\/{rel}","templated":true}]}}