{"id":9428,"date":"2024-02-05T13:40:56","date_gmt":"2024-02-05T13:40:56","guid":{"rendered":"https:\/\/canaryvip.com\/?post_type=product&#038;p=9428"},"modified":"2025-08-09T13:01:57","modified_gmt":"2025-08-09T12:01:57","slug":"gran-canaria-experience-with-poema-del-mar","status":"publish","type":"product","link":"https:\/\/canaryvip.com\/de\/shop\/gran-canaria-experience-with-poema-del-mar\/","title":{"rendered":"Gef\u00fchrte Gran Canaria-Tour mit Poema del Mar ab Teneriffa"},"content":{"rendered":"<h2>\ud83d\udc20 <strong>Gran Canaria erleben: Ein ganzer Tag der Erkundung<\/strong><\/h2>\n<ul>\n<li><strong>\ud83c\udfe8 Abholung und R\u00fcckgabe im Hotel:<\/strong> Beginnen und beenden Sie Ihren Tag mit Komfort. Unser Service umfasst den Transport von Ihrem Hotel zur F\u00e4hre und zur\u00fcck.<\/li>\n<li><strong>\ud83d\udea2 F\u00e4hr\u00fcberfahrt:<\/strong> Reisen Sie bequem mit Fred Olsen von Santa Cruz de Tenerife nach <a href=\"https:\/\/www.google.com\/maps\/place\/Fred.+Olsen\/@28.0998592,-15.708991,15.51z\/data=!4m15!1m8!3m7!1s0xc408b65894cde91:0x2a021e37bef00582!2sAgaete,+Las+Palmas!3b1!8m2!3d28.1002592!4d-15.6996738!16zL20vMDNtczVu!3m5!1s0xc4095471a4e3083:0x7763d59b2d7b3eaf!8m2!3d28.0994937!4d-15.7121943!16s%2Fg%2F1q5bmfyx3?entry=ttu\" target=\"_blank\" rel=\"noopener\">Agaete<\/a>und die Sch\u00f6nheit des Meeres zu erleben.<\/li>\n<li><strong>\ud83c\udf79 Arehucas Distillery Entdeckung:<\/strong> Lassen Sie sich in die Geheimnisse der exquisiten Rumherstellung einweihen, besuchen Sie eine der \u00e4ltesten Rumkellereien Europas und genie\u00dfen Sie eine k\u00f6stliche Verkostung.<\/li>\n<li><strong>\ud83d\udc20 Tauchen Sie ein in Poema del Mar:<\/strong> Erforschen Sie die riesige Unterwasserwelt in einem hochmodernen Aquarium mit der gr\u00f6\u00dften gebogenen Sichtscheibe der Welt, das im pulsierenden Las Palmas liegt.<\/li>\n<\/ul>\n<p>\ud83d\udccd <strong>Unbedingt besuchenswerte Orte:<\/strong> Reisen Sie von Arehucas reichem Erbe bis zu den Wasserwundern von Poema del Mar, die jeweils einen einzigartigen Einblick in die Kultur und die nat\u00fcrliche Sch\u00f6nheit Gran Canarias bieten.<\/p>\n<p>\ud83c\udf92 <strong>Abenteuer Essentials:<\/strong> Bringen Sie Ihren Sp\u00fcrsinn und bequeme Wanderschuhe mit, und vergessen Sie nicht Ihre Kamera, um die unvergesslichen Momente des Tages festzuhalten.<\/p>\n<p>\ud83d\udca1 <strong>Kulturelle Einblicke:<\/strong> Erfahren Sie Faszinierendes \u00fcber die Kunst der Rumherstellung und bestaunen Sie die Artenvielfalt in den modernen Ausstellungsr\u00e4umen des Poema del Mar.<\/p>\n<p>\ud83c\udfab <strong>All-Inclusive-Abenteuer:<\/strong> Dieser Ganztagesausflug beinhaltet die Abholung vom Hotel, die Fahrt mit der Fred Olsen F\u00e4hre, den Eintritt in Poema del Mar und einen gef\u00fchrten Spaziergang durch die Stadt. <a href=\"https:\/\/www.google.com\/maps\/place\/Vegueta,+35001+Las+Palmas+de+Gran+Canaria,+Las+Palmas\/@28.0980197,-15.4181459,17z\/data=!3m1!4b1!4m6!3m5!1s0xc40958cfffd3b6f:0x14a4665fe84d3b40!8m2!3d28.0980197!4d-15.415571!16s%2Fg%2F11bzq2sgf3?entry=ttu\" target=\"_blank\" rel=\"noopener\">Das historische Viertel von Vegueta<\/a>. <span style=\"text-decoration: underline;\">Bitte beachten Sie, dass die Mahlzeiten nicht im Preis inbegriffen sind, so dass Sie nach eigenem Ermessen speisen k\u00f6nnen.<\/span><\/p>\n<p>\ud83d\udeb6\u200d\u2642\ufe0f<strong>Historisches Vegueta zu Fu\u00df:<\/strong> Beenden Sie den Tag mit einem gef\u00fchrten Spaziergang durch die charmanten Stra\u00dfen von Vegueta und tauchen Sie ein in die reiche Geschichte und beeindruckende Architektur der Altstadt von Gran Canaria.<\/p>\n<p>\ud83d\udd57 <strong>Anfangs- und Endzeiten:<\/strong> Ihr ganzt\u00e4giges Abenteuer beginnt mit der Abholung von Ihrem Hotel gegen 8:00 Uhr morgens - je nach Hotel oder Abholort k\u00f6nnen es ein paar Minuten sein. Der Tag endet mit der R\u00fcckgabe gegen 20:30 Uhr, auch hier variiert der Zeitpunkt je nach Hotel. Wir sorgen daf\u00fcr, dass Sie einen ganzen Tag lang die Stadt erkunden und genie\u00dfen k\u00f6nnen, indem wir uns um alle Details k\u00fcmmern, damit Sie sich ohne Sorgen auf das Erlebnis einlassen k\u00f6nnen.<\/p>\n<p>\ud83c\udf1f <strong>Exklusive CanaryVIP-Vorteile:<\/strong> Genie\u00dfen Sie einen Tag voller Entdeckungen zu einem g\u00fcnstigen Preis, bei dem alle wichtigen Erlebnisse inbegriffen sind. Z\u00e4hlen Sie auf uns, wenn es um ein nahtloses Erlebnis geht, mit aufmerksamer Unterst\u00fctzung von Anfang bis Ende<\/p>\n<p><strong>\ud83d\udd17 Bereit f\u00fcr ein Abenteuer?<\/strong> Verpassen Sie nicht diese umfassende <a href=\"https:\/\/canaryvip.com\/de\/tenerife\/guided-tours\/bus-tours\/?swcfpc=1\">gef\u00fchrte Bustour<\/a> von Gran Canaria, von den historischen Tiefen der Arehucas-Destillerie bis zur nat\u00fcrlichen Pracht des Poema del Mar. Sichern Sie sich jetzt Ihren Platz f\u00fcr einen Tag voller Entdeckungen und Verzauberung!<\/p>","protected":false},"excerpt":{"rendered":"<p><strong>\ud83d\udd0d Gran Canaria erleben:<\/strong><br \/>\n\u2705 Sichere Bezahlung.<br \/>\n\ud83d\udcc5 Jeden Freitag.<br \/>\n\ud83d\udef3\ufe0f Abreise von Teneriffa.<br \/>\n\ud83d\ude80 Genie\u00dfen Sie eine gef\u00fchrte Tour.<br \/>\n\ud83d\udc20 Entdecken Sie Poema del Mar.<br \/>\n\ud83e\udd43 Erleben Sie die Arehucas Distillery.<br \/>\n\ud83c\udff0 Erkunden Sie die historische Stadt Vegueta.<br \/>\n\ud83d\udd59 12h Ganzt\u00e4giges Abenteuer.<br \/>\n\ud83e\udd11 Bester Preis garantiert.<br \/>\n\ud83d\ude8c Abholung und R\u00fcckgabe im Hotel.<br \/>\n\ud83d\udc6a Erm\u00e4\u00dfigungen f\u00fcr Gruppenbuchungen.<br \/>\n\ud83d\udd01 Kostenlose Stornierung bis zu 72h.<br \/>\n\ud83c\udf0d Mehrsprachige Unterst\u00fctzung.<br \/>\n\ud83c\udf1f Jetzt buchen und sparen!<br \/>\n\ud83d\udccd Finden <a href=\"https:\/\/maps.app.goo.gl\/FMkYHCdfK35bQLag9\">Poema del Mar in Karten<\/a>!<\/p>","protected":false},"featured_media":9433,"comment_status":"open","ping_status":"closed","template":"","meta":{"_acf_changed":false},"product_brand":[],"product_cat":[68,52],"product_tag":[],"class_list":{"0":"post-9428","1":"product","2":"type-product","3":"status-publish","4":"has-post-thumbnail","6":"product_cat-guided-tours","7":"product_cat-bus-tours","8":"wcpa_has_options","10":"first","11":"instock","12":"virtual","13":"purchasable","14":"product-type-simple"},"acf":[],"wcpa_form_fields":{"wcpaData":{"product":{"product_price":125,"price_html":"From&nbsp;<span class=\"woocommerce-Price-amount amount\"><bdi>125,00&nbsp;<span class=\"woocommerce-Price-currencySymbol\">&euro;<\/span><\/bdi><\/span>","original_product_price":125,"price_including_tax":125,"price_excluding_tax":125,"product_id":{"parent":9428,"variation":false},"is_variable":false,"stock_status":"instock","stock_quantity":null,"parent_sku":"CV9428","product_attributes":[],"custom_fields":[],"is_taxable":false,"product_name":"Gran Canaria Guided Tour with Poema del Mar from Tenerife","hasImage":false},"fields":{"sec_465e4c52d01ea2":{"extra":{"key":"sec_465e4c52d01ea2","section_id":"sec_465e4c52d01ea2","name":"Tickets","status":1,"cl_rule":"show","enableCl":false,"relations":[{"operator":false,"rules":[{"operator":"AND","rules":{"cl_field":"radio-group_665df45fcbc30b","cl_relation":"is","cl_val":"Siam Park Regular Tickets"}}]}],"toggle":true,"title_tag":"h4","show_title":false,"showPrice":"default","form_id":10213,"form_rules":{"exclude_from_discount":true,"fee_label":"Fee","disp_hide_options_price":true,"disp_show_section_price":false,"disp_show_field_price":true,"layout_option":"standard","pric_use_as_fee":false,"process_fee_as":"woo_fee"},"layout_option":"standard"},"fields":[[{"label":"\ud83d\udcc5 Date","active":true,"required":true,"elementId":"date_865e4c52d01ec0","picker_type":"custom","picker_mode":"single","placeholder":"","description":"","tooltip":"","name":"date_865e4c52d01ec0","label_position":"default","desc_position":"default","enablePrice":false,"className":"","enableCl":false,"relations":[{"operator":"and","rules":[{"operator":"AND","rules":{"cl_field":"radio-group_665df45fcbc30b","cl_relation":"is","cl_val":"3 Hour Trip"}}]}],"date_pic_inline":true,"date_pic_inline_hide":true,"min_date":{"type":"days","val":"2"},"max_date":{"type":"days","val":"365"},"date_pic_conf":{"disabledWeeks":[0,1,2,3,4,6]},"price":"","cl_rule":"show","col":6,"type":"date","error":false,"enableDesign":false,"LabelColor":"","gt_translate_keys":["label","placeholder","description","tooltip"],"price_dependency":false,"cl_dependency":false,"value":""}],[{"elementId":"separator_665e4c52d01ece","separatorType":"blank","className":"","height":"10","enableCl":false,"relations":false,"cl_rule":"show","col":6,"type":"separator","gt_translate_keys":[],"price_dependency":false,"cl_dependency":false,"value":""}],[{"active":true,"col":6,"relations":false,"cl_rule":"show","enableCl":false,"price":"","enablePrice":false,"className":"","label_position":"default","desc_position":"default","type":"content","required":false,"elementId":"content_765e4c52d01eda","label":"People","name":"content_765e4c52d01eda","contentType":"plain","value":"","error":false,"show_in_checkout":true,"inline":false,"gt_translate_keys":["label","value"],"price_dependency":false,"cl_dependency":false}],[{"active":true,"col":6,"relations":[{"operator":false,"rules":[{"operator":"AND","rules":{"cl_field":"","cl_relation":"","cl_val":""}}]}],"cl_rule":"show","enableCl":true,"price":"130","enablePrice":true,"className":"","label_position":"default","desc_position":"default","type":"radio-group","required":false,"elementId":"radio-group_065e4c52d01ee6","label":"","name":"radio-group_065e4c52d01ee6","values":[{"label":"\ud83d\udc64 Adult (130\u20ac)","value":"Adult","selected":true,"tempId":"aco_32","tooltip":"+12 Years","description":"","gt_translate_keys":["label","tooltip","description"]}],"layOut":"","error":false,"checkUi":"button","priceOptions":"fixed_for_all","pricingType":"fixed","enable_quantity":true,"quantity_label":"","min_quantity":"0","options_tooltip":true,"options_description":true,"gt_translate_keys":["label","quantity_label"],"price_dependency":false,"cl_dependency":false,"value":""}],[{"label":"","active":true,"required":false,"elementId":"radio-group_665e4c52d01ef1","name":"radio-group_665e4c52d01ef1","label_position":"default","desc_position":"default","enablePrice":true,"className":"","enableCl":false,"relations":false,"enable_quantity":true,"quantity_label":"","min_quantity":"0","checkUi":"button","layOut":"","values":[{"label":"\ud83d\udc66 Child (30\u20ac)","value":"Child","selected":true,"tempId":"aco_32","tooltip":"3-11 Years","description":"","gt_translate_keys":["label","tooltip","description"]}],"priceOptions":"fixed_for_all","pricingType":"fixed","price":"30","cl_rule":"show","col":6,"type":"radio-group","error":false,"options_tooltip":true,"options_description":true,"gt_translate_keys":["label","quantity_label"],"price_dependency":false,"cl_dependency":false,"value":""}],[{"label":"","active":true,"required":false,"elementId":"radio-group_1065e4c52d01efb","name":"radio-group_1065e4c52d01efb","label_position":"default","desc_position":"default","enablePrice":true,"className":"","enableCl":false,"relations":false,"enable_quantity":true,"quantity_label":"","min_quantity":"0","checkUi":"button","layOut":"","options_tooltip":true,"options_description":true,"values":[{"label":"\ud83d\udc76 Toddler (20\u20ac)","value":"Toddler","selected":true,"tempId":"aco_32","tooltip":"0-2 Years","description":"","gt_translate_keys":["label","tooltip","description"]}],"priceOptions":"fixed_for_all","pricingType":"fixed","price":"20","cl_rule":"show","col":6,"type":"radio-group","error":false,"gt_translate_keys":["label","quantity_label"],"price_dependency":false,"cl_dependency":false,"value":""}],[{"active":true,"col":6,"relations":false,"cl_rule":"show","enableCl":false,"price":"","enablePrice":false,"className":"","label_position":"default","desc_position":"default","type":"select","required":false,"elementId":"select_565e4c52d01f05","label":"\ud83c\udf0e Language","name":"select_565e4c52d01f05","values":[{"label":"English","value":"English","selected":false,"tempId":"aco_1213","gt_translate_keys":["label"]},{"label":"German","value":"German","selected":false,"tempId":"aco_302","gt_translate_keys":["label"]},{"label":"Spanish","value":"Spanish","selected":false,"tempId":"aco_312","gt_translate_keys":["label"]}],"dropdown_type":"basic","error":false,"gt_translate_keys":["label"],"price_dependency":false,"cl_dependency":false,"value":""}],[{"active":true,"col":6,"relations":false,"cl_rule":"show","enableCl":false,"price":"","enablePrice":false,"className":"","label_position":"default","desc_position":"default","type":"separator","required":false,"elementId":"separator_865e4c52d01f0f","label":"Separator Field","height":"7","separatorType":"blank","error":false,"gt_translate_keys":["label"],"price_dependency":false,"cl_dependency":false,"value":""}],[{"active":true,"col":6,"relations":false,"cl_rule":"show","enableCl":false,"price":"","enablePrice":false,"className":"","label_position":"default","desc_position":"default","type":"text","subtype":"text","required":false,"elementId":"text_865e4c52d01f18","label":"\ud83d\ude8c Pickup Location","name":"text_865e4c52d01f18","value":"","description":"Free pick-up service in North Tenerife and South Tenerife. Simply provide your address or hotel name.","error":false,"gt_translate_keys":["label","description","value"],"price_dependency":false,"cl_dependency":false}]]}},"config":{"price_override":"always","enable_recaptcha":false,"bind_quantity":false,"quantity_bind_formula":false,"disp_summ_show_option_price":true,"disp_summ_show_product_price":false,"disp_summ_show_total_price":true,"disp_summ_show_fee":true,"disp_summ_show_discount":true,"summary_title":"","options_total_label":"Options Price","total_label":"Total Amount","options_product_label":"Product Price","fee_label":"Fee","discount_label":"Discount","has_price":true,"has_quantity_formula":false},"mc_unit":1,"tax_rate":1,"tax_rate_real":1,"discount":{"percentage":0,"fixed":0},"design":{"conf":{"LabelPosition":"above","DescPosition":"above","UploadField":"custom_1","QuantityFieldStyle":"custom_1"},"css":{"LeftLabelWidth":"120px"}},"formulas":[],"lookuptables":[],"clones":false,"cartKey":false}},"_links":{"self":[{"href":"https:\/\/canaryvip.com\/de\/wp-json\/wp\/v2\/product\/9428","targetHints":{"allow":["GET"]}}],"collection":[{"href":"https:\/\/canaryvip.com\/de\/wp-json\/wp\/v2\/product"}],"about":[{"href":"https:\/\/canaryvip.com\/de\/wp-json\/wp\/v2\/types\/product"}],"replies":[{"embeddable":true,"href":"https:\/\/canaryvip.com\/de\/wp-json\/wp\/v2\/comments?post=9428"}],"wp:featuredmedia":[{"embeddable":true,"href":"https:\/\/canaryvip.com\/de\/wp-json\/wp\/v2\/media\/9433"}],"wp:attachment":[{"href":"https:\/\/canaryvip.com\/de\/wp-json\/wp\/v2\/media?parent=9428"}],"wp:term":[{"taxonomy":"product_brand","embeddable":true,"href":"https:\/\/canaryvip.com\/de\/wp-json\/wp\/v2\/product_brand?post=9428"},{"taxonomy":"product_cat","embeddable":true,"href":"https:\/\/canaryvip.com\/de\/wp-json\/wp\/v2\/product_cat?post=9428"},{"taxonomy":"product_tag","embeddable":true,"href":"https:\/\/canaryvip.com\/de\/wp-json\/wp\/v2\/product_tag?post=9428"}],"curies":[{"name":"wp","href":"https:\/\/api.w.org\/{rel}","templated":true}]}}